{"id":959,"date":"2023-10-12T12:05:22","date_gmt":"2023-10-12T10:05:22","guid":{"rendered":"https:\/\/www.drewnianamagia.pl\/?post_type=product&#038;p=959"},"modified":"2025-12-16T21:52:25","modified_gmt":"2025-12-16T20:52:25","slug":"drzewko-z-zyczeniami-3d-personalizowane","status":"publish","type":"product","link":"https:\/\/www.drewnianamagia.pl\/index.php\/produkt\/drzewko-z-zyczeniami-3d-personalizowane\/","title":{"rendered":"Drzewko z \u017cyczeniami 3D &#8211; personalizowane"},"content":{"rendered":"<h6><strong>Personalizowane Drzewko z \u017cyczeniami na Podstawie &#8211; Tw\u00f3j Wyj\u0105tkowy Prezent na ka\u017cd\u0105 okazj\u0119<\/strong><\/h6>\n<p>Poszukujesz nietypowego prezentu, kt\u00f3ry wywo\u0142a u\u015bmiech na twarzy obdarowanego? Nasza personalizowana ozdoba w postaci drzewka na podstawie to idealna propozycja! To niezwyk\u0142e dzie\u0142o sztuki r\u0119cznie wykonane z wysokiej jako\u015bci sklejki topolowo-lipowej, kt\u00f3re z pewno\u015bci\u0105 zachwyci ka\u017cdego, kto otrzyma je w prezencie.<\/p>\n<h5><strong>Najwa\u017cniejsze cechy produktu:<\/strong><\/h5>\n<ol>\n<li><strong>Personalizacja:<\/strong> Nasze drzewko z \u017cyczeniami to wyj\u0105tkowa ozdoba, kt\u00f3r\u0105 mo\u017cesz spersonalizowa\u0107 wed\u0142ug swoich \u017cycze\u0144. Na drzewku znajduje si\u0119 a\u017c 17 uroczych s\u00f3wek, na kt\u00f3rych mo\u017cemy wygrawerowa\u0107 dowolne s\u0142owo, na przyk\u0142ad imiona bliskich os\u00f3b. To doskona\u0142y spos\u00f3b, aby sprawi\u0107, \u017ce prezent stanie si\u0119 jeszcze bardziej osobisty. Ty decydujesz w ilu miejscach i w jakiej ilo\u015bci chcesz nanie\u015b\u0107 sw\u00f3j grawer. Do wyboru masz wszystkie s\u00f3wki. Wykorzystaj wszystkie lub pozostaw cz\u0119\u015b\u0107 pustych.<\/li>\n<li><strong>Domek z imieniem:<\/strong> Pod drzewkiem znajduje si\u0119 uroczy domek, na kt\u00f3rym mo\u017cemy wygrawerowa\u0107 imi\u0119 osoby lub os\u00f3b, kt\u00f3rym przeznaczasz ten wyj\u0105tkowy prezent. To miejsce, kt\u00f3re przypomni obdarowanym o Twojej mi\u0142o\u015bci i trosce.<\/li>\n<li><strong>Du\u017ce serce na \u017cyczenia:<\/strong> Dodali\u015bmy r\u00f3wnie\u017c du\u017ce serce, na kt\u00f3rym mo\u017cemy umie\u015bci\u0107 dowoln\u0105 tre\u015b\u0107 \u017cycze\u0144. Mo\u017cesz wyrazi\u0107 swoje uczucia, \u017cyczenia czy sentymenty, kt\u00f3re chcesz przekaza\u0107 obdarowanemu.<\/li>\n<li><strong>Dodatkowe dekoracje:<\/strong> Nasza ozdoba nie skupia si\u0119 jedynie na drzewku i domku. Znajdziesz tu tak\u017ce 8 mniejszych dekoracji, takie jak ma\u0142e drzewka, krzak, k\u0119pki grzyb\u00f3w le\u015bnych, kwiaty, s\u00f3wka stoj\u0105ca, kamienie oraz p\u0142otek przed domkiem. To szczeg\u00f3\u0142y, kt\u00f3re nadaj\u0105 ca\u0142ej ozdobie wyj\u0105tkowego uroku.<\/li>\n<li><strong>Solidne wykonanie:<\/strong> Nasza ozdoba jest starannie wycinana i grawerowana laserowo, a nast\u0119pnie r\u0119cznie wyka\u0144czana i szlifowana, aby zapewni\u0107 doskona\u0142\u0105 jako\u015b\u0107 i wytrzyma\u0142o\u015b\u0107.<\/li>\n<li><strong>Wielko\u015b\u0107 i wymiary:<\/strong> Ca\u0142y produkt sk\u0142ada si\u0119 \u0142\u0105cznie z 13 element\u00f3w o nast\u0119puj\u0105cych wymiarach:\n<ul>\n<li>podstawa w kolorze palisander 25&#215;10 cm,<\/li>\n<li>drzewko z s\u00f3wkami 27&#215;27 cm,<\/li>\n<li>drzewko dekoracyjne 6&#215;9 cm,<\/li>\n<li>drzewko dekoracyjne 8&#215;8 cm,<\/li>\n<li>krzak 6&#215;5 cm,<\/li>\n<li>2x grzyby 2&#215;3 cm,<\/li>\n<li>kwiaty 2&#215;3 cm,<\/li>\n<li>s\u00f3wka stoj\u0105ca 3&#215;4 cm,<\/li>\n<li>kamienie 3,5&#215;1,5 cm,<\/li>\n<li>p\u0142otek przed domkiem 5&#215;3 cm,<\/li>\n<li>domek 8&#215;8 cm,<\/li>\n<li>serce na \u017cyczenia 11&#215;12 cm.<\/li>\n<\/ul>\n<\/li>\n<\/ol>\n<h6><img loading=\"lazy\" decoding=\"async\" class=\"aligncenter size-medium wp-image-939\" src=\"https:\/\/www.drewnianamagia.pl\/wp-content\/uploads\/2023\/10\/drzewko-imiona-tlo-300x300.png\" alt=\"Personalizowane drzewko z \u017cyczeniami\" width=\"300\" height=\"300\" srcset=\"https:\/\/www.drewnianamagia.pl\/wp-content\/uploads\/2023\/10\/drzewko-imiona-tlo-300x300.png 300w, https:\/\/www.drewnianamagia.pl\/wp-content\/uploads\/2023\/10\/drzewko-imiona-tlo-324x324.png 324w, https:\/\/www.drewnianamagia.pl\/wp-content\/uploads\/2023\/10\/drzewko-imiona-tlo-100x100.png 100w, https:\/\/www.drewnianamagia.pl\/wp-content\/uploads\/2023\/10\/drzewko-imiona-tlo-416x416.png 416w, https:\/\/www.drewnianamagia.pl\/wp-content\/uploads\/2023\/10\/drzewko-imiona-tlo-150x150.png 150w, https:\/\/www.drewnianamagia.pl\/wp-content\/uploads\/2023\/10\/drzewko-imiona-tlo-768x768.png 768w, https:\/\/www.drewnianamagia.pl\/wp-content\/uploads\/2023\/10\/drzewko-imiona-tlo.png 1000w\" sizes=\"auto, (max-width: 300px) 100vw, 300px\" \/><\/h6>\n<h6><\/h6>\n<h6><strong>Prosty monta\u017c i bezpieczna wysy\u0142ka:<\/strong><\/h6>\n<p>Produkt wysy\u0142any jest do Ciebie w stanie roz\u0142o\u017conym, aby unikn\u0105\u0107 uszkodze\u0144 w transporcie. Nie musisz si\u0119 martwi\u0107 klejeniem, poniewa\u017c otwory monta\u017cowe w podstawie s\u0105 wyci\u0119te w taki spos\u00f3b, \u017ce wszystkie elementy mo\u017cna z \u0142atwo\u015bci\u0105 zamontowa\u0107 na swoim miejscu u\u017cywaj\u0105c jedynie nieznacznej si\u0142y.<\/p>\n<p>Ozdoba w postaci personalizowanego drzewka na podstawie to wyj\u0105tkowy spos\u00f3b, aby wyrazi\u0107 swoj\u0105 mi\u0142o\u015b\u0107, trosk\u0119 i \u017cyczenia dla bliskiej osoby. To prezent, kt\u00f3ry zostanie zapami\u0119tany na d\u0142ugie lata i stanie si\u0119 pi\u0119knym elementem dekoracyjnym w ka\u017cdym wn\u0119trzu. Daj wyraz swoim uczuciom i spraw, aby ten prezent by\u0142 wyj\u0105tkowy!<\/p>\n<p>Dodatkowo, podstawa w kolorze palisander, kt\u00f3ra pozwoli Ci umie\u015bci\u0107 dodatkowy grawer, nada jeszcze wi\u0119kszego znaczenia temu wyj\u0105tkowemu prezentowi.<\/p>\n<h6><strong>Daj nam zna\u0107 co mamy wygrawerowa\u0107 w nast\u0119puj\u0105cych miejscach:<\/strong><\/h6>\n<ul>\n<li>Na s\u00f3wkach (do wyboru max 17 pozycji, w przypadku mniejszej liczby s\u0142\u00f3w, pozosta\u0142e s\u00f3wki b\u0119d\u0105 bez tekstu)<\/li>\n<li>Na domku<\/li>\n<li>Na podstawie (przed drzewkiem)<\/li>\n<li>Na sercu<\/li>\n<\/ul>\n<p>&nbsp;<\/p>\n<p>Czas realizacji wynosi oko\u0142o 3 dni roboczych.<\/p>\n","protected":false},"excerpt":{"rendered":"<p>Personalizowane Drzewko z \u017cyczeniami na Podstawie &#8211; Tw\u00f3j Wyj\u0105tkowy Prezent na ka\u017cd\u0105 okazj\u0119 Poszukujesz nietypowego prezentu, kt\u00f3ry wywo\u0142a u\u015bmiech na twarzy obdarowanego? Nasza personalizowana ozdoba w postaci drzewka na podstawie to idealna propozycja! To niezwyk\u0142e dzie\u0142o sztuki r\u0119cznie wykonane z wysokiej jako\u015bci sklejki topolowo-lipowej, kt\u00f3re z pewno\u015bci\u0105 zachwyci ka\u017cdego, kto otrzyma je w prezencie. Najwa\u017cniejsze [&hellip;]<\/p>\n","protected":false},"featured_media":940,"comment_status":"open","ping_status":"closed","template":"","meta":{"_acf_changed":false},"product_brand":[],"product_cat":[49,104,105,98,148,96],"product_tag":[54,75,55,59,64],"class_list":{"0":"post-959","1":"product","2":"type-product","3":"status-publish","4":"has-post-thumbnail","6":"product_cat-dekoracje","7":"product_cat-dzien-nauczyciela","8":"product_cat-rocznice","9":"product_cat-slub-wesele","10":"product_cat-statuetki","11":"product_cat-urodziny-imieniny","12":"product_tag-personalizacja","13":"product_tag-podziekowanie","14":"product_tag-prezent","15":"product_tag-urodziny","16":"product_tag-zyczenia","18":"first","19":"instock","20":"taxable","21":"shipping-taxable","22":"purchasable","23":"product-type-simple"},"acf":[],"yoast_head":"<!-- This site is optimized with the Yoast SEO plugin v27.5 - https:\/\/yoast.com\/product\/yoast-seo-wordpress\/ -->\n<title>Drzewko z \u017cyczeniami 3D - personalizowane - Drewniana Magia<\/title>\n<meta name=\"description\" content=\"Personalizowane drzewko z \u017cyczeniami 3D nadaje si\u0119 na ka\u017cd\u0105 okazj\u0119. Urodziny, \u015blub, podzi\u0119kowanie. Wyra\u017a siebie i podaruj ten wyj\u0105tkowy produkt\" \/>\n<meta name=\"robots\" content=\"index, follow, max-snippet:-1, max-image-preview:large, max-video-preview:-1\" \/>\n<link rel=\"canonical\" href=\"https:\/\/www.drewnianamagia.pl\/index.php\/produkt\/drzewko-z-zyczeniami-3d-personalizowane\/\" \/>\n<meta property=\"og:locale\" content=\"pl_PL\" \/>\n<meta property=\"og:type\" content=\"article\" \/>\n<meta property=\"og:title\" content=\"Drzewko z \u017cyczeniami 3D - personalizowane - Drewniana Magia\" \/>\n<meta property=\"og:description\" content=\"Personalizowane drzewko z \u017cyczeniami 3D nadaje si\u0119 na ka\u017cd\u0105 okazj\u0119. Urodziny, \u015blub, podzi\u0119kowanie. Wyra\u017a siebie i podaruj ten wyj\u0105tkowy produkt\" \/>\n<meta property=\"og:url\" content=\"https:\/\/www.drewnianamagia.pl\/index.php\/produkt\/drzewko-z-zyczeniami-3d-personalizowane\/\" \/>\n<meta property=\"og:site_name\" content=\"Drewniana Magia\" \/>\n<meta property=\"article:publisher\" content=\"https:\/\/facebook.com\/BelasDrewnianaMagia\" \/>\n<meta property=\"article:modified_time\" content=\"2025-12-16T20:52:25+00:00\" \/>\n<meta property=\"og:image\" content=\"https:\/\/www.drewnianamagia.pl\/wp-content\/uploads\/2023\/10\/drzewko-imiona.png\" \/>\n\t<meta property=\"og:image:width\" content=\"1000\" \/>\n\t<meta property=\"og:image:height\" content=\"1000\" \/>\n\t<meta property=\"og:image:type\" content=\"image\/png\" \/>\n<meta name=\"twitter:card\" content=\"summary_large_image\" \/>\n<meta name=\"twitter:label1\" content=\"Szacowany czas czytania\" \/>\n\t<meta name=\"twitter:data1\" content=\"4 minuty\" \/>\n<script type=\"application\/ld+json\" class=\"yoast-schema-graph\">{\"@context\":\"https:\\\/\\\/schema.org\",\"@graph\":[{\"@type\":\"WebPage\",\"@id\":\"https:\\\/\\\/www.drewnianamagia.pl\\\/index.php\\\/produkt\\\/drzewko-z-zyczeniami-3d-personalizowane\\\/\",\"url\":\"https:\\\/\\\/www.drewnianamagia.pl\\\/index.php\\\/produkt\\\/drzewko-z-zyczeniami-3d-personalizowane\\\/\",\"name\":\"Drzewko z \u017cyczeniami 3D - personalizowane - Drewniana Magia\",\"isPartOf\":{\"@id\":\"https:\\\/\\\/www.drewnianamagia.pl\\\/#website\"},\"primaryImageOfPage\":{\"@id\":\"https:\\\/\\\/www.drewnianamagia.pl\\\/index.php\\\/produkt\\\/drzewko-z-zyczeniami-3d-personalizowane\\\/#primaryimage\"},\"image\":{\"@id\":\"https:\\\/\\\/www.drewnianamagia.pl\\\/index.php\\\/produkt\\\/drzewko-z-zyczeniami-3d-personalizowane\\\/#primaryimage\"},\"thumbnailUrl\":\"https:\\\/\\\/www.drewnianamagia.pl\\\/wp-content\\\/uploads\\\/2023\\\/10\\\/drzewko-imiona.png\",\"datePublished\":\"2023-10-12T10:05:22+00:00\",\"dateModified\":\"2025-12-16T20:52:25+00:00\",\"description\":\"Personalizowane drzewko z \u017cyczeniami 3D nadaje si\u0119 na ka\u017cd\u0105 okazj\u0119. Urodziny, \u015blub, podzi\u0119kowanie. Wyra\u017a siebie i podaruj ten wyj\u0105tkowy produkt\",\"breadcrumb\":{\"@id\":\"https:\\\/\\\/www.drewnianamagia.pl\\\/index.php\\\/produkt\\\/drzewko-z-zyczeniami-3d-personalizowane\\\/#breadcrumb\"},\"inLanguage\":\"pl-PL\",\"potentialAction\":[{\"@type\":\"ReadAction\",\"target\":[\"https:\\\/\\\/www.drewnianamagia.pl\\\/index.php\\\/produkt\\\/drzewko-z-zyczeniami-3d-personalizowane\\\/\"]}]},{\"@type\":\"ImageObject\",\"inLanguage\":\"pl-PL\",\"@id\":\"https:\\\/\\\/www.drewnianamagia.pl\\\/index.php\\\/produkt\\\/drzewko-z-zyczeniami-3d-personalizowane\\\/#primaryimage\",\"url\":\"https:\\\/\\\/www.drewnianamagia.pl\\\/wp-content\\\/uploads\\\/2023\\\/10\\\/drzewko-imiona.png\",\"contentUrl\":\"https:\\\/\\\/www.drewnianamagia.pl\\\/wp-content\\\/uploads\\\/2023\\\/10\\\/drzewko-imiona.png\",\"width\":1000,\"height\":1000,\"caption\":\"personalizowane drzewko z \u017cyczeniami\"},{\"@type\":\"BreadcrumbList\",\"@id\":\"https:\\\/\\\/www.drewnianamagia.pl\\\/index.php\\\/produkt\\\/drzewko-z-zyczeniami-3d-personalizowane\\\/#breadcrumb\",\"itemListElement\":[{\"@type\":\"ListItem\",\"position\":1,\"name\":\"Strona g\u0142\u00f3wna\",\"item\":\"https:\\\/\\\/www.drewnianamagia.pl\\\/\"},{\"@type\":\"ListItem\",\"position\":2,\"name\":\"Sklep\",\"item\":\"https:\\\/\\\/www.drewnianamagia.pl\\\/index.php\\\/sklep-internetowy-drewnianamagia\\\/\"},{\"@type\":\"ListItem\",\"position\":3,\"name\":\"Drzewko z \u017cyczeniami 3D &#8211; personalizowane\"}]},{\"@type\":\"WebSite\",\"@id\":\"https:\\\/\\\/www.drewnianamagia.pl\\\/#website\",\"url\":\"https:\\\/\\\/www.drewnianamagia.pl\\\/\",\"name\":\"Drewniana Magia\",\"description\":\"Personalizowane prezenty i dekoracje z drewna i druku 3D, na ka\u017cd\u0105 okazj\u0119 i okoliczno\u015b\u0107. Urodziny, Chrzest, Przyj\u0119cie, \u015awi\u0119ta, \u015alub\",\"publisher\":{\"@id\":\"https:\\\/\\\/www.drewnianamagia.pl\\\/#organization\"},\"potentialAction\":[{\"@type\":\"SearchAction\",\"target\":{\"@type\":\"EntryPoint\",\"urlTemplate\":\"https:\\\/\\\/www.drewnianamagia.pl\\\/?s={search_term_string}\"},\"query-input\":{\"@type\":\"PropertyValueSpecification\",\"valueRequired\":true,\"valueName\":\"search_term_string\"}}],\"inLanguage\":\"pl-PL\"},{\"@type\":\"Organization\",\"@id\":\"https:\\\/\\\/www.drewnianamagia.pl\\\/#organization\",\"name\":\"Drewniana Magia\",\"url\":\"https:\\\/\\\/www.drewnianamagia.pl\\\/\",\"logo\":{\"@type\":\"ImageObject\",\"inLanguage\":\"pl-PL\",\"@id\":\"https:\\\/\\\/www.drewnianamagia.pl\\\/#\\\/schema\\\/logo\\\/image\\\/\",\"url\":\"https:\\\/\\\/www.drewnianamagia.pl\\\/wp-content\\\/uploads\\\/2024\\\/02\\\/cropped-LOGO-DrewnianaMagia-375x188-1.png\",\"contentUrl\":\"https:\\\/\\\/www.drewnianamagia.pl\\\/wp-content\\\/uploads\\\/2024\\\/02\\\/cropped-LOGO-DrewnianaMagia-375x188-1.png\",\"width\":374,\"height\":188,\"caption\":\"Drewniana Magia\"},\"image\":{\"@id\":\"https:\\\/\\\/www.drewnianamagia.pl\\\/#\\\/schema\\\/logo\\\/image\\\/\"},\"sameAs\":[\"https:\\\/\\\/facebook.com\\\/BelasDrewnianaMagia\"]}]}<\/script>\n<!-- \/ Yoast SEO plugin. -->","yoast_head_json":{"title":"Drzewko z \u017cyczeniami 3D - personalizowane - Drewniana Magia","description":"Personalizowane drzewko z \u017cyczeniami 3D nadaje si\u0119 na ka\u017cd\u0105 okazj\u0119. Urodziny, \u015blub, podzi\u0119kowanie. Wyra\u017a siebie i podaruj ten wyj\u0105tkowy produkt","robots":{"index":"index","follow":"follow","max-snippet":"max-snippet:-1","max-image-preview":"max-image-preview:large","max-video-preview":"max-video-preview:-1"},"canonical":"https:\/\/www.drewnianamagia.pl\/index.php\/produkt\/drzewko-z-zyczeniami-3d-personalizowane\/","og_locale":"pl_PL","og_type":"article","og_title":"Drzewko z \u017cyczeniami 3D - personalizowane - Drewniana Magia","og_description":"Personalizowane drzewko z \u017cyczeniami 3D nadaje si\u0119 na ka\u017cd\u0105 okazj\u0119. Urodziny, \u015blub, podzi\u0119kowanie. Wyra\u017a siebie i podaruj ten wyj\u0105tkowy produkt","og_url":"https:\/\/www.drewnianamagia.pl\/index.php\/produkt\/drzewko-z-zyczeniami-3d-personalizowane\/","og_site_name":"Drewniana Magia","article_publisher":"https:\/\/facebook.com\/BelasDrewnianaMagia","article_modified_time":"2025-12-16T20:52:25+00:00","og_image":[{"width":1000,"height":1000,"url":"https:\/\/www.drewnianamagia.pl\/wp-content\/uploads\/2023\/10\/drzewko-imiona.png","type":"image\/png"}],"twitter_card":"summary_large_image","twitter_misc":{"Szacowany czas czytania":"4 minuty"},"schema":{"@context":"https:\/\/schema.org","@graph":[{"@type":"WebPage","@id":"https:\/\/www.drewnianamagia.pl\/index.php\/produkt\/drzewko-z-zyczeniami-3d-personalizowane\/","url":"https:\/\/www.drewnianamagia.pl\/index.php\/produkt\/drzewko-z-zyczeniami-3d-personalizowane\/","name":"Drzewko z \u017cyczeniami 3D - personalizowane - Drewniana Magia","isPartOf":{"@id":"https:\/\/www.drewnianamagia.pl\/#website"},"primaryImageOfPage":{"@id":"https:\/\/www.drewnianamagia.pl\/index.php\/produkt\/drzewko-z-zyczeniami-3d-personalizowane\/#primaryimage"},"image":{"@id":"https:\/\/www.drewnianamagia.pl\/index.php\/produkt\/drzewko-z-zyczeniami-3d-personalizowane\/#primaryimage"},"thumbnailUrl":"https:\/\/www.drewnianamagia.pl\/wp-content\/uploads\/2023\/10\/drzewko-imiona.png","datePublished":"2023-10-12T10:05:22+00:00","dateModified":"2025-12-16T20:52:25+00:00","description":"Personalizowane drzewko z \u017cyczeniami 3D nadaje si\u0119 na ka\u017cd\u0105 okazj\u0119. Urodziny, \u015blub, podzi\u0119kowanie. Wyra\u017a siebie i podaruj ten wyj\u0105tkowy produkt","breadcrumb":{"@id":"https:\/\/www.drewnianamagia.pl\/index.php\/produkt\/drzewko-z-zyczeniami-3d-personalizowane\/#breadcrumb"},"inLanguage":"pl-PL","potentialAction":[{"@type":"ReadAction","target":["https:\/\/www.drewnianamagia.pl\/index.php\/produkt\/drzewko-z-zyczeniami-3d-personalizowane\/"]}]},{"@type":"ImageObject","inLanguage":"pl-PL","@id":"https:\/\/www.drewnianamagia.pl\/index.php\/produkt\/drzewko-z-zyczeniami-3d-personalizowane\/#primaryimage","url":"https:\/\/www.drewnianamagia.pl\/wp-content\/uploads\/2023\/10\/drzewko-imiona.png","contentUrl":"https:\/\/www.drewnianamagia.pl\/wp-content\/uploads\/2023\/10\/drzewko-imiona.png","width":1000,"height":1000,"caption":"personalizowane drzewko z \u017cyczeniami"},{"@type":"BreadcrumbList","@id":"https:\/\/www.drewnianamagia.pl\/index.php\/produkt\/drzewko-z-zyczeniami-3d-personalizowane\/#breadcrumb","itemListElement":[{"@type":"ListItem","position":1,"name":"Strona g\u0142\u00f3wna","item":"https:\/\/www.drewnianamagia.pl\/"},{"@type":"ListItem","position":2,"name":"Sklep","item":"https:\/\/www.drewnianamagia.pl\/index.php\/sklep-internetowy-drewnianamagia\/"},{"@type":"ListItem","position":3,"name":"Drzewko z \u017cyczeniami 3D &#8211; personalizowane"}]},{"@type":"WebSite","@id":"https:\/\/www.drewnianamagia.pl\/#website","url":"https:\/\/www.drewnianamagia.pl\/","name":"Drewniana Magia","description":"Personalizowane prezenty i dekoracje z drewna i druku 3D, na ka\u017cd\u0105 okazj\u0119 i okoliczno\u015b\u0107. Urodziny, Chrzest, Przyj\u0119cie, \u015awi\u0119ta, \u015alub","publisher":{"@id":"https:\/\/www.drewnianamagia.pl\/#organization"},"potentialAction":[{"@type":"SearchAction","target":{"@type":"EntryPoint","urlTemplate":"https:\/\/www.drewnianamagia.pl\/?s={search_term_string}"},"query-input":{"@type":"PropertyValueSpecification","valueRequired":true,"valueName":"search_term_string"}}],"inLanguage":"pl-PL"},{"@type":"Organization","@id":"https:\/\/www.drewnianamagia.pl\/#organization","name":"Drewniana Magia","url":"https:\/\/www.drewnianamagia.pl\/","logo":{"@type":"ImageObject","inLanguage":"pl-PL","@id":"https:\/\/www.drewnianamagia.pl\/#\/schema\/logo\/image\/","url":"https:\/\/www.drewnianamagia.pl\/wp-content\/uploads\/2024\/02\/cropped-LOGO-DrewnianaMagia-375x188-1.png","contentUrl":"https:\/\/www.drewnianamagia.pl\/wp-content\/uploads\/2024\/02\/cropped-LOGO-DrewnianaMagia-375x188-1.png","width":374,"height":188,"caption":"Drewniana Magia"},"image":{"@id":"https:\/\/www.drewnianamagia.pl\/#\/schema\/logo\/image\/"},"sameAs":["https:\/\/facebook.com\/BelasDrewnianaMagia"]}]}},"_links":{"self":[{"href":"https:\/\/www.drewnianamagia.pl\/index.php\/wp-json\/wp\/v2\/product\/959","targetHints":{"allow":["GET"]}}],"collection":[{"href":"https:\/\/www.drewnianamagia.pl\/index.php\/wp-json\/wp\/v2\/product"}],"about":[{"href":"https:\/\/www.drewnianamagia.pl\/index.php\/wp-json\/wp\/v2\/types\/product"}],"replies":[{"embeddable":true,"href":"https:\/\/www.drewnianamagia.pl\/index.php\/wp-json\/wp\/v2\/comments?post=959"}],"wp:featuredmedia":[{"embeddable":true,"href":"https:\/\/www.drewnianamagia.pl\/index.php\/wp-json\/wp\/v2\/media\/940"}],"wp:attachment":[{"href":"https:\/\/www.drewnianamagia.pl\/index.php\/wp-json\/wp\/v2\/media?parent=959"}],"wp:term":[{"taxonomy":"product_brand","embeddable":true,"href":"https:\/\/www.drewnianamagia.pl\/index.php\/wp-json\/wp\/v2\/product_brand?post=959"},{"taxonomy":"product_cat","embeddable":true,"href":"https:\/\/www.drewnianamagia.pl\/index.php\/wp-json\/wp\/v2\/product_cat?post=959"},{"taxonomy":"product_tag","embeddable":true,"href":"https:\/\/www.drewnianamagia.pl\/index.php\/wp-json\/wp\/v2\/product_tag?post=959"}],"curies":[{"name":"wp","href":"https:\/\/api.w.org\/{rel}","templated":true}]}}