{"id":8651,"date":"2025-07-12T10:24:43","date_gmt":"2025-07-12T08:24:43","guid":{"rendered":"https:\/\/www.drewnianamagia.pl\/?post_type=product&#038;p=8651"},"modified":"2025-09-16T13:45:43","modified_gmt":"2025-09-16T11:45:43","slug":"personalizowany-plakat-w-ramce-urodziny-level","status":"publish","type":"product","link":"https:\/\/www.drewnianamagia.pl\/index.php\/produkt\/personalizowany-plakat-w-ramce-urodziny-level\/","title":{"rendered":"Personalizowany plakat w ramce &#8211; urodziny &#8211; LEVEL"},"content":{"rendered":"<h1 style=\"text-align: center;\"><strong>Personalizowany plakat w ramce &#8211; LEVEL &#8211; prezent na DOWOLNE urodziny<\/strong><\/h1>\n<p><span role=\"heading\" aria-level=\"2\">Plakat w ramce <mark class=\"QVRyCf\">stylizowany na ekran z gry komputerowej, z napisem &#8222;LEVEL ODBLOKOWANY&#8221; <\/mark>to \u015bmieszny gad\u017cet , kt\u00f3ry idealnie sprawdzi si\u0119 jako prezent urodzinowy dla gracza.<\/span><span class=\"pjBG2e\" data-cid=\"23202347-ac7f-4e90-a507-364c6383c8a8\"><span class=\"UV3uM\">\u00a0<\/span><\/span><\/p>\n<div class=\"WaaZC\">\n<div class=\"RJPOee EIJn2\">\n<div class=\"rPeykc uP58nb MNX06c\" data-hveid=\"CAMQAQ\" data-ved=\"2ahUKEwjVnO-687aOAxUfQ_EDHff9HWUQo_EKegQIAxAB\">\n<div class=\"NPrrbc\" data-cid=\"23202347-ac7f-4e90-a507-364c6383c8a8\">\n<div class=\"BMebGe btku5b fCrZyc LwdV0e FR7ZSc OJeuxf\" tabindex=\"0\" role=\"button\" aria-label=\"Wy\u015bwietl powi\u0105zane materia\u0142y\" data-hveid=\"CAIQAg\" data-ved=\"2ahUKEwjVnO-687aOAxUfQ_EDHff9HWUQ3fYKegQIAhAC\"><\/div>\n<\/div>\n<\/div>\n<\/div>\n<\/div>\n<div class=\"WaaZC\">\n<div class=\"RJPOee EIJn2\">\n<ul data-hveid=\"CBAQAQ\" data-ved=\"2ahUKEwjVnO-687aOAxUfQ_EDHff9HWUQm_YKegQIEBAB\">\n<li>Plakat jest idealnym prezentem dla mi\u0142o\u015bnika gier komputerowych z okazji urodzin.<\/li>\n<li>Napis &#8222;Do odblokowania 'NOWEJ GRY+&#8217; zosta\u0142y jeszcze XX poziomy&#8221; humorystycznie nawi\u0105zuje do kolejnych lat \u017cycia.<\/li>\n<li>Grafika przedstawia kontroler do gier, podkre\u015blaj\u0105c tematyk\u0119 zwi\u0105zan\u0105 z pasj\u0105 solenizanta.<\/li>\n<li>Produkt jest personalizowany imieniem solenizanta, co czyni go wyj\u0105tkow\u0105 pami\u0105tk\u0105.<\/li>\n<\/ul>\n<\/div>\n<\/div>\n<p><!--EndFragment --><\/p>\n<p>Plakat w formacie A4 umieszczony w czarnej ramce, kt\u00f3r\u0105 mo\u017cna postawi\u0107 lub powiesi\u0107.<\/p>\n<p>Wydruk na satynowym papierze o gramaturze 300g\/m2<\/p>\n<hr \/>\n<p><span style=\"color: #ff0000;\"><strong>PERSONALIZACJA:<\/strong><\/span><\/p>\n<ul>\n<li>Podaj IMI\u0118 solenizanta<\/li>\n<li>Podaj WIEK solenizanta &#8211; zostanie nadrukowany pod napisem &#8222;LEVEL&#8221; oraz uwzgl\u0119dniony w wyliczeniu pozosta\u0142ych poziom\u00f3w (dla tekstu na dole)<\/li>\n<\/ul>\n<p>&nbsp;<\/p>\n<hr \/>\n<p><span style=\"color: #ff0000;\"><strong>SPECYFIKACJA:<\/strong><\/span><\/p>\n<ul>\n<li>Materia\u0142: plakat &#8211; satynowy papier o gramaturze 300g\/m2, rama &#8211; p\u0142yta pil\u015bniowa, szyba &#8211; prze\u017aroczysty plastik (polistyren)<\/li>\n<li>Szeroko\u015b\u0107 ca\u0142kowita: 24cm<\/li>\n<li>Wysoko\u015b\u0107 ca\u0142kowita 33 cm<\/li>\n<li>Rozmiar plakatu (bez ramy): format A4<\/li>\n<li>Mo\u017cliwo\u015b\u0107 umieszczenia w pozycji stoj\u0105cej oraz wisz\u0105cej.<\/li>\n<\/ul>\n<hr \/>\n<p>&nbsp;<\/p>\n","protected":false},"excerpt":{"rendered":"<p>Personalizowany plakat w ramce &#8211; LEVEL &#8211; prezent na DOWOLNE urodziny Plakat w ramce stylizowany na ekran z gry komputerowej, z napisem &#8222;LEVEL ODBLOKOWANY&#8221; to \u015bmieszny gad\u017cet , kt\u00f3ry idealnie sprawdzi si\u0119 jako prezent urodzinowy dla gracza.\u00a0 Plakat jest idealnym prezentem dla mi\u0142o\u015bnika gier komputerowych z okazji urodzin. Napis &#8222;Do odblokowania 'NOWEJ GRY+&#8217; zosta\u0142y jeszcze [&hellip;]<\/p>\n","protected":false},"featured_media":8647,"comment_status":"open","ping_status":"closed","template":"","meta":{"_acf_changed":false},"product_brand":[180],"product_cat":[136,96],"product_tag":[54],"class_list":{"0":"post-8651","1":"product","2":"type-product","3":"status-publish","4":"has-post-thumbnail","6":"product_brand-drewniana-magia","7":"product_cat-dyplomy-certyfikaty","8":"product_cat-urodziny-imieniny","9":"product_tag-personalizacja","11":"first","12":"outofstock","13":"taxable","14":"shipping-taxable","15":"purchasable","16":"product-type-simple"},"acf":[],"yoast_head":"<!-- This site is optimized with the Yoast SEO plugin v27.3 - https:\/\/yoast.com\/product\/yoast-seo-wordpress\/ -->\n<title>Personalizowany plakat w ramce - urodziny - LEVEL - Drewniana Magia<\/title>\n<meta name=\"description\" content=\"Personalizowany prezent urodzinowy dla fana gier. Wiek solenizanta przedstawiony jako post\u0119p w grze. Plakat umieszczony w czarnej ramce z mo\u017cliwo\u015bci\u0105 postawienia lub powieszenia\" \/>\n<meta name=\"robots\" content=\"index, follow, max-snippet:-1, max-image-preview:large, max-video-preview:-1\" \/>\n<link rel=\"canonical\" href=\"https:\/\/www.drewnianamagia.pl\/index.php\/produkt\/personalizowany-plakat-w-ramce-urodziny-level\/\" \/>\n<meta property=\"og:locale\" content=\"pl_PL\" \/>\n<meta property=\"og:type\" content=\"article\" \/>\n<meta property=\"og:title\" content=\"Personalizowany plakat w ramce - urodziny - LEVEL - Drewniana Magia\" \/>\n<meta property=\"og:description\" content=\"Personalizowany prezent urodzinowy dla fana gier. Wiek solenizanta przedstawiony jako post\u0119p w grze. Plakat umieszczony w czarnej ramce z mo\u017cliwo\u015bci\u0105 postawienia lub powieszenia\" \/>\n<meta property=\"og:url\" content=\"https:\/\/www.drewnianamagia.pl\/index.php\/produkt\/personalizowany-plakat-w-ramce-urodziny-level\/\" \/>\n<meta property=\"og:site_name\" content=\"Drewniana Magia\" \/>\n<meta property=\"article:publisher\" content=\"https:\/\/facebook.com\/BelasDrewnianaMagia\" \/>\n<meta property=\"article:modified_time\" content=\"2025-09-16T11:45:43+00:00\" \/>\n<meta property=\"og:image\" content=\"https:\/\/www.drewnianamagia.pl\/wp-content\/uploads\/2025\/07\/plakat-w-ramce-level-01.jpg\" \/>\n\t<meta property=\"og:image:width\" content=\"2000\" \/>\n\t<meta property=\"og:image:height\" content=\"2000\" \/>\n\t<meta property=\"og:image:type\" content=\"image\/jpeg\" \/>\n<meta name=\"twitter:card\" content=\"summary_large_image\" \/>\n<meta name=\"twitter:label1\" content=\"Szacowany czas czytania\" \/>\n\t<meta name=\"twitter:data1\" content=\"2 minuty\" \/>\n<script type=\"application\/ld+json\" class=\"yoast-schema-graph\">{\"@context\":\"https:\\\/\\\/schema.org\",\"@graph\":[{\"@type\":\"WebPage\",\"@id\":\"https:\\\/\\\/www.drewnianamagia.pl\\\/index.php\\\/produkt\\\/personalizowany-plakat-w-ramce-urodziny-level\\\/\",\"url\":\"https:\\\/\\\/www.drewnianamagia.pl\\\/index.php\\\/produkt\\\/personalizowany-plakat-w-ramce-urodziny-level\\\/\",\"name\":\"Personalizowany plakat w ramce - urodziny - LEVEL - Drewniana Magia\",\"isPartOf\":{\"@id\":\"https:\\\/\\\/www.drewnianamagia.pl\\\/#website\"},\"primaryImageOfPage\":{\"@id\":\"https:\\\/\\\/www.drewnianamagia.pl\\\/index.php\\\/produkt\\\/personalizowany-plakat-w-ramce-urodziny-level\\\/#primaryimage\"},\"image\":{\"@id\":\"https:\\\/\\\/www.drewnianamagia.pl\\\/index.php\\\/produkt\\\/personalizowany-plakat-w-ramce-urodziny-level\\\/#primaryimage\"},\"thumbnailUrl\":\"https:\\\/\\\/www.drewnianamagia.pl\\\/wp-content\\\/uploads\\\/2025\\\/07\\\/plakat-w-ramce-level-01.jpg\",\"datePublished\":\"2025-07-12T08:24:43+00:00\",\"dateModified\":\"2025-09-16T11:45:43+00:00\",\"description\":\"Personalizowany prezent urodzinowy dla fana gier. Wiek solenizanta przedstawiony jako post\u0119p w grze. Plakat umieszczony w czarnej ramce z mo\u017cliwo\u015bci\u0105 postawienia lub powieszenia\",\"breadcrumb\":{\"@id\":\"https:\\\/\\\/www.drewnianamagia.pl\\\/index.php\\\/produkt\\\/personalizowany-plakat-w-ramce-urodziny-level\\\/#breadcrumb\"},\"inLanguage\":\"pl-PL\",\"potentialAction\":[{\"@type\":\"ReadAction\",\"target\":[\"https:\\\/\\\/www.drewnianamagia.pl\\\/index.php\\\/produkt\\\/personalizowany-plakat-w-ramce-urodziny-level\\\/\"]}]},{\"@type\":\"ImageObject\",\"inLanguage\":\"pl-PL\",\"@id\":\"https:\\\/\\\/www.drewnianamagia.pl\\\/index.php\\\/produkt\\\/personalizowany-plakat-w-ramce-urodziny-level\\\/#primaryimage\",\"url\":\"https:\\\/\\\/www.drewnianamagia.pl\\\/wp-content\\\/uploads\\\/2025\\\/07\\\/plakat-w-ramce-level-01.jpg\",\"contentUrl\":\"https:\\\/\\\/www.drewnianamagia.pl\\\/wp-content\\\/uploads\\\/2025\\\/07\\\/plakat-w-ramce-level-01.jpg\",\"width\":2000,\"height\":2000,\"caption\":\"personalizowany plakat A4 w ramce - prezent urodzinowy LEVEL\"},{\"@type\":\"BreadcrumbList\",\"@id\":\"https:\\\/\\\/www.drewnianamagia.pl\\\/index.php\\\/produkt\\\/personalizowany-plakat-w-ramce-urodziny-level\\\/#breadcrumb\",\"itemListElement\":[{\"@type\":\"ListItem\",\"position\":1,\"name\":\"Strona g\u0142\u00f3wna\",\"item\":\"https:\\\/\\\/www.drewnianamagia.pl\\\/\"},{\"@type\":\"ListItem\",\"position\":2,\"name\":\"Sklep\",\"item\":\"https:\\\/\\\/www.drewnianamagia.pl\\\/index.php\\\/sklep-internetowy-drewnianamagia\\\/\"},{\"@type\":\"ListItem\",\"position\":3,\"name\":\"Personalizowany plakat w ramce &#8211; urodziny &#8211; LEVEL\"}]},{\"@type\":\"WebSite\",\"@id\":\"https:\\\/\\\/www.drewnianamagia.pl\\\/#website\",\"url\":\"https:\\\/\\\/www.drewnianamagia.pl\\\/\",\"name\":\"Drewniana Magia\",\"description\":\"Personalizowane prezenty i dekoracje z drewna i druku 3D, na ka\u017cd\u0105 okazj\u0119 i okoliczno\u015b\u0107. Urodziny, Chrzest, Przyj\u0119cie, \u015awi\u0119ta, \u015alub\",\"publisher\":{\"@id\":\"https:\\\/\\\/www.drewnianamagia.pl\\\/#organization\"},\"potentialAction\":[{\"@type\":\"SearchAction\",\"target\":{\"@type\":\"EntryPoint\",\"urlTemplate\":\"https:\\\/\\\/www.drewnianamagia.pl\\\/?s={search_term_string}\"},\"query-input\":{\"@type\":\"PropertyValueSpecification\",\"valueRequired\":true,\"valueName\":\"search_term_string\"}}],\"inLanguage\":\"pl-PL\"},{\"@type\":\"Organization\",\"@id\":\"https:\\\/\\\/www.drewnianamagia.pl\\\/#organization\",\"name\":\"Drewniana Magia\",\"url\":\"https:\\\/\\\/www.drewnianamagia.pl\\\/\",\"logo\":{\"@type\":\"ImageObject\",\"inLanguage\":\"pl-PL\",\"@id\":\"https:\\\/\\\/www.drewnianamagia.pl\\\/#\\\/schema\\\/logo\\\/image\\\/\",\"url\":\"https:\\\/\\\/www.drewnianamagia.pl\\\/wp-content\\\/uploads\\\/2024\\\/02\\\/cropped-LOGO-DrewnianaMagia-375x188-1.png\",\"contentUrl\":\"https:\\\/\\\/www.drewnianamagia.pl\\\/wp-content\\\/uploads\\\/2024\\\/02\\\/cropped-LOGO-DrewnianaMagia-375x188-1.png\",\"width\":374,\"height\":188,\"caption\":\"Drewniana Magia\"},\"image\":{\"@id\":\"https:\\\/\\\/www.drewnianamagia.pl\\\/#\\\/schema\\\/logo\\\/image\\\/\"},\"sameAs\":[\"https:\\\/\\\/facebook.com\\\/BelasDrewnianaMagia\"]}]}<\/script>\n<!-- \/ Yoast SEO plugin. -->","yoast_head_json":{"title":"Personalizowany plakat w ramce - urodziny - LEVEL - Drewniana Magia","description":"Personalizowany prezent urodzinowy dla fana gier. Wiek solenizanta przedstawiony jako post\u0119p w grze. Plakat umieszczony w czarnej ramce z mo\u017cliwo\u015bci\u0105 postawienia lub powieszenia","robots":{"index":"index","follow":"follow","max-snippet":"max-snippet:-1","max-image-preview":"max-image-preview:large","max-video-preview":"max-video-preview:-1"},"canonical":"https:\/\/www.drewnianamagia.pl\/index.php\/produkt\/personalizowany-plakat-w-ramce-urodziny-level\/","og_locale":"pl_PL","og_type":"article","og_title":"Personalizowany plakat w ramce - urodziny - LEVEL - Drewniana Magia","og_description":"Personalizowany prezent urodzinowy dla fana gier. Wiek solenizanta przedstawiony jako post\u0119p w grze. Plakat umieszczony w czarnej ramce z mo\u017cliwo\u015bci\u0105 postawienia lub powieszenia","og_url":"https:\/\/www.drewnianamagia.pl\/index.php\/produkt\/personalizowany-plakat-w-ramce-urodziny-level\/","og_site_name":"Drewniana Magia","article_publisher":"https:\/\/facebook.com\/BelasDrewnianaMagia","article_modified_time":"2025-09-16T11:45:43+00:00","og_image":[{"width":2000,"height":2000,"url":"https:\/\/www.drewnianamagia.pl\/wp-content\/uploads\/2025\/07\/plakat-w-ramce-level-01.jpg","type":"image\/jpeg"}],"twitter_card":"summary_large_image","twitter_misc":{"Szacowany czas czytania":"2 minuty"},"schema":{"@context":"https:\/\/schema.org","@graph":[{"@type":"WebPage","@id":"https:\/\/www.drewnianamagia.pl\/index.php\/produkt\/personalizowany-plakat-w-ramce-urodziny-level\/","url":"https:\/\/www.drewnianamagia.pl\/index.php\/produkt\/personalizowany-plakat-w-ramce-urodziny-level\/","name":"Personalizowany plakat w ramce - urodziny - LEVEL - Drewniana Magia","isPartOf":{"@id":"https:\/\/www.drewnianamagia.pl\/#website"},"primaryImageOfPage":{"@id":"https:\/\/www.drewnianamagia.pl\/index.php\/produkt\/personalizowany-plakat-w-ramce-urodziny-level\/#primaryimage"},"image":{"@id":"https:\/\/www.drewnianamagia.pl\/index.php\/produkt\/personalizowany-plakat-w-ramce-urodziny-level\/#primaryimage"},"thumbnailUrl":"https:\/\/www.drewnianamagia.pl\/wp-content\/uploads\/2025\/07\/plakat-w-ramce-level-01.jpg","datePublished":"2025-07-12T08:24:43+00:00","dateModified":"2025-09-16T11:45:43+00:00","description":"Personalizowany prezent urodzinowy dla fana gier. Wiek solenizanta przedstawiony jako post\u0119p w grze. Plakat umieszczony w czarnej ramce z mo\u017cliwo\u015bci\u0105 postawienia lub powieszenia","breadcrumb":{"@id":"https:\/\/www.drewnianamagia.pl\/index.php\/produkt\/personalizowany-plakat-w-ramce-urodziny-level\/#breadcrumb"},"inLanguage":"pl-PL","potentialAction":[{"@type":"ReadAction","target":["https:\/\/www.drewnianamagia.pl\/index.php\/produkt\/personalizowany-plakat-w-ramce-urodziny-level\/"]}]},{"@type":"ImageObject","inLanguage":"pl-PL","@id":"https:\/\/www.drewnianamagia.pl\/index.php\/produkt\/personalizowany-plakat-w-ramce-urodziny-level\/#primaryimage","url":"https:\/\/www.drewnianamagia.pl\/wp-content\/uploads\/2025\/07\/plakat-w-ramce-level-01.jpg","contentUrl":"https:\/\/www.drewnianamagia.pl\/wp-content\/uploads\/2025\/07\/plakat-w-ramce-level-01.jpg","width":2000,"height":2000,"caption":"personalizowany plakat A4 w ramce - prezent urodzinowy LEVEL"},{"@type":"BreadcrumbList","@id":"https:\/\/www.drewnianamagia.pl\/index.php\/produkt\/personalizowany-plakat-w-ramce-urodziny-level\/#breadcrumb","itemListElement":[{"@type":"ListItem","position":1,"name":"Strona g\u0142\u00f3wna","item":"https:\/\/www.drewnianamagia.pl\/"},{"@type":"ListItem","position":2,"name":"Sklep","item":"https:\/\/www.drewnianamagia.pl\/index.php\/sklep-internetowy-drewnianamagia\/"},{"@type":"ListItem","position":3,"name":"Personalizowany plakat w ramce &#8211; urodziny &#8211; LEVEL"}]},{"@type":"WebSite","@id":"https:\/\/www.drewnianamagia.pl\/#website","url":"https:\/\/www.drewnianamagia.pl\/","name":"Drewniana Magia","description":"Personalizowane prezenty i dekoracje z drewna i druku 3D, na ka\u017cd\u0105 okazj\u0119 i okoliczno\u015b\u0107. Urodziny, Chrzest, Przyj\u0119cie, \u015awi\u0119ta, \u015alub","publisher":{"@id":"https:\/\/www.drewnianamagia.pl\/#organization"},"potentialAction":[{"@type":"SearchAction","target":{"@type":"EntryPoint","urlTemplate":"https:\/\/www.drewnianamagia.pl\/?s={search_term_string}"},"query-input":{"@type":"PropertyValueSpecification","valueRequired":true,"valueName":"search_term_string"}}],"inLanguage":"pl-PL"},{"@type":"Organization","@id":"https:\/\/www.drewnianamagia.pl\/#organization","name":"Drewniana Magia","url":"https:\/\/www.drewnianamagia.pl\/","logo":{"@type":"ImageObject","inLanguage":"pl-PL","@id":"https:\/\/www.drewnianamagia.pl\/#\/schema\/logo\/image\/","url":"https:\/\/www.drewnianamagia.pl\/wp-content\/uploads\/2024\/02\/cropped-LOGO-DrewnianaMagia-375x188-1.png","contentUrl":"https:\/\/www.drewnianamagia.pl\/wp-content\/uploads\/2024\/02\/cropped-LOGO-DrewnianaMagia-375x188-1.png","width":374,"height":188,"caption":"Drewniana Magia"},"image":{"@id":"https:\/\/www.drewnianamagia.pl\/#\/schema\/logo\/image\/"},"sameAs":["https:\/\/facebook.com\/BelasDrewnianaMagia"]}]}},"_links":{"self":[{"href":"https:\/\/www.drewnianamagia.pl\/index.php\/wp-json\/wp\/v2\/product\/8651","targetHints":{"allow":["GET"]}}],"collection":[{"href":"https:\/\/www.drewnianamagia.pl\/index.php\/wp-json\/wp\/v2\/product"}],"about":[{"href":"https:\/\/www.drewnianamagia.pl\/index.php\/wp-json\/wp\/v2\/types\/product"}],"replies":[{"embeddable":true,"href":"https:\/\/www.drewnianamagia.pl\/index.php\/wp-json\/wp\/v2\/comments?post=8651"}],"wp:featuredmedia":[{"embeddable":true,"href":"https:\/\/www.drewnianamagia.pl\/index.php\/wp-json\/wp\/v2\/media\/8647"}],"wp:attachment":[{"href":"https:\/\/www.drewnianamagia.pl\/index.php\/wp-json\/wp\/v2\/media?parent=8651"}],"wp:term":[{"taxonomy":"product_brand","embeddable":true,"href":"https:\/\/www.drewnianamagia.pl\/index.php\/wp-json\/wp\/v2\/product_brand?post=8651"},{"taxonomy":"product_cat","embeddable":true,"href":"https:\/\/www.drewnianamagia.pl\/index.php\/wp-json\/wp\/v2\/product_cat?post=8651"},{"taxonomy":"product_tag","embeddable":true,"href":"https:\/\/www.drewnianamagia.pl\/index.php\/wp-json\/wp\/v2\/product_tag?post=8651"}],"curies":[{"name":"wp","href":"https:\/\/api.w.org\/{rel}","templated":true}]}}