{"id":8284,"date":"2025-06-14T09:28:30","date_gmt":"2025-06-14T07:28:30","guid":{"rendered":"https:\/\/www.drewnianamagia.pl\/?post_type=product&#038;p=8284"},"modified":"2025-07-21T12:56:24","modified_gmt":"2025-07-21T10:56:24","slug":"topper-imie-z-plexi-zlote-lustro","status":"publish","type":"product","link":"https:\/\/www.drewnianamagia.pl\/index.php\/produkt\/topper-imie-z-plexi-zlote-lustro\/","title":{"rendered":"Topper &#8211; imi\u0119 z plexi z\u0142ote lustro"},"content":{"rendered":"<h1 style=\"text-align: center;\"><strong>Topper akrylowy (plexi) &#8222;imi\u0119&#8221; &#8211; z\u0142ote lustro<\/strong><\/h1>\n<p>Personalizowany topper z dowolnym imieniem to idealne dope\u0142nienie ka\u017cdej dekoracji. Wykorzystaj go przy tworzeniu ozd\u00f3b urodzinowych lub na dowoln\u0105 imprez\u0119.<\/p>\n<p>Dodaj blasku i elegancji.<\/p>\n<p>Maksymalna szeroko\u015b\u0107 napisu wynosi 15 cm.<\/p>\n<p>Powierzchnia lustrzana jest z jednej strony &#8211; nale\u017cy delikatnie zdj\u0105\u0107 foli\u0119 ochronn\u0105, kt\u00f3ra zabezpiecza produkt przed porysowaniem.<\/p>\n<hr \/>\n<p><span style=\"color: #ff0000;\"><strong>PERSONALIZACJA:<\/strong><\/span><\/p>\n<p>Podaj imi\u0119 lub inne jedno s\u0142owo.<\/p>\n<p>&nbsp;<\/p>\n<hr \/>\n<p><span style=\"color: #ff0000;\"><strong>SPECYFIKACJA:<\/strong><\/span><\/p>\n<ul>\n<li>Materia\u0142: szk\u0142o akrylowe (plexi) w kolorze z\u0142otego lustra z po\u0142yskiem<\/li>\n<li>Produkt wycinany laserowo<\/li>\n<li>Szeroko\u015b\u0107: ok. 15 cm<\/li>\n<li>Wysoko\u015b\u0107:\u00a0 Wysoko\u015b\u0107 liter zale\u017cy od proporcji i d\u0142ugo\u015bci imienia<\/li>\n<li>D\u0142ugo\u015b\u0107 szpikulca &#8211; 5 cm<\/li>\n<li>Grubo\u015b\u0107: 2mm<\/li>\n<\/ul>\n<hr \/>\n<p><span style=\"color: #ff0000;\"><strong>POZOSTA\u0141E INFORMACJE:<\/strong><\/span><\/p>\n<p>Przednia cz\u0119\u015b\u0107 zabezpieczona foli\u0105 ochronn\u0105, kt\u00f3r\u0105 nale\u017cy delikatnie zdj\u0105\u0107. Powierzchnia lustrzana umieszczona od spodu produktu jest chroniona przed zarysowaniami specjaln\u0105 warstw\u0105 materia\u0142u.<\/p>\n<p>Nale\u017cy unika\u0107 wysokich temperatur, kt\u00f3re mog\u0105 powodowa\u0107 zniekszta\u0142cenie produktu.<\/p>\n","protected":false},"excerpt":{"rendered":"<p>Topper akrylowy (plexi) &#8222;imi\u0119&#8221; &#8211; z\u0142ote lustro Personalizowany topper z dowolnym imieniem to idealne dope\u0142nienie ka\u017cdej dekoracji. Wykorzystaj go przy tworzeniu ozd\u00f3b urodzinowych lub na dowoln\u0105 imprez\u0119. Dodaj blasku i elegancji. Maksymalna szeroko\u015b\u0107 napisu wynosi 15 cm. Powierzchnia lustrzana jest z jednej strony &#8211; nale\u017cy delikatnie zdj\u0105\u0107 foli\u0119 ochronn\u0105, kt\u00f3ra zabezpiecza produkt przed porysowaniem. PERSONALIZACJA: [&hellip;]<\/p>\n","protected":false},"featured_media":8280,"comment_status":"open","ping_status":"closed","template":"","meta":{"_acf_changed":false},"product_brand":[180],"product_cat":[97,49,105,149,96],"product_tag":[54,191,208],"class_list":{"0":"post-8284","1":"product","2":"type-product","3":"status-publish","4":"has-post-thumbnail","6":"product_brand-drewniana-magia","7":"product_cat-chrzest-komunia","8":"product_cat-dekoracje","9":"product_cat-rocznice","10":"product_cat-toppery","11":"product_cat-urodziny-imieniny","12":"product_tag-personalizacja","13":"product_tag-plexi","14":"product_tag-zlote-lustro","16":"first","17":"instock","18":"taxable","19":"shipping-taxable","20":"purchasable","21":"product-type-simple"},"acf":[],"yoast_head":"<!-- This site is optimized with the Yoast SEO plugin v27.5 - https:\/\/yoast.com\/product\/yoast-seo-wordpress\/ -->\n<title>Topper - imi\u0119 z plexi z\u0142ote lustro - Drewniana Magia<\/title>\n<meta name=\"description\" content=\"Topper z dowolnym imieniem wykonany z plexi - z\u0142ote lustro. Szeroko\u015b\u0107 produktu 15cm, grubo\u015b\u0107 2mm. Dodaj blasku do swoich dekoracji.\" \/>\n<meta name=\"robots\" content=\"index, follow, max-snippet:-1, max-image-preview:large, max-video-preview:-1\" \/>\n<link rel=\"canonical\" href=\"https:\/\/www.drewnianamagia.pl\/index.php\/produkt\/topper-imie-z-plexi-zlote-lustro\/\" \/>\n<meta property=\"og:locale\" content=\"pl_PL\" \/>\n<meta property=\"og:type\" content=\"article\" \/>\n<meta property=\"og:title\" content=\"Topper - imi\u0119 z plexi z\u0142ote lustro - Drewniana Magia\" \/>\n<meta property=\"og:description\" content=\"Topper z dowolnym imieniem wykonany z plexi - z\u0142ote lustro. Szeroko\u015b\u0107 produktu 15cm, grubo\u015b\u0107 2mm. Dodaj blasku do swoich dekoracji.\" \/>\n<meta property=\"og:url\" content=\"https:\/\/www.drewnianamagia.pl\/index.php\/produkt\/topper-imie-z-plexi-zlote-lustro\/\" \/>\n<meta property=\"og:site_name\" content=\"Drewniana Magia\" \/>\n<meta property=\"article:publisher\" content=\"https:\/\/facebook.com\/BelasDrewnianaMagia\" \/>\n<meta property=\"article:modified_time\" content=\"2025-07-21T10:56:24+00:00\" \/>\n<meta property=\"og:image\" content=\"https:\/\/www.drewnianamagia.pl\/wp-content\/uploads\/2025\/06\/Imie-na-piku-zlote-lustro-01.jpg\" \/>\n\t<meta property=\"og:image:width\" content=\"2000\" \/>\n\t<meta property=\"og:image:height\" content=\"2000\" \/>\n\t<meta property=\"og:image:type\" content=\"image\/jpeg\" \/>\n<meta name=\"twitter:card\" content=\"summary_large_image\" \/>\n<meta name=\"twitter:label1\" content=\"Szacowany czas czytania\" \/>\n\t<meta name=\"twitter:data1\" content=\"1 minuta\" \/>\n<script type=\"application\/ld+json\" class=\"yoast-schema-graph\">{\"@context\":\"https:\\\/\\\/schema.org\",\"@graph\":[{\"@type\":\"WebPage\",\"@id\":\"https:\\\/\\\/www.drewnianamagia.pl\\\/index.php\\\/produkt\\\/topper-imie-z-plexi-zlote-lustro\\\/\",\"url\":\"https:\\\/\\\/www.drewnianamagia.pl\\\/index.php\\\/produkt\\\/topper-imie-z-plexi-zlote-lustro\\\/\",\"name\":\"Topper - imi\u0119 z plexi z\u0142ote lustro - Drewniana Magia\",\"isPartOf\":{\"@id\":\"https:\\\/\\\/www.drewnianamagia.pl\\\/#website\"},\"primaryImageOfPage\":{\"@id\":\"https:\\\/\\\/www.drewnianamagia.pl\\\/index.php\\\/produkt\\\/topper-imie-z-plexi-zlote-lustro\\\/#primaryimage\"},\"image\":{\"@id\":\"https:\\\/\\\/www.drewnianamagia.pl\\\/index.php\\\/produkt\\\/topper-imie-z-plexi-zlote-lustro\\\/#primaryimage\"},\"thumbnailUrl\":\"https:\\\/\\\/www.drewnianamagia.pl\\\/wp-content\\\/uploads\\\/2025\\\/06\\\/Imie-na-piku-zlote-lustro-01.jpg\",\"datePublished\":\"2025-06-14T07:28:30+00:00\",\"dateModified\":\"2025-07-21T10:56:24+00:00\",\"description\":\"Topper z dowolnym imieniem wykonany z plexi - z\u0142ote lustro. Szeroko\u015b\u0107 produktu 15cm, grubo\u015b\u0107 2mm. Dodaj blasku do swoich dekoracji.\",\"breadcrumb\":{\"@id\":\"https:\\\/\\\/www.drewnianamagia.pl\\\/index.php\\\/produkt\\\/topper-imie-z-plexi-zlote-lustro\\\/#breadcrumb\"},\"inLanguage\":\"pl-PL\",\"potentialAction\":[{\"@type\":\"ReadAction\",\"target\":[\"https:\\\/\\\/www.drewnianamagia.pl\\\/index.php\\\/produkt\\\/topper-imie-z-plexi-zlote-lustro\\\/\"]}]},{\"@type\":\"ImageObject\",\"inLanguage\":\"pl-PL\",\"@id\":\"https:\\\/\\\/www.drewnianamagia.pl\\\/index.php\\\/produkt\\\/topper-imie-z-plexi-zlote-lustro\\\/#primaryimage\",\"url\":\"https:\\\/\\\/www.drewnianamagia.pl\\\/wp-content\\\/uploads\\\/2025\\\/06\\\/Imie-na-piku-zlote-lustro-01.jpg\",\"contentUrl\":\"https:\\\/\\\/www.drewnianamagia.pl\\\/wp-content\\\/uploads\\\/2025\\\/06\\\/Imie-na-piku-zlote-lustro-01.jpg\",\"width\":2000,\"height\":2000,\"caption\":\"topper imi\u0119 z plexi z\u0142ote lustro\"},{\"@type\":\"BreadcrumbList\",\"@id\":\"https:\\\/\\\/www.drewnianamagia.pl\\\/index.php\\\/produkt\\\/topper-imie-z-plexi-zlote-lustro\\\/#breadcrumb\",\"itemListElement\":[{\"@type\":\"ListItem\",\"position\":1,\"name\":\"Strona g\u0142\u00f3wna\",\"item\":\"https:\\\/\\\/www.drewnianamagia.pl\\\/\"},{\"@type\":\"ListItem\",\"position\":2,\"name\":\"Sklep\",\"item\":\"https:\\\/\\\/www.drewnianamagia.pl\\\/index.php\\\/sklep-internetowy-drewnianamagia\\\/\"},{\"@type\":\"ListItem\",\"position\":3,\"name\":\"Topper &#8211; imi\u0119 z plexi z\u0142ote lustro\"}]},{\"@type\":\"WebSite\",\"@id\":\"https:\\\/\\\/www.drewnianamagia.pl\\\/#website\",\"url\":\"https:\\\/\\\/www.drewnianamagia.pl\\\/\",\"name\":\"Drewniana Magia\",\"description\":\"Personalizowane prezenty i dekoracje z drewna i druku 3D, na ka\u017cd\u0105 okazj\u0119 i okoliczno\u015b\u0107. Urodziny, Chrzest, Przyj\u0119cie, \u015awi\u0119ta, \u015alub\",\"publisher\":{\"@id\":\"https:\\\/\\\/www.drewnianamagia.pl\\\/#organization\"},\"potentialAction\":[{\"@type\":\"SearchAction\",\"target\":{\"@type\":\"EntryPoint\",\"urlTemplate\":\"https:\\\/\\\/www.drewnianamagia.pl\\\/?s={search_term_string}\"},\"query-input\":{\"@type\":\"PropertyValueSpecification\",\"valueRequired\":true,\"valueName\":\"search_term_string\"}}],\"inLanguage\":\"pl-PL\"},{\"@type\":\"Organization\",\"@id\":\"https:\\\/\\\/www.drewnianamagia.pl\\\/#organization\",\"name\":\"Drewniana Magia\",\"url\":\"https:\\\/\\\/www.drewnianamagia.pl\\\/\",\"logo\":{\"@type\":\"ImageObject\",\"inLanguage\":\"pl-PL\",\"@id\":\"https:\\\/\\\/www.drewnianamagia.pl\\\/#\\\/schema\\\/logo\\\/image\\\/\",\"url\":\"https:\\\/\\\/www.drewnianamagia.pl\\\/wp-content\\\/uploads\\\/2024\\\/02\\\/cropped-LOGO-DrewnianaMagia-375x188-1.png\",\"contentUrl\":\"https:\\\/\\\/www.drewnianamagia.pl\\\/wp-content\\\/uploads\\\/2024\\\/02\\\/cropped-LOGO-DrewnianaMagia-375x188-1.png\",\"width\":374,\"height\":188,\"caption\":\"Drewniana Magia\"},\"image\":{\"@id\":\"https:\\\/\\\/www.drewnianamagia.pl\\\/#\\\/schema\\\/logo\\\/image\\\/\"},\"sameAs\":[\"https:\\\/\\\/facebook.com\\\/BelasDrewnianaMagia\"]}]}<\/script>\n<!-- \/ Yoast SEO plugin. -->","yoast_head_json":{"title":"Topper - imi\u0119 z plexi z\u0142ote lustro - Drewniana Magia","description":"Topper z dowolnym imieniem wykonany z plexi - z\u0142ote lustro. Szeroko\u015b\u0107 produktu 15cm, grubo\u015b\u0107 2mm. Dodaj blasku do swoich dekoracji.","robots":{"index":"index","follow":"follow","max-snippet":"max-snippet:-1","max-image-preview":"max-image-preview:large","max-video-preview":"max-video-preview:-1"},"canonical":"https:\/\/www.drewnianamagia.pl\/index.php\/produkt\/topper-imie-z-plexi-zlote-lustro\/","og_locale":"pl_PL","og_type":"article","og_title":"Topper - imi\u0119 z plexi z\u0142ote lustro - Drewniana Magia","og_description":"Topper z dowolnym imieniem wykonany z plexi - z\u0142ote lustro. Szeroko\u015b\u0107 produktu 15cm, grubo\u015b\u0107 2mm. Dodaj blasku do swoich dekoracji.","og_url":"https:\/\/www.drewnianamagia.pl\/index.php\/produkt\/topper-imie-z-plexi-zlote-lustro\/","og_site_name":"Drewniana Magia","article_publisher":"https:\/\/facebook.com\/BelasDrewnianaMagia","article_modified_time":"2025-07-21T10:56:24+00:00","og_image":[{"width":2000,"height":2000,"url":"https:\/\/www.drewnianamagia.pl\/wp-content\/uploads\/2025\/06\/Imie-na-piku-zlote-lustro-01.jpg","type":"image\/jpeg"}],"twitter_card":"summary_large_image","twitter_misc":{"Szacowany czas czytania":"1 minuta"},"schema":{"@context":"https:\/\/schema.org","@graph":[{"@type":"WebPage","@id":"https:\/\/www.drewnianamagia.pl\/index.php\/produkt\/topper-imie-z-plexi-zlote-lustro\/","url":"https:\/\/www.drewnianamagia.pl\/index.php\/produkt\/topper-imie-z-plexi-zlote-lustro\/","name":"Topper - imi\u0119 z plexi z\u0142ote lustro - Drewniana Magia","isPartOf":{"@id":"https:\/\/www.drewnianamagia.pl\/#website"},"primaryImageOfPage":{"@id":"https:\/\/www.drewnianamagia.pl\/index.php\/produkt\/topper-imie-z-plexi-zlote-lustro\/#primaryimage"},"image":{"@id":"https:\/\/www.drewnianamagia.pl\/index.php\/produkt\/topper-imie-z-plexi-zlote-lustro\/#primaryimage"},"thumbnailUrl":"https:\/\/www.drewnianamagia.pl\/wp-content\/uploads\/2025\/06\/Imie-na-piku-zlote-lustro-01.jpg","datePublished":"2025-06-14T07:28:30+00:00","dateModified":"2025-07-21T10:56:24+00:00","description":"Topper z dowolnym imieniem wykonany z plexi - z\u0142ote lustro. Szeroko\u015b\u0107 produktu 15cm, grubo\u015b\u0107 2mm. Dodaj blasku do swoich dekoracji.","breadcrumb":{"@id":"https:\/\/www.drewnianamagia.pl\/index.php\/produkt\/topper-imie-z-plexi-zlote-lustro\/#breadcrumb"},"inLanguage":"pl-PL","potentialAction":[{"@type":"ReadAction","target":["https:\/\/www.drewnianamagia.pl\/index.php\/produkt\/topper-imie-z-plexi-zlote-lustro\/"]}]},{"@type":"ImageObject","inLanguage":"pl-PL","@id":"https:\/\/www.drewnianamagia.pl\/index.php\/produkt\/topper-imie-z-plexi-zlote-lustro\/#primaryimage","url":"https:\/\/www.drewnianamagia.pl\/wp-content\/uploads\/2025\/06\/Imie-na-piku-zlote-lustro-01.jpg","contentUrl":"https:\/\/www.drewnianamagia.pl\/wp-content\/uploads\/2025\/06\/Imie-na-piku-zlote-lustro-01.jpg","width":2000,"height":2000,"caption":"topper imi\u0119 z plexi z\u0142ote lustro"},{"@type":"BreadcrumbList","@id":"https:\/\/www.drewnianamagia.pl\/index.php\/produkt\/topper-imie-z-plexi-zlote-lustro\/#breadcrumb","itemListElement":[{"@type":"ListItem","position":1,"name":"Strona g\u0142\u00f3wna","item":"https:\/\/www.drewnianamagia.pl\/"},{"@type":"ListItem","position":2,"name":"Sklep","item":"https:\/\/www.drewnianamagia.pl\/index.php\/sklep-internetowy-drewnianamagia\/"},{"@type":"ListItem","position":3,"name":"Topper &#8211; imi\u0119 z plexi z\u0142ote lustro"}]},{"@type":"WebSite","@id":"https:\/\/www.drewnianamagia.pl\/#website","url":"https:\/\/www.drewnianamagia.pl\/","name":"Drewniana Magia","description":"Personalizowane prezenty i dekoracje z drewna i druku 3D, na ka\u017cd\u0105 okazj\u0119 i okoliczno\u015b\u0107. Urodziny, Chrzest, Przyj\u0119cie, \u015awi\u0119ta, \u015alub","publisher":{"@id":"https:\/\/www.drewnianamagia.pl\/#organization"},"potentialAction":[{"@type":"SearchAction","target":{"@type":"EntryPoint","urlTemplate":"https:\/\/www.drewnianamagia.pl\/?s={search_term_string}"},"query-input":{"@type":"PropertyValueSpecification","valueRequired":true,"valueName":"search_term_string"}}],"inLanguage":"pl-PL"},{"@type":"Organization","@id":"https:\/\/www.drewnianamagia.pl\/#organization","name":"Drewniana Magia","url":"https:\/\/www.drewnianamagia.pl\/","logo":{"@type":"ImageObject","inLanguage":"pl-PL","@id":"https:\/\/www.drewnianamagia.pl\/#\/schema\/logo\/image\/","url":"https:\/\/www.drewnianamagia.pl\/wp-content\/uploads\/2024\/02\/cropped-LOGO-DrewnianaMagia-375x188-1.png","contentUrl":"https:\/\/www.drewnianamagia.pl\/wp-content\/uploads\/2024\/02\/cropped-LOGO-DrewnianaMagia-375x188-1.png","width":374,"height":188,"caption":"Drewniana Magia"},"image":{"@id":"https:\/\/www.drewnianamagia.pl\/#\/schema\/logo\/image\/"},"sameAs":["https:\/\/facebook.com\/BelasDrewnianaMagia"]}]}},"_links":{"self":[{"href":"https:\/\/www.drewnianamagia.pl\/index.php\/wp-json\/wp\/v2\/product\/8284","targetHints":{"allow":["GET"]}}],"collection":[{"href":"https:\/\/www.drewnianamagia.pl\/index.php\/wp-json\/wp\/v2\/product"}],"about":[{"href":"https:\/\/www.drewnianamagia.pl\/index.php\/wp-json\/wp\/v2\/types\/product"}],"replies":[{"embeddable":true,"href":"https:\/\/www.drewnianamagia.pl\/index.php\/wp-json\/wp\/v2\/comments?post=8284"}],"wp:featuredmedia":[{"embeddable":true,"href":"https:\/\/www.drewnianamagia.pl\/index.php\/wp-json\/wp\/v2\/media\/8280"}],"wp:attachment":[{"href":"https:\/\/www.drewnianamagia.pl\/index.php\/wp-json\/wp\/v2\/media?parent=8284"}],"wp:term":[{"taxonomy":"product_brand","embeddable":true,"href":"https:\/\/www.drewnianamagia.pl\/index.php\/wp-json\/wp\/v2\/product_brand?post=8284"},{"taxonomy":"product_cat","embeddable":true,"href":"https:\/\/www.drewnianamagia.pl\/index.php\/wp-json\/wp\/v2\/product_cat?post=8284"},{"taxonomy":"product_tag","embeddable":true,"href":"https:\/\/www.drewnianamagia.pl\/index.php\/wp-json\/wp\/v2\/product_tag?post=8284"}],"curies":[{"name":"wp","href":"https:\/\/api.w.org\/{rel}","templated":true}]}}