{"id":8268,"date":"2025-06-13T13:07:32","date_gmt":"2025-06-13T11:07:32","guid":{"rendered":"https:\/\/www.drewnianamagia.pl\/?post_type=product&#038;p=8268"},"modified":"2025-06-23T16:03:08","modified_gmt":"2025-06-23T14:03:08","slug":"tabliczka-dla-taty-urodziny-dzien-ojca","status":"publish","type":"product","link":"https:\/\/www.drewnianamagia.pl\/index.php\/produkt\/tabliczka-dla-taty-urodziny-dzien-ojca\/","title":{"rendered":"Tabliczka dla Taty- Urodziny, Dzie\u0144 Ojca"},"content":{"rendered":"<h1 style=\"text-align: center;\"><strong>Tabliczka dla Taty od 1, 2 lub 3 dzieci na Urodziny lub Dzie\u0144 Ojca<\/strong><\/h1>\n<p class=\"\" data-start=\"92\" data-end=\"229\"><strong data-start=\"92\" data-end=\"229\">Tabliczka dla Taty z okazji Dnia Ojca, Urodzin, Imienin lub na ka\u017cd\u0105 inn\u0105 okazj\u0119<\/strong><\/p>\n<p class=\"\" data-start=\"231\" data-end=\"498\">Bia\u0142e t\u0142o, z ciemn\u0105 ram\u0105 w kolorze &#8222;Wenge&#8221; i wyci\u0119t\u0105 r\u0119k\u0105 oraz obrysem symbolizuj\u0105cym r\u0105czk\u0119 dziecka to symbol wsparcia jakie dziecko otrzymuje od swojego Taty.<\/p>\n<p data-start=\"231\" data-end=\"498\">Przy r\u0105czce wpisane imi\u0119 dziecka.<\/p>\n<p data-start=\"231\" data-end=\"498\">Oferta dotyczy wersji dla 1, 2 lub 3 dzieci (w\u00f3wczas zostaj\u0105 do\u0142o\u017cone dodatkowe wyci\u0119te r\u0105czki dziecka wraz z grawerami ich imion.<\/p>\n<p data-start=\"231\" data-end=\"498\">Ramka w rozmiarze 20 x 26 cm. W tylnej cz\u0119\u015bci posiada zamocowany uchwyt do powieszenia na \u015bcianie.<\/p>\n<hr \/>\n<p><span style=\"color: #ff0000;\"><strong>PERSONALIZACJA:<\/strong><\/span><\/p>\n<p>W celu personalizacji podaj nast\u0119puj\u0105ce informacje:<\/p>\n<ul>\n<li>Imi\u0119 dziecka (lub dzieci &#8211; max.3)<\/li>\n<li>Mo\u017cesz zmieni\u0107 tre\u015b\u0107 graweru tekstu znajduj\u0105cego si\u0119 w dolnej cz\u0119\u015bci.<\/li>\n<\/ul>\n<p>&nbsp;<\/p>\n<hr \/>\n<p><span style=\"color: #ff0000;\"><strong>SPECYFIKACJA:<\/strong><\/span><\/p>\n<ul>\n<li>Materia\u0142: HDF<\/li>\n<li>Szeroko\u015b\u0107: 20 cm<\/li>\n<li>Wysoko\u015b\u0107: 26 cm<\/li>\n<li>Grawer laserowy &#8211; trwa\u0142y i nie\u015bcieralny<\/li>\n<\/ul>\n<hr \/>\n<p><span style=\"color: #ff0000;\"><strong>POZOSTA\u0141E INFORMACJE:<\/strong><\/span><\/p>\n<p>Kolory mog\u0105 si\u0119 nieznacznie r\u00f3\u017cni\u0107 od tych widocznych na ekranie &#8211; wynika to z ustawie\u0144 konkretnego ekranu a tak\u017ce ze specyfikacji materia\u0142u z kt\u00f3rego produkt zostanie wykonany.<\/p>\n","protected":false},"excerpt":{"rendered":"<p>Tabliczka dla Taty od 1, 2 lub 3 dzieci na Urodziny lub Dzie\u0144 Ojca Tabliczka dla Taty z okazji Dnia Ojca, Urodzin, Imienin lub na ka\u017cd\u0105 inn\u0105 okazj\u0119 Bia\u0142e t\u0142o, z ciemn\u0105 ram\u0105 w kolorze &#8222;Wenge&#8221; i wyci\u0119t\u0105 r\u0119k\u0105 oraz obrysem symbolizuj\u0105cym r\u0105czk\u0119 dziecka to symbol wsparcia jakie dziecko otrzymuje od swojego Taty. Przy r\u0105czce [&hellip;]<\/p>\n","protected":false},"featured_media":8249,"comment_status":"open","ping_status":"closed","template":"","meta":{"_acf_changed":false},"product_brand":[180],"product_cat":[49,100,96],"product_tag":[54,192,207],"class_list":{"0":"post-8268","1":"product","2":"type-product","3":"status-publish","4":"has-post-thumbnail","6":"product_brand-drewniana-magia","7":"product_cat-dekoracje","8":"product_cat-dzien-matki-dzien-ojca","9":"product_cat-urodziny-imieniny","10":"product_tag-personalizacja","11":"product_tag-prezent-na-dzien-ojca","12":"product_tag-stj","14":"first","15":"instock","16":"taxable","17":"shipping-taxable","18":"purchasable","19":"product-type-simple"},"acf":[],"yoast_head":"<!-- This site is optimized with the Yoast SEO plugin v27.5 - https:\/\/yoast.com\/product\/yoast-seo-wordpress\/ -->\n<title>Tabliczka dla Taty- Urodziny, Dzie\u0144 Ojca - Drewniana Magia<\/title>\n<meta name=\"description\" content=\"Tabliczka z okazji Dnia Ojca lub Urodzin - dla Taty. Personalizowany grawer. Mo\u017cliwo\u015b\u0107 powieszenia na \u015bcianie. Od 1 do 3 dzieci.\" \/>\n<meta name=\"robots\" content=\"index, follow, max-snippet:-1, max-image-preview:large, max-video-preview:-1\" \/>\n<link rel=\"canonical\" href=\"https:\/\/www.drewnianamagia.pl\/index.php\/produkt\/tabliczka-dla-taty-urodziny-dzien-ojca\/\" \/>\n<meta property=\"og:locale\" content=\"pl_PL\" \/>\n<meta property=\"og:type\" content=\"article\" \/>\n<meta property=\"og:title\" content=\"Tabliczka dla Taty- Urodziny, Dzie\u0144 Ojca - Drewniana Magia\" \/>\n<meta property=\"og:description\" content=\"Tabliczka z okazji Dnia Ojca lub Urodzin - dla Taty. Personalizowany grawer. Mo\u017cliwo\u015b\u0107 powieszenia na \u015bcianie. Od 1 do 3 dzieci.\" \/>\n<meta property=\"og:url\" content=\"https:\/\/www.drewnianamagia.pl\/index.php\/produkt\/tabliczka-dla-taty-urodziny-dzien-ojca\/\" \/>\n<meta property=\"og:site_name\" content=\"Drewniana Magia\" \/>\n<meta property=\"article:publisher\" content=\"https:\/\/facebook.com\/BelasDrewnianaMagia\" \/>\n<meta property=\"article:modified_time\" content=\"2025-06-23T14:03:08+00:00\" \/>\n<meta property=\"og:image\" content=\"https:\/\/www.drewnianamagia.pl\/wp-content\/uploads\/2025\/06\/tabliczka-dla-Taty-dzien-ojca-urodziny-01.jpg\" \/>\n\t<meta property=\"og:image:width\" content=\"2000\" \/>\n\t<meta property=\"og:image:height\" content=\"2000\" \/>\n\t<meta property=\"og:image:type\" content=\"image\/jpeg\" \/>\n<meta name=\"twitter:card\" content=\"summary_large_image\" \/>\n<meta name=\"twitter:label1\" content=\"Szacowany czas czytania\" \/>\n\t<meta name=\"twitter:data1\" content=\"2 minuty\" \/>\n<script type=\"application\/ld+json\" class=\"yoast-schema-graph\">{\"@context\":\"https:\\\/\\\/schema.org\",\"@graph\":[{\"@type\":\"WebPage\",\"@id\":\"https:\\\/\\\/www.drewnianamagia.pl\\\/index.php\\\/produkt\\\/tabliczka-dla-taty-urodziny-dzien-ojca\\\/\",\"url\":\"https:\\\/\\\/www.drewnianamagia.pl\\\/index.php\\\/produkt\\\/tabliczka-dla-taty-urodziny-dzien-ojca\\\/\",\"name\":\"Tabliczka dla Taty- Urodziny, Dzie\u0144 Ojca - Drewniana Magia\",\"isPartOf\":{\"@id\":\"https:\\\/\\\/www.drewnianamagia.pl\\\/#website\"},\"primaryImageOfPage\":{\"@id\":\"https:\\\/\\\/www.drewnianamagia.pl\\\/index.php\\\/produkt\\\/tabliczka-dla-taty-urodziny-dzien-ojca\\\/#primaryimage\"},\"image\":{\"@id\":\"https:\\\/\\\/www.drewnianamagia.pl\\\/index.php\\\/produkt\\\/tabliczka-dla-taty-urodziny-dzien-ojca\\\/#primaryimage\"},\"thumbnailUrl\":\"https:\\\/\\\/www.drewnianamagia.pl\\\/wp-content\\\/uploads\\\/2025\\\/06\\\/tabliczka-dla-Taty-dzien-ojca-urodziny-01.jpg\",\"datePublished\":\"2025-06-13T11:07:32+00:00\",\"dateModified\":\"2025-06-23T14:03:08+00:00\",\"description\":\"Tabliczka z okazji Dnia Ojca lub Urodzin - dla Taty. Personalizowany grawer. Mo\u017cliwo\u015b\u0107 powieszenia na \u015bcianie. Od 1 do 3 dzieci.\",\"breadcrumb\":{\"@id\":\"https:\\\/\\\/www.drewnianamagia.pl\\\/index.php\\\/produkt\\\/tabliczka-dla-taty-urodziny-dzien-ojca\\\/#breadcrumb\"},\"inLanguage\":\"pl-PL\",\"potentialAction\":[{\"@type\":\"ReadAction\",\"target\":[\"https:\\\/\\\/www.drewnianamagia.pl\\\/index.php\\\/produkt\\\/tabliczka-dla-taty-urodziny-dzien-ojca\\\/\"]}]},{\"@type\":\"ImageObject\",\"inLanguage\":\"pl-PL\",\"@id\":\"https:\\\/\\\/www.drewnianamagia.pl\\\/index.php\\\/produkt\\\/tabliczka-dla-taty-urodziny-dzien-ojca\\\/#primaryimage\",\"url\":\"https:\\\/\\\/www.drewnianamagia.pl\\\/wp-content\\\/uploads\\\/2025\\\/06\\\/tabliczka-dla-Taty-dzien-ojca-urodziny-01.jpg\",\"contentUrl\":\"https:\\\/\\\/www.drewnianamagia.pl\\\/wp-content\\\/uploads\\\/2025\\\/06\\\/tabliczka-dla-Taty-dzien-ojca-urodziny-01.jpg\",\"width\":2000,\"height\":2000,\"caption\":\"tabliczka dla taty na dzie\u0144 ojca, urodziny, imieniny r\u0105czka dziecka\"},{\"@type\":\"BreadcrumbList\",\"@id\":\"https:\\\/\\\/www.drewnianamagia.pl\\\/index.php\\\/produkt\\\/tabliczka-dla-taty-urodziny-dzien-ojca\\\/#breadcrumb\",\"itemListElement\":[{\"@type\":\"ListItem\",\"position\":1,\"name\":\"Strona g\u0142\u00f3wna\",\"item\":\"https:\\\/\\\/www.drewnianamagia.pl\\\/\"},{\"@type\":\"ListItem\",\"position\":2,\"name\":\"Sklep\",\"item\":\"https:\\\/\\\/www.drewnianamagia.pl\\\/index.php\\\/sklep-internetowy-drewnianamagia\\\/\"},{\"@type\":\"ListItem\",\"position\":3,\"name\":\"Tabliczka dla Taty- Urodziny, Dzie\u0144 Ojca\"}]},{\"@type\":\"WebSite\",\"@id\":\"https:\\\/\\\/www.drewnianamagia.pl\\\/#website\",\"url\":\"https:\\\/\\\/www.drewnianamagia.pl\\\/\",\"name\":\"Drewniana Magia\",\"description\":\"Personalizowane prezenty i dekoracje z drewna i druku 3D, na ka\u017cd\u0105 okazj\u0119 i okoliczno\u015b\u0107. Urodziny, Chrzest, Przyj\u0119cie, \u015awi\u0119ta, \u015alub\",\"publisher\":{\"@id\":\"https:\\\/\\\/www.drewnianamagia.pl\\\/#organization\"},\"potentialAction\":[{\"@type\":\"SearchAction\",\"target\":{\"@type\":\"EntryPoint\",\"urlTemplate\":\"https:\\\/\\\/www.drewnianamagia.pl\\\/?s={search_term_string}\"},\"query-input\":{\"@type\":\"PropertyValueSpecification\",\"valueRequired\":true,\"valueName\":\"search_term_string\"}}],\"inLanguage\":\"pl-PL\"},{\"@type\":\"Organization\",\"@id\":\"https:\\\/\\\/www.drewnianamagia.pl\\\/#organization\",\"name\":\"Drewniana Magia\",\"url\":\"https:\\\/\\\/www.drewnianamagia.pl\\\/\",\"logo\":{\"@type\":\"ImageObject\",\"inLanguage\":\"pl-PL\",\"@id\":\"https:\\\/\\\/www.drewnianamagia.pl\\\/#\\\/schema\\\/logo\\\/image\\\/\",\"url\":\"https:\\\/\\\/www.drewnianamagia.pl\\\/wp-content\\\/uploads\\\/2024\\\/02\\\/cropped-LOGO-DrewnianaMagia-375x188-1.png\",\"contentUrl\":\"https:\\\/\\\/www.drewnianamagia.pl\\\/wp-content\\\/uploads\\\/2024\\\/02\\\/cropped-LOGO-DrewnianaMagia-375x188-1.png\",\"width\":374,\"height\":188,\"caption\":\"Drewniana Magia\"},\"image\":{\"@id\":\"https:\\\/\\\/www.drewnianamagia.pl\\\/#\\\/schema\\\/logo\\\/image\\\/\"},\"sameAs\":[\"https:\\\/\\\/facebook.com\\\/BelasDrewnianaMagia\"]}]}<\/script>\n<!-- \/ Yoast SEO plugin. -->","yoast_head_json":{"title":"Tabliczka dla Taty- Urodziny, Dzie\u0144 Ojca - Drewniana Magia","description":"Tabliczka z okazji Dnia Ojca lub Urodzin - dla Taty. Personalizowany grawer. Mo\u017cliwo\u015b\u0107 powieszenia na \u015bcianie. Od 1 do 3 dzieci.","robots":{"index":"index","follow":"follow","max-snippet":"max-snippet:-1","max-image-preview":"max-image-preview:large","max-video-preview":"max-video-preview:-1"},"canonical":"https:\/\/www.drewnianamagia.pl\/index.php\/produkt\/tabliczka-dla-taty-urodziny-dzien-ojca\/","og_locale":"pl_PL","og_type":"article","og_title":"Tabliczka dla Taty- Urodziny, Dzie\u0144 Ojca - Drewniana Magia","og_description":"Tabliczka z okazji Dnia Ojca lub Urodzin - dla Taty. Personalizowany grawer. Mo\u017cliwo\u015b\u0107 powieszenia na \u015bcianie. Od 1 do 3 dzieci.","og_url":"https:\/\/www.drewnianamagia.pl\/index.php\/produkt\/tabliczka-dla-taty-urodziny-dzien-ojca\/","og_site_name":"Drewniana Magia","article_publisher":"https:\/\/facebook.com\/BelasDrewnianaMagia","article_modified_time":"2025-06-23T14:03:08+00:00","og_image":[{"width":2000,"height":2000,"url":"https:\/\/www.drewnianamagia.pl\/wp-content\/uploads\/2025\/06\/tabliczka-dla-Taty-dzien-ojca-urodziny-01.jpg","type":"image\/jpeg"}],"twitter_card":"summary_large_image","twitter_misc":{"Szacowany czas czytania":"2 minuty"},"schema":{"@context":"https:\/\/schema.org","@graph":[{"@type":"WebPage","@id":"https:\/\/www.drewnianamagia.pl\/index.php\/produkt\/tabliczka-dla-taty-urodziny-dzien-ojca\/","url":"https:\/\/www.drewnianamagia.pl\/index.php\/produkt\/tabliczka-dla-taty-urodziny-dzien-ojca\/","name":"Tabliczka dla Taty- Urodziny, Dzie\u0144 Ojca - Drewniana Magia","isPartOf":{"@id":"https:\/\/www.drewnianamagia.pl\/#website"},"primaryImageOfPage":{"@id":"https:\/\/www.drewnianamagia.pl\/index.php\/produkt\/tabliczka-dla-taty-urodziny-dzien-ojca\/#primaryimage"},"image":{"@id":"https:\/\/www.drewnianamagia.pl\/index.php\/produkt\/tabliczka-dla-taty-urodziny-dzien-ojca\/#primaryimage"},"thumbnailUrl":"https:\/\/www.drewnianamagia.pl\/wp-content\/uploads\/2025\/06\/tabliczka-dla-Taty-dzien-ojca-urodziny-01.jpg","datePublished":"2025-06-13T11:07:32+00:00","dateModified":"2025-06-23T14:03:08+00:00","description":"Tabliczka z okazji Dnia Ojca lub Urodzin - dla Taty. Personalizowany grawer. Mo\u017cliwo\u015b\u0107 powieszenia na \u015bcianie. Od 1 do 3 dzieci.","breadcrumb":{"@id":"https:\/\/www.drewnianamagia.pl\/index.php\/produkt\/tabliczka-dla-taty-urodziny-dzien-ojca\/#breadcrumb"},"inLanguage":"pl-PL","potentialAction":[{"@type":"ReadAction","target":["https:\/\/www.drewnianamagia.pl\/index.php\/produkt\/tabliczka-dla-taty-urodziny-dzien-ojca\/"]}]},{"@type":"ImageObject","inLanguage":"pl-PL","@id":"https:\/\/www.drewnianamagia.pl\/index.php\/produkt\/tabliczka-dla-taty-urodziny-dzien-ojca\/#primaryimage","url":"https:\/\/www.drewnianamagia.pl\/wp-content\/uploads\/2025\/06\/tabliczka-dla-Taty-dzien-ojca-urodziny-01.jpg","contentUrl":"https:\/\/www.drewnianamagia.pl\/wp-content\/uploads\/2025\/06\/tabliczka-dla-Taty-dzien-ojca-urodziny-01.jpg","width":2000,"height":2000,"caption":"tabliczka dla taty na dzie\u0144 ojca, urodziny, imieniny r\u0105czka dziecka"},{"@type":"BreadcrumbList","@id":"https:\/\/www.drewnianamagia.pl\/index.php\/produkt\/tabliczka-dla-taty-urodziny-dzien-ojca\/#breadcrumb","itemListElement":[{"@type":"ListItem","position":1,"name":"Strona g\u0142\u00f3wna","item":"https:\/\/www.drewnianamagia.pl\/"},{"@type":"ListItem","position":2,"name":"Sklep","item":"https:\/\/www.drewnianamagia.pl\/index.php\/sklep-internetowy-drewnianamagia\/"},{"@type":"ListItem","position":3,"name":"Tabliczka dla Taty- Urodziny, Dzie\u0144 Ojca"}]},{"@type":"WebSite","@id":"https:\/\/www.drewnianamagia.pl\/#website","url":"https:\/\/www.drewnianamagia.pl\/","name":"Drewniana Magia","description":"Personalizowane prezenty i dekoracje z drewna i druku 3D, na ka\u017cd\u0105 okazj\u0119 i okoliczno\u015b\u0107. Urodziny, Chrzest, Przyj\u0119cie, \u015awi\u0119ta, \u015alub","publisher":{"@id":"https:\/\/www.drewnianamagia.pl\/#organization"},"potentialAction":[{"@type":"SearchAction","target":{"@type":"EntryPoint","urlTemplate":"https:\/\/www.drewnianamagia.pl\/?s={search_term_string}"},"query-input":{"@type":"PropertyValueSpecification","valueRequired":true,"valueName":"search_term_string"}}],"inLanguage":"pl-PL"},{"@type":"Organization","@id":"https:\/\/www.drewnianamagia.pl\/#organization","name":"Drewniana Magia","url":"https:\/\/www.drewnianamagia.pl\/","logo":{"@type":"ImageObject","inLanguage":"pl-PL","@id":"https:\/\/www.drewnianamagia.pl\/#\/schema\/logo\/image\/","url":"https:\/\/www.drewnianamagia.pl\/wp-content\/uploads\/2024\/02\/cropped-LOGO-DrewnianaMagia-375x188-1.png","contentUrl":"https:\/\/www.drewnianamagia.pl\/wp-content\/uploads\/2024\/02\/cropped-LOGO-DrewnianaMagia-375x188-1.png","width":374,"height":188,"caption":"Drewniana Magia"},"image":{"@id":"https:\/\/www.drewnianamagia.pl\/#\/schema\/logo\/image\/"},"sameAs":["https:\/\/facebook.com\/BelasDrewnianaMagia"]}]}},"_links":{"self":[{"href":"https:\/\/www.drewnianamagia.pl\/index.php\/wp-json\/wp\/v2\/product\/8268","targetHints":{"allow":["GET"]}}],"collection":[{"href":"https:\/\/www.drewnianamagia.pl\/index.php\/wp-json\/wp\/v2\/product"}],"about":[{"href":"https:\/\/www.drewnianamagia.pl\/index.php\/wp-json\/wp\/v2\/types\/product"}],"replies":[{"embeddable":true,"href":"https:\/\/www.drewnianamagia.pl\/index.php\/wp-json\/wp\/v2\/comments?post=8268"}],"wp:featuredmedia":[{"embeddable":true,"href":"https:\/\/www.drewnianamagia.pl\/index.php\/wp-json\/wp\/v2\/media\/8249"}],"wp:attachment":[{"href":"https:\/\/www.drewnianamagia.pl\/index.php\/wp-json\/wp\/v2\/media?parent=8268"}],"wp:term":[{"taxonomy":"product_brand","embeddable":true,"href":"https:\/\/www.drewnianamagia.pl\/index.php\/wp-json\/wp\/v2\/product_brand?post=8268"},{"taxonomy":"product_cat","embeddable":true,"href":"https:\/\/www.drewnianamagia.pl\/index.php\/wp-json\/wp\/v2\/product_cat?post=8268"},{"taxonomy":"product_tag","embeddable":true,"href":"https:\/\/www.drewnianamagia.pl\/index.php\/wp-json\/wp\/v2\/product_tag?post=8268"}],"curies":[{"name":"wp","href":"https:\/\/api.w.org\/{rel}","templated":true}]}}