{"id":8266,"date":"2025-06-13T12:32:10","date_gmt":"2025-06-13T10:32:10","guid":{"rendered":"https:\/\/www.drewnianamagia.pl\/?post_type=product&#038;p=8266"},"modified":"2025-06-13T12:54:35","modified_gmt":"2025-06-13T10:54:35","slug":"kartka-z-zyczeniami-podziekowaniem-sowka","status":"publish","type":"product","link":"https:\/\/www.drewnianamagia.pl\/index.php\/produkt\/kartka-z-zyczeniami-podziekowaniem-sowka\/","title":{"rendered":"Kartka z \u017cyczeniami, podzi\u0119kowaniem &#8211; s\u00f3wka"},"content":{"rendered":"<h1 style=\"text-align: center;\"><strong>Kartka z \u017cyczeniami, podzi\u0119kowaniem z wyci\u0119t\u0105 s\u00f3wk\u0105<\/strong><\/h1>\n<p class=\"\" data-start=\"92\" data-end=\"229\"><strong data-start=\"92\" data-end=\"229\">Personalizowana drewniana kartka z \u017cyczeniami z kopert\u0105 w wybranym kolorze \u2013 wyj\u0105tkowy spos\u00f3b na podzi\u0119kowanie lub \u017cyczenia.<\/strong><\/p>\n<p class=\"\" data-start=\"231\" data-end=\"498\">Dzie\u0144 Nauczyciela, Zako\u0144czenie Roku Szkolnego, Podzi\u0119kowanie za wsp\u00f3\u0142prac\u0119, Urodziny,\u00a0 &#8211; wszystkie te okazje zas\u0142uguj\u0105 na wyj\u0105tkowe traktowanie. Z nasz\u0105 kartk\u0105 mo\u017cesz przekaza\u0107 tre\u015bc podzi\u0119kowa\u0144 lub \u017cycze\u0144 w trwa\u0142y i wyj\u0105tkowy spos\u00f3b.<\/p>\n<p data-start=\"231\" data-end=\"498\">Personalizowany trwa\u0142y grawer i drewniana forma sprawia, \u017ce kartka nie b\u0119dzie tylko przedmiotem, kt\u00f3ry szybko straci sw\u00f3j blask i zostanie wyrzucony.<\/p>\n<p data-start=\"231\" data-end=\"498\">Do\u0142\u0105czona koperta w formacie C6 pozwoli na za\u0142\u0105czenie dodatkowych \u017cycze\u0144, bonu na zakupy, pieni\u0119dzy itp.<\/p>\n<hr \/>\n<p><span style=\"color: #ff0000;\"><strong>PERSONALIZACJA:<\/strong><\/span><\/p>\n<p>Spersonalizujemy Twoj\u0105 kartk\u0119 wed\u0142ug tego co zechcesz na niej umie\u015bci\u0107. Do zagospodarowania masz stron\u0119 pierwsz\u0105 (z widoczn\u0105 wyci\u0119t\u0105 s\u00f3wk\u0105) oraz stron\u0119 trzeci\u0105 (widoczn\u0105 po prawej stronie od przyklejonej koperty w wybranym kolorze) Podaj nam co i gdzie ma si\u0119 znale\u017a\u0107 np.:<\/p>\n<ul>\n<li>Tre\u015b\u0107 do wygrawerowania nad wyci\u0119t\u0105 s\u00f3wk\u0105 np: (nad s\u00f3wk\u0105: Dzi\u0119kujemy!)<\/li>\n<li>Tre\u015b\u0107 do wygrawerowania pod wyci\u0119t\u0105 s\u00f3wk\u0105 np: (pod s\u00f3wk\u0105: Promyki Nadziei)<\/li>\n<li>Tre\u015b\u0107 strony wewn\u0105trz<\/li>\n<li>Kolor koperty (do wyboru: Niebieska, Zielona, Czerwona, R\u00f3\u017cowa)<\/li>\n<\/ul>\n<p>&nbsp;<\/p>\n<hr \/>\n<p><span style=\"color: #ff0000;\"><strong>SPECYFIKACJA:<\/strong><\/span><\/p>\n<ul>\n<li>Materia\u0142: wysokiej jako\u015bci sklejka drewniana o grubo\u015bci ok. 3mm (produkt z\u0142o\u017cony z przymocowan\u0105 kopert\u0105 ma oko\u0142o 7mm grubo\u015bci)<\/li>\n<li>Produkt r\u0119cznie szlifowany<\/li>\n<li>Szeroko\u015b\u0107: 14 cm<\/li>\n<li>Wysoko\u015b\u0107: 17 cm<\/li>\n<li>Grawer laserowy &#8211; trwa\u0142y i nie\u015bcieralny<\/li>\n<li>Produkt posiada ju\u017c przyklejon\u0105 kopert\u0119 wewn\u0105trz (koperta w wybranym kolorze formatu C6)<\/li>\n<li>W zestawie sznurek jutowy do zawi\u0105zania kartki (otw\u00f3r o szeroko\u015bci 2cm pozwala we w\u0142asnym zakresie zmieni\u0107 do\u0142\u0105czony sznurek na wst\u0105\u017ck\u0119)<\/li>\n<\/ul>\n<hr \/>\n<p><span style=\"color: #ff0000;\"><strong>POZOSTA\u0141E INFORMACJE:<\/strong><\/span><\/p>\n<p>Kolory mog\u0105 si\u0119 nieznacznie r\u00f3\u017cni\u0107 od tych widocznych na ekranie &#8211; wynika to z ustawie\u0144 konkretnego ekranu a tak\u017ce ze specyfikacji materia\u0142u z kt\u00f3rego produkt zostanie wykonany. Drewno to naturalny surowiec i r\u00f3\u017cni si\u0119 struktur\u0105, barw\u0105 czy u\u0142o\u017ceniem s\u0142oj\u00f3w co ma r\u00f3wnie\u017c wp\u0142yw na sam\u0105 barw\u0119 graweru.<\/p>\n","protected":false},"excerpt":{"rendered":"<p>Kartka z \u017cyczeniami, podzi\u0119kowaniem z wyci\u0119t\u0105 s\u00f3wk\u0105 Personalizowana drewniana kartka z \u017cyczeniami z kopert\u0105 w wybranym kolorze \u2013 wyj\u0105tkowy spos\u00f3b na podzi\u0119kowanie lub \u017cyczenia. Dzie\u0144 Nauczyciela, Zako\u0144czenie Roku Szkolnego, Podzi\u0119kowanie za wsp\u00f3\u0142prac\u0119, Urodziny,\u00a0 &#8211; wszystkie te okazje zas\u0142uguj\u0105 na wyj\u0105tkowe traktowanie. Z nasz\u0105 kartk\u0105 mo\u017cesz przekaza\u0107 tre\u015bc podzi\u0119kowa\u0144 lub \u017cycze\u0144 w trwa\u0142y i wyj\u0105tkowy spos\u00f3b. [&hellip;]<\/p>\n","protected":false},"featured_media":8240,"comment_status":"open","ping_status":"closed","template":"","meta":{"_acf_changed":false},"product_brand":[180],"product_cat":[104,147,105,96],"product_tag":[54],"class_list":{"0":"post-8266","1":"product","2":"type-product","3":"status-publish","4":"has-post-thumbnail","6":"product_brand-drewniana-magia","7":"product_cat-dzien-nauczyciela","8":"product_cat-kartki-okolicznosciowe","9":"product_cat-rocznice","10":"product_cat-urodziny-imieniny","11":"product_tag-personalizacja","13":"first","14":"instock","15":"taxable","16":"shipping-taxable","17":"purchasable","18":"product-type-simple"},"acf":[],"yoast_head":"<!-- This site is optimized with the Yoast SEO plugin v27.5 - https:\/\/yoast.com\/product\/yoast-seo-wordpress\/ -->\n<title>Kartka z \u017cyczeniami, podzi\u0119kowaniem - s\u00f3wka - Drewniana Magia<\/title>\n<meta name=\"description\" content=\"Drewniana kartka z \u017cyczeniami, podzi\u0119kowaniem - Personalizowana na r\u00f3\u017cne okazje - Dzie\u0144 Nauczyciela, Zako\u0144czenie Roku Szkolnego z do\u0142\u0105czon\u0105 kopert\u0105.\" \/>\n<meta name=\"robots\" content=\"index, follow, max-snippet:-1, max-image-preview:large, max-video-preview:-1\" \/>\n<link rel=\"canonical\" href=\"https:\/\/www.drewnianamagia.pl\/index.php\/produkt\/kartka-z-zyczeniami-podziekowaniem-sowka\/\" \/>\n<meta property=\"og:locale\" content=\"pl_PL\" \/>\n<meta property=\"og:type\" content=\"article\" \/>\n<meta property=\"og:title\" content=\"Kartka z \u017cyczeniami, podzi\u0119kowaniem - s\u00f3wka - Drewniana Magia\" \/>\n<meta property=\"og:description\" content=\"Drewniana kartka z \u017cyczeniami, podzi\u0119kowaniem - Personalizowana na r\u00f3\u017cne okazje - Dzie\u0144 Nauczyciela, Zako\u0144czenie Roku Szkolnego z do\u0142\u0105czon\u0105 kopert\u0105.\" \/>\n<meta property=\"og:url\" content=\"https:\/\/www.drewnianamagia.pl\/index.php\/produkt\/kartka-z-zyczeniami-podziekowaniem-sowka\/\" \/>\n<meta property=\"og:site_name\" content=\"Drewniana Magia\" \/>\n<meta property=\"article:publisher\" content=\"https:\/\/facebook.com\/BelasDrewnianaMagia\" \/>\n<meta property=\"article:modified_time\" content=\"2025-06-13T10:54:35+00:00\" \/>\n<meta property=\"og:image\" content=\"https:\/\/www.drewnianamagia.pl\/wp-content\/uploads\/2025\/06\/Kartka-sowka-podziekowania-zyczenia-z-koperta-c6-06-zdjecie-glowne.jpg\" \/>\n\t<meta property=\"og:image:width\" content=\"2000\" \/>\n\t<meta property=\"og:image:height\" content=\"2000\" \/>\n\t<meta property=\"og:image:type\" content=\"image\/jpeg\" \/>\n<meta name=\"twitter:card\" content=\"summary_large_image\" \/>\n<meta name=\"twitter:label1\" content=\"Szacowany czas czytania\" \/>\n\t<meta name=\"twitter:data1\" content=\"2 minuty\" \/>\n<script type=\"application\/ld+json\" class=\"yoast-schema-graph\">{\"@context\":\"https:\\\/\\\/schema.org\",\"@graph\":[{\"@type\":\"WebPage\",\"@id\":\"https:\\\/\\\/www.drewnianamagia.pl\\\/index.php\\\/produkt\\\/kartka-z-zyczeniami-podziekowaniem-sowka\\\/\",\"url\":\"https:\\\/\\\/www.drewnianamagia.pl\\\/index.php\\\/produkt\\\/kartka-z-zyczeniami-podziekowaniem-sowka\\\/\",\"name\":\"Kartka z \u017cyczeniami, podzi\u0119kowaniem - s\u00f3wka - Drewniana Magia\",\"isPartOf\":{\"@id\":\"https:\\\/\\\/www.drewnianamagia.pl\\\/#website\"},\"primaryImageOfPage\":{\"@id\":\"https:\\\/\\\/www.drewnianamagia.pl\\\/index.php\\\/produkt\\\/kartka-z-zyczeniami-podziekowaniem-sowka\\\/#primaryimage\"},\"image\":{\"@id\":\"https:\\\/\\\/www.drewnianamagia.pl\\\/index.php\\\/produkt\\\/kartka-z-zyczeniami-podziekowaniem-sowka\\\/#primaryimage\"},\"thumbnailUrl\":\"https:\\\/\\\/www.drewnianamagia.pl\\\/wp-content\\\/uploads\\\/2025\\\/06\\\/Kartka-sowka-podziekowania-zyczenia-z-koperta-c6-06-zdjecie-glowne.jpg\",\"datePublished\":\"2025-06-13T10:32:10+00:00\",\"dateModified\":\"2025-06-13T10:54:35+00:00\",\"description\":\"Drewniana kartka z \u017cyczeniami, podzi\u0119kowaniem - Personalizowana na r\u00f3\u017cne okazje - Dzie\u0144 Nauczyciela, Zako\u0144czenie Roku Szkolnego z do\u0142\u0105czon\u0105 kopert\u0105.\",\"breadcrumb\":{\"@id\":\"https:\\\/\\\/www.drewnianamagia.pl\\\/index.php\\\/produkt\\\/kartka-z-zyczeniami-podziekowaniem-sowka\\\/#breadcrumb\"},\"inLanguage\":\"pl-PL\",\"potentialAction\":[{\"@type\":\"ReadAction\",\"target\":[\"https:\\\/\\\/www.drewnianamagia.pl\\\/index.php\\\/produkt\\\/kartka-z-zyczeniami-podziekowaniem-sowka\\\/\"]}]},{\"@type\":\"ImageObject\",\"inLanguage\":\"pl-PL\",\"@id\":\"https:\\\/\\\/www.drewnianamagia.pl\\\/index.php\\\/produkt\\\/kartka-z-zyczeniami-podziekowaniem-sowka\\\/#primaryimage\",\"url\":\"https:\\\/\\\/www.drewnianamagia.pl\\\/wp-content\\\/uploads\\\/2025\\\/06\\\/Kartka-sowka-podziekowania-zyczenia-z-koperta-c6-06-zdjecie-glowne.jpg\",\"contentUrl\":\"https:\\\/\\\/www.drewnianamagia.pl\\\/wp-content\\\/uploads\\\/2025\\\/06\\\/Kartka-sowka-podziekowania-zyczenia-z-koperta-c6-06-zdjecie-glowne.jpg\",\"width\":2000,\"height\":2000,\"caption\":\"Kartka z \u017cyczeniami z wyci\u0119t\u0105 s\u00f3wk\u0105 i kopert\u0105 c6 w\u0142asny grawer\"},{\"@type\":\"BreadcrumbList\",\"@id\":\"https:\\\/\\\/www.drewnianamagia.pl\\\/index.php\\\/produkt\\\/kartka-z-zyczeniami-podziekowaniem-sowka\\\/#breadcrumb\",\"itemListElement\":[{\"@type\":\"ListItem\",\"position\":1,\"name\":\"Strona g\u0142\u00f3wna\",\"item\":\"https:\\\/\\\/www.drewnianamagia.pl\\\/\"},{\"@type\":\"ListItem\",\"position\":2,\"name\":\"Sklep\",\"item\":\"https:\\\/\\\/www.drewnianamagia.pl\\\/index.php\\\/sklep-internetowy-drewnianamagia\\\/\"},{\"@type\":\"ListItem\",\"position\":3,\"name\":\"Kartka z \u017cyczeniami, podzi\u0119kowaniem &#8211; s\u00f3wka\"}]},{\"@type\":\"WebSite\",\"@id\":\"https:\\\/\\\/www.drewnianamagia.pl\\\/#website\",\"url\":\"https:\\\/\\\/www.drewnianamagia.pl\\\/\",\"name\":\"Drewniana Magia\",\"description\":\"Personalizowane prezenty i dekoracje z drewna i druku 3D, na ka\u017cd\u0105 okazj\u0119 i okoliczno\u015b\u0107. Urodziny, Chrzest, Przyj\u0119cie, \u015awi\u0119ta, \u015alub\",\"publisher\":{\"@id\":\"https:\\\/\\\/www.drewnianamagia.pl\\\/#organization\"},\"potentialAction\":[{\"@type\":\"SearchAction\",\"target\":{\"@type\":\"EntryPoint\",\"urlTemplate\":\"https:\\\/\\\/www.drewnianamagia.pl\\\/?s={search_term_string}\"},\"query-input\":{\"@type\":\"PropertyValueSpecification\",\"valueRequired\":true,\"valueName\":\"search_term_string\"}}],\"inLanguage\":\"pl-PL\"},{\"@type\":\"Organization\",\"@id\":\"https:\\\/\\\/www.drewnianamagia.pl\\\/#organization\",\"name\":\"Drewniana Magia\",\"url\":\"https:\\\/\\\/www.drewnianamagia.pl\\\/\",\"logo\":{\"@type\":\"ImageObject\",\"inLanguage\":\"pl-PL\",\"@id\":\"https:\\\/\\\/www.drewnianamagia.pl\\\/#\\\/schema\\\/logo\\\/image\\\/\",\"url\":\"https:\\\/\\\/www.drewnianamagia.pl\\\/wp-content\\\/uploads\\\/2024\\\/02\\\/cropped-LOGO-DrewnianaMagia-375x188-1.png\",\"contentUrl\":\"https:\\\/\\\/www.drewnianamagia.pl\\\/wp-content\\\/uploads\\\/2024\\\/02\\\/cropped-LOGO-DrewnianaMagia-375x188-1.png\",\"width\":374,\"height\":188,\"caption\":\"Drewniana Magia\"},\"image\":{\"@id\":\"https:\\\/\\\/www.drewnianamagia.pl\\\/#\\\/schema\\\/logo\\\/image\\\/\"},\"sameAs\":[\"https:\\\/\\\/facebook.com\\\/BelasDrewnianaMagia\"]}]}<\/script>\n<!-- \/ Yoast SEO plugin. -->","yoast_head_json":{"title":"Kartka z \u017cyczeniami, podzi\u0119kowaniem - s\u00f3wka - Drewniana Magia","description":"Drewniana kartka z \u017cyczeniami, podzi\u0119kowaniem - Personalizowana na r\u00f3\u017cne okazje - Dzie\u0144 Nauczyciela, Zako\u0144czenie Roku Szkolnego z do\u0142\u0105czon\u0105 kopert\u0105.","robots":{"index":"index","follow":"follow","max-snippet":"max-snippet:-1","max-image-preview":"max-image-preview:large","max-video-preview":"max-video-preview:-1"},"canonical":"https:\/\/www.drewnianamagia.pl\/index.php\/produkt\/kartka-z-zyczeniami-podziekowaniem-sowka\/","og_locale":"pl_PL","og_type":"article","og_title":"Kartka z \u017cyczeniami, podzi\u0119kowaniem - s\u00f3wka - Drewniana Magia","og_description":"Drewniana kartka z \u017cyczeniami, podzi\u0119kowaniem - Personalizowana na r\u00f3\u017cne okazje - Dzie\u0144 Nauczyciela, Zako\u0144czenie Roku Szkolnego z do\u0142\u0105czon\u0105 kopert\u0105.","og_url":"https:\/\/www.drewnianamagia.pl\/index.php\/produkt\/kartka-z-zyczeniami-podziekowaniem-sowka\/","og_site_name":"Drewniana Magia","article_publisher":"https:\/\/facebook.com\/BelasDrewnianaMagia","article_modified_time":"2025-06-13T10:54:35+00:00","og_image":[{"width":2000,"height":2000,"url":"https:\/\/www.drewnianamagia.pl\/wp-content\/uploads\/2025\/06\/Kartka-sowka-podziekowania-zyczenia-z-koperta-c6-06-zdjecie-glowne.jpg","type":"image\/jpeg"}],"twitter_card":"summary_large_image","twitter_misc":{"Szacowany czas czytania":"2 minuty"},"schema":{"@context":"https:\/\/schema.org","@graph":[{"@type":"WebPage","@id":"https:\/\/www.drewnianamagia.pl\/index.php\/produkt\/kartka-z-zyczeniami-podziekowaniem-sowka\/","url":"https:\/\/www.drewnianamagia.pl\/index.php\/produkt\/kartka-z-zyczeniami-podziekowaniem-sowka\/","name":"Kartka z \u017cyczeniami, podzi\u0119kowaniem - s\u00f3wka - Drewniana Magia","isPartOf":{"@id":"https:\/\/www.drewnianamagia.pl\/#website"},"primaryImageOfPage":{"@id":"https:\/\/www.drewnianamagia.pl\/index.php\/produkt\/kartka-z-zyczeniami-podziekowaniem-sowka\/#primaryimage"},"image":{"@id":"https:\/\/www.drewnianamagia.pl\/index.php\/produkt\/kartka-z-zyczeniami-podziekowaniem-sowka\/#primaryimage"},"thumbnailUrl":"https:\/\/www.drewnianamagia.pl\/wp-content\/uploads\/2025\/06\/Kartka-sowka-podziekowania-zyczenia-z-koperta-c6-06-zdjecie-glowne.jpg","datePublished":"2025-06-13T10:32:10+00:00","dateModified":"2025-06-13T10:54:35+00:00","description":"Drewniana kartka z \u017cyczeniami, podzi\u0119kowaniem - Personalizowana na r\u00f3\u017cne okazje - Dzie\u0144 Nauczyciela, Zako\u0144czenie Roku Szkolnego z do\u0142\u0105czon\u0105 kopert\u0105.","breadcrumb":{"@id":"https:\/\/www.drewnianamagia.pl\/index.php\/produkt\/kartka-z-zyczeniami-podziekowaniem-sowka\/#breadcrumb"},"inLanguage":"pl-PL","potentialAction":[{"@type":"ReadAction","target":["https:\/\/www.drewnianamagia.pl\/index.php\/produkt\/kartka-z-zyczeniami-podziekowaniem-sowka\/"]}]},{"@type":"ImageObject","inLanguage":"pl-PL","@id":"https:\/\/www.drewnianamagia.pl\/index.php\/produkt\/kartka-z-zyczeniami-podziekowaniem-sowka\/#primaryimage","url":"https:\/\/www.drewnianamagia.pl\/wp-content\/uploads\/2025\/06\/Kartka-sowka-podziekowania-zyczenia-z-koperta-c6-06-zdjecie-glowne.jpg","contentUrl":"https:\/\/www.drewnianamagia.pl\/wp-content\/uploads\/2025\/06\/Kartka-sowka-podziekowania-zyczenia-z-koperta-c6-06-zdjecie-glowne.jpg","width":2000,"height":2000,"caption":"Kartka z \u017cyczeniami z wyci\u0119t\u0105 s\u00f3wk\u0105 i kopert\u0105 c6 w\u0142asny grawer"},{"@type":"BreadcrumbList","@id":"https:\/\/www.drewnianamagia.pl\/index.php\/produkt\/kartka-z-zyczeniami-podziekowaniem-sowka\/#breadcrumb","itemListElement":[{"@type":"ListItem","position":1,"name":"Strona g\u0142\u00f3wna","item":"https:\/\/www.drewnianamagia.pl\/"},{"@type":"ListItem","position":2,"name":"Sklep","item":"https:\/\/www.drewnianamagia.pl\/index.php\/sklep-internetowy-drewnianamagia\/"},{"@type":"ListItem","position":3,"name":"Kartka z \u017cyczeniami, podzi\u0119kowaniem &#8211; s\u00f3wka"}]},{"@type":"WebSite","@id":"https:\/\/www.drewnianamagia.pl\/#website","url":"https:\/\/www.drewnianamagia.pl\/","name":"Drewniana Magia","description":"Personalizowane prezenty i dekoracje z drewna i druku 3D, na ka\u017cd\u0105 okazj\u0119 i okoliczno\u015b\u0107. Urodziny, Chrzest, Przyj\u0119cie, \u015awi\u0119ta, \u015alub","publisher":{"@id":"https:\/\/www.drewnianamagia.pl\/#organization"},"potentialAction":[{"@type":"SearchAction","target":{"@type":"EntryPoint","urlTemplate":"https:\/\/www.drewnianamagia.pl\/?s={search_term_string}"},"query-input":{"@type":"PropertyValueSpecification","valueRequired":true,"valueName":"search_term_string"}}],"inLanguage":"pl-PL"},{"@type":"Organization","@id":"https:\/\/www.drewnianamagia.pl\/#organization","name":"Drewniana Magia","url":"https:\/\/www.drewnianamagia.pl\/","logo":{"@type":"ImageObject","inLanguage":"pl-PL","@id":"https:\/\/www.drewnianamagia.pl\/#\/schema\/logo\/image\/","url":"https:\/\/www.drewnianamagia.pl\/wp-content\/uploads\/2024\/02\/cropped-LOGO-DrewnianaMagia-375x188-1.png","contentUrl":"https:\/\/www.drewnianamagia.pl\/wp-content\/uploads\/2024\/02\/cropped-LOGO-DrewnianaMagia-375x188-1.png","width":374,"height":188,"caption":"Drewniana Magia"},"image":{"@id":"https:\/\/www.drewnianamagia.pl\/#\/schema\/logo\/image\/"},"sameAs":["https:\/\/facebook.com\/BelasDrewnianaMagia"]}]}},"_links":{"self":[{"href":"https:\/\/www.drewnianamagia.pl\/index.php\/wp-json\/wp\/v2\/product\/8266","targetHints":{"allow":["GET"]}}],"collection":[{"href":"https:\/\/www.drewnianamagia.pl\/index.php\/wp-json\/wp\/v2\/product"}],"about":[{"href":"https:\/\/www.drewnianamagia.pl\/index.php\/wp-json\/wp\/v2\/types\/product"}],"replies":[{"embeddable":true,"href":"https:\/\/www.drewnianamagia.pl\/index.php\/wp-json\/wp\/v2\/comments?post=8266"}],"wp:featuredmedia":[{"embeddable":true,"href":"https:\/\/www.drewnianamagia.pl\/index.php\/wp-json\/wp\/v2\/media\/8240"}],"wp:attachment":[{"href":"https:\/\/www.drewnianamagia.pl\/index.php\/wp-json\/wp\/v2\/media?parent=8266"}],"wp:term":[{"taxonomy":"product_brand","embeddable":true,"href":"https:\/\/www.drewnianamagia.pl\/index.php\/wp-json\/wp\/v2\/product_brand?post=8266"},{"taxonomy":"product_cat","embeddable":true,"href":"https:\/\/www.drewnianamagia.pl\/index.php\/wp-json\/wp\/v2\/product_cat?post=8266"},{"taxonomy":"product_tag","embeddable":true,"href":"https:\/\/www.drewnianamagia.pl\/index.php\/wp-json\/wp\/v2\/product_tag?post=8266"}],"curies":[{"name":"wp","href":"https:\/\/api.w.org\/{rel}","templated":true}]}}