{"id":8220,"date":"2025-06-12T16:06:58","date_gmt":"2025-06-12T14:06:58","guid":{"rendered":"https:\/\/www.drewnianamagia.pl\/?post_type=product&#038;p=8220"},"modified":"2025-06-14T09:24:17","modified_gmt":"2025-06-14T07:24:17","slug":"pudelko-z-okienkiem-11x11x2-i-welna-drzewna","status":"publish","type":"product","link":"https:\/\/www.drewnianamagia.pl\/index.php\/produkt\/pudelko-z-okienkiem-11x11x2-i-welna-drzewna\/","title":{"rendered":"Pude\u0142ko z okienkiem 11x11x2 i we\u0142n\u0105 drzewn\u0105"},"content":{"rendered":"<p>Pude\u0142ko z okienkiem i wype\u0142nieniem we\u0142n\u0105 drzewn\u0105.<\/p>\n<p>Idealne do zapakowania drobnego upominku.<\/p>\n<p>SPECYFIKACJA:<\/p>\n<ul>\n<li>szeroko\u015b\u0107 wewn\u0119trzna: 11 cm<\/li>\n<li>g\u0142\u0119boko\u015b\u0107 wewn\u0119trzna: 11 cm<\/li>\n<li>wysoko\u015b\u0107 wewn\u0119trzna: 2 cm<\/li>\n<\/ul>\n<p>&nbsp;<\/p>\n<p>Przedstawione na zdj\u0119ciach produkty znajduj\u0105ce si\u0119 w \u015brodku pude\u0142ka nie stanowi\u0105 elementu oferty.<\/p>\n","protected":false},"excerpt":{"rendered":"<p>Pude\u0142ko z okienkiem i wype\u0142nieniem we\u0142n\u0105 drzewn\u0105. Idealne do zapakowania drobnego upominku. SPECYFIKACJA: szeroko\u015b\u0107 wewn\u0119trzna: 11 cm g\u0142\u0119boko\u015b\u0107 wewn\u0119trzna: 11 cm wysoko\u015b\u0107 wewn\u0119trzna: 2 cm &nbsp; Przedstawione na zdj\u0119ciach produkty znajduj\u0105ce si\u0119 w \u015brodku pude\u0142ka nie stanowi\u0105 elementu oferty.<\/p>\n","protected":false},"featured_media":8241,"comment_status":"open","ping_status":"closed","template":"","meta":{"_acf_changed":false},"product_brand":[],"product_cat":[30],"product_tag":[],"class_list":{"0":"post-8220","1":"product","2":"type-product","3":"status-publish","4":"has-post-thumbnail","6":"product_cat-pudelka","8":"first","9":"instock","10":"taxable","11":"shipping-taxable","12":"purchasable","13":"product-type-simple"},"acf":[],"yoast_head":"<!-- This site is optimized with the Yoast SEO plugin v27.5 - https:\/\/yoast.com\/product\/yoast-seo-wordpress\/ -->\n<title>Pude\u0142ko z okienkiem 11x11x2 i we\u0142n\u0105 drzewn\u0105 - Drewniana Magia<\/title>\n<meta name=\"description\" content=\"Ma\u0142e pude\u0142ko z okienkiem i wype\u0142nieniem we\u0142n\u0105 drzewn\u0105 - 11x11 cm Idealne do zapakowania drobnych produkt\u00f3w (breloki, zawieszki itp.)\" \/>\n<meta name=\"robots\" content=\"index, follow, max-snippet:-1, max-image-preview:large, max-video-preview:-1\" \/>\n<link rel=\"canonical\" href=\"https:\/\/www.drewnianamagia.pl\/index.php\/produkt\/pudelko-z-okienkiem-11x11x2-i-welna-drzewna\/\" \/>\n<meta property=\"og:locale\" content=\"pl_PL\" \/>\n<meta property=\"og:type\" content=\"article\" \/>\n<meta property=\"og:title\" content=\"Pude\u0142ko z okienkiem 11x11x2 i we\u0142n\u0105 drzewn\u0105 - Drewniana Magia\" \/>\n<meta property=\"og:description\" content=\"Ma\u0142e pude\u0142ko z okienkiem i wype\u0142nieniem we\u0142n\u0105 drzewn\u0105 - 11x11 cm Idealne do zapakowania drobnych produkt\u00f3w (breloki, zawieszki itp.)\" \/>\n<meta property=\"og:url\" content=\"https:\/\/www.drewnianamagia.pl\/index.php\/produkt\/pudelko-z-okienkiem-11x11x2-i-welna-drzewna\/\" \/>\n<meta property=\"og:site_name\" content=\"Drewniana Magia\" \/>\n<meta property=\"article:publisher\" content=\"https:\/\/facebook.com\/BelasDrewnianaMagia\" \/>\n<meta property=\"article:modified_time\" content=\"2025-06-14T07:24:17+00:00\" \/>\n<meta property=\"og:image\" content=\"https:\/\/www.drewnianamagia.pl\/wp-content\/uploads\/2025\/06\/pudelko-z-okienkiem-11x11x2-z-wypelnieniem-01.jpg\" \/>\n\t<meta property=\"og:image:width\" content=\"2000\" \/>\n\t<meta property=\"og:image:height\" content=\"2000\" \/>\n\t<meta property=\"og:image:type\" content=\"image\/jpeg\" \/>\n<meta name=\"twitter:card\" content=\"summary_large_image\" \/>\n<meta name=\"twitter:label1\" content=\"Szacowany czas czytania\" \/>\n\t<meta name=\"twitter:data1\" content=\"1 minuta\" \/>\n<script type=\"application\/ld+json\" class=\"yoast-schema-graph\">{\"@context\":\"https:\\\/\\\/schema.org\",\"@graph\":[{\"@type\":\"WebPage\",\"@id\":\"https:\\\/\\\/www.drewnianamagia.pl\\\/index.php\\\/produkt\\\/pudelko-z-okienkiem-11x11x2-i-welna-drzewna\\\/\",\"url\":\"https:\\\/\\\/www.drewnianamagia.pl\\\/index.php\\\/produkt\\\/pudelko-z-okienkiem-11x11x2-i-welna-drzewna\\\/\",\"name\":\"Pude\u0142ko z okienkiem 11x11x2 i we\u0142n\u0105 drzewn\u0105 - Drewniana Magia\",\"isPartOf\":{\"@id\":\"https:\\\/\\\/www.drewnianamagia.pl\\\/#website\"},\"primaryImageOfPage\":{\"@id\":\"https:\\\/\\\/www.drewnianamagia.pl\\\/index.php\\\/produkt\\\/pudelko-z-okienkiem-11x11x2-i-welna-drzewna\\\/#primaryimage\"},\"image\":{\"@id\":\"https:\\\/\\\/www.drewnianamagia.pl\\\/index.php\\\/produkt\\\/pudelko-z-okienkiem-11x11x2-i-welna-drzewna\\\/#primaryimage\"},\"thumbnailUrl\":\"https:\\\/\\\/www.drewnianamagia.pl\\\/wp-content\\\/uploads\\\/2025\\\/06\\\/pudelko-z-okienkiem-11x11x2-z-wypelnieniem-01.jpg\",\"datePublished\":\"2025-06-12T14:06:58+00:00\",\"dateModified\":\"2025-06-14T07:24:17+00:00\",\"description\":\"Ma\u0142e pude\u0142ko z okienkiem i wype\u0142nieniem we\u0142n\u0105 drzewn\u0105 - 11x11 cm Idealne do zapakowania drobnych produkt\u00f3w (breloki, zawieszki itp.)\",\"breadcrumb\":{\"@id\":\"https:\\\/\\\/www.drewnianamagia.pl\\\/index.php\\\/produkt\\\/pudelko-z-okienkiem-11x11x2-i-welna-drzewna\\\/#breadcrumb\"},\"inLanguage\":\"pl-PL\",\"potentialAction\":[{\"@type\":\"ReadAction\",\"target\":[\"https:\\\/\\\/www.drewnianamagia.pl\\\/index.php\\\/produkt\\\/pudelko-z-okienkiem-11x11x2-i-welna-drzewna\\\/\"]}]},{\"@type\":\"ImageObject\",\"inLanguage\":\"pl-PL\",\"@id\":\"https:\\\/\\\/www.drewnianamagia.pl\\\/index.php\\\/produkt\\\/pudelko-z-okienkiem-11x11x2-i-welna-drzewna\\\/#primaryimage\",\"url\":\"https:\\\/\\\/www.drewnianamagia.pl\\\/wp-content\\\/uploads\\\/2025\\\/06\\\/pudelko-z-okienkiem-11x11x2-z-wypelnieniem-01.jpg\",\"contentUrl\":\"https:\\\/\\\/www.drewnianamagia.pl\\\/wp-content\\\/uploads\\\/2025\\\/06\\\/pudelko-z-okienkiem-11x11x2-z-wypelnieniem-01.jpg\",\"width\":2000,\"height\":2000,\"caption\":\"Pude\u0142ko z okienkiem i wype\u0142nieniem we\u0142n\u0105 drzewn\u0105\"},{\"@type\":\"BreadcrumbList\",\"@id\":\"https:\\\/\\\/www.drewnianamagia.pl\\\/index.php\\\/produkt\\\/pudelko-z-okienkiem-11x11x2-i-welna-drzewna\\\/#breadcrumb\",\"itemListElement\":[{\"@type\":\"ListItem\",\"position\":1,\"name\":\"Strona g\u0142\u00f3wna\",\"item\":\"https:\\\/\\\/www.drewnianamagia.pl\\\/\"},{\"@type\":\"ListItem\",\"position\":2,\"name\":\"Sklep\",\"item\":\"https:\\\/\\\/www.drewnianamagia.pl\\\/index.php\\\/sklep-internetowy-drewnianamagia\\\/\"},{\"@type\":\"ListItem\",\"position\":3,\"name\":\"Pude\u0142ko z okienkiem 11x11x2 i we\u0142n\u0105 drzewn\u0105\"}]},{\"@type\":\"WebSite\",\"@id\":\"https:\\\/\\\/www.drewnianamagia.pl\\\/#website\",\"url\":\"https:\\\/\\\/www.drewnianamagia.pl\\\/\",\"name\":\"Drewniana Magia\",\"description\":\"Personalizowane prezenty i dekoracje z drewna i druku 3D, na ka\u017cd\u0105 okazj\u0119 i okoliczno\u015b\u0107. Urodziny, Chrzest, Przyj\u0119cie, \u015awi\u0119ta, \u015alub\",\"publisher\":{\"@id\":\"https:\\\/\\\/www.drewnianamagia.pl\\\/#organization\"},\"potentialAction\":[{\"@type\":\"SearchAction\",\"target\":{\"@type\":\"EntryPoint\",\"urlTemplate\":\"https:\\\/\\\/www.drewnianamagia.pl\\\/?s={search_term_string}\"},\"query-input\":{\"@type\":\"PropertyValueSpecification\",\"valueRequired\":true,\"valueName\":\"search_term_string\"}}],\"inLanguage\":\"pl-PL\"},{\"@type\":\"Organization\",\"@id\":\"https:\\\/\\\/www.drewnianamagia.pl\\\/#organization\",\"name\":\"Drewniana Magia\",\"url\":\"https:\\\/\\\/www.drewnianamagia.pl\\\/\",\"logo\":{\"@type\":\"ImageObject\",\"inLanguage\":\"pl-PL\",\"@id\":\"https:\\\/\\\/www.drewnianamagia.pl\\\/#\\\/schema\\\/logo\\\/image\\\/\",\"url\":\"https:\\\/\\\/www.drewnianamagia.pl\\\/wp-content\\\/uploads\\\/2024\\\/02\\\/cropped-LOGO-DrewnianaMagia-375x188-1.png\",\"contentUrl\":\"https:\\\/\\\/www.drewnianamagia.pl\\\/wp-content\\\/uploads\\\/2024\\\/02\\\/cropped-LOGO-DrewnianaMagia-375x188-1.png\",\"width\":374,\"height\":188,\"caption\":\"Drewniana Magia\"},\"image\":{\"@id\":\"https:\\\/\\\/www.drewnianamagia.pl\\\/#\\\/schema\\\/logo\\\/image\\\/\"},\"sameAs\":[\"https:\\\/\\\/facebook.com\\\/BelasDrewnianaMagia\"]}]}<\/script>\n<!-- \/ Yoast SEO plugin. -->","yoast_head_json":{"title":"Pude\u0142ko z okienkiem 11x11x2 i we\u0142n\u0105 drzewn\u0105 - Drewniana Magia","description":"Ma\u0142e pude\u0142ko z okienkiem i wype\u0142nieniem we\u0142n\u0105 drzewn\u0105 - 11x11 cm Idealne do zapakowania drobnych produkt\u00f3w (breloki, zawieszki itp.)","robots":{"index":"index","follow":"follow","max-snippet":"max-snippet:-1","max-image-preview":"max-image-preview:large","max-video-preview":"max-video-preview:-1"},"canonical":"https:\/\/www.drewnianamagia.pl\/index.php\/produkt\/pudelko-z-okienkiem-11x11x2-i-welna-drzewna\/","og_locale":"pl_PL","og_type":"article","og_title":"Pude\u0142ko z okienkiem 11x11x2 i we\u0142n\u0105 drzewn\u0105 - Drewniana Magia","og_description":"Ma\u0142e pude\u0142ko z okienkiem i wype\u0142nieniem we\u0142n\u0105 drzewn\u0105 - 11x11 cm Idealne do zapakowania drobnych produkt\u00f3w (breloki, zawieszki itp.)","og_url":"https:\/\/www.drewnianamagia.pl\/index.php\/produkt\/pudelko-z-okienkiem-11x11x2-i-welna-drzewna\/","og_site_name":"Drewniana Magia","article_publisher":"https:\/\/facebook.com\/BelasDrewnianaMagia","article_modified_time":"2025-06-14T07:24:17+00:00","og_image":[{"width":2000,"height":2000,"url":"https:\/\/www.drewnianamagia.pl\/wp-content\/uploads\/2025\/06\/pudelko-z-okienkiem-11x11x2-z-wypelnieniem-01.jpg","type":"image\/jpeg"}],"twitter_card":"summary_large_image","twitter_misc":{"Szacowany czas czytania":"1 minuta"},"schema":{"@context":"https:\/\/schema.org","@graph":[{"@type":"WebPage","@id":"https:\/\/www.drewnianamagia.pl\/index.php\/produkt\/pudelko-z-okienkiem-11x11x2-i-welna-drzewna\/","url":"https:\/\/www.drewnianamagia.pl\/index.php\/produkt\/pudelko-z-okienkiem-11x11x2-i-welna-drzewna\/","name":"Pude\u0142ko z okienkiem 11x11x2 i we\u0142n\u0105 drzewn\u0105 - Drewniana Magia","isPartOf":{"@id":"https:\/\/www.drewnianamagia.pl\/#website"},"primaryImageOfPage":{"@id":"https:\/\/www.drewnianamagia.pl\/index.php\/produkt\/pudelko-z-okienkiem-11x11x2-i-welna-drzewna\/#primaryimage"},"image":{"@id":"https:\/\/www.drewnianamagia.pl\/index.php\/produkt\/pudelko-z-okienkiem-11x11x2-i-welna-drzewna\/#primaryimage"},"thumbnailUrl":"https:\/\/www.drewnianamagia.pl\/wp-content\/uploads\/2025\/06\/pudelko-z-okienkiem-11x11x2-z-wypelnieniem-01.jpg","datePublished":"2025-06-12T14:06:58+00:00","dateModified":"2025-06-14T07:24:17+00:00","description":"Ma\u0142e pude\u0142ko z okienkiem i wype\u0142nieniem we\u0142n\u0105 drzewn\u0105 - 11x11 cm Idealne do zapakowania drobnych produkt\u00f3w (breloki, zawieszki itp.)","breadcrumb":{"@id":"https:\/\/www.drewnianamagia.pl\/index.php\/produkt\/pudelko-z-okienkiem-11x11x2-i-welna-drzewna\/#breadcrumb"},"inLanguage":"pl-PL","potentialAction":[{"@type":"ReadAction","target":["https:\/\/www.drewnianamagia.pl\/index.php\/produkt\/pudelko-z-okienkiem-11x11x2-i-welna-drzewna\/"]}]},{"@type":"ImageObject","inLanguage":"pl-PL","@id":"https:\/\/www.drewnianamagia.pl\/index.php\/produkt\/pudelko-z-okienkiem-11x11x2-i-welna-drzewna\/#primaryimage","url":"https:\/\/www.drewnianamagia.pl\/wp-content\/uploads\/2025\/06\/pudelko-z-okienkiem-11x11x2-z-wypelnieniem-01.jpg","contentUrl":"https:\/\/www.drewnianamagia.pl\/wp-content\/uploads\/2025\/06\/pudelko-z-okienkiem-11x11x2-z-wypelnieniem-01.jpg","width":2000,"height":2000,"caption":"Pude\u0142ko z okienkiem i wype\u0142nieniem we\u0142n\u0105 drzewn\u0105"},{"@type":"BreadcrumbList","@id":"https:\/\/www.drewnianamagia.pl\/index.php\/produkt\/pudelko-z-okienkiem-11x11x2-i-welna-drzewna\/#breadcrumb","itemListElement":[{"@type":"ListItem","position":1,"name":"Strona g\u0142\u00f3wna","item":"https:\/\/www.drewnianamagia.pl\/"},{"@type":"ListItem","position":2,"name":"Sklep","item":"https:\/\/www.drewnianamagia.pl\/index.php\/sklep-internetowy-drewnianamagia\/"},{"@type":"ListItem","position":3,"name":"Pude\u0142ko z okienkiem 11x11x2 i we\u0142n\u0105 drzewn\u0105"}]},{"@type":"WebSite","@id":"https:\/\/www.drewnianamagia.pl\/#website","url":"https:\/\/www.drewnianamagia.pl\/","name":"Drewniana Magia","description":"Personalizowane prezenty i dekoracje z drewna i druku 3D, na ka\u017cd\u0105 okazj\u0119 i okoliczno\u015b\u0107. Urodziny, Chrzest, Przyj\u0119cie, \u015awi\u0119ta, \u015alub","publisher":{"@id":"https:\/\/www.drewnianamagia.pl\/#organization"},"potentialAction":[{"@type":"SearchAction","target":{"@type":"EntryPoint","urlTemplate":"https:\/\/www.drewnianamagia.pl\/?s={search_term_string}"},"query-input":{"@type":"PropertyValueSpecification","valueRequired":true,"valueName":"search_term_string"}}],"inLanguage":"pl-PL"},{"@type":"Organization","@id":"https:\/\/www.drewnianamagia.pl\/#organization","name":"Drewniana Magia","url":"https:\/\/www.drewnianamagia.pl\/","logo":{"@type":"ImageObject","inLanguage":"pl-PL","@id":"https:\/\/www.drewnianamagia.pl\/#\/schema\/logo\/image\/","url":"https:\/\/www.drewnianamagia.pl\/wp-content\/uploads\/2024\/02\/cropped-LOGO-DrewnianaMagia-375x188-1.png","contentUrl":"https:\/\/www.drewnianamagia.pl\/wp-content\/uploads\/2024\/02\/cropped-LOGO-DrewnianaMagia-375x188-1.png","width":374,"height":188,"caption":"Drewniana Magia"},"image":{"@id":"https:\/\/www.drewnianamagia.pl\/#\/schema\/logo\/image\/"},"sameAs":["https:\/\/facebook.com\/BelasDrewnianaMagia"]}]}},"_links":{"self":[{"href":"https:\/\/www.drewnianamagia.pl\/index.php\/wp-json\/wp\/v2\/product\/8220","targetHints":{"allow":["GET"]}}],"collection":[{"href":"https:\/\/www.drewnianamagia.pl\/index.php\/wp-json\/wp\/v2\/product"}],"about":[{"href":"https:\/\/www.drewnianamagia.pl\/index.php\/wp-json\/wp\/v2\/types\/product"}],"replies":[{"embeddable":true,"href":"https:\/\/www.drewnianamagia.pl\/index.php\/wp-json\/wp\/v2\/comments?post=8220"}],"wp:featuredmedia":[{"embeddable":true,"href":"https:\/\/www.drewnianamagia.pl\/index.php\/wp-json\/wp\/v2\/media\/8241"}],"wp:attachment":[{"href":"https:\/\/www.drewnianamagia.pl\/index.php\/wp-json\/wp\/v2\/media?parent=8220"}],"wp:term":[{"taxonomy":"product_brand","embeddable":true,"href":"https:\/\/www.drewnianamagia.pl\/index.php\/wp-json\/wp\/v2\/product_brand?post=8220"},{"taxonomy":"product_cat","embeddable":true,"href":"https:\/\/www.drewnianamagia.pl\/index.php\/wp-json\/wp\/v2\/product_cat?post=8220"},{"taxonomy":"product_tag","embeddable":true,"href":"https:\/\/www.drewnianamagia.pl\/index.php\/wp-json\/wp\/v2\/product_tag?post=8220"}],"curies":[{"name":"wp","href":"https:\/\/api.w.org\/{rel}","templated":true}]}}