{"id":8179,"date":"2025-06-10T14:54:05","date_gmt":"2025-06-10T12:54:05","guid":{"rendered":"https:\/\/www.drewnianamagia.pl\/?post_type=product&#038;p=8179"},"modified":"2025-07-21T12:56:10","modified_gmt":"2025-07-21T10:56:10","slug":"dekor-dowolne-imie-plexi-zlote-lustro","status":"publish","type":"product","link":"https:\/\/www.drewnianamagia.pl\/index.php\/produkt\/dekor-dowolne-imie-plexi-zlote-lustro\/","title":{"rendered":"Dekor dowolne imi\u0119 &#8211; plexi z\u0142ote lustro"},"content":{"rendered":"<h1 style=\"text-align: center;\"><strong>Dekor akrylowy &#8222;imi\u0119&#8221; &#8211; z\u0142ote lustro<\/strong><\/h1>\n<p>Personalizowany dekor z dowolnym imieniem to idealne dope\u0142nienie ka\u017cdej dekoracji. Wykorzystaj go przy tworzeniu ozd\u00f3b urodzinowych, na imprez\u0119 lub w w\u0142asnych pracach DIY.<\/p>\n<p>Dodaj blasku i elegancji do w\u0142asnych projekt\u00f3w.<\/p>\n<p>Szeroko\u015b\u0107 napisu wynosi 10 cm.<\/p>\n<p>Powierzchnia lustrzana jest z jednej strony &#8211; nale\u017cy delikatnie zdj\u0105\u0107 foli\u0119 ochronn\u0105, kt\u00f3ra zabezpiecza produkt przed porysowaniem.<\/p>\n<hr \/>\n<p><span style=\"color: #ff0000;\"><strong>PERSONALIZACJA:<\/strong><\/span><\/p>\n<p>Podaj imi\u0119 lub inne jedno s\u0142owo.<\/p>\n<p>&nbsp;<\/p>\n<hr \/>\n<p><span style=\"color: #ff0000;\"><strong>SPECYFIKACJA:<\/strong><\/span><\/p>\n<ul>\n<li>Materia\u0142: szk\u0142o akrylowe (plexi) w kolorze z\u0142otego lustra z po\u0142yskiem<\/li>\n<li>Produkt wycinany laserowo<\/li>\n<li>Szeroko\u015b\u0107: 10 cm<\/li>\n<li>Wysoko\u015b\u0107: 3 &#8211; 6 cm &#8211; w zale\u017cno\u015bci od d\u0142ugo\u015bci s\u0142owa i proporcji liter<\/li>\n<li>Grubo\u015b\u0107: 1mm<\/li>\n<\/ul>\n<hr \/>\n<p><span style=\"color: #ff0000;\"><strong>POZOSTA\u0141E INFORMACJE:<\/strong><\/span><\/p>\n<p>Przednia cz\u0119\u015b\u0107 zabezpieczona foli\u0105 ochronn\u0105, kt\u00f3r\u0105 nale\u017cy delikatnie zdj\u0105\u0107. Powierzchnia lustrzana umieszczona od spodu produktu jest chroniona przed zarysowaniami specjaln\u0105 warstw\u0105 materia\u0142u.<\/p>\n<p>Nale\u017cy unika\u0107 wysokich temperatur, kt\u00f3re mog\u0105 powodowa\u0107 zniekszta\u0142cenie produktu.<\/p>\n","protected":false},"excerpt":{"rendered":"<p>Dekor akrylowy &#8222;imi\u0119&#8221; &#8211; z\u0142ote lustro Personalizowany dekor z dowolnym imieniem to idealne dope\u0142nienie ka\u017cdej dekoracji. Wykorzystaj go przy tworzeniu ozd\u00f3b urodzinowych, na imprez\u0119 lub w w\u0142asnych pracach DIY. Dodaj blasku i elegancji do w\u0142asnych projekt\u00f3w. Szeroko\u015b\u0107 napisu wynosi 10 cm. Powierzchnia lustrzana jest z jednej strony &#8211; nale\u017cy delikatnie zdj\u0105\u0107 foli\u0119 ochronn\u0105, kt\u00f3ra zabezpiecza [&hellip;]<\/p>\n","protected":false},"featured_media":8175,"comment_status":"open","ping_status":"closed","template":"","meta":{"_acf_changed":false},"product_brand":[180],"product_cat":[49,43,96],"product_tag":[54,191],"class_list":{"0":"post-8179","1":"product","2":"type-product","3":"status-publish","4":"has-post-thumbnail","6":"product_brand-drewniana-magia","7":"product_cat-dekoracje","8":"product_cat-scrapki","9":"product_cat-urodziny-imieniny","10":"product_tag-personalizacja","11":"product_tag-plexi","13":"first","14":"instock","15":"taxable","16":"shipping-taxable","17":"purchasable","18":"product-type-simple"},"acf":[],"yoast_head":"<!-- This site is optimized with the Yoast SEO plugin v27.5 - https:\/\/yoast.com\/product\/yoast-seo-wordpress\/ -->\n<title>Dekor dowolne imi\u0119 - plexi z\u0142ote lustro - Drewniana Magia<\/title>\n<meta name=\"description\" content=\"Dekor akrylowy z dowolnym imieniem wykonany z plexi - z\u0142ote lustro. Szeroko\u015b\u0107 produktu 10cm, grubo\u015b\u0107 1mm. Dodaj blasku do swoich dekoracji.\" \/>\n<meta name=\"robots\" content=\"index, follow, max-snippet:-1, max-image-preview:large, max-video-preview:-1\" \/>\n<link rel=\"canonical\" href=\"https:\/\/www.drewnianamagia.pl\/index.php\/produkt\/dekor-dowolne-imie-plexi-zlote-lustro\/\" \/>\n<meta property=\"og:locale\" content=\"pl_PL\" \/>\n<meta property=\"og:type\" content=\"article\" \/>\n<meta property=\"og:title\" content=\"Dekor dowolne imi\u0119 - plexi z\u0142ote lustro - Drewniana Magia\" \/>\n<meta property=\"og:description\" content=\"Dekor akrylowy z dowolnym imieniem wykonany z plexi - z\u0142ote lustro. Szeroko\u015b\u0107 produktu 10cm, grubo\u015b\u0107 1mm. Dodaj blasku do swoich dekoracji.\" \/>\n<meta property=\"og:url\" content=\"https:\/\/www.drewnianamagia.pl\/index.php\/produkt\/dekor-dowolne-imie-plexi-zlote-lustro\/\" \/>\n<meta property=\"og:site_name\" content=\"Drewniana Magia\" \/>\n<meta property=\"article:publisher\" content=\"https:\/\/facebook.com\/BelasDrewnianaMagia\" \/>\n<meta property=\"article:modified_time\" content=\"2025-07-21T10:56:10+00:00\" \/>\n<meta property=\"og:image\" content=\"https:\/\/www.drewnianamagia.pl\/wp-content\/uploads\/2025\/06\/dekor-imie-zlote-lustro-1.jpg\" \/>\n\t<meta property=\"og:image:width\" content=\"2000\" \/>\n\t<meta property=\"og:image:height\" content=\"2000\" \/>\n\t<meta property=\"og:image:type\" content=\"image\/jpeg\" \/>\n<meta name=\"twitter:card\" content=\"summary_large_image\" \/>\n<meta name=\"twitter:label1\" content=\"Szacowany czas czytania\" \/>\n\t<meta name=\"twitter:data1\" content=\"1 minuta\" \/>\n<script type=\"application\/ld+json\" class=\"yoast-schema-graph\">{\"@context\":\"https:\\\/\\\/schema.org\",\"@graph\":[{\"@type\":\"WebPage\",\"@id\":\"https:\\\/\\\/www.drewnianamagia.pl\\\/index.php\\\/produkt\\\/dekor-dowolne-imie-plexi-zlote-lustro\\\/\",\"url\":\"https:\\\/\\\/www.drewnianamagia.pl\\\/index.php\\\/produkt\\\/dekor-dowolne-imie-plexi-zlote-lustro\\\/\",\"name\":\"Dekor dowolne imi\u0119 - plexi z\u0142ote lustro - Drewniana Magia\",\"isPartOf\":{\"@id\":\"https:\\\/\\\/www.drewnianamagia.pl\\\/#website\"},\"primaryImageOfPage\":{\"@id\":\"https:\\\/\\\/www.drewnianamagia.pl\\\/index.php\\\/produkt\\\/dekor-dowolne-imie-plexi-zlote-lustro\\\/#primaryimage\"},\"image\":{\"@id\":\"https:\\\/\\\/www.drewnianamagia.pl\\\/index.php\\\/produkt\\\/dekor-dowolne-imie-plexi-zlote-lustro\\\/#primaryimage\"},\"thumbnailUrl\":\"https:\\\/\\\/www.drewnianamagia.pl\\\/wp-content\\\/uploads\\\/2025\\\/06\\\/dekor-imie-zlote-lustro-1.jpg\",\"datePublished\":\"2025-06-10T12:54:05+00:00\",\"dateModified\":\"2025-07-21T10:56:10+00:00\",\"description\":\"Dekor akrylowy z dowolnym imieniem wykonany z plexi - z\u0142ote lustro. Szeroko\u015b\u0107 produktu 10cm, grubo\u015b\u0107 1mm. Dodaj blasku do swoich dekoracji.\",\"breadcrumb\":{\"@id\":\"https:\\\/\\\/www.drewnianamagia.pl\\\/index.php\\\/produkt\\\/dekor-dowolne-imie-plexi-zlote-lustro\\\/#breadcrumb\"},\"inLanguage\":\"pl-PL\",\"potentialAction\":[{\"@type\":\"ReadAction\",\"target\":[\"https:\\\/\\\/www.drewnianamagia.pl\\\/index.php\\\/produkt\\\/dekor-dowolne-imie-plexi-zlote-lustro\\\/\"]}]},{\"@type\":\"ImageObject\",\"inLanguage\":\"pl-PL\",\"@id\":\"https:\\\/\\\/www.drewnianamagia.pl\\\/index.php\\\/produkt\\\/dekor-dowolne-imie-plexi-zlote-lustro\\\/#primaryimage\",\"url\":\"https:\\\/\\\/www.drewnianamagia.pl\\\/wp-content\\\/uploads\\\/2025\\\/06\\\/dekor-imie-zlote-lustro-1.jpg\",\"contentUrl\":\"https:\\\/\\\/www.drewnianamagia.pl\\\/wp-content\\\/uploads\\\/2025\\\/06\\\/dekor-imie-zlote-lustro-1.jpg\",\"width\":2000,\"height\":2000,\"caption\":\"akrylowy dekor dowolne imi\u0119 z plexi z\u0142ote lustro\"},{\"@type\":\"BreadcrumbList\",\"@id\":\"https:\\\/\\\/www.drewnianamagia.pl\\\/index.php\\\/produkt\\\/dekor-dowolne-imie-plexi-zlote-lustro\\\/#breadcrumb\",\"itemListElement\":[{\"@type\":\"ListItem\",\"position\":1,\"name\":\"Strona g\u0142\u00f3wna\",\"item\":\"https:\\\/\\\/www.drewnianamagia.pl\\\/\"},{\"@type\":\"ListItem\",\"position\":2,\"name\":\"Sklep\",\"item\":\"https:\\\/\\\/www.drewnianamagia.pl\\\/index.php\\\/sklep-internetowy-drewnianamagia\\\/\"},{\"@type\":\"ListItem\",\"position\":3,\"name\":\"Dekor dowolne imi\u0119 &#8211; plexi z\u0142ote lustro\"}]},{\"@type\":\"WebSite\",\"@id\":\"https:\\\/\\\/www.drewnianamagia.pl\\\/#website\",\"url\":\"https:\\\/\\\/www.drewnianamagia.pl\\\/\",\"name\":\"Drewniana Magia\",\"description\":\"Personalizowane prezenty i dekoracje z drewna i druku 3D, na ka\u017cd\u0105 okazj\u0119 i okoliczno\u015b\u0107. Urodziny, Chrzest, Przyj\u0119cie, \u015awi\u0119ta, \u015alub\",\"publisher\":{\"@id\":\"https:\\\/\\\/www.drewnianamagia.pl\\\/#organization\"},\"potentialAction\":[{\"@type\":\"SearchAction\",\"target\":{\"@type\":\"EntryPoint\",\"urlTemplate\":\"https:\\\/\\\/www.drewnianamagia.pl\\\/?s={search_term_string}\"},\"query-input\":{\"@type\":\"PropertyValueSpecification\",\"valueRequired\":true,\"valueName\":\"search_term_string\"}}],\"inLanguage\":\"pl-PL\"},{\"@type\":\"Organization\",\"@id\":\"https:\\\/\\\/www.drewnianamagia.pl\\\/#organization\",\"name\":\"Drewniana Magia\",\"url\":\"https:\\\/\\\/www.drewnianamagia.pl\\\/\",\"logo\":{\"@type\":\"ImageObject\",\"inLanguage\":\"pl-PL\",\"@id\":\"https:\\\/\\\/www.drewnianamagia.pl\\\/#\\\/schema\\\/logo\\\/image\\\/\",\"url\":\"https:\\\/\\\/www.drewnianamagia.pl\\\/wp-content\\\/uploads\\\/2024\\\/02\\\/cropped-LOGO-DrewnianaMagia-375x188-1.png\",\"contentUrl\":\"https:\\\/\\\/www.drewnianamagia.pl\\\/wp-content\\\/uploads\\\/2024\\\/02\\\/cropped-LOGO-DrewnianaMagia-375x188-1.png\",\"width\":374,\"height\":188,\"caption\":\"Drewniana Magia\"},\"image\":{\"@id\":\"https:\\\/\\\/www.drewnianamagia.pl\\\/#\\\/schema\\\/logo\\\/image\\\/\"},\"sameAs\":[\"https:\\\/\\\/facebook.com\\\/BelasDrewnianaMagia\"]}]}<\/script>\n<!-- \/ Yoast SEO plugin. -->","yoast_head_json":{"title":"Dekor dowolne imi\u0119 - plexi z\u0142ote lustro - Drewniana Magia","description":"Dekor akrylowy z dowolnym imieniem wykonany z plexi - z\u0142ote lustro. Szeroko\u015b\u0107 produktu 10cm, grubo\u015b\u0107 1mm. Dodaj blasku do swoich dekoracji.","robots":{"index":"index","follow":"follow","max-snippet":"max-snippet:-1","max-image-preview":"max-image-preview:large","max-video-preview":"max-video-preview:-1"},"canonical":"https:\/\/www.drewnianamagia.pl\/index.php\/produkt\/dekor-dowolne-imie-plexi-zlote-lustro\/","og_locale":"pl_PL","og_type":"article","og_title":"Dekor dowolne imi\u0119 - plexi z\u0142ote lustro - Drewniana Magia","og_description":"Dekor akrylowy z dowolnym imieniem wykonany z plexi - z\u0142ote lustro. Szeroko\u015b\u0107 produktu 10cm, grubo\u015b\u0107 1mm. Dodaj blasku do swoich dekoracji.","og_url":"https:\/\/www.drewnianamagia.pl\/index.php\/produkt\/dekor-dowolne-imie-plexi-zlote-lustro\/","og_site_name":"Drewniana Magia","article_publisher":"https:\/\/facebook.com\/BelasDrewnianaMagia","article_modified_time":"2025-07-21T10:56:10+00:00","og_image":[{"width":2000,"height":2000,"url":"https:\/\/www.drewnianamagia.pl\/wp-content\/uploads\/2025\/06\/dekor-imie-zlote-lustro-1.jpg","type":"image\/jpeg"}],"twitter_card":"summary_large_image","twitter_misc":{"Szacowany czas czytania":"1 minuta"},"schema":{"@context":"https:\/\/schema.org","@graph":[{"@type":"WebPage","@id":"https:\/\/www.drewnianamagia.pl\/index.php\/produkt\/dekor-dowolne-imie-plexi-zlote-lustro\/","url":"https:\/\/www.drewnianamagia.pl\/index.php\/produkt\/dekor-dowolne-imie-plexi-zlote-lustro\/","name":"Dekor dowolne imi\u0119 - plexi z\u0142ote lustro - Drewniana Magia","isPartOf":{"@id":"https:\/\/www.drewnianamagia.pl\/#website"},"primaryImageOfPage":{"@id":"https:\/\/www.drewnianamagia.pl\/index.php\/produkt\/dekor-dowolne-imie-plexi-zlote-lustro\/#primaryimage"},"image":{"@id":"https:\/\/www.drewnianamagia.pl\/index.php\/produkt\/dekor-dowolne-imie-plexi-zlote-lustro\/#primaryimage"},"thumbnailUrl":"https:\/\/www.drewnianamagia.pl\/wp-content\/uploads\/2025\/06\/dekor-imie-zlote-lustro-1.jpg","datePublished":"2025-06-10T12:54:05+00:00","dateModified":"2025-07-21T10:56:10+00:00","description":"Dekor akrylowy z dowolnym imieniem wykonany z plexi - z\u0142ote lustro. Szeroko\u015b\u0107 produktu 10cm, grubo\u015b\u0107 1mm. Dodaj blasku do swoich dekoracji.","breadcrumb":{"@id":"https:\/\/www.drewnianamagia.pl\/index.php\/produkt\/dekor-dowolne-imie-plexi-zlote-lustro\/#breadcrumb"},"inLanguage":"pl-PL","potentialAction":[{"@type":"ReadAction","target":["https:\/\/www.drewnianamagia.pl\/index.php\/produkt\/dekor-dowolne-imie-plexi-zlote-lustro\/"]}]},{"@type":"ImageObject","inLanguage":"pl-PL","@id":"https:\/\/www.drewnianamagia.pl\/index.php\/produkt\/dekor-dowolne-imie-plexi-zlote-lustro\/#primaryimage","url":"https:\/\/www.drewnianamagia.pl\/wp-content\/uploads\/2025\/06\/dekor-imie-zlote-lustro-1.jpg","contentUrl":"https:\/\/www.drewnianamagia.pl\/wp-content\/uploads\/2025\/06\/dekor-imie-zlote-lustro-1.jpg","width":2000,"height":2000,"caption":"akrylowy dekor dowolne imi\u0119 z plexi z\u0142ote lustro"},{"@type":"BreadcrumbList","@id":"https:\/\/www.drewnianamagia.pl\/index.php\/produkt\/dekor-dowolne-imie-plexi-zlote-lustro\/#breadcrumb","itemListElement":[{"@type":"ListItem","position":1,"name":"Strona g\u0142\u00f3wna","item":"https:\/\/www.drewnianamagia.pl\/"},{"@type":"ListItem","position":2,"name":"Sklep","item":"https:\/\/www.drewnianamagia.pl\/index.php\/sklep-internetowy-drewnianamagia\/"},{"@type":"ListItem","position":3,"name":"Dekor dowolne imi\u0119 &#8211; plexi z\u0142ote lustro"}]},{"@type":"WebSite","@id":"https:\/\/www.drewnianamagia.pl\/#website","url":"https:\/\/www.drewnianamagia.pl\/","name":"Drewniana Magia","description":"Personalizowane prezenty i dekoracje z drewna i druku 3D, na ka\u017cd\u0105 okazj\u0119 i okoliczno\u015b\u0107. Urodziny, Chrzest, Przyj\u0119cie, \u015awi\u0119ta, \u015alub","publisher":{"@id":"https:\/\/www.drewnianamagia.pl\/#organization"},"potentialAction":[{"@type":"SearchAction","target":{"@type":"EntryPoint","urlTemplate":"https:\/\/www.drewnianamagia.pl\/?s={search_term_string}"},"query-input":{"@type":"PropertyValueSpecification","valueRequired":true,"valueName":"search_term_string"}}],"inLanguage":"pl-PL"},{"@type":"Organization","@id":"https:\/\/www.drewnianamagia.pl\/#organization","name":"Drewniana Magia","url":"https:\/\/www.drewnianamagia.pl\/","logo":{"@type":"ImageObject","inLanguage":"pl-PL","@id":"https:\/\/www.drewnianamagia.pl\/#\/schema\/logo\/image\/","url":"https:\/\/www.drewnianamagia.pl\/wp-content\/uploads\/2024\/02\/cropped-LOGO-DrewnianaMagia-375x188-1.png","contentUrl":"https:\/\/www.drewnianamagia.pl\/wp-content\/uploads\/2024\/02\/cropped-LOGO-DrewnianaMagia-375x188-1.png","width":374,"height":188,"caption":"Drewniana Magia"},"image":{"@id":"https:\/\/www.drewnianamagia.pl\/#\/schema\/logo\/image\/"},"sameAs":["https:\/\/facebook.com\/BelasDrewnianaMagia"]}]}},"_links":{"self":[{"href":"https:\/\/www.drewnianamagia.pl\/index.php\/wp-json\/wp\/v2\/product\/8179","targetHints":{"allow":["GET"]}}],"collection":[{"href":"https:\/\/www.drewnianamagia.pl\/index.php\/wp-json\/wp\/v2\/product"}],"about":[{"href":"https:\/\/www.drewnianamagia.pl\/index.php\/wp-json\/wp\/v2\/types\/product"}],"replies":[{"embeddable":true,"href":"https:\/\/www.drewnianamagia.pl\/index.php\/wp-json\/wp\/v2\/comments?post=8179"}],"wp:featuredmedia":[{"embeddable":true,"href":"https:\/\/www.drewnianamagia.pl\/index.php\/wp-json\/wp\/v2\/media\/8175"}],"wp:attachment":[{"href":"https:\/\/www.drewnianamagia.pl\/index.php\/wp-json\/wp\/v2\/media?parent=8179"}],"wp:term":[{"taxonomy":"product_brand","embeddable":true,"href":"https:\/\/www.drewnianamagia.pl\/index.php\/wp-json\/wp\/v2\/product_brand?post=8179"},{"taxonomy":"product_cat","embeddable":true,"href":"https:\/\/www.drewnianamagia.pl\/index.php\/wp-json\/wp\/v2\/product_cat?post=8179"},{"taxonomy":"product_tag","embeddable":true,"href":"https:\/\/www.drewnianamagia.pl\/index.php\/wp-json\/wp\/v2\/product_tag?post=8179"}],"curies":[{"name":"wp","href":"https:\/\/api.w.org\/{rel}","templated":true}]}}