{"id":816,"date":"2023-09-27T15:41:46","date_gmt":"2023-09-27T13:41:46","guid":{"rendered":"https:\/\/www.drewnianamagia.pl\/?post_type=product&#038;p=816"},"modified":"2025-09-16T14:09:12","modified_gmt":"2025-09-16T12:09:12","slug":"topper-drewniany-28cm-personalizacja-wlasny-tekst","status":"publish","type":"product","link":"https:\/\/www.drewnianamagia.pl\/index.php\/produkt\/topper-drewniany-28cm-personalizacja-wlasny-tekst\/","title":{"rendered":"Topper drewniany 28cm personalizacja w\u0142asny tekst"},"content":{"rendered":"<h5>Personalizowany Topper drewniany na specjaln\u0105 okazj\u0119!<\/h5>\n<p>Szukasz wyj\u0105tkowej dekoracji na swoj\u0105 uroczysto\u015b\u0107? Nasze spersonalizowane Topperry to idealne rozwi\u0105zanie! Ka\u017cdy Topper wykonujemy na Twoje indywidualne zam\u00f3wienie. Sk\u0142adaj\u0105 si\u0119 z maksymalnie 3 wybranych przez Ciebie s\u0142\u00f3w. Ka\u017cde s\u0142owo musi zaczyna\u0107 si\u0119 wielk\u0105 liter\u0105.<\/p>\n<h5><strong>Wykonanie i wymiary<\/strong><\/h5>\n<p>Nasze Topperry maj\u0105 imponuj\u0105ce wymiary, osi\u0105gaj\u0105c oko\u0142o 28 cm wysoko\u015bci oraz do 25 cm szeroko\u015bci (szeroko\u015b\u0107 zale\u017cna jest od d\u0142ugo\u015bci s\u0142\u00f3w). Ka\u017cdy Topper tworzymy z dwoma zintegrowanymi szpikulcami, kt\u00f3re zapewniaj\u0105 mu stabilno\u015b\u0107 na wybranej przez Ciebie dekoracji. Wykonujemy je z wysokiej jako\u015bci sklejki topolowo-lipowej, dodatkowo szlifowanej, aby osi\u0105gn\u0105\u0107 perfekcyjne wyko\u0144czenie.<\/p>\n<p><strong>Nie sklejamy oddzielnie tekstu i szpikulca jak w przypadku ta\u0144szych rozwi\u0105za\u0144<\/strong>, co daje pewno\u015b\u0107 stabilno\u015bci konstrukcji. Ca\u0142o\u015b\u0107 jest wykonana z jednego elementu.<\/p>\n<p>Wysoko\u015b\u0107 ca\u0142ego Toppera to oko\u0142o 28 cm, w tym \u015brednio po 5 cm przypada na ka\u017cd\u0105 linijk\u0119 tekstu.<\/p>\n<p>Stw\u00f3rz niepowtarzalny akcent na swojej uroczysto\u015bci dzi\u0119ki spersonalizowanemu Topperowi z drewna! <strong>Daj nam zna\u0107, jakie s\u0142owa maj\u0105 znale\u017a\u0107 si\u0119 na Twoim Topperze<\/strong>, a my stworzymy dla Ciebie wyj\u0105tkow\u0105 dekoracj\u0119.<\/p>\n","protected":false},"excerpt":{"rendered":"<p>Personalizowany Topper drewniany na specjaln\u0105 okazj\u0119! Szukasz wyj\u0105tkowej dekoracji na swoj\u0105 uroczysto\u015b\u0107? Nasze spersonalizowane Topperry to idealne rozwi\u0105zanie! Ka\u017cdy Topper wykonujemy na Twoje indywidualne zam\u00f3wienie. Sk\u0142adaj\u0105 si\u0119 z maksymalnie 3 wybranych przez Ciebie s\u0142\u00f3w. Ka\u017cde s\u0142owo musi zaczyna\u0107 si\u0119 wielk\u0105 liter\u0105. Wykonanie i wymiary Nasze Topperry maj\u0105 imponuj\u0105ce wymiary, osi\u0105gaj\u0105c oko\u0142o 28 cm wysoko\u015bci oraz [&hellip;]<\/p>\n","protected":false},"featured_media":808,"comment_status":"open","ping_status":"closed","template":"","meta":{"_acf_changed":false},"product_brand":[],"product_cat":[97,49,105,98,149,96],"product_tag":[72,54,59],"class_list":{"0":"post-816","1":"product","2":"type-product","3":"status-publish","4":"has-post-thumbnail","6":"product_cat-chrzest-komunia","7":"product_cat-dekoracje","8":"product_cat-rocznice","9":"product_cat-slub-wesele","10":"product_cat-toppery","11":"product_cat-urodziny-imieniny","12":"product_tag-impreza","13":"product_tag-personalizacja","14":"product_tag-urodziny","16":"first","17":"instock","18":"taxable","19":"shipping-taxable","20":"purchasable","21":"product-type-simple"},"acf":[],"yoast_head":"<!-- This site is optimized with the Yoast SEO plugin v27.5 - https:\/\/yoast.com\/product\/yoast-seo-wordpress\/ -->\n<title>Topper drewniany 28cm personalizacja w\u0142asny tekst - Drewniana Magia<\/title>\n<meta name=\"description\" content=\"Du\u017cy personalizowany Topper drewniany z w\u0142asnymi s\u0142owami, Na podw\u00f3jnym szpikulcu. Dodaj indywidualny styl swojej dekoracji.\" \/>\n<meta name=\"robots\" content=\"index, follow, max-snippet:-1, max-image-preview:large, max-video-preview:-1\" \/>\n<link rel=\"canonical\" href=\"https:\/\/www.drewnianamagia.pl\/index.php\/produkt\/topper-drewniany-28cm-personalizacja-wlasny-tekst\/\" \/>\n<meta property=\"og:locale\" content=\"pl_PL\" \/>\n<meta property=\"og:type\" content=\"article\" \/>\n<meta property=\"og:title\" content=\"Topper drewniany 28cm personalizacja w\u0142asny tekst - Drewniana Magia\" \/>\n<meta property=\"og:description\" content=\"Du\u017cy personalizowany Topper drewniany z w\u0142asnymi s\u0142owami, Na podw\u00f3jnym szpikulcu. Dodaj indywidualny styl swojej dekoracji.\" \/>\n<meta property=\"og:url\" content=\"https:\/\/www.drewnianamagia.pl\/index.php\/produkt\/topper-drewniany-28cm-personalizacja-wlasny-tekst\/\" \/>\n<meta property=\"og:site_name\" content=\"Drewniana Magia\" \/>\n<meta property=\"article:publisher\" content=\"https:\/\/facebook.com\/BelasDrewnianaMagia\" \/>\n<meta property=\"article:modified_time\" content=\"2025-09-16T12:09:12+00:00\" \/>\n<meta property=\"og:image\" content=\"https:\/\/www.drewnianamagia.pl\/wp-content\/uploads\/2023\/09\/toper-niemalowany-przod.png\" \/>\n\t<meta property=\"og:image:width\" content=\"1500\" \/>\n\t<meta property=\"og:image:height\" content=\"1500\" \/>\n\t<meta property=\"og:image:type\" content=\"image\/png\" \/>\n<meta name=\"twitter:card\" content=\"summary_large_image\" \/>\n<meta name=\"twitter:label1\" content=\"Szacowany czas czytania\" \/>\n\t<meta name=\"twitter:data1\" content=\"1 minuta\" \/>\n<script type=\"application\/ld+json\" class=\"yoast-schema-graph\">{\"@context\":\"https:\\\/\\\/schema.org\",\"@graph\":[{\"@type\":\"WebPage\",\"@id\":\"https:\\\/\\\/www.drewnianamagia.pl\\\/index.php\\\/produkt\\\/topper-drewniany-28cm-personalizacja-wlasny-tekst\\\/\",\"url\":\"https:\\\/\\\/www.drewnianamagia.pl\\\/index.php\\\/produkt\\\/topper-drewniany-28cm-personalizacja-wlasny-tekst\\\/\",\"name\":\"Topper drewniany 28cm personalizacja w\u0142asny tekst - Drewniana Magia\",\"isPartOf\":{\"@id\":\"https:\\\/\\\/www.drewnianamagia.pl\\\/#website\"},\"primaryImageOfPage\":{\"@id\":\"https:\\\/\\\/www.drewnianamagia.pl\\\/index.php\\\/produkt\\\/topper-drewniany-28cm-personalizacja-wlasny-tekst\\\/#primaryimage\"},\"image\":{\"@id\":\"https:\\\/\\\/www.drewnianamagia.pl\\\/index.php\\\/produkt\\\/topper-drewniany-28cm-personalizacja-wlasny-tekst\\\/#primaryimage\"},\"thumbnailUrl\":\"https:\\\/\\\/www.drewnianamagia.pl\\\/wp-content\\\/uploads\\\/2023\\\/09\\\/toper-niemalowany-przod.png\",\"datePublished\":\"2023-09-27T13:41:46+00:00\",\"dateModified\":\"2025-09-16T12:09:12+00:00\",\"description\":\"Du\u017cy personalizowany Topper drewniany z w\u0142asnymi s\u0142owami, Na podw\u00f3jnym szpikulcu. Dodaj indywidualny styl swojej dekoracji.\",\"breadcrumb\":{\"@id\":\"https:\\\/\\\/www.drewnianamagia.pl\\\/index.php\\\/produkt\\\/topper-drewniany-28cm-personalizacja-wlasny-tekst\\\/#breadcrumb\"},\"inLanguage\":\"pl-PL\",\"potentialAction\":[{\"@type\":\"ReadAction\",\"target\":[\"https:\\\/\\\/www.drewnianamagia.pl\\\/index.php\\\/produkt\\\/topper-drewniany-28cm-personalizacja-wlasny-tekst\\\/\"]}]},{\"@type\":\"ImageObject\",\"inLanguage\":\"pl-PL\",\"@id\":\"https:\\\/\\\/www.drewnianamagia.pl\\\/index.php\\\/produkt\\\/topper-drewniany-28cm-personalizacja-wlasny-tekst\\\/#primaryimage\",\"url\":\"https:\\\/\\\/www.drewnianamagia.pl\\\/wp-content\\\/uploads\\\/2023\\\/09\\\/toper-niemalowany-przod.png\",\"contentUrl\":\"https:\\\/\\\/www.drewnianamagia.pl\\\/wp-content\\\/uploads\\\/2023\\\/09\\\/toper-niemalowany-przod.png\",\"width\":1500,\"height\":1500,\"caption\":\"Topper drewniany\"},{\"@type\":\"BreadcrumbList\",\"@id\":\"https:\\\/\\\/www.drewnianamagia.pl\\\/index.php\\\/produkt\\\/topper-drewniany-28cm-personalizacja-wlasny-tekst\\\/#breadcrumb\",\"itemListElement\":[{\"@type\":\"ListItem\",\"position\":1,\"name\":\"Strona g\u0142\u00f3wna\",\"item\":\"https:\\\/\\\/www.drewnianamagia.pl\\\/\"},{\"@type\":\"ListItem\",\"position\":2,\"name\":\"Sklep\",\"item\":\"https:\\\/\\\/www.drewnianamagia.pl\\\/index.php\\\/sklep-internetowy-drewnianamagia\\\/\"},{\"@type\":\"ListItem\",\"position\":3,\"name\":\"Topper drewniany 28cm personalizacja w\u0142asny tekst\"}]},{\"@type\":\"WebSite\",\"@id\":\"https:\\\/\\\/www.drewnianamagia.pl\\\/#website\",\"url\":\"https:\\\/\\\/www.drewnianamagia.pl\\\/\",\"name\":\"Drewniana Magia\",\"description\":\"Personalizowane prezenty i dekoracje z drewna i druku 3D, na ka\u017cd\u0105 okazj\u0119 i okoliczno\u015b\u0107. Urodziny, Chrzest, Przyj\u0119cie, \u015awi\u0119ta, \u015alub\",\"publisher\":{\"@id\":\"https:\\\/\\\/www.drewnianamagia.pl\\\/#organization\"},\"potentialAction\":[{\"@type\":\"SearchAction\",\"target\":{\"@type\":\"EntryPoint\",\"urlTemplate\":\"https:\\\/\\\/www.drewnianamagia.pl\\\/?s={search_term_string}\"},\"query-input\":{\"@type\":\"PropertyValueSpecification\",\"valueRequired\":true,\"valueName\":\"search_term_string\"}}],\"inLanguage\":\"pl-PL\"},{\"@type\":\"Organization\",\"@id\":\"https:\\\/\\\/www.drewnianamagia.pl\\\/#organization\",\"name\":\"Drewniana Magia\",\"url\":\"https:\\\/\\\/www.drewnianamagia.pl\\\/\",\"logo\":{\"@type\":\"ImageObject\",\"inLanguage\":\"pl-PL\",\"@id\":\"https:\\\/\\\/www.drewnianamagia.pl\\\/#\\\/schema\\\/logo\\\/image\\\/\",\"url\":\"https:\\\/\\\/www.drewnianamagia.pl\\\/wp-content\\\/uploads\\\/2024\\\/02\\\/cropped-LOGO-DrewnianaMagia-375x188-1.png\",\"contentUrl\":\"https:\\\/\\\/www.drewnianamagia.pl\\\/wp-content\\\/uploads\\\/2024\\\/02\\\/cropped-LOGO-DrewnianaMagia-375x188-1.png\",\"width\":374,\"height\":188,\"caption\":\"Drewniana Magia\"},\"image\":{\"@id\":\"https:\\\/\\\/www.drewnianamagia.pl\\\/#\\\/schema\\\/logo\\\/image\\\/\"},\"sameAs\":[\"https:\\\/\\\/facebook.com\\\/BelasDrewnianaMagia\"]}]}<\/script>\n<!-- \/ Yoast SEO plugin. -->","yoast_head_json":{"title":"Topper drewniany 28cm personalizacja w\u0142asny tekst - Drewniana Magia","description":"Du\u017cy personalizowany Topper drewniany z w\u0142asnymi s\u0142owami, Na podw\u00f3jnym szpikulcu. Dodaj indywidualny styl swojej dekoracji.","robots":{"index":"index","follow":"follow","max-snippet":"max-snippet:-1","max-image-preview":"max-image-preview:large","max-video-preview":"max-video-preview:-1"},"canonical":"https:\/\/www.drewnianamagia.pl\/index.php\/produkt\/topper-drewniany-28cm-personalizacja-wlasny-tekst\/","og_locale":"pl_PL","og_type":"article","og_title":"Topper drewniany 28cm personalizacja w\u0142asny tekst - Drewniana Magia","og_description":"Du\u017cy personalizowany Topper drewniany z w\u0142asnymi s\u0142owami, Na podw\u00f3jnym szpikulcu. Dodaj indywidualny styl swojej dekoracji.","og_url":"https:\/\/www.drewnianamagia.pl\/index.php\/produkt\/topper-drewniany-28cm-personalizacja-wlasny-tekst\/","og_site_name":"Drewniana Magia","article_publisher":"https:\/\/facebook.com\/BelasDrewnianaMagia","article_modified_time":"2025-09-16T12:09:12+00:00","og_image":[{"width":1500,"height":1500,"url":"https:\/\/www.drewnianamagia.pl\/wp-content\/uploads\/2023\/09\/toper-niemalowany-przod.png","type":"image\/png"}],"twitter_card":"summary_large_image","twitter_misc":{"Szacowany czas czytania":"1 minuta"},"schema":{"@context":"https:\/\/schema.org","@graph":[{"@type":"WebPage","@id":"https:\/\/www.drewnianamagia.pl\/index.php\/produkt\/topper-drewniany-28cm-personalizacja-wlasny-tekst\/","url":"https:\/\/www.drewnianamagia.pl\/index.php\/produkt\/topper-drewniany-28cm-personalizacja-wlasny-tekst\/","name":"Topper drewniany 28cm personalizacja w\u0142asny tekst - Drewniana Magia","isPartOf":{"@id":"https:\/\/www.drewnianamagia.pl\/#website"},"primaryImageOfPage":{"@id":"https:\/\/www.drewnianamagia.pl\/index.php\/produkt\/topper-drewniany-28cm-personalizacja-wlasny-tekst\/#primaryimage"},"image":{"@id":"https:\/\/www.drewnianamagia.pl\/index.php\/produkt\/topper-drewniany-28cm-personalizacja-wlasny-tekst\/#primaryimage"},"thumbnailUrl":"https:\/\/www.drewnianamagia.pl\/wp-content\/uploads\/2023\/09\/toper-niemalowany-przod.png","datePublished":"2023-09-27T13:41:46+00:00","dateModified":"2025-09-16T12:09:12+00:00","description":"Du\u017cy personalizowany Topper drewniany z w\u0142asnymi s\u0142owami, Na podw\u00f3jnym szpikulcu. Dodaj indywidualny styl swojej dekoracji.","breadcrumb":{"@id":"https:\/\/www.drewnianamagia.pl\/index.php\/produkt\/topper-drewniany-28cm-personalizacja-wlasny-tekst\/#breadcrumb"},"inLanguage":"pl-PL","potentialAction":[{"@type":"ReadAction","target":["https:\/\/www.drewnianamagia.pl\/index.php\/produkt\/topper-drewniany-28cm-personalizacja-wlasny-tekst\/"]}]},{"@type":"ImageObject","inLanguage":"pl-PL","@id":"https:\/\/www.drewnianamagia.pl\/index.php\/produkt\/topper-drewniany-28cm-personalizacja-wlasny-tekst\/#primaryimage","url":"https:\/\/www.drewnianamagia.pl\/wp-content\/uploads\/2023\/09\/toper-niemalowany-przod.png","contentUrl":"https:\/\/www.drewnianamagia.pl\/wp-content\/uploads\/2023\/09\/toper-niemalowany-przod.png","width":1500,"height":1500,"caption":"Topper drewniany"},{"@type":"BreadcrumbList","@id":"https:\/\/www.drewnianamagia.pl\/index.php\/produkt\/topper-drewniany-28cm-personalizacja-wlasny-tekst\/#breadcrumb","itemListElement":[{"@type":"ListItem","position":1,"name":"Strona g\u0142\u00f3wna","item":"https:\/\/www.drewnianamagia.pl\/"},{"@type":"ListItem","position":2,"name":"Sklep","item":"https:\/\/www.drewnianamagia.pl\/index.php\/sklep-internetowy-drewnianamagia\/"},{"@type":"ListItem","position":3,"name":"Topper drewniany 28cm personalizacja w\u0142asny tekst"}]},{"@type":"WebSite","@id":"https:\/\/www.drewnianamagia.pl\/#website","url":"https:\/\/www.drewnianamagia.pl\/","name":"Drewniana Magia","description":"Personalizowane prezenty i dekoracje z drewna i druku 3D, na ka\u017cd\u0105 okazj\u0119 i okoliczno\u015b\u0107. Urodziny, Chrzest, Przyj\u0119cie, \u015awi\u0119ta, \u015alub","publisher":{"@id":"https:\/\/www.drewnianamagia.pl\/#organization"},"potentialAction":[{"@type":"SearchAction","target":{"@type":"EntryPoint","urlTemplate":"https:\/\/www.drewnianamagia.pl\/?s={search_term_string}"},"query-input":{"@type":"PropertyValueSpecification","valueRequired":true,"valueName":"search_term_string"}}],"inLanguage":"pl-PL"},{"@type":"Organization","@id":"https:\/\/www.drewnianamagia.pl\/#organization","name":"Drewniana Magia","url":"https:\/\/www.drewnianamagia.pl\/","logo":{"@type":"ImageObject","inLanguage":"pl-PL","@id":"https:\/\/www.drewnianamagia.pl\/#\/schema\/logo\/image\/","url":"https:\/\/www.drewnianamagia.pl\/wp-content\/uploads\/2024\/02\/cropped-LOGO-DrewnianaMagia-375x188-1.png","contentUrl":"https:\/\/www.drewnianamagia.pl\/wp-content\/uploads\/2024\/02\/cropped-LOGO-DrewnianaMagia-375x188-1.png","width":374,"height":188,"caption":"Drewniana Magia"},"image":{"@id":"https:\/\/www.drewnianamagia.pl\/#\/schema\/logo\/image\/"},"sameAs":["https:\/\/facebook.com\/BelasDrewnianaMagia"]}]}},"_links":{"self":[{"href":"https:\/\/www.drewnianamagia.pl\/index.php\/wp-json\/wp\/v2\/product\/816","targetHints":{"allow":["GET"]}}],"collection":[{"href":"https:\/\/www.drewnianamagia.pl\/index.php\/wp-json\/wp\/v2\/product"}],"about":[{"href":"https:\/\/www.drewnianamagia.pl\/index.php\/wp-json\/wp\/v2\/types\/product"}],"replies":[{"embeddable":true,"href":"https:\/\/www.drewnianamagia.pl\/index.php\/wp-json\/wp\/v2\/comments?post=816"}],"wp:featuredmedia":[{"embeddable":true,"href":"https:\/\/www.drewnianamagia.pl\/index.php\/wp-json\/wp\/v2\/media\/808"}],"wp:attachment":[{"href":"https:\/\/www.drewnianamagia.pl\/index.php\/wp-json\/wp\/v2\/media?parent=816"}],"wp:term":[{"taxonomy":"product_brand","embeddable":true,"href":"https:\/\/www.drewnianamagia.pl\/index.php\/wp-json\/wp\/v2\/product_brand?post=816"},{"taxonomy":"product_cat","embeddable":true,"href":"https:\/\/www.drewnianamagia.pl\/index.php\/wp-json\/wp\/v2\/product_cat?post=816"},{"taxonomy":"product_tag","embeddable":true,"href":"https:\/\/www.drewnianamagia.pl\/index.php\/wp-json\/wp\/v2\/product_tag?post=816"}],"curies":[{"name":"wp","href":"https:\/\/api.w.org\/{rel}","templated":true}]}}