{"id":7999,"date":"2025-05-30T11:24:36","date_gmt":"2025-05-30T09:24:36","guid":{"rendered":"https:\/\/www.drewnianamagia.pl\/?post_type=product&#038;p=7999"},"modified":"2025-06-16T12:26:38","modified_gmt":"2025-06-16T10:26:38","slug":"topper-serce-z-grawerem-imion-podziekowanie-do-kwiatow","status":"publish","type":"product","link":"https:\/\/www.drewnianamagia.pl\/index.php\/produkt\/topper-serce-z-grawerem-imion-podziekowanie-do-kwiatow\/","title":{"rendered":"Topper &#8211; serce z grawerem imion &#8211; podzi\u0119kowanie &#8211; do kwiat\u00f3w"},"content":{"rendered":"<h1 style=\"text-align: center;\"><strong>Topper &#8211; serce z grawerem<\/strong><\/h1>\n<p>Topper w kszta\u0142cie serca z grawerem imion jako dodatek do kwiat\u00f3w. Personalizowany grawer pozwoli dopasowa\u0107 produkt do okazji. Podzi\u0119kowanie na koniec roku szkolnego, impreza rodzinna, Dzie\u0144 nauczyciela i wiele innych.<\/p>\n<p>Serce o szeroko\u015bci a\u017c 20cm!<\/p>\n<hr \/>\n<p><span style=\"color: #ff0000;\"><strong>PERSONALIZACJA:<\/strong><\/span><\/p>\n<p>W opisie personalizacji podaj imiona jakie mamy wygrawerowa\u0107 oraz opcjonalnie dodatkowy tekst, kt\u00f3ry umie\u015bcimy po\u015brodku. Mo\u017cesz poda\u0107 inn\u0105 ilo\u015b\u0107 imion ni\u017c na przedstawionej wizualizacji &#8211; dopasujemy u\u0142o\u017cenie grawerowanych serduszek. Je\u015bli nie podasz dodatkowego tekstu do wygrawerowania w centralnej cz\u0119\u015bci toppera &#8211; serduszka z imionami zostan\u0105 roz\u0142o\u017cone r\u00f3wnomiernie na powierzchni produktu.<\/p>\n<p>&nbsp;<\/p>\n<hr \/>\n<p><span style=\"color: #ff0000;\"><strong>SPECYFIKACJA:<\/strong><\/span><\/p>\n<ul>\n<li>Materia\u0142: wysokiej jako\u015bci sklejka drewniana o grubo\u015bci ok. 3mm<\/li>\n<li>Produkt r\u0119cznie szlifowany<\/li>\n<li>Szeroko\u015b\u0107: 20 cm<\/li>\n<li>Wysoko\u015b\u0107 samego serduszka &#8211; 17cm<\/li>\n<li>Wysoko\u015b\u0107 ca\u0142ego produktu &#8211; 27 cm (razem ze szpikulcem)<\/li>\n<\/ul>\n<hr \/>\n<p><span style=\"color: #ff0000;\"><strong>POZOSTA\u0141E INFORMACJE:<\/strong><\/span><\/p>\n<p>Zdj\u0119cie g\u0142\u00f3wne produktu jest komputerow\u0105 wizualizacj\u0105 gotowego produktu. Kolory mog\u0105 si\u0119 nieznacznie r\u00f3\u017cni\u0107 od tych widocznych na ekranie &#8211; wynika to z ustawie\u0144 konkretnego ekranu a tak\u017ce ze specyfikacji materia\u0142u z kt\u00f3rego produkt zostanie wykonany. Drewno to naturalny surowiec i r\u00f3\u017cni si\u0119 struktur\u0105, barw\u0105 oraz u\u0142o\u017ceniem s\u0142oj\u00f3w, co r\u00f3wnie\u017c ma wp\u0142yw na sam\u0105 barw\u0119 graweru.<\/p>\n","protected":false},"excerpt":{"rendered":"<p>Topper &#8211; serce z grawerem Topper w kszta\u0142cie serca z grawerem imion jako dodatek do kwiat\u00f3w. Personalizowany grawer pozwoli dopasowa\u0107 produkt do okazji. Podzi\u0119kowanie na koniec roku szkolnego, impreza rodzinna, Dzie\u0144 nauczyciela i wiele innych. Serce o szeroko\u015bci a\u017c 20cm! PERSONALIZACJA: W opisie personalizacji podaj imiona jakie mamy wygrawerowa\u0107 oraz opcjonalnie dodatkowy tekst, kt\u00f3ry umie\u015bcimy [&hellip;]<\/p>\n","protected":false},"featured_media":8014,"comment_status":"open","ping_status":"closed","template":"","meta":{"_acf_changed":false},"product_brand":[180],"product_cat":[103,108,100,104,105,98,149],"product_tag":[54],"class_list":{"0":"post-7999","1":"product","2":"type-product","3":"status-publish","4":"has-post-thumbnail","6":"product_brand-drewniana-magia","7":"product_cat-dzien-babci-dzien-dziadka","8":"product_cat-dzien-kobiet","9":"product_cat-dzien-matki-dzien-ojca","10":"product_cat-dzien-nauczyciela","11":"product_cat-rocznice","12":"product_cat-slub-wesele","13":"product_cat-toppery","14":"product_tag-personalizacja","16":"first","17":"instock","18":"taxable","19":"shipping-taxable","20":"purchasable","21":"product-type-simple"},"acf":[],"yoast_head":"<!-- This site is optimized with the Yoast SEO plugin v27.5 - https:\/\/yoast.com\/product\/yoast-seo-wordpress\/ -->\n<title>Topper - serce z grawerem imion - podzi\u0119kowanie - do kwiat\u00f3w - Drewniana Magia<\/title>\n<meta name=\"description\" content=\"Topper z imionami - idealny dodatek do kwiat\u00f3w na r\u00f3\u017cne okazje. Dzie\u0144 nauczyciela, Zako\u0144czenie roku szkolnego i wiele innych.\" \/>\n<meta name=\"robots\" content=\"index, follow, max-snippet:-1, max-image-preview:large, max-video-preview:-1\" \/>\n<link rel=\"canonical\" href=\"https:\/\/www.drewnianamagia.pl\/index.php\/produkt\/topper-serce-z-grawerem-imion-podziekowanie-do-kwiatow\/\" \/>\n<meta property=\"og:locale\" content=\"pl_PL\" \/>\n<meta property=\"og:type\" content=\"article\" \/>\n<meta property=\"og:title\" content=\"Topper - serce z grawerem imion - podzi\u0119kowanie - do kwiat\u00f3w - Drewniana Magia\" \/>\n<meta property=\"og:description\" content=\"Topper z imionami - idealny dodatek do kwiat\u00f3w na r\u00f3\u017cne okazje. Dzie\u0144 nauczyciela, Zako\u0144czenie roku szkolnego i wiele innych.\" \/>\n<meta property=\"og:url\" content=\"https:\/\/www.drewnianamagia.pl\/index.php\/produkt\/topper-serce-z-grawerem-imion-podziekowanie-do-kwiatow\/\" \/>\n<meta property=\"og:site_name\" content=\"Drewniana Magia\" \/>\n<meta property=\"article:publisher\" content=\"https:\/\/facebook.com\/BelasDrewnianaMagia\" \/>\n<meta property=\"article:modified_time\" content=\"2025-06-16T10:26:38+00:00\" \/>\n<meta property=\"og:image\" content=\"https:\/\/www.drewnianamagia.pl\/wp-content\/uploads\/2025\/05\/topper-serce-z-imionami-i-tekstem-wizualizacja.jpg\" \/>\n\t<meta property=\"og:image:width\" content=\"2067\" \/>\n\t<meta property=\"og:image:height\" content=\"2067\" \/>\n\t<meta property=\"og:image:type\" content=\"image\/jpeg\" \/>\n<meta name=\"twitter:card\" content=\"summary_large_image\" \/>\n<meta name=\"twitter:label1\" content=\"Szacowany czas czytania\" \/>\n\t<meta name=\"twitter:data1\" content=\"2 minuty\" \/>\n<script type=\"application\/ld+json\" class=\"yoast-schema-graph\">{\"@context\":\"https:\\\/\\\/schema.org\",\"@graph\":[{\"@type\":\"WebPage\",\"@id\":\"https:\\\/\\\/www.drewnianamagia.pl\\\/index.php\\\/produkt\\\/topper-serce-z-grawerem-imion-podziekowanie-do-kwiatow\\\/\",\"url\":\"https:\\\/\\\/www.drewnianamagia.pl\\\/index.php\\\/produkt\\\/topper-serce-z-grawerem-imion-podziekowanie-do-kwiatow\\\/\",\"name\":\"Topper - serce z grawerem imion - podzi\u0119kowanie - do kwiat\u00f3w - Drewniana Magia\",\"isPartOf\":{\"@id\":\"https:\\\/\\\/www.drewnianamagia.pl\\\/#website\"},\"primaryImageOfPage\":{\"@id\":\"https:\\\/\\\/www.drewnianamagia.pl\\\/index.php\\\/produkt\\\/topper-serce-z-grawerem-imion-podziekowanie-do-kwiatow\\\/#primaryimage\"},\"image\":{\"@id\":\"https:\\\/\\\/www.drewnianamagia.pl\\\/index.php\\\/produkt\\\/topper-serce-z-grawerem-imion-podziekowanie-do-kwiatow\\\/#primaryimage\"},\"thumbnailUrl\":\"https:\\\/\\\/www.drewnianamagia.pl\\\/wp-content\\\/uploads\\\/2025\\\/05\\\/topper-serce-z-imionami-i-tekstem-wizualizacja.jpg\",\"datePublished\":\"2025-05-30T09:24:36+00:00\",\"dateModified\":\"2025-06-16T10:26:38+00:00\",\"description\":\"Topper z imionami - idealny dodatek do kwiat\u00f3w na r\u00f3\u017cne okazje. Dzie\u0144 nauczyciela, Zako\u0144czenie roku szkolnego i wiele innych.\",\"breadcrumb\":{\"@id\":\"https:\\\/\\\/www.drewnianamagia.pl\\\/index.php\\\/produkt\\\/topper-serce-z-grawerem-imion-podziekowanie-do-kwiatow\\\/#breadcrumb\"},\"inLanguage\":\"pl-PL\",\"potentialAction\":[{\"@type\":\"ReadAction\",\"target\":[\"https:\\\/\\\/www.drewnianamagia.pl\\\/index.php\\\/produkt\\\/topper-serce-z-grawerem-imion-podziekowanie-do-kwiatow\\\/\"]}]},{\"@type\":\"ImageObject\",\"inLanguage\":\"pl-PL\",\"@id\":\"https:\\\/\\\/www.drewnianamagia.pl\\\/index.php\\\/produkt\\\/topper-serce-z-grawerem-imion-podziekowanie-do-kwiatow\\\/#primaryimage\",\"url\":\"https:\\\/\\\/www.drewnianamagia.pl\\\/wp-content\\\/uploads\\\/2025\\\/05\\\/topper-serce-z-imionami-i-tekstem-wizualizacja.jpg\",\"contentUrl\":\"https:\\\/\\\/www.drewnianamagia.pl\\\/wp-content\\\/uploads\\\/2025\\\/05\\\/topper-serce-z-imionami-i-tekstem-wizualizacja.jpg\",\"width\":2067,\"height\":2067,\"caption\":\"Topper serce z imionami\"},{\"@type\":\"BreadcrumbList\",\"@id\":\"https:\\\/\\\/www.drewnianamagia.pl\\\/index.php\\\/produkt\\\/topper-serce-z-grawerem-imion-podziekowanie-do-kwiatow\\\/#breadcrumb\",\"itemListElement\":[{\"@type\":\"ListItem\",\"position\":1,\"name\":\"Strona g\u0142\u00f3wna\",\"item\":\"https:\\\/\\\/www.drewnianamagia.pl\\\/\"},{\"@type\":\"ListItem\",\"position\":2,\"name\":\"Sklep\",\"item\":\"https:\\\/\\\/www.drewnianamagia.pl\\\/index.php\\\/sklep-internetowy-drewnianamagia\\\/\"},{\"@type\":\"ListItem\",\"position\":3,\"name\":\"Topper &#8211; serce z grawerem imion &#8211; podzi\u0119kowanie &#8211; do kwiat\u00f3w\"}]},{\"@type\":\"WebSite\",\"@id\":\"https:\\\/\\\/www.drewnianamagia.pl\\\/#website\",\"url\":\"https:\\\/\\\/www.drewnianamagia.pl\\\/\",\"name\":\"Drewniana Magia\",\"description\":\"Personalizowane prezenty i dekoracje z drewna i druku 3D, na ka\u017cd\u0105 okazj\u0119 i okoliczno\u015b\u0107. Urodziny, Chrzest, Przyj\u0119cie, \u015awi\u0119ta, \u015alub\",\"publisher\":{\"@id\":\"https:\\\/\\\/www.drewnianamagia.pl\\\/#organization\"},\"potentialAction\":[{\"@type\":\"SearchAction\",\"target\":{\"@type\":\"EntryPoint\",\"urlTemplate\":\"https:\\\/\\\/www.drewnianamagia.pl\\\/?s={search_term_string}\"},\"query-input\":{\"@type\":\"PropertyValueSpecification\",\"valueRequired\":true,\"valueName\":\"search_term_string\"}}],\"inLanguage\":\"pl-PL\"},{\"@type\":\"Organization\",\"@id\":\"https:\\\/\\\/www.drewnianamagia.pl\\\/#organization\",\"name\":\"Drewniana Magia\",\"url\":\"https:\\\/\\\/www.drewnianamagia.pl\\\/\",\"logo\":{\"@type\":\"ImageObject\",\"inLanguage\":\"pl-PL\",\"@id\":\"https:\\\/\\\/www.drewnianamagia.pl\\\/#\\\/schema\\\/logo\\\/image\\\/\",\"url\":\"https:\\\/\\\/www.drewnianamagia.pl\\\/wp-content\\\/uploads\\\/2024\\\/02\\\/cropped-LOGO-DrewnianaMagia-375x188-1.png\",\"contentUrl\":\"https:\\\/\\\/www.drewnianamagia.pl\\\/wp-content\\\/uploads\\\/2024\\\/02\\\/cropped-LOGO-DrewnianaMagia-375x188-1.png\",\"width\":374,\"height\":188,\"caption\":\"Drewniana Magia\"},\"image\":{\"@id\":\"https:\\\/\\\/www.drewnianamagia.pl\\\/#\\\/schema\\\/logo\\\/image\\\/\"},\"sameAs\":[\"https:\\\/\\\/facebook.com\\\/BelasDrewnianaMagia\"]}]}<\/script>\n<!-- \/ Yoast SEO plugin. -->","yoast_head_json":{"title":"Topper - serce z grawerem imion - podzi\u0119kowanie - do kwiat\u00f3w - Drewniana Magia","description":"Topper z imionami - idealny dodatek do kwiat\u00f3w na r\u00f3\u017cne okazje. Dzie\u0144 nauczyciela, Zako\u0144czenie roku szkolnego i wiele innych.","robots":{"index":"index","follow":"follow","max-snippet":"max-snippet:-1","max-image-preview":"max-image-preview:large","max-video-preview":"max-video-preview:-1"},"canonical":"https:\/\/www.drewnianamagia.pl\/index.php\/produkt\/topper-serce-z-grawerem-imion-podziekowanie-do-kwiatow\/","og_locale":"pl_PL","og_type":"article","og_title":"Topper - serce z grawerem imion - podzi\u0119kowanie - do kwiat\u00f3w - Drewniana Magia","og_description":"Topper z imionami - idealny dodatek do kwiat\u00f3w na r\u00f3\u017cne okazje. Dzie\u0144 nauczyciela, Zako\u0144czenie roku szkolnego i wiele innych.","og_url":"https:\/\/www.drewnianamagia.pl\/index.php\/produkt\/topper-serce-z-grawerem-imion-podziekowanie-do-kwiatow\/","og_site_name":"Drewniana Magia","article_publisher":"https:\/\/facebook.com\/BelasDrewnianaMagia","article_modified_time":"2025-06-16T10:26:38+00:00","og_image":[{"width":2067,"height":2067,"url":"https:\/\/www.drewnianamagia.pl\/wp-content\/uploads\/2025\/05\/topper-serce-z-imionami-i-tekstem-wizualizacja.jpg","type":"image\/jpeg"}],"twitter_card":"summary_large_image","twitter_misc":{"Szacowany czas czytania":"2 minuty"},"schema":{"@context":"https:\/\/schema.org","@graph":[{"@type":"WebPage","@id":"https:\/\/www.drewnianamagia.pl\/index.php\/produkt\/topper-serce-z-grawerem-imion-podziekowanie-do-kwiatow\/","url":"https:\/\/www.drewnianamagia.pl\/index.php\/produkt\/topper-serce-z-grawerem-imion-podziekowanie-do-kwiatow\/","name":"Topper - serce z grawerem imion - podzi\u0119kowanie - do kwiat\u00f3w - Drewniana Magia","isPartOf":{"@id":"https:\/\/www.drewnianamagia.pl\/#website"},"primaryImageOfPage":{"@id":"https:\/\/www.drewnianamagia.pl\/index.php\/produkt\/topper-serce-z-grawerem-imion-podziekowanie-do-kwiatow\/#primaryimage"},"image":{"@id":"https:\/\/www.drewnianamagia.pl\/index.php\/produkt\/topper-serce-z-grawerem-imion-podziekowanie-do-kwiatow\/#primaryimage"},"thumbnailUrl":"https:\/\/www.drewnianamagia.pl\/wp-content\/uploads\/2025\/05\/topper-serce-z-imionami-i-tekstem-wizualizacja.jpg","datePublished":"2025-05-30T09:24:36+00:00","dateModified":"2025-06-16T10:26:38+00:00","description":"Topper z imionami - idealny dodatek do kwiat\u00f3w na r\u00f3\u017cne okazje. Dzie\u0144 nauczyciela, Zako\u0144czenie roku szkolnego i wiele innych.","breadcrumb":{"@id":"https:\/\/www.drewnianamagia.pl\/index.php\/produkt\/topper-serce-z-grawerem-imion-podziekowanie-do-kwiatow\/#breadcrumb"},"inLanguage":"pl-PL","potentialAction":[{"@type":"ReadAction","target":["https:\/\/www.drewnianamagia.pl\/index.php\/produkt\/topper-serce-z-grawerem-imion-podziekowanie-do-kwiatow\/"]}]},{"@type":"ImageObject","inLanguage":"pl-PL","@id":"https:\/\/www.drewnianamagia.pl\/index.php\/produkt\/topper-serce-z-grawerem-imion-podziekowanie-do-kwiatow\/#primaryimage","url":"https:\/\/www.drewnianamagia.pl\/wp-content\/uploads\/2025\/05\/topper-serce-z-imionami-i-tekstem-wizualizacja.jpg","contentUrl":"https:\/\/www.drewnianamagia.pl\/wp-content\/uploads\/2025\/05\/topper-serce-z-imionami-i-tekstem-wizualizacja.jpg","width":2067,"height":2067,"caption":"Topper serce z imionami"},{"@type":"BreadcrumbList","@id":"https:\/\/www.drewnianamagia.pl\/index.php\/produkt\/topper-serce-z-grawerem-imion-podziekowanie-do-kwiatow\/#breadcrumb","itemListElement":[{"@type":"ListItem","position":1,"name":"Strona g\u0142\u00f3wna","item":"https:\/\/www.drewnianamagia.pl\/"},{"@type":"ListItem","position":2,"name":"Sklep","item":"https:\/\/www.drewnianamagia.pl\/index.php\/sklep-internetowy-drewnianamagia\/"},{"@type":"ListItem","position":3,"name":"Topper &#8211; serce z grawerem imion &#8211; podzi\u0119kowanie &#8211; do kwiat\u00f3w"}]},{"@type":"WebSite","@id":"https:\/\/www.drewnianamagia.pl\/#website","url":"https:\/\/www.drewnianamagia.pl\/","name":"Drewniana Magia","description":"Personalizowane prezenty i dekoracje z drewna i druku 3D, na ka\u017cd\u0105 okazj\u0119 i okoliczno\u015b\u0107. Urodziny, Chrzest, Przyj\u0119cie, \u015awi\u0119ta, \u015alub","publisher":{"@id":"https:\/\/www.drewnianamagia.pl\/#organization"},"potentialAction":[{"@type":"SearchAction","target":{"@type":"EntryPoint","urlTemplate":"https:\/\/www.drewnianamagia.pl\/?s={search_term_string}"},"query-input":{"@type":"PropertyValueSpecification","valueRequired":true,"valueName":"search_term_string"}}],"inLanguage":"pl-PL"},{"@type":"Organization","@id":"https:\/\/www.drewnianamagia.pl\/#organization","name":"Drewniana Magia","url":"https:\/\/www.drewnianamagia.pl\/","logo":{"@type":"ImageObject","inLanguage":"pl-PL","@id":"https:\/\/www.drewnianamagia.pl\/#\/schema\/logo\/image\/","url":"https:\/\/www.drewnianamagia.pl\/wp-content\/uploads\/2024\/02\/cropped-LOGO-DrewnianaMagia-375x188-1.png","contentUrl":"https:\/\/www.drewnianamagia.pl\/wp-content\/uploads\/2024\/02\/cropped-LOGO-DrewnianaMagia-375x188-1.png","width":374,"height":188,"caption":"Drewniana Magia"},"image":{"@id":"https:\/\/www.drewnianamagia.pl\/#\/schema\/logo\/image\/"},"sameAs":["https:\/\/facebook.com\/BelasDrewnianaMagia"]}]}},"_links":{"self":[{"href":"https:\/\/www.drewnianamagia.pl\/index.php\/wp-json\/wp\/v2\/product\/7999","targetHints":{"allow":["GET"]}}],"collection":[{"href":"https:\/\/www.drewnianamagia.pl\/index.php\/wp-json\/wp\/v2\/product"}],"about":[{"href":"https:\/\/www.drewnianamagia.pl\/index.php\/wp-json\/wp\/v2\/types\/product"}],"replies":[{"embeddable":true,"href":"https:\/\/www.drewnianamagia.pl\/index.php\/wp-json\/wp\/v2\/comments?post=7999"}],"wp:featuredmedia":[{"embeddable":true,"href":"https:\/\/www.drewnianamagia.pl\/index.php\/wp-json\/wp\/v2\/media\/8014"}],"wp:attachment":[{"href":"https:\/\/www.drewnianamagia.pl\/index.php\/wp-json\/wp\/v2\/media?parent=7999"}],"wp:term":[{"taxonomy":"product_brand","embeddable":true,"href":"https:\/\/www.drewnianamagia.pl\/index.php\/wp-json\/wp\/v2\/product_brand?post=7999"},{"taxonomy":"product_cat","embeddable":true,"href":"https:\/\/www.drewnianamagia.pl\/index.php\/wp-json\/wp\/v2\/product_cat?post=7999"},{"taxonomy":"product_tag","embeddable":true,"href":"https:\/\/www.drewnianamagia.pl\/index.php\/wp-json\/wp\/v2\/product_tag?post=7999"}],"curies":[{"name":"wp","href":"https:\/\/api.w.org\/{rel}","templated":true}]}}