{"id":7892,"date":"2025-05-30T10:52:39","date_gmt":"2025-05-30T08:52:39","guid":{"rendered":"https:\/\/www.drewnianamagia.pl\/?post_type=product&#038;p=7892"},"modified":"2026-04-23T07:44:51","modified_gmt":"2026-04-23T05:44:51","slug":"serduszko-akrylowe-zlote-lustro","status":"publish","type":"product","link":"https:\/\/www.drewnianamagia.pl\/index.php\/produkt\/serduszko-akrylowe-zlote-lustro\/","title":{"rendered":"Serduszko akrylowe &#8211; z\u0142ote lustro"},"content":{"rendered":"<h1 style=\"text-align: center;\"><strong>Serduszko akrylowe &#8211; z\u0142ote lustro<\/strong><\/h1>\n<p>Akrylowe serduszko &#8211; z\u0142ote lustro o grubo\u015bci 1mm &#8211; idealne do ozdabiania\u00a0 w\u0142asnych prac DIY. Wybierz rozmiar jaki potrzebujesz.<\/p>\n<p>Dodaj stylu i elegancji do w\u0142asnych projekt\u00f3w.<\/p>\n<p>Powierzchnia lustrzana jest z jednej strony.<\/p>\n<hr \/>\n<p><span style=\"color: #ff0000;\"><strong>PERSONALIZACJA:<\/strong><\/span><\/p>\n<p>Produkt dost\u0119pny w kilku rozmiarach &#8211; wybierz najbardziej odpowiedni dla siebie.<\/p>\n<p>&nbsp;<\/p>\n<hr \/>\n<p><span style=\"color: #ff0000;\"><strong>SPECYFIKACJA:<\/strong><\/span><\/p>\n<ul>\n<li>Materia\u0142: szk\u0142o akrylowe (plexi) w kolorze z\u0142otego lustra z po\u0142yskiem<\/li>\n<li>Produkt wycinany laserowo<\/li>\n<li>Szeroko\u015b\u0107: od 1 do 5 cm (z dost\u0119pnych wariant\u00f3w)<\/li>\n<li>Grubo\u015b\u0107: 1mm<\/li>\n<\/ul>\n<hr \/>\n<p><span style=\"color: #ff0000;\"><strong>POZOSTA\u0141E INFORMACJE:<\/strong><\/span><\/p>\n<p>Przednia cz\u0119\u015b\u0107 zabezpieczona foli\u0105 ochronn\u0105, kt\u00f3r\u0105 nale\u017cy delikatnie zdj\u0105\u0107. Powierzchnia lustrzana umieszczona od spodu produktu jest chroniona przed zarysowaniami specjaln\u0105 warstw\u0105 materia\u0142u.<\/p>\n","protected":false},"excerpt":{"rendered":"<p>Serduszko akrylowe &#8211; z\u0142ote lustro Akrylowe serduszko &#8211; z\u0142ote lustro o grubo\u015bci 1mm &#8211; idealne do ozdabiania\u00a0 w\u0142asnych prac DIY. Wybierz rozmiar jaki potrzebujesz. Dodaj stylu i elegancji do w\u0142asnych projekt\u00f3w. Powierzchnia lustrzana jest z jednej strony. PERSONALIZACJA: Produkt dost\u0119pny w kilku rozmiarach &#8211; wybierz najbardziej odpowiedni dla siebie. &nbsp; SPECYFIKACJA: Materia\u0142: szk\u0142o akrylowe (plexi) [&hellip;]<\/p>\n","protected":false},"featured_media":7885,"comment_status":"open","ping_status":"closed","template":"","meta":{"_acf_changed":false},"product_brand":[180],"product_cat":[49,43],"product_tag":[191],"class_list":{"0":"post-7892","1":"product","2":"type-product","3":"status-publish","4":"has-post-thumbnail","6":"product_brand-drewniana-magia","7":"product_cat-dekoracje","8":"product_cat-scrapki","9":"product_tag-plexi","11":"first","12":"instock","13":"taxable","14":"shipping-taxable","15":"purchasable","16":"product-type-variable"},"acf":[],"yoast_head":"<!-- This site is optimized with the Yoast SEO plugin v27.5 - https:\/\/yoast.com\/product\/yoast-seo-wordpress\/ -->\n<title>Serduszko akrylowe - z\u0142ote lustro - Drewniana Magia<\/title>\n<meta name=\"description\" content=\"Serduszko z\u0142ote lustro -po\u0142ysk. Dodaj stylu i elegancji do swoich prac DIY. Dost\u0119pne r\u00f3\u017cne rozmiary. Produkt wycinany laserowo.\" \/>\n<meta name=\"robots\" content=\"index, follow, max-snippet:-1, max-image-preview:large, max-video-preview:-1\" \/>\n<link rel=\"canonical\" href=\"https:\/\/www.drewnianamagia.pl\/index.php\/produkt\/serduszko-akrylowe-zlote-lustro\/\" \/>\n<meta property=\"og:locale\" content=\"pl_PL\" \/>\n<meta property=\"og:type\" content=\"article\" \/>\n<meta property=\"og:title\" content=\"Serduszko akrylowe - z\u0142ote lustro - Drewniana Magia\" \/>\n<meta property=\"og:description\" content=\"Serduszko z\u0142ote lustro -po\u0142ysk. Dodaj stylu i elegancji do swoich prac DIY. Dost\u0119pne r\u00f3\u017cne rozmiary. Produkt wycinany laserowo.\" \/>\n<meta property=\"og:url\" content=\"https:\/\/www.drewnianamagia.pl\/index.php\/produkt\/serduszko-akrylowe-zlote-lustro\/\" \/>\n<meta property=\"og:site_name\" content=\"Drewniana Magia\" \/>\n<meta property=\"article:publisher\" content=\"https:\/\/facebook.com\/BelasDrewnianaMagia\" \/>\n<meta property=\"article:modified_time\" content=\"2026-04-23T05:44:51+00:00\" \/>\n<meta property=\"og:image\" content=\"https:\/\/www.drewnianamagia.pl\/wp-content\/uploads\/2025\/05\/zlote-lustrzane-serduszko.jpg\" \/>\n\t<meta property=\"og:image:width\" content=\"2000\" \/>\n\t<meta property=\"og:image:height\" content=\"2000\" \/>\n\t<meta property=\"og:image:type\" content=\"image\/jpeg\" \/>\n<meta name=\"twitter:card\" content=\"summary_large_image\" \/>\n<meta name=\"twitter:label1\" content=\"Szacowany czas czytania\" \/>\n\t<meta name=\"twitter:data1\" content=\"1 minuta\" \/>\n<script type=\"application\/ld+json\" class=\"yoast-schema-graph\">{\"@context\":\"https:\\\/\\\/schema.org\",\"@graph\":[{\"@type\":\"WebPage\",\"@id\":\"https:\\\/\\\/www.drewnianamagia.pl\\\/index.php\\\/produkt\\\/serduszko-akrylowe-zlote-lustro\\\/\",\"url\":\"https:\\\/\\\/www.drewnianamagia.pl\\\/index.php\\\/produkt\\\/serduszko-akrylowe-zlote-lustro\\\/\",\"name\":\"Serduszko akrylowe - z\u0142ote lustro - Drewniana Magia\",\"isPartOf\":{\"@id\":\"https:\\\/\\\/www.drewnianamagia.pl\\\/#website\"},\"primaryImageOfPage\":{\"@id\":\"https:\\\/\\\/www.drewnianamagia.pl\\\/index.php\\\/produkt\\\/serduszko-akrylowe-zlote-lustro\\\/#primaryimage\"},\"image\":{\"@id\":\"https:\\\/\\\/www.drewnianamagia.pl\\\/index.php\\\/produkt\\\/serduszko-akrylowe-zlote-lustro\\\/#primaryimage\"},\"thumbnailUrl\":\"https:\\\/\\\/www.drewnianamagia.pl\\\/wp-content\\\/uploads\\\/2025\\\/05\\\/zlote-lustrzane-serduszko.jpg\",\"datePublished\":\"2025-05-30T08:52:39+00:00\",\"dateModified\":\"2026-04-23T05:44:51+00:00\",\"description\":\"Serduszko z\u0142ote lustro -po\u0142ysk. Dodaj stylu i elegancji do swoich prac DIY. Dost\u0119pne r\u00f3\u017cne rozmiary. Produkt wycinany laserowo.\",\"breadcrumb\":{\"@id\":\"https:\\\/\\\/www.drewnianamagia.pl\\\/index.php\\\/produkt\\\/serduszko-akrylowe-zlote-lustro\\\/#breadcrumb\"},\"inLanguage\":\"pl-PL\",\"potentialAction\":[{\"@type\":\"ReadAction\",\"target\":[\"https:\\\/\\\/www.drewnianamagia.pl\\\/index.php\\\/produkt\\\/serduszko-akrylowe-zlote-lustro\\\/\"]}]},{\"@type\":\"ImageObject\",\"inLanguage\":\"pl-PL\",\"@id\":\"https:\\\/\\\/www.drewnianamagia.pl\\\/index.php\\\/produkt\\\/serduszko-akrylowe-zlote-lustro\\\/#primaryimage\",\"url\":\"https:\\\/\\\/www.drewnianamagia.pl\\\/wp-content\\\/uploads\\\/2025\\\/05\\\/zlote-lustrzane-serduszko.jpg\",\"contentUrl\":\"https:\\\/\\\/www.drewnianamagia.pl\\\/wp-content\\\/uploads\\\/2025\\\/05\\\/zlote-lustrzane-serduszko.jpg\",\"width\":2000,\"height\":2000,\"caption\":\"serduszko z\u0142ote lustro po\u0142ysk - szk\u0142o akrylowe 9plexi)\"},{\"@type\":\"BreadcrumbList\",\"@id\":\"https:\\\/\\\/www.drewnianamagia.pl\\\/index.php\\\/produkt\\\/serduszko-akrylowe-zlote-lustro\\\/#breadcrumb\",\"itemListElement\":[{\"@type\":\"ListItem\",\"position\":1,\"name\":\"Strona g\u0142\u00f3wna\",\"item\":\"https:\\\/\\\/www.drewnianamagia.pl\\\/\"},{\"@type\":\"ListItem\",\"position\":2,\"name\":\"Sklep\",\"item\":\"https:\\\/\\\/www.drewnianamagia.pl\\\/index.php\\\/sklep-internetowy-drewnianamagia\\\/\"},{\"@type\":\"ListItem\",\"position\":3,\"name\":\"Serduszko akrylowe &#8211; z\u0142ote lustro\"}]},{\"@type\":\"WebSite\",\"@id\":\"https:\\\/\\\/www.drewnianamagia.pl\\\/#website\",\"url\":\"https:\\\/\\\/www.drewnianamagia.pl\\\/\",\"name\":\"Drewniana Magia\",\"description\":\"Personalizowane prezenty i dekoracje z drewna i druku 3D, na ka\u017cd\u0105 okazj\u0119 i okoliczno\u015b\u0107. Urodziny, Chrzest, Przyj\u0119cie, \u015awi\u0119ta, \u015alub\",\"publisher\":{\"@id\":\"https:\\\/\\\/www.drewnianamagia.pl\\\/#organization\"},\"potentialAction\":[{\"@type\":\"SearchAction\",\"target\":{\"@type\":\"EntryPoint\",\"urlTemplate\":\"https:\\\/\\\/www.drewnianamagia.pl\\\/?s={search_term_string}\"},\"query-input\":{\"@type\":\"PropertyValueSpecification\",\"valueRequired\":true,\"valueName\":\"search_term_string\"}}],\"inLanguage\":\"pl-PL\"},{\"@type\":\"Organization\",\"@id\":\"https:\\\/\\\/www.drewnianamagia.pl\\\/#organization\",\"name\":\"Drewniana Magia\",\"url\":\"https:\\\/\\\/www.drewnianamagia.pl\\\/\",\"logo\":{\"@type\":\"ImageObject\",\"inLanguage\":\"pl-PL\",\"@id\":\"https:\\\/\\\/www.drewnianamagia.pl\\\/#\\\/schema\\\/logo\\\/image\\\/\",\"url\":\"https:\\\/\\\/www.drewnianamagia.pl\\\/wp-content\\\/uploads\\\/2024\\\/02\\\/cropped-LOGO-DrewnianaMagia-375x188-1.png\",\"contentUrl\":\"https:\\\/\\\/www.drewnianamagia.pl\\\/wp-content\\\/uploads\\\/2024\\\/02\\\/cropped-LOGO-DrewnianaMagia-375x188-1.png\",\"width\":374,\"height\":188,\"caption\":\"Drewniana Magia\"},\"image\":{\"@id\":\"https:\\\/\\\/www.drewnianamagia.pl\\\/#\\\/schema\\\/logo\\\/image\\\/\"},\"sameAs\":[\"https:\\\/\\\/facebook.com\\\/BelasDrewnianaMagia\"]}]}<\/script>\n<!-- \/ Yoast SEO plugin. -->","yoast_head_json":{"title":"Serduszko akrylowe - z\u0142ote lustro - Drewniana Magia","description":"Serduszko z\u0142ote lustro -po\u0142ysk. Dodaj stylu i elegancji do swoich prac DIY. Dost\u0119pne r\u00f3\u017cne rozmiary. Produkt wycinany laserowo.","robots":{"index":"index","follow":"follow","max-snippet":"max-snippet:-1","max-image-preview":"max-image-preview:large","max-video-preview":"max-video-preview:-1"},"canonical":"https:\/\/www.drewnianamagia.pl\/index.php\/produkt\/serduszko-akrylowe-zlote-lustro\/","og_locale":"pl_PL","og_type":"article","og_title":"Serduszko akrylowe - z\u0142ote lustro - Drewniana Magia","og_description":"Serduszko z\u0142ote lustro -po\u0142ysk. Dodaj stylu i elegancji do swoich prac DIY. Dost\u0119pne r\u00f3\u017cne rozmiary. Produkt wycinany laserowo.","og_url":"https:\/\/www.drewnianamagia.pl\/index.php\/produkt\/serduszko-akrylowe-zlote-lustro\/","og_site_name":"Drewniana Magia","article_publisher":"https:\/\/facebook.com\/BelasDrewnianaMagia","article_modified_time":"2026-04-23T05:44:51+00:00","og_image":[{"width":2000,"height":2000,"url":"https:\/\/www.drewnianamagia.pl\/wp-content\/uploads\/2025\/05\/zlote-lustrzane-serduszko.jpg","type":"image\/jpeg"}],"twitter_card":"summary_large_image","twitter_misc":{"Szacowany czas czytania":"1 minuta"},"schema":{"@context":"https:\/\/schema.org","@graph":[{"@type":"WebPage","@id":"https:\/\/www.drewnianamagia.pl\/index.php\/produkt\/serduszko-akrylowe-zlote-lustro\/","url":"https:\/\/www.drewnianamagia.pl\/index.php\/produkt\/serduszko-akrylowe-zlote-lustro\/","name":"Serduszko akrylowe - z\u0142ote lustro - Drewniana Magia","isPartOf":{"@id":"https:\/\/www.drewnianamagia.pl\/#website"},"primaryImageOfPage":{"@id":"https:\/\/www.drewnianamagia.pl\/index.php\/produkt\/serduszko-akrylowe-zlote-lustro\/#primaryimage"},"image":{"@id":"https:\/\/www.drewnianamagia.pl\/index.php\/produkt\/serduszko-akrylowe-zlote-lustro\/#primaryimage"},"thumbnailUrl":"https:\/\/www.drewnianamagia.pl\/wp-content\/uploads\/2025\/05\/zlote-lustrzane-serduszko.jpg","datePublished":"2025-05-30T08:52:39+00:00","dateModified":"2026-04-23T05:44:51+00:00","description":"Serduszko z\u0142ote lustro -po\u0142ysk. Dodaj stylu i elegancji do swoich prac DIY. Dost\u0119pne r\u00f3\u017cne rozmiary. Produkt wycinany laserowo.","breadcrumb":{"@id":"https:\/\/www.drewnianamagia.pl\/index.php\/produkt\/serduszko-akrylowe-zlote-lustro\/#breadcrumb"},"inLanguage":"pl-PL","potentialAction":[{"@type":"ReadAction","target":["https:\/\/www.drewnianamagia.pl\/index.php\/produkt\/serduszko-akrylowe-zlote-lustro\/"]}]},{"@type":"ImageObject","inLanguage":"pl-PL","@id":"https:\/\/www.drewnianamagia.pl\/index.php\/produkt\/serduszko-akrylowe-zlote-lustro\/#primaryimage","url":"https:\/\/www.drewnianamagia.pl\/wp-content\/uploads\/2025\/05\/zlote-lustrzane-serduszko.jpg","contentUrl":"https:\/\/www.drewnianamagia.pl\/wp-content\/uploads\/2025\/05\/zlote-lustrzane-serduszko.jpg","width":2000,"height":2000,"caption":"serduszko z\u0142ote lustro po\u0142ysk - szk\u0142o akrylowe 9plexi)"},{"@type":"BreadcrumbList","@id":"https:\/\/www.drewnianamagia.pl\/index.php\/produkt\/serduszko-akrylowe-zlote-lustro\/#breadcrumb","itemListElement":[{"@type":"ListItem","position":1,"name":"Strona g\u0142\u00f3wna","item":"https:\/\/www.drewnianamagia.pl\/"},{"@type":"ListItem","position":2,"name":"Sklep","item":"https:\/\/www.drewnianamagia.pl\/index.php\/sklep-internetowy-drewnianamagia\/"},{"@type":"ListItem","position":3,"name":"Serduszko akrylowe &#8211; z\u0142ote lustro"}]},{"@type":"WebSite","@id":"https:\/\/www.drewnianamagia.pl\/#website","url":"https:\/\/www.drewnianamagia.pl\/","name":"Drewniana Magia","description":"Personalizowane prezenty i dekoracje z drewna i druku 3D, na ka\u017cd\u0105 okazj\u0119 i okoliczno\u015b\u0107. Urodziny, Chrzest, Przyj\u0119cie, \u015awi\u0119ta, \u015alub","publisher":{"@id":"https:\/\/www.drewnianamagia.pl\/#organization"},"potentialAction":[{"@type":"SearchAction","target":{"@type":"EntryPoint","urlTemplate":"https:\/\/www.drewnianamagia.pl\/?s={search_term_string}"},"query-input":{"@type":"PropertyValueSpecification","valueRequired":true,"valueName":"search_term_string"}}],"inLanguage":"pl-PL"},{"@type":"Organization","@id":"https:\/\/www.drewnianamagia.pl\/#organization","name":"Drewniana Magia","url":"https:\/\/www.drewnianamagia.pl\/","logo":{"@type":"ImageObject","inLanguage":"pl-PL","@id":"https:\/\/www.drewnianamagia.pl\/#\/schema\/logo\/image\/","url":"https:\/\/www.drewnianamagia.pl\/wp-content\/uploads\/2024\/02\/cropped-LOGO-DrewnianaMagia-375x188-1.png","contentUrl":"https:\/\/www.drewnianamagia.pl\/wp-content\/uploads\/2024\/02\/cropped-LOGO-DrewnianaMagia-375x188-1.png","width":374,"height":188,"caption":"Drewniana Magia"},"image":{"@id":"https:\/\/www.drewnianamagia.pl\/#\/schema\/logo\/image\/"},"sameAs":["https:\/\/facebook.com\/BelasDrewnianaMagia"]}]}},"_links":{"self":[{"href":"https:\/\/www.drewnianamagia.pl\/index.php\/wp-json\/wp\/v2\/product\/7892","targetHints":{"allow":["GET"]}}],"collection":[{"href":"https:\/\/www.drewnianamagia.pl\/index.php\/wp-json\/wp\/v2\/product"}],"about":[{"href":"https:\/\/www.drewnianamagia.pl\/index.php\/wp-json\/wp\/v2\/types\/product"}],"replies":[{"embeddable":true,"href":"https:\/\/www.drewnianamagia.pl\/index.php\/wp-json\/wp\/v2\/comments?post=7892"}],"wp:featuredmedia":[{"embeddable":true,"href":"https:\/\/www.drewnianamagia.pl\/index.php\/wp-json\/wp\/v2\/media\/7885"}],"wp:attachment":[{"href":"https:\/\/www.drewnianamagia.pl\/index.php\/wp-json\/wp\/v2\/media?parent=7892"}],"wp:term":[{"taxonomy":"product_brand","embeddable":true,"href":"https:\/\/www.drewnianamagia.pl\/index.php\/wp-json\/wp\/v2\/product_brand?post=7892"},{"taxonomy":"product_cat","embeddable":true,"href":"https:\/\/www.drewnianamagia.pl\/index.php\/wp-json\/wp\/v2\/product_cat?post=7892"},{"taxonomy":"product_tag","embeddable":true,"href":"https:\/\/www.drewnianamagia.pl\/index.php\/wp-json\/wp\/v2\/product_tag?post=7892"}],"curies":[{"name":"wp","href":"https:\/\/api.w.org\/{rel}","templated":true}]}}