{"id":7890,"date":"2025-05-30T09:42:15","date_gmt":"2025-05-30T07:42:15","guid":{"rendered":"https:\/\/www.drewnianamagia.pl\/?post_type=product&#038;p=7890"},"modified":"2026-05-03T17:22:25","modified_gmt":"2026-05-03T15:22:25","slug":"zawieszka-do-auta-personalizowana-serce-v3","status":"publish","type":"product","link":"https:\/\/www.drewnianamagia.pl\/index.php\/produkt\/zawieszka-do-auta-personalizowana-serce-v3\/","title":{"rendered":"Zawieszka do auta personalizowana \u2013 serce v3"},"content":{"rendered":"<h1 style=\"text-align: center;\"><strong>Personalizowana Zawieszka do Auta w Kszta\u0142cie Serca z Personalizacj\u0105<\/strong><\/h1>\n<p>Drewniana zawieszka do auta w kszta\u0142cie serca z przyklejonym z\u0142otym lustrzanym serduszkiem. Wykonujemy j\u0105 z wysokiej jako\u015bci sklejki. Ta unikalna zawieszka nie tylko ozdobi wn\u0119trze samochodu, ale r\u00f3wnie\u017c stanie si\u0119 wyj\u0105tkowym prezentem dla bliskiej osoby. Przemy\u015bleli\u015bmy starannie ka\u017cdy detal tego produktu, aby sprawi\u0107, \u017ce podr\u00f3\u017c stanie si\u0119 jeszcze bardziej wyj\u0105tkowa. Zawieszka podlega personalizacji, co oznacza, \u017ce mo\u017cesz nada\u0107 jej osobisty charakter. Je\u015bli nie podasz w\u0142asnego tekstu, grawerowany na zawieszce b\u0119dzie wyj\u0105tkowy przekaz: &#8222;Kochanie jed\u017a ostro\u017cnie masz do kogo wraca\u0107! Kocham Ci\u0119!&#8221;. Pod tekstem umie\u015bcimy wybrane przez Ciebie imi\u0119. To serdeczne s\u0142owa, kt\u00f3re sprawi\u0105, \u017ce ka\u017cda podr\u00f3\u017c stanie si\u0119 pe\u0142na mi\u0142o\u015bci i troski.<\/p>\n<p><span style=\"color: #ff0000;\"><strong>PERSONALIZACJA<\/strong><\/span><\/p>\n<ul>\n<li>Podaj jak mamy podpisa\u0107 Twoj\u0105 zawieszk\u0119 (<span style=\"color: #808080;\">np. Tw\u00f3j Dominik!<\/span>).<\/li>\n<li>Mo\u017cesz zmieni\u0107 pozosta\u0142e s\u0142owa. W\u00f3wczas przy\u015blij ca\u0142o\u015b\u0107 tekstu jaki ma zosta\u0107 wygrawerowany &#8211; rozmie\u015bcimy go tak aby tworzy\u0142 sp\u00f3jn\u0105 ca\u0142o\u015b\u0107.<\/li>\n<li>Zwroty: &#8222;Kochanie&#8221;, &#8222;Kocham Ci\u0119&#8221; grawerujemy ozdobn\u0105 czcionk\u0105 &#8211; tak jak w przyk\u0142adowym zdj\u0119ciu. Je\u015bli oczekujesz innego rozwi\u0105zania &#8211; daj nam zna\u0107 w opisie personalizacji.<\/li>\n<\/ul>\n<p><strong><span style=\"color: #ff0000;\">SPECYFIKACJA<\/span><\/strong><\/p>\n<ul>\n<li>materia\u0142: wysokiej jako\u015bci sklejka o grubo\u015bci ok. 3mm,<\/li>\n<li>przyklejone akrylowe lustrzane z\u0142ote serduszko<\/li>\n<li>jednostronny grawer laserowy,<\/li>\n<li>produkt r\u0119cznie szlifowany,<\/li>\n<li>Szeroko\u015b\u0107: 95mm,<\/li>\n<li>Wysoko\u015b\u0107: 82mm,<\/li>\n<li>W zestawie sznurek jutowy do zawieszenia.<\/li>\n<\/ul>\n<p>&nbsp;<\/p>\n","protected":false},"excerpt":{"rendered":"<p>Personalizowana Zawieszka do Auta w Kszta\u0142cie Serca z Personalizacj\u0105 Drewniana zawieszka do auta w kszta\u0142cie serca z przyklejonym z\u0142otym lustrzanym serduszkiem. Wykonujemy j\u0105 z wysokiej jako\u015bci sklejki. Ta unikalna zawieszka nie tylko ozdobi wn\u0119trze samochodu, ale r\u00f3wnie\u017c stanie si\u0119 wyj\u0105tkowym prezentem dla bliskiej osoby. Przemy\u015bleli\u015bmy starannie ka\u017cdy detal tego produktu, aby sprawi\u0107, \u017ce podr\u00f3\u017c stanie [&hellip;]<\/p>\n","protected":false},"featured_media":8972,"comment_status":"open","ping_status":"closed","template":"","meta":{"_acf_changed":false},"product_brand":[180],"product_cat":[109,108,100,92,105,96,99,144],"product_tag":[54,203,55],"class_list":{"0":"post-7890","1":"product","2":"type-product","3":"status-publish","4":"has-post-thumbnail","6":"product_brand-drewniana-magia","7":"product_cat-dzien-chlopaka","8":"product_cat-dzien-kobiet","9":"product_cat-dzien-matki-dzien-ojca","10":"product_cat-gadzety","11":"product_cat-rocznice","12":"product_cat-urodziny-imieniny","13":"product_cat-walentynki","14":"product_cat-zawieszki","15":"product_tag-personalizacja","16":"product_tag-pnp","17":"product_tag-prezent","19":"first","20":"instock","21":"taxable","22":"shipping-taxable","23":"purchasable","24":"product-type-simple"},"acf":[],"yoast_head":"<!-- This site is optimized with the Yoast SEO plugin v27.5 - https:\/\/yoast.com\/product\/yoast-seo-wordpress\/ -->\n<title>Zawieszka do auta personalizowana \u2013 serce v3 - Drewniana Magia<\/title>\n<meta name=\"description\" content=\"Personalizowana zawieszka do auta w kszta\u0142cie serca ze z\u0142otym serduszkiem. Dowolnie spersonalizuj grawer i wyra\u017a swoj\u0105 mi\u0142o\u015b\u0107 i trosk\u0119.\" \/>\n<meta name=\"robots\" content=\"index, follow, max-snippet:-1, max-image-preview:large, max-video-preview:-1\" \/>\n<link rel=\"canonical\" href=\"https:\/\/www.drewnianamagia.pl\/index.php\/produkt\/zawieszka-do-auta-personalizowana-serce-v3\/\" \/>\n<meta property=\"og:locale\" content=\"pl_PL\" \/>\n<meta property=\"og:type\" content=\"article\" \/>\n<meta property=\"og:title\" content=\"Zawieszka do auta personalizowana \u2013 serce v3 - Drewniana Magia\" \/>\n<meta property=\"og:description\" content=\"Personalizowana zawieszka do auta w kszta\u0142cie serca ze z\u0142otym serduszkiem. Dowolnie spersonalizuj grawer i wyra\u017a swoj\u0105 mi\u0142o\u015b\u0107 i trosk\u0119.\" \/>\n<meta property=\"og:url\" content=\"https:\/\/www.drewnianamagia.pl\/index.php\/produkt\/zawieszka-do-auta-personalizowana-serce-v3\/\" \/>\n<meta property=\"og:site_name\" content=\"Drewniana Magia\" \/>\n<meta property=\"article:publisher\" content=\"https:\/\/facebook.com\/BelasDrewnianaMagia\" \/>\n<meta property=\"article:modified_time\" content=\"2026-05-03T15:22:25+00:00\" \/>\n<meta property=\"og:image\" content=\"https:\/\/www.drewnianamagia.pl\/wp-content\/uploads\/2025\/10\/zawieszka_drewniane_serduszko_ze_zlota_pleksi-2.jpg\" \/>\n\t<meta property=\"og:image:width\" content=\"1950\" \/>\n\t<meta property=\"og:image:height\" content=\"1950\" \/>\n\t<meta property=\"og:image:type\" content=\"image\/jpeg\" \/>\n<meta name=\"twitter:card\" content=\"summary_large_image\" \/>\n<meta name=\"twitter:label1\" content=\"Szacowany czas czytania\" \/>\n\t<meta name=\"twitter:data1\" content=\"2 minuty\" \/>\n<script type=\"application\/ld+json\" class=\"yoast-schema-graph\">{\"@context\":\"https:\\\/\\\/schema.org\",\"@graph\":[{\"@type\":\"WebPage\",\"@id\":\"https:\\\/\\\/www.drewnianamagia.pl\\\/index.php\\\/produkt\\\/zawieszka-do-auta-personalizowana-serce-v3\\\/\",\"url\":\"https:\\\/\\\/www.drewnianamagia.pl\\\/index.php\\\/produkt\\\/zawieszka-do-auta-personalizowana-serce-v3\\\/\",\"name\":\"Zawieszka do auta personalizowana \u2013 serce v3 - Drewniana Magia\",\"isPartOf\":{\"@id\":\"https:\\\/\\\/www.drewnianamagia.pl\\\/#website\"},\"primaryImageOfPage\":{\"@id\":\"https:\\\/\\\/www.drewnianamagia.pl\\\/index.php\\\/produkt\\\/zawieszka-do-auta-personalizowana-serce-v3\\\/#primaryimage\"},\"image\":{\"@id\":\"https:\\\/\\\/www.drewnianamagia.pl\\\/index.php\\\/produkt\\\/zawieszka-do-auta-personalizowana-serce-v3\\\/#primaryimage\"},\"thumbnailUrl\":\"https:\\\/\\\/www.drewnianamagia.pl\\\/wp-content\\\/uploads\\\/2025\\\/10\\\/zawieszka_drewniane_serduszko_ze_zlota_pleksi-2.jpg\",\"datePublished\":\"2025-05-30T07:42:15+00:00\",\"dateModified\":\"2026-05-03T15:22:25+00:00\",\"description\":\"Personalizowana zawieszka do auta w kszta\u0142cie serca ze z\u0142otym serduszkiem. Dowolnie spersonalizuj grawer i wyra\u017a swoj\u0105 mi\u0142o\u015b\u0107 i trosk\u0119.\",\"breadcrumb\":{\"@id\":\"https:\\\/\\\/www.drewnianamagia.pl\\\/index.php\\\/produkt\\\/zawieszka-do-auta-personalizowana-serce-v3\\\/#breadcrumb\"},\"inLanguage\":\"pl-PL\",\"potentialAction\":[{\"@type\":\"ReadAction\",\"target\":[\"https:\\\/\\\/www.drewnianamagia.pl\\\/index.php\\\/produkt\\\/zawieszka-do-auta-personalizowana-serce-v3\\\/\"]}]},{\"@type\":\"ImageObject\",\"inLanguage\":\"pl-PL\",\"@id\":\"https:\\\/\\\/www.drewnianamagia.pl\\\/index.php\\\/produkt\\\/zawieszka-do-auta-personalizowana-serce-v3\\\/#primaryimage\",\"url\":\"https:\\\/\\\/www.drewnianamagia.pl\\\/wp-content\\\/uploads\\\/2025\\\/10\\\/zawieszka_drewniane_serduszko_ze_zlota_pleksi-2.jpg\",\"contentUrl\":\"https:\\\/\\\/www.drewnianamagia.pl\\\/wp-content\\\/uploads\\\/2025\\\/10\\\/zawieszka_drewniane_serduszko_ze_zlota_pleksi-2.jpg\",\"width\":1950,\"height\":1950,\"caption\":\"drewniana Zawieszka do auta Kochanie Jed\u017a ostro\u017cnie ze z\u0142otym serduszkiem\"},{\"@type\":\"BreadcrumbList\",\"@id\":\"https:\\\/\\\/www.drewnianamagia.pl\\\/index.php\\\/produkt\\\/zawieszka-do-auta-personalizowana-serce-v3\\\/#breadcrumb\",\"itemListElement\":[{\"@type\":\"ListItem\",\"position\":1,\"name\":\"Strona g\u0142\u00f3wna\",\"item\":\"https:\\\/\\\/www.drewnianamagia.pl\\\/\"},{\"@type\":\"ListItem\",\"position\":2,\"name\":\"Sklep\",\"item\":\"https:\\\/\\\/www.drewnianamagia.pl\\\/index.php\\\/sklep-internetowy-drewnianamagia\\\/\"},{\"@type\":\"ListItem\",\"position\":3,\"name\":\"Zawieszka do auta personalizowana \u2013 serce v3\"}]},{\"@type\":\"WebSite\",\"@id\":\"https:\\\/\\\/www.drewnianamagia.pl\\\/#website\",\"url\":\"https:\\\/\\\/www.drewnianamagia.pl\\\/\",\"name\":\"Drewniana Magia\",\"description\":\"Personalizowane prezenty i dekoracje z drewna i druku 3D, na ka\u017cd\u0105 okazj\u0119 i okoliczno\u015b\u0107. Urodziny, Chrzest, Przyj\u0119cie, \u015awi\u0119ta, \u015alub\",\"publisher\":{\"@id\":\"https:\\\/\\\/www.drewnianamagia.pl\\\/#organization\"},\"potentialAction\":[{\"@type\":\"SearchAction\",\"target\":{\"@type\":\"EntryPoint\",\"urlTemplate\":\"https:\\\/\\\/www.drewnianamagia.pl\\\/?s={search_term_string}\"},\"query-input\":{\"@type\":\"PropertyValueSpecification\",\"valueRequired\":true,\"valueName\":\"search_term_string\"}}],\"inLanguage\":\"pl-PL\"},{\"@type\":\"Organization\",\"@id\":\"https:\\\/\\\/www.drewnianamagia.pl\\\/#organization\",\"name\":\"Drewniana Magia\",\"url\":\"https:\\\/\\\/www.drewnianamagia.pl\\\/\",\"logo\":{\"@type\":\"ImageObject\",\"inLanguage\":\"pl-PL\",\"@id\":\"https:\\\/\\\/www.drewnianamagia.pl\\\/#\\\/schema\\\/logo\\\/image\\\/\",\"url\":\"https:\\\/\\\/www.drewnianamagia.pl\\\/wp-content\\\/uploads\\\/2024\\\/02\\\/cropped-LOGO-DrewnianaMagia-375x188-1.png\",\"contentUrl\":\"https:\\\/\\\/www.drewnianamagia.pl\\\/wp-content\\\/uploads\\\/2024\\\/02\\\/cropped-LOGO-DrewnianaMagia-375x188-1.png\",\"width\":374,\"height\":188,\"caption\":\"Drewniana Magia\"},\"image\":{\"@id\":\"https:\\\/\\\/www.drewnianamagia.pl\\\/#\\\/schema\\\/logo\\\/image\\\/\"},\"sameAs\":[\"https:\\\/\\\/facebook.com\\\/BelasDrewnianaMagia\"]}]}<\/script>\n<!-- \/ Yoast SEO plugin. -->","yoast_head_json":{"title":"Zawieszka do auta personalizowana \u2013 serce v3 - Drewniana Magia","description":"Personalizowana zawieszka do auta w kszta\u0142cie serca ze z\u0142otym serduszkiem. Dowolnie spersonalizuj grawer i wyra\u017a swoj\u0105 mi\u0142o\u015b\u0107 i trosk\u0119.","robots":{"index":"index","follow":"follow","max-snippet":"max-snippet:-1","max-image-preview":"max-image-preview:large","max-video-preview":"max-video-preview:-1"},"canonical":"https:\/\/www.drewnianamagia.pl\/index.php\/produkt\/zawieszka-do-auta-personalizowana-serce-v3\/","og_locale":"pl_PL","og_type":"article","og_title":"Zawieszka do auta personalizowana \u2013 serce v3 - Drewniana Magia","og_description":"Personalizowana zawieszka do auta w kszta\u0142cie serca ze z\u0142otym serduszkiem. Dowolnie spersonalizuj grawer i wyra\u017a swoj\u0105 mi\u0142o\u015b\u0107 i trosk\u0119.","og_url":"https:\/\/www.drewnianamagia.pl\/index.php\/produkt\/zawieszka-do-auta-personalizowana-serce-v3\/","og_site_name":"Drewniana Magia","article_publisher":"https:\/\/facebook.com\/BelasDrewnianaMagia","article_modified_time":"2026-05-03T15:22:25+00:00","og_image":[{"width":1950,"height":1950,"url":"https:\/\/www.drewnianamagia.pl\/wp-content\/uploads\/2025\/10\/zawieszka_drewniane_serduszko_ze_zlota_pleksi-2.jpg","type":"image\/jpeg"}],"twitter_card":"summary_large_image","twitter_misc":{"Szacowany czas czytania":"2 minuty"},"schema":{"@context":"https:\/\/schema.org","@graph":[{"@type":"WebPage","@id":"https:\/\/www.drewnianamagia.pl\/index.php\/produkt\/zawieszka-do-auta-personalizowana-serce-v3\/","url":"https:\/\/www.drewnianamagia.pl\/index.php\/produkt\/zawieszka-do-auta-personalizowana-serce-v3\/","name":"Zawieszka do auta personalizowana \u2013 serce v3 - Drewniana Magia","isPartOf":{"@id":"https:\/\/www.drewnianamagia.pl\/#website"},"primaryImageOfPage":{"@id":"https:\/\/www.drewnianamagia.pl\/index.php\/produkt\/zawieszka-do-auta-personalizowana-serce-v3\/#primaryimage"},"image":{"@id":"https:\/\/www.drewnianamagia.pl\/index.php\/produkt\/zawieszka-do-auta-personalizowana-serce-v3\/#primaryimage"},"thumbnailUrl":"https:\/\/www.drewnianamagia.pl\/wp-content\/uploads\/2025\/10\/zawieszka_drewniane_serduszko_ze_zlota_pleksi-2.jpg","datePublished":"2025-05-30T07:42:15+00:00","dateModified":"2026-05-03T15:22:25+00:00","description":"Personalizowana zawieszka do auta w kszta\u0142cie serca ze z\u0142otym serduszkiem. Dowolnie spersonalizuj grawer i wyra\u017a swoj\u0105 mi\u0142o\u015b\u0107 i trosk\u0119.","breadcrumb":{"@id":"https:\/\/www.drewnianamagia.pl\/index.php\/produkt\/zawieszka-do-auta-personalizowana-serce-v3\/#breadcrumb"},"inLanguage":"pl-PL","potentialAction":[{"@type":"ReadAction","target":["https:\/\/www.drewnianamagia.pl\/index.php\/produkt\/zawieszka-do-auta-personalizowana-serce-v3\/"]}]},{"@type":"ImageObject","inLanguage":"pl-PL","@id":"https:\/\/www.drewnianamagia.pl\/index.php\/produkt\/zawieszka-do-auta-personalizowana-serce-v3\/#primaryimage","url":"https:\/\/www.drewnianamagia.pl\/wp-content\/uploads\/2025\/10\/zawieszka_drewniane_serduszko_ze_zlota_pleksi-2.jpg","contentUrl":"https:\/\/www.drewnianamagia.pl\/wp-content\/uploads\/2025\/10\/zawieszka_drewniane_serduszko_ze_zlota_pleksi-2.jpg","width":1950,"height":1950,"caption":"drewniana Zawieszka do auta Kochanie Jed\u017a ostro\u017cnie ze z\u0142otym serduszkiem"},{"@type":"BreadcrumbList","@id":"https:\/\/www.drewnianamagia.pl\/index.php\/produkt\/zawieszka-do-auta-personalizowana-serce-v3\/#breadcrumb","itemListElement":[{"@type":"ListItem","position":1,"name":"Strona g\u0142\u00f3wna","item":"https:\/\/www.drewnianamagia.pl\/"},{"@type":"ListItem","position":2,"name":"Sklep","item":"https:\/\/www.drewnianamagia.pl\/index.php\/sklep-internetowy-drewnianamagia\/"},{"@type":"ListItem","position":3,"name":"Zawieszka do auta personalizowana \u2013 serce v3"}]},{"@type":"WebSite","@id":"https:\/\/www.drewnianamagia.pl\/#website","url":"https:\/\/www.drewnianamagia.pl\/","name":"Drewniana Magia","description":"Personalizowane prezenty i dekoracje z drewna i druku 3D, na ka\u017cd\u0105 okazj\u0119 i okoliczno\u015b\u0107. Urodziny, Chrzest, Przyj\u0119cie, \u015awi\u0119ta, \u015alub","publisher":{"@id":"https:\/\/www.drewnianamagia.pl\/#organization"},"potentialAction":[{"@type":"SearchAction","target":{"@type":"EntryPoint","urlTemplate":"https:\/\/www.drewnianamagia.pl\/?s={search_term_string}"},"query-input":{"@type":"PropertyValueSpecification","valueRequired":true,"valueName":"search_term_string"}}],"inLanguage":"pl-PL"},{"@type":"Organization","@id":"https:\/\/www.drewnianamagia.pl\/#organization","name":"Drewniana Magia","url":"https:\/\/www.drewnianamagia.pl\/","logo":{"@type":"ImageObject","inLanguage":"pl-PL","@id":"https:\/\/www.drewnianamagia.pl\/#\/schema\/logo\/image\/","url":"https:\/\/www.drewnianamagia.pl\/wp-content\/uploads\/2024\/02\/cropped-LOGO-DrewnianaMagia-375x188-1.png","contentUrl":"https:\/\/www.drewnianamagia.pl\/wp-content\/uploads\/2024\/02\/cropped-LOGO-DrewnianaMagia-375x188-1.png","width":374,"height":188,"caption":"Drewniana Magia"},"image":{"@id":"https:\/\/www.drewnianamagia.pl\/#\/schema\/logo\/image\/"},"sameAs":["https:\/\/facebook.com\/BelasDrewnianaMagia"]}]}},"_links":{"self":[{"href":"https:\/\/www.drewnianamagia.pl\/index.php\/wp-json\/wp\/v2\/product\/7890","targetHints":{"allow":["GET"]}}],"collection":[{"href":"https:\/\/www.drewnianamagia.pl\/index.php\/wp-json\/wp\/v2\/product"}],"about":[{"href":"https:\/\/www.drewnianamagia.pl\/index.php\/wp-json\/wp\/v2\/types\/product"}],"replies":[{"embeddable":true,"href":"https:\/\/www.drewnianamagia.pl\/index.php\/wp-json\/wp\/v2\/comments?post=7890"}],"wp:featuredmedia":[{"embeddable":true,"href":"https:\/\/www.drewnianamagia.pl\/index.php\/wp-json\/wp\/v2\/media\/8972"}],"wp:attachment":[{"href":"https:\/\/www.drewnianamagia.pl\/index.php\/wp-json\/wp\/v2\/media?parent=7890"}],"wp:term":[{"taxonomy":"product_brand","embeddable":true,"href":"https:\/\/www.drewnianamagia.pl\/index.php\/wp-json\/wp\/v2\/product_brand?post=7890"},{"taxonomy":"product_cat","embeddable":true,"href":"https:\/\/www.drewnianamagia.pl\/index.php\/wp-json\/wp\/v2\/product_cat?post=7890"},{"taxonomy":"product_tag","embeddable":true,"href":"https:\/\/www.drewnianamagia.pl\/index.php\/wp-json\/wp\/v2\/product_tag?post=7890"}],"curies":[{"name":"wp","href":"https:\/\/api.w.org\/{rel}","templated":true}]}}