{"id":7631,"date":"2025-05-05T10:36:45","date_gmt":"2025-05-05T08:36:45","guid":{"rendered":"https:\/\/www.drewnianamagia.pl\/?post_type=product&#038;p=7631"},"modified":"2025-09-16T13:47:24","modified_gmt":"2025-09-16T11:47:24","slug":"tabliczka-qr-stojaca-ocen-nas-w-google","status":"publish","type":"product","link":"https:\/\/www.drewnianamagia.pl\/index.php\/produkt\/tabliczka-qr-stojaca-ocen-nas-w-google\/","title":{"rendered":"Tabliczka QR stoj\u0105ca &#8211; Oce\u0144 nas w GOOGLE"},"content":{"rendered":"<h1 style=\"text-align: center;\"><strong>Tabliczka z kodem QR stoj\u0105ca &#8211; Oce\u0144 nas w GOOGLE<\/strong><\/h1>\n<p>Stoj\u0105ca niewielka tabliczka z personalizowanym kodem QR, kt\u00f3ry po zeskanowaniu przekierowuje do strony wystawienia oceny w Google. Przydatny gad\u017cet na ka\u017cdej ladzie sklepu lub punktu us\u0142ugowego. Wykonana w technologii druku 3D z tworzywa PLA.<\/p>\n<hr \/>\n<p><span style=\"color: #ff0000;\"><strong>PERSONALIZACJA:<\/strong><\/span><\/p>\n<p>Podaj link do kt\u00f3rego ma prowadzi\u0107 kod QR jaki zostanie umieszczony na tabliczce.<\/p>\n<p><strong>Instrukcja pozyskania linku:<\/strong><\/p>\n<p>Najpierw Zaloguj si\u0119 na sw\u00f3j profil Google powi\u0105zany z Twoj\u0105 firm\u0105.<\/p>\n<ol>\n<li>W prawym g\u00f3rnym rogu rozwi\u0144 opcje i wybierz ikonk\u0119 &#8222;Menad\u017cer profilu Firmy&#8221;<\/li>\n<li>Z listy wybierz swoj\u0105 firm\u0119.<\/li>\n<li>Kliknij ikonk\u0119 &#8222;Popro\u015b o opinie&#8221;<\/li>\n<li>Skopiuj link i podaj go sk\u0142adaj\u0105c zam\u00f3wienie.<\/li>\n<\/ol>\n<p>&nbsp;<\/p>\n<p><img loading=\"lazy\" decoding=\"async\" class=\"aligncenter wp-image-7622 size-medium\" src=\"https:\/\/www.drewnianamagia.pl\/wp-content\/uploads\/2025\/05\/link-do-opinii-instrukcja-300x300.jpg\" alt=\"instrukcja pobrania linku do opinii GOOGLE\" width=\"300\" height=\"300\" srcset=\"https:\/\/www.drewnianamagia.pl\/wp-content\/uploads\/2025\/05\/link-do-opinii-instrukcja-300x300.jpg 300w, https:\/\/www.drewnianamagia.pl\/wp-content\/uploads\/2025\/05\/link-do-opinii-instrukcja-1024x1024.jpg 1024w, https:\/\/www.drewnianamagia.pl\/wp-content\/uploads\/2025\/05\/link-do-opinii-instrukcja-150x150.jpg 150w, https:\/\/www.drewnianamagia.pl\/wp-content\/uploads\/2025\/05\/link-do-opinii-instrukcja-768x768.jpg 768w, https:\/\/www.drewnianamagia.pl\/wp-content\/uploads\/2025\/05\/link-do-opinii-instrukcja-1536x1536.jpg 1536w, https:\/\/www.drewnianamagia.pl\/wp-content\/uploads\/2025\/05\/link-do-opinii-instrukcja-1320x1320.jpg 1320w, https:\/\/www.drewnianamagia.pl\/wp-content\/uploads\/2025\/05\/link-do-opinii-instrukcja-324x324.jpg 324w, https:\/\/www.drewnianamagia.pl\/wp-content\/uploads\/2025\/05\/link-do-opinii-instrukcja-416x416.jpg 416w, https:\/\/www.drewnianamagia.pl\/wp-content\/uploads\/2025\/05\/link-do-opinii-instrukcja-100x100.jpg 100w, https:\/\/www.drewnianamagia.pl\/wp-content\/uploads\/2025\/05\/link-do-opinii-instrukcja.jpg 2000w\" sizes=\"auto, (max-width: 300px) 100vw, 300px\" \/><\/p>\n<hr \/>\n<p><span style=\"color: #ff0000;\"><strong>SPECYFIKACJA:<\/strong><\/span><\/p>\n<ul>\n<li>Materia\u0142: PLA.<\/li>\n<li>Personalizowany wydruk 3D.<\/li>\n<li>Wysoko\u015b\u0107 produktu &#8211; 10 cm.<\/li>\n<li>Szeroko\u015b\u0107 produktu &#8211; 10 cm. (10cm podstawa, 8 cm tabliczka)<\/li>\n<li>G\u0142\u0119boko\u015b\u0107 podstawy &#8211; 4 cm.<\/li>\n<li>1 szt.<\/li>\n<\/ul>\n<hr \/>\n<p><span style=\"color: #ff0000;\"><strong>POZOSTA\u0141E INFORMACJE:<\/strong><\/span><\/p>\n<p>Dok\u0142adamy wszelkich stara\u0144 aby nasze produkty by\u0142y jak najwy\u017cszej jako\u015bci dlatego do wykonania tego produktu korzystamy z profesjonalnej drukarki 3D.\u00a0Kolory w rzeczywisto\u015bci mog\u0105 nieznacznie si\u0119 r\u00f3\u017cni\u0107 w zale\u017cno\u015bci od ustawienia ekranu. Produkty wykonane w tej technologii mog\u0105 posiada\u0107 niewielkie niedoskona\u0142o\u015bci, kt\u00f3re nie maj\u0105 wp\u0142ywu na funkcjonalno\u015b\u0107. Produkty wykonane z tworzywa PLA nie powinny znajdowa\u0107 si\u0119 w \u015brodowisku o temperaturze przekraczaj\u0105cej 50 st C.<\/p>\n","protected":false},"excerpt":{"rendered":"<p>Tabliczka z kodem QR stoj\u0105ca &#8211; Oce\u0144 nas w GOOGLE Stoj\u0105ca niewielka tabliczka z personalizowanym kodem QR, kt\u00f3ry po zeskanowaniu przekierowuje do strony wystawienia oceny w Google. Przydatny gad\u017cet na ka\u017cdej ladzie sklepu lub punktu us\u0142ugowego. Wykonana w technologii druku 3D z tworzywa PLA. PERSONALIZACJA: Podaj link do kt\u00f3rego ma prowadzi\u0107 kod QR jaki zostanie [&hellip;]<\/p>\n","protected":false},"featured_media":7621,"comment_status":"open","ping_status":"closed","template":"","meta":{"_acf_changed":false},"product_brand":[180],"product_cat":[170,92],"product_tag":[54,187],"class_list":{"0":"post-7631","1":"product","2":"type-product","3":"status-publish","4":"has-post-thumbnail","6":"product_brand-drewniana-magia","7":"product_cat-druk-3d","8":"product_cat-gadzety","9":"product_tag-personalizacja","10":"product_tag-reklama","12":"first","13":"outofstock","14":"taxable","15":"shipping-taxable","16":"purchasable","17":"product-type-simple"},"acf":[],"yoast_head":"<!-- This site is optimized with the Yoast SEO plugin v27.5 - https:\/\/yoast.com\/product\/yoast-seo-wordpress\/ -->\n<title>Tabliczka QR stoj\u0105ca - Oce\u0144 nas w GOOGLE - Drewniana Magia<\/title>\n<meta name=\"description\" content=\"Tabliczka Oce\u0144 nas w Google z indywidualnym kodem QR - wykonana w technologii druku 3D. Zwi\u0119ksz popularno\u015b\u0107 swojej firmy zbieraj\u0105c wi\u0119cej opinii.\" \/>\n<meta name=\"robots\" content=\"index, follow, max-snippet:-1, max-image-preview:large, max-video-preview:-1\" \/>\n<link rel=\"canonical\" href=\"https:\/\/www.drewnianamagia.pl\/index.php\/produkt\/tabliczka-qr-stojaca-ocen-nas-w-google\/\" \/>\n<meta property=\"og:locale\" content=\"pl_PL\" \/>\n<meta property=\"og:type\" content=\"article\" \/>\n<meta property=\"og:title\" content=\"Tabliczka QR stoj\u0105ca - Oce\u0144 nas w GOOGLE - Drewniana Magia\" \/>\n<meta property=\"og:description\" content=\"Tabliczka Oce\u0144 nas w Google z indywidualnym kodem QR - wykonana w technologii druku 3D. Zwi\u0119ksz popularno\u015b\u0107 swojej firmy zbieraj\u0105c wi\u0119cej opinii.\" \/>\n<meta property=\"og:url\" content=\"https:\/\/www.drewnianamagia.pl\/index.php\/produkt\/tabliczka-qr-stojaca-ocen-nas-w-google\/\" \/>\n<meta property=\"og:site_name\" content=\"Drewniana Magia\" \/>\n<meta property=\"article:publisher\" content=\"https:\/\/facebook.com\/BelasDrewnianaMagia\" \/>\n<meta property=\"article:modified_time\" content=\"2025-09-16T11:47:24+00:00\" \/>\n<meta property=\"og:image\" content=\"https:\/\/www.drewnianamagia.pl\/wp-content\/uploads\/2025\/05\/tabliczka-z-kodem-QR-ocen-nas-w-google.jpg\" \/>\n\t<meta property=\"og:image:width\" content=\"2000\" \/>\n\t<meta property=\"og:image:height\" content=\"2000\" \/>\n\t<meta property=\"og:image:type\" content=\"image\/jpeg\" \/>\n<meta name=\"twitter:card\" content=\"summary_large_image\" \/>\n<meta name=\"twitter:label1\" content=\"Szacowany czas czytania\" \/>\n\t<meta name=\"twitter:data1\" content=\"2 minuty\" \/>\n<script type=\"application\/ld+json\" class=\"yoast-schema-graph\">{\"@context\":\"https:\\\/\\\/schema.org\",\"@graph\":[{\"@type\":\"WebPage\",\"@id\":\"https:\\\/\\\/www.drewnianamagia.pl\\\/index.php\\\/produkt\\\/tabliczka-qr-stojaca-ocen-nas-w-google\\\/\",\"url\":\"https:\\\/\\\/www.drewnianamagia.pl\\\/index.php\\\/produkt\\\/tabliczka-qr-stojaca-ocen-nas-w-google\\\/\",\"name\":\"Tabliczka QR stoj\u0105ca - Oce\u0144 nas w GOOGLE - Drewniana Magia\",\"isPartOf\":{\"@id\":\"https:\\\/\\\/www.drewnianamagia.pl\\\/#website\"},\"primaryImageOfPage\":{\"@id\":\"https:\\\/\\\/www.drewnianamagia.pl\\\/index.php\\\/produkt\\\/tabliczka-qr-stojaca-ocen-nas-w-google\\\/#primaryimage\"},\"image\":{\"@id\":\"https:\\\/\\\/www.drewnianamagia.pl\\\/index.php\\\/produkt\\\/tabliczka-qr-stojaca-ocen-nas-w-google\\\/#primaryimage\"},\"thumbnailUrl\":\"https:\\\/\\\/www.drewnianamagia.pl\\\/wp-content\\\/uploads\\\/2025\\\/05\\\/tabliczka-z-kodem-QR-ocen-nas-w-google.jpg\",\"datePublished\":\"2025-05-05T08:36:45+00:00\",\"dateModified\":\"2025-09-16T11:47:24+00:00\",\"description\":\"Tabliczka Oce\u0144 nas w Google z indywidualnym kodem QR - wykonana w technologii druku 3D. Zwi\u0119ksz popularno\u015b\u0107 swojej firmy zbieraj\u0105c wi\u0119cej opinii.\",\"breadcrumb\":{\"@id\":\"https:\\\/\\\/www.drewnianamagia.pl\\\/index.php\\\/produkt\\\/tabliczka-qr-stojaca-ocen-nas-w-google\\\/#breadcrumb\"},\"inLanguage\":\"pl-PL\",\"potentialAction\":[{\"@type\":\"ReadAction\",\"target\":[\"https:\\\/\\\/www.drewnianamagia.pl\\\/index.php\\\/produkt\\\/tabliczka-qr-stojaca-ocen-nas-w-google\\\/\"]}]},{\"@type\":\"ImageObject\",\"inLanguage\":\"pl-PL\",\"@id\":\"https:\\\/\\\/www.drewnianamagia.pl\\\/index.php\\\/produkt\\\/tabliczka-qr-stojaca-ocen-nas-w-google\\\/#primaryimage\",\"url\":\"https:\\\/\\\/www.drewnianamagia.pl\\\/wp-content\\\/uploads\\\/2025\\\/05\\\/tabliczka-z-kodem-QR-ocen-nas-w-google.jpg\",\"contentUrl\":\"https:\\\/\\\/www.drewnianamagia.pl\\\/wp-content\\\/uploads\\\/2025\\\/05\\\/tabliczka-z-kodem-QR-ocen-nas-w-google.jpg\",\"width\":2000,\"height\":2000,\"caption\":\"tabliczka z kodem QR Oce\u0144 Nas w Google\"},{\"@type\":\"BreadcrumbList\",\"@id\":\"https:\\\/\\\/www.drewnianamagia.pl\\\/index.php\\\/produkt\\\/tabliczka-qr-stojaca-ocen-nas-w-google\\\/#breadcrumb\",\"itemListElement\":[{\"@type\":\"ListItem\",\"position\":1,\"name\":\"Strona g\u0142\u00f3wna\",\"item\":\"https:\\\/\\\/www.drewnianamagia.pl\\\/\"},{\"@type\":\"ListItem\",\"position\":2,\"name\":\"Sklep\",\"item\":\"https:\\\/\\\/www.drewnianamagia.pl\\\/index.php\\\/sklep-internetowy-drewnianamagia\\\/\"},{\"@type\":\"ListItem\",\"position\":3,\"name\":\"Tabliczka QR stoj\u0105ca &#8211; Oce\u0144 nas w GOOGLE\"}]},{\"@type\":\"WebSite\",\"@id\":\"https:\\\/\\\/www.drewnianamagia.pl\\\/#website\",\"url\":\"https:\\\/\\\/www.drewnianamagia.pl\\\/\",\"name\":\"Drewniana Magia\",\"description\":\"Personalizowane prezenty i dekoracje z drewna i druku 3D, na ka\u017cd\u0105 okazj\u0119 i okoliczno\u015b\u0107. Urodziny, Chrzest, Przyj\u0119cie, \u015awi\u0119ta, \u015alub\",\"publisher\":{\"@id\":\"https:\\\/\\\/www.drewnianamagia.pl\\\/#organization\"},\"potentialAction\":[{\"@type\":\"SearchAction\",\"target\":{\"@type\":\"EntryPoint\",\"urlTemplate\":\"https:\\\/\\\/www.drewnianamagia.pl\\\/?s={search_term_string}\"},\"query-input\":{\"@type\":\"PropertyValueSpecification\",\"valueRequired\":true,\"valueName\":\"search_term_string\"}}],\"inLanguage\":\"pl-PL\"},{\"@type\":\"Organization\",\"@id\":\"https:\\\/\\\/www.drewnianamagia.pl\\\/#organization\",\"name\":\"Drewniana Magia\",\"url\":\"https:\\\/\\\/www.drewnianamagia.pl\\\/\",\"logo\":{\"@type\":\"ImageObject\",\"inLanguage\":\"pl-PL\",\"@id\":\"https:\\\/\\\/www.drewnianamagia.pl\\\/#\\\/schema\\\/logo\\\/image\\\/\",\"url\":\"https:\\\/\\\/www.drewnianamagia.pl\\\/wp-content\\\/uploads\\\/2024\\\/02\\\/cropped-LOGO-DrewnianaMagia-375x188-1.png\",\"contentUrl\":\"https:\\\/\\\/www.drewnianamagia.pl\\\/wp-content\\\/uploads\\\/2024\\\/02\\\/cropped-LOGO-DrewnianaMagia-375x188-1.png\",\"width\":374,\"height\":188,\"caption\":\"Drewniana Magia\"},\"image\":{\"@id\":\"https:\\\/\\\/www.drewnianamagia.pl\\\/#\\\/schema\\\/logo\\\/image\\\/\"},\"sameAs\":[\"https:\\\/\\\/facebook.com\\\/BelasDrewnianaMagia\"]}]}<\/script>\n<!-- \/ Yoast SEO plugin. -->","yoast_head_json":{"title":"Tabliczka QR stoj\u0105ca - Oce\u0144 nas w GOOGLE - Drewniana Magia","description":"Tabliczka Oce\u0144 nas w Google z indywidualnym kodem QR - wykonana w technologii druku 3D. Zwi\u0119ksz popularno\u015b\u0107 swojej firmy zbieraj\u0105c wi\u0119cej opinii.","robots":{"index":"index","follow":"follow","max-snippet":"max-snippet:-1","max-image-preview":"max-image-preview:large","max-video-preview":"max-video-preview:-1"},"canonical":"https:\/\/www.drewnianamagia.pl\/index.php\/produkt\/tabliczka-qr-stojaca-ocen-nas-w-google\/","og_locale":"pl_PL","og_type":"article","og_title":"Tabliczka QR stoj\u0105ca - Oce\u0144 nas w GOOGLE - Drewniana Magia","og_description":"Tabliczka Oce\u0144 nas w Google z indywidualnym kodem QR - wykonana w technologii druku 3D. Zwi\u0119ksz popularno\u015b\u0107 swojej firmy zbieraj\u0105c wi\u0119cej opinii.","og_url":"https:\/\/www.drewnianamagia.pl\/index.php\/produkt\/tabliczka-qr-stojaca-ocen-nas-w-google\/","og_site_name":"Drewniana Magia","article_publisher":"https:\/\/facebook.com\/BelasDrewnianaMagia","article_modified_time":"2025-09-16T11:47:24+00:00","og_image":[{"width":2000,"height":2000,"url":"https:\/\/www.drewnianamagia.pl\/wp-content\/uploads\/2025\/05\/tabliczka-z-kodem-QR-ocen-nas-w-google.jpg","type":"image\/jpeg"}],"twitter_card":"summary_large_image","twitter_misc":{"Szacowany czas czytania":"2 minuty"},"schema":{"@context":"https:\/\/schema.org","@graph":[{"@type":"WebPage","@id":"https:\/\/www.drewnianamagia.pl\/index.php\/produkt\/tabliczka-qr-stojaca-ocen-nas-w-google\/","url":"https:\/\/www.drewnianamagia.pl\/index.php\/produkt\/tabliczka-qr-stojaca-ocen-nas-w-google\/","name":"Tabliczka QR stoj\u0105ca - Oce\u0144 nas w GOOGLE - Drewniana Magia","isPartOf":{"@id":"https:\/\/www.drewnianamagia.pl\/#website"},"primaryImageOfPage":{"@id":"https:\/\/www.drewnianamagia.pl\/index.php\/produkt\/tabliczka-qr-stojaca-ocen-nas-w-google\/#primaryimage"},"image":{"@id":"https:\/\/www.drewnianamagia.pl\/index.php\/produkt\/tabliczka-qr-stojaca-ocen-nas-w-google\/#primaryimage"},"thumbnailUrl":"https:\/\/www.drewnianamagia.pl\/wp-content\/uploads\/2025\/05\/tabliczka-z-kodem-QR-ocen-nas-w-google.jpg","datePublished":"2025-05-05T08:36:45+00:00","dateModified":"2025-09-16T11:47:24+00:00","description":"Tabliczka Oce\u0144 nas w Google z indywidualnym kodem QR - wykonana w technologii druku 3D. Zwi\u0119ksz popularno\u015b\u0107 swojej firmy zbieraj\u0105c wi\u0119cej opinii.","breadcrumb":{"@id":"https:\/\/www.drewnianamagia.pl\/index.php\/produkt\/tabliczka-qr-stojaca-ocen-nas-w-google\/#breadcrumb"},"inLanguage":"pl-PL","potentialAction":[{"@type":"ReadAction","target":["https:\/\/www.drewnianamagia.pl\/index.php\/produkt\/tabliczka-qr-stojaca-ocen-nas-w-google\/"]}]},{"@type":"ImageObject","inLanguage":"pl-PL","@id":"https:\/\/www.drewnianamagia.pl\/index.php\/produkt\/tabliczka-qr-stojaca-ocen-nas-w-google\/#primaryimage","url":"https:\/\/www.drewnianamagia.pl\/wp-content\/uploads\/2025\/05\/tabliczka-z-kodem-QR-ocen-nas-w-google.jpg","contentUrl":"https:\/\/www.drewnianamagia.pl\/wp-content\/uploads\/2025\/05\/tabliczka-z-kodem-QR-ocen-nas-w-google.jpg","width":2000,"height":2000,"caption":"tabliczka z kodem QR Oce\u0144 Nas w Google"},{"@type":"BreadcrumbList","@id":"https:\/\/www.drewnianamagia.pl\/index.php\/produkt\/tabliczka-qr-stojaca-ocen-nas-w-google\/#breadcrumb","itemListElement":[{"@type":"ListItem","position":1,"name":"Strona g\u0142\u00f3wna","item":"https:\/\/www.drewnianamagia.pl\/"},{"@type":"ListItem","position":2,"name":"Sklep","item":"https:\/\/www.drewnianamagia.pl\/index.php\/sklep-internetowy-drewnianamagia\/"},{"@type":"ListItem","position":3,"name":"Tabliczka QR stoj\u0105ca &#8211; Oce\u0144 nas w GOOGLE"}]},{"@type":"WebSite","@id":"https:\/\/www.drewnianamagia.pl\/#website","url":"https:\/\/www.drewnianamagia.pl\/","name":"Drewniana Magia","description":"Personalizowane prezenty i dekoracje z drewna i druku 3D, na ka\u017cd\u0105 okazj\u0119 i okoliczno\u015b\u0107. Urodziny, Chrzest, Przyj\u0119cie, \u015awi\u0119ta, \u015alub","publisher":{"@id":"https:\/\/www.drewnianamagia.pl\/#organization"},"potentialAction":[{"@type":"SearchAction","target":{"@type":"EntryPoint","urlTemplate":"https:\/\/www.drewnianamagia.pl\/?s={search_term_string}"},"query-input":{"@type":"PropertyValueSpecification","valueRequired":true,"valueName":"search_term_string"}}],"inLanguage":"pl-PL"},{"@type":"Organization","@id":"https:\/\/www.drewnianamagia.pl\/#organization","name":"Drewniana Magia","url":"https:\/\/www.drewnianamagia.pl\/","logo":{"@type":"ImageObject","inLanguage":"pl-PL","@id":"https:\/\/www.drewnianamagia.pl\/#\/schema\/logo\/image\/","url":"https:\/\/www.drewnianamagia.pl\/wp-content\/uploads\/2024\/02\/cropped-LOGO-DrewnianaMagia-375x188-1.png","contentUrl":"https:\/\/www.drewnianamagia.pl\/wp-content\/uploads\/2024\/02\/cropped-LOGO-DrewnianaMagia-375x188-1.png","width":374,"height":188,"caption":"Drewniana Magia"},"image":{"@id":"https:\/\/www.drewnianamagia.pl\/#\/schema\/logo\/image\/"},"sameAs":["https:\/\/facebook.com\/BelasDrewnianaMagia"]}]}},"_links":{"self":[{"href":"https:\/\/www.drewnianamagia.pl\/index.php\/wp-json\/wp\/v2\/product\/7631","targetHints":{"allow":["GET"]}}],"collection":[{"href":"https:\/\/www.drewnianamagia.pl\/index.php\/wp-json\/wp\/v2\/product"}],"about":[{"href":"https:\/\/www.drewnianamagia.pl\/index.php\/wp-json\/wp\/v2\/types\/product"}],"replies":[{"embeddable":true,"href":"https:\/\/www.drewnianamagia.pl\/index.php\/wp-json\/wp\/v2\/comments?post=7631"}],"wp:featuredmedia":[{"embeddable":true,"href":"https:\/\/www.drewnianamagia.pl\/index.php\/wp-json\/wp\/v2\/media\/7621"}],"wp:attachment":[{"href":"https:\/\/www.drewnianamagia.pl\/index.php\/wp-json\/wp\/v2\/media?parent=7631"}],"wp:term":[{"taxonomy":"product_brand","embeddable":true,"href":"https:\/\/www.drewnianamagia.pl\/index.php\/wp-json\/wp\/v2\/product_brand?post=7631"},{"taxonomy":"product_cat","embeddable":true,"href":"https:\/\/www.drewnianamagia.pl\/index.php\/wp-json\/wp\/v2\/product_cat?post=7631"},{"taxonomy":"product_tag","embeddable":true,"href":"https:\/\/www.drewnianamagia.pl\/index.php\/wp-json\/wp\/v2\/product_tag?post=7631"}],"curies":[{"name":"wp","href":"https:\/\/api.w.org\/{rel}","templated":true}]}}