{"id":6832,"date":"2025-04-28T13:31:24","date_gmt":"2025-04-28T11:31:24","guid":{"rendered":"https:\/\/www.drewnianamagia.pl\/?post_type=product&#038;p=6832"},"modified":"2026-04-16T15:31:46","modified_gmt":"2026-04-16T13:31:46","slug":"tabliczka-z-dowolnym-tekstem","status":"publish","type":"product","link":"https:\/\/www.drewnianamagia.pl\/index.php\/produkt\/tabliczka-z-dowolnym-tekstem\/","title":{"rendered":"Tabliczka z dowolnym tekstem"},"content":{"rendered":"<h1 style=\"text-align: center;\"><strong>Tabliczka z dowolnym tekstem<\/strong><\/h1>\n<p>Drewniana tabliczka z dowolnie wygrawerowanym tekstem wykonana z wysokiej jako\u015bci sklejki. Wybierz szeroko\u015b\u0107 oraz wysoko\u015b\u0107 tabliczki z dost\u0119pnych wariant\u00f3w i podaj tre\u015b\u0107 jak\u0105 mamy na niej wygrawerowa\u0107. Dopasujemy wielko\u015b\u0107 czcionki do rozmiar\u00f3w tabliczki. Ma\u0142e tabliczki idealnie sprawdz\u0105 si\u0119 dla kr\u00f3tkich tekst\u00f3w.<\/p>\n<hr \/>\n<p><span style=\"color: #ff0000;\"><strong>PERSONALIZACJA:<\/strong><\/span><\/p>\n<p>W opisie personalizacji podaj Tre\u015b\u0107 tekstu jaki ma zosta\u0107 wygrawerowany.<\/p>\n<p>Tekst domy\u015blnie b\u0119dzie wycentrowany na wybranej przez Ciebie tabliczce, aby zajmowa\u0142 jej jak najwi\u0119ksz\u0105 powierzchni\u0119. Je\u015bli masz jakie\u015b specjalne uwagi &#8211; daj nam zna\u0107 by\u015bmy mogli uwzgl\u0119dni\u0107 je podczas tworzenia produktu.<\/p>\n<p>Je\u015bli chcesz aby przes\u0142ane fragmenty tekstu znajdowa\u0142y si\u0119 w konkretnych wierszach \/ odst\u0119pach itp. &#8211; umie\u015b\u0107 t\u0119 informacj\u0119 w opisie personalizacji.<\/p>\n<p>&nbsp;<\/p>\n<hr \/>\n<p><span style=\"color: #ff0000;\"><strong>SPECYFIKACJA:<\/strong><\/span><\/p>\n<ul>\n<li>Materia\u0142: wysokiej jako\u015bci sklejka drewniana o grubo\u015bci ok. 3mm<\/li>\n<li>Produkt r\u0119cznie szlifowany<\/li>\n<li>Szeroko\u015b\u0107: od 5 do 25 cm (z dost\u0119pnych wariant\u00f3w)<\/li>\n<li>Wysoko\u015b\u0107: od 3 do 15 cm (z dost\u0119pnych wariant\u00f3w)<\/li>\n<\/ul>\n<hr \/>\n<p><span style=\"color: #ff0000;\"><strong>POZOSTA\u0141E INFORMACJE:<\/strong><\/span><\/p>\n<p>Zdj\u0119cie g\u0142\u00f3wne produktu jest komputerow\u0105 wizualizacj\u0105 gotowego produktu. Kolory mog\u0105 si\u0119 nieznacznie r\u00f3\u017cni\u0107 od tych widocznych na ekranie &#8211; wynika to z ustawie\u0144 konkretnego ekranu a tak\u017ce ze specyfikacji materia\u0142u z kt\u00f3rego produkt zostanie wykonany. Drewno to naturalny surowiec i r\u00f3\u017cni si\u0119 struktur\u0105, barw\u0105 czy u\u0142o\u017ceniem s\u0142oj\u00f3w.<\/p>\n","protected":false},"excerpt":{"rendered":"<p>Tabliczka z dowolnym tekstem Drewniana tabliczka z dowolnie wygrawerowanym tekstem wykonana z wysokiej jako\u015bci sklejki. Wybierz szeroko\u015b\u0107 oraz wysoko\u015b\u0107 tabliczki z dost\u0119pnych wariant\u00f3w i podaj tre\u015b\u0107 jak\u0105 mamy na niej wygrawerowa\u0107. Dopasujemy wielko\u015b\u0107 czcionki do rozmiar\u00f3w tabliczki. Ma\u0142e tabliczki idealnie sprawdz\u0105 si\u0119 dla kr\u00f3tkich tekst\u00f3w. PERSONALIZACJA: W opisie personalizacji podaj Tre\u015b\u0107 tekstu jaki ma zosta\u0107 [&hellip;]<\/p>\n","protected":false},"featured_media":7510,"comment_status":"open","ping_status":"closed","template":"","meta":{"_acf_changed":false},"product_brand":[180],"product_cat":[49,92,43],"product_tag":[54],"class_list":{"0":"post-6832","1":"product","2":"type-product","3":"status-publish","4":"has-post-thumbnail","6":"product_brand-drewniana-magia","7":"product_cat-dekoracje","8":"product_cat-gadzety","9":"product_cat-scrapki","10":"product_tag-personalizacja","12":"first","13":"instock","14":"featured","15":"taxable","16":"shipping-taxable","17":"purchasable","18":"product-type-variable"},"acf":[],"yoast_head":"<!-- This site is optimized with the Yoast SEO plugin v27.5 - https:\/\/yoast.com\/product\/yoast-seo-wordpress\/ -->\n<title>Tabliczka z dowolnym tekstem - Drewniana Magia<\/title>\n<meta name=\"description\" content=\"Drewniana tabliczka z dowolnym tekstem. Wykonana z wysokiej jako\u015bci sklejki, grawerowana laserowo, r\u0119cznie szlifowana. Wybierz sw\u00f3j rozmiar!\" \/>\n<meta name=\"robots\" content=\"index, follow, max-snippet:-1, max-image-preview:large, max-video-preview:-1\" \/>\n<link rel=\"canonical\" href=\"https:\/\/www.drewnianamagia.pl\/index.php\/produkt\/tabliczka-z-dowolnym-tekstem\/\" \/>\n<meta property=\"og:locale\" content=\"pl_PL\" \/>\n<meta property=\"og:type\" content=\"article\" \/>\n<meta property=\"og:title\" content=\"Tabliczka z dowolnym tekstem - Drewniana Magia\" \/>\n<meta property=\"og:description\" content=\"Drewniana tabliczka z dowolnym tekstem. Wykonana z wysokiej jako\u015bci sklejki, grawerowana laserowo, r\u0119cznie szlifowana. Wybierz sw\u00f3j rozmiar!\" \/>\n<meta property=\"og:url\" content=\"https:\/\/www.drewnianamagia.pl\/index.php\/produkt\/tabliczka-z-dowolnym-tekstem\/\" \/>\n<meta property=\"og:site_name\" content=\"Drewniana Magia\" \/>\n<meta property=\"article:publisher\" content=\"https:\/\/facebook.com\/BelasDrewnianaMagia\" \/>\n<meta property=\"article:modified_time\" content=\"2026-04-16T13:31:46+00:00\" \/>\n<meta property=\"og:image\" content=\"https:\/\/www.drewnianamagia.pl\/wp-content\/uploads\/2025\/04\/tabliczka-warianty-z-dowolnym-tekstem.jpg\" \/>\n\t<meta property=\"og:image:width\" content=\"2215\" \/>\n\t<meta property=\"og:image:height\" content=\"2215\" \/>\n\t<meta property=\"og:image:type\" content=\"image\/jpeg\" \/>\n<meta name=\"twitter:card\" content=\"summary_large_image\" \/>\n<meta name=\"twitter:label1\" content=\"Szacowany czas czytania\" \/>\n\t<meta name=\"twitter:data1\" content=\"2 minuty\" \/>\n<script type=\"application\/ld+json\" class=\"yoast-schema-graph\">{\"@context\":\"https:\\\/\\\/schema.org\",\"@graph\":[{\"@type\":\"WebPage\",\"@id\":\"https:\\\/\\\/www.drewnianamagia.pl\\\/index.php\\\/produkt\\\/tabliczka-z-dowolnym-tekstem\\\/\",\"url\":\"https:\\\/\\\/www.drewnianamagia.pl\\\/index.php\\\/produkt\\\/tabliczka-z-dowolnym-tekstem\\\/\",\"name\":\"Tabliczka z dowolnym tekstem - Drewniana Magia\",\"isPartOf\":{\"@id\":\"https:\\\/\\\/www.drewnianamagia.pl\\\/#website\"},\"primaryImageOfPage\":{\"@id\":\"https:\\\/\\\/www.drewnianamagia.pl\\\/index.php\\\/produkt\\\/tabliczka-z-dowolnym-tekstem\\\/#primaryimage\"},\"image\":{\"@id\":\"https:\\\/\\\/www.drewnianamagia.pl\\\/index.php\\\/produkt\\\/tabliczka-z-dowolnym-tekstem\\\/#primaryimage\"},\"thumbnailUrl\":\"https:\\\/\\\/www.drewnianamagia.pl\\\/wp-content\\\/uploads\\\/2025\\\/04\\\/tabliczka-warianty-z-dowolnym-tekstem.jpg\",\"datePublished\":\"2025-04-28T11:31:24+00:00\",\"dateModified\":\"2026-04-16T13:31:46+00:00\",\"description\":\"Drewniana tabliczka z dowolnym tekstem. Wykonana z wysokiej jako\u015bci sklejki, grawerowana laserowo, r\u0119cznie szlifowana. Wybierz sw\u00f3j rozmiar!\",\"breadcrumb\":{\"@id\":\"https:\\\/\\\/www.drewnianamagia.pl\\\/index.php\\\/produkt\\\/tabliczka-z-dowolnym-tekstem\\\/#breadcrumb\"},\"inLanguage\":\"pl-PL\",\"potentialAction\":[{\"@type\":\"ReadAction\",\"target\":[\"https:\\\/\\\/www.drewnianamagia.pl\\\/index.php\\\/produkt\\\/tabliczka-z-dowolnym-tekstem\\\/\"]}]},{\"@type\":\"ImageObject\",\"inLanguage\":\"pl-PL\",\"@id\":\"https:\\\/\\\/www.drewnianamagia.pl\\\/index.php\\\/produkt\\\/tabliczka-z-dowolnym-tekstem\\\/#primaryimage\",\"url\":\"https:\\\/\\\/www.drewnianamagia.pl\\\/wp-content\\\/uploads\\\/2025\\\/04\\\/tabliczka-warianty-z-dowolnym-tekstem.jpg\",\"contentUrl\":\"https:\\\/\\\/www.drewnianamagia.pl\\\/wp-content\\\/uploads\\\/2025\\\/04\\\/tabliczka-warianty-z-dowolnym-tekstem.jpg\",\"width\":2215,\"height\":2215,\"caption\":\"tabliczka drewniana z dowolnym tekstem grawerowanym laserowo\"},{\"@type\":\"BreadcrumbList\",\"@id\":\"https:\\\/\\\/www.drewnianamagia.pl\\\/index.php\\\/produkt\\\/tabliczka-z-dowolnym-tekstem\\\/#breadcrumb\",\"itemListElement\":[{\"@type\":\"ListItem\",\"position\":1,\"name\":\"Strona g\u0142\u00f3wna\",\"item\":\"https:\\\/\\\/www.drewnianamagia.pl\\\/\"},{\"@type\":\"ListItem\",\"position\":2,\"name\":\"Sklep\",\"item\":\"https:\\\/\\\/www.drewnianamagia.pl\\\/index.php\\\/sklep-internetowy-drewnianamagia\\\/\"},{\"@type\":\"ListItem\",\"position\":3,\"name\":\"Tabliczka z dowolnym tekstem\"}]},{\"@type\":\"WebSite\",\"@id\":\"https:\\\/\\\/www.drewnianamagia.pl\\\/#website\",\"url\":\"https:\\\/\\\/www.drewnianamagia.pl\\\/\",\"name\":\"Drewniana Magia\",\"description\":\"Personalizowane prezenty i dekoracje z drewna i druku 3D, na ka\u017cd\u0105 okazj\u0119 i okoliczno\u015b\u0107. Urodziny, Chrzest, Przyj\u0119cie, \u015awi\u0119ta, \u015alub\",\"publisher\":{\"@id\":\"https:\\\/\\\/www.drewnianamagia.pl\\\/#organization\"},\"potentialAction\":[{\"@type\":\"SearchAction\",\"target\":{\"@type\":\"EntryPoint\",\"urlTemplate\":\"https:\\\/\\\/www.drewnianamagia.pl\\\/?s={search_term_string}\"},\"query-input\":{\"@type\":\"PropertyValueSpecification\",\"valueRequired\":true,\"valueName\":\"search_term_string\"}}],\"inLanguage\":\"pl-PL\"},{\"@type\":\"Organization\",\"@id\":\"https:\\\/\\\/www.drewnianamagia.pl\\\/#organization\",\"name\":\"Drewniana Magia\",\"url\":\"https:\\\/\\\/www.drewnianamagia.pl\\\/\",\"logo\":{\"@type\":\"ImageObject\",\"inLanguage\":\"pl-PL\",\"@id\":\"https:\\\/\\\/www.drewnianamagia.pl\\\/#\\\/schema\\\/logo\\\/image\\\/\",\"url\":\"https:\\\/\\\/www.drewnianamagia.pl\\\/wp-content\\\/uploads\\\/2024\\\/02\\\/cropped-LOGO-DrewnianaMagia-375x188-1.png\",\"contentUrl\":\"https:\\\/\\\/www.drewnianamagia.pl\\\/wp-content\\\/uploads\\\/2024\\\/02\\\/cropped-LOGO-DrewnianaMagia-375x188-1.png\",\"width\":374,\"height\":188,\"caption\":\"Drewniana Magia\"},\"image\":{\"@id\":\"https:\\\/\\\/www.drewnianamagia.pl\\\/#\\\/schema\\\/logo\\\/image\\\/\"},\"sameAs\":[\"https:\\\/\\\/facebook.com\\\/BelasDrewnianaMagia\"]}]}<\/script>\n<!-- \/ Yoast SEO plugin. -->","yoast_head_json":{"title":"Tabliczka z dowolnym tekstem - Drewniana Magia","description":"Drewniana tabliczka z dowolnym tekstem. Wykonana z wysokiej jako\u015bci sklejki, grawerowana laserowo, r\u0119cznie szlifowana. Wybierz sw\u00f3j rozmiar!","robots":{"index":"index","follow":"follow","max-snippet":"max-snippet:-1","max-image-preview":"max-image-preview:large","max-video-preview":"max-video-preview:-1"},"canonical":"https:\/\/www.drewnianamagia.pl\/index.php\/produkt\/tabliczka-z-dowolnym-tekstem\/","og_locale":"pl_PL","og_type":"article","og_title":"Tabliczka z dowolnym tekstem - Drewniana Magia","og_description":"Drewniana tabliczka z dowolnym tekstem. Wykonana z wysokiej jako\u015bci sklejki, grawerowana laserowo, r\u0119cznie szlifowana. Wybierz sw\u00f3j rozmiar!","og_url":"https:\/\/www.drewnianamagia.pl\/index.php\/produkt\/tabliczka-z-dowolnym-tekstem\/","og_site_name":"Drewniana Magia","article_publisher":"https:\/\/facebook.com\/BelasDrewnianaMagia","article_modified_time":"2026-04-16T13:31:46+00:00","og_image":[{"width":2215,"height":2215,"url":"https:\/\/www.drewnianamagia.pl\/wp-content\/uploads\/2025\/04\/tabliczka-warianty-z-dowolnym-tekstem.jpg","type":"image\/jpeg"}],"twitter_card":"summary_large_image","twitter_misc":{"Szacowany czas czytania":"2 minuty"},"schema":{"@context":"https:\/\/schema.org","@graph":[{"@type":"WebPage","@id":"https:\/\/www.drewnianamagia.pl\/index.php\/produkt\/tabliczka-z-dowolnym-tekstem\/","url":"https:\/\/www.drewnianamagia.pl\/index.php\/produkt\/tabliczka-z-dowolnym-tekstem\/","name":"Tabliczka z dowolnym tekstem - Drewniana Magia","isPartOf":{"@id":"https:\/\/www.drewnianamagia.pl\/#website"},"primaryImageOfPage":{"@id":"https:\/\/www.drewnianamagia.pl\/index.php\/produkt\/tabliczka-z-dowolnym-tekstem\/#primaryimage"},"image":{"@id":"https:\/\/www.drewnianamagia.pl\/index.php\/produkt\/tabliczka-z-dowolnym-tekstem\/#primaryimage"},"thumbnailUrl":"https:\/\/www.drewnianamagia.pl\/wp-content\/uploads\/2025\/04\/tabliczka-warianty-z-dowolnym-tekstem.jpg","datePublished":"2025-04-28T11:31:24+00:00","dateModified":"2026-04-16T13:31:46+00:00","description":"Drewniana tabliczka z dowolnym tekstem. Wykonana z wysokiej jako\u015bci sklejki, grawerowana laserowo, r\u0119cznie szlifowana. Wybierz sw\u00f3j rozmiar!","breadcrumb":{"@id":"https:\/\/www.drewnianamagia.pl\/index.php\/produkt\/tabliczka-z-dowolnym-tekstem\/#breadcrumb"},"inLanguage":"pl-PL","potentialAction":[{"@type":"ReadAction","target":["https:\/\/www.drewnianamagia.pl\/index.php\/produkt\/tabliczka-z-dowolnym-tekstem\/"]}]},{"@type":"ImageObject","inLanguage":"pl-PL","@id":"https:\/\/www.drewnianamagia.pl\/index.php\/produkt\/tabliczka-z-dowolnym-tekstem\/#primaryimage","url":"https:\/\/www.drewnianamagia.pl\/wp-content\/uploads\/2025\/04\/tabliczka-warianty-z-dowolnym-tekstem.jpg","contentUrl":"https:\/\/www.drewnianamagia.pl\/wp-content\/uploads\/2025\/04\/tabliczka-warianty-z-dowolnym-tekstem.jpg","width":2215,"height":2215,"caption":"tabliczka drewniana z dowolnym tekstem grawerowanym laserowo"},{"@type":"BreadcrumbList","@id":"https:\/\/www.drewnianamagia.pl\/index.php\/produkt\/tabliczka-z-dowolnym-tekstem\/#breadcrumb","itemListElement":[{"@type":"ListItem","position":1,"name":"Strona g\u0142\u00f3wna","item":"https:\/\/www.drewnianamagia.pl\/"},{"@type":"ListItem","position":2,"name":"Sklep","item":"https:\/\/www.drewnianamagia.pl\/index.php\/sklep-internetowy-drewnianamagia\/"},{"@type":"ListItem","position":3,"name":"Tabliczka z dowolnym tekstem"}]},{"@type":"WebSite","@id":"https:\/\/www.drewnianamagia.pl\/#website","url":"https:\/\/www.drewnianamagia.pl\/","name":"Drewniana Magia","description":"Personalizowane prezenty i dekoracje z drewna i druku 3D, na ka\u017cd\u0105 okazj\u0119 i okoliczno\u015b\u0107. Urodziny, Chrzest, Przyj\u0119cie, \u015awi\u0119ta, \u015alub","publisher":{"@id":"https:\/\/www.drewnianamagia.pl\/#organization"},"potentialAction":[{"@type":"SearchAction","target":{"@type":"EntryPoint","urlTemplate":"https:\/\/www.drewnianamagia.pl\/?s={search_term_string}"},"query-input":{"@type":"PropertyValueSpecification","valueRequired":true,"valueName":"search_term_string"}}],"inLanguage":"pl-PL"},{"@type":"Organization","@id":"https:\/\/www.drewnianamagia.pl\/#organization","name":"Drewniana Magia","url":"https:\/\/www.drewnianamagia.pl\/","logo":{"@type":"ImageObject","inLanguage":"pl-PL","@id":"https:\/\/www.drewnianamagia.pl\/#\/schema\/logo\/image\/","url":"https:\/\/www.drewnianamagia.pl\/wp-content\/uploads\/2024\/02\/cropped-LOGO-DrewnianaMagia-375x188-1.png","contentUrl":"https:\/\/www.drewnianamagia.pl\/wp-content\/uploads\/2024\/02\/cropped-LOGO-DrewnianaMagia-375x188-1.png","width":374,"height":188,"caption":"Drewniana Magia"},"image":{"@id":"https:\/\/www.drewnianamagia.pl\/#\/schema\/logo\/image\/"},"sameAs":["https:\/\/facebook.com\/BelasDrewnianaMagia"]}]}},"_links":{"self":[{"href":"https:\/\/www.drewnianamagia.pl\/index.php\/wp-json\/wp\/v2\/product\/6832","targetHints":{"allow":["GET"]}}],"collection":[{"href":"https:\/\/www.drewnianamagia.pl\/index.php\/wp-json\/wp\/v2\/product"}],"about":[{"href":"https:\/\/www.drewnianamagia.pl\/index.php\/wp-json\/wp\/v2\/types\/product"}],"replies":[{"embeddable":true,"href":"https:\/\/www.drewnianamagia.pl\/index.php\/wp-json\/wp\/v2\/comments?post=6832"}],"wp:featuredmedia":[{"embeddable":true,"href":"https:\/\/www.drewnianamagia.pl\/index.php\/wp-json\/wp\/v2\/media\/7510"}],"wp:attachment":[{"href":"https:\/\/www.drewnianamagia.pl\/index.php\/wp-json\/wp\/v2\/media?parent=6832"}],"wp:term":[{"taxonomy":"product_brand","embeddable":true,"href":"https:\/\/www.drewnianamagia.pl\/index.php\/wp-json\/wp\/v2\/product_brand?post=6832"},{"taxonomy":"product_cat","embeddable":true,"href":"https:\/\/www.drewnianamagia.pl\/index.php\/wp-json\/wp\/v2\/product_cat?post=6832"},{"taxonomy":"product_tag","embeddable":true,"href":"https:\/\/www.drewnianamagia.pl\/index.php\/wp-json\/wp\/v2\/product_tag?post=6832"}],"curies":[{"name":"wp","href":"https:\/\/api.w.org\/{rel}","templated":true}]}}