{"id":6724,"date":"2025-04-24T14:07:20","date_gmt":"2025-04-24T12:07:20","guid":{"rendered":"https:\/\/www.drewnianamagia.pl\/?post_type=product&#038;p=6724"},"modified":"2025-06-11T11:25:08","modified_gmt":"2025-06-11T09:25:08","slug":"kartka-z-zyczeniami-i-komunia-swieta-dla-chlopca","status":"publish","type":"product","link":"https:\/\/www.drewnianamagia.pl\/index.php\/produkt\/kartka-z-zyczeniami-i-komunia-swieta-dla-chlopca\/","title":{"rendered":"Kartka z \u017cyczeniami &#8211; I Komunia \u015awi\u0119ta dla Ch\u0142opca"},"content":{"rendered":"<h1 style=\"text-align: center;\"><strong>Pami\u0105tka I Komunii \u015aw. Kartka z \u017cyczeniami dla Ch\u0142opca<\/strong><\/h1>\n<p class=\"\" data-start=\"92\" data-end=\"229\"><strong data-start=\"92\" data-end=\"229\">Wyj\u0105tkowa, personalizowana drewniana kartka z \u017cyczeniami z kopert\u0105 w wybranym kolorze \u2013 doskona\u0142y prezent z okazji I Komunii \u015awi\u0119tej!<\/strong><\/p>\n<p class=\"\" data-start=\"231\" data-end=\"498\">Szukasz wyj\u0105tkowego sposobu na przekazanie \u017cycze\u0144 z okazji I Komunii \u015awi\u0119tej? Nasza drewniana kartka z \u017cyczeniami to perfekcyjna propozycja! Wykonana z wysokiej jako\u015bci sklejki drewnianej, z trwa\u0142ym i personalizowanym grawerem, kt\u00f3ry zapewnia niezmienn\u0105 czytelno\u015b\u0107 przez lata.<\/p>\n<p class=\"\" data-start=\"500\" data-end=\"829\">Dodatkowo, kartka zawiera przymocowan\u0105 wewn\u0105trz kopert\u0119 w kolorze, kt\u00f3ry wybierzesz \u2013 co nadaje jej jeszcze bardziej unikalnego charakteru. Kolor wyci\u0119tego krzy\u017ca na pierwszej stronie kartki wynika z koloru wybranej koperty, co tworzy sp\u00f3jn\u0105, eleganck\u0105 ca\u0142o\u015b\u0107. To wi\u0119cej ni\u017c zwyk\u0142a kartka \u2013 to pami\u0105tka, kt\u00f3ra z pewno\u015bci\u0105 zostanie na d\u0142ugo w pami\u0119ci.<\/p>\n<p data-start=\"500\" data-end=\"829\">Na przedniej cz\u0119\u015bci kartki obok wyci\u0119tego krzy\u017ca znajduje si\u0119 wygrawerowana posta\u0107 kl\u0119cz\u0105cego Ch\u0142opca.<\/p>\n<p class=\"\" data-start=\"831\" data-end=\"1170\">Nasza drewniana kartka to idealne rozwi\u0105zanie nie tylko do przekazania \u017cycze\u0144, ale tak\u017ce na wr\u0119czenie got\u00f3wki w spos\u00f3b elegancki i trwa\u0142y. Przewag\u0105 tego produktu nad tradycyjnymi kartkami papierowymi jest nie tylko jego wyj\u0105tkowy, osobisty charakter, ale przede wszystkim trwa\u0142o\u015b\u0107, kt\u00f3ra sprawia, \u017ce stanie si\u0119 ona pi\u0119kn\u0105 pami\u0105tk\u0105 na lata.<\/p>\n<p class=\"\" data-start=\"1172\" data-end=\"1287\">Nie czekaj \u2013 wybierz kartk\u0119, kt\u00f3ra po\u0142\u0105czy tradycj\u0119 z nowoczesno\u015bci\u0105 i nada wyj\u0105tkowego charakteru Twoim \u017cyczeniom!<\/p>\n<hr \/>\n<p><span style=\"color: #ff0000;\"><strong>PERSONALIZACJA:<\/strong><\/span><\/p>\n<p>W opisie personalizacji podaj nast\u0119puj\u0105ce informacje:<\/p>\n<ul>\n<li>Imi\u0119 dziecka<\/li>\n<li>Tre\u015b\u0107 \u017cycze\u0144 (je\u015bli chcesz zmieni\u0107 te widoczne na produkcie i umie\u015bci\u0107 w\u0142asne)<\/li>\n<li>Tre\u015b\u0107 podpisu pod \u017cyczeniami<\/li>\n<li>Wybierz kolor koperty (niebieska, zielona, czerwona lub r\u00f3\u017cowa)<\/li>\n<\/ul>\n<p><img loading=\"lazy\" decoding=\"async\" class=\"size-medium wp-image-6686 alignnone\" src=\"https:\/\/www.drewnianamagia.pl\/wp-content\/uploads\/2025\/04\/personalizacja-pamiatka-komunia-kartka-300x300.png\" alt=\"Pami\u0105tka Pierwszej Komunii \u015awi\u0119tej - kartka z \u017cyczeniami i kopert\u0105 - personalizacja\" width=\"300\" height=\"300\" srcset=\"https:\/\/www.drewnianamagia.pl\/wp-content\/uploads\/2025\/04\/personalizacja-pamiatka-komunia-kartka-300x300.png 300w, https:\/\/www.drewnianamagia.pl\/wp-content\/uploads\/2025\/04\/personalizacja-pamiatka-komunia-kartka-324x324.png 324w, https:\/\/www.drewnianamagia.pl\/wp-content\/uploads\/2025\/04\/personalizacja-pamiatka-komunia-kartka-100x100.png 100w, https:\/\/www.drewnianamagia.pl\/wp-content\/uploads\/2025\/04\/personalizacja-pamiatka-komunia-kartka-416x416.png 416w, https:\/\/www.drewnianamagia.pl\/wp-content\/uploads\/2025\/04\/personalizacja-pamiatka-komunia-kartka-1024x1024.png 1024w, https:\/\/www.drewnianamagia.pl\/wp-content\/uploads\/2025\/04\/personalizacja-pamiatka-komunia-kartka-150x150.png 150w, https:\/\/www.drewnianamagia.pl\/wp-content\/uploads\/2025\/04\/personalizacja-pamiatka-komunia-kartka-768x768.png 768w, https:\/\/www.drewnianamagia.pl\/wp-content\/uploads\/2025\/04\/personalizacja-pamiatka-komunia-kartka-1536x1536.png 1536w, https:\/\/www.drewnianamagia.pl\/wp-content\/uploads\/2025\/04\/personalizacja-pamiatka-komunia-kartka.png 2000w\" sizes=\"auto, (max-width: 300px) 100vw, 300px\" \/><\/p>\n<hr \/>\n<p><span style=\"color: #ff0000;\"><strong>SPECYFIKACJA:<\/strong><\/span><\/p>\n<ul>\n<li>Materia\u0142: wysokiej jako\u015bci sklejka drewniana o grubo\u015bci ok. 3mm (produkt z\u0142o\u017cony z przymocowan\u0105 kopert\u0105 ma oko\u0142o 7mm grubo\u015bci)<\/li>\n<li>Produkt r\u0119cznie szlifowany<\/li>\n<li>Szeroko\u015b\u0107: 14 cm<\/li>\n<li>Wysoko\u015b\u0107: 17 cm<\/li>\n<li>Grawer laserowy &#8211; trwa\u0142y i nie\u015bcieralny<\/li>\n<li>Produkt posiada ju\u017c przyklejon\u0105 kopert\u0119 wewn\u0105trz (koperta w wybranym kolorze formatu C6)<\/li>\n<li>W zestawie sznurek jutowy do zawi\u0105zania kartki (otw\u00f3r o szeroko\u015bci 2cm pozwala we w\u0142asnym zakresie zmieni\u0107 do\u0142\u0105czony sznurek na wst\u0105\u017ck\u0119)<\/li>\n<\/ul>\n<hr \/>\n<p><span style=\"color: #ff0000;\"><strong>POZOSTA\u0141E INFORMACJE:<\/strong><\/span><\/p>\n<p>Kolory mog\u0105 si\u0119 nieznacznie r\u00f3\u017cni\u0107 od tych widocznych na ekranie &#8211; wynika to z ustawie\u0144 konkretnego ekranu a tak\u017ce ze specyfikacji materia\u0142u z kt\u00f3rego produkt zostanie wykonany. Drewno to naturalny surowiec i r\u00f3\u017cni si\u0119 struktur\u0105, barw\u0105 czy u\u0142o\u017ceniem s\u0142oj\u00f3w.<\/p>\n","protected":false},"excerpt":{"rendered":"<p>Pami\u0105tka I Komunii \u015aw. Kartka z \u017cyczeniami dla Ch\u0142opca Wyj\u0105tkowa, personalizowana drewniana kartka z \u017cyczeniami z kopert\u0105 w wybranym kolorze \u2013 doskona\u0142y prezent z okazji I Komunii \u015awi\u0119tej! Szukasz wyj\u0105tkowego sposobu na przekazanie \u017cycze\u0144 z okazji I Komunii \u015awi\u0119tej? Nasza drewniana kartka z \u017cyczeniami to perfekcyjna propozycja! Wykonana z wysokiej jako\u015bci sklejki drewnianej, z trwa\u0142ym [&hellip;]<\/p>\n","protected":false},"featured_media":6688,"comment_status":"open","ping_status":"closed","template":"","meta":{"_acf_changed":false},"product_brand":[180],"product_cat":[97,147],"product_tag":[113,54],"class_list":{"0":"post-6724","1":"product","2":"type-product","3":"status-publish","4":"has-post-thumbnail","6":"product_brand-drewniana-magia","7":"product_cat-chrzest-komunia","8":"product_cat-kartki-okolicznosciowe","9":"product_tag-komunia","10":"product_tag-personalizacja","12":"first","13":"instock","14":"taxable","15":"shipping-taxable","16":"purchasable","17":"product-type-simple"},"acf":[],"yoast_head":"<!-- This site is optimized with the Yoast SEO plugin v27.5 - https:\/\/yoast.com\/product\/yoast-seo-wordpress\/ -->\n<title>Kartka z \u017cyczeniami - I Komunia \u015awi\u0119ta dla Ch\u0142opca - Drewniana Magia<\/title>\n<meta name=\"description\" content=\"Drewniana kartka - I Komunia \u015awi\u0119ta. Personalizowany grawer laserowy, Przymocowana koperta. Trwa\u0142y zamiennik zwyk\u0142ej papierowej kartki.\" \/>\n<meta name=\"robots\" content=\"index, follow, max-snippet:-1, max-image-preview:large, max-video-preview:-1\" \/>\n<link rel=\"canonical\" href=\"https:\/\/www.drewnianamagia.pl\/index.php\/produkt\/kartka-z-zyczeniami-i-komunia-swieta-dla-chlopca\/\" \/>\n<meta property=\"og:locale\" content=\"pl_PL\" \/>\n<meta property=\"og:type\" content=\"article\" \/>\n<meta property=\"og:title\" content=\"Kartka z \u017cyczeniami - I Komunia \u015awi\u0119ta dla Ch\u0142opca - Drewniana Magia\" \/>\n<meta property=\"og:description\" content=\"Drewniana kartka - I Komunia \u015awi\u0119ta. Personalizowany grawer laserowy, Przymocowana koperta. Trwa\u0142y zamiennik zwyk\u0142ej papierowej kartki.\" \/>\n<meta property=\"og:url\" content=\"https:\/\/www.drewnianamagia.pl\/index.php\/produkt\/kartka-z-zyczeniami-i-komunia-swieta-dla-chlopca\/\" \/>\n<meta property=\"og:site_name\" content=\"Drewniana Magia\" \/>\n<meta property=\"article:publisher\" content=\"https:\/\/facebook.com\/BelasDrewnianaMagia\" \/>\n<meta property=\"article:modified_time\" content=\"2025-06-11T09:25:08+00:00\" \/>\n<meta property=\"og:image\" content=\"https:\/\/www.drewnianamagia.pl\/wp-content\/uploads\/2025\/04\/kartka-glowna-2-chlopiec-1024x1024.jpg\" \/>\n\t<meta property=\"og:image:width\" content=\"1024\" \/>\n\t<meta property=\"og:image:height\" content=\"1024\" \/>\n\t<meta property=\"og:image:type\" content=\"image\/jpeg\" \/>\n<meta name=\"twitter:card\" content=\"summary_large_image\" \/>\n<meta name=\"twitter:label1\" content=\"Szacowany czas czytania\" \/>\n\t<meta name=\"twitter:data1\" content=\"3 minuty\" \/>\n<script type=\"application\/ld+json\" class=\"yoast-schema-graph\">{\"@context\":\"https:\\\/\\\/schema.org\",\"@graph\":[{\"@type\":\"WebPage\",\"@id\":\"https:\\\/\\\/www.drewnianamagia.pl\\\/index.php\\\/produkt\\\/kartka-z-zyczeniami-i-komunia-swieta-dla-chlopca\\\/\",\"url\":\"https:\\\/\\\/www.drewnianamagia.pl\\\/index.php\\\/produkt\\\/kartka-z-zyczeniami-i-komunia-swieta-dla-chlopca\\\/\",\"name\":\"Kartka z \u017cyczeniami - I Komunia \u015awi\u0119ta dla Ch\u0142opca - Drewniana Magia\",\"isPartOf\":{\"@id\":\"https:\\\/\\\/www.drewnianamagia.pl\\\/#website\"},\"primaryImageOfPage\":{\"@id\":\"https:\\\/\\\/www.drewnianamagia.pl\\\/index.php\\\/produkt\\\/kartka-z-zyczeniami-i-komunia-swieta-dla-chlopca\\\/#primaryimage\"},\"image\":{\"@id\":\"https:\\\/\\\/www.drewnianamagia.pl\\\/index.php\\\/produkt\\\/kartka-z-zyczeniami-i-komunia-swieta-dla-chlopca\\\/#primaryimage\"},\"thumbnailUrl\":\"https:\\\/\\\/www.drewnianamagia.pl\\\/wp-content\\\/uploads\\\/2025\\\/04\\\/kartka-glowna-2-chlopiec.jpg\",\"datePublished\":\"2025-04-24T12:07:20+00:00\",\"dateModified\":\"2025-06-11T09:25:08+00:00\",\"description\":\"Drewniana kartka - I Komunia \u015awi\u0119ta. Personalizowany grawer laserowy, Przymocowana koperta. Trwa\u0142y zamiennik zwyk\u0142ej papierowej kartki.\",\"breadcrumb\":{\"@id\":\"https:\\\/\\\/www.drewnianamagia.pl\\\/index.php\\\/produkt\\\/kartka-z-zyczeniami-i-komunia-swieta-dla-chlopca\\\/#breadcrumb\"},\"inLanguage\":\"pl-PL\",\"potentialAction\":[{\"@type\":\"ReadAction\",\"target\":[\"https:\\\/\\\/www.drewnianamagia.pl\\\/index.php\\\/produkt\\\/kartka-z-zyczeniami-i-komunia-swieta-dla-chlopca\\\/\"]}]},{\"@type\":\"ImageObject\",\"inLanguage\":\"pl-PL\",\"@id\":\"https:\\\/\\\/www.drewnianamagia.pl\\\/index.php\\\/produkt\\\/kartka-z-zyczeniami-i-komunia-swieta-dla-chlopca\\\/#primaryimage\",\"url\":\"https:\\\/\\\/www.drewnianamagia.pl\\\/wp-content\\\/uploads\\\/2025\\\/04\\\/kartka-glowna-2-chlopiec.jpg\",\"contentUrl\":\"https:\\\/\\\/www.drewnianamagia.pl\\\/wp-content\\\/uploads\\\/2025\\\/04\\\/kartka-glowna-2-chlopiec.jpg\",\"width\":2500,\"height\":2500,\"caption\":\"Pami\u0105tka Pierwszej Komunii \u015awi\u0119tej - kartka z \u017cyczeniami i kopert\u0105\"},{\"@type\":\"BreadcrumbList\",\"@id\":\"https:\\\/\\\/www.drewnianamagia.pl\\\/index.php\\\/produkt\\\/kartka-z-zyczeniami-i-komunia-swieta-dla-chlopca\\\/#breadcrumb\",\"itemListElement\":[{\"@type\":\"ListItem\",\"position\":1,\"name\":\"Strona g\u0142\u00f3wna\",\"item\":\"https:\\\/\\\/www.drewnianamagia.pl\\\/\"},{\"@type\":\"ListItem\",\"position\":2,\"name\":\"Sklep\",\"item\":\"https:\\\/\\\/www.drewnianamagia.pl\\\/index.php\\\/sklep-internetowy-drewnianamagia\\\/\"},{\"@type\":\"ListItem\",\"position\":3,\"name\":\"Kartka z \u017cyczeniami &#8211; I Komunia \u015awi\u0119ta dla Ch\u0142opca\"}]},{\"@type\":\"WebSite\",\"@id\":\"https:\\\/\\\/www.drewnianamagia.pl\\\/#website\",\"url\":\"https:\\\/\\\/www.drewnianamagia.pl\\\/\",\"name\":\"Drewniana Magia\",\"description\":\"Personalizowane prezenty i dekoracje z drewna i druku 3D, na ka\u017cd\u0105 okazj\u0119 i okoliczno\u015b\u0107. Urodziny, Chrzest, Przyj\u0119cie, \u015awi\u0119ta, \u015alub\",\"publisher\":{\"@id\":\"https:\\\/\\\/www.drewnianamagia.pl\\\/#organization\"},\"potentialAction\":[{\"@type\":\"SearchAction\",\"target\":{\"@type\":\"EntryPoint\",\"urlTemplate\":\"https:\\\/\\\/www.drewnianamagia.pl\\\/?s={search_term_string}\"},\"query-input\":{\"@type\":\"PropertyValueSpecification\",\"valueRequired\":true,\"valueName\":\"search_term_string\"}}],\"inLanguage\":\"pl-PL\"},{\"@type\":\"Organization\",\"@id\":\"https:\\\/\\\/www.drewnianamagia.pl\\\/#organization\",\"name\":\"Drewniana Magia\",\"url\":\"https:\\\/\\\/www.drewnianamagia.pl\\\/\",\"logo\":{\"@type\":\"ImageObject\",\"inLanguage\":\"pl-PL\",\"@id\":\"https:\\\/\\\/www.drewnianamagia.pl\\\/#\\\/schema\\\/logo\\\/image\\\/\",\"url\":\"https:\\\/\\\/www.drewnianamagia.pl\\\/wp-content\\\/uploads\\\/2024\\\/02\\\/cropped-LOGO-DrewnianaMagia-375x188-1.png\",\"contentUrl\":\"https:\\\/\\\/www.drewnianamagia.pl\\\/wp-content\\\/uploads\\\/2024\\\/02\\\/cropped-LOGO-DrewnianaMagia-375x188-1.png\",\"width\":374,\"height\":188,\"caption\":\"Drewniana Magia\"},\"image\":{\"@id\":\"https:\\\/\\\/www.drewnianamagia.pl\\\/#\\\/schema\\\/logo\\\/image\\\/\"},\"sameAs\":[\"https:\\\/\\\/facebook.com\\\/BelasDrewnianaMagia\"]}]}<\/script>\n<!-- \/ Yoast SEO plugin. -->","yoast_head_json":{"title":"Kartka z \u017cyczeniami - I Komunia \u015awi\u0119ta dla Ch\u0142opca - Drewniana Magia","description":"Drewniana kartka - I Komunia \u015awi\u0119ta. Personalizowany grawer laserowy, Przymocowana koperta. Trwa\u0142y zamiennik zwyk\u0142ej papierowej kartki.","robots":{"index":"index","follow":"follow","max-snippet":"max-snippet:-1","max-image-preview":"max-image-preview:large","max-video-preview":"max-video-preview:-1"},"canonical":"https:\/\/www.drewnianamagia.pl\/index.php\/produkt\/kartka-z-zyczeniami-i-komunia-swieta-dla-chlopca\/","og_locale":"pl_PL","og_type":"article","og_title":"Kartka z \u017cyczeniami - I Komunia \u015awi\u0119ta dla Ch\u0142opca - Drewniana Magia","og_description":"Drewniana kartka - I Komunia \u015awi\u0119ta. Personalizowany grawer laserowy, Przymocowana koperta. Trwa\u0142y zamiennik zwyk\u0142ej papierowej kartki.","og_url":"https:\/\/www.drewnianamagia.pl\/index.php\/produkt\/kartka-z-zyczeniami-i-komunia-swieta-dla-chlopca\/","og_site_name":"Drewniana Magia","article_publisher":"https:\/\/facebook.com\/BelasDrewnianaMagia","article_modified_time":"2025-06-11T09:25:08+00:00","og_image":[{"width":1024,"height":1024,"url":"https:\/\/www.drewnianamagia.pl\/wp-content\/uploads\/2025\/04\/kartka-glowna-2-chlopiec-1024x1024.jpg","type":"image\/jpeg"}],"twitter_card":"summary_large_image","twitter_misc":{"Szacowany czas czytania":"3 minuty"},"schema":{"@context":"https:\/\/schema.org","@graph":[{"@type":"WebPage","@id":"https:\/\/www.drewnianamagia.pl\/index.php\/produkt\/kartka-z-zyczeniami-i-komunia-swieta-dla-chlopca\/","url":"https:\/\/www.drewnianamagia.pl\/index.php\/produkt\/kartka-z-zyczeniami-i-komunia-swieta-dla-chlopca\/","name":"Kartka z \u017cyczeniami - I Komunia \u015awi\u0119ta dla Ch\u0142opca - Drewniana Magia","isPartOf":{"@id":"https:\/\/www.drewnianamagia.pl\/#website"},"primaryImageOfPage":{"@id":"https:\/\/www.drewnianamagia.pl\/index.php\/produkt\/kartka-z-zyczeniami-i-komunia-swieta-dla-chlopca\/#primaryimage"},"image":{"@id":"https:\/\/www.drewnianamagia.pl\/index.php\/produkt\/kartka-z-zyczeniami-i-komunia-swieta-dla-chlopca\/#primaryimage"},"thumbnailUrl":"https:\/\/www.drewnianamagia.pl\/wp-content\/uploads\/2025\/04\/kartka-glowna-2-chlopiec.jpg","datePublished":"2025-04-24T12:07:20+00:00","dateModified":"2025-06-11T09:25:08+00:00","description":"Drewniana kartka - I Komunia \u015awi\u0119ta. Personalizowany grawer laserowy, Przymocowana koperta. Trwa\u0142y zamiennik zwyk\u0142ej papierowej kartki.","breadcrumb":{"@id":"https:\/\/www.drewnianamagia.pl\/index.php\/produkt\/kartka-z-zyczeniami-i-komunia-swieta-dla-chlopca\/#breadcrumb"},"inLanguage":"pl-PL","potentialAction":[{"@type":"ReadAction","target":["https:\/\/www.drewnianamagia.pl\/index.php\/produkt\/kartka-z-zyczeniami-i-komunia-swieta-dla-chlopca\/"]}]},{"@type":"ImageObject","inLanguage":"pl-PL","@id":"https:\/\/www.drewnianamagia.pl\/index.php\/produkt\/kartka-z-zyczeniami-i-komunia-swieta-dla-chlopca\/#primaryimage","url":"https:\/\/www.drewnianamagia.pl\/wp-content\/uploads\/2025\/04\/kartka-glowna-2-chlopiec.jpg","contentUrl":"https:\/\/www.drewnianamagia.pl\/wp-content\/uploads\/2025\/04\/kartka-glowna-2-chlopiec.jpg","width":2500,"height":2500,"caption":"Pami\u0105tka Pierwszej Komunii \u015awi\u0119tej - kartka z \u017cyczeniami i kopert\u0105"},{"@type":"BreadcrumbList","@id":"https:\/\/www.drewnianamagia.pl\/index.php\/produkt\/kartka-z-zyczeniami-i-komunia-swieta-dla-chlopca\/#breadcrumb","itemListElement":[{"@type":"ListItem","position":1,"name":"Strona g\u0142\u00f3wna","item":"https:\/\/www.drewnianamagia.pl\/"},{"@type":"ListItem","position":2,"name":"Sklep","item":"https:\/\/www.drewnianamagia.pl\/index.php\/sklep-internetowy-drewnianamagia\/"},{"@type":"ListItem","position":3,"name":"Kartka z \u017cyczeniami &#8211; I Komunia \u015awi\u0119ta dla Ch\u0142opca"}]},{"@type":"WebSite","@id":"https:\/\/www.drewnianamagia.pl\/#website","url":"https:\/\/www.drewnianamagia.pl\/","name":"Drewniana Magia","description":"Personalizowane prezenty i dekoracje z drewna i druku 3D, na ka\u017cd\u0105 okazj\u0119 i okoliczno\u015b\u0107. Urodziny, Chrzest, Przyj\u0119cie, \u015awi\u0119ta, \u015alub","publisher":{"@id":"https:\/\/www.drewnianamagia.pl\/#organization"},"potentialAction":[{"@type":"SearchAction","target":{"@type":"EntryPoint","urlTemplate":"https:\/\/www.drewnianamagia.pl\/?s={search_term_string}"},"query-input":{"@type":"PropertyValueSpecification","valueRequired":true,"valueName":"search_term_string"}}],"inLanguage":"pl-PL"},{"@type":"Organization","@id":"https:\/\/www.drewnianamagia.pl\/#organization","name":"Drewniana Magia","url":"https:\/\/www.drewnianamagia.pl\/","logo":{"@type":"ImageObject","inLanguage":"pl-PL","@id":"https:\/\/www.drewnianamagia.pl\/#\/schema\/logo\/image\/","url":"https:\/\/www.drewnianamagia.pl\/wp-content\/uploads\/2024\/02\/cropped-LOGO-DrewnianaMagia-375x188-1.png","contentUrl":"https:\/\/www.drewnianamagia.pl\/wp-content\/uploads\/2024\/02\/cropped-LOGO-DrewnianaMagia-375x188-1.png","width":374,"height":188,"caption":"Drewniana Magia"},"image":{"@id":"https:\/\/www.drewnianamagia.pl\/#\/schema\/logo\/image\/"},"sameAs":["https:\/\/facebook.com\/BelasDrewnianaMagia"]}]}},"_links":{"self":[{"href":"https:\/\/www.drewnianamagia.pl\/index.php\/wp-json\/wp\/v2\/product\/6724","targetHints":{"allow":["GET"]}}],"collection":[{"href":"https:\/\/www.drewnianamagia.pl\/index.php\/wp-json\/wp\/v2\/product"}],"about":[{"href":"https:\/\/www.drewnianamagia.pl\/index.php\/wp-json\/wp\/v2\/types\/product"}],"replies":[{"embeddable":true,"href":"https:\/\/www.drewnianamagia.pl\/index.php\/wp-json\/wp\/v2\/comments?post=6724"}],"wp:featuredmedia":[{"embeddable":true,"href":"https:\/\/www.drewnianamagia.pl\/index.php\/wp-json\/wp\/v2\/media\/6688"}],"wp:attachment":[{"href":"https:\/\/www.drewnianamagia.pl\/index.php\/wp-json\/wp\/v2\/media?parent=6724"}],"wp:term":[{"taxonomy":"product_brand","embeddable":true,"href":"https:\/\/www.drewnianamagia.pl\/index.php\/wp-json\/wp\/v2\/product_brand?post=6724"},{"taxonomy":"product_cat","embeddable":true,"href":"https:\/\/www.drewnianamagia.pl\/index.php\/wp-json\/wp\/v2\/product_cat?post=6724"},{"taxonomy":"product_tag","embeddable":true,"href":"https:\/\/www.drewnianamagia.pl\/index.php\/wp-json\/wp\/v2\/product_tag?post=6724"}],"curies":[{"name":"wp","href":"https:\/\/api.w.org\/{rel}","templated":true}]}}