{"id":6586,"date":"2025-04-17T10:29:18","date_gmt":"2025-04-17T08:29:18","guid":{"rendered":"https:\/\/www.drewnianamagia.pl\/?post_type=product&#038;p=6586"},"modified":"2025-04-17T10:56:47","modified_gmt":"2025-04-17T08:56:47","slug":"topper-chrzest-swiety-z-imieniem","status":"publish","type":"product","link":"https:\/\/www.drewnianamagia.pl\/index.php\/produkt\/topper-chrzest-swiety-z-imieniem\/","title":{"rendered":"Topper Chrzest \u015awi\u0119ty z imieniem"},"content":{"rendered":"<h1 style=\"text-align: center;\"><strong>Topper Chrzest \u015awi\u0119ty z imieniem<\/strong><\/h1>\n<p>Topper z wyci\u0119tym napisem &#8222;Chrzest \u015awi\u0119ty&#8221; oraz dowolnym imieniem umieszczonymi w okr\u0119gu. Idealny do uzupe\u0142nienia dekoracji w tym wa\u017cnym dniu. Produkt wyst\u0119puje w wariantach o \u015brednicy okr\u0119gu od 12 do 18 cm.<\/p>\n<hr \/>\n<p><span style=\"color: #ff0000;\"><strong>PERSONALIZACJA:<\/strong><\/span><\/p>\n<p>W opisie personalizacji podaj odmienione imi\u0119 jakie ma znale\u017a\u0107 si\u0119 pod napisem Chrzest \u015awi\u0119ty (dok\u0142adnie tak jak ma by\u0107 wyci\u0119te). Np. &#8222;Elizy&#8221;.<\/p>\n<p>&nbsp;<\/p>\n<hr \/>\n<p><span style=\"color: #ff0000;\"><strong>SPECYFIKACJA:<\/strong><\/span><\/p>\n<ul>\n<li>Materia\u0142: wysokiej jako\u015bci sklejka drewniana o grubo\u015bci ok. 3mm<\/li>\n<li>Produkt r\u0119cznie szlifowany<\/li>\n<li>Szeroko\u015b\u0107: od 12 do 18 cm<\/li>\n<li>Wysoko\u015b\u0107 zale\u017cna od szeroko\u015bci (\u015brednicy okr\u0119gu):\n<ul>\n<li>szeroko\u015b\u0107 12 cm =\u00a0 wysoko\u015b\u0107 19 cm<\/li>\n<li>szeroko\u015b\u0107 13 cm = wysoko\u015b\u0107 21 cm<\/li>\n<li>szeroko\u015b\u0107 14 cm = wysoko\u015b\u0107 22,5 cm<\/li>\n<li>szeroko\u015b\u0107 15 cm = wysoko\u015b\u0107 24 cm<\/li>\n<li>szeroko\u015b\u0107 16 cm = wysoko\u015b\u0107 26 cm<\/li>\n<li>szeroko\u015b\u0107 17 cm = wysoko\u015b\u0107 27,5 cm<\/li>\n<li>szeroko\u015b\u0107 18 cm = wysoko\u015b\u0107 29 cm<\/li>\n<\/ul>\n<\/li>\n<\/ul>\n<hr \/>\n<p><span style=\"color: #ff0000;\"><strong>POZOSTA\u0141E INFORMACJE:<\/strong><\/span><\/p>\n<p>Zdj\u0119cie g\u0142\u00f3wne produktu jest komputerow\u0105 wizualizacj\u0105 gotowego produktu. Kolory mog\u0105 si\u0119 nieznacznie r\u00f3\u017cni\u0107 od tych widocznych na ekranie &#8211; wynika to z ustawie\u0144 konkretnego ekranu a tak\u017ce ze specyfikacji materia\u0142u z kt\u00f3rego produkt zostanie wykonany. Drewno to naturalny surowiec i r\u00f3\u017cni si\u0119 struktur\u0105, barw\u0105 czy u\u0142o\u017ceniem s\u0142oj\u00f3w.<\/p>\n","protected":false},"excerpt":{"rendered":"<p>Topper Chrzest \u015awi\u0119ty z imieniem Topper z wyci\u0119tym napisem &#8222;Chrzest \u015awi\u0119ty&#8221; oraz dowolnym imieniem umieszczonymi w okr\u0119gu. Idealny do uzupe\u0142nienia dekoracji w tym wa\u017cnym dniu. Produkt wyst\u0119puje w wariantach o \u015brednicy okr\u0119gu od 12 do 18 cm. PERSONALIZACJA: W opisie personalizacji podaj odmienione imi\u0119 jakie ma znale\u017a\u0107 si\u0119 pod napisem Chrzest \u015awi\u0119ty (dok\u0142adnie tak jak [&hellip;]<\/p>\n","protected":false},"featured_media":6585,"comment_status":"open","ping_status":"closed","template":"","meta":{"_acf_changed":false},"product_brand":[180],"product_cat":[97,149],"product_tag":[54],"class_list":{"0":"post-6586","1":"product","2":"type-product","3":"status-publish","4":"has-post-thumbnail","6":"product_brand-drewniana-magia","7":"product_cat-chrzest-komunia","8":"product_cat-toppery","9":"product_tag-personalizacja","11":"first","12":"instock","13":"taxable","14":"shipping-taxable","15":"purchasable","16":"product-type-variable"},"acf":[],"yoast_head":"<!-- This site is optimized with the Yoast SEO plugin v27.5 - https:\/\/yoast.com\/product\/yoast-seo-wordpress\/ -->\n<title>Topper Chrzest \u015awi\u0119ty z imieniem - Drewniana Magia<\/title>\n<meta name=\"description\" content=\"Topper Chrzest \u015awi\u0119ty z personalizowanym imieniem. dost\u0119pne rozmiary szeroko\u015bci od 12 do 18 cm. Wykonany z wysokiej jako\u015bci sklejki, r\u0119cznie szlifowany.\" \/>\n<meta name=\"robots\" content=\"index, follow, max-snippet:-1, max-image-preview:large, max-video-preview:-1\" \/>\n<link rel=\"canonical\" href=\"https:\/\/www.drewnianamagia.pl\/index.php\/produkt\/topper-chrzest-swiety-z-imieniem\/\" \/>\n<meta property=\"og:locale\" content=\"pl_PL\" \/>\n<meta property=\"og:type\" content=\"article\" \/>\n<meta property=\"og:title\" content=\"Topper Chrzest \u015awi\u0119ty z imieniem - Drewniana Magia\" \/>\n<meta property=\"og:description\" content=\"Topper Chrzest \u015awi\u0119ty z personalizowanym imieniem. dost\u0119pne rozmiary szeroko\u015bci od 12 do 18 cm. Wykonany z wysokiej jako\u015bci sklejki, r\u0119cznie szlifowany.\" \/>\n<meta property=\"og:url\" content=\"https:\/\/www.drewnianamagia.pl\/index.php\/produkt\/topper-chrzest-swiety-z-imieniem\/\" \/>\n<meta property=\"og:site_name\" content=\"Drewniana Magia\" \/>\n<meta property=\"article:publisher\" content=\"https:\/\/facebook.com\/BelasDrewnianaMagia\" \/>\n<meta property=\"article:modified_time\" content=\"2025-04-17T08:56:47+00:00\" \/>\n<meta property=\"og:image\" content=\"https:\/\/www.drewnianamagia.pl\/wp-content\/uploads\/2025\/04\/topper-chrzest-swiety-imie.jpg\" \/>\n\t<meta property=\"og:image:width\" content=\"2067\" \/>\n\t<meta property=\"og:image:height\" content=\"2067\" \/>\n\t<meta property=\"og:image:type\" content=\"image\/jpeg\" \/>\n<meta name=\"twitter:card\" content=\"summary_large_image\" \/>\n<meta name=\"twitter:label1\" content=\"Szacowany czas czytania\" \/>\n\t<meta name=\"twitter:data1\" content=\"2 minuty\" \/>\n<script type=\"application\/ld+json\" class=\"yoast-schema-graph\">{\"@context\":\"https:\\\/\\\/schema.org\",\"@graph\":[{\"@type\":\"WebPage\",\"@id\":\"https:\\\/\\\/www.drewnianamagia.pl\\\/index.php\\\/produkt\\\/topper-chrzest-swiety-z-imieniem\\\/\",\"url\":\"https:\\\/\\\/www.drewnianamagia.pl\\\/index.php\\\/produkt\\\/topper-chrzest-swiety-z-imieniem\\\/\",\"name\":\"Topper Chrzest \u015awi\u0119ty z imieniem - Drewniana Magia\",\"isPartOf\":{\"@id\":\"https:\\\/\\\/www.drewnianamagia.pl\\\/#website\"},\"primaryImageOfPage\":{\"@id\":\"https:\\\/\\\/www.drewnianamagia.pl\\\/index.php\\\/produkt\\\/topper-chrzest-swiety-z-imieniem\\\/#primaryimage\"},\"image\":{\"@id\":\"https:\\\/\\\/www.drewnianamagia.pl\\\/index.php\\\/produkt\\\/topper-chrzest-swiety-z-imieniem\\\/#primaryimage\"},\"thumbnailUrl\":\"https:\\\/\\\/www.drewnianamagia.pl\\\/wp-content\\\/uploads\\\/2025\\\/04\\\/topper-chrzest-swiety-imie.jpg\",\"datePublished\":\"2025-04-17T08:29:18+00:00\",\"dateModified\":\"2025-04-17T08:56:47+00:00\",\"description\":\"Topper Chrzest \u015awi\u0119ty z personalizowanym imieniem. dost\u0119pne rozmiary szeroko\u015bci od 12 do 18 cm. Wykonany z wysokiej jako\u015bci sklejki, r\u0119cznie szlifowany.\",\"breadcrumb\":{\"@id\":\"https:\\\/\\\/www.drewnianamagia.pl\\\/index.php\\\/produkt\\\/topper-chrzest-swiety-z-imieniem\\\/#breadcrumb\"},\"inLanguage\":\"pl-PL\",\"potentialAction\":[{\"@type\":\"ReadAction\",\"target\":[\"https:\\\/\\\/www.drewnianamagia.pl\\\/index.php\\\/produkt\\\/topper-chrzest-swiety-z-imieniem\\\/\"]}]},{\"@type\":\"ImageObject\",\"inLanguage\":\"pl-PL\",\"@id\":\"https:\\\/\\\/www.drewnianamagia.pl\\\/index.php\\\/produkt\\\/topper-chrzest-swiety-z-imieniem\\\/#primaryimage\",\"url\":\"https:\\\/\\\/www.drewnianamagia.pl\\\/wp-content\\\/uploads\\\/2025\\\/04\\\/topper-chrzest-swiety-imie.jpg\",\"contentUrl\":\"https:\\\/\\\/www.drewnianamagia.pl\\\/wp-content\\\/uploads\\\/2025\\\/04\\\/topper-chrzest-swiety-imie.jpg\",\"width\":2067,\"height\":2067,\"caption\":\"topper Chrzest \u015awi\u0119ty z personalizowanym imieniem\"},{\"@type\":\"BreadcrumbList\",\"@id\":\"https:\\\/\\\/www.drewnianamagia.pl\\\/index.php\\\/produkt\\\/topper-chrzest-swiety-z-imieniem\\\/#breadcrumb\",\"itemListElement\":[{\"@type\":\"ListItem\",\"position\":1,\"name\":\"Strona g\u0142\u00f3wna\",\"item\":\"https:\\\/\\\/www.drewnianamagia.pl\\\/\"},{\"@type\":\"ListItem\",\"position\":2,\"name\":\"Sklep\",\"item\":\"https:\\\/\\\/www.drewnianamagia.pl\\\/index.php\\\/sklep-internetowy-drewnianamagia\\\/\"},{\"@type\":\"ListItem\",\"position\":3,\"name\":\"Topper Chrzest \u015awi\u0119ty z imieniem\"}]},{\"@type\":\"WebSite\",\"@id\":\"https:\\\/\\\/www.drewnianamagia.pl\\\/#website\",\"url\":\"https:\\\/\\\/www.drewnianamagia.pl\\\/\",\"name\":\"Drewniana Magia\",\"description\":\"Personalizowane prezenty i dekoracje z drewna i druku 3D, na ka\u017cd\u0105 okazj\u0119 i okoliczno\u015b\u0107. Urodziny, Chrzest, Przyj\u0119cie, \u015awi\u0119ta, \u015alub\",\"publisher\":{\"@id\":\"https:\\\/\\\/www.drewnianamagia.pl\\\/#organization\"},\"potentialAction\":[{\"@type\":\"SearchAction\",\"target\":{\"@type\":\"EntryPoint\",\"urlTemplate\":\"https:\\\/\\\/www.drewnianamagia.pl\\\/?s={search_term_string}\"},\"query-input\":{\"@type\":\"PropertyValueSpecification\",\"valueRequired\":true,\"valueName\":\"search_term_string\"}}],\"inLanguage\":\"pl-PL\"},{\"@type\":\"Organization\",\"@id\":\"https:\\\/\\\/www.drewnianamagia.pl\\\/#organization\",\"name\":\"Drewniana Magia\",\"url\":\"https:\\\/\\\/www.drewnianamagia.pl\\\/\",\"logo\":{\"@type\":\"ImageObject\",\"inLanguage\":\"pl-PL\",\"@id\":\"https:\\\/\\\/www.drewnianamagia.pl\\\/#\\\/schema\\\/logo\\\/image\\\/\",\"url\":\"https:\\\/\\\/www.drewnianamagia.pl\\\/wp-content\\\/uploads\\\/2024\\\/02\\\/cropped-LOGO-DrewnianaMagia-375x188-1.png\",\"contentUrl\":\"https:\\\/\\\/www.drewnianamagia.pl\\\/wp-content\\\/uploads\\\/2024\\\/02\\\/cropped-LOGO-DrewnianaMagia-375x188-1.png\",\"width\":374,\"height\":188,\"caption\":\"Drewniana Magia\"},\"image\":{\"@id\":\"https:\\\/\\\/www.drewnianamagia.pl\\\/#\\\/schema\\\/logo\\\/image\\\/\"},\"sameAs\":[\"https:\\\/\\\/facebook.com\\\/BelasDrewnianaMagia\"]}]}<\/script>\n<!-- \/ Yoast SEO plugin. -->","yoast_head_json":{"title":"Topper Chrzest \u015awi\u0119ty z imieniem - Drewniana Magia","description":"Topper Chrzest \u015awi\u0119ty z personalizowanym imieniem. dost\u0119pne rozmiary szeroko\u015bci od 12 do 18 cm. Wykonany z wysokiej jako\u015bci sklejki, r\u0119cznie szlifowany.","robots":{"index":"index","follow":"follow","max-snippet":"max-snippet:-1","max-image-preview":"max-image-preview:large","max-video-preview":"max-video-preview:-1"},"canonical":"https:\/\/www.drewnianamagia.pl\/index.php\/produkt\/topper-chrzest-swiety-z-imieniem\/","og_locale":"pl_PL","og_type":"article","og_title":"Topper Chrzest \u015awi\u0119ty z imieniem - Drewniana Magia","og_description":"Topper Chrzest \u015awi\u0119ty z personalizowanym imieniem. dost\u0119pne rozmiary szeroko\u015bci od 12 do 18 cm. Wykonany z wysokiej jako\u015bci sklejki, r\u0119cznie szlifowany.","og_url":"https:\/\/www.drewnianamagia.pl\/index.php\/produkt\/topper-chrzest-swiety-z-imieniem\/","og_site_name":"Drewniana Magia","article_publisher":"https:\/\/facebook.com\/BelasDrewnianaMagia","article_modified_time":"2025-04-17T08:56:47+00:00","og_image":[{"width":2067,"height":2067,"url":"https:\/\/www.drewnianamagia.pl\/wp-content\/uploads\/2025\/04\/topper-chrzest-swiety-imie.jpg","type":"image\/jpeg"}],"twitter_card":"summary_large_image","twitter_misc":{"Szacowany czas czytania":"2 minuty"},"schema":{"@context":"https:\/\/schema.org","@graph":[{"@type":"WebPage","@id":"https:\/\/www.drewnianamagia.pl\/index.php\/produkt\/topper-chrzest-swiety-z-imieniem\/","url":"https:\/\/www.drewnianamagia.pl\/index.php\/produkt\/topper-chrzest-swiety-z-imieniem\/","name":"Topper Chrzest \u015awi\u0119ty z imieniem - Drewniana Magia","isPartOf":{"@id":"https:\/\/www.drewnianamagia.pl\/#website"},"primaryImageOfPage":{"@id":"https:\/\/www.drewnianamagia.pl\/index.php\/produkt\/topper-chrzest-swiety-z-imieniem\/#primaryimage"},"image":{"@id":"https:\/\/www.drewnianamagia.pl\/index.php\/produkt\/topper-chrzest-swiety-z-imieniem\/#primaryimage"},"thumbnailUrl":"https:\/\/www.drewnianamagia.pl\/wp-content\/uploads\/2025\/04\/topper-chrzest-swiety-imie.jpg","datePublished":"2025-04-17T08:29:18+00:00","dateModified":"2025-04-17T08:56:47+00:00","description":"Topper Chrzest \u015awi\u0119ty z personalizowanym imieniem. dost\u0119pne rozmiary szeroko\u015bci od 12 do 18 cm. Wykonany z wysokiej jako\u015bci sklejki, r\u0119cznie szlifowany.","breadcrumb":{"@id":"https:\/\/www.drewnianamagia.pl\/index.php\/produkt\/topper-chrzest-swiety-z-imieniem\/#breadcrumb"},"inLanguage":"pl-PL","potentialAction":[{"@type":"ReadAction","target":["https:\/\/www.drewnianamagia.pl\/index.php\/produkt\/topper-chrzest-swiety-z-imieniem\/"]}]},{"@type":"ImageObject","inLanguage":"pl-PL","@id":"https:\/\/www.drewnianamagia.pl\/index.php\/produkt\/topper-chrzest-swiety-z-imieniem\/#primaryimage","url":"https:\/\/www.drewnianamagia.pl\/wp-content\/uploads\/2025\/04\/topper-chrzest-swiety-imie.jpg","contentUrl":"https:\/\/www.drewnianamagia.pl\/wp-content\/uploads\/2025\/04\/topper-chrzest-swiety-imie.jpg","width":2067,"height":2067,"caption":"topper Chrzest \u015awi\u0119ty z personalizowanym imieniem"},{"@type":"BreadcrumbList","@id":"https:\/\/www.drewnianamagia.pl\/index.php\/produkt\/topper-chrzest-swiety-z-imieniem\/#breadcrumb","itemListElement":[{"@type":"ListItem","position":1,"name":"Strona g\u0142\u00f3wna","item":"https:\/\/www.drewnianamagia.pl\/"},{"@type":"ListItem","position":2,"name":"Sklep","item":"https:\/\/www.drewnianamagia.pl\/index.php\/sklep-internetowy-drewnianamagia\/"},{"@type":"ListItem","position":3,"name":"Topper Chrzest \u015awi\u0119ty z imieniem"}]},{"@type":"WebSite","@id":"https:\/\/www.drewnianamagia.pl\/#website","url":"https:\/\/www.drewnianamagia.pl\/","name":"Drewniana Magia","description":"Personalizowane prezenty i dekoracje z drewna i druku 3D, na ka\u017cd\u0105 okazj\u0119 i okoliczno\u015b\u0107. Urodziny, Chrzest, Przyj\u0119cie, \u015awi\u0119ta, \u015alub","publisher":{"@id":"https:\/\/www.drewnianamagia.pl\/#organization"},"potentialAction":[{"@type":"SearchAction","target":{"@type":"EntryPoint","urlTemplate":"https:\/\/www.drewnianamagia.pl\/?s={search_term_string}"},"query-input":{"@type":"PropertyValueSpecification","valueRequired":true,"valueName":"search_term_string"}}],"inLanguage":"pl-PL"},{"@type":"Organization","@id":"https:\/\/www.drewnianamagia.pl\/#organization","name":"Drewniana Magia","url":"https:\/\/www.drewnianamagia.pl\/","logo":{"@type":"ImageObject","inLanguage":"pl-PL","@id":"https:\/\/www.drewnianamagia.pl\/#\/schema\/logo\/image\/","url":"https:\/\/www.drewnianamagia.pl\/wp-content\/uploads\/2024\/02\/cropped-LOGO-DrewnianaMagia-375x188-1.png","contentUrl":"https:\/\/www.drewnianamagia.pl\/wp-content\/uploads\/2024\/02\/cropped-LOGO-DrewnianaMagia-375x188-1.png","width":374,"height":188,"caption":"Drewniana Magia"},"image":{"@id":"https:\/\/www.drewnianamagia.pl\/#\/schema\/logo\/image\/"},"sameAs":["https:\/\/facebook.com\/BelasDrewnianaMagia"]}]}},"_links":{"self":[{"href":"https:\/\/www.drewnianamagia.pl\/index.php\/wp-json\/wp\/v2\/product\/6586","targetHints":{"allow":["GET"]}}],"collection":[{"href":"https:\/\/www.drewnianamagia.pl\/index.php\/wp-json\/wp\/v2\/product"}],"about":[{"href":"https:\/\/www.drewnianamagia.pl\/index.php\/wp-json\/wp\/v2\/types\/product"}],"replies":[{"embeddable":true,"href":"https:\/\/www.drewnianamagia.pl\/index.php\/wp-json\/wp\/v2\/comments?post=6586"}],"wp:featuredmedia":[{"embeddable":true,"href":"https:\/\/www.drewnianamagia.pl\/index.php\/wp-json\/wp\/v2\/media\/6585"}],"wp:attachment":[{"href":"https:\/\/www.drewnianamagia.pl\/index.php\/wp-json\/wp\/v2\/media?parent=6586"}],"wp:term":[{"taxonomy":"product_brand","embeddable":true,"href":"https:\/\/www.drewnianamagia.pl\/index.php\/wp-json\/wp\/v2\/product_brand?post=6586"},{"taxonomy":"product_cat","embeddable":true,"href":"https:\/\/www.drewnianamagia.pl\/index.php\/wp-json\/wp\/v2\/product_cat?post=6586"},{"taxonomy":"product_tag","embeddable":true,"href":"https:\/\/www.drewnianamagia.pl\/index.php\/wp-json\/wp\/v2\/product_tag?post=6586"}],"curies":[{"name":"wp","href":"https:\/\/api.w.org\/{rel}","templated":true}]}}