{"id":6569,"date":"2025-04-16T11:05:47","date_gmt":"2025-04-16T09:05:47","guid":{"rendered":"https:\/\/www.drewnianamagia.pl\/?post_type=product&#038;p=6569"},"modified":"2025-09-16T13:47:50","modified_gmt":"2025-09-16T11:47:50","slug":"brelok-pilka-z-imieniem","status":"publish","type":"product","link":"https:\/\/www.drewnianamagia.pl\/index.php\/produkt\/brelok-pilka-z-imieniem\/","title":{"rendered":"Brelok pi\u0142ka z imieniem"},"content":{"rendered":"<h1 style=\"text-align: center;\"><strong>Brelok pi\u0142ka &#8211; personalizowany &#8211; z imieniem<\/strong><\/h1>\n<p>Brelok w kszta\u0142cie pi\u0142ki z personalizowanym dowolnym imieniem o \u015brednicy 7 cm. Idealny dla fana pi\u0142ki no\u017cnej. Przydatny jako identyfikator do baga\u017cu lub plecaka a tak\u017ce jako dodatek do kluczy. W zestawie z zawieszk\u0105.<\/p>\n<hr \/>\n<p><span style=\"color: #ff0000;\"><strong>PERSONALIZACJA:<\/strong><\/span><\/p>\n<p>Podaj imi\u0119 jakie mamy umie\u015bci\u0107 na breloku.<\/p>\n<hr \/>\n<p><span style=\"color: #ff0000;\"><strong>SPECYFIKACJA:<\/strong><\/span><\/p>\n<ul>\n<li>Materia\u0142: PLA.<\/li>\n<li>Personalizowany wydruk 3D.<\/li>\n<li>\u015arednica breloka &#8211; 7 cm.<\/li>\n<li>Grubo\u015b\u0107 &#8211; 3mm.<\/li>\n<li>Wz\u00f3r jednostronny.<\/li>\n<li>W zestawie do\u0142\u0105czona zawieszka do kluczy.<\/li>\n<li>1 szt.<\/li>\n<\/ul>\n<hr \/>\n<p><span style=\"color: #ff0000;\"><strong>POZOSTA\u0141E INFORMACJE:<\/strong><\/span><\/p>\n<p>Dok\u0142adamy wszelkich stara\u0144 aby nasze produkty by\u0142y jak najwy\u017cszej jako\u015bci dlatego do wykonania tego produktu korzystamy z profesjonalnej drukarki 3D.\u00a0Kolory w rzeczywisto\u015bci mog\u0105 nieznacznie si\u0119 r\u00f3\u017cni\u0107 w zale\u017cno\u015bci od ustawienia ekranu. Produkty wykonane w tej technologii mog\u0105 posiada\u0107 niewielkie niedoskona\u0142o\u015bci, kt\u00f3re nie maj\u0105 wp\u0142ywu na funkcjonalno\u015b\u0107. Produkty wykonane z tworzywa PLA nie powinny znajdowa\u0107 si\u0119 w \u015brodowisku o temperaturze przekraczaj\u0105cej 50 st C.<\/p>\n","protected":false},"excerpt":{"rendered":"<p>Brelok pi\u0142ka &#8211; personalizowany &#8211; z imieniem Brelok w kszta\u0142cie pi\u0142ki z personalizowanym dowolnym imieniem o \u015brednicy 7 cm. Idealny dla fana pi\u0142ki no\u017cnej. Przydatny jako identyfikator do baga\u017cu lub plecaka a tak\u017ce jako dodatek do kluczy. W zestawie z zawieszk\u0105. PERSONALIZACJA: Podaj imi\u0119 jakie mamy umie\u015bci\u0107 na breloku. SPECYFIKACJA: Materia\u0142: PLA. Personalizowany wydruk 3D. [&hellip;]<\/p>\n","protected":false},"featured_media":6566,"comment_status":"open","ping_status":"closed","template":"","meta":{"_acf_changed":false},"product_brand":[180],"product_cat":[32,170,109,101,100,92,96],"product_tag":[186,54,203,55],"class_list":{"0":"post-6569","1":"product","2":"type-product","3":"status-publish","4":"has-post-thumbnail","6":"product_brand-drewniana-magia","7":"product_cat-breloki","8":"product_cat-druk-3d","9":"product_cat-dzien-chlopaka","10":"product_cat-dzien-dziecka","11":"product_cat-dzien-matki-dzien-ojca","12":"product_cat-gadzety","13":"product_cat-urodziny-imieniny","14":"product_tag-breloki","15":"product_tag-personalizacja","16":"product_tag-pnp","17":"product_tag-prezent","19":"first","20":"outofstock","21":"taxable","22":"shipping-taxable","23":"purchasable","24":"product-type-simple"},"acf":[],"yoast_head":"<!-- This site is optimized with the Yoast SEO plugin v27.3 - https:\/\/yoast.com\/product\/yoast-seo-wordpress\/ -->\n<title>Brelok pi\u0142ka z imieniem - Drewniana Magia<\/title>\n<meta name=\"description\" content=\"Brelok o wzorze pi\u0142ki no\u017cnej. Personalizowany dowolnym imieniem. Wykonany w technologii druku 3D z tworzywa PLA. Idealny dla fana pi\u0142ki noznej.\" \/>\n<meta name=\"robots\" content=\"index, follow, max-snippet:-1, max-image-preview:large, max-video-preview:-1\" \/>\n<link rel=\"canonical\" href=\"https:\/\/www.drewnianamagia.pl\/index.php\/produkt\/brelok-pilka-z-imieniem\/\" \/>\n<meta property=\"og:locale\" content=\"pl_PL\" \/>\n<meta property=\"og:type\" content=\"article\" \/>\n<meta property=\"og:title\" content=\"Brelok pi\u0142ka z imieniem - Drewniana Magia\" \/>\n<meta property=\"og:description\" content=\"Brelok o wzorze pi\u0142ki no\u017cnej. Personalizowany dowolnym imieniem. Wykonany w technologii druku 3D z tworzywa PLA. Idealny dla fana pi\u0142ki noznej.\" \/>\n<meta property=\"og:url\" content=\"https:\/\/www.drewnianamagia.pl\/index.php\/produkt\/brelok-pilka-z-imieniem\/\" \/>\n<meta property=\"og:site_name\" content=\"Drewniana Magia\" \/>\n<meta property=\"article:publisher\" content=\"https:\/\/facebook.com\/BelasDrewnianaMagia\" \/>\n<meta property=\"article:modified_time\" content=\"2025-09-16T11:47:50+00:00\" \/>\n<meta property=\"og:image\" content=\"https:\/\/www.drewnianamagia.pl\/wp-content\/uploads\/2025\/04\/brelok-pilka-1.jpg\" \/>\n\t<meta property=\"og:image:width\" content=\"2000\" \/>\n\t<meta property=\"og:image:height\" content=\"2000\" \/>\n\t<meta property=\"og:image:type\" content=\"image\/jpeg\" \/>\n<meta name=\"twitter:card\" content=\"summary_large_image\" \/>\n<meta name=\"twitter:label1\" content=\"Szacowany czas czytania\" \/>\n\t<meta name=\"twitter:data1\" content=\"2 minuty\" \/>\n<script type=\"application\/ld+json\" class=\"yoast-schema-graph\">{\"@context\":\"https:\\\/\\\/schema.org\",\"@graph\":[{\"@type\":\"WebPage\",\"@id\":\"https:\\\/\\\/www.drewnianamagia.pl\\\/index.php\\\/produkt\\\/brelok-pilka-z-imieniem\\\/\",\"url\":\"https:\\\/\\\/www.drewnianamagia.pl\\\/index.php\\\/produkt\\\/brelok-pilka-z-imieniem\\\/\",\"name\":\"Brelok pi\u0142ka z imieniem - Drewniana Magia\",\"isPartOf\":{\"@id\":\"https:\\\/\\\/www.drewnianamagia.pl\\\/#website\"},\"primaryImageOfPage\":{\"@id\":\"https:\\\/\\\/www.drewnianamagia.pl\\\/index.php\\\/produkt\\\/brelok-pilka-z-imieniem\\\/#primaryimage\"},\"image\":{\"@id\":\"https:\\\/\\\/www.drewnianamagia.pl\\\/index.php\\\/produkt\\\/brelok-pilka-z-imieniem\\\/#primaryimage\"},\"thumbnailUrl\":\"https:\\\/\\\/www.drewnianamagia.pl\\\/wp-content\\\/uploads\\\/2025\\\/04\\\/brelok-pilka-1.jpg\",\"datePublished\":\"2025-04-16T09:05:47+00:00\",\"dateModified\":\"2025-09-16T11:47:50+00:00\",\"description\":\"Brelok o wzorze pi\u0142ki no\u017cnej. Personalizowany dowolnym imieniem. Wykonany w technologii druku 3D z tworzywa PLA. Idealny dla fana pi\u0142ki noznej.\",\"breadcrumb\":{\"@id\":\"https:\\\/\\\/www.drewnianamagia.pl\\\/index.php\\\/produkt\\\/brelok-pilka-z-imieniem\\\/#breadcrumb\"},\"inLanguage\":\"pl-PL\",\"potentialAction\":[{\"@type\":\"ReadAction\",\"target\":[\"https:\\\/\\\/www.drewnianamagia.pl\\\/index.php\\\/produkt\\\/brelok-pilka-z-imieniem\\\/\"]}]},{\"@type\":\"ImageObject\",\"inLanguage\":\"pl-PL\",\"@id\":\"https:\\\/\\\/www.drewnianamagia.pl\\\/index.php\\\/produkt\\\/brelok-pilka-z-imieniem\\\/#primaryimage\",\"url\":\"https:\\\/\\\/www.drewnianamagia.pl\\\/wp-content\\\/uploads\\\/2025\\\/04\\\/brelok-pilka-1.jpg\",\"contentUrl\":\"https:\\\/\\\/www.drewnianamagia.pl\\\/wp-content\\\/uploads\\\/2025\\\/04\\\/brelok-pilka-1.jpg\",\"width\":2000,\"height\":2000,\"caption\":\"brelok pi\u0142ka personalizowany PLA\"},{\"@type\":\"BreadcrumbList\",\"@id\":\"https:\\\/\\\/www.drewnianamagia.pl\\\/index.php\\\/produkt\\\/brelok-pilka-z-imieniem\\\/#breadcrumb\",\"itemListElement\":[{\"@type\":\"ListItem\",\"position\":1,\"name\":\"Strona g\u0142\u00f3wna\",\"item\":\"https:\\\/\\\/www.drewnianamagia.pl\\\/\"},{\"@type\":\"ListItem\",\"position\":2,\"name\":\"Sklep\",\"item\":\"https:\\\/\\\/www.drewnianamagia.pl\\\/index.php\\\/sklep-internetowy-drewnianamagia\\\/\"},{\"@type\":\"ListItem\",\"position\":3,\"name\":\"Brelok pi\u0142ka z imieniem\"}]},{\"@type\":\"WebSite\",\"@id\":\"https:\\\/\\\/www.drewnianamagia.pl\\\/#website\",\"url\":\"https:\\\/\\\/www.drewnianamagia.pl\\\/\",\"name\":\"Drewniana Magia\",\"description\":\"Personalizowane prezenty i dekoracje z drewna i druku 3D, na ka\u017cd\u0105 okazj\u0119 i okoliczno\u015b\u0107. Urodziny, Chrzest, Przyj\u0119cie, \u015awi\u0119ta, \u015alub\",\"publisher\":{\"@id\":\"https:\\\/\\\/www.drewnianamagia.pl\\\/#organization\"},\"potentialAction\":[{\"@type\":\"SearchAction\",\"target\":{\"@type\":\"EntryPoint\",\"urlTemplate\":\"https:\\\/\\\/www.drewnianamagia.pl\\\/?s={search_term_string}\"},\"query-input\":{\"@type\":\"PropertyValueSpecification\",\"valueRequired\":true,\"valueName\":\"search_term_string\"}}],\"inLanguage\":\"pl-PL\"},{\"@type\":\"Organization\",\"@id\":\"https:\\\/\\\/www.drewnianamagia.pl\\\/#organization\",\"name\":\"Drewniana Magia\",\"url\":\"https:\\\/\\\/www.drewnianamagia.pl\\\/\",\"logo\":{\"@type\":\"ImageObject\",\"inLanguage\":\"pl-PL\",\"@id\":\"https:\\\/\\\/www.drewnianamagia.pl\\\/#\\\/schema\\\/logo\\\/image\\\/\",\"url\":\"https:\\\/\\\/www.drewnianamagia.pl\\\/wp-content\\\/uploads\\\/2024\\\/02\\\/cropped-LOGO-DrewnianaMagia-375x188-1.png\",\"contentUrl\":\"https:\\\/\\\/www.drewnianamagia.pl\\\/wp-content\\\/uploads\\\/2024\\\/02\\\/cropped-LOGO-DrewnianaMagia-375x188-1.png\",\"width\":374,\"height\":188,\"caption\":\"Drewniana Magia\"},\"image\":{\"@id\":\"https:\\\/\\\/www.drewnianamagia.pl\\\/#\\\/schema\\\/logo\\\/image\\\/\"},\"sameAs\":[\"https:\\\/\\\/facebook.com\\\/BelasDrewnianaMagia\"]}]}<\/script>\n<!-- \/ Yoast SEO plugin. -->","yoast_head_json":{"title":"Brelok pi\u0142ka z imieniem - Drewniana Magia","description":"Brelok o wzorze pi\u0142ki no\u017cnej. Personalizowany dowolnym imieniem. Wykonany w technologii druku 3D z tworzywa PLA. Idealny dla fana pi\u0142ki noznej.","robots":{"index":"index","follow":"follow","max-snippet":"max-snippet:-1","max-image-preview":"max-image-preview:large","max-video-preview":"max-video-preview:-1"},"canonical":"https:\/\/www.drewnianamagia.pl\/index.php\/produkt\/brelok-pilka-z-imieniem\/","og_locale":"pl_PL","og_type":"article","og_title":"Brelok pi\u0142ka z imieniem - Drewniana Magia","og_description":"Brelok o wzorze pi\u0142ki no\u017cnej. Personalizowany dowolnym imieniem. Wykonany w technologii druku 3D z tworzywa PLA. Idealny dla fana pi\u0142ki noznej.","og_url":"https:\/\/www.drewnianamagia.pl\/index.php\/produkt\/brelok-pilka-z-imieniem\/","og_site_name":"Drewniana Magia","article_publisher":"https:\/\/facebook.com\/BelasDrewnianaMagia","article_modified_time":"2025-09-16T11:47:50+00:00","og_image":[{"width":2000,"height":2000,"url":"https:\/\/www.drewnianamagia.pl\/wp-content\/uploads\/2025\/04\/brelok-pilka-1.jpg","type":"image\/jpeg"}],"twitter_card":"summary_large_image","twitter_misc":{"Szacowany czas czytania":"2 minuty"},"schema":{"@context":"https:\/\/schema.org","@graph":[{"@type":"WebPage","@id":"https:\/\/www.drewnianamagia.pl\/index.php\/produkt\/brelok-pilka-z-imieniem\/","url":"https:\/\/www.drewnianamagia.pl\/index.php\/produkt\/brelok-pilka-z-imieniem\/","name":"Brelok pi\u0142ka z imieniem - Drewniana Magia","isPartOf":{"@id":"https:\/\/www.drewnianamagia.pl\/#website"},"primaryImageOfPage":{"@id":"https:\/\/www.drewnianamagia.pl\/index.php\/produkt\/brelok-pilka-z-imieniem\/#primaryimage"},"image":{"@id":"https:\/\/www.drewnianamagia.pl\/index.php\/produkt\/brelok-pilka-z-imieniem\/#primaryimage"},"thumbnailUrl":"https:\/\/www.drewnianamagia.pl\/wp-content\/uploads\/2025\/04\/brelok-pilka-1.jpg","datePublished":"2025-04-16T09:05:47+00:00","dateModified":"2025-09-16T11:47:50+00:00","description":"Brelok o wzorze pi\u0142ki no\u017cnej. Personalizowany dowolnym imieniem. Wykonany w technologii druku 3D z tworzywa PLA. Idealny dla fana pi\u0142ki noznej.","breadcrumb":{"@id":"https:\/\/www.drewnianamagia.pl\/index.php\/produkt\/brelok-pilka-z-imieniem\/#breadcrumb"},"inLanguage":"pl-PL","potentialAction":[{"@type":"ReadAction","target":["https:\/\/www.drewnianamagia.pl\/index.php\/produkt\/brelok-pilka-z-imieniem\/"]}]},{"@type":"ImageObject","inLanguage":"pl-PL","@id":"https:\/\/www.drewnianamagia.pl\/index.php\/produkt\/brelok-pilka-z-imieniem\/#primaryimage","url":"https:\/\/www.drewnianamagia.pl\/wp-content\/uploads\/2025\/04\/brelok-pilka-1.jpg","contentUrl":"https:\/\/www.drewnianamagia.pl\/wp-content\/uploads\/2025\/04\/brelok-pilka-1.jpg","width":2000,"height":2000,"caption":"brelok pi\u0142ka personalizowany PLA"},{"@type":"BreadcrumbList","@id":"https:\/\/www.drewnianamagia.pl\/index.php\/produkt\/brelok-pilka-z-imieniem\/#breadcrumb","itemListElement":[{"@type":"ListItem","position":1,"name":"Strona g\u0142\u00f3wna","item":"https:\/\/www.drewnianamagia.pl\/"},{"@type":"ListItem","position":2,"name":"Sklep","item":"https:\/\/www.drewnianamagia.pl\/index.php\/sklep-internetowy-drewnianamagia\/"},{"@type":"ListItem","position":3,"name":"Brelok pi\u0142ka z imieniem"}]},{"@type":"WebSite","@id":"https:\/\/www.drewnianamagia.pl\/#website","url":"https:\/\/www.drewnianamagia.pl\/","name":"Drewniana Magia","description":"Personalizowane prezenty i dekoracje z drewna i druku 3D, na ka\u017cd\u0105 okazj\u0119 i okoliczno\u015b\u0107. Urodziny, Chrzest, Przyj\u0119cie, \u015awi\u0119ta, \u015alub","publisher":{"@id":"https:\/\/www.drewnianamagia.pl\/#organization"},"potentialAction":[{"@type":"SearchAction","target":{"@type":"EntryPoint","urlTemplate":"https:\/\/www.drewnianamagia.pl\/?s={search_term_string}"},"query-input":{"@type":"PropertyValueSpecification","valueRequired":true,"valueName":"search_term_string"}}],"inLanguage":"pl-PL"},{"@type":"Organization","@id":"https:\/\/www.drewnianamagia.pl\/#organization","name":"Drewniana Magia","url":"https:\/\/www.drewnianamagia.pl\/","logo":{"@type":"ImageObject","inLanguage":"pl-PL","@id":"https:\/\/www.drewnianamagia.pl\/#\/schema\/logo\/image\/","url":"https:\/\/www.drewnianamagia.pl\/wp-content\/uploads\/2024\/02\/cropped-LOGO-DrewnianaMagia-375x188-1.png","contentUrl":"https:\/\/www.drewnianamagia.pl\/wp-content\/uploads\/2024\/02\/cropped-LOGO-DrewnianaMagia-375x188-1.png","width":374,"height":188,"caption":"Drewniana Magia"},"image":{"@id":"https:\/\/www.drewnianamagia.pl\/#\/schema\/logo\/image\/"},"sameAs":["https:\/\/facebook.com\/BelasDrewnianaMagia"]}]}},"_links":{"self":[{"href":"https:\/\/www.drewnianamagia.pl\/index.php\/wp-json\/wp\/v2\/product\/6569","targetHints":{"allow":["GET"]}}],"collection":[{"href":"https:\/\/www.drewnianamagia.pl\/index.php\/wp-json\/wp\/v2\/product"}],"about":[{"href":"https:\/\/www.drewnianamagia.pl\/index.php\/wp-json\/wp\/v2\/types\/product"}],"replies":[{"embeddable":true,"href":"https:\/\/www.drewnianamagia.pl\/index.php\/wp-json\/wp\/v2\/comments?post=6569"}],"wp:featuredmedia":[{"embeddable":true,"href":"https:\/\/www.drewnianamagia.pl\/index.php\/wp-json\/wp\/v2\/media\/6566"}],"wp:attachment":[{"href":"https:\/\/www.drewnianamagia.pl\/index.php\/wp-json\/wp\/v2\/media?parent=6569"}],"wp:term":[{"taxonomy":"product_brand","embeddable":true,"href":"https:\/\/www.drewnianamagia.pl\/index.php\/wp-json\/wp\/v2\/product_brand?post=6569"},{"taxonomy":"product_cat","embeddable":true,"href":"https:\/\/www.drewnianamagia.pl\/index.php\/wp-json\/wp\/v2\/product_cat?post=6569"},{"taxonomy":"product_tag","embeddable":true,"href":"https:\/\/www.drewnianamagia.pl\/index.php\/wp-json\/wp\/v2\/product_tag?post=6569"}],"curies":[{"name":"wp","href":"https:\/\/api.w.org\/{rel}","templated":true}]}}