{"id":647,"date":"2023-09-18T15:26:25","date_gmt":"2023-09-18T13:26:25","guid":{"rendered":"https:\/\/www.drewnianamagia.pl\/?post_type=product&#038;p=647"},"modified":"2024-12-13T12:27:24","modified_gmt":"2024-12-13T11:27:24","slug":"podkladka-pod-kubek-motyw-korona-personalizacja","status":"publish","type":"product","link":"https:\/\/www.drewnianamagia.pl\/index.php\/produkt\/podkladka-pod-kubek-motyw-korona-personalizacja\/","title":{"rendered":"Podk\u0142adka pod kubek &#8211; motyw korona &#8211; personalizacja"},"content":{"rendered":"<h4><strong>Podk\u0142adka pod kubek: korona<\/strong><\/h4>\n<p>Witaj w naszym sklepie internetowym, gdzie mo\u017cesz odkry\u0107 wyj\u0105tkow\u0105, personalizowan\u0105 podk\u0142adk\u0119 pod kubek wykonan\u0105 z najwy\u017cszej jako\u015bci drewna &#8211; sklejki topolowo-lipowej. Nasze podk\u0142adki to po\u0142\u0105czenie elegancji, funkcjonalno\u015bci i indywidualnego podej\u015bcia, kt\u00f3re pozwala Ci stworzy\u0107 niepowtarzalne akcesoria do Twojego wn\u0119trza.<\/p>\n<p><strong>Dlaczego warto wybra\u0107 nasze personalizowane podk\u0142adki pod kubek?<\/strong><\/p>\n<ol>\n<li><strong>Najwy\u017csza jako\u015b\u0107 materia\u0142u:<\/strong> Ka\u017cd\u0105 podk\u0142adk\u0119 wykonujemy starannie z trwa\u0142ej i eleganckiej sklejki topolowo-lipowej. Jej grubo\u015bci to 3mm, co gwarantuje nie tylko pi\u0119kny wygl\u0105d, ale r\u00f3wnie\u017c trwa\u0142o\u015b\u0107.<\/li>\n<li><strong>Personalizacja:<\/strong> Nasze podk\u0142adki oferuj\u0105 mo\u017cliwo\u015b\u0107 spersonalizowania napisu, kt\u00f3ry mo\u017ce znale\u017a\u0107 si\u0119 zar\u00f3wno nad, jak i pod wybranym graficznym motywem. Tworz\u0105c unikalny przekaz lub dodaj\u0105c imi\u0119, mo\u017cesz sprawi\u0107, \u017ce ka\u017cda podk\u0142adka b\u0119dzie wyj\u0105tkowa.<img loading=\"lazy\" decoding=\"async\" class=\"aligncenter wp-image-637 size-thumbnail\" src=\"https:\/\/www.drewnianamagia.pl\/wp-content\/uploads\/2023\/09\/dowolna-personalizacja-150x150.png\" alt=\"\" width=\"150\" height=\"150\" srcset=\"https:\/\/www.drewnianamagia.pl\/wp-content\/uploads\/2023\/09\/dowolna-personalizacja-150x150.png 150w, https:\/\/www.drewnianamagia.pl\/wp-content\/uploads\/2023\/09\/dowolna-personalizacja-324x324.png 324w, https:\/\/www.drewnianamagia.pl\/wp-content\/uploads\/2023\/09\/dowolna-personalizacja-100x100.png 100w, https:\/\/www.drewnianamagia.pl\/wp-content\/uploads\/2023\/09\/dowolna-personalizacja-416x416.png 416w, https:\/\/www.drewnianamagia.pl\/wp-content\/uploads\/2023\/09\/dowolna-personalizacja-300x300.png 300w, https:\/\/www.drewnianamagia.pl\/wp-content\/uploads\/2023\/09\/dowolna-personalizacja.png 500w\" sizes=\"auto, (max-width: 150px) 100vw, 150px\" \/><\/li>\n<li><strong>R\u0119czna produkcja na zam\u00f3wienie:<\/strong> Ka\u017cd\u0105 podk\u0142adk\u0119 wykonujemy na zam\u00f3wienie z dba\u0142o\u015bci\u0105 o szczeg\u00f3\u0142y. Po\u015bwi\u0119camy du\u017c\u0105 uwag\u0119, aby ka\u017cda podk\u0142adka spe\u0142nia\u0142a Twoje oczekiwania.<img loading=\"lazy\" decoding=\"async\" class=\"aligncenter wp-image-639 size-thumbnail\" src=\"https:\/\/www.drewnianamagia.pl\/wp-content\/uploads\/2023\/09\/motywy-150x150.png\" alt=\"\" width=\"150\" height=\"150\" srcset=\"https:\/\/www.drewnianamagia.pl\/wp-content\/uploads\/2023\/09\/motywy-150x150.png 150w, https:\/\/www.drewnianamagia.pl\/wp-content\/uploads\/2023\/09\/motywy-324x324.png 324w, https:\/\/www.drewnianamagia.pl\/wp-content\/uploads\/2023\/09\/motywy-100x100.png 100w, https:\/\/www.drewnianamagia.pl\/wp-content\/uploads\/2023\/09\/motywy-416x416.png 416w, https:\/\/www.drewnianamagia.pl\/wp-content\/uploads\/2023\/09\/motywy-300x300.png 300w, https:\/\/www.drewnianamagia.pl\/wp-content\/uploads\/2023\/09\/motywy.png 500w\" sizes=\"auto, (max-width: 150px) 100vw, 150px\" \/><\/li>\n<li><strong>R\u0119czne szlifowanie graweru:<\/strong> Po wykonaniu graweru, ka\u017cd\u0105 podk\u0142adk\u0119 dodatkowo r\u0119cznie szlifujemy, aby zapewni\u0107 idealnie g\u0142adk\u0105 powierzchni\u0119 i wyj\u0105tkowy wygl\u0105d.<img loading=\"lazy\" decoding=\"async\" class=\"aligncenter wp-image-638 size-thumbnail\" src=\"https:\/\/www.drewnianamagia.pl\/wp-content\/uploads\/2023\/09\/gleboki-grawer-150x150.png\" alt=\"\" width=\"150\" height=\"150\" srcset=\"https:\/\/www.drewnianamagia.pl\/wp-content\/uploads\/2023\/09\/gleboki-grawer-150x150.png 150w, https:\/\/www.drewnianamagia.pl\/wp-content\/uploads\/2023\/09\/gleboki-grawer-324x324.png 324w, https:\/\/www.drewnianamagia.pl\/wp-content\/uploads\/2023\/09\/gleboki-grawer-100x100.png 100w, https:\/\/www.drewnianamagia.pl\/wp-content\/uploads\/2023\/09\/gleboki-grawer-416x416.png 416w, https:\/\/www.drewnianamagia.pl\/wp-content\/uploads\/2023\/09\/gleboki-grawer-300x300.png 300w, https:\/\/www.drewnianamagia.pl\/wp-content\/uploads\/2023\/09\/gleboki-grawer.png 500w\" sizes=\"auto, (max-width: 150px) 100vw, 150px\" \/><\/li>\n<li><strong>Idealne wymiary:<\/strong> Ka\u017cda podk\u0142adka ma \u015brednic\u0119 oko\u0142o 10 cm. Sprawia to, \u017ce s\u0105 one idealnie dostosowane do wi\u0119kszo\u015bci kubk\u00f3w i fili\u017canek. Zapewniaj\u0105c jednocze\u015bnie dodatkow\u0105 ochron\u0119 Twojego sto\u0142u przed ewentualnymi plamami i uszkodzeniami.<\/li>\n<li><strong>Minimalna ilo\u015b\u0107 zam\u00f3wienia:<\/strong> W naszym sklepie mo\u017cesz zam\u00f3wi\u0107 ju\u017c od 1 sztuki, co daje Ci pe\u0142n\u0105 swobod\u0119 w komponowaniu zestawu podk\u0142adek pod kubek. To znakomity spos\u00f3b na wyra\u017cenie swojego stylu i gustu lub skomponowanie idealnego prezentu.<a href=\"https:\/\/www.drewnianamagia.pl\/index.php\/kategoria-produktu\/podkladki-pod-kubki\/\"><img loading=\"lazy\" decoding=\"async\" class=\"aligncenter wp-image-640 size-thumbnail\" src=\"https:\/\/www.drewnianamagia.pl\/wp-content\/uploads\/2023\/09\/zamowienia-od-jednej-sztuki-150x150.png\" alt=\"\" width=\"150\" height=\"150\" srcset=\"https:\/\/www.drewnianamagia.pl\/wp-content\/uploads\/2023\/09\/zamowienia-od-jednej-sztuki-150x150.png 150w, https:\/\/www.drewnianamagia.pl\/wp-content\/uploads\/2023\/09\/zamowienia-od-jednej-sztuki-324x324.png 324w, https:\/\/www.drewnianamagia.pl\/wp-content\/uploads\/2023\/09\/zamowienia-od-jednej-sztuki-100x100.png 100w, https:\/\/www.drewnianamagia.pl\/wp-content\/uploads\/2023\/09\/zamowienia-od-jednej-sztuki-416x416.png 416w, https:\/\/www.drewnianamagia.pl\/wp-content\/uploads\/2023\/09\/zamowienia-od-jednej-sztuki-300x300.png 300w, https:\/\/www.drewnianamagia.pl\/wp-content\/uploads\/2023\/09\/zamowienia-od-jednej-sztuki.png 500w\" sizes=\"auto, (max-width: 150px) 100vw, 150px\" \/><\/a><\/li>\n<\/ol>\n<p>Personalizowane podk\u0142adki pod kubek z drewna sklejki topolowo-lipowej to doskona\u0142y spos\u00f3b na dodanie charakteru Twojemu wn\u0119trzu, a tak\u017ce znakomity prezent dla bliskich. Nie czekaj, stw\u00f3rz w\u0142asne unikalne podk\u0142adki ju\u017c teraz i ciesz si\u0119 wyj\u0105tkow\u0105 atmosfer\u0105 podczas picia ulubionej herbaty czy kawy. Nasze podk\u0142adki s\u0105 nie tylko pi\u0119kne, ale tak\u017ce wykonane z sercem i dba\u0142o\u015bci\u0105 o ka\u017cdy detal.<\/p>\n","protected":false},"excerpt":{"rendered":"<p>Spersonalizuj w\u0142asna podk\u0142adk\u0119 pod kubek.<\/p>\n<p>Uzupe\u0142nij tekst jaki mamy wygrawerowa\u0107 i dodaj produkt do koszyka.<\/p>\n","protected":false},"featured_media":564,"comment_status":"open","ping_status":"closed","template":"","meta":{"_acf_changed":false},"product_brand":[],"product_cat":[109,108,100,104,38,96],"product_tag":[54,55],"class_list":{"0":"post-647","1":"product","2":"type-product","3":"status-publish","4":"has-post-thumbnail","6":"product_cat-dzien-chlopaka","7":"product_cat-dzien-kobiet","8":"product_cat-dzien-matki-dzien-ojca","9":"product_cat-dzien-nauczyciela","10":"product_cat-podkladki-pod-kubki","11":"product_cat-urodziny-imieniny","12":"product_tag-personalizacja","13":"product_tag-prezent","15":"first","16":"instock","17":"taxable","18":"shipping-taxable","19":"purchasable","20":"product-type-simple"},"acf":[],"yoast_head":"<!-- This site is optimized with the Yoast SEO plugin v27.5 - https:\/\/yoast.com\/product\/yoast-seo-wordpress\/ -->\n<title>Podk\u0142adka pod kubek - motyw korona - personalizacja - Drewniana Magia<\/title>\n<meta name=\"description\" content=\"Zam\u00f3w teraz. Twoja podk\u0142adka pod kubek ju\u017c czeka. To idealny prezent dla kogo\u015b komu chcemy da\u0107 co\u015b niepowtarzalnego. Skomponuj sw\u00f3j zestaw.\" \/>\n<meta name=\"robots\" content=\"index, follow, max-snippet:-1, max-image-preview:large, max-video-preview:-1\" \/>\n<link rel=\"canonical\" href=\"https:\/\/www.drewnianamagia.pl\/index.php\/produkt\/podkladka-pod-kubek-motyw-korona-personalizacja\/\" \/>\n<meta property=\"og:locale\" content=\"pl_PL\" \/>\n<meta property=\"og:type\" content=\"article\" \/>\n<meta property=\"og:title\" content=\"Podk\u0142adka pod kubek - motyw korona - personalizacja - Drewniana Magia\" \/>\n<meta property=\"og:description\" content=\"Zam\u00f3w teraz. Twoja podk\u0142adka pod kubek ju\u017c czeka. To idealny prezent dla kogo\u015b komu chcemy da\u0107 co\u015b niepowtarzalnego. Skomponuj sw\u00f3j zestaw.\" \/>\n<meta property=\"og:url\" content=\"https:\/\/www.drewnianamagia.pl\/index.php\/produkt\/podkladka-pod-kubek-motyw-korona-personalizacja\/\" \/>\n<meta property=\"og:site_name\" content=\"Drewniana Magia\" \/>\n<meta property=\"article:publisher\" content=\"https:\/\/facebook.com\/BelasDrewnianaMagia\" \/>\n<meta property=\"article:modified_time\" content=\"2024-12-13T11:27:24+00:00\" \/>\n<meta property=\"og:image\" content=\"https:\/\/www.drewnianamagia.pl\/wp-content\/uploads\/2023\/09\/Podkladka-pod-kubek-grafika-4.png\" \/>\n\t<meta property=\"og:image:width\" content=\"1181\" \/>\n\t<meta property=\"og:image:height\" content=\"1181\" \/>\n\t<meta property=\"og:image:type\" content=\"image\/png\" \/>\n<meta name=\"twitter:card\" content=\"summary_large_image\" \/>\n<meta name=\"twitter:label1\" content=\"Szacowany czas czytania\" \/>\n\t<meta name=\"twitter:data1\" content=\"3 minuty\" \/>\n<script type=\"application\/ld+json\" class=\"yoast-schema-graph\">{\"@context\":\"https:\\\/\\\/schema.org\",\"@graph\":[{\"@type\":\"WebPage\",\"@id\":\"https:\\\/\\\/www.drewnianamagia.pl\\\/index.php\\\/produkt\\\/podkladka-pod-kubek-motyw-korona-personalizacja\\\/\",\"url\":\"https:\\\/\\\/www.drewnianamagia.pl\\\/index.php\\\/produkt\\\/podkladka-pod-kubek-motyw-korona-personalizacja\\\/\",\"name\":\"Podk\u0142adka pod kubek - motyw korona - personalizacja - Drewniana Magia\",\"isPartOf\":{\"@id\":\"https:\\\/\\\/www.drewnianamagia.pl\\\/#website\"},\"primaryImageOfPage\":{\"@id\":\"https:\\\/\\\/www.drewnianamagia.pl\\\/index.php\\\/produkt\\\/podkladka-pod-kubek-motyw-korona-personalizacja\\\/#primaryimage\"},\"image\":{\"@id\":\"https:\\\/\\\/www.drewnianamagia.pl\\\/index.php\\\/produkt\\\/podkladka-pod-kubek-motyw-korona-personalizacja\\\/#primaryimage\"},\"thumbnailUrl\":\"https:\\\/\\\/www.drewnianamagia.pl\\\/wp-content\\\/uploads\\\/2023\\\/09\\\/Podkladka-pod-kubek-grafika-4.png\",\"datePublished\":\"2023-09-18T13:26:25+00:00\",\"dateModified\":\"2024-12-13T11:27:24+00:00\",\"description\":\"Zam\u00f3w teraz. Twoja podk\u0142adka pod kubek ju\u017c czeka. To idealny prezent dla kogo\u015b komu chcemy da\u0107 co\u015b niepowtarzalnego. Skomponuj sw\u00f3j zestaw.\",\"breadcrumb\":{\"@id\":\"https:\\\/\\\/www.drewnianamagia.pl\\\/index.php\\\/produkt\\\/podkladka-pod-kubek-motyw-korona-personalizacja\\\/#breadcrumb\"},\"inLanguage\":\"pl-PL\",\"potentialAction\":[{\"@type\":\"ReadAction\",\"target\":[\"https:\\\/\\\/www.drewnianamagia.pl\\\/index.php\\\/produkt\\\/podkladka-pod-kubek-motyw-korona-personalizacja\\\/\"]}]},{\"@type\":\"ImageObject\",\"inLanguage\":\"pl-PL\",\"@id\":\"https:\\\/\\\/www.drewnianamagia.pl\\\/index.php\\\/produkt\\\/podkladka-pod-kubek-motyw-korona-personalizacja\\\/#primaryimage\",\"url\":\"https:\\\/\\\/www.drewnianamagia.pl\\\/wp-content\\\/uploads\\\/2023\\\/09\\\/Podkladka-pod-kubek-grafika-4.png\",\"contentUrl\":\"https:\\\/\\\/www.drewnianamagia.pl\\\/wp-content\\\/uploads\\\/2023\\\/09\\\/Podkladka-pod-kubek-grafika-4.png\",\"width\":1181,\"height\":1181},{\"@type\":\"BreadcrumbList\",\"@id\":\"https:\\\/\\\/www.drewnianamagia.pl\\\/index.php\\\/produkt\\\/podkladka-pod-kubek-motyw-korona-personalizacja\\\/#breadcrumb\",\"itemListElement\":[{\"@type\":\"ListItem\",\"position\":1,\"name\":\"Strona g\u0142\u00f3wna\",\"item\":\"https:\\\/\\\/www.drewnianamagia.pl\\\/\"},{\"@type\":\"ListItem\",\"position\":2,\"name\":\"Sklep\",\"item\":\"https:\\\/\\\/www.drewnianamagia.pl\\\/index.php\\\/sklep-internetowy-drewnianamagia\\\/\"},{\"@type\":\"ListItem\",\"position\":3,\"name\":\"Podk\u0142adka pod kubek &#8211; motyw korona &#8211; personalizacja\"}]},{\"@type\":\"WebSite\",\"@id\":\"https:\\\/\\\/www.drewnianamagia.pl\\\/#website\",\"url\":\"https:\\\/\\\/www.drewnianamagia.pl\\\/\",\"name\":\"Drewniana Magia\",\"description\":\"Personalizowane prezenty i dekoracje z drewna i druku 3D, na ka\u017cd\u0105 okazj\u0119 i okoliczno\u015b\u0107. Urodziny, Chrzest, Przyj\u0119cie, \u015awi\u0119ta, \u015alub\",\"publisher\":{\"@id\":\"https:\\\/\\\/www.drewnianamagia.pl\\\/#organization\"},\"potentialAction\":[{\"@type\":\"SearchAction\",\"target\":{\"@type\":\"EntryPoint\",\"urlTemplate\":\"https:\\\/\\\/www.drewnianamagia.pl\\\/?s={search_term_string}\"},\"query-input\":{\"@type\":\"PropertyValueSpecification\",\"valueRequired\":true,\"valueName\":\"search_term_string\"}}],\"inLanguage\":\"pl-PL\"},{\"@type\":\"Organization\",\"@id\":\"https:\\\/\\\/www.drewnianamagia.pl\\\/#organization\",\"name\":\"Drewniana Magia\",\"url\":\"https:\\\/\\\/www.drewnianamagia.pl\\\/\",\"logo\":{\"@type\":\"ImageObject\",\"inLanguage\":\"pl-PL\",\"@id\":\"https:\\\/\\\/www.drewnianamagia.pl\\\/#\\\/schema\\\/logo\\\/image\\\/\",\"url\":\"https:\\\/\\\/www.drewnianamagia.pl\\\/wp-content\\\/uploads\\\/2024\\\/02\\\/cropped-LOGO-DrewnianaMagia-375x188-1.png\",\"contentUrl\":\"https:\\\/\\\/www.drewnianamagia.pl\\\/wp-content\\\/uploads\\\/2024\\\/02\\\/cropped-LOGO-DrewnianaMagia-375x188-1.png\",\"width\":374,\"height\":188,\"caption\":\"Drewniana Magia\"},\"image\":{\"@id\":\"https:\\\/\\\/www.drewnianamagia.pl\\\/#\\\/schema\\\/logo\\\/image\\\/\"},\"sameAs\":[\"https:\\\/\\\/facebook.com\\\/BelasDrewnianaMagia\"]}]}<\/script>\n<!-- \/ Yoast SEO plugin. -->","yoast_head_json":{"title":"Podk\u0142adka pod kubek - motyw korona - personalizacja - Drewniana Magia","description":"Zam\u00f3w teraz. Twoja podk\u0142adka pod kubek ju\u017c czeka. To idealny prezent dla kogo\u015b komu chcemy da\u0107 co\u015b niepowtarzalnego. Skomponuj sw\u00f3j zestaw.","robots":{"index":"index","follow":"follow","max-snippet":"max-snippet:-1","max-image-preview":"max-image-preview:large","max-video-preview":"max-video-preview:-1"},"canonical":"https:\/\/www.drewnianamagia.pl\/index.php\/produkt\/podkladka-pod-kubek-motyw-korona-personalizacja\/","og_locale":"pl_PL","og_type":"article","og_title":"Podk\u0142adka pod kubek - motyw korona - personalizacja - Drewniana Magia","og_description":"Zam\u00f3w teraz. Twoja podk\u0142adka pod kubek ju\u017c czeka. To idealny prezent dla kogo\u015b komu chcemy da\u0107 co\u015b niepowtarzalnego. Skomponuj sw\u00f3j zestaw.","og_url":"https:\/\/www.drewnianamagia.pl\/index.php\/produkt\/podkladka-pod-kubek-motyw-korona-personalizacja\/","og_site_name":"Drewniana Magia","article_publisher":"https:\/\/facebook.com\/BelasDrewnianaMagia","article_modified_time":"2024-12-13T11:27:24+00:00","og_image":[{"width":1181,"height":1181,"url":"https:\/\/www.drewnianamagia.pl\/wp-content\/uploads\/2023\/09\/Podkladka-pod-kubek-grafika-4.png","type":"image\/png"}],"twitter_card":"summary_large_image","twitter_misc":{"Szacowany czas czytania":"3 minuty"},"schema":{"@context":"https:\/\/schema.org","@graph":[{"@type":"WebPage","@id":"https:\/\/www.drewnianamagia.pl\/index.php\/produkt\/podkladka-pod-kubek-motyw-korona-personalizacja\/","url":"https:\/\/www.drewnianamagia.pl\/index.php\/produkt\/podkladka-pod-kubek-motyw-korona-personalizacja\/","name":"Podk\u0142adka pod kubek - motyw korona - personalizacja - Drewniana Magia","isPartOf":{"@id":"https:\/\/www.drewnianamagia.pl\/#website"},"primaryImageOfPage":{"@id":"https:\/\/www.drewnianamagia.pl\/index.php\/produkt\/podkladka-pod-kubek-motyw-korona-personalizacja\/#primaryimage"},"image":{"@id":"https:\/\/www.drewnianamagia.pl\/index.php\/produkt\/podkladka-pod-kubek-motyw-korona-personalizacja\/#primaryimage"},"thumbnailUrl":"https:\/\/www.drewnianamagia.pl\/wp-content\/uploads\/2023\/09\/Podkladka-pod-kubek-grafika-4.png","datePublished":"2023-09-18T13:26:25+00:00","dateModified":"2024-12-13T11:27:24+00:00","description":"Zam\u00f3w teraz. Twoja podk\u0142adka pod kubek ju\u017c czeka. To idealny prezent dla kogo\u015b komu chcemy da\u0107 co\u015b niepowtarzalnego. Skomponuj sw\u00f3j zestaw.","breadcrumb":{"@id":"https:\/\/www.drewnianamagia.pl\/index.php\/produkt\/podkladka-pod-kubek-motyw-korona-personalizacja\/#breadcrumb"},"inLanguage":"pl-PL","potentialAction":[{"@type":"ReadAction","target":["https:\/\/www.drewnianamagia.pl\/index.php\/produkt\/podkladka-pod-kubek-motyw-korona-personalizacja\/"]}]},{"@type":"ImageObject","inLanguage":"pl-PL","@id":"https:\/\/www.drewnianamagia.pl\/index.php\/produkt\/podkladka-pod-kubek-motyw-korona-personalizacja\/#primaryimage","url":"https:\/\/www.drewnianamagia.pl\/wp-content\/uploads\/2023\/09\/Podkladka-pod-kubek-grafika-4.png","contentUrl":"https:\/\/www.drewnianamagia.pl\/wp-content\/uploads\/2023\/09\/Podkladka-pod-kubek-grafika-4.png","width":1181,"height":1181},{"@type":"BreadcrumbList","@id":"https:\/\/www.drewnianamagia.pl\/index.php\/produkt\/podkladka-pod-kubek-motyw-korona-personalizacja\/#breadcrumb","itemListElement":[{"@type":"ListItem","position":1,"name":"Strona g\u0142\u00f3wna","item":"https:\/\/www.drewnianamagia.pl\/"},{"@type":"ListItem","position":2,"name":"Sklep","item":"https:\/\/www.drewnianamagia.pl\/index.php\/sklep-internetowy-drewnianamagia\/"},{"@type":"ListItem","position":3,"name":"Podk\u0142adka pod kubek &#8211; motyw korona &#8211; personalizacja"}]},{"@type":"WebSite","@id":"https:\/\/www.drewnianamagia.pl\/#website","url":"https:\/\/www.drewnianamagia.pl\/","name":"Drewniana Magia","description":"Personalizowane prezenty i dekoracje z drewna i druku 3D, na ka\u017cd\u0105 okazj\u0119 i okoliczno\u015b\u0107. Urodziny, Chrzest, Przyj\u0119cie, \u015awi\u0119ta, \u015alub","publisher":{"@id":"https:\/\/www.drewnianamagia.pl\/#organization"},"potentialAction":[{"@type":"SearchAction","target":{"@type":"EntryPoint","urlTemplate":"https:\/\/www.drewnianamagia.pl\/?s={search_term_string}"},"query-input":{"@type":"PropertyValueSpecification","valueRequired":true,"valueName":"search_term_string"}}],"inLanguage":"pl-PL"},{"@type":"Organization","@id":"https:\/\/www.drewnianamagia.pl\/#organization","name":"Drewniana Magia","url":"https:\/\/www.drewnianamagia.pl\/","logo":{"@type":"ImageObject","inLanguage":"pl-PL","@id":"https:\/\/www.drewnianamagia.pl\/#\/schema\/logo\/image\/","url":"https:\/\/www.drewnianamagia.pl\/wp-content\/uploads\/2024\/02\/cropped-LOGO-DrewnianaMagia-375x188-1.png","contentUrl":"https:\/\/www.drewnianamagia.pl\/wp-content\/uploads\/2024\/02\/cropped-LOGO-DrewnianaMagia-375x188-1.png","width":374,"height":188,"caption":"Drewniana Magia"},"image":{"@id":"https:\/\/www.drewnianamagia.pl\/#\/schema\/logo\/image\/"},"sameAs":["https:\/\/facebook.com\/BelasDrewnianaMagia"]}]}},"_links":{"self":[{"href":"https:\/\/www.drewnianamagia.pl\/index.php\/wp-json\/wp\/v2\/product\/647","targetHints":{"allow":["GET"]}}],"collection":[{"href":"https:\/\/www.drewnianamagia.pl\/index.php\/wp-json\/wp\/v2\/product"}],"about":[{"href":"https:\/\/www.drewnianamagia.pl\/index.php\/wp-json\/wp\/v2\/types\/product"}],"replies":[{"embeddable":true,"href":"https:\/\/www.drewnianamagia.pl\/index.php\/wp-json\/wp\/v2\/comments?post=647"}],"wp:featuredmedia":[{"embeddable":true,"href":"https:\/\/www.drewnianamagia.pl\/index.php\/wp-json\/wp\/v2\/media\/564"}],"wp:attachment":[{"href":"https:\/\/www.drewnianamagia.pl\/index.php\/wp-json\/wp\/v2\/media?parent=647"}],"wp:term":[{"taxonomy":"product_brand","embeddable":true,"href":"https:\/\/www.drewnianamagia.pl\/index.php\/wp-json\/wp\/v2\/product_brand?post=647"},{"taxonomy":"product_cat","embeddable":true,"href":"https:\/\/www.drewnianamagia.pl\/index.php\/wp-json\/wp\/v2\/product_cat?post=647"},{"taxonomy":"product_tag","embeddable":true,"href":"https:\/\/www.drewnianamagia.pl\/index.php\/wp-json\/wp\/v2\/product_tag?post=647"}],"curies":[{"name":"wp","href":"https:\/\/api.w.org\/{rel}","templated":true}]}}