{"id":6313,"date":"2025-04-09T11:33:52","date_gmt":"2025-04-09T09:33:52","guid":{"rendered":"https:\/\/www.drewnianamagia.pl\/?post_type=product&#038;p=6313"},"modified":"2025-04-09T12:06:18","modified_gmt":"2025-04-09T10:06:18","slug":"wielkanocny-bon-podarunkowy","status":"publish","type":"product","link":"https:\/\/www.drewnianamagia.pl\/index.php\/produkt\/wielkanocny-bon-podarunkowy\/","title":{"rendered":"Wielkanocny Bon Podarunkowy"},"content":{"rendered":"<h1 style=\"text-align: center;\"><strong>Wielkanocny Bon Podarunkowy<\/strong><\/h1>\n<p>Wielkanocny Bon Podarunkowy to oryginalny pomys\u0142 na wr\u0119czenie got\u00f3wki. Wykonany z drewna z wygrawerowanym tekstem: &#8222;Co\u015b mi\u0142ego od Zaj\u0105czka Wielkanocnego&#8221; oraz wizerunkiem uroczego zaj\u0105czka. W zestawie ze sznurkiem jutowym do przywi\u0105zania got\u00f3wki. Otwory na przewi\u0105zanie sznurka maj\u0105 szeroko\u015b\u0107 15 cm, co umo\u017cliwia u\u017cycia wst\u0105\u017cki zamiast sznurka.<\/p>\n<hr \/>\n<p><span style=\"color: #ff0000;\"><strong>PERSONALIZACJA:<\/strong><\/span><\/p>\n<p>Istnieje mo\u017cliwo\u015b\u0107 bez dodatkowych op\u0142at dodania graweru imienia pod miejscem na banknot. Prosimy o podanie takiej informacji w komentarzu do zam\u00f3wienia.<\/p>\n<hr \/>\n<p><span style=\"color: #ff0000;\"><strong>SPECYFIKACJA:<\/strong><\/span><\/p>\n<ul>\n<li>Materia\u0142: wysokiej jako\u015bci sklejka drewniana o grubo\u015bci ok. 3mm<\/li>\n<li>Produkt r\u0119cznie szlifowany<\/li>\n<li>Grawer laserowy<\/li>\n<li>W zestawie do\u0142\u0105czone ok. 40 cm sznurka jutowego do przewi\u0105zania got\u00f3wki<\/li>\n<li>Szeroko\u015b\u0107: 15 cm<\/li>\n<li>Wysoko\u015b\u0107: 10 cm<\/li>\n<\/ul>\n<hr \/>\n<p><span style=\"color: #ff0000;\"><strong>POZOSTA\u0141E INFORMACJE:<\/strong><\/span><\/p>\n<p>Banknoty widoczne na zdj\u0119ciach nie znajduj\u0105 si\u0119 w zestawie &#8211; s\u0105 tylko wizualizacj\u0105 zastosowania produktu. Kolory mog\u0105 si\u0119 nieznacznie r\u00f3\u017cni\u0107 od tych widocznych na ekranie &#8211; wynika to z ustawie\u0144 konkretnego ekranu a tak\u017ce ze specyfikacji materia\u0142u z kt\u00f3rego produkt zostanie wykonany. Drewno to naturalny surowiec i r\u00f3\u017cni si\u0119 struktur\u0105, barw\u0105 czy u\u0142o\u017ceniem s\u0142oj\u00f3w.<\/p>\n","protected":false},"excerpt":{"rendered":"<p>Wielkanocny Bon Podarunkowy Wielkanocny Bon Podarunkowy to oryginalny pomys\u0142 na wr\u0119czenie got\u00f3wki. Wykonany z drewna z wygrawerowanym tekstem: &#8222;Co\u015b mi\u0142ego od Zaj\u0105czka Wielkanocnego&#8221; oraz wizerunkiem uroczego zaj\u0105czka. W zestawie ze sznurkiem jutowym do przywi\u0105zania got\u00f3wki. Otwory na przewi\u0105zanie sznurka maj\u0105 szeroko\u015b\u0107 15 cm, co umo\u017cliwia u\u017cycia wst\u0105\u017cki zamiast sznurka. PERSONALIZACJA: Istnieje mo\u017cliwo\u015b\u0107 bez dodatkowych op\u0142at [&hellip;]<\/p>\n","protected":false},"featured_media":6298,"comment_status":"open","ping_status":"closed","template":"","meta":{"_acf_changed":false},"product_brand":[180],"product_cat":[102],"product_tag":[55,178],"class_list":{"0":"post-6313","1":"product","2":"type-product","3":"status-publish","4":"has-post-thumbnail","6":"product_brand-drewniana-magia","7":"product_cat-wielkanoc","8":"product_tag-prezent","9":"product_tag-wielkanoc","11":"first","12":"instock","13":"taxable","14":"shipping-taxable","15":"purchasable","16":"product-type-simple"},"acf":[],"yoast_head":"<!-- This site is optimized with the Yoast SEO plugin v27.5 - https:\/\/yoast.com\/product\/yoast-seo-wordpress\/ -->\n<title>Wielkanocny Bon Podarunkowy - Drewniana Magia<\/title>\n<meta name=\"description\" content=\"Wielkanocny bon podarunkowy to idealny pomys\u0142 na wr\u0119czenie got\u00f3wki od Zaj\u0105czka. Wykonany z drewna, laserowo grawerowany i r\u0119cznie szlifowany.\" \/>\n<meta name=\"robots\" content=\"index, follow, max-snippet:-1, max-image-preview:large, max-video-preview:-1\" \/>\n<link rel=\"canonical\" href=\"https:\/\/www.drewnianamagia.pl\/index.php\/produkt\/wielkanocny-bon-podarunkowy\/\" \/>\n<meta property=\"og:locale\" content=\"pl_PL\" \/>\n<meta property=\"og:type\" content=\"article\" \/>\n<meta property=\"og:title\" content=\"Wielkanocny Bon Podarunkowy - Drewniana Magia\" \/>\n<meta property=\"og:description\" content=\"Wielkanocny bon podarunkowy to idealny pomys\u0142 na wr\u0119czenie got\u00f3wki od Zaj\u0105czka. Wykonany z drewna, laserowo grawerowany i r\u0119cznie szlifowany.\" \/>\n<meta property=\"og:url\" content=\"https:\/\/www.drewnianamagia.pl\/index.php\/produkt\/wielkanocny-bon-podarunkowy\/\" \/>\n<meta property=\"og:site_name\" content=\"Drewniana Magia\" \/>\n<meta property=\"article:publisher\" content=\"https:\/\/facebook.com\/BelasDrewnianaMagia\" \/>\n<meta property=\"article:modified_time\" content=\"2025-04-09T10:06:18+00:00\" \/>\n<meta property=\"og:image\" content=\"https:\/\/www.drewnianamagia.pl\/wp-content\/uploads\/2025\/04\/Wielkanocny-Bon-podarunkowy-3.jpg\" \/>\n\t<meta property=\"og:image:width\" content=\"2000\" \/>\n\t<meta property=\"og:image:height\" content=\"2000\" \/>\n\t<meta property=\"og:image:type\" content=\"image\/jpeg\" \/>\n<meta name=\"twitter:card\" content=\"summary_large_image\" \/>\n<meta name=\"twitter:label1\" content=\"Szacowany czas czytania\" \/>\n\t<meta name=\"twitter:data1\" content=\"2 minuty\" \/>\n<script type=\"application\/ld+json\" class=\"yoast-schema-graph\">{\"@context\":\"https:\\\/\\\/schema.org\",\"@graph\":[{\"@type\":\"WebPage\",\"@id\":\"https:\\\/\\\/www.drewnianamagia.pl\\\/index.php\\\/produkt\\\/wielkanocny-bon-podarunkowy\\\/\",\"url\":\"https:\\\/\\\/www.drewnianamagia.pl\\\/index.php\\\/produkt\\\/wielkanocny-bon-podarunkowy\\\/\",\"name\":\"Wielkanocny Bon Podarunkowy - Drewniana Magia\",\"isPartOf\":{\"@id\":\"https:\\\/\\\/www.drewnianamagia.pl\\\/#website\"},\"primaryImageOfPage\":{\"@id\":\"https:\\\/\\\/www.drewnianamagia.pl\\\/index.php\\\/produkt\\\/wielkanocny-bon-podarunkowy\\\/#primaryimage\"},\"image\":{\"@id\":\"https:\\\/\\\/www.drewnianamagia.pl\\\/index.php\\\/produkt\\\/wielkanocny-bon-podarunkowy\\\/#primaryimage\"},\"thumbnailUrl\":\"https:\\\/\\\/www.drewnianamagia.pl\\\/wp-content\\\/uploads\\\/2025\\\/04\\\/Wielkanocny-Bon-podarunkowy-3.jpg\",\"datePublished\":\"2025-04-09T09:33:52+00:00\",\"dateModified\":\"2025-04-09T10:06:18+00:00\",\"description\":\"Wielkanocny bon podarunkowy to idealny pomys\u0142 na wr\u0119czenie got\u00f3wki od Zaj\u0105czka. Wykonany z drewna, laserowo grawerowany i r\u0119cznie szlifowany.\",\"breadcrumb\":{\"@id\":\"https:\\\/\\\/www.drewnianamagia.pl\\\/index.php\\\/produkt\\\/wielkanocny-bon-podarunkowy\\\/#breadcrumb\"},\"inLanguage\":\"pl-PL\",\"potentialAction\":[{\"@type\":\"ReadAction\",\"target\":[\"https:\\\/\\\/www.drewnianamagia.pl\\\/index.php\\\/produkt\\\/wielkanocny-bon-podarunkowy\\\/\"]}]},{\"@type\":\"ImageObject\",\"inLanguage\":\"pl-PL\",\"@id\":\"https:\\\/\\\/www.drewnianamagia.pl\\\/index.php\\\/produkt\\\/wielkanocny-bon-podarunkowy\\\/#primaryimage\",\"url\":\"https:\\\/\\\/www.drewnianamagia.pl\\\/wp-content\\\/uploads\\\/2025\\\/04\\\/Wielkanocny-Bon-podarunkowy-3.jpg\",\"contentUrl\":\"https:\\\/\\\/www.drewnianamagia.pl\\\/wp-content\\\/uploads\\\/2025\\\/04\\\/Wielkanocny-Bon-podarunkowy-3.jpg\",\"width\":2000,\"height\":2000,\"caption\":\"Wielkanocny bon podarunkowy\"},{\"@type\":\"BreadcrumbList\",\"@id\":\"https:\\\/\\\/www.drewnianamagia.pl\\\/index.php\\\/produkt\\\/wielkanocny-bon-podarunkowy\\\/#breadcrumb\",\"itemListElement\":[{\"@type\":\"ListItem\",\"position\":1,\"name\":\"Strona g\u0142\u00f3wna\",\"item\":\"https:\\\/\\\/www.drewnianamagia.pl\\\/\"},{\"@type\":\"ListItem\",\"position\":2,\"name\":\"Sklep\",\"item\":\"https:\\\/\\\/www.drewnianamagia.pl\\\/index.php\\\/sklep-internetowy-drewnianamagia\\\/\"},{\"@type\":\"ListItem\",\"position\":3,\"name\":\"Wielkanocny Bon Podarunkowy\"}]},{\"@type\":\"WebSite\",\"@id\":\"https:\\\/\\\/www.drewnianamagia.pl\\\/#website\",\"url\":\"https:\\\/\\\/www.drewnianamagia.pl\\\/\",\"name\":\"Drewniana Magia\",\"description\":\"Personalizowane prezenty i dekoracje z drewna i druku 3D, na ka\u017cd\u0105 okazj\u0119 i okoliczno\u015b\u0107. Urodziny, Chrzest, Przyj\u0119cie, \u015awi\u0119ta, \u015alub\",\"publisher\":{\"@id\":\"https:\\\/\\\/www.drewnianamagia.pl\\\/#organization\"},\"potentialAction\":[{\"@type\":\"SearchAction\",\"target\":{\"@type\":\"EntryPoint\",\"urlTemplate\":\"https:\\\/\\\/www.drewnianamagia.pl\\\/?s={search_term_string}\"},\"query-input\":{\"@type\":\"PropertyValueSpecification\",\"valueRequired\":true,\"valueName\":\"search_term_string\"}}],\"inLanguage\":\"pl-PL\"},{\"@type\":\"Organization\",\"@id\":\"https:\\\/\\\/www.drewnianamagia.pl\\\/#organization\",\"name\":\"Drewniana Magia\",\"url\":\"https:\\\/\\\/www.drewnianamagia.pl\\\/\",\"logo\":{\"@type\":\"ImageObject\",\"inLanguage\":\"pl-PL\",\"@id\":\"https:\\\/\\\/www.drewnianamagia.pl\\\/#\\\/schema\\\/logo\\\/image\\\/\",\"url\":\"https:\\\/\\\/www.drewnianamagia.pl\\\/wp-content\\\/uploads\\\/2024\\\/02\\\/cropped-LOGO-DrewnianaMagia-375x188-1.png\",\"contentUrl\":\"https:\\\/\\\/www.drewnianamagia.pl\\\/wp-content\\\/uploads\\\/2024\\\/02\\\/cropped-LOGO-DrewnianaMagia-375x188-1.png\",\"width\":374,\"height\":188,\"caption\":\"Drewniana Magia\"},\"image\":{\"@id\":\"https:\\\/\\\/www.drewnianamagia.pl\\\/#\\\/schema\\\/logo\\\/image\\\/\"},\"sameAs\":[\"https:\\\/\\\/facebook.com\\\/BelasDrewnianaMagia\"]}]}<\/script>\n<!-- \/ Yoast SEO plugin. -->","yoast_head_json":{"title":"Wielkanocny Bon Podarunkowy - Drewniana Magia","description":"Wielkanocny bon podarunkowy to idealny pomys\u0142 na wr\u0119czenie got\u00f3wki od Zaj\u0105czka. Wykonany z drewna, laserowo grawerowany i r\u0119cznie szlifowany.","robots":{"index":"index","follow":"follow","max-snippet":"max-snippet:-1","max-image-preview":"max-image-preview:large","max-video-preview":"max-video-preview:-1"},"canonical":"https:\/\/www.drewnianamagia.pl\/index.php\/produkt\/wielkanocny-bon-podarunkowy\/","og_locale":"pl_PL","og_type":"article","og_title":"Wielkanocny Bon Podarunkowy - Drewniana Magia","og_description":"Wielkanocny bon podarunkowy to idealny pomys\u0142 na wr\u0119czenie got\u00f3wki od Zaj\u0105czka. Wykonany z drewna, laserowo grawerowany i r\u0119cznie szlifowany.","og_url":"https:\/\/www.drewnianamagia.pl\/index.php\/produkt\/wielkanocny-bon-podarunkowy\/","og_site_name":"Drewniana Magia","article_publisher":"https:\/\/facebook.com\/BelasDrewnianaMagia","article_modified_time":"2025-04-09T10:06:18+00:00","og_image":[{"width":2000,"height":2000,"url":"https:\/\/www.drewnianamagia.pl\/wp-content\/uploads\/2025\/04\/Wielkanocny-Bon-podarunkowy-3.jpg","type":"image\/jpeg"}],"twitter_card":"summary_large_image","twitter_misc":{"Szacowany czas czytania":"2 minuty"},"schema":{"@context":"https:\/\/schema.org","@graph":[{"@type":"WebPage","@id":"https:\/\/www.drewnianamagia.pl\/index.php\/produkt\/wielkanocny-bon-podarunkowy\/","url":"https:\/\/www.drewnianamagia.pl\/index.php\/produkt\/wielkanocny-bon-podarunkowy\/","name":"Wielkanocny Bon Podarunkowy - Drewniana Magia","isPartOf":{"@id":"https:\/\/www.drewnianamagia.pl\/#website"},"primaryImageOfPage":{"@id":"https:\/\/www.drewnianamagia.pl\/index.php\/produkt\/wielkanocny-bon-podarunkowy\/#primaryimage"},"image":{"@id":"https:\/\/www.drewnianamagia.pl\/index.php\/produkt\/wielkanocny-bon-podarunkowy\/#primaryimage"},"thumbnailUrl":"https:\/\/www.drewnianamagia.pl\/wp-content\/uploads\/2025\/04\/Wielkanocny-Bon-podarunkowy-3.jpg","datePublished":"2025-04-09T09:33:52+00:00","dateModified":"2025-04-09T10:06:18+00:00","description":"Wielkanocny bon podarunkowy to idealny pomys\u0142 na wr\u0119czenie got\u00f3wki od Zaj\u0105czka. Wykonany z drewna, laserowo grawerowany i r\u0119cznie szlifowany.","breadcrumb":{"@id":"https:\/\/www.drewnianamagia.pl\/index.php\/produkt\/wielkanocny-bon-podarunkowy\/#breadcrumb"},"inLanguage":"pl-PL","potentialAction":[{"@type":"ReadAction","target":["https:\/\/www.drewnianamagia.pl\/index.php\/produkt\/wielkanocny-bon-podarunkowy\/"]}]},{"@type":"ImageObject","inLanguage":"pl-PL","@id":"https:\/\/www.drewnianamagia.pl\/index.php\/produkt\/wielkanocny-bon-podarunkowy\/#primaryimage","url":"https:\/\/www.drewnianamagia.pl\/wp-content\/uploads\/2025\/04\/Wielkanocny-Bon-podarunkowy-3.jpg","contentUrl":"https:\/\/www.drewnianamagia.pl\/wp-content\/uploads\/2025\/04\/Wielkanocny-Bon-podarunkowy-3.jpg","width":2000,"height":2000,"caption":"Wielkanocny bon podarunkowy"},{"@type":"BreadcrumbList","@id":"https:\/\/www.drewnianamagia.pl\/index.php\/produkt\/wielkanocny-bon-podarunkowy\/#breadcrumb","itemListElement":[{"@type":"ListItem","position":1,"name":"Strona g\u0142\u00f3wna","item":"https:\/\/www.drewnianamagia.pl\/"},{"@type":"ListItem","position":2,"name":"Sklep","item":"https:\/\/www.drewnianamagia.pl\/index.php\/sklep-internetowy-drewnianamagia\/"},{"@type":"ListItem","position":3,"name":"Wielkanocny Bon Podarunkowy"}]},{"@type":"WebSite","@id":"https:\/\/www.drewnianamagia.pl\/#website","url":"https:\/\/www.drewnianamagia.pl\/","name":"Drewniana Magia","description":"Personalizowane prezenty i dekoracje z drewna i druku 3D, na ka\u017cd\u0105 okazj\u0119 i okoliczno\u015b\u0107. Urodziny, Chrzest, Przyj\u0119cie, \u015awi\u0119ta, \u015alub","publisher":{"@id":"https:\/\/www.drewnianamagia.pl\/#organization"},"potentialAction":[{"@type":"SearchAction","target":{"@type":"EntryPoint","urlTemplate":"https:\/\/www.drewnianamagia.pl\/?s={search_term_string}"},"query-input":{"@type":"PropertyValueSpecification","valueRequired":true,"valueName":"search_term_string"}}],"inLanguage":"pl-PL"},{"@type":"Organization","@id":"https:\/\/www.drewnianamagia.pl\/#organization","name":"Drewniana Magia","url":"https:\/\/www.drewnianamagia.pl\/","logo":{"@type":"ImageObject","inLanguage":"pl-PL","@id":"https:\/\/www.drewnianamagia.pl\/#\/schema\/logo\/image\/","url":"https:\/\/www.drewnianamagia.pl\/wp-content\/uploads\/2024\/02\/cropped-LOGO-DrewnianaMagia-375x188-1.png","contentUrl":"https:\/\/www.drewnianamagia.pl\/wp-content\/uploads\/2024\/02\/cropped-LOGO-DrewnianaMagia-375x188-1.png","width":374,"height":188,"caption":"Drewniana Magia"},"image":{"@id":"https:\/\/www.drewnianamagia.pl\/#\/schema\/logo\/image\/"},"sameAs":["https:\/\/facebook.com\/BelasDrewnianaMagia"]}]}},"_links":{"self":[{"href":"https:\/\/www.drewnianamagia.pl\/index.php\/wp-json\/wp\/v2\/product\/6313","targetHints":{"allow":["GET"]}}],"collection":[{"href":"https:\/\/www.drewnianamagia.pl\/index.php\/wp-json\/wp\/v2\/product"}],"about":[{"href":"https:\/\/www.drewnianamagia.pl\/index.php\/wp-json\/wp\/v2\/types\/product"}],"replies":[{"embeddable":true,"href":"https:\/\/www.drewnianamagia.pl\/index.php\/wp-json\/wp\/v2\/comments?post=6313"}],"wp:featuredmedia":[{"embeddable":true,"href":"https:\/\/www.drewnianamagia.pl\/index.php\/wp-json\/wp\/v2\/media\/6298"}],"wp:attachment":[{"href":"https:\/\/www.drewnianamagia.pl\/index.php\/wp-json\/wp\/v2\/media?parent=6313"}],"wp:term":[{"taxonomy":"product_brand","embeddable":true,"href":"https:\/\/www.drewnianamagia.pl\/index.php\/wp-json\/wp\/v2\/product_brand?post=6313"},{"taxonomy":"product_cat","embeddable":true,"href":"https:\/\/www.drewnianamagia.pl\/index.php\/wp-json\/wp\/v2\/product_cat?post=6313"},{"taxonomy":"product_tag","embeddable":true,"href":"https:\/\/www.drewnianamagia.pl\/index.php\/wp-json\/wp\/v2\/product_tag?post=6313"}],"curies":[{"name":"wp","href":"https:\/\/api.w.org\/{rel}","templated":true}]}}