{"id":6308,"date":"2025-04-09T10:50:39","date_gmt":"2025-04-09T08:50:39","guid":{"rendered":"https:\/\/www.drewnianamagia.pl\/?post_type=product&#038;p=6308"},"modified":"2025-04-09T11:08:24","modified_gmt":"2025-04-09T09:08:24","slug":"wielkanocne-ozdoby-na-piku-zestaw-12-sztuk","status":"publish","type":"product","link":"https:\/\/www.drewnianamagia.pl\/index.php\/produkt\/wielkanocne-ozdoby-na-piku-zestaw-12-sztuk\/","title":{"rendered":"Wielkanocne ozdoby na piku &#8211; zestaw 12 sztuk"},"content":{"rendered":"<h1 style=\"text-align: center;\"><strong>Wielkanocne ozdoby na piku &#8211; zestaw 12 sztuk<\/strong><\/h1>\n<p>Urocze drewniane ozdoby na Piku z motywem zaj\u0105czk\u00f3w i kurczaczk\u00f3w. Idealne do ozdobienia domowych kwiatk\u00f3w lub innych miejsc. Elementy mo\u017cna bardzo \u0142atwo pokolorowa\u0107 (pisakami lub kredkami) co nada im niepowtarzalnego wygl\u0105du. W zestawie znajduje si\u0119 a\u017c 12 r\u00f3\u017cnych ozd\u00f3b.<\/p>\n<hr \/>\n<p><span style=\"color: #ff0000;\"><strong>PERSONALIZACJA:<\/strong><\/span><\/p>\n<p>Istnieje mo\u017cliwo\u015b\u0107 wykonania produktu bez patyczka &#8211; gdyby przeznaczeniem tych uroczych figurek mia\u0142o by\u0107 przyklejenie ich (np. do doniczki). Prosimy o podanie takiej informacji w komentarzu do zam\u00f3wienia.<\/p>\n<hr \/>\n<p><span style=\"color: #ff0000;\"><strong>SPECYFIKACJA:<\/strong><\/span><\/p>\n<ul>\n<li>Materia\u0142: wysokiej jako\u015bci sklejka drewniana o grubo\u015bci ok. 3mm<\/li>\n<li>Produkt r\u0119cznie szlifowany<\/li>\n<li>Grawer laserowy<\/li>\n<li>Wysoko\u015b\u0107 ca\u0142kowita (z przyklejonym patyczkiem): ok 21 cm<\/li>\n<li>Wysoko\u015b\u0107 ka\u017cdej figurki (bez patyczka): 8 cm<\/li>\n<\/ul>\n<hr \/>\n<p><span style=\"color: #ff0000;\"><strong>POZOSTA\u0141E INFORMACJE:<\/strong><\/span><\/p>\n<p>Kolory mog\u0105 si\u0119 nieznacznie r\u00f3\u017cni\u0107 od tych widocznych na ekranie &#8211; wynika to z ustawie\u0144 konkretnego ekranu a tak\u017ce ze specyfikacji materia\u0142u z kt\u00f3rego produkt zostanie wykonany. Drewno to naturalny surowiec i r\u00f3\u017cni si\u0119 struktur\u0105, barw\u0105 czy u\u0142o\u017ceniem s\u0142oj\u00f3w.<\/p>\n","protected":false},"excerpt":{"rendered":"<p>Wielkanocne ozdoby na piku &#8211; zestaw 12 sztuk Urocze drewniane ozdoby na Piku z motywem zaj\u0105czk\u00f3w i kurczaczk\u00f3w. Idealne do ozdobienia domowych kwiatk\u00f3w lub innych miejsc. Elementy mo\u017cna bardzo \u0142atwo pokolorowa\u0107 (pisakami lub kredkami) co nada im niepowtarzalnego wygl\u0105du. W zestawie znajduje si\u0119 a\u017c 12 r\u00f3\u017cnych ozd\u00f3b. PERSONALIZACJA: Istnieje mo\u017cliwo\u015b\u0107 wykonania produktu bez patyczka &#8211; [&hellip;]<\/p>\n","protected":false},"featured_media":6284,"comment_status":"open","ping_status":"closed","template":"","meta":{"_acf_changed":false},"product_brand":[180],"product_cat":[49,102],"product_tag":[182,178],"class_list":{"0":"post-6308","1":"product","2":"type-product","3":"status-publish","4":"has-post-thumbnail","6":"product_brand-drewniana-magia","7":"product_cat-dekoracje","8":"product_cat-wielkanoc","9":"product_tag-ozdoby-wielkanocne","10":"product_tag-wielkanoc","12":"first","13":"instock","14":"taxable","15":"shipping-taxable","16":"purchasable","17":"product-type-simple"},"acf":[],"yoast_head":"<!-- This site is optimized with the Yoast SEO plugin v27.5 - https:\/\/yoast.com\/product\/yoast-seo-wordpress\/ -->\n<title>Wielkanocne ozdoby na piku - zestaw 12 sztuk - Drewniana Magia<\/title>\n<meta name=\"description\" content=\"Wielkanocne ozdoby na piku. Zestaw 12 szt. Urocze figurki zaj\u0105czk\u00f3w i kurczaczk\u00f3w mo\u017cna pokolorowa\u0107 wed\u0142ug swoich preferencji.\" \/>\n<meta name=\"robots\" content=\"index, follow, max-snippet:-1, max-image-preview:large, max-video-preview:-1\" \/>\n<link rel=\"canonical\" href=\"https:\/\/www.drewnianamagia.pl\/index.php\/produkt\/wielkanocne-ozdoby-na-piku-zestaw-12-sztuk\/\" \/>\n<meta property=\"og:locale\" content=\"pl_PL\" \/>\n<meta property=\"og:type\" content=\"article\" \/>\n<meta property=\"og:title\" content=\"Wielkanocne ozdoby na piku - zestaw 12 sztuk - Drewniana Magia\" \/>\n<meta property=\"og:description\" content=\"Wielkanocne ozdoby na piku. Zestaw 12 szt. Urocze figurki zaj\u0105czk\u00f3w i kurczaczk\u00f3w mo\u017cna pokolorowa\u0107 wed\u0142ug swoich preferencji.\" \/>\n<meta property=\"og:url\" content=\"https:\/\/www.drewnianamagia.pl\/index.php\/produkt\/wielkanocne-ozdoby-na-piku-zestaw-12-sztuk\/\" \/>\n<meta property=\"og:site_name\" content=\"Drewniana Magia\" \/>\n<meta property=\"article:publisher\" content=\"https:\/\/facebook.com\/BelasDrewnianaMagia\" \/>\n<meta property=\"article:modified_time\" content=\"2025-04-09T09:08:24+00:00\" \/>\n<meta property=\"og:image\" content=\"https:\/\/www.drewnianamagia.pl\/wp-content\/uploads\/2025\/04\/Wielkanocne-ozdoby-na-piku-1.jpg\" \/>\n\t<meta property=\"og:image:width\" content=\"2000\" \/>\n\t<meta property=\"og:image:height\" content=\"2000\" \/>\n\t<meta property=\"og:image:type\" content=\"image\/jpeg\" \/>\n<meta name=\"twitter:card\" content=\"summary_large_image\" \/>\n<meta name=\"twitter:label1\" content=\"Szacowany czas czytania\" \/>\n\t<meta name=\"twitter:data1\" content=\"2 minuty\" \/>\n<script type=\"application\/ld+json\" class=\"yoast-schema-graph\">{\"@context\":\"https:\\\/\\\/schema.org\",\"@graph\":[{\"@type\":\"WebPage\",\"@id\":\"https:\\\/\\\/www.drewnianamagia.pl\\\/index.php\\\/produkt\\\/wielkanocne-ozdoby-na-piku-zestaw-12-sztuk\\\/\",\"url\":\"https:\\\/\\\/www.drewnianamagia.pl\\\/index.php\\\/produkt\\\/wielkanocne-ozdoby-na-piku-zestaw-12-sztuk\\\/\",\"name\":\"Wielkanocne ozdoby na piku - zestaw 12 sztuk - Drewniana Magia\",\"isPartOf\":{\"@id\":\"https:\\\/\\\/www.drewnianamagia.pl\\\/#website\"},\"primaryImageOfPage\":{\"@id\":\"https:\\\/\\\/www.drewnianamagia.pl\\\/index.php\\\/produkt\\\/wielkanocne-ozdoby-na-piku-zestaw-12-sztuk\\\/#primaryimage\"},\"image\":{\"@id\":\"https:\\\/\\\/www.drewnianamagia.pl\\\/index.php\\\/produkt\\\/wielkanocne-ozdoby-na-piku-zestaw-12-sztuk\\\/#primaryimage\"},\"thumbnailUrl\":\"https:\\\/\\\/www.drewnianamagia.pl\\\/wp-content\\\/uploads\\\/2025\\\/04\\\/Wielkanocne-ozdoby-na-piku-1.jpg\",\"datePublished\":\"2025-04-09T08:50:39+00:00\",\"dateModified\":\"2025-04-09T09:08:24+00:00\",\"description\":\"Wielkanocne ozdoby na piku. Zestaw 12 szt. Urocze figurki zaj\u0105czk\u00f3w i kurczaczk\u00f3w mo\u017cna pokolorowa\u0107 wed\u0142ug swoich preferencji.\",\"breadcrumb\":{\"@id\":\"https:\\\/\\\/www.drewnianamagia.pl\\\/index.php\\\/produkt\\\/wielkanocne-ozdoby-na-piku-zestaw-12-sztuk\\\/#breadcrumb\"},\"inLanguage\":\"pl-PL\",\"potentialAction\":[{\"@type\":\"ReadAction\",\"target\":[\"https:\\\/\\\/www.drewnianamagia.pl\\\/index.php\\\/produkt\\\/wielkanocne-ozdoby-na-piku-zestaw-12-sztuk\\\/\"]}]},{\"@type\":\"ImageObject\",\"inLanguage\":\"pl-PL\",\"@id\":\"https:\\\/\\\/www.drewnianamagia.pl\\\/index.php\\\/produkt\\\/wielkanocne-ozdoby-na-piku-zestaw-12-sztuk\\\/#primaryimage\",\"url\":\"https:\\\/\\\/www.drewnianamagia.pl\\\/wp-content\\\/uploads\\\/2025\\\/04\\\/Wielkanocne-ozdoby-na-piku-1.jpg\",\"contentUrl\":\"https:\\\/\\\/www.drewnianamagia.pl\\\/wp-content\\\/uploads\\\/2025\\\/04\\\/Wielkanocne-ozdoby-na-piku-1.jpg\",\"width\":2000,\"height\":2000,\"caption\":\"Wielkanocne ozdoby na piku\"},{\"@type\":\"BreadcrumbList\",\"@id\":\"https:\\\/\\\/www.drewnianamagia.pl\\\/index.php\\\/produkt\\\/wielkanocne-ozdoby-na-piku-zestaw-12-sztuk\\\/#breadcrumb\",\"itemListElement\":[{\"@type\":\"ListItem\",\"position\":1,\"name\":\"Strona g\u0142\u00f3wna\",\"item\":\"https:\\\/\\\/www.drewnianamagia.pl\\\/\"},{\"@type\":\"ListItem\",\"position\":2,\"name\":\"Sklep\",\"item\":\"https:\\\/\\\/www.drewnianamagia.pl\\\/index.php\\\/sklep-internetowy-drewnianamagia\\\/\"},{\"@type\":\"ListItem\",\"position\":3,\"name\":\"Wielkanocne ozdoby na piku &#8211; zestaw 12 sztuk\"}]},{\"@type\":\"WebSite\",\"@id\":\"https:\\\/\\\/www.drewnianamagia.pl\\\/#website\",\"url\":\"https:\\\/\\\/www.drewnianamagia.pl\\\/\",\"name\":\"Drewniana Magia\",\"description\":\"Personalizowane prezenty i dekoracje z drewna i druku 3D, na ka\u017cd\u0105 okazj\u0119 i okoliczno\u015b\u0107. Urodziny, Chrzest, Przyj\u0119cie, \u015awi\u0119ta, \u015alub\",\"publisher\":{\"@id\":\"https:\\\/\\\/www.drewnianamagia.pl\\\/#organization\"},\"potentialAction\":[{\"@type\":\"SearchAction\",\"target\":{\"@type\":\"EntryPoint\",\"urlTemplate\":\"https:\\\/\\\/www.drewnianamagia.pl\\\/?s={search_term_string}\"},\"query-input\":{\"@type\":\"PropertyValueSpecification\",\"valueRequired\":true,\"valueName\":\"search_term_string\"}}],\"inLanguage\":\"pl-PL\"},{\"@type\":\"Organization\",\"@id\":\"https:\\\/\\\/www.drewnianamagia.pl\\\/#organization\",\"name\":\"Drewniana Magia\",\"url\":\"https:\\\/\\\/www.drewnianamagia.pl\\\/\",\"logo\":{\"@type\":\"ImageObject\",\"inLanguage\":\"pl-PL\",\"@id\":\"https:\\\/\\\/www.drewnianamagia.pl\\\/#\\\/schema\\\/logo\\\/image\\\/\",\"url\":\"https:\\\/\\\/www.drewnianamagia.pl\\\/wp-content\\\/uploads\\\/2024\\\/02\\\/cropped-LOGO-DrewnianaMagia-375x188-1.png\",\"contentUrl\":\"https:\\\/\\\/www.drewnianamagia.pl\\\/wp-content\\\/uploads\\\/2024\\\/02\\\/cropped-LOGO-DrewnianaMagia-375x188-1.png\",\"width\":374,\"height\":188,\"caption\":\"Drewniana Magia\"},\"image\":{\"@id\":\"https:\\\/\\\/www.drewnianamagia.pl\\\/#\\\/schema\\\/logo\\\/image\\\/\"},\"sameAs\":[\"https:\\\/\\\/facebook.com\\\/BelasDrewnianaMagia\"]}]}<\/script>\n<!-- \/ Yoast SEO plugin. -->","yoast_head_json":{"title":"Wielkanocne ozdoby na piku - zestaw 12 sztuk - Drewniana Magia","description":"Wielkanocne ozdoby na piku. Zestaw 12 szt. Urocze figurki zaj\u0105czk\u00f3w i kurczaczk\u00f3w mo\u017cna pokolorowa\u0107 wed\u0142ug swoich preferencji.","robots":{"index":"index","follow":"follow","max-snippet":"max-snippet:-1","max-image-preview":"max-image-preview:large","max-video-preview":"max-video-preview:-1"},"canonical":"https:\/\/www.drewnianamagia.pl\/index.php\/produkt\/wielkanocne-ozdoby-na-piku-zestaw-12-sztuk\/","og_locale":"pl_PL","og_type":"article","og_title":"Wielkanocne ozdoby na piku - zestaw 12 sztuk - Drewniana Magia","og_description":"Wielkanocne ozdoby na piku. Zestaw 12 szt. Urocze figurki zaj\u0105czk\u00f3w i kurczaczk\u00f3w mo\u017cna pokolorowa\u0107 wed\u0142ug swoich preferencji.","og_url":"https:\/\/www.drewnianamagia.pl\/index.php\/produkt\/wielkanocne-ozdoby-na-piku-zestaw-12-sztuk\/","og_site_name":"Drewniana Magia","article_publisher":"https:\/\/facebook.com\/BelasDrewnianaMagia","article_modified_time":"2025-04-09T09:08:24+00:00","og_image":[{"width":2000,"height":2000,"url":"https:\/\/www.drewnianamagia.pl\/wp-content\/uploads\/2025\/04\/Wielkanocne-ozdoby-na-piku-1.jpg","type":"image\/jpeg"}],"twitter_card":"summary_large_image","twitter_misc":{"Szacowany czas czytania":"2 minuty"},"schema":{"@context":"https:\/\/schema.org","@graph":[{"@type":"WebPage","@id":"https:\/\/www.drewnianamagia.pl\/index.php\/produkt\/wielkanocne-ozdoby-na-piku-zestaw-12-sztuk\/","url":"https:\/\/www.drewnianamagia.pl\/index.php\/produkt\/wielkanocne-ozdoby-na-piku-zestaw-12-sztuk\/","name":"Wielkanocne ozdoby na piku - zestaw 12 sztuk - Drewniana Magia","isPartOf":{"@id":"https:\/\/www.drewnianamagia.pl\/#website"},"primaryImageOfPage":{"@id":"https:\/\/www.drewnianamagia.pl\/index.php\/produkt\/wielkanocne-ozdoby-na-piku-zestaw-12-sztuk\/#primaryimage"},"image":{"@id":"https:\/\/www.drewnianamagia.pl\/index.php\/produkt\/wielkanocne-ozdoby-na-piku-zestaw-12-sztuk\/#primaryimage"},"thumbnailUrl":"https:\/\/www.drewnianamagia.pl\/wp-content\/uploads\/2025\/04\/Wielkanocne-ozdoby-na-piku-1.jpg","datePublished":"2025-04-09T08:50:39+00:00","dateModified":"2025-04-09T09:08:24+00:00","description":"Wielkanocne ozdoby na piku. Zestaw 12 szt. Urocze figurki zaj\u0105czk\u00f3w i kurczaczk\u00f3w mo\u017cna pokolorowa\u0107 wed\u0142ug swoich preferencji.","breadcrumb":{"@id":"https:\/\/www.drewnianamagia.pl\/index.php\/produkt\/wielkanocne-ozdoby-na-piku-zestaw-12-sztuk\/#breadcrumb"},"inLanguage":"pl-PL","potentialAction":[{"@type":"ReadAction","target":["https:\/\/www.drewnianamagia.pl\/index.php\/produkt\/wielkanocne-ozdoby-na-piku-zestaw-12-sztuk\/"]}]},{"@type":"ImageObject","inLanguage":"pl-PL","@id":"https:\/\/www.drewnianamagia.pl\/index.php\/produkt\/wielkanocne-ozdoby-na-piku-zestaw-12-sztuk\/#primaryimage","url":"https:\/\/www.drewnianamagia.pl\/wp-content\/uploads\/2025\/04\/Wielkanocne-ozdoby-na-piku-1.jpg","contentUrl":"https:\/\/www.drewnianamagia.pl\/wp-content\/uploads\/2025\/04\/Wielkanocne-ozdoby-na-piku-1.jpg","width":2000,"height":2000,"caption":"Wielkanocne ozdoby na piku"},{"@type":"BreadcrumbList","@id":"https:\/\/www.drewnianamagia.pl\/index.php\/produkt\/wielkanocne-ozdoby-na-piku-zestaw-12-sztuk\/#breadcrumb","itemListElement":[{"@type":"ListItem","position":1,"name":"Strona g\u0142\u00f3wna","item":"https:\/\/www.drewnianamagia.pl\/"},{"@type":"ListItem","position":2,"name":"Sklep","item":"https:\/\/www.drewnianamagia.pl\/index.php\/sklep-internetowy-drewnianamagia\/"},{"@type":"ListItem","position":3,"name":"Wielkanocne ozdoby na piku &#8211; zestaw 12 sztuk"}]},{"@type":"WebSite","@id":"https:\/\/www.drewnianamagia.pl\/#website","url":"https:\/\/www.drewnianamagia.pl\/","name":"Drewniana Magia","description":"Personalizowane prezenty i dekoracje z drewna i druku 3D, na ka\u017cd\u0105 okazj\u0119 i okoliczno\u015b\u0107. Urodziny, Chrzest, Przyj\u0119cie, \u015awi\u0119ta, \u015alub","publisher":{"@id":"https:\/\/www.drewnianamagia.pl\/#organization"},"potentialAction":[{"@type":"SearchAction","target":{"@type":"EntryPoint","urlTemplate":"https:\/\/www.drewnianamagia.pl\/?s={search_term_string}"},"query-input":{"@type":"PropertyValueSpecification","valueRequired":true,"valueName":"search_term_string"}}],"inLanguage":"pl-PL"},{"@type":"Organization","@id":"https:\/\/www.drewnianamagia.pl\/#organization","name":"Drewniana Magia","url":"https:\/\/www.drewnianamagia.pl\/","logo":{"@type":"ImageObject","inLanguage":"pl-PL","@id":"https:\/\/www.drewnianamagia.pl\/#\/schema\/logo\/image\/","url":"https:\/\/www.drewnianamagia.pl\/wp-content\/uploads\/2024\/02\/cropped-LOGO-DrewnianaMagia-375x188-1.png","contentUrl":"https:\/\/www.drewnianamagia.pl\/wp-content\/uploads\/2024\/02\/cropped-LOGO-DrewnianaMagia-375x188-1.png","width":374,"height":188,"caption":"Drewniana Magia"},"image":{"@id":"https:\/\/www.drewnianamagia.pl\/#\/schema\/logo\/image\/"},"sameAs":["https:\/\/facebook.com\/BelasDrewnianaMagia"]}]}},"_links":{"self":[{"href":"https:\/\/www.drewnianamagia.pl\/index.php\/wp-json\/wp\/v2\/product\/6308","targetHints":{"allow":["GET"]}}],"collection":[{"href":"https:\/\/www.drewnianamagia.pl\/index.php\/wp-json\/wp\/v2\/product"}],"about":[{"href":"https:\/\/www.drewnianamagia.pl\/index.php\/wp-json\/wp\/v2\/types\/product"}],"replies":[{"embeddable":true,"href":"https:\/\/www.drewnianamagia.pl\/index.php\/wp-json\/wp\/v2\/comments?post=6308"}],"wp:featuredmedia":[{"embeddable":true,"href":"https:\/\/www.drewnianamagia.pl\/index.php\/wp-json\/wp\/v2\/media\/6284"}],"wp:attachment":[{"href":"https:\/\/www.drewnianamagia.pl\/index.php\/wp-json\/wp\/v2\/media?parent=6308"}],"wp:term":[{"taxonomy":"product_brand","embeddable":true,"href":"https:\/\/www.drewnianamagia.pl\/index.php\/wp-json\/wp\/v2\/product_brand?post=6308"},{"taxonomy":"product_cat","embeddable":true,"href":"https:\/\/www.drewnianamagia.pl\/index.php\/wp-json\/wp\/v2\/product_cat?post=6308"},{"taxonomy":"product_tag","embeddable":true,"href":"https:\/\/www.drewnianamagia.pl\/index.php\/wp-json\/wp\/v2\/product_tag?post=6308"}],"curies":[{"name":"wp","href":"https:\/\/api.w.org\/{rel}","templated":true}]}}