{"id":6261,"date":"2025-04-07T11:40:37","date_gmt":"2025-04-07T09:40:37","guid":{"rendered":"https:\/\/www.drewnianamagia.pl\/?post_type=product&#038;p=6261"},"modified":"2025-09-16T13:48:41","modified_gmt":"2025-09-16T11:48:41","slug":"brelok-do-kluczy-grupa-krwi-a-b-ab-0","status":"publish","type":"product","link":"https:\/\/www.drewnianamagia.pl\/index.php\/produkt\/brelok-do-kluczy-grupa-krwi-a-b-ab-0\/","title":{"rendered":"Brelok do kluczy &#8211; grupa krwi (A, B, AB, 0)"},"content":{"rendered":"<h1 style=\"text-align: center;\"><strong>Brelok do kluczy &#8211; grupa krwi<\/strong><\/h1>\n<p>Wyj\u0105tkowo przydatny brelok do kluczy z wybran\u0105 grup\u0105 krwi. Miej go zawsze przy sobie. Niepozorny a mo\u017ce uratowa\u0107 \u017cycie.<\/p>\n<p>Dobry pomys\u0142 na dodatek do prezentu dla kogo\u015b bliskiego lub dla siebie.<\/p>\n<p>Breloki wyst\u0119puj\u0105 w wariantach 0, A, B, AB wraz z okre\u015bleniem RH (-) lub (+). Wybierz taki jaki potrzebujesz.<\/p>\n<hr \/>\n<p><span style=\"color: #ff0000;\"><strong>OPCJA DO WYBORU:<\/strong><\/span><\/p>\n<p>Wybierz wersj\u0119 breloka: <span style=\"color: #ff0000;\">A-<\/span>, <span style=\"color: #ff0000;\">A+<\/span>, <span style=\"color: #ff0000;\">B-<\/span>, <span style=\"color: #ff0000;\">B+<\/span>, <span style=\"color: #ff0000;\">AB-<\/span>, <span style=\"color: #ff0000;\">AB+<\/span>, <span style=\"color: #ff0000;\">0-<\/span> lub <span style=\"color: #ff0000;\">0+<\/span><\/p>\n<hr \/>\n<p><span style=\"color: #ff0000;\"><strong>SPECYFIKACJA:<\/strong><\/span><\/p>\n<ul>\n<li>Materia\u0142: PLA<\/li>\n<li>Produkt wykonany w technologii druku 3D<\/li>\n<li>Wysoko\u015b\u0107: 3 cm<\/li>\n<li>Szeroko\u015b\u0107: 5-7 cm (w zale\u017cno\u015bci od wybranego wariantu)<\/li>\n<li>W zestawie k\u00f3\u0142ko do kluczy.<\/li>\n<\/ul>\n<hr \/>\n<p><span style=\"color: #ff0000;\"><strong>POZOSTA\u0141E INFORMACJE:<\/strong><\/span><\/p>\n<p>Dok\u0142adamy wszelkich stara\u0144 aby nasze produkty by\u0142y jak najwy\u017cszej jako\u015bci dlatego do wykonania tego produktu korzystamy z profesjonalnej drukarki 3D.\u00a0Kolory w rzeczywisto\u015bci mog\u0105 nieznacznie si\u0119 r\u00f3\u017cni\u0107 w zale\u017cno\u015bci od ustawienia ekranu. Produkty wykonane w tej technologii mog\u0105 posiada\u0107 niewielkie niedoskona\u0142o\u015bci, kt\u00f3re nie maj\u0105 wp\u0142ywu na funkcjonalno\u015b\u0107. Produkty wykonane z tworzywa PLA nie powinny znajdowa\u0107 si\u0119 w \u015brodowisku o temperaturze przekraczaj\u0105cej 50 st C.<\/p>\n","protected":false},"excerpt":{"rendered":"<p>Brelok do kluczy &#8211; grupa krwi Wyj\u0105tkowo przydatny brelok do kluczy z wybran\u0105 grup\u0105 krwi. Miej go zawsze przy sobie. Niepozorny a mo\u017ce uratowa\u0107 \u017cycie. Dobry pomys\u0142 na dodatek do prezentu dla kogo\u015b bliskiego lub dla siebie. Breloki wyst\u0119puj\u0105 w wariantach 0, A, B, AB wraz z okre\u015bleniem RH (-) lub (+). Wybierz taki jaki [&hellip;]<\/p>\n","protected":false},"featured_media":6254,"comment_status":"open","ping_status":"closed","template":"","meta":{"_acf_changed":false},"product_brand":[180],"product_cat":[32,170,109,108,100,96],"product_tag":[53],"class_list":{"0":"post-6261","1":"product","2":"type-product","3":"status-publish","4":"has-post-thumbnail","6":"product_brand-drewniana-magia","7":"product_cat-breloki","8":"product_cat-druk-3d","9":"product_cat-dzien-chlopaka","10":"product_cat-dzien-kobiet","11":"product_cat-dzien-matki-dzien-ojca","12":"product_cat-urodziny-imieniny","13":"product_tag-brelok","15":"first","16":"outofstock","17":"taxable","18":"shipping-taxable","19":"purchasable","20":"product-type-simple"},"acf":[],"yoast_head":"<!-- This site is optimized with the Yoast SEO plugin v27.3 - https:\/\/yoast.com\/product\/yoast-seo-wordpress\/ -->\n<title>Brelok do kluczy - grupa krwi (A, B, AB, 0) - Drewniana Magia<\/title>\n<meta name=\"description\" content=\"Praktyczny brelok do kluczy z grup\u0105 krwi. Wybierz swoj\u0105 wersj\u0119. Miej go zawsze przy sobie - mo\u017ce uratowa\u0107 \u017cycie. Wykonany z PLA. W zestawie k\u00f3\u0142ko do kluczy.\" \/>\n<meta name=\"robots\" content=\"index, follow, max-snippet:-1, max-image-preview:large, max-video-preview:-1\" \/>\n<link rel=\"canonical\" href=\"https:\/\/www.drewnianamagia.pl\/index.php\/produkt\/brelok-do-kluczy-grupa-krwi-a-b-ab-0\/\" \/>\n<meta property=\"og:locale\" content=\"pl_PL\" \/>\n<meta property=\"og:type\" content=\"article\" \/>\n<meta property=\"og:title\" content=\"Brelok do kluczy - grupa krwi (A, B, AB, 0) - Drewniana Magia\" \/>\n<meta property=\"og:description\" content=\"Praktyczny brelok do kluczy z grup\u0105 krwi. Wybierz swoj\u0105 wersj\u0119. Miej go zawsze przy sobie - mo\u017ce uratowa\u0107 \u017cycie. Wykonany z PLA. W zestawie k\u00f3\u0142ko do kluczy.\" \/>\n<meta property=\"og:url\" content=\"https:\/\/www.drewnianamagia.pl\/index.php\/produkt\/brelok-do-kluczy-grupa-krwi-a-b-ab-0\/\" \/>\n<meta property=\"og:site_name\" content=\"Drewniana Magia\" \/>\n<meta property=\"article:publisher\" content=\"https:\/\/facebook.com\/BelasDrewnianaMagia\" \/>\n<meta property=\"article:modified_time\" content=\"2025-09-16T11:48:41+00:00\" \/>\n<meta property=\"og:image\" content=\"https:\/\/www.drewnianamagia.pl\/wp-content\/uploads\/2025\/04\/brelok-grupa-krwii-abplus.jpg\" \/>\n\t<meta property=\"og:image:width\" content=\"2000\" \/>\n\t<meta property=\"og:image:height\" content=\"2000\" \/>\n\t<meta property=\"og:image:type\" content=\"image\/jpeg\" \/>\n<meta name=\"twitter:card\" content=\"summary_large_image\" \/>\n<meta name=\"twitter:label1\" content=\"Szacowany czas czytania\" \/>\n\t<meta name=\"twitter:data1\" content=\"2 minuty\" \/>\n<script type=\"application\/ld+json\" class=\"yoast-schema-graph\">{\"@context\":\"https:\\\/\\\/schema.org\",\"@graph\":[{\"@type\":\"WebPage\",\"@id\":\"https:\\\/\\\/www.drewnianamagia.pl\\\/index.php\\\/produkt\\\/brelok-do-kluczy-grupa-krwi-a-b-ab-0\\\/\",\"url\":\"https:\\\/\\\/www.drewnianamagia.pl\\\/index.php\\\/produkt\\\/brelok-do-kluczy-grupa-krwi-a-b-ab-0\\\/\",\"name\":\"Brelok do kluczy - grupa krwi (A, B, AB, 0) - Drewniana Magia\",\"isPartOf\":{\"@id\":\"https:\\\/\\\/www.drewnianamagia.pl\\\/#website\"},\"primaryImageOfPage\":{\"@id\":\"https:\\\/\\\/www.drewnianamagia.pl\\\/index.php\\\/produkt\\\/brelok-do-kluczy-grupa-krwi-a-b-ab-0\\\/#primaryimage\"},\"image\":{\"@id\":\"https:\\\/\\\/www.drewnianamagia.pl\\\/index.php\\\/produkt\\\/brelok-do-kluczy-grupa-krwi-a-b-ab-0\\\/#primaryimage\"},\"thumbnailUrl\":\"https:\\\/\\\/www.drewnianamagia.pl\\\/wp-content\\\/uploads\\\/2025\\\/04\\\/brelok-grupa-krwii-abplus.jpg\",\"datePublished\":\"2025-04-07T09:40:37+00:00\",\"dateModified\":\"2025-09-16T11:48:41+00:00\",\"description\":\"Praktyczny brelok do kluczy z grup\u0105 krwi. Wybierz swoj\u0105 wersj\u0119. Miej go zawsze przy sobie - mo\u017ce uratowa\u0107 \u017cycie. Wykonany z PLA. W zestawie k\u00f3\u0142ko do kluczy.\",\"breadcrumb\":{\"@id\":\"https:\\\/\\\/www.drewnianamagia.pl\\\/index.php\\\/produkt\\\/brelok-do-kluczy-grupa-krwi-a-b-ab-0\\\/#breadcrumb\"},\"inLanguage\":\"pl-PL\",\"potentialAction\":[{\"@type\":\"ReadAction\",\"target\":[\"https:\\\/\\\/www.drewnianamagia.pl\\\/index.php\\\/produkt\\\/brelok-do-kluczy-grupa-krwi-a-b-ab-0\\\/\"]}]},{\"@type\":\"ImageObject\",\"inLanguage\":\"pl-PL\",\"@id\":\"https:\\\/\\\/www.drewnianamagia.pl\\\/index.php\\\/produkt\\\/brelok-do-kluczy-grupa-krwi-a-b-ab-0\\\/#primaryimage\",\"url\":\"https:\\\/\\\/www.drewnianamagia.pl\\\/wp-content\\\/uploads\\\/2025\\\/04\\\/brelok-grupa-krwii-abplus.jpg\",\"contentUrl\":\"https:\\\/\\\/www.drewnianamagia.pl\\\/wp-content\\\/uploads\\\/2025\\\/04\\\/brelok-grupa-krwii-abplus.jpg\",\"width\":2000,\"height\":2000,\"caption\":\"brelok do kluczy z grupa krwi AB rh+\"},{\"@type\":\"BreadcrumbList\",\"@id\":\"https:\\\/\\\/www.drewnianamagia.pl\\\/index.php\\\/produkt\\\/brelok-do-kluczy-grupa-krwi-a-b-ab-0\\\/#breadcrumb\",\"itemListElement\":[{\"@type\":\"ListItem\",\"position\":1,\"name\":\"Strona g\u0142\u00f3wna\",\"item\":\"https:\\\/\\\/www.drewnianamagia.pl\\\/\"},{\"@type\":\"ListItem\",\"position\":2,\"name\":\"Sklep\",\"item\":\"https:\\\/\\\/www.drewnianamagia.pl\\\/index.php\\\/sklep-internetowy-drewnianamagia\\\/\"},{\"@type\":\"ListItem\",\"position\":3,\"name\":\"Brelok do kluczy &#8211; grupa krwi (A, B, AB, 0)\"}]},{\"@type\":\"WebSite\",\"@id\":\"https:\\\/\\\/www.drewnianamagia.pl\\\/#website\",\"url\":\"https:\\\/\\\/www.drewnianamagia.pl\\\/\",\"name\":\"Drewniana Magia\",\"description\":\"Personalizowane prezenty i dekoracje z drewna i druku 3D, na ka\u017cd\u0105 okazj\u0119 i okoliczno\u015b\u0107. Urodziny, Chrzest, Przyj\u0119cie, \u015awi\u0119ta, \u015alub\",\"publisher\":{\"@id\":\"https:\\\/\\\/www.drewnianamagia.pl\\\/#organization\"},\"potentialAction\":[{\"@type\":\"SearchAction\",\"target\":{\"@type\":\"EntryPoint\",\"urlTemplate\":\"https:\\\/\\\/www.drewnianamagia.pl\\\/?s={search_term_string}\"},\"query-input\":{\"@type\":\"PropertyValueSpecification\",\"valueRequired\":true,\"valueName\":\"search_term_string\"}}],\"inLanguage\":\"pl-PL\"},{\"@type\":\"Organization\",\"@id\":\"https:\\\/\\\/www.drewnianamagia.pl\\\/#organization\",\"name\":\"Drewniana Magia\",\"url\":\"https:\\\/\\\/www.drewnianamagia.pl\\\/\",\"logo\":{\"@type\":\"ImageObject\",\"inLanguage\":\"pl-PL\",\"@id\":\"https:\\\/\\\/www.drewnianamagia.pl\\\/#\\\/schema\\\/logo\\\/image\\\/\",\"url\":\"https:\\\/\\\/www.drewnianamagia.pl\\\/wp-content\\\/uploads\\\/2024\\\/02\\\/cropped-LOGO-DrewnianaMagia-375x188-1.png\",\"contentUrl\":\"https:\\\/\\\/www.drewnianamagia.pl\\\/wp-content\\\/uploads\\\/2024\\\/02\\\/cropped-LOGO-DrewnianaMagia-375x188-1.png\",\"width\":374,\"height\":188,\"caption\":\"Drewniana Magia\"},\"image\":{\"@id\":\"https:\\\/\\\/www.drewnianamagia.pl\\\/#\\\/schema\\\/logo\\\/image\\\/\"},\"sameAs\":[\"https:\\\/\\\/facebook.com\\\/BelasDrewnianaMagia\"]}]}<\/script>\n<!-- \/ Yoast SEO plugin. -->","yoast_head_json":{"title":"Brelok do kluczy - grupa krwi (A, B, AB, 0) - Drewniana Magia","description":"Praktyczny brelok do kluczy z grup\u0105 krwi. Wybierz swoj\u0105 wersj\u0119. Miej go zawsze przy sobie - mo\u017ce uratowa\u0107 \u017cycie. Wykonany z PLA. W zestawie k\u00f3\u0142ko do kluczy.","robots":{"index":"index","follow":"follow","max-snippet":"max-snippet:-1","max-image-preview":"max-image-preview:large","max-video-preview":"max-video-preview:-1"},"canonical":"https:\/\/www.drewnianamagia.pl\/index.php\/produkt\/brelok-do-kluczy-grupa-krwi-a-b-ab-0\/","og_locale":"pl_PL","og_type":"article","og_title":"Brelok do kluczy - grupa krwi (A, B, AB, 0) - Drewniana Magia","og_description":"Praktyczny brelok do kluczy z grup\u0105 krwi. Wybierz swoj\u0105 wersj\u0119. Miej go zawsze przy sobie - mo\u017ce uratowa\u0107 \u017cycie. Wykonany z PLA. W zestawie k\u00f3\u0142ko do kluczy.","og_url":"https:\/\/www.drewnianamagia.pl\/index.php\/produkt\/brelok-do-kluczy-grupa-krwi-a-b-ab-0\/","og_site_name":"Drewniana Magia","article_publisher":"https:\/\/facebook.com\/BelasDrewnianaMagia","article_modified_time":"2025-09-16T11:48:41+00:00","og_image":[{"width":2000,"height":2000,"url":"https:\/\/www.drewnianamagia.pl\/wp-content\/uploads\/2025\/04\/brelok-grupa-krwii-abplus.jpg","type":"image\/jpeg"}],"twitter_card":"summary_large_image","twitter_misc":{"Szacowany czas czytania":"2 minuty"},"schema":{"@context":"https:\/\/schema.org","@graph":[{"@type":"WebPage","@id":"https:\/\/www.drewnianamagia.pl\/index.php\/produkt\/brelok-do-kluczy-grupa-krwi-a-b-ab-0\/","url":"https:\/\/www.drewnianamagia.pl\/index.php\/produkt\/brelok-do-kluczy-grupa-krwi-a-b-ab-0\/","name":"Brelok do kluczy - grupa krwi (A, B, AB, 0) - Drewniana Magia","isPartOf":{"@id":"https:\/\/www.drewnianamagia.pl\/#website"},"primaryImageOfPage":{"@id":"https:\/\/www.drewnianamagia.pl\/index.php\/produkt\/brelok-do-kluczy-grupa-krwi-a-b-ab-0\/#primaryimage"},"image":{"@id":"https:\/\/www.drewnianamagia.pl\/index.php\/produkt\/brelok-do-kluczy-grupa-krwi-a-b-ab-0\/#primaryimage"},"thumbnailUrl":"https:\/\/www.drewnianamagia.pl\/wp-content\/uploads\/2025\/04\/brelok-grupa-krwii-abplus.jpg","datePublished":"2025-04-07T09:40:37+00:00","dateModified":"2025-09-16T11:48:41+00:00","description":"Praktyczny brelok do kluczy z grup\u0105 krwi. Wybierz swoj\u0105 wersj\u0119. Miej go zawsze przy sobie - mo\u017ce uratowa\u0107 \u017cycie. Wykonany z PLA. W zestawie k\u00f3\u0142ko do kluczy.","breadcrumb":{"@id":"https:\/\/www.drewnianamagia.pl\/index.php\/produkt\/brelok-do-kluczy-grupa-krwi-a-b-ab-0\/#breadcrumb"},"inLanguage":"pl-PL","potentialAction":[{"@type":"ReadAction","target":["https:\/\/www.drewnianamagia.pl\/index.php\/produkt\/brelok-do-kluczy-grupa-krwi-a-b-ab-0\/"]}]},{"@type":"ImageObject","inLanguage":"pl-PL","@id":"https:\/\/www.drewnianamagia.pl\/index.php\/produkt\/brelok-do-kluczy-grupa-krwi-a-b-ab-0\/#primaryimage","url":"https:\/\/www.drewnianamagia.pl\/wp-content\/uploads\/2025\/04\/brelok-grupa-krwii-abplus.jpg","contentUrl":"https:\/\/www.drewnianamagia.pl\/wp-content\/uploads\/2025\/04\/brelok-grupa-krwii-abplus.jpg","width":2000,"height":2000,"caption":"brelok do kluczy z grupa krwi AB rh+"},{"@type":"BreadcrumbList","@id":"https:\/\/www.drewnianamagia.pl\/index.php\/produkt\/brelok-do-kluczy-grupa-krwi-a-b-ab-0\/#breadcrumb","itemListElement":[{"@type":"ListItem","position":1,"name":"Strona g\u0142\u00f3wna","item":"https:\/\/www.drewnianamagia.pl\/"},{"@type":"ListItem","position":2,"name":"Sklep","item":"https:\/\/www.drewnianamagia.pl\/index.php\/sklep-internetowy-drewnianamagia\/"},{"@type":"ListItem","position":3,"name":"Brelok do kluczy &#8211; grupa krwi (A, B, AB, 0)"}]},{"@type":"WebSite","@id":"https:\/\/www.drewnianamagia.pl\/#website","url":"https:\/\/www.drewnianamagia.pl\/","name":"Drewniana Magia","description":"Personalizowane prezenty i dekoracje z drewna i druku 3D, na ka\u017cd\u0105 okazj\u0119 i okoliczno\u015b\u0107. Urodziny, Chrzest, Przyj\u0119cie, \u015awi\u0119ta, \u015alub","publisher":{"@id":"https:\/\/www.drewnianamagia.pl\/#organization"},"potentialAction":[{"@type":"SearchAction","target":{"@type":"EntryPoint","urlTemplate":"https:\/\/www.drewnianamagia.pl\/?s={search_term_string}"},"query-input":{"@type":"PropertyValueSpecification","valueRequired":true,"valueName":"search_term_string"}}],"inLanguage":"pl-PL"},{"@type":"Organization","@id":"https:\/\/www.drewnianamagia.pl\/#organization","name":"Drewniana Magia","url":"https:\/\/www.drewnianamagia.pl\/","logo":{"@type":"ImageObject","inLanguage":"pl-PL","@id":"https:\/\/www.drewnianamagia.pl\/#\/schema\/logo\/image\/","url":"https:\/\/www.drewnianamagia.pl\/wp-content\/uploads\/2024\/02\/cropped-LOGO-DrewnianaMagia-375x188-1.png","contentUrl":"https:\/\/www.drewnianamagia.pl\/wp-content\/uploads\/2024\/02\/cropped-LOGO-DrewnianaMagia-375x188-1.png","width":374,"height":188,"caption":"Drewniana Magia"},"image":{"@id":"https:\/\/www.drewnianamagia.pl\/#\/schema\/logo\/image\/"},"sameAs":["https:\/\/facebook.com\/BelasDrewnianaMagia"]}]}},"_links":{"self":[{"href":"https:\/\/www.drewnianamagia.pl\/index.php\/wp-json\/wp\/v2\/product\/6261","targetHints":{"allow":["GET"]}}],"collection":[{"href":"https:\/\/www.drewnianamagia.pl\/index.php\/wp-json\/wp\/v2\/product"}],"about":[{"href":"https:\/\/www.drewnianamagia.pl\/index.php\/wp-json\/wp\/v2\/types\/product"}],"replies":[{"embeddable":true,"href":"https:\/\/www.drewnianamagia.pl\/index.php\/wp-json\/wp\/v2\/comments?post=6261"}],"wp:featuredmedia":[{"embeddable":true,"href":"https:\/\/www.drewnianamagia.pl\/index.php\/wp-json\/wp\/v2\/media\/6254"}],"wp:attachment":[{"href":"https:\/\/www.drewnianamagia.pl\/index.php\/wp-json\/wp\/v2\/media?parent=6261"}],"wp:term":[{"taxonomy":"product_brand","embeddable":true,"href":"https:\/\/www.drewnianamagia.pl\/index.php\/wp-json\/wp\/v2\/product_brand?post=6261"},{"taxonomy":"product_cat","embeddable":true,"href":"https:\/\/www.drewnianamagia.pl\/index.php\/wp-json\/wp\/v2\/product_cat?post=6261"},{"taxonomy":"product_tag","embeddable":true,"href":"https:\/\/www.drewnianamagia.pl\/index.php\/wp-json\/wp\/v2\/product_tag?post=6261"}],"curies":[{"name":"wp","href":"https:\/\/api.w.org\/{rel}","templated":true}]}}