{"id":610,"date":"2023-09-16T09:27:08","date_gmt":"2023-09-16T07:27:08","guid":{"rendered":"https:\/\/www.drewnianamagia.pl\/?post_type=product&#038;p=610"},"modified":"2024-12-13T12:27:21","modified_gmt":"2024-12-13T11:27:21","slug":"personalizowana-zakladka-do-ksiazki-sowka-4","status":"publish","type":"product","link":"https:\/\/www.drewnianamagia.pl\/index.php\/produkt\/personalizowana-zakladka-do-ksiazki-sowka-4\/","title":{"rendered":"Personalizowana zak\u0142adka do ksi\u0105\u017cki &#8211; S\u00d3WKA 4"},"content":{"rendered":"<h3><strong>Personalizowana zak\u0142adka do ksi\u0105\u017cki<\/strong><\/h3>\n<p>Szukasz eleganckiego sposobu na ozdobienie swoich ulubionych ksi\u0105\u017cek? Nasza drewniana zak\u0142adka do ksi\u0105\u017cki wykonana z trwa\u0142ej sklejki o grubo\u015bci 3mm to doskona\u0142y wyb\u00f3r! To nie tylko praktyczny przedmiot, ale tak\u017ce wyj\u0105tkowa pami\u0105tka, kt\u00f3ra mo\u017ce sta\u0107 si\u0119 doskona\u0142ym prezentem dla siebie lub bliskiej osoby.<\/p>\n<h5><strong>G\u0142\u00f3wne cechy produktu:<\/strong><\/h5>\n<ul>\n<li>Wykonana z trwa\u0142ej sklejki o grubo\u015bci 3mm.<\/li>\n<li>Wymiary: szeroko\u015b\u0107 50mm, wysoko\u015b\u0107 120mm.<\/li>\n<li>R\u0119cznie szlifowana.<\/li>\n<li>Personalizowana poprzez wygrawerowanie dowolnego tekstu, dedykacji lub \u017cycze\u0144. Dzi\u0119ki temu Twoja zak\u0142adka stanie si\u0119 unikatowa.<\/li>\n<li>Do ka\u017cdej zak\u0142adki otrzymasz gratis zawieszk\u0119 w losowym kolorze.<\/li>\n<li>Doskona\u0142a jako prezent na r\u00f3\u017cne okazje, takie jak urodziny, Dzie\u0144 Matki czy Dzie\u0144 Ojca.<\/li>\n<\/ul>\n<p>Nasze zak\u0142adki s\u0105 starannie wykonane, a grawerowane personalizacje wykonujemy z najwy\u017csz\u0105 precyzj\u0105. Mo\u017cesz wybra\u0107 dowolny tekst, kt\u00f3ry b\u0119dzie Ci\u0119 inspirowa\u0107 podczas czytania. To tak\u017ce wspania\u0142y spos\u00f3b na wyra\u017cenie swojej mi\u0142o\u015bci i szacunku wobec bliskiej osoby, dodaj\u0105c dedykacj\u0119 lub \u017cyczenia. W\u0142asn\u0105 personalizacj\u0119 dodaj wype\u0142niaj\u0105c odpowiednie pola przed dodaniem produktu do koszyka.<\/p>\n<figure id=\"attachment_585\" aria-describedby=\"caption-attachment-585\" style=\"width: 300px\" class=\"wp-caption aligncenter\"><img loading=\"lazy\" decoding=\"async\" class=\"size-medium wp-image-585\" src=\"https:\/\/www.drewnianamagia.pl\/wp-content\/uploads\/2023\/09\/przykladowe-zakladki-300x300.png\" alt=\"\" width=\"300\" height=\"300\" srcset=\"https:\/\/www.drewnianamagia.pl\/wp-content\/uploads\/2023\/09\/przykladowe-zakladki-300x300.png 300w, https:\/\/www.drewnianamagia.pl\/wp-content\/uploads\/2023\/09\/przykladowe-zakladki-324x324.png 324w, https:\/\/www.drewnianamagia.pl\/wp-content\/uploads\/2023\/09\/przykladowe-zakladki-100x100.png 100w, https:\/\/www.drewnianamagia.pl\/wp-content\/uploads\/2023\/09\/przykladowe-zakladki-416x416.png 416w, https:\/\/www.drewnianamagia.pl\/wp-content\/uploads\/2023\/09\/przykladowe-zakladki-150x150.png 150w, https:\/\/www.drewnianamagia.pl\/wp-content\/uploads\/2023\/09\/przykladowe-zakladki.png 500w\" sizes=\"auto, (max-width: 300px) 100vw, 300px\" \/><figcaption id=\"caption-attachment-585\" class=\"wp-caption-text\">zak\u0142adki do ksi\u0105\u017cek<\/figcaption><\/figure>\n<p>Do\u0142\u0105czona zawieszka sprawi, \u017ce Twoje zak\u0142adki b\u0119d\u0105 jeszcze bardziej wyj\u0105tkowe.<\/p>\n<p>Zam\u00f3w ju\u017c teraz nasz\u0105 drewnian\u0105 zak\u0142adk\u0119 do ksi\u0105\u017cki i ciesz si\u0119 czytaniem w jeszcze bardziej osobisty spos\u00f3b! To tak\u017ce doskona\u0142y spos\u00f3b na promowanie czytelnictwa w\u015br\u00f3d bliskich i przyjaci\u00f3\u0142. Daj im co\u015b, co b\u0119dzie ich inspirowa\u0107 do si\u0119gania po ksi\u0105\u017cki cz\u0119\u015bciej.<\/p>\n<figure id=\"attachment_583\" aria-describedby=\"caption-attachment-583\" style=\"width: 300px\" class=\"wp-caption aligncenter\"><img loading=\"lazy\" decoding=\"async\" class=\"size-medium wp-image-583\" src=\"https:\/\/www.drewnianamagia.pl\/wp-content\/uploads\/2023\/09\/przykladowa-zakladka-z-zawieszka-300x300.png\" alt=\"\" width=\"300\" height=\"300\" srcset=\"https:\/\/www.drewnianamagia.pl\/wp-content\/uploads\/2023\/09\/przykladowa-zakladka-z-zawieszka-300x300.png 300w, https:\/\/www.drewnianamagia.pl\/wp-content\/uploads\/2023\/09\/przykladowa-zakladka-z-zawieszka-324x324.png 324w, https:\/\/www.drewnianamagia.pl\/wp-content\/uploads\/2023\/09\/przykladowa-zakladka-z-zawieszka-100x100.png 100w, https:\/\/www.drewnianamagia.pl\/wp-content\/uploads\/2023\/09\/przykladowa-zakladka-z-zawieszka-416x416.png 416w, https:\/\/www.drewnianamagia.pl\/wp-content\/uploads\/2023\/09\/przykladowa-zakladka-z-zawieszka-150x150.png 150w, https:\/\/www.drewnianamagia.pl\/wp-content\/uploads\/2023\/09\/przykladowa-zakladka-z-zawieszka.png 500w\" sizes=\"auto, (max-width: 300px) 100vw, 300px\" \/><figcaption id=\"caption-attachment-583\" class=\"wp-caption-text\">zak\u0142adka do ksi\u0105\u017cki z \u017c\u00f3\u0142t\u0105 zawieszk\u0105<\/figcaption><\/figure>\n<p>Daj swoim ksi\u0105\u017ckom nowy urok i osobisty akcent dzi\u0119ki naszym drewnianym zak\u0142adkom do ksi\u0105\u017cki. Zam\u00f3w teraz i ciesz si\u0119 czytaniem w wyj\u0105tkowy spos\u00f3b!<\/p>\n<p>Je\u015bli interesuje Ci\u0119 inny motyw zak\u0142adki, zobacz pozosta\u0142e nasze oferty.<\/p>\n<p>Ka\u017cd\u0105 zak\u0142adk\u0119 wykonujemy indywidualnie pod zam\u00f3wienie, st\u0105d mog\u0105 si\u0119 one r\u00f3\u017cni\u0107 od siebie i tych przedstawionych na zdj\u0119ciach, g\u0142\u00f3wnie w obszarze odcieni drewna, u\u0142o\u017cenia s\u0142oj\u00f3w oraz g\u0142\u0119boko\u015bci i koloru graweru.<\/p>\n<p>Zdj\u0119cie g\u0142\u00f3wne jest wizualizacj\u0105, kt\u00f3r\u0105 nanosimy laserem na wysokiej jako\u015bci sklejk\u0119.<\/p>\n","protected":false},"excerpt":{"rendered":"<p>Spersonalizuj w\u0142asn\u0105 zak\u0142adk\u0119 do ksi\u0105\u017cki. Dla siebie lub na prezent. Dodaj tekst \/ dedykacj\u0119 \/ \u017cyczenia.<\/p>\n<p>Po prostu wype\u0142nij wymagane pola personalizacji przed dodaniem do koszyka.<\/p>\n","protected":false},"featured_media":595,"comment_status":"open","ping_status":"closed","template":"","meta":{"_acf_changed":false},"product_brand":[],"product_cat":[103,109,108,100,104,96,37],"product_tag":[67,54,55],"class_list":{"0":"post-610","1":"product","2":"type-product","3":"status-publish","4":"has-post-thumbnail","6":"product_cat-dzien-babci-dzien-dziadka","7":"product_cat-dzien-chlopaka","8":"product_cat-dzien-kobiet","9":"product_cat-dzien-matki-dzien-ojca","10":"product_cat-dzien-nauczyciela","11":"product_cat-urodziny-imieniny","12":"product_cat-zakladki-do-ksiazek","13":"product_tag-ksiazka","14":"product_tag-personalizacja","15":"product_tag-prezent","17":"first","18":"instock","19":"taxable","20":"shipping-taxable","21":"purchasable","22":"product-type-simple"},"acf":[],"yoast_head":"<!-- This site is optimized with the Yoast SEO plugin v27.5 - https:\/\/yoast.com\/product\/yoast-seo-wordpress\/ -->\n<title>Personalizowana zak\u0142adka do ksi\u0105\u017cki - S\u00d3WKA 4 - Drewniana Magia<\/title>\n<meta name=\"description\" content=\"Daj swoim ksi\u0105\u017ckom nowy urok i osobisty akcent dzi\u0119ki naszym drewnianym zak\u0142adkom do ksi\u0105\u017cki. Zam\u00f3w teraz i ciesz si\u0119 czytaniem w wyj\u0105tkowy spos\u00f3b!\" \/>\n<meta name=\"robots\" content=\"index, follow, max-snippet:-1, max-image-preview:large, max-video-preview:-1\" \/>\n<link rel=\"canonical\" href=\"https:\/\/www.drewnianamagia.pl\/index.php\/produkt\/personalizowana-zakladka-do-ksiazki-sowka-4\/\" \/>\n<meta property=\"og:locale\" content=\"pl_PL\" \/>\n<meta property=\"og:type\" content=\"article\" \/>\n<meta property=\"og:title\" content=\"Personalizowana zak\u0142adka do ksi\u0105\u017cki - S\u00d3WKA 4 - Drewniana Magia\" \/>\n<meta property=\"og:description\" content=\"Daj swoim ksi\u0105\u017ckom nowy urok i osobisty akcent dzi\u0119ki naszym drewnianym zak\u0142adkom do ksi\u0105\u017cki. Zam\u00f3w teraz i ciesz si\u0119 czytaniem w wyj\u0105tkowy spos\u00f3b!\" \/>\n<meta property=\"og:url\" content=\"https:\/\/www.drewnianamagia.pl\/index.php\/produkt\/personalizowana-zakladka-do-ksiazki-sowka-4\/\" \/>\n<meta property=\"og:site_name\" content=\"Drewniana Magia\" \/>\n<meta property=\"article:publisher\" content=\"https:\/\/facebook.com\/BelasDrewnianaMagia\" \/>\n<meta property=\"article:modified_time\" content=\"2024-12-13T11:27:21+00:00\" \/>\n<meta property=\"og:image\" content=\"https:\/\/www.drewnianamagia.pl\/wp-content\/uploads\/2023\/09\/zakladka-sowa-4.png\" \/>\n\t<meta property=\"og:image:width\" content=\"1500\" \/>\n\t<meta property=\"og:image:height\" content=\"1500\" \/>\n\t<meta property=\"og:image:type\" content=\"image\/png\" \/>\n<meta name=\"twitter:card\" content=\"summary_large_image\" \/>\n<meta name=\"twitter:label1\" content=\"Szacowany czas czytania\" \/>\n\t<meta name=\"twitter:data1\" content=\"3 minuty\" \/>\n<script type=\"application\/ld+json\" class=\"yoast-schema-graph\">{\"@context\":\"https:\\\/\\\/schema.org\",\"@graph\":[{\"@type\":\"WebPage\",\"@id\":\"https:\\\/\\\/www.drewnianamagia.pl\\\/index.php\\\/produkt\\\/personalizowana-zakladka-do-ksiazki-sowka-4\\\/\",\"url\":\"https:\\\/\\\/www.drewnianamagia.pl\\\/index.php\\\/produkt\\\/personalizowana-zakladka-do-ksiazki-sowka-4\\\/\",\"name\":\"Personalizowana zak\u0142adka do ksi\u0105\u017cki - S\u00d3WKA 4 - Drewniana Magia\",\"isPartOf\":{\"@id\":\"https:\\\/\\\/www.drewnianamagia.pl\\\/#website\"},\"primaryImageOfPage\":{\"@id\":\"https:\\\/\\\/www.drewnianamagia.pl\\\/index.php\\\/produkt\\\/personalizowana-zakladka-do-ksiazki-sowka-4\\\/#primaryimage\"},\"image\":{\"@id\":\"https:\\\/\\\/www.drewnianamagia.pl\\\/index.php\\\/produkt\\\/personalizowana-zakladka-do-ksiazki-sowka-4\\\/#primaryimage\"},\"thumbnailUrl\":\"https:\\\/\\\/www.drewnianamagia.pl\\\/wp-content\\\/uploads\\\/2023\\\/09\\\/zakladka-sowa-4.png\",\"datePublished\":\"2023-09-16T07:27:08+00:00\",\"dateModified\":\"2024-12-13T11:27:21+00:00\",\"description\":\"Daj swoim ksi\u0105\u017ckom nowy urok i osobisty akcent dzi\u0119ki naszym drewnianym zak\u0142adkom do ksi\u0105\u017cki. Zam\u00f3w teraz i ciesz si\u0119 czytaniem w wyj\u0105tkowy spos\u00f3b!\",\"breadcrumb\":{\"@id\":\"https:\\\/\\\/www.drewnianamagia.pl\\\/index.php\\\/produkt\\\/personalizowana-zakladka-do-ksiazki-sowka-4\\\/#breadcrumb\"},\"inLanguage\":\"pl-PL\",\"potentialAction\":[{\"@type\":\"ReadAction\",\"target\":[\"https:\\\/\\\/www.drewnianamagia.pl\\\/index.php\\\/produkt\\\/personalizowana-zakladka-do-ksiazki-sowka-4\\\/\"]}]},{\"@type\":\"ImageObject\",\"inLanguage\":\"pl-PL\",\"@id\":\"https:\\\/\\\/www.drewnianamagia.pl\\\/index.php\\\/produkt\\\/personalizowana-zakladka-do-ksiazki-sowka-4\\\/#primaryimage\",\"url\":\"https:\\\/\\\/www.drewnianamagia.pl\\\/wp-content\\\/uploads\\\/2023\\\/09\\\/zakladka-sowa-4.png\",\"contentUrl\":\"https:\\\/\\\/www.drewnianamagia.pl\\\/wp-content\\\/uploads\\\/2023\\\/09\\\/zakladka-sowa-4.png\",\"width\":1500,\"height\":1500},{\"@type\":\"BreadcrumbList\",\"@id\":\"https:\\\/\\\/www.drewnianamagia.pl\\\/index.php\\\/produkt\\\/personalizowana-zakladka-do-ksiazki-sowka-4\\\/#breadcrumb\",\"itemListElement\":[{\"@type\":\"ListItem\",\"position\":1,\"name\":\"Strona g\u0142\u00f3wna\",\"item\":\"https:\\\/\\\/www.drewnianamagia.pl\\\/\"},{\"@type\":\"ListItem\",\"position\":2,\"name\":\"Sklep\",\"item\":\"https:\\\/\\\/www.drewnianamagia.pl\\\/index.php\\\/sklep-internetowy-drewnianamagia\\\/\"},{\"@type\":\"ListItem\",\"position\":3,\"name\":\"Personalizowana zak\u0142adka do ksi\u0105\u017cki &#8211; S\u00d3WKA 4\"}]},{\"@type\":\"WebSite\",\"@id\":\"https:\\\/\\\/www.drewnianamagia.pl\\\/#website\",\"url\":\"https:\\\/\\\/www.drewnianamagia.pl\\\/\",\"name\":\"Drewniana Magia\",\"description\":\"Personalizowane prezenty i dekoracje z drewna i druku 3D, na ka\u017cd\u0105 okazj\u0119 i okoliczno\u015b\u0107. Urodziny, Chrzest, Przyj\u0119cie, \u015awi\u0119ta, \u015alub\",\"publisher\":{\"@id\":\"https:\\\/\\\/www.drewnianamagia.pl\\\/#organization\"},\"potentialAction\":[{\"@type\":\"SearchAction\",\"target\":{\"@type\":\"EntryPoint\",\"urlTemplate\":\"https:\\\/\\\/www.drewnianamagia.pl\\\/?s={search_term_string}\"},\"query-input\":{\"@type\":\"PropertyValueSpecification\",\"valueRequired\":true,\"valueName\":\"search_term_string\"}}],\"inLanguage\":\"pl-PL\"},{\"@type\":\"Organization\",\"@id\":\"https:\\\/\\\/www.drewnianamagia.pl\\\/#organization\",\"name\":\"Drewniana Magia\",\"url\":\"https:\\\/\\\/www.drewnianamagia.pl\\\/\",\"logo\":{\"@type\":\"ImageObject\",\"inLanguage\":\"pl-PL\",\"@id\":\"https:\\\/\\\/www.drewnianamagia.pl\\\/#\\\/schema\\\/logo\\\/image\\\/\",\"url\":\"https:\\\/\\\/www.drewnianamagia.pl\\\/wp-content\\\/uploads\\\/2024\\\/02\\\/cropped-LOGO-DrewnianaMagia-375x188-1.png\",\"contentUrl\":\"https:\\\/\\\/www.drewnianamagia.pl\\\/wp-content\\\/uploads\\\/2024\\\/02\\\/cropped-LOGO-DrewnianaMagia-375x188-1.png\",\"width\":374,\"height\":188,\"caption\":\"Drewniana Magia\"},\"image\":{\"@id\":\"https:\\\/\\\/www.drewnianamagia.pl\\\/#\\\/schema\\\/logo\\\/image\\\/\"},\"sameAs\":[\"https:\\\/\\\/facebook.com\\\/BelasDrewnianaMagia\"]}]}<\/script>\n<!-- \/ Yoast SEO plugin. -->","yoast_head_json":{"title":"Personalizowana zak\u0142adka do ksi\u0105\u017cki - S\u00d3WKA 4 - Drewniana Magia","description":"Daj swoim ksi\u0105\u017ckom nowy urok i osobisty akcent dzi\u0119ki naszym drewnianym zak\u0142adkom do ksi\u0105\u017cki. Zam\u00f3w teraz i ciesz si\u0119 czytaniem w wyj\u0105tkowy spos\u00f3b!","robots":{"index":"index","follow":"follow","max-snippet":"max-snippet:-1","max-image-preview":"max-image-preview:large","max-video-preview":"max-video-preview:-1"},"canonical":"https:\/\/www.drewnianamagia.pl\/index.php\/produkt\/personalizowana-zakladka-do-ksiazki-sowka-4\/","og_locale":"pl_PL","og_type":"article","og_title":"Personalizowana zak\u0142adka do ksi\u0105\u017cki - S\u00d3WKA 4 - Drewniana Magia","og_description":"Daj swoim ksi\u0105\u017ckom nowy urok i osobisty akcent dzi\u0119ki naszym drewnianym zak\u0142adkom do ksi\u0105\u017cki. Zam\u00f3w teraz i ciesz si\u0119 czytaniem w wyj\u0105tkowy spos\u00f3b!","og_url":"https:\/\/www.drewnianamagia.pl\/index.php\/produkt\/personalizowana-zakladka-do-ksiazki-sowka-4\/","og_site_name":"Drewniana Magia","article_publisher":"https:\/\/facebook.com\/BelasDrewnianaMagia","article_modified_time":"2024-12-13T11:27:21+00:00","og_image":[{"width":1500,"height":1500,"url":"https:\/\/www.drewnianamagia.pl\/wp-content\/uploads\/2023\/09\/zakladka-sowa-4.png","type":"image\/png"}],"twitter_card":"summary_large_image","twitter_misc":{"Szacowany czas czytania":"3 minuty"},"schema":{"@context":"https:\/\/schema.org","@graph":[{"@type":"WebPage","@id":"https:\/\/www.drewnianamagia.pl\/index.php\/produkt\/personalizowana-zakladka-do-ksiazki-sowka-4\/","url":"https:\/\/www.drewnianamagia.pl\/index.php\/produkt\/personalizowana-zakladka-do-ksiazki-sowka-4\/","name":"Personalizowana zak\u0142adka do ksi\u0105\u017cki - S\u00d3WKA 4 - Drewniana Magia","isPartOf":{"@id":"https:\/\/www.drewnianamagia.pl\/#website"},"primaryImageOfPage":{"@id":"https:\/\/www.drewnianamagia.pl\/index.php\/produkt\/personalizowana-zakladka-do-ksiazki-sowka-4\/#primaryimage"},"image":{"@id":"https:\/\/www.drewnianamagia.pl\/index.php\/produkt\/personalizowana-zakladka-do-ksiazki-sowka-4\/#primaryimage"},"thumbnailUrl":"https:\/\/www.drewnianamagia.pl\/wp-content\/uploads\/2023\/09\/zakladka-sowa-4.png","datePublished":"2023-09-16T07:27:08+00:00","dateModified":"2024-12-13T11:27:21+00:00","description":"Daj swoim ksi\u0105\u017ckom nowy urok i osobisty akcent dzi\u0119ki naszym drewnianym zak\u0142adkom do ksi\u0105\u017cki. Zam\u00f3w teraz i ciesz si\u0119 czytaniem w wyj\u0105tkowy spos\u00f3b!","breadcrumb":{"@id":"https:\/\/www.drewnianamagia.pl\/index.php\/produkt\/personalizowana-zakladka-do-ksiazki-sowka-4\/#breadcrumb"},"inLanguage":"pl-PL","potentialAction":[{"@type":"ReadAction","target":["https:\/\/www.drewnianamagia.pl\/index.php\/produkt\/personalizowana-zakladka-do-ksiazki-sowka-4\/"]}]},{"@type":"ImageObject","inLanguage":"pl-PL","@id":"https:\/\/www.drewnianamagia.pl\/index.php\/produkt\/personalizowana-zakladka-do-ksiazki-sowka-4\/#primaryimage","url":"https:\/\/www.drewnianamagia.pl\/wp-content\/uploads\/2023\/09\/zakladka-sowa-4.png","contentUrl":"https:\/\/www.drewnianamagia.pl\/wp-content\/uploads\/2023\/09\/zakladka-sowa-4.png","width":1500,"height":1500},{"@type":"BreadcrumbList","@id":"https:\/\/www.drewnianamagia.pl\/index.php\/produkt\/personalizowana-zakladka-do-ksiazki-sowka-4\/#breadcrumb","itemListElement":[{"@type":"ListItem","position":1,"name":"Strona g\u0142\u00f3wna","item":"https:\/\/www.drewnianamagia.pl\/"},{"@type":"ListItem","position":2,"name":"Sklep","item":"https:\/\/www.drewnianamagia.pl\/index.php\/sklep-internetowy-drewnianamagia\/"},{"@type":"ListItem","position":3,"name":"Personalizowana zak\u0142adka do ksi\u0105\u017cki &#8211; S\u00d3WKA 4"}]},{"@type":"WebSite","@id":"https:\/\/www.drewnianamagia.pl\/#website","url":"https:\/\/www.drewnianamagia.pl\/","name":"Drewniana Magia","description":"Personalizowane prezenty i dekoracje z drewna i druku 3D, na ka\u017cd\u0105 okazj\u0119 i okoliczno\u015b\u0107. Urodziny, Chrzest, Przyj\u0119cie, \u015awi\u0119ta, \u015alub","publisher":{"@id":"https:\/\/www.drewnianamagia.pl\/#organization"},"potentialAction":[{"@type":"SearchAction","target":{"@type":"EntryPoint","urlTemplate":"https:\/\/www.drewnianamagia.pl\/?s={search_term_string}"},"query-input":{"@type":"PropertyValueSpecification","valueRequired":true,"valueName":"search_term_string"}}],"inLanguage":"pl-PL"},{"@type":"Organization","@id":"https:\/\/www.drewnianamagia.pl\/#organization","name":"Drewniana Magia","url":"https:\/\/www.drewnianamagia.pl\/","logo":{"@type":"ImageObject","inLanguage":"pl-PL","@id":"https:\/\/www.drewnianamagia.pl\/#\/schema\/logo\/image\/","url":"https:\/\/www.drewnianamagia.pl\/wp-content\/uploads\/2024\/02\/cropped-LOGO-DrewnianaMagia-375x188-1.png","contentUrl":"https:\/\/www.drewnianamagia.pl\/wp-content\/uploads\/2024\/02\/cropped-LOGO-DrewnianaMagia-375x188-1.png","width":374,"height":188,"caption":"Drewniana Magia"},"image":{"@id":"https:\/\/www.drewnianamagia.pl\/#\/schema\/logo\/image\/"},"sameAs":["https:\/\/facebook.com\/BelasDrewnianaMagia"]}]}},"_links":{"self":[{"href":"https:\/\/www.drewnianamagia.pl\/index.php\/wp-json\/wp\/v2\/product\/610","targetHints":{"allow":["GET"]}}],"collection":[{"href":"https:\/\/www.drewnianamagia.pl\/index.php\/wp-json\/wp\/v2\/product"}],"about":[{"href":"https:\/\/www.drewnianamagia.pl\/index.php\/wp-json\/wp\/v2\/types\/product"}],"replies":[{"embeddable":true,"href":"https:\/\/www.drewnianamagia.pl\/index.php\/wp-json\/wp\/v2\/comments?post=610"}],"wp:featuredmedia":[{"embeddable":true,"href":"https:\/\/www.drewnianamagia.pl\/index.php\/wp-json\/wp\/v2\/media\/595"}],"wp:attachment":[{"href":"https:\/\/www.drewnianamagia.pl\/index.php\/wp-json\/wp\/v2\/media?parent=610"}],"wp:term":[{"taxonomy":"product_brand","embeddable":true,"href":"https:\/\/www.drewnianamagia.pl\/index.php\/wp-json\/wp\/v2\/product_brand?post=610"},{"taxonomy":"product_cat","embeddable":true,"href":"https:\/\/www.drewnianamagia.pl\/index.php\/wp-json\/wp\/v2\/product_cat?post=610"},{"taxonomy":"product_tag","embeddable":true,"href":"https:\/\/www.drewnianamagia.pl\/index.php\/wp-json\/wp\/v2\/product_tag?post=610"}],"curies":[{"name":"wp","href":"https:\/\/api.w.org\/{rel}","templated":true}]}}