{"id":6087,"date":"2025-03-12T15:23:37","date_gmt":"2025-03-12T14:23:37","guid":{"rendered":"https:\/\/www.drewnianamagia.pl\/?post_type=product&#038;p=6087"},"modified":"2026-01-03T09:39:25","modified_gmt":"2026-01-03T08:39:25","slug":"statuetka-urodzinowa-kwiatki-to-wcale-nie-tak-duzo-personalizacja","status":"publish","type":"product","link":"https:\/\/www.drewnianamagia.pl\/index.php\/produkt\/statuetka-urodzinowa-kwiatki-to-wcale-nie-tak-duzo-personalizacja\/","title":{"rendered":"Statuetka urodzinowa Kwiatki &#8211; To wcale nie tak du\u017co &#8211; personalizacja"},"content":{"rendered":"<h1 style=\"text-align: center;\" data-start=\"88\" data-end=\"184\"><strong data-start=\"88\" data-end=\"184\">Personalizowany Prezent Urodzinowy \u2013 Statuetka Urodzinowa &#8222;To wcale nie tak du\u017co&#8221; z motywem Kwiatk\u00f3w<\/strong><\/h1>\n<p data-start=\"186\" data-end=\"590\">Zaskocz solenizanta niebanalnym upominkiem, kt\u00f3ry \u0142\u0105czy w sobie humor, elegancj\u0119 i osobisty charakter. Nasza statuetka urodzinowa \u201eTo wcale nie tak du\u017co\u201d to wyj\u0105tkowy prezent, wykonany z wysokiej jako\u015bci sklejki i r\u0119cznie szlifowany dla perfekcyjnego wyko\u0144czenia. Dzi\u0119ki mo\u017cliwo\u015bci osobistej personalizacji \u2013 grawerujemy <span style=\"color: #ff0000;\"><strong>dowolny wiek, imi\u0119 oraz dedykacj\u0119<\/strong><\/span> \u2013 ka\u017cdy egzemplarz staje si\u0119 jedyny w swoim rodzaju.<\/p>\n<p data-start=\"592\" data-end=\"631\"><strong data-start=\"592\" data-end=\"631\">Dlaczego warto wybra\u0107 nasz produkt?<\/strong><\/p>\n<ul data-start=\"632\" data-end=\"1353\">\n<li data-start=\"632\" data-end=\"831\"><strong data-start=\"634\" data-end=\"654\">Unikalny Design:<\/strong> Po\u0142\u0105czenie delikatnych, kwiatowych motyw\u00f3w symbolizuj\u0105cych mi\u0142o\u015b\u0107, rado\u015b\u0107 i optymizm, z zabawnym has\u0142em \u201eWidzisz? To wcale nie tak du\u017co!\u201d, nadaje statuetce wyj\u0105tkowy charakter.<\/li>\n<li data-start=\"832\" data-end=\"996\"><strong data-start=\"834\" data-end=\"853\">Personalizacja:<\/strong> Idealny prezent, kt\u00f3ry mo\u017cesz dostosowa\u0107 do odbiorcy. Grawerujemy wiek, imi\u0119 oraz kr\u00f3tkie \u017cyczenia, tworz\u0105c niezapomnian\u0105 pami\u0105tk\u0119 urodzinow\u0105.<\/li>\n<li data-start=\"997\" data-end=\"1170\"><strong data-start=\"999\" data-end=\"1027\">Jako\u015b\u0107 Wykonania:<\/strong> Statuetka wykonana jest z trwa\u0142ej, cienkiej sklejki (ok. 3 mm) i r\u0119cznie szlifowana, co gwarantuje elegancki wygl\u0105d i d\u0142ugowieczno\u015b\u0107 produktu.<\/li>\n<li data-start=\"1171\" data-end=\"1353\"><strong data-start=\"1173\" data-end=\"1195\">Praktyczny Zestaw:<\/strong> W zestawie znajduje si\u0119 sznurek jutowy oraz dwie klamerki do przymocowania banknot\u00f3w, kt\u00f3re symbolicznie oddaj\u0105 wiek solenizanta (<strong>banknoty nie s\u0105 do\u0142\u0105czone<\/strong>).<\/li>\n<\/ul>\n<p data-start=\"1355\" data-end=\"1381\"><strong data-start=\"1355\" data-end=\"1381\">Specyfikacja produktu:<\/strong><\/p>\n<ul data-start=\"1382\" data-end=\"1585\">\n<li data-start=\"1382\" data-end=\"1450\"><strong data-start=\"1384\" data-end=\"1396\">Wymiary:<\/strong> Wysoko\u015b\u0107 188 mm, szeroko\u015b\u0107 237 mm, podstawa 10 x 5 cm<\/li>\n<li data-start=\"1451\" data-end=\"1491\"><strong data-start=\"1453\" data-end=\"1466\">Materia\u0142:<\/strong> Wysokiej jako\u015bci sklejka drewniana<\/li>\n<li data-start=\"1492\" data-end=\"1542\"><strong data-start=\"1494\" data-end=\"1510\">Wyko\u0144czenie:<\/strong> R\u0119cznie szlifowana powierzchnia<\/li>\n<li data-start=\"1543\" data-end=\"1585\"><strong data-start=\"1545\" data-end=\"1557\">Dodatki:<\/strong> Sznurek jutowy i 2 klamerki<\/li>\n<\/ul>\n<p data-start=\"1587\" data-end=\"1630\"><strong data-start=\"1587\" data-end=\"1603\">Jak zam\u00f3wi\u0107?<\/strong> <span style=\"color: #ff0000;\">Przy zam\u00f3wieniu podaj nam:<\/span><\/p>\n<ul data-start=\"1631\" data-end=\"1704\">\n<li data-start=\"1631\" data-end=\"1649\">Wiek solenizanta<\/li>\n<li data-start=\"1650\" data-end=\"1656\">Imi\u0119<\/li>\n<li data-start=\"1657\" data-end=\"1704\">Kr\u00f3tk\u0105 dedykacj\u0119 (\u017cyczenia) do wygrawerowania w dolnej cz\u0119\u015bci statuetki<\/li>\n<\/ul>\n<p style=\"text-align: center;\"><img loading=\"lazy\" decoding=\"async\" class=\"aligncenter size-medium wp-image-6076\" src=\"https:\/\/www.drewnianamagia.pl\/wp-content\/uploads\/2025\/03\/statuetka-kwiaty-to-wcale-nie-tak-duzo-prezent-urodzinowy-personalizacja-300x300.png\" alt=\"Statuetka kwiaty - widzisz to wcale nie tak du\u017co. Personalizowany drewniany prezent na urodziny z grawerem\" width=\"300\" height=\"300\" srcset=\"https:\/\/www.drewnianamagia.pl\/wp-content\/uploads\/2025\/03\/statuetka-kwiaty-to-wcale-nie-tak-duzo-prezent-urodzinowy-personalizacja-300x300.png 300w, https:\/\/www.drewnianamagia.pl\/wp-content\/uploads\/2025\/03\/statuetka-kwiaty-to-wcale-nie-tak-duzo-prezent-urodzinowy-personalizacja-324x324.png 324w, https:\/\/www.drewnianamagia.pl\/wp-content\/uploads\/2025\/03\/statuetka-kwiaty-to-wcale-nie-tak-duzo-prezent-urodzinowy-personalizacja-100x100.png 100w, https:\/\/www.drewnianamagia.pl\/wp-content\/uploads\/2025\/03\/statuetka-kwiaty-to-wcale-nie-tak-duzo-prezent-urodzinowy-personalizacja-416x416.png 416w, https:\/\/www.drewnianamagia.pl\/wp-content\/uploads\/2025\/03\/statuetka-kwiaty-to-wcale-nie-tak-duzo-prezent-urodzinowy-personalizacja-1024x1024.png 1024w, https:\/\/www.drewnianamagia.pl\/wp-content\/uploads\/2025\/03\/statuetka-kwiaty-to-wcale-nie-tak-duzo-prezent-urodzinowy-personalizacja-150x150.png 150w, https:\/\/www.drewnianamagia.pl\/wp-content\/uploads\/2025\/03\/statuetka-kwiaty-to-wcale-nie-tak-duzo-prezent-urodzinowy-personalizacja-768x768.png 768w, https:\/\/www.drewnianamagia.pl\/wp-content\/uploads\/2025\/03\/statuetka-kwiaty-to-wcale-nie-tak-duzo-prezent-urodzinowy-personalizacja-1536x1536.png 1536w, https:\/\/www.drewnianamagia.pl\/wp-content\/uploads\/2025\/03\/statuetka-kwiaty-to-wcale-nie-tak-duzo-prezent-urodzinowy-personalizacja.png 2000w\" sizes=\"auto, (max-width: 300px) 100vw, 300px\" \/><\/p>\n<p data-start=\"1706\" data-end=\"1967\">Ten personalizowany prezent na urodziny to nie tylko oryginalna statuetka, ale r\u00f3wnie\u017c wyraz troski i uwagi, kt\u00f3ra ozdobi ka\u017cde wn\u0119trze oraz zostanie pami\u0105tk\u0105 na ca\u0142e \u017cycie. Zam\u00f3w ju\u017c dzi\u015b i spraw, aby urodziny Twojej bliskiej osoby by\u0142y naprawd\u0119 niezapomniane!<\/p>\n","protected":false},"excerpt":{"rendered":"<p>Personalizowany Prezent Urodzinowy \u2013 Statuetka Urodzinowa &#8222;To wcale nie tak du\u017co&#8221; z motywem Kwiatk\u00f3w Zaskocz solenizanta niebanalnym upominkiem, kt\u00f3ry \u0142\u0105czy w sobie humor, elegancj\u0119 i osobisty charakter. Nasza statuetka urodzinowa \u201eTo wcale nie tak du\u017co\u201d to wyj\u0105tkowy prezent, wykonany z wysokiej jako\u015bci sklejki i r\u0119cznie szlifowany dla perfekcyjnego wyko\u0144czenia. Dzi\u0119ki mo\u017cliwo\u015bci osobistej personalizacji \u2013 grawerujemy [&hellip;]<\/p>\n","protected":false},"featured_media":6078,"comment_status":"open","ping_status":"closed","template":"","meta":{"_acf_changed":false},"product_brand":[180],"product_cat":[49,92,105,148,96],"product_tag":[54,55,112,59],"class_list":{"0":"post-6087","1":"product","2":"type-product","3":"status-publish","4":"has-post-thumbnail","6":"product_brand-drewniana-magia","7":"product_cat-dekoracje","8":"product_cat-gadzety","9":"product_cat-rocznice","10":"product_cat-statuetki","11":"product_cat-urodziny-imieniny","12":"product_tag-personalizacja","13":"product_tag-prezent","14":"product_tag-to-wcale-nie-tak-duzo","15":"product_tag-urodziny","17":"first","18":"instock","19":"featured","20":"taxable","21":"shipping-taxable","22":"purchasable","23":"product-type-simple"},"acf":[],"yoast_head":"<!-- This site is optimized with the Yoast SEO plugin v27.5 - https:\/\/yoast.com\/product\/yoast-seo-wordpress\/ -->\n<title>Statuetka urodzinowa Kwiatki - To wcale nie tak du\u017co - personalizacja - Drewniana Magia<\/title>\n<meta name=\"description\" content=\"Wyj\u0105tkowy personalizowany prezent na urodziny. Drewniana statuetka z humorystycznym przekazem dla solenizanta. Oryginalny spos\u00f3b na z\u0142o\u017cenie \u017cycze\u0144.\" \/>\n<meta name=\"robots\" content=\"index, follow, max-snippet:-1, max-image-preview:large, max-video-preview:-1\" \/>\n<link rel=\"canonical\" href=\"https:\/\/www.drewnianamagia.pl\/index.php\/produkt\/statuetka-urodzinowa-kwiatki-to-wcale-nie-tak-duzo-personalizacja\/\" \/>\n<meta property=\"og:locale\" content=\"pl_PL\" \/>\n<meta property=\"og:type\" content=\"article\" \/>\n<meta property=\"og:title\" content=\"Statuetka urodzinowa Kwiatki - To wcale nie tak du\u017co - personalizacja - Drewniana Magia\" \/>\n<meta property=\"og:description\" content=\"Wyj\u0105tkowy personalizowany prezent na urodziny. Drewniana statuetka z humorystycznym przekazem dla solenizanta. Oryginalny spos\u00f3b na z\u0142o\u017cenie \u017cycze\u0144.\" \/>\n<meta property=\"og:url\" content=\"https:\/\/www.drewnianamagia.pl\/index.php\/produkt\/statuetka-urodzinowa-kwiatki-to-wcale-nie-tak-duzo-personalizacja\/\" \/>\n<meta property=\"og:site_name\" content=\"Drewniana Magia\" \/>\n<meta property=\"article:publisher\" content=\"https:\/\/facebook.com\/BelasDrewnianaMagia\" \/>\n<meta property=\"article:modified_time\" content=\"2026-01-03T08:39:25+00:00\" \/>\n<meta property=\"og:image\" content=\"https:\/\/www.drewnianamagia.pl\/wp-content\/uploads\/2025\/03\/statuetka-kwiaty-to-wcale-nie-tak-duzo-prezent-urodzinowy-01-1024x1024.png\" \/>\n\t<meta property=\"og:image:width\" content=\"1024\" \/>\n\t<meta property=\"og:image:height\" content=\"1024\" \/>\n\t<meta property=\"og:image:type\" content=\"image\/png\" \/>\n<meta name=\"twitter:card\" content=\"summary_large_image\" \/>\n<meta name=\"twitter:label1\" content=\"Szacowany czas czytania\" \/>\n\t<meta name=\"twitter:data1\" content=\"2 minuty\" \/>\n<script type=\"application\/ld+json\" class=\"yoast-schema-graph\">{\"@context\":\"https:\\\/\\\/schema.org\",\"@graph\":[{\"@type\":\"WebPage\",\"@id\":\"https:\\\/\\\/www.drewnianamagia.pl\\\/index.php\\\/produkt\\\/statuetka-urodzinowa-kwiatki-to-wcale-nie-tak-duzo-personalizacja\\\/\",\"url\":\"https:\\\/\\\/www.drewnianamagia.pl\\\/index.php\\\/produkt\\\/statuetka-urodzinowa-kwiatki-to-wcale-nie-tak-duzo-personalizacja\\\/\",\"name\":\"Statuetka urodzinowa Kwiatki - To wcale nie tak du\u017co - personalizacja - Drewniana Magia\",\"isPartOf\":{\"@id\":\"https:\\\/\\\/www.drewnianamagia.pl\\\/#website\"},\"primaryImageOfPage\":{\"@id\":\"https:\\\/\\\/www.drewnianamagia.pl\\\/index.php\\\/produkt\\\/statuetka-urodzinowa-kwiatki-to-wcale-nie-tak-duzo-personalizacja\\\/#primaryimage\"},\"image\":{\"@id\":\"https:\\\/\\\/www.drewnianamagia.pl\\\/index.php\\\/produkt\\\/statuetka-urodzinowa-kwiatki-to-wcale-nie-tak-duzo-personalizacja\\\/#primaryimage\"},\"thumbnailUrl\":\"https:\\\/\\\/www.drewnianamagia.pl\\\/wp-content\\\/uploads\\\/2025\\\/03\\\/statuetka-kwiaty-to-wcale-nie-tak-duzo-prezent-urodzinowy-01.png\",\"datePublished\":\"2025-03-12T14:23:37+00:00\",\"dateModified\":\"2026-01-03T08:39:25+00:00\",\"description\":\"Wyj\u0105tkowy personalizowany prezent na urodziny. Drewniana statuetka z humorystycznym przekazem dla solenizanta. Oryginalny spos\u00f3b na z\u0142o\u017cenie \u017cycze\u0144.\",\"breadcrumb\":{\"@id\":\"https:\\\/\\\/www.drewnianamagia.pl\\\/index.php\\\/produkt\\\/statuetka-urodzinowa-kwiatki-to-wcale-nie-tak-duzo-personalizacja\\\/#breadcrumb\"},\"inLanguage\":\"pl-PL\",\"potentialAction\":[{\"@type\":\"ReadAction\",\"target\":[\"https:\\\/\\\/www.drewnianamagia.pl\\\/index.php\\\/produkt\\\/statuetka-urodzinowa-kwiatki-to-wcale-nie-tak-duzo-personalizacja\\\/\"]}]},{\"@type\":\"ImageObject\",\"inLanguage\":\"pl-PL\",\"@id\":\"https:\\\/\\\/www.drewnianamagia.pl\\\/index.php\\\/produkt\\\/statuetka-urodzinowa-kwiatki-to-wcale-nie-tak-duzo-personalizacja\\\/#primaryimage\",\"url\":\"https:\\\/\\\/www.drewnianamagia.pl\\\/wp-content\\\/uploads\\\/2025\\\/03\\\/statuetka-kwiaty-to-wcale-nie-tak-duzo-prezent-urodzinowy-01.png\",\"contentUrl\":\"https:\\\/\\\/www.drewnianamagia.pl\\\/wp-content\\\/uploads\\\/2025\\\/03\\\/statuetka-kwiaty-to-wcale-nie-tak-duzo-prezent-urodzinowy-01.png\",\"width\":2000,\"height\":2000,\"caption\":\"Statuetka kwiaty - widzisz to wcale nie tak du\u017co. Personalizowany drewniany prezent na urodziny z grawerem\"},{\"@type\":\"BreadcrumbList\",\"@id\":\"https:\\\/\\\/www.drewnianamagia.pl\\\/index.php\\\/produkt\\\/statuetka-urodzinowa-kwiatki-to-wcale-nie-tak-duzo-personalizacja\\\/#breadcrumb\",\"itemListElement\":[{\"@type\":\"ListItem\",\"position\":1,\"name\":\"Strona g\u0142\u00f3wna\",\"item\":\"https:\\\/\\\/www.drewnianamagia.pl\\\/\"},{\"@type\":\"ListItem\",\"position\":2,\"name\":\"Sklep\",\"item\":\"https:\\\/\\\/www.drewnianamagia.pl\\\/index.php\\\/sklep-internetowy-drewnianamagia\\\/\"},{\"@type\":\"ListItem\",\"position\":3,\"name\":\"Statuetka urodzinowa Kwiatki &#8211; To wcale nie tak du\u017co &#8211; personalizacja\"}]},{\"@type\":\"WebSite\",\"@id\":\"https:\\\/\\\/www.drewnianamagia.pl\\\/#website\",\"url\":\"https:\\\/\\\/www.drewnianamagia.pl\\\/\",\"name\":\"Drewniana Magia\",\"description\":\"Personalizowane prezenty i dekoracje z drewna i druku 3D, na ka\u017cd\u0105 okazj\u0119 i okoliczno\u015b\u0107. Urodziny, Chrzest, Przyj\u0119cie, \u015awi\u0119ta, \u015alub\",\"publisher\":{\"@id\":\"https:\\\/\\\/www.drewnianamagia.pl\\\/#organization\"},\"potentialAction\":[{\"@type\":\"SearchAction\",\"target\":{\"@type\":\"EntryPoint\",\"urlTemplate\":\"https:\\\/\\\/www.drewnianamagia.pl\\\/?s={search_term_string}\"},\"query-input\":{\"@type\":\"PropertyValueSpecification\",\"valueRequired\":true,\"valueName\":\"search_term_string\"}}],\"inLanguage\":\"pl-PL\"},{\"@type\":\"Organization\",\"@id\":\"https:\\\/\\\/www.drewnianamagia.pl\\\/#organization\",\"name\":\"Drewniana Magia\",\"url\":\"https:\\\/\\\/www.drewnianamagia.pl\\\/\",\"logo\":{\"@type\":\"ImageObject\",\"inLanguage\":\"pl-PL\",\"@id\":\"https:\\\/\\\/www.drewnianamagia.pl\\\/#\\\/schema\\\/logo\\\/image\\\/\",\"url\":\"https:\\\/\\\/www.drewnianamagia.pl\\\/wp-content\\\/uploads\\\/2024\\\/02\\\/cropped-LOGO-DrewnianaMagia-375x188-1.png\",\"contentUrl\":\"https:\\\/\\\/www.drewnianamagia.pl\\\/wp-content\\\/uploads\\\/2024\\\/02\\\/cropped-LOGO-DrewnianaMagia-375x188-1.png\",\"width\":374,\"height\":188,\"caption\":\"Drewniana Magia\"},\"image\":{\"@id\":\"https:\\\/\\\/www.drewnianamagia.pl\\\/#\\\/schema\\\/logo\\\/image\\\/\"},\"sameAs\":[\"https:\\\/\\\/facebook.com\\\/BelasDrewnianaMagia\"]}]}<\/script>\n<!-- \/ Yoast SEO plugin. -->","yoast_head_json":{"title":"Statuetka urodzinowa Kwiatki - To wcale nie tak du\u017co - personalizacja - Drewniana Magia","description":"Wyj\u0105tkowy personalizowany prezent na urodziny. Drewniana statuetka z humorystycznym przekazem dla solenizanta. Oryginalny spos\u00f3b na z\u0142o\u017cenie \u017cycze\u0144.","robots":{"index":"index","follow":"follow","max-snippet":"max-snippet:-1","max-image-preview":"max-image-preview:large","max-video-preview":"max-video-preview:-1"},"canonical":"https:\/\/www.drewnianamagia.pl\/index.php\/produkt\/statuetka-urodzinowa-kwiatki-to-wcale-nie-tak-duzo-personalizacja\/","og_locale":"pl_PL","og_type":"article","og_title":"Statuetka urodzinowa Kwiatki - To wcale nie tak du\u017co - personalizacja - Drewniana Magia","og_description":"Wyj\u0105tkowy personalizowany prezent na urodziny. Drewniana statuetka z humorystycznym przekazem dla solenizanta. Oryginalny spos\u00f3b na z\u0142o\u017cenie \u017cycze\u0144.","og_url":"https:\/\/www.drewnianamagia.pl\/index.php\/produkt\/statuetka-urodzinowa-kwiatki-to-wcale-nie-tak-duzo-personalizacja\/","og_site_name":"Drewniana Magia","article_publisher":"https:\/\/facebook.com\/BelasDrewnianaMagia","article_modified_time":"2026-01-03T08:39:25+00:00","og_image":[{"width":1024,"height":1024,"url":"https:\/\/www.drewnianamagia.pl\/wp-content\/uploads\/2025\/03\/statuetka-kwiaty-to-wcale-nie-tak-duzo-prezent-urodzinowy-01-1024x1024.png","type":"image\/png"}],"twitter_card":"summary_large_image","twitter_misc":{"Szacowany czas czytania":"2 minuty"},"schema":{"@context":"https:\/\/schema.org","@graph":[{"@type":"WebPage","@id":"https:\/\/www.drewnianamagia.pl\/index.php\/produkt\/statuetka-urodzinowa-kwiatki-to-wcale-nie-tak-duzo-personalizacja\/","url":"https:\/\/www.drewnianamagia.pl\/index.php\/produkt\/statuetka-urodzinowa-kwiatki-to-wcale-nie-tak-duzo-personalizacja\/","name":"Statuetka urodzinowa Kwiatki - To wcale nie tak du\u017co - personalizacja - Drewniana Magia","isPartOf":{"@id":"https:\/\/www.drewnianamagia.pl\/#website"},"primaryImageOfPage":{"@id":"https:\/\/www.drewnianamagia.pl\/index.php\/produkt\/statuetka-urodzinowa-kwiatki-to-wcale-nie-tak-duzo-personalizacja\/#primaryimage"},"image":{"@id":"https:\/\/www.drewnianamagia.pl\/index.php\/produkt\/statuetka-urodzinowa-kwiatki-to-wcale-nie-tak-duzo-personalizacja\/#primaryimage"},"thumbnailUrl":"https:\/\/www.drewnianamagia.pl\/wp-content\/uploads\/2025\/03\/statuetka-kwiaty-to-wcale-nie-tak-duzo-prezent-urodzinowy-01.png","datePublished":"2025-03-12T14:23:37+00:00","dateModified":"2026-01-03T08:39:25+00:00","description":"Wyj\u0105tkowy personalizowany prezent na urodziny. Drewniana statuetka z humorystycznym przekazem dla solenizanta. Oryginalny spos\u00f3b na z\u0142o\u017cenie \u017cycze\u0144.","breadcrumb":{"@id":"https:\/\/www.drewnianamagia.pl\/index.php\/produkt\/statuetka-urodzinowa-kwiatki-to-wcale-nie-tak-duzo-personalizacja\/#breadcrumb"},"inLanguage":"pl-PL","potentialAction":[{"@type":"ReadAction","target":["https:\/\/www.drewnianamagia.pl\/index.php\/produkt\/statuetka-urodzinowa-kwiatki-to-wcale-nie-tak-duzo-personalizacja\/"]}]},{"@type":"ImageObject","inLanguage":"pl-PL","@id":"https:\/\/www.drewnianamagia.pl\/index.php\/produkt\/statuetka-urodzinowa-kwiatki-to-wcale-nie-tak-duzo-personalizacja\/#primaryimage","url":"https:\/\/www.drewnianamagia.pl\/wp-content\/uploads\/2025\/03\/statuetka-kwiaty-to-wcale-nie-tak-duzo-prezent-urodzinowy-01.png","contentUrl":"https:\/\/www.drewnianamagia.pl\/wp-content\/uploads\/2025\/03\/statuetka-kwiaty-to-wcale-nie-tak-duzo-prezent-urodzinowy-01.png","width":2000,"height":2000,"caption":"Statuetka kwiaty - widzisz to wcale nie tak du\u017co. Personalizowany drewniany prezent na urodziny z grawerem"},{"@type":"BreadcrumbList","@id":"https:\/\/www.drewnianamagia.pl\/index.php\/produkt\/statuetka-urodzinowa-kwiatki-to-wcale-nie-tak-duzo-personalizacja\/#breadcrumb","itemListElement":[{"@type":"ListItem","position":1,"name":"Strona g\u0142\u00f3wna","item":"https:\/\/www.drewnianamagia.pl\/"},{"@type":"ListItem","position":2,"name":"Sklep","item":"https:\/\/www.drewnianamagia.pl\/index.php\/sklep-internetowy-drewnianamagia\/"},{"@type":"ListItem","position":3,"name":"Statuetka urodzinowa Kwiatki &#8211; To wcale nie tak du\u017co &#8211; personalizacja"}]},{"@type":"WebSite","@id":"https:\/\/www.drewnianamagia.pl\/#website","url":"https:\/\/www.drewnianamagia.pl\/","name":"Drewniana Magia","description":"Personalizowane prezenty i dekoracje z drewna i druku 3D, na ka\u017cd\u0105 okazj\u0119 i okoliczno\u015b\u0107. Urodziny, Chrzest, Przyj\u0119cie, \u015awi\u0119ta, \u015alub","publisher":{"@id":"https:\/\/www.drewnianamagia.pl\/#organization"},"potentialAction":[{"@type":"SearchAction","target":{"@type":"EntryPoint","urlTemplate":"https:\/\/www.drewnianamagia.pl\/?s={search_term_string}"},"query-input":{"@type":"PropertyValueSpecification","valueRequired":true,"valueName":"search_term_string"}}],"inLanguage":"pl-PL"},{"@type":"Organization","@id":"https:\/\/www.drewnianamagia.pl\/#organization","name":"Drewniana Magia","url":"https:\/\/www.drewnianamagia.pl\/","logo":{"@type":"ImageObject","inLanguage":"pl-PL","@id":"https:\/\/www.drewnianamagia.pl\/#\/schema\/logo\/image\/","url":"https:\/\/www.drewnianamagia.pl\/wp-content\/uploads\/2024\/02\/cropped-LOGO-DrewnianaMagia-375x188-1.png","contentUrl":"https:\/\/www.drewnianamagia.pl\/wp-content\/uploads\/2024\/02\/cropped-LOGO-DrewnianaMagia-375x188-1.png","width":374,"height":188,"caption":"Drewniana Magia"},"image":{"@id":"https:\/\/www.drewnianamagia.pl\/#\/schema\/logo\/image\/"},"sameAs":["https:\/\/facebook.com\/BelasDrewnianaMagia"]}]}},"_links":{"self":[{"href":"https:\/\/www.drewnianamagia.pl\/index.php\/wp-json\/wp\/v2\/product\/6087","targetHints":{"allow":["GET"]}}],"collection":[{"href":"https:\/\/www.drewnianamagia.pl\/index.php\/wp-json\/wp\/v2\/product"}],"about":[{"href":"https:\/\/www.drewnianamagia.pl\/index.php\/wp-json\/wp\/v2\/types\/product"}],"replies":[{"embeddable":true,"href":"https:\/\/www.drewnianamagia.pl\/index.php\/wp-json\/wp\/v2\/comments?post=6087"}],"wp:featuredmedia":[{"embeddable":true,"href":"https:\/\/www.drewnianamagia.pl\/index.php\/wp-json\/wp\/v2\/media\/6078"}],"wp:attachment":[{"href":"https:\/\/www.drewnianamagia.pl\/index.php\/wp-json\/wp\/v2\/media?parent=6087"}],"wp:term":[{"taxonomy":"product_brand","embeddable":true,"href":"https:\/\/www.drewnianamagia.pl\/index.php\/wp-json\/wp\/v2\/product_brand?post=6087"},{"taxonomy":"product_cat","embeddable":true,"href":"https:\/\/www.drewnianamagia.pl\/index.php\/wp-json\/wp\/v2\/product_cat?post=6087"},{"taxonomy":"product_tag","embeddable":true,"href":"https:\/\/www.drewnianamagia.pl\/index.php\/wp-json\/wp\/v2\/product_tag?post=6087"}],"curies":[{"name":"wp","href":"https:\/\/api.w.org\/{rel}","templated":true}]}}