{"id":5993,"date":"2025-02-21T12:39:14","date_gmt":"2025-02-21T11:39:14","guid":{"rendered":"https:\/\/www.drewnianamagia.pl\/?post_type=product&#038;p=5993"},"modified":"2025-07-14T15:18:15","modified_gmt":"2025-07-14T13:18:15","slug":"kwiatek-z-imieniem-prezent-dla-niej","status":"publish","type":"product","link":"https:\/\/www.drewnianamagia.pl\/index.php\/produkt\/kwiatek-z-imieniem-prezent-dla-niej\/","title":{"rendered":"Kwiatek z imieniem &#8211; prezent dla Niej"},"content":{"rendered":"<h1 style=\"text-align: center;\"><strong>Kwiatek z imieniem &#8211; prezent na Dzie\u0144 Kobiet<\/strong><\/h1>\n<p>Personalizowany kwiatek\u00a0 z imieniem to wyj\u0105tkowy dodatek do prezentu. Imi\u0119 jest wygrawerowane na dopasowanym kszta\u0142cie \u0142odygi kwiatka. Stworzymy dla Ciebie kwiatek z dowolnym imieniem.<\/p>\n<p>Dbamy o szczeg\u00f3\u0142y st\u0105d ka\u017cdy produkt jest r\u0119cznie szlifowany.<\/p>\n<p>Kwiatek sprawdzi si\u0119 r\u00f3wnie\u017c na inne okazje, takie jak:<\/p>\n<ul>\n<li>Walentynki<\/li>\n<li>Dzie\u0144 Nauczyciela<\/li>\n<li>Urodziny<\/li>\n<li>Imienimy<\/li>\n<li>Dzie\u0144 Kobiet<\/li>\n<\/ul>\n<p><span style=\"color: #ff0000;\"><strong>PERSONALIZACJA:<\/strong><\/span><\/p>\n<ul>\n<li>Imi\u0119 &#8211; zostanie wygrawerowane\u00a0 na \u0142odydze wyci\u0119tej laserowo pod jego kszta\u0142t. (np. Agnieszka)<\/li>\n<\/ul>\n<p><img loading=\"lazy\" decoding=\"async\" class=\"aligncenter size-medium wp-image-6122\" src=\"https:\/\/www.drewnianamagia.pl\/wp-content\/uploads\/2025\/03\/kwiatek-z-imieniem-PERSONALIZACJA-300x300.jpg\" alt=\"kwiatek z imieniem - prezent dla niej na dzie\u0144 kobiet, urodziny, dzie\u0144 nauczyciela\" width=\"300\" height=\"300\" srcset=\"https:\/\/www.drewnianamagia.pl\/wp-content\/uploads\/2025\/03\/kwiatek-z-imieniem-PERSONALIZACJA-300x300.jpg 300w, https:\/\/www.drewnianamagia.pl\/wp-content\/uploads\/2025\/03\/kwiatek-z-imieniem-PERSONALIZACJA-324x324.jpg 324w, https:\/\/www.drewnianamagia.pl\/wp-content\/uploads\/2025\/03\/kwiatek-z-imieniem-PERSONALIZACJA-100x100.jpg 100w, https:\/\/www.drewnianamagia.pl\/wp-content\/uploads\/2025\/03\/kwiatek-z-imieniem-PERSONALIZACJA-416x416.jpg 416w, https:\/\/www.drewnianamagia.pl\/wp-content\/uploads\/2025\/03\/kwiatek-z-imieniem-PERSONALIZACJA-1024x1024.jpg 1024w, https:\/\/www.drewnianamagia.pl\/wp-content\/uploads\/2025\/03\/kwiatek-z-imieniem-PERSONALIZACJA-150x150.jpg 150w, https:\/\/www.drewnianamagia.pl\/wp-content\/uploads\/2025\/03\/kwiatek-z-imieniem-PERSONALIZACJA-768x768.jpg 768w, https:\/\/www.drewnianamagia.pl\/wp-content\/uploads\/2025\/03\/kwiatek-z-imieniem-PERSONALIZACJA-1536x1536.jpg 1536w, https:\/\/www.drewnianamagia.pl\/wp-content\/uploads\/2025\/03\/kwiatek-z-imieniem-PERSONALIZACJA.jpg 2000w\" sizes=\"auto, (max-width: 300px) 100vw, 300px\" \/><\/p>\n<p><strong>SPECYFIKACJA:<\/strong><\/p>\n<ul>\n<li>wysoko\u015b\u0107: 20 cm<\/li>\n<li>szeroko\u015b\u0107: 6,5 cm<\/li>\n<li>materia\u0142: sklejka drewniana r\u0119cznie szlifowana wycinana laserowo o grubo\u015bci ok. 3mm<\/li>\n<\/ul>\n<p>&nbsp;<\/p>\n<p>Zdj\u0119cie g\u0142\u00f3wne jest wizualizacj\u0105. Ka\u017cdy produkt z uwagi na naturalny charakter drewna mo\u017ce mie\u0107 inny odcie\u0144\u00a0 &#8211; dotyczy to drewna jak i samego graweru.<\/p>\n<p>Przyk\u0142ady wykonania graweru w sklejce mo\u017cna zobaczy\u0107<strong> <a href=\"https:\/\/www.drewnianamagia.pl\/index.php\/grawer-przyklady\/\" target=\"_blank\" rel=\"noopener\">TUTAJ<\/a><\/strong><\/p>\n<p>&nbsp;<\/p>\n","protected":false},"excerpt":{"rendered":"<p>Kwiatek z imieniem &#8211; prezent na Dzie\u0144 Kobiet Personalizowany kwiatek\u00a0 z imieniem to wyj\u0105tkowy dodatek do prezentu. Imi\u0119 jest wygrawerowane na dopasowanym kszta\u0142cie \u0142odygi kwiatka. Stworzymy dla Ciebie kwiatek z dowolnym imieniem. Dbamy o szczeg\u00f3\u0142y st\u0105d ka\u017cdy produkt jest r\u0119cznie szlifowany. Kwiatek sprawdzi si\u0119 r\u00f3wnie\u017c na inne okazje, takie jak: Walentynki Dzie\u0144 Nauczyciela Urodziny Imienimy [&hellip;]<\/p>\n","protected":false},"featured_media":5992,"comment_status":"open","ping_status":"closed","template":"","meta":{"_acf_changed":false},"product_brand":[180],"product_cat":[49,108,100,104,92,105,96,99],"product_tag":[54],"class_list":{"0":"post-5993","1":"product","2":"type-product","3":"status-publish","4":"has-post-thumbnail","6":"product_brand-drewniana-magia","7":"product_cat-dekoracje","8":"product_cat-dzien-kobiet","9":"product_cat-dzien-matki-dzien-ojca","10":"product_cat-dzien-nauczyciela","11":"product_cat-gadzety","12":"product_cat-rocznice","13":"product_cat-urodziny-imieniny","14":"product_cat-walentynki","15":"product_tag-personalizacja","17":"first","18":"instock","19":"taxable","20":"shipping-taxable","21":"purchasable","22":"product-type-simple"},"acf":[],"yoast_head":"<!-- This site is optimized with the Yoast SEO plugin v27.5 - https:\/\/yoast.com\/product\/yoast-seo-wordpress\/ -->\n<title>Kwiatek z imieniem - prezent dla Niej - Drewniana Magia<\/title>\n<meta name=\"description\" content=\"Personalizowany kwiatek z dowolnym imieniem. Wspania\u0142y pomys\u0142 na prezent na Dzie\u0144 Kobiet, Walentynki, Dzie\u0144 Nauczyciela, Urodziny lub Imieniny.\" \/>\n<meta name=\"robots\" content=\"index, follow, max-snippet:-1, max-image-preview:large, max-video-preview:-1\" \/>\n<link rel=\"canonical\" href=\"https:\/\/www.drewnianamagia.pl\/index.php\/produkt\/kwiatek-z-imieniem-prezent-dla-niej\/\" \/>\n<meta property=\"og:locale\" content=\"pl_PL\" \/>\n<meta property=\"og:type\" content=\"article\" \/>\n<meta property=\"og:title\" content=\"Kwiatek z imieniem - prezent dla Niej - Drewniana Magia\" \/>\n<meta property=\"og:description\" content=\"Personalizowany kwiatek z dowolnym imieniem. Wspania\u0142y pomys\u0142 na prezent na Dzie\u0144 Kobiet, Walentynki, Dzie\u0144 Nauczyciela, Urodziny lub Imieniny.\" \/>\n<meta property=\"og:url\" content=\"https:\/\/www.drewnianamagia.pl\/index.php\/produkt\/kwiatek-z-imieniem-prezent-dla-niej\/\" \/>\n<meta property=\"og:site_name\" content=\"Drewniana Magia\" \/>\n<meta property=\"article:publisher\" content=\"https:\/\/facebook.com\/BelasDrewnianaMagia\" \/>\n<meta property=\"article:modified_time\" content=\"2025-07-14T13:18:15+00:00\" \/>\n<meta property=\"og:image\" content=\"https:\/\/www.drewnianamagia.pl\/wp-content\/uploads\/2025\/02\/roza-z-imieniem.jpg\" \/>\n\t<meta property=\"og:image:width\" content=\"1181\" \/>\n\t<meta property=\"og:image:height\" content=\"1181\" \/>\n\t<meta property=\"og:image:type\" content=\"image\/jpeg\" \/>\n<meta name=\"twitter:card\" content=\"summary_large_image\" \/>\n<meta name=\"twitter:label1\" content=\"Szacowany czas czytania\" \/>\n\t<meta name=\"twitter:data1\" content=\"2 minuty\" \/>\n<script type=\"application\/ld+json\" class=\"yoast-schema-graph\">{\"@context\":\"https:\\\/\\\/schema.org\",\"@graph\":[{\"@type\":\"WebPage\",\"@id\":\"https:\\\/\\\/www.drewnianamagia.pl\\\/index.php\\\/produkt\\\/kwiatek-z-imieniem-prezent-dla-niej\\\/\",\"url\":\"https:\\\/\\\/www.drewnianamagia.pl\\\/index.php\\\/produkt\\\/kwiatek-z-imieniem-prezent-dla-niej\\\/\",\"name\":\"Kwiatek z imieniem - prezent dla Niej - Drewniana Magia\",\"isPartOf\":{\"@id\":\"https:\\\/\\\/www.drewnianamagia.pl\\\/#website\"},\"primaryImageOfPage\":{\"@id\":\"https:\\\/\\\/www.drewnianamagia.pl\\\/index.php\\\/produkt\\\/kwiatek-z-imieniem-prezent-dla-niej\\\/#primaryimage\"},\"image\":{\"@id\":\"https:\\\/\\\/www.drewnianamagia.pl\\\/index.php\\\/produkt\\\/kwiatek-z-imieniem-prezent-dla-niej\\\/#primaryimage\"},\"thumbnailUrl\":\"https:\\\/\\\/www.drewnianamagia.pl\\\/wp-content\\\/uploads\\\/2025\\\/02\\\/roza-z-imieniem.jpg\",\"datePublished\":\"2025-02-21T11:39:14+00:00\",\"dateModified\":\"2025-07-14T13:18:15+00:00\",\"description\":\"Personalizowany kwiatek z dowolnym imieniem. Wspania\u0142y pomys\u0142 na prezent na Dzie\u0144 Kobiet, Walentynki, Dzie\u0144 Nauczyciela, Urodziny lub Imieniny.\",\"breadcrumb\":{\"@id\":\"https:\\\/\\\/www.drewnianamagia.pl\\\/index.php\\\/produkt\\\/kwiatek-z-imieniem-prezent-dla-niej\\\/#breadcrumb\"},\"inLanguage\":\"pl-PL\",\"potentialAction\":[{\"@type\":\"ReadAction\",\"target\":[\"https:\\\/\\\/www.drewnianamagia.pl\\\/index.php\\\/produkt\\\/kwiatek-z-imieniem-prezent-dla-niej\\\/\"]}]},{\"@type\":\"ImageObject\",\"inLanguage\":\"pl-PL\",\"@id\":\"https:\\\/\\\/www.drewnianamagia.pl\\\/index.php\\\/produkt\\\/kwiatek-z-imieniem-prezent-dla-niej\\\/#primaryimage\",\"url\":\"https:\\\/\\\/www.drewnianamagia.pl\\\/wp-content\\\/uploads\\\/2025\\\/02\\\/roza-z-imieniem.jpg\",\"contentUrl\":\"https:\\\/\\\/www.drewnianamagia.pl\\\/wp-content\\\/uploads\\\/2025\\\/02\\\/roza-z-imieniem.jpg\",\"width\":1181,\"height\":1181,\"caption\":\"kwiatek z imieniem - prezent dla niej na dzie\u0144 kobiet, urodziny, dzie\u0144 nauczyciela\"},{\"@type\":\"BreadcrumbList\",\"@id\":\"https:\\\/\\\/www.drewnianamagia.pl\\\/index.php\\\/produkt\\\/kwiatek-z-imieniem-prezent-dla-niej\\\/#breadcrumb\",\"itemListElement\":[{\"@type\":\"ListItem\",\"position\":1,\"name\":\"Strona g\u0142\u00f3wna\",\"item\":\"https:\\\/\\\/www.drewnianamagia.pl\\\/\"},{\"@type\":\"ListItem\",\"position\":2,\"name\":\"Sklep\",\"item\":\"https:\\\/\\\/www.drewnianamagia.pl\\\/index.php\\\/sklep-internetowy-drewnianamagia\\\/\"},{\"@type\":\"ListItem\",\"position\":3,\"name\":\"Kwiatek z imieniem &#8211; prezent dla Niej\"}]},{\"@type\":\"WebSite\",\"@id\":\"https:\\\/\\\/www.drewnianamagia.pl\\\/#website\",\"url\":\"https:\\\/\\\/www.drewnianamagia.pl\\\/\",\"name\":\"Drewniana Magia\",\"description\":\"Personalizowane prezenty i dekoracje z drewna i druku 3D, na ka\u017cd\u0105 okazj\u0119 i okoliczno\u015b\u0107. Urodziny, Chrzest, Przyj\u0119cie, \u015awi\u0119ta, \u015alub\",\"publisher\":{\"@id\":\"https:\\\/\\\/www.drewnianamagia.pl\\\/#organization\"},\"potentialAction\":[{\"@type\":\"SearchAction\",\"target\":{\"@type\":\"EntryPoint\",\"urlTemplate\":\"https:\\\/\\\/www.drewnianamagia.pl\\\/?s={search_term_string}\"},\"query-input\":{\"@type\":\"PropertyValueSpecification\",\"valueRequired\":true,\"valueName\":\"search_term_string\"}}],\"inLanguage\":\"pl-PL\"},{\"@type\":\"Organization\",\"@id\":\"https:\\\/\\\/www.drewnianamagia.pl\\\/#organization\",\"name\":\"Drewniana Magia\",\"url\":\"https:\\\/\\\/www.drewnianamagia.pl\\\/\",\"logo\":{\"@type\":\"ImageObject\",\"inLanguage\":\"pl-PL\",\"@id\":\"https:\\\/\\\/www.drewnianamagia.pl\\\/#\\\/schema\\\/logo\\\/image\\\/\",\"url\":\"https:\\\/\\\/www.drewnianamagia.pl\\\/wp-content\\\/uploads\\\/2024\\\/02\\\/cropped-LOGO-DrewnianaMagia-375x188-1.png\",\"contentUrl\":\"https:\\\/\\\/www.drewnianamagia.pl\\\/wp-content\\\/uploads\\\/2024\\\/02\\\/cropped-LOGO-DrewnianaMagia-375x188-1.png\",\"width\":374,\"height\":188,\"caption\":\"Drewniana Magia\"},\"image\":{\"@id\":\"https:\\\/\\\/www.drewnianamagia.pl\\\/#\\\/schema\\\/logo\\\/image\\\/\"},\"sameAs\":[\"https:\\\/\\\/facebook.com\\\/BelasDrewnianaMagia\"]}]}<\/script>\n<!-- \/ Yoast SEO plugin. -->","yoast_head_json":{"title":"Kwiatek z imieniem - prezent dla Niej - Drewniana Magia","description":"Personalizowany kwiatek z dowolnym imieniem. Wspania\u0142y pomys\u0142 na prezent na Dzie\u0144 Kobiet, Walentynki, Dzie\u0144 Nauczyciela, Urodziny lub Imieniny.","robots":{"index":"index","follow":"follow","max-snippet":"max-snippet:-1","max-image-preview":"max-image-preview:large","max-video-preview":"max-video-preview:-1"},"canonical":"https:\/\/www.drewnianamagia.pl\/index.php\/produkt\/kwiatek-z-imieniem-prezent-dla-niej\/","og_locale":"pl_PL","og_type":"article","og_title":"Kwiatek z imieniem - prezent dla Niej - Drewniana Magia","og_description":"Personalizowany kwiatek z dowolnym imieniem. Wspania\u0142y pomys\u0142 na prezent na Dzie\u0144 Kobiet, Walentynki, Dzie\u0144 Nauczyciela, Urodziny lub Imieniny.","og_url":"https:\/\/www.drewnianamagia.pl\/index.php\/produkt\/kwiatek-z-imieniem-prezent-dla-niej\/","og_site_name":"Drewniana Magia","article_publisher":"https:\/\/facebook.com\/BelasDrewnianaMagia","article_modified_time":"2025-07-14T13:18:15+00:00","og_image":[{"width":1181,"height":1181,"url":"https:\/\/www.drewnianamagia.pl\/wp-content\/uploads\/2025\/02\/roza-z-imieniem.jpg","type":"image\/jpeg"}],"twitter_card":"summary_large_image","twitter_misc":{"Szacowany czas czytania":"2 minuty"},"schema":{"@context":"https:\/\/schema.org","@graph":[{"@type":"WebPage","@id":"https:\/\/www.drewnianamagia.pl\/index.php\/produkt\/kwiatek-z-imieniem-prezent-dla-niej\/","url":"https:\/\/www.drewnianamagia.pl\/index.php\/produkt\/kwiatek-z-imieniem-prezent-dla-niej\/","name":"Kwiatek z imieniem - prezent dla Niej - Drewniana Magia","isPartOf":{"@id":"https:\/\/www.drewnianamagia.pl\/#website"},"primaryImageOfPage":{"@id":"https:\/\/www.drewnianamagia.pl\/index.php\/produkt\/kwiatek-z-imieniem-prezent-dla-niej\/#primaryimage"},"image":{"@id":"https:\/\/www.drewnianamagia.pl\/index.php\/produkt\/kwiatek-z-imieniem-prezent-dla-niej\/#primaryimage"},"thumbnailUrl":"https:\/\/www.drewnianamagia.pl\/wp-content\/uploads\/2025\/02\/roza-z-imieniem.jpg","datePublished":"2025-02-21T11:39:14+00:00","dateModified":"2025-07-14T13:18:15+00:00","description":"Personalizowany kwiatek z dowolnym imieniem. Wspania\u0142y pomys\u0142 na prezent na Dzie\u0144 Kobiet, Walentynki, Dzie\u0144 Nauczyciela, Urodziny lub Imieniny.","breadcrumb":{"@id":"https:\/\/www.drewnianamagia.pl\/index.php\/produkt\/kwiatek-z-imieniem-prezent-dla-niej\/#breadcrumb"},"inLanguage":"pl-PL","potentialAction":[{"@type":"ReadAction","target":["https:\/\/www.drewnianamagia.pl\/index.php\/produkt\/kwiatek-z-imieniem-prezent-dla-niej\/"]}]},{"@type":"ImageObject","inLanguage":"pl-PL","@id":"https:\/\/www.drewnianamagia.pl\/index.php\/produkt\/kwiatek-z-imieniem-prezent-dla-niej\/#primaryimage","url":"https:\/\/www.drewnianamagia.pl\/wp-content\/uploads\/2025\/02\/roza-z-imieniem.jpg","contentUrl":"https:\/\/www.drewnianamagia.pl\/wp-content\/uploads\/2025\/02\/roza-z-imieniem.jpg","width":1181,"height":1181,"caption":"kwiatek z imieniem - prezent dla niej na dzie\u0144 kobiet, urodziny, dzie\u0144 nauczyciela"},{"@type":"BreadcrumbList","@id":"https:\/\/www.drewnianamagia.pl\/index.php\/produkt\/kwiatek-z-imieniem-prezent-dla-niej\/#breadcrumb","itemListElement":[{"@type":"ListItem","position":1,"name":"Strona g\u0142\u00f3wna","item":"https:\/\/www.drewnianamagia.pl\/"},{"@type":"ListItem","position":2,"name":"Sklep","item":"https:\/\/www.drewnianamagia.pl\/index.php\/sklep-internetowy-drewnianamagia\/"},{"@type":"ListItem","position":3,"name":"Kwiatek z imieniem &#8211; prezent dla Niej"}]},{"@type":"WebSite","@id":"https:\/\/www.drewnianamagia.pl\/#website","url":"https:\/\/www.drewnianamagia.pl\/","name":"Drewniana Magia","description":"Personalizowane prezenty i dekoracje z drewna i druku 3D, na ka\u017cd\u0105 okazj\u0119 i okoliczno\u015b\u0107. Urodziny, Chrzest, Przyj\u0119cie, \u015awi\u0119ta, \u015alub","publisher":{"@id":"https:\/\/www.drewnianamagia.pl\/#organization"},"potentialAction":[{"@type":"SearchAction","target":{"@type":"EntryPoint","urlTemplate":"https:\/\/www.drewnianamagia.pl\/?s={search_term_string}"},"query-input":{"@type":"PropertyValueSpecification","valueRequired":true,"valueName":"search_term_string"}}],"inLanguage":"pl-PL"},{"@type":"Organization","@id":"https:\/\/www.drewnianamagia.pl\/#organization","name":"Drewniana Magia","url":"https:\/\/www.drewnianamagia.pl\/","logo":{"@type":"ImageObject","inLanguage":"pl-PL","@id":"https:\/\/www.drewnianamagia.pl\/#\/schema\/logo\/image\/","url":"https:\/\/www.drewnianamagia.pl\/wp-content\/uploads\/2024\/02\/cropped-LOGO-DrewnianaMagia-375x188-1.png","contentUrl":"https:\/\/www.drewnianamagia.pl\/wp-content\/uploads\/2024\/02\/cropped-LOGO-DrewnianaMagia-375x188-1.png","width":374,"height":188,"caption":"Drewniana Magia"},"image":{"@id":"https:\/\/www.drewnianamagia.pl\/#\/schema\/logo\/image\/"},"sameAs":["https:\/\/facebook.com\/BelasDrewnianaMagia"]}]}},"_links":{"self":[{"href":"https:\/\/www.drewnianamagia.pl\/index.php\/wp-json\/wp\/v2\/product\/5993","targetHints":{"allow":["GET"]}}],"collection":[{"href":"https:\/\/www.drewnianamagia.pl\/index.php\/wp-json\/wp\/v2\/product"}],"about":[{"href":"https:\/\/www.drewnianamagia.pl\/index.php\/wp-json\/wp\/v2\/types\/product"}],"replies":[{"embeddable":true,"href":"https:\/\/www.drewnianamagia.pl\/index.php\/wp-json\/wp\/v2\/comments?post=5993"}],"wp:featuredmedia":[{"embeddable":true,"href":"https:\/\/www.drewnianamagia.pl\/index.php\/wp-json\/wp\/v2\/media\/5992"}],"wp:attachment":[{"href":"https:\/\/www.drewnianamagia.pl\/index.php\/wp-json\/wp\/v2\/media?parent=5993"}],"wp:term":[{"taxonomy":"product_brand","embeddable":true,"href":"https:\/\/www.drewnianamagia.pl\/index.php\/wp-json\/wp\/v2\/product_brand?post=5993"},{"taxonomy":"product_cat","embeddable":true,"href":"https:\/\/www.drewnianamagia.pl\/index.php\/wp-json\/wp\/v2\/product_cat?post=5993"},{"taxonomy":"product_tag","embeddable":true,"href":"https:\/\/www.drewnianamagia.pl\/index.php\/wp-json\/wp\/v2\/product_tag?post=5993"}],"curies":[{"name":"wp","href":"https:\/\/api.w.org\/{rel}","templated":true}]}}