{"id":5903,"date":"2025-02-03T16:09:00","date_gmt":"2025-02-03T15:09:00","guid":{"rendered":"https:\/\/www.drewnianamagia.pl\/?post_type=product&#038;p=5903"},"modified":"2025-04-26T08:56:36","modified_gmt":"2025-04-26T06:56:36","slug":"wieniec-urodzinowy-na-podstawie-personalizowany","status":"publish","type":"product","link":"https:\/\/www.drewnianamagia.pl\/index.php\/produkt\/wieniec-urodzinowy-na-podstawie-personalizowany\/","title":{"rendered":"Wieniec urodzinowy na podstawie &#8211; personalizowany"},"content":{"rendered":"<h1 style=\"text-align: center;\"><strong>Wieniec Urodzinowy na podstawie &#8211; personalizowany<\/strong><\/h1>\n<p>Personalizowany (<strong>dowolny wiek<\/strong> oraz <strong>imi\u0119<\/strong>) Wieniec Urodzinowy na podstawie to jeden z tych prezent\u00f3w, dzi\u0119ki kt\u00f3remu mo\u017cna celebrowa\u0107 wa\u017cne urodziny lub rocznic\u0119. Podaruj gad\u017cet, kt\u00f3ry zapadnie w pami\u0119\u0107 i wywo\u0142a wzruszenie.<\/p>\n<p>Podaj liczb\u0119 jaka ma zosta\u0107 wkomponowana w \u015brodku &#8211; b\u0119dzie symbolizowa\u0142a wiek lub rocznice. Podaj r\u00f3wnie\u017c imi\u0119, kt\u00f3re wygrawerujemy na dole pod napisem 'Wszystkiego Najlepszego&#8221;.<\/p>\n<p><span style=\"color: #ff0000;\"><strong>PERSONALIZACJA:<\/strong><\/span><\/p>\n<ul>\n<li>Wiek &#8211; liczba, kt\u00f3ra b\u0119dzie integralnym elementem wie\u0144ca (np. 50)<\/li>\n<li>Imi\u0119 &#8211; b\u0119dzie wygrawerowane\u00a0 na dole (np. Micha\u0142)<\/li>\n<\/ul>\n<p><strong>SPECYFIKACJA:<\/strong><\/p>\n<ul>\n<li>wysoko\u015b\u0107 statuetki: 18cm<\/li>\n<li>szeroko\u015b\u0107 statuetki: 20 cm<\/li>\n<li>podstawa o wymiarach: 10 cm x 4 cm<\/li>\n<li>materia\u0142: sklejka drewniana r\u0119cznie szlifowana wycinana laserowo o grubo\u015bci ok. 3mm<\/li>\n<\/ul>\n<p>&nbsp;<\/p>\n<p>Zdj\u0119cie g\u0142\u00f3wne jest wizualizacj\u0105. Ka\u017cdy produkt z uwagi na naturalny charakter drewna mo\u017ce mie\u0107 inny odcie\u0144\u00a0 &#8211; dotyczy to drewna jak i samego graweru.<\/p>\n<p>Przyk\u0142ady wykonania graweru w sklejce mo\u017cna zobaczy\u0107<strong> <a href=\"https:\/\/www.drewnianamagia.pl\/index.php\/grawer-przyklady\/\" target=\"_blank\" rel=\"noopener\">TUTAJ<\/a><\/strong><\/p>\n<p>&nbsp;<\/p>\n","protected":false},"excerpt":{"rendered":"<p>Wieniec Urodzinowy na podstawie &#8211; personalizowany Personalizowany (dowolny wiek oraz imi\u0119) Wieniec Urodzinowy na podstawie to jeden z tych prezent\u00f3w, dzi\u0119ki kt\u00f3remu mo\u017cna celebrowa\u0107 wa\u017cne urodziny lub rocznic\u0119. Podaruj gad\u017cet, kt\u00f3ry zapadnie w pami\u0119\u0107 i wywo\u0142a wzruszenie. Podaj liczb\u0119 jaka ma zosta\u0107 wkomponowana w \u015brodku &#8211; b\u0119dzie symbolizowa\u0142a wiek lub rocznice. Podaj r\u00f3wnie\u017c imi\u0119, kt\u00f3re [&hellip;]<\/p>\n","protected":false},"featured_media":5904,"comment_status":"open","ping_status":"closed","template":"","meta":{"_acf_changed":false},"product_brand":[180],"product_cat":[49,92,105,148,96],"product_tag":[54,59],"class_list":{"0":"post-5903","1":"product","2":"type-product","3":"status-publish","4":"has-post-thumbnail","6":"product_brand-drewniana-magia","7":"product_cat-dekoracje","8":"product_cat-gadzety","9":"product_cat-rocznice","10":"product_cat-statuetki","11":"product_cat-urodziny-imieniny","12":"product_tag-personalizacja","13":"product_tag-urodziny","15":"first","16":"instock","17":"taxable","18":"shipping-taxable","19":"purchasable","20":"product-type-simple"},"acf":[],"yoast_head":"<!-- This site is optimized with the Yoast SEO plugin v27.5 - https:\/\/yoast.com\/product\/yoast-seo-wordpress\/ -->\n<title>Wieniec urodzinowy na podstawie - personalizowany - Drewniana Magia<\/title>\n<meta name=\"description\" content=\"Urodzinowy wieniec na podstawie. Personalizacja produktu - dowolny wiek oraz laserowo grawerowane imi\u0119. Podaruj upominek, kt\u00f3ry zapadnie w pami\u0119\u0107.\" \/>\n<meta name=\"robots\" content=\"index, follow, max-snippet:-1, max-image-preview:large, max-video-preview:-1\" \/>\n<link rel=\"canonical\" href=\"https:\/\/www.drewnianamagia.pl\/index.php\/produkt\/wieniec-urodzinowy-na-podstawie-personalizowany\/\" \/>\n<meta property=\"og:locale\" content=\"pl_PL\" \/>\n<meta property=\"og:type\" content=\"article\" \/>\n<meta property=\"og:title\" content=\"Wieniec urodzinowy na podstawie - personalizowany - Drewniana Magia\" \/>\n<meta property=\"og:description\" content=\"Urodzinowy wieniec na podstawie. Personalizacja produktu - dowolny wiek oraz laserowo grawerowane imi\u0119. Podaruj upominek, kt\u00f3ry zapadnie w pami\u0119\u0107.\" \/>\n<meta property=\"og:url\" content=\"https:\/\/www.drewnianamagia.pl\/index.php\/produkt\/wieniec-urodzinowy-na-podstawie-personalizowany\/\" \/>\n<meta property=\"og:site_name\" content=\"Drewniana Magia\" \/>\n<meta property=\"article:publisher\" content=\"https:\/\/facebook.com\/BelasDrewnianaMagia\" \/>\n<meta property=\"article:modified_time\" content=\"2025-04-26T06:56:36+00:00\" \/>\n<meta property=\"og:image\" content=\"https:\/\/www.drewnianamagia.pl\/wp-content\/uploads\/2025\/02\/statuetka-wieniec-urodzinowy.jpg\" \/>\n\t<meta property=\"og:image:width\" content=\"1329\" \/>\n\t<meta property=\"og:image:height\" content=\"1329\" \/>\n\t<meta property=\"og:image:type\" content=\"image\/jpeg\" \/>\n<meta name=\"twitter:card\" content=\"summary_large_image\" \/>\n<meta name=\"twitter:label1\" content=\"Szacowany czas czytania\" \/>\n\t<meta name=\"twitter:data1\" content=\"2 minuty\" \/>\n<script type=\"application\/ld+json\" class=\"yoast-schema-graph\">{\"@context\":\"https:\\\/\\\/schema.org\",\"@graph\":[{\"@type\":\"WebPage\",\"@id\":\"https:\\\/\\\/www.drewnianamagia.pl\\\/index.php\\\/produkt\\\/wieniec-urodzinowy-na-podstawie-personalizowany\\\/\",\"url\":\"https:\\\/\\\/www.drewnianamagia.pl\\\/index.php\\\/produkt\\\/wieniec-urodzinowy-na-podstawie-personalizowany\\\/\",\"name\":\"Wieniec urodzinowy na podstawie - personalizowany - Drewniana Magia\",\"isPartOf\":{\"@id\":\"https:\\\/\\\/www.drewnianamagia.pl\\\/#website\"},\"primaryImageOfPage\":{\"@id\":\"https:\\\/\\\/www.drewnianamagia.pl\\\/index.php\\\/produkt\\\/wieniec-urodzinowy-na-podstawie-personalizowany\\\/#primaryimage\"},\"image\":{\"@id\":\"https:\\\/\\\/www.drewnianamagia.pl\\\/index.php\\\/produkt\\\/wieniec-urodzinowy-na-podstawie-personalizowany\\\/#primaryimage\"},\"thumbnailUrl\":\"https:\\\/\\\/www.drewnianamagia.pl\\\/wp-content\\\/uploads\\\/2025\\\/02\\\/statuetka-wieniec-urodzinowy.jpg\",\"datePublished\":\"2025-02-03T15:09:00+00:00\",\"dateModified\":\"2025-04-26T06:56:36+00:00\",\"description\":\"Urodzinowy wieniec na podstawie. Personalizacja produktu - dowolny wiek oraz laserowo grawerowane imi\u0119. Podaruj upominek, kt\u00f3ry zapadnie w pami\u0119\u0107.\",\"breadcrumb\":{\"@id\":\"https:\\\/\\\/www.drewnianamagia.pl\\\/index.php\\\/produkt\\\/wieniec-urodzinowy-na-podstawie-personalizowany\\\/#breadcrumb\"},\"inLanguage\":\"pl-PL\",\"potentialAction\":[{\"@type\":\"ReadAction\",\"target\":[\"https:\\\/\\\/www.drewnianamagia.pl\\\/index.php\\\/produkt\\\/wieniec-urodzinowy-na-podstawie-personalizowany\\\/\"]}]},{\"@type\":\"ImageObject\",\"inLanguage\":\"pl-PL\",\"@id\":\"https:\\\/\\\/www.drewnianamagia.pl\\\/index.php\\\/produkt\\\/wieniec-urodzinowy-na-podstawie-personalizowany\\\/#primaryimage\",\"url\":\"https:\\\/\\\/www.drewnianamagia.pl\\\/wp-content\\\/uploads\\\/2025\\\/02\\\/statuetka-wieniec-urodzinowy.jpg\",\"contentUrl\":\"https:\\\/\\\/www.drewnianamagia.pl\\\/wp-content\\\/uploads\\\/2025\\\/02\\\/statuetka-wieniec-urodzinowy.jpg\",\"width\":1329,\"height\":1329,\"caption\":\"statuetka - wieniec urodzinowy personalizowany na podstawie\"},{\"@type\":\"BreadcrumbList\",\"@id\":\"https:\\\/\\\/www.drewnianamagia.pl\\\/index.php\\\/produkt\\\/wieniec-urodzinowy-na-podstawie-personalizowany\\\/#breadcrumb\",\"itemListElement\":[{\"@type\":\"ListItem\",\"position\":1,\"name\":\"Strona g\u0142\u00f3wna\",\"item\":\"https:\\\/\\\/www.drewnianamagia.pl\\\/\"},{\"@type\":\"ListItem\",\"position\":2,\"name\":\"Sklep\",\"item\":\"https:\\\/\\\/www.drewnianamagia.pl\\\/index.php\\\/sklep-internetowy-drewnianamagia\\\/\"},{\"@type\":\"ListItem\",\"position\":3,\"name\":\"Wieniec urodzinowy na podstawie &#8211; personalizowany\"}]},{\"@type\":\"WebSite\",\"@id\":\"https:\\\/\\\/www.drewnianamagia.pl\\\/#website\",\"url\":\"https:\\\/\\\/www.drewnianamagia.pl\\\/\",\"name\":\"Drewniana Magia\",\"description\":\"Personalizowane prezenty i dekoracje z drewna i druku 3D, na ka\u017cd\u0105 okazj\u0119 i okoliczno\u015b\u0107. Urodziny, Chrzest, Przyj\u0119cie, \u015awi\u0119ta, \u015alub\",\"publisher\":{\"@id\":\"https:\\\/\\\/www.drewnianamagia.pl\\\/#organization\"},\"potentialAction\":[{\"@type\":\"SearchAction\",\"target\":{\"@type\":\"EntryPoint\",\"urlTemplate\":\"https:\\\/\\\/www.drewnianamagia.pl\\\/?s={search_term_string}\"},\"query-input\":{\"@type\":\"PropertyValueSpecification\",\"valueRequired\":true,\"valueName\":\"search_term_string\"}}],\"inLanguage\":\"pl-PL\"},{\"@type\":\"Organization\",\"@id\":\"https:\\\/\\\/www.drewnianamagia.pl\\\/#organization\",\"name\":\"Drewniana Magia\",\"url\":\"https:\\\/\\\/www.drewnianamagia.pl\\\/\",\"logo\":{\"@type\":\"ImageObject\",\"inLanguage\":\"pl-PL\",\"@id\":\"https:\\\/\\\/www.drewnianamagia.pl\\\/#\\\/schema\\\/logo\\\/image\\\/\",\"url\":\"https:\\\/\\\/www.drewnianamagia.pl\\\/wp-content\\\/uploads\\\/2024\\\/02\\\/cropped-LOGO-DrewnianaMagia-375x188-1.png\",\"contentUrl\":\"https:\\\/\\\/www.drewnianamagia.pl\\\/wp-content\\\/uploads\\\/2024\\\/02\\\/cropped-LOGO-DrewnianaMagia-375x188-1.png\",\"width\":374,\"height\":188,\"caption\":\"Drewniana Magia\"},\"image\":{\"@id\":\"https:\\\/\\\/www.drewnianamagia.pl\\\/#\\\/schema\\\/logo\\\/image\\\/\"},\"sameAs\":[\"https:\\\/\\\/facebook.com\\\/BelasDrewnianaMagia\"]}]}<\/script>\n<!-- \/ Yoast SEO plugin. -->","yoast_head_json":{"title":"Wieniec urodzinowy na podstawie - personalizowany - Drewniana Magia","description":"Urodzinowy wieniec na podstawie. Personalizacja produktu - dowolny wiek oraz laserowo grawerowane imi\u0119. Podaruj upominek, kt\u00f3ry zapadnie w pami\u0119\u0107.","robots":{"index":"index","follow":"follow","max-snippet":"max-snippet:-1","max-image-preview":"max-image-preview:large","max-video-preview":"max-video-preview:-1"},"canonical":"https:\/\/www.drewnianamagia.pl\/index.php\/produkt\/wieniec-urodzinowy-na-podstawie-personalizowany\/","og_locale":"pl_PL","og_type":"article","og_title":"Wieniec urodzinowy na podstawie - personalizowany - Drewniana Magia","og_description":"Urodzinowy wieniec na podstawie. Personalizacja produktu - dowolny wiek oraz laserowo grawerowane imi\u0119. Podaruj upominek, kt\u00f3ry zapadnie w pami\u0119\u0107.","og_url":"https:\/\/www.drewnianamagia.pl\/index.php\/produkt\/wieniec-urodzinowy-na-podstawie-personalizowany\/","og_site_name":"Drewniana Magia","article_publisher":"https:\/\/facebook.com\/BelasDrewnianaMagia","article_modified_time":"2025-04-26T06:56:36+00:00","og_image":[{"width":1329,"height":1329,"url":"https:\/\/www.drewnianamagia.pl\/wp-content\/uploads\/2025\/02\/statuetka-wieniec-urodzinowy.jpg","type":"image\/jpeg"}],"twitter_card":"summary_large_image","twitter_misc":{"Szacowany czas czytania":"2 minuty"},"schema":{"@context":"https:\/\/schema.org","@graph":[{"@type":"WebPage","@id":"https:\/\/www.drewnianamagia.pl\/index.php\/produkt\/wieniec-urodzinowy-na-podstawie-personalizowany\/","url":"https:\/\/www.drewnianamagia.pl\/index.php\/produkt\/wieniec-urodzinowy-na-podstawie-personalizowany\/","name":"Wieniec urodzinowy na podstawie - personalizowany - Drewniana Magia","isPartOf":{"@id":"https:\/\/www.drewnianamagia.pl\/#website"},"primaryImageOfPage":{"@id":"https:\/\/www.drewnianamagia.pl\/index.php\/produkt\/wieniec-urodzinowy-na-podstawie-personalizowany\/#primaryimage"},"image":{"@id":"https:\/\/www.drewnianamagia.pl\/index.php\/produkt\/wieniec-urodzinowy-na-podstawie-personalizowany\/#primaryimage"},"thumbnailUrl":"https:\/\/www.drewnianamagia.pl\/wp-content\/uploads\/2025\/02\/statuetka-wieniec-urodzinowy.jpg","datePublished":"2025-02-03T15:09:00+00:00","dateModified":"2025-04-26T06:56:36+00:00","description":"Urodzinowy wieniec na podstawie. Personalizacja produktu - dowolny wiek oraz laserowo grawerowane imi\u0119. Podaruj upominek, kt\u00f3ry zapadnie w pami\u0119\u0107.","breadcrumb":{"@id":"https:\/\/www.drewnianamagia.pl\/index.php\/produkt\/wieniec-urodzinowy-na-podstawie-personalizowany\/#breadcrumb"},"inLanguage":"pl-PL","potentialAction":[{"@type":"ReadAction","target":["https:\/\/www.drewnianamagia.pl\/index.php\/produkt\/wieniec-urodzinowy-na-podstawie-personalizowany\/"]}]},{"@type":"ImageObject","inLanguage":"pl-PL","@id":"https:\/\/www.drewnianamagia.pl\/index.php\/produkt\/wieniec-urodzinowy-na-podstawie-personalizowany\/#primaryimage","url":"https:\/\/www.drewnianamagia.pl\/wp-content\/uploads\/2025\/02\/statuetka-wieniec-urodzinowy.jpg","contentUrl":"https:\/\/www.drewnianamagia.pl\/wp-content\/uploads\/2025\/02\/statuetka-wieniec-urodzinowy.jpg","width":1329,"height":1329,"caption":"statuetka - wieniec urodzinowy personalizowany na podstawie"},{"@type":"BreadcrumbList","@id":"https:\/\/www.drewnianamagia.pl\/index.php\/produkt\/wieniec-urodzinowy-na-podstawie-personalizowany\/#breadcrumb","itemListElement":[{"@type":"ListItem","position":1,"name":"Strona g\u0142\u00f3wna","item":"https:\/\/www.drewnianamagia.pl\/"},{"@type":"ListItem","position":2,"name":"Sklep","item":"https:\/\/www.drewnianamagia.pl\/index.php\/sklep-internetowy-drewnianamagia\/"},{"@type":"ListItem","position":3,"name":"Wieniec urodzinowy na podstawie &#8211; personalizowany"}]},{"@type":"WebSite","@id":"https:\/\/www.drewnianamagia.pl\/#website","url":"https:\/\/www.drewnianamagia.pl\/","name":"Drewniana Magia","description":"Personalizowane prezenty i dekoracje z drewna i druku 3D, na ka\u017cd\u0105 okazj\u0119 i okoliczno\u015b\u0107. Urodziny, Chrzest, Przyj\u0119cie, \u015awi\u0119ta, \u015alub","publisher":{"@id":"https:\/\/www.drewnianamagia.pl\/#organization"},"potentialAction":[{"@type":"SearchAction","target":{"@type":"EntryPoint","urlTemplate":"https:\/\/www.drewnianamagia.pl\/?s={search_term_string}"},"query-input":{"@type":"PropertyValueSpecification","valueRequired":true,"valueName":"search_term_string"}}],"inLanguage":"pl-PL"},{"@type":"Organization","@id":"https:\/\/www.drewnianamagia.pl\/#organization","name":"Drewniana Magia","url":"https:\/\/www.drewnianamagia.pl\/","logo":{"@type":"ImageObject","inLanguage":"pl-PL","@id":"https:\/\/www.drewnianamagia.pl\/#\/schema\/logo\/image\/","url":"https:\/\/www.drewnianamagia.pl\/wp-content\/uploads\/2024\/02\/cropped-LOGO-DrewnianaMagia-375x188-1.png","contentUrl":"https:\/\/www.drewnianamagia.pl\/wp-content\/uploads\/2024\/02\/cropped-LOGO-DrewnianaMagia-375x188-1.png","width":374,"height":188,"caption":"Drewniana Magia"},"image":{"@id":"https:\/\/www.drewnianamagia.pl\/#\/schema\/logo\/image\/"},"sameAs":["https:\/\/facebook.com\/BelasDrewnianaMagia"]}]}},"_links":{"self":[{"href":"https:\/\/www.drewnianamagia.pl\/index.php\/wp-json\/wp\/v2\/product\/5903","targetHints":{"allow":["GET"]}}],"collection":[{"href":"https:\/\/www.drewnianamagia.pl\/index.php\/wp-json\/wp\/v2\/product"}],"about":[{"href":"https:\/\/www.drewnianamagia.pl\/index.php\/wp-json\/wp\/v2\/types\/product"}],"replies":[{"embeddable":true,"href":"https:\/\/www.drewnianamagia.pl\/index.php\/wp-json\/wp\/v2\/comments?post=5903"}],"wp:featuredmedia":[{"embeddable":true,"href":"https:\/\/www.drewnianamagia.pl\/index.php\/wp-json\/wp\/v2\/media\/5904"}],"wp:attachment":[{"href":"https:\/\/www.drewnianamagia.pl\/index.php\/wp-json\/wp\/v2\/media?parent=5903"}],"wp:term":[{"taxonomy":"product_brand","embeddable":true,"href":"https:\/\/www.drewnianamagia.pl\/index.php\/wp-json\/wp\/v2\/product_brand?post=5903"},{"taxonomy":"product_cat","embeddable":true,"href":"https:\/\/www.drewnianamagia.pl\/index.php\/wp-json\/wp\/v2\/product_cat?post=5903"},{"taxonomy":"product_tag","embeddable":true,"href":"https:\/\/www.drewnianamagia.pl\/index.php\/wp-json\/wp\/v2\/product_tag?post=5903"}],"curies":[{"name":"wp","href":"https:\/\/api.w.org\/{rel}","templated":true}]}}