{"id":5898,"date":"2025-02-01T13:17:11","date_gmt":"2025-02-01T12:17:11","guid":{"rendered":"https:\/\/www.drewnianamagia.pl\/?post_type=product&#038;p=5898"},"modified":"2026-01-10T12:52:02","modified_gmt":"2026-01-10T11:52:02","slug":"skarbonka-wykreslana-personalizowany-grawer","status":"publish","type":"product","link":"https:\/\/www.drewnianamagia.pl\/index.php\/produkt\/skarbonka-wykreslana-personalizowany-grawer\/","title":{"rendered":"Skarbonka wykre\u015blana &#8211; personalizowany grawer"},"content":{"rendered":"<h1 style=\"text-align: center;\"><strong>Skarbonka wykre\u015blana grawerowana z dowoln\u0105 kwot\u0105<\/strong><\/h1>\n<p>Personalizowana skarbonka wykre\u015blana z wygrawerowan\u0105 tabel\u0105, celem i kwot\u0105.<\/p>\n<p><strong>Produkt otrzymasz gotowy do u\u017cytku &#8211; z\u0142o\u017cony i estetycznie sklejony.\u00a0<\/strong><\/p>\n<p>Skarbonka zawiera 180 p\u00f3l z wypisanymi kwotami, kt\u00f3rych suma sk\u0142ada si\u0119 na finalny cel. Im wy\u017csza kwota celu, tym wi\u0119ksze nomina\u0142y znajd\u0105 si\u0119 w poszczeg\u00f3lnych polach. Podaj dowoln\u0105 kwot\u0119 (do 90 tys.) a zaprojektujemy tabel\u0119 specjalnie dla Twoich potrzeb.<\/p>\n<p>Nasza personalizowana <strong>skarbonka wykre\u015blana<\/strong> to doskona\u0142e narz\u0119dzie do oszcz\u0119dzania i planowania wydatk\u00f3w. Niezale\u017cnie od tego, czy marzysz o nowej sukience, samochodzie, czy rodzinnych wakacjach, odk\u0142adanie pieni\u0119dzy do tej skarbonki pozwoli Ci wizualnie \u015bledzi\u0107 post\u0119py w realizacji swoich plan\u00f3w. Wystarczy, \u017ce za ka\u017cdym razem gdy dok\u0142adasz do niej kolejne pieni\u0105dze, skre\u015blisz kwot\u0119 z tabeli.<\/p>\n<p>Skarbonka wykre\u015blanka to tak\u017ce \u015bwietny spos\u00f3b na nauk\u0119 oszcz\u0119dzania dla dzieci. Wsp\u00f3lne wyznaczanie cel\u00f3w, takich jak nowa zabawka czy wyj\u015bcie do parku rozrywki, pomo\u017ce najm\u0142odszym zrozumie\u0107, jak wa\u017cne jest odk\u0142adanie pieni\u0119dzy. Mo\u017cliwo\u015b\u0107 posiadania kilku skarbonek i oznaczenia ich r\u00f3\u017cnymi celami czyni oszcz\u0119dzanie bardziej anga\u017cuj\u0105cym i motywuj\u0105cym.<\/p>\n<p>Z nasz\u0105 <strong>skarbonk\u0105-wykre\u015blank\u0105<\/strong> nie tylko zbli\u017cysz si\u0119 do realizacji swoich finansowych zamierze\u0144, ale tak\u017ce wprowadzisz element zabawy i edukacji do codziennego \u017cycia. To idealny prezent dla ka\u017cdego, kto chce skutecznie zarz\u0105dza\u0107 swoimi oszcz\u0119dno\u015bciami i czerpa\u0107 satysfakcj\u0119 z osi\u0105gania wyznaczonych cel\u00f3w.<\/p>\n<p>Pieni\u0119dzy nie da si\u0119 wyj\u0105\u0107 bez uszkodzenia produktu. Po osi\u0105gni\u0119ciu celu, aby wyci\u0105gn\u0105\u0107 uzbierane pieni\u0105dze skarbonk\u0119 nale\u017cy zniszczy\u0107. Takie rozwi\u0105zanie jeszcze bardziej przyczynia si\u0119 do skutecznego osi\u0105gni\u0119cia zamierzonych cel\u00f3w.<\/p>\n<p>&nbsp;<\/p>\n<h4><span style=\"color: #ff0000;\"><strong>PERSONALIZACJA:<\/strong><\/span><\/h4>\n<p>Pami\u0119taj aby w opisie personalizacji uwzgl\u0119dni\u0107 nast\u0119puj\u0105ce informacje:<\/p>\n<ul>\n<li><strong>Kwota<\/strong>, np. 10 000 z\u0142 &#8211;\u00a0 (mo\u017cesz poda\u0107 dowoln\u0105 a\u017c do 90.000 z\u0142 &#8211; zaprojektujemy dla Ciebie tabel\u0119 w taki spos\u00f3b aby suma liczb wynios\u0142a warto\u015b\u0107 celu oraz wpiszemy t\u0119 warto\u015b\u0107 pod tabel\u0105) W przypadku braku tej informacji otrzymasz skarbonk\u0119 z kwot\u0105 10 000 z\u0142<\/li>\n<li><strong>Tekst nad tabel\u0105,<\/strong> np. WYZWANIE OSZCZ\u0118DZANIE &#8211; (Na wykre\u015blance &#8211; nad tabelk\u0105 wygrawerujemy wybrany przez Ciebie tekst). W przypadku braku tej informacji otrzymasz skarbonk\u0119 z tekstem &#8222;WYZWANIE OSZCZ\u0118DZANIE&#8221;<\/li>\n<\/ul>\n<p><img loading=\"lazy\" decoding=\"async\" class=\"aligncenter size-medium wp-image-5995\" src=\"https:\/\/www.drewnianamagia.pl\/wp-content\/uploads\/2025\/02\/skarbonka-wykreslana-wizualizacja-marketing-300x300.jpg\" alt=\"Skarbonka wykre\u015blana. Personalizowany prezent. Grawerowana z dowolnym celem oraz kwot\u0105.\" width=\"300\" height=\"300\" srcset=\"https:\/\/www.drewnianamagia.pl\/wp-content\/uploads\/2025\/02\/skarbonka-wykreslana-wizualizacja-marketing-300x300.jpg 300w, https:\/\/www.drewnianamagia.pl\/wp-content\/uploads\/2025\/02\/skarbonka-wykreslana-wizualizacja-marketing-324x324.jpg 324w, https:\/\/www.drewnianamagia.pl\/wp-content\/uploads\/2025\/02\/skarbonka-wykreslana-wizualizacja-marketing-100x100.jpg 100w, https:\/\/www.drewnianamagia.pl\/wp-content\/uploads\/2025\/02\/skarbonka-wykreslana-wizualizacja-marketing-416x416.jpg 416w, https:\/\/www.drewnianamagia.pl\/wp-content\/uploads\/2025\/02\/skarbonka-wykreslana-wizualizacja-marketing-1024x1024.jpg 1024w, https:\/\/www.drewnianamagia.pl\/wp-content\/uploads\/2025\/02\/skarbonka-wykreslana-wizualizacja-marketing-150x150.jpg 150w, https:\/\/www.drewnianamagia.pl\/wp-content\/uploads\/2025\/02\/skarbonka-wykreslana-wizualizacja-marketing-768x768.jpg 768w, https:\/\/www.drewnianamagia.pl\/wp-content\/uploads\/2025\/02\/skarbonka-wykreslana-wizualizacja-marketing.jpg 1300w\" sizes=\"auto, (max-width: 300px) 100vw, 300px\" \/><\/p>\n<p>&nbsp;<\/p>\n<p><strong>SPECYFIKACJA:<\/strong><\/p>\n<ul>\n<li>szeroko\u015b\u0107: 20 cm<\/li>\n<li>wysoko\u015b\u0107: 14 cm<\/li>\n<li>g\u0142\u0119boko\u015b\u0107: 10 cm<\/li>\n<li>materia\u0142: wysokiej jako\u015bci sklejka o grubo\u015bci ok 3mm<\/li>\n<li>trwa\u0142y grawer laserowy<\/li>\n<li>produkt r\u0119cznie szlifowany<\/li>\n<li>produkt z\u0142o\u017cony i sklejony &#8211; gotowy do u\u017cytku<\/li>\n<\/ul>\n<p>maksymalna kwota 90 000 z\u0142 wynika z ilo\u015bci dost\u0119pnych p\u00f3l w tabeli. W przypadku wybrania kwoty maksymalnej, ka\u017cde pole b\u0119dzie mia\u0142o wygrawerowan\u0105 liczb\u0119 500.<\/p>\n<p><strong>Banknot oraz d\u0142ugopis widoczny na zdj\u0119ciach nie s\u0105 cz\u0119\u015bci\u0105 oferty.<\/strong><\/p>\n<p>&nbsp;<\/p>\n","protected":false},"excerpt":{"rendered":"<p>Skarbonka wykre\u015blana grawerowana z dowoln\u0105 kwot\u0105 Personalizowana skarbonka wykre\u015blana z wygrawerowan\u0105 tabel\u0105, celem i kwot\u0105. Produkt otrzymasz gotowy do u\u017cytku &#8211; z\u0142o\u017cony i estetycznie sklejony.\u00a0 Skarbonka zawiera 180 p\u00f3l z wypisanymi kwotami, kt\u00f3rych suma sk\u0142ada si\u0119 na finalny cel. Im wy\u017csza kwota celu, tym wi\u0119ksze nomina\u0142y znajd\u0105 si\u0119 w poszczeg\u00f3lnych polach. Podaj dowoln\u0105 kwot\u0119 (do [&hellip;]<\/p>\n","protected":false},"featured_media":5995,"comment_status":"open","ping_status":"closed","template":"","meta":{"_acf_changed":false},"product_brand":[180],"product_cat":[109,101,92,145,96,99],"product_tag":[138,54,139,58],"class_list":{"0":"post-5898","1":"product","2":"type-product","3":"status-publish","4":"has-post-thumbnail","6":"product_brand-drewniana-magia","7":"product_cat-dzien-chlopaka","8":"product_cat-dzien-dziecka","9":"product_cat-gadzety","10":"product_cat-skarbonki","11":"product_cat-urodziny-imieniny","12":"product_cat-walentynki","13":"product_tag-oszczedzanie","14":"product_tag-personalizacja","15":"product_tag-pieniadze","16":"product_tag-skarbonka","18":"first","19":"instock","20":"featured","21":"taxable","22":"shipping-taxable","23":"purchasable","24":"product-type-simple"},"acf":[],"yoast_head":"<!-- This site is optimized with the Yoast SEO plugin v27.5 - https:\/\/yoast.com\/product\/yoast-seo-wordpress\/ -->\n<title>Skarbonka wykre\u015blana - personalizowany grawer - Drewniana Magia<\/title>\n<meta name=\"description\" content=\"Personalizowana skarbonka wykre\u015blanka na dowoln\u0105 kwot\u0119 z trwale wygrawerowan\u0105 tabel\u0105 do skre\u015blania. Stworzymy tabel\u0119 pod Tw\u00f3j cel!\" \/>\n<meta name=\"robots\" content=\"index, follow, max-snippet:-1, max-image-preview:large, max-video-preview:-1\" \/>\n<link rel=\"canonical\" href=\"https:\/\/www.drewnianamagia.pl\/index.php\/produkt\/skarbonka-wykreslana-personalizowany-grawer\/\" \/>\n<meta property=\"og:locale\" content=\"pl_PL\" \/>\n<meta property=\"og:type\" content=\"article\" \/>\n<meta property=\"og:title\" content=\"Skarbonka wykre\u015blana - personalizowany grawer - Drewniana Magia\" \/>\n<meta property=\"og:description\" content=\"Personalizowana skarbonka wykre\u015blanka na dowoln\u0105 kwot\u0119 z trwale wygrawerowan\u0105 tabel\u0105 do skre\u015blania. Stworzymy tabel\u0119 pod Tw\u00f3j cel!\" \/>\n<meta property=\"og:url\" content=\"https:\/\/www.drewnianamagia.pl\/index.php\/produkt\/skarbonka-wykreslana-personalizowany-grawer\/\" \/>\n<meta property=\"og:site_name\" content=\"Drewniana Magia\" \/>\n<meta property=\"article:publisher\" content=\"https:\/\/facebook.com\/BelasDrewnianaMagia\" \/>\n<meta property=\"article:modified_time\" content=\"2026-01-10T11:52:02+00:00\" \/>\n<meta property=\"og:image\" content=\"https:\/\/www.drewnianamagia.pl\/wp-content\/uploads\/2025\/02\/skarbonka-wykreslana-wizualizacja-marketing.jpg\" \/>\n\t<meta property=\"og:image:width\" content=\"1300\" \/>\n\t<meta property=\"og:image:height\" content=\"1300\" \/>\n\t<meta property=\"og:image:type\" content=\"image\/jpeg\" \/>\n<meta name=\"twitter:card\" content=\"summary_large_image\" \/>\n<meta name=\"twitter:label1\" content=\"Szacowany czas czytania\" \/>\n\t<meta name=\"twitter:data1\" content=\"3 minuty\" \/>\n<script type=\"application\/ld+json\" class=\"yoast-schema-graph\">{\"@context\":\"https:\\\/\\\/schema.org\",\"@graph\":[{\"@type\":\"WebPage\",\"@id\":\"https:\\\/\\\/www.drewnianamagia.pl\\\/index.php\\\/produkt\\\/skarbonka-wykreslana-personalizowany-grawer\\\/\",\"url\":\"https:\\\/\\\/www.drewnianamagia.pl\\\/index.php\\\/produkt\\\/skarbonka-wykreslana-personalizowany-grawer\\\/\",\"name\":\"Skarbonka wykre\u015blana - personalizowany grawer - Drewniana Magia\",\"isPartOf\":{\"@id\":\"https:\\\/\\\/www.drewnianamagia.pl\\\/#website\"},\"primaryImageOfPage\":{\"@id\":\"https:\\\/\\\/www.drewnianamagia.pl\\\/index.php\\\/produkt\\\/skarbonka-wykreslana-personalizowany-grawer\\\/#primaryimage\"},\"image\":{\"@id\":\"https:\\\/\\\/www.drewnianamagia.pl\\\/index.php\\\/produkt\\\/skarbonka-wykreslana-personalizowany-grawer\\\/#primaryimage\"},\"thumbnailUrl\":\"https:\\\/\\\/www.drewnianamagia.pl\\\/wp-content\\\/uploads\\\/2025\\\/02\\\/skarbonka-wykreslana-wizualizacja-marketing.jpg\",\"datePublished\":\"2025-02-01T12:17:11+00:00\",\"dateModified\":\"2026-01-10T11:52:02+00:00\",\"description\":\"Personalizowana skarbonka wykre\u015blanka na dowoln\u0105 kwot\u0119 z trwale wygrawerowan\u0105 tabel\u0105 do skre\u015blania. Stworzymy tabel\u0119 pod Tw\u00f3j cel!\",\"breadcrumb\":{\"@id\":\"https:\\\/\\\/www.drewnianamagia.pl\\\/index.php\\\/produkt\\\/skarbonka-wykreslana-personalizowany-grawer\\\/#breadcrumb\"},\"inLanguage\":\"pl-PL\",\"potentialAction\":[{\"@type\":\"ReadAction\",\"target\":[\"https:\\\/\\\/www.drewnianamagia.pl\\\/index.php\\\/produkt\\\/skarbonka-wykreslana-personalizowany-grawer\\\/\"]}]},{\"@type\":\"ImageObject\",\"inLanguage\":\"pl-PL\",\"@id\":\"https:\\\/\\\/www.drewnianamagia.pl\\\/index.php\\\/produkt\\\/skarbonka-wykreslana-personalizowany-grawer\\\/#primaryimage\",\"url\":\"https:\\\/\\\/www.drewnianamagia.pl\\\/wp-content\\\/uploads\\\/2025\\\/02\\\/skarbonka-wykreslana-wizualizacja-marketing.jpg\",\"contentUrl\":\"https:\\\/\\\/www.drewnianamagia.pl\\\/wp-content\\\/uploads\\\/2025\\\/02\\\/skarbonka-wykreslana-wizualizacja-marketing.jpg\",\"width\":1300,\"height\":1300,\"caption\":\"Skarbonka wykre\u015blana. Personalizowany prezent. Grawerowana z dowolnym celem oraz kwot\u0105.\"},{\"@type\":\"BreadcrumbList\",\"@id\":\"https:\\\/\\\/www.drewnianamagia.pl\\\/index.php\\\/produkt\\\/skarbonka-wykreslana-personalizowany-grawer\\\/#breadcrumb\",\"itemListElement\":[{\"@type\":\"ListItem\",\"position\":1,\"name\":\"Strona g\u0142\u00f3wna\",\"item\":\"https:\\\/\\\/www.drewnianamagia.pl\\\/\"},{\"@type\":\"ListItem\",\"position\":2,\"name\":\"Sklep\",\"item\":\"https:\\\/\\\/www.drewnianamagia.pl\\\/index.php\\\/sklep-internetowy-drewnianamagia\\\/\"},{\"@type\":\"ListItem\",\"position\":3,\"name\":\"Skarbonka wykre\u015blana &#8211; personalizowany grawer\"}]},{\"@type\":\"WebSite\",\"@id\":\"https:\\\/\\\/www.drewnianamagia.pl\\\/#website\",\"url\":\"https:\\\/\\\/www.drewnianamagia.pl\\\/\",\"name\":\"Drewniana Magia\",\"description\":\"Personalizowane prezenty i dekoracje z drewna i druku 3D, na ka\u017cd\u0105 okazj\u0119 i okoliczno\u015b\u0107. Urodziny, Chrzest, Przyj\u0119cie, \u015awi\u0119ta, \u015alub\",\"publisher\":{\"@id\":\"https:\\\/\\\/www.drewnianamagia.pl\\\/#organization\"},\"potentialAction\":[{\"@type\":\"SearchAction\",\"target\":{\"@type\":\"EntryPoint\",\"urlTemplate\":\"https:\\\/\\\/www.drewnianamagia.pl\\\/?s={search_term_string}\"},\"query-input\":{\"@type\":\"PropertyValueSpecification\",\"valueRequired\":true,\"valueName\":\"search_term_string\"}}],\"inLanguage\":\"pl-PL\"},{\"@type\":\"Organization\",\"@id\":\"https:\\\/\\\/www.drewnianamagia.pl\\\/#organization\",\"name\":\"Drewniana Magia\",\"url\":\"https:\\\/\\\/www.drewnianamagia.pl\\\/\",\"logo\":{\"@type\":\"ImageObject\",\"inLanguage\":\"pl-PL\",\"@id\":\"https:\\\/\\\/www.drewnianamagia.pl\\\/#\\\/schema\\\/logo\\\/image\\\/\",\"url\":\"https:\\\/\\\/www.drewnianamagia.pl\\\/wp-content\\\/uploads\\\/2024\\\/02\\\/cropped-LOGO-DrewnianaMagia-375x188-1.png\",\"contentUrl\":\"https:\\\/\\\/www.drewnianamagia.pl\\\/wp-content\\\/uploads\\\/2024\\\/02\\\/cropped-LOGO-DrewnianaMagia-375x188-1.png\",\"width\":374,\"height\":188,\"caption\":\"Drewniana Magia\"},\"image\":{\"@id\":\"https:\\\/\\\/www.drewnianamagia.pl\\\/#\\\/schema\\\/logo\\\/image\\\/\"},\"sameAs\":[\"https:\\\/\\\/facebook.com\\\/BelasDrewnianaMagia\"]}]}<\/script>\n<!-- \/ Yoast SEO plugin. -->","yoast_head_json":{"title":"Skarbonka wykre\u015blana - personalizowany grawer - Drewniana Magia","description":"Personalizowana skarbonka wykre\u015blanka na dowoln\u0105 kwot\u0119 z trwale wygrawerowan\u0105 tabel\u0105 do skre\u015blania. Stworzymy tabel\u0119 pod Tw\u00f3j cel!","robots":{"index":"index","follow":"follow","max-snippet":"max-snippet:-1","max-image-preview":"max-image-preview:large","max-video-preview":"max-video-preview:-1"},"canonical":"https:\/\/www.drewnianamagia.pl\/index.php\/produkt\/skarbonka-wykreslana-personalizowany-grawer\/","og_locale":"pl_PL","og_type":"article","og_title":"Skarbonka wykre\u015blana - personalizowany grawer - Drewniana Magia","og_description":"Personalizowana skarbonka wykre\u015blanka na dowoln\u0105 kwot\u0119 z trwale wygrawerowan\u0105 tabel\u0105 do skre\u015blania. Stworzymy tabel\u0119 pod Tw\u00f3j cel!","og_url":"https:\/\/www.drewnianamagia.pl\/index.php\/produkt\/skarbonka-wykreslana-personalizowany-grawer\/","og_site_name":"Drewniana Magia","article_publisher":"https:\/\/facebook.com\/BelasDrewnianaMagia","article_modified_time":"2026-01-10T11:52:02+00:00","og_image":[{"width":1300,"height":1300,"url":"https:\/\/www.drewnianamagia.pl\/wp-content\/uploads\/2025\/02\/skarbonka-wykreslana-wizualizacja-marketing.jpg","type":"image\/jpeg"}],"twitter_card":"summary_large_image","twitter_misc":{"Szacowany czas czytania":"3 minuty"},"schema":{"@context":"https:\/\/schema.org","@graph":[{"@type":"WebPage","@id":"https:\/\/www.drewnianamagia.pl\/index.php\/produkt\/skarbonka-wykreslana-personalizowany-grawer\/","url":"https:\/\/www.drewnianamagia.pl\/index.php\/produkt\/skarbonka-wykreslana-personalizowany-grawer\/","name":"Skarbonka wykre\u015blana - personalizowany grawer - Drewniana Magia","isPartOf":{"@id":"https:\/\/www.drewnianamagia.pl\/#website"},"primaryImageOfPage":{"@id":"https:\/\/www.drewnianamagia.pl\/index.php\/produkt\/skarbonka-wykreslana-personalizowany-grawer\/#primaryimage"},"image":{"@id":"https:\/\/www.drewnianamagia.pl\/index.php\/produkt\/skarbonka-wykreslana-personalizowany-grawer\/#primaryimage"},"thumbnailUrl":"https:\/\/www.drewnianamagia.pl\/wp-content\/uploads\/2025\/02\/skarbonka-wykreslana-wizualizacja-marketing.jpg","datePublished":"2025-02-01T12:17:11+00:00","dateModified":"2026-01-10T11:52:02+00:00","description":"Personalizowana skarbonka wykre\u015blanka na dowoln\u0105 kwot\u0119 z trwale wygrawerowan\u0105 tabel\u0105 do skre\u015blania. Stworzymy tabel\u0119 pod Tw\u00f3j cel!","breadcrumb":{"@id":"https:\/\/www.drewnianamagia.pl\/index.php\/produkt\/skarbonka-wykreslana-personalizowany-grawer\/#breadcrumb"},"inLanguage":"pl-PL","potentialAction":[{"@type":"ReadAction","target":["https:\/\/www.drewnianamagia.pl\/index.php\/produkt\/skarbonka-wykreslana-personalizowany-grawer\/"]}]},{"@type":"ImageObject","inLanguage":"pl-PL","@id":"https:\/\/www.drewnianamagia.pl\/index.php\/produkt\/skarbonka-wykreslana-personalizowany-grawer\/#primaryimage","url":"https:\/\/www.drewnianamagia.pl\/wp-content\/uploads\/2025\/02\/skarbonka-wykreslana-wizualizacja-marketing.jpg","contentUrl":"https:\/\/www.drewnianamagia.pl\/wp-content\/uploads\/2025\/02\/skarbonka-wykreslana-wizualizacja-marketing.jpg","width":1300,"height":1300,"caption":"Skarbonka wykre\u015blana. Personalizowany prezent. Grawerowana z dowolnym celem oraz kwot\u0105."},{"@type":"BreadcrumbList","@id":"https:\/\/www.drewnianamagia.pl\/index.php\/produkt\/skarbonka-wykreslana-personalizowany-grawer\/#breadcrumb","itemListElement":[{"@type":"ListItem","position":1,"name":"Strona g\u0142\u00f3wna","item":"https:\/\/www.drewnianamagia.pl\/"},{"@type":"ListItem","position":2,"name":"Sklep","item":"https:\/\/www.drewnianamagia.pl\/index.php\/sklep-internetowy-drewnianamagia\/"},{"@type":"ListItem","position":3,"name":"Skarbonka wykre\u015blana &#8211; personalizowany grawer"}]},{"@type":"WebSite","@id":"https:\/\/www.drewnianamagia.pl\/#website","url":"https:\/\/www.drewnianamagia.pl\/","name":"Drewniana Magia","description":"Personalizowane prezenty i dekoracje z drewna i druku 3D, na ka\u017cd\u0105 okazj\u0119 i okoliczno\u015b\u0107. Urodziny, Chrzest, Przyj\u0119cie, \u015awi\u0119ta, \u015alub","publisher":{"@id":"https:\/\/www.drewnianamagia.pl\/#organization"},"potentialAction":[{"@type":"SearchAction","target":{"@type":"EntryPoint","urlTemplate":"https:\/\/www.drewnianamagia.pl\/?s={search_term_string}"},"query-input":{"@type":"PropertyValueSpecification","valueRequired":true,"valueName":"search_term_string"}}],"inLanguage":"pl-PL"},{"@type":"Organization","@id":"https:\/\/www.drewnianamagia.pl\/#organization","name":"Drewniana Magia","url":"https:\/\/www.drewnianamagia.pl\/","logo":{"@type":"ImageObject","inLanguage":"pl-PL","@id":"https:\/\/www.drewnianamagia.pl\/#\/schema\/logo\/image\/","url":"https:\/\/www.drewnianamagia.pl\/wp-content\/uploads\/2024\/02\/cropped-LOGO-DrewnianaMagia-375x188-1.png","contentUrl":"https:\/\/www.drewnianamagia.pl\/wp-content\/uploads\/2024\/02\/cropped-LOGO-DrewnianaMagia-375x188-1.png","width":374,"height":188,"caption":"Drewniana Magia"},"image":{"@id":"https:\/\/www.drewnianamagia.pl\/#\/schema\/logo\/image\/"},"sameAs":["https:\/\/facebook.com\/BelasDrewnianaMagia"]}]}},"_links":{"self":[{"href":"https:\/\/www.drewnianamagia.pl\/index.php\/wp-json\/wp\/v2\/product\/5898","targetHints":{"allow":["GET"]}}],"collection":[{"href":"https:\/\/www.drewnianamagia.pl\/index.php\/wp-json\/wp\/v2\/product"}],"about":[{"href":"https:\/\/www.drewnianamagia.pl\/index.php\/wp-json\/wp\/v2\/types\/product"}],"replies":[{"embeddable":true,"href":"https:\/\/www.drewnianamagia.pl\/index.php\/wp-json\/wp\/v2\/comments?post=5898"}],"wp:featuredmedia":[{"embeddable":true,"href":"https:\/\/www.drewnianamagia.pl\/index.php\/wp-json\/wp\/v2\/media\/5995"}],"wp:attachment":[{"href":"https:\/\/www.drewnianamagia.pl\/index.php\/wp-json\/wp\/v2\/media?parent=5898"}],"wp:term":[{"taxonomy":"product_brand","embeddable":true,"href":"https:\/\/www.drewnianamagia.pl\/index.php\/wp-json\/wp\/v2\/product_brand?post=5898"},{"taxonomy":"product_cat","embeddable":true,"href":"https:\/\/www.drewnianamagia.pl\/index.php\/wp-json\/wp\/v2\/product_cat?post=5898"},{"taxonomy":"product_tag","embeddable":true,"href":"https:\/\/www.drewnianamagia.pl\/index.php\/wp-json\/wp\/v2\/product_tag?post=5898"}],"curies":[{"name":"wp","href":"https:\/\/api.w.org\/{rel}","templated":true}]}}