{"id":5887,"date":"2025-02-01T11:47:20","date_gmt":"2025-02-01T10:47:20","guid":{"rendered":"https:\/\/www.drewnianamagia.pl\/?post_type=product&#038;p=5887"},"modified":"2025-02-03T16:57:36","modified_gmt":"2025-02-03T15:57:36","slug":"tabliczka-kocham-cie-personalizowany-grawer","status":"publish","type":"product","link":"https:\/\/www.drewnianamagia.pl\/index.php\/produkt\/tabliczka-kocham-cie-personalizowany-grawer\/","title":{"rendered":"Tabliczka Kocham Ci\u0119 &#8211; personalizowany grawer"},"content":{"rendered":"<h1 style=\"text-align: center;\"><strong>Drewniana tabliczka stoj\u0105ca Kocham Ci\u0119 &#8211; personalizowany grawer<\/strong><\/h1>\n<p>Personalizowana tabliczka to uniwersalny prezent z okazji Walentynek, Dnia Kobiet, na Dzie\u0144 Ch\u0142opaka, Urodziny lub na ka\u017cd\u0105 inn\u0105 okoliczno\u015b\u0107 dla ukochanej osoby.<\/p>\n<p>Grawerowana tabliczka wraz z podstaw\u0105, podlega pe\u0142nej personalizacji tekstu. Stw\u00f3rz z nasz\u0105 pomoc\u0105 osobisty prezent &#8211; pami\u0105tk\u0119 dla ukochanej osoby.<\/p>\n<p><span style=\"color: #ff0000;\"><strong>PERSONALIZACJA:<\/strong><\/span><\/p>\n<ul>\n<li>Podaj tekst grawerowany po lewej stronie lub pozostaw taki jak w ofercie<\/li>\n<li>Podaj tekst grawerowany po prawej stronie, lub pozostaw taki jak w ofercie<\/li>\n<li>NAJWA\u017bNIEJSZE &#8211; podaj jak ma by\u0107 podpisana tabliczka np, &#8222;Weronika&#8221;<\/li>\n<\/ul>\n<p><strong>SPECYFIKACJA<\/strong>:<\/p>\n<ul>\n<li>szeroko\u015b\u0107: 20 cm<\/li>\n<li>wysoko\u015b\u0107: 17cm<\/li>\n<li>wsuwana podstawa o wymiarach 20 x 7 cm<\/li>\n<li>materia\u0142: wysokiej jako\u015bci sklejka drewniana nielakierowana o grubo\u015bci ok. 3mm<\/li>\n<li>laserowy grawer<\/li>\n<li>produkt r\u0119cznie szlifowany.<\/li>\n<\/ul>\n<p>W zwi\u0105zku z tym, \u017ce drewno jest materia\u0142em organicznym &#8211; jego odcie\u0144, us\u0142ojenie oraz kolor i g\u0142\u0119boko\u015b\u0107 graweru mog\u0105 r\u00f3\u017cni\u0107 si\u0119 od siebie.<\/p>\n","protected":false},"excerpt":{"rendered":"<p>Drewniana tabliczka stoj\u0105ca Kocham Ci\u0119 &#8211; personalizowany grawer Personalizowana tabliczka to uniwersalny prezent z okazji Walentynek, Dnia Kobiet, na Dzie\u0144 Ch\u0142opaka, Urodziny lub na ka\u017cd\u0105 inn\u0105 okoliczno\u015b\u0107 dla ukochanej osoby. Grawerowana tabliczka wraz z podstaw\u0105, podlega pe\u0142nej personalizacji tekstu. Stw\u00f3rz z nasz\u0105 pomoc\u0105 osobisty prezent &#8211; pami\u0105tk\u0119 dla ukochanej osoby. PERSONALIZACJA: Podaj tekst grawerowany po [&hellip;]<\/p>\n","protected":false},"featured_media":5881,"comment_status":"open","ping_status":"closed","template":"","meta":{"_acf_changed":false},"product_brand":[],"product_cat":[109,108,92,105,148,96,99],"product_tag":[65,54,55],"class_list":{"0":"post-5887","1":"product","2":"type-product","3":"status-publish","4":"has-post-thumbnail","6":"product_cat-dzien-chlopaka","7":"product_cat-dzien-kobiet","8":"product_cat-gadzety","9":"product_cat-rocznice","10":"product_cat-statuetki","11":"product_cat-urodziny-imieniny","12":"product_cat-walentynki","13":"product_tag-milosc","14":"product_tag-personalizacja","15":"product_tag-prezent","17":"first","18":"instock","19":"taxable","20":"shipping-taxable","21":"purchasable","22":"product-type-simple"},"acf":[],"yoast_head":"<!-- This site is optimized with the Yoast SEO plugin v27.6 - https:\/\/yoast.com\/product\/yoast-seo-wordpress\/ -->\n<title>Tabliczka Kocham Ci\u0119 - personalizowany grawer - Drewniana Magia<\/title>\n<meta name=\"description\" content=\"Drewniana Tabliczka Kocham Ci\u0119 z personalizowanym grawerem na stabilnej podstawie. Idealny pomys\u0142 na prezent dla ukochanej osoby.\" \/>\n<meta name=\"robots\" content=\"index, follow, max-snippet:-1, max-image-preview:large, max-video-preview:-1\" \/>\n<link rel=\"canonical\" href=\"https:\/\/www.drewnianamagia.pl\/index.php\/produkt\/tabliczka-kocham-cie-personalizowany-grawer\/\" \/>\n<meta property=\"og:locale\" content=\"pl_PL\" \/>\n<meta property=\"og:type\" content=\"article\" \/>\n<meta property=\"og:title\" content=\"Tabliczka Kocham Ci\u0119 - personalizowany grawer - Drewniana Magia\" \/>\n<meta property=\"og:description\" content=\"Drewniana Tabliczka Kocham Ci\u0119 z personalizowanym grawerem na stabilnej podstawie. Idealny pomys\u0142 na prezent dla ukochanej osoby.\" \/>\n<meta property=\"og:url\" content=\"https:\/\/www.drewnianamagia.pl\/index.php\/produkt\/tabliczka-kocham-cie-personalizowany-grawer\/\" \/>\n<meta property=\"og:site_name\" content=\"Drewniana Magia\" \/>\n<meta property=\"article:publisher\" content=\"https:\/\/facebook.com\/BelasDrewnianaMagia\" \/>\n<meta property=\"article:modified_time\" content=\"2025-02-03T15:57:36+00:00\" \/>\n<meta property=\"og:image\" content=\"https:\/\/www.drewnianamagia.pl\/wp-content\/uploads\/2025\/02\/statuetka-para-kocham-Cie-1.jpg\" \/>\n\t<meta property=\"og:image:width\" content=\"1300\" \/>\n\t<meta property=\"og:image:height\" content=\"1300\" \/>\n\t<meta property=\"og:image:type\" content=\"image\/jpeg\" \/>\n<meta name=\"twitter:card\" content=\"summary_large_image\" \/>\n<meta name=\"twitter:label1\" content=\"Szacowany czas czytania\" \/>\n\t<meta name=\"twitter:data1\" content=\"2 minuty\" \/>\n<script type=\"application\/ld+json\" class=\"yoast-schema-graph\">{\"@context\":\"https:\\\/\\\/schema.org\",\"@graph\":[{\"@type\":\"WebPage\",\"@id\":\"https:\\\/\\\/www.drewnianamagia.pl\\\/index.php\\\/produkt\\\/tabliczka-kocham-cie-personalizowany-grawer\\\/\",\"url\":\"https:\\\/\\\/www.drewnianamagia.pl\\\/index.php\\\/produkt\\\/tabliczka-kocham-cie-personalizowany-grawer\\\/\",\"name\":\"Tabliczka Kocham Ci\u0119 - personalizowany grawer - Drewniana Magia\",\"isPartOf\":{\"@id\":\"https:\\\/\\\/www.drewnianamagia.pl\\\/#website\"},\"primaryImageOfPage\":{\"@id\":\"https:\\\/\\\/www.drewnianamagia.pl\\\/index.php\\\/produkt\\\/tabliczka-kocham-cie-personalizowany-grawer\\\/#primaryimage\"},\"image\":{\"@id\":\"https:\\\/\\\/www.drewnianamagia.pl\\\/index.php\\\/produkt\\\/tabliczka-kocham-cie-personalizowany-grawer\\\/#primaryimage\"},\"thumbnailUrl\":\"https:\\\/\\\/www.drewnianamagia.pl\\\/wp-content\\\/uploads\\\/2025\\\/02\\\/statuetka-para-kocham-Cie-1.jpg\",\"datePublished\":\"2025-02-01T10:47:20+00:00\",\"dateModified\":\"2025-02-03T15:57:36+00:00\",\"description\":\"Drewniana Tabliczka Kocham Ci\u0119 z personalizowanym grawerem na stabilnej podstawie. Idealny pomys\u0142 na prezent dla ukochanej osoby.\",\"breadcrumb\":{\"@id\":\"https:\\\/\\\/www.drewnianamagia.pl\\\/index.php\\\/produkt\\\/tabliczka-kocham-cie-personalizowany-grawer\\\/#breadcrumb\"},\"inLanguage\":\"pl-PL\",\"potentialAction\":[{\"@type\":\"ReadAction\",\"target\":[\"https:\\\/\\\/www.drewnianamagia.pl\\\/index.php\\\/produkt\\\/tabliczka-kocham-cie-personalizowany-grawer\\\/\"]}]},{\"@type\":\"ImageObject\",\"inLanguage\":\"pl-PL\",\"@id\":\"https:\\\/\\\/www.drewnianamagia.pl\\\/index.php\\\/produkt\\\/tabliczka-kocham-cie-personalizowany-grawer\\\/#primaryimage\",\"url\":\"https:\\\/\\\/www.drewnianamagia.pl\\\/wp-content\\\/uploads\\\/2025\\\/02\\\/statuetka-para-kocham-Cie-1.jpg\",\"contentUrl\":\"https:\\\/\\\/www.drewnianamagia.pl\\\/wp-content\\\/uploads\\\/2025\\\/02\\\/statuetka-para-kocham-Cie-1.jpg\",\"width\":1300,\"height\":1300,\"caption\":\"Statuetka dla zakochanych grawerowana Kocham Ci\u0119 z personalizowanym tekstem. prezent na walentynki\"},{\"@type\":\"BreadcrumbList\",\"@id\":\"https:\\\/\\\/www.drewnianamagia.pl\\\/index.php\\\/produkt\\\/tabliczka-kocham-cie-personalizowany-grawer\\\/#breadcrumb\",\"itemListElement\":[{\"@type\":\"ListItem\",\"position\":1,\"name\":\"Strona g\u0142\u00f3wna\",\"item\":\"https:\\\/\\\/www.drewnianamagia.pl\\\/\"},{\"@type\":\"ListItem\",\"position\":2,\"name\":\"Sklep\",\"item\":\"https:\\\/\\\/www.drewnianamagia.pl\\\/index.php\\\/sklep-internetowy-drewnianamagia\\\/\"},{\"@type\":\"ListItem\",\"position\":3,\"name\":\"Tabliczka Kocham Ci\u0119 &#8211; personalizowany grawer\"}]},{\"@type\":\"WebSite\",\"@id\":\"https:\\\/\\\/www.drewnianamagia.pl\\\/#website\",\"url\":\"https:\\\/\\\/www.drewnianamagia.pl\\\/\",\"name\":\"Drewniana Magia\",\"description\":\"Personalizowane prezenty i dekoracje z drewna i druku 3D, na ka\u017cd\u0105 okazj\u0119 i okoliczno\u015b\u0107. Urodziny, Chrzest, Przyj\u0119cie, \u015awi\u0119ta, \u015alub\",\"publisher\":{\"@id\":\"https:\\\/\\\/www.drewnianamagia.pl\\\/#organization\"},\"potentialAction\":[{\"@type\":\"SearchAction\",\"target\":{\"@type\":\"EntryPoint\",\"urlTemplate\":\"https:\\\/\\\/www.drewnianamagia.pl\\\/?s={search_term_string}\"},\"query-input\":{\"@type\":\"PropertyValueSpecification\",\"valueRequired\":true,\"valueName\":\"search_term_string\"}}],\"inLanguage\":\"pl-PL\"},{\"@type\":\"Organization\",\"@id\":\"https:\\\/\\\/www.drewnianamagia.pl\\\/#organization\",\"name\":\"Drewniana Magia\",\"url\":\"https:\\\/\\\/www.drewnianamagia.pl\\\/\",\"logo\":{\"@type\":\"ImageObject\",\"inLanguage\":\"pl-PL\",\"@id\":\"https:\\\/\\\/www.drewnianamagia.pl\\\/#\\\/schema\\\/logo\\\/image\\\/\",\"url\":\"https:\\\/\\\/www.drewnianamagia.pl\\\/wp-content\\\/uploads\\\/2024\\\/02\\\/cropped-LOGO-DrewnianaMagia-375x188-1.png\",\"contentUrl\":\"https:\\\/\\\/www.drewnianamagia.pl\\\/wp-content\\\/uploads\\\/2024\\\/02\\\/cropped-LOGO-DrewnianaMagia-375x188-1.png\",\"width\":374,\"height\":188,\"caption\":\"Drewniana Magia\"},\"image\":{\"@id\":\"https:\\\/\\\/www.drewnianamagia.pl\\\/#\\\/schema\\\/logo\\\/image\\\/\"},\"sameAs\":[\"https:\\\/\\\/facebook.com\\\/BelasDrewnianaMagia\"]}]}<\/script>\n<!-- \/ Yoast SEO plugin. -->","yoast_head_json":{"title":"Tabliczka Kocham Ci\u0119 - personalizowany grawer - Drewniana Magia","description":"Drewniana Tabliczka Kocham Ci\u0119 z personalizowanym grawerem na stabilnej podstawie. Idealny pomys\u0142 na prezent dla ukochanej osoby.","robots":{"index":"index","follow":"follow","max-snippet":"max-snippet:-1","max-image-preview":"max-image-preview:large","max-video-preview":"max-video-preview:-1"},"canonical":"https:\/\/www.drewnianamagia.pl\/index.php\/produkt\/tabliczka-kocham-cie-personalizowany-grawer\/","og_locale":"pl_PL","og_type":"article","og_title":"Tabliczka Kocham Ci\u0119 - personalizowany grawer - Drewniana Magia","og_description":"Drewniana Tabliczka Kocham Ci\u0119 z personalizowanym grawerem na stabilnej podstawie. Idealny pomys\u0142 na prezent dla ukochanej osoby.","og_url":"https:\/\/www.drewnianamagia.pl\/index.php\/produkt\/tabliczka-kocham-cie-personalizowany-grawer\/","og_site_name":"Drewniana Magia","article_publisher":"https:\/\/facebook.com\/BelasDrewnianaMagia","article_modified_time":"2025-02-03T15:57:36+00:00","og_image":[{"width":1300,"height":1300,"url":"https:\/\/www.drewnianamagia.pl\/wp-content\/uploads\/2025\/02\/statuetka-para-kocham-Cie-1.jpg","type":"image\/jpeg"}],"twitter_card":"summary_large_image","twitter_misc":{"Szacowany czas czytania":"2 minuty"},"schema":{"@context":"https:\/\/schema.org","@graph":[{"@type":"WebPage","@id":"https:\/\/www.drewnianamagia.pl\/index.php\/produkt\/tabliczka-kocham-cie-personalizowany-grawer\/","url":"https:\/\/www.drewnianamagia.pl\/index.php\/produkt\/tabliczka-kocham-cie-personalizowany-grawer\/","name":"Tabliczka Kocham Ci\u0119 - personalizowany grawer - Drewniana Magia","isPartOf":{"@id":"https:\/\/www.drewnianamagia.pl\/#website"},"primaryImageOfPage":{"@id":"https:\/\/www.drewnianamagia.pl\/index.php\/produkt\/tabliczka-kocham-cie-personalizowany-grawer\/#primaryimage"},"image":{"@id":"https:\/\/www.drewnianamagia.pl\/index.php\/produkt\/tabliczka-kocham-cie-personalizowany-grawer\/#primaryimage"},"thumbnailUrl":"https:\/\/www.drewnianamagia.pl\/wp-content\/uploads\/2025\/02\/statuetka-para-kocham-Cie-1.jpg","datePublished":"2025-02-01T10:47:20+00:00","dateModified":"2025-02-03T15:57:36+00:00","description":"Drewniana Tabliczka Kocham Ci\u0119 z personalizowanym grawerem na stabilnej podstawie. Idealny pomys\u0142 na prezent dla ukochanej osoby.","breadcrumb":{"@id":"https:\/\/www.drewnianamagia.pl\/index.php\/produkt\/tabliczka-kocham-cie-personalizowany-grawer\/#breadcrumb"},"inLanguage":"pl-PL","potentialAction":[{"@type":"ReadAction","target":["https:\/\/www.drewnianamagia.pl\/index.php\/produkt\/tabliczka-kocham-cie-personalizowany-grawer\/"]}]},{"@type":"ImageObject","inLanguage":"pl-PL","@id":"https:\/\/www.drewnianamagia.pl\/index.php\/produkt\/tabliczka-kocham-cie-personalizowany-grawer\/#primaryimage","url":"https:\/\/www.drewnianamagia.pl\/wp-content\/uploads\/2025\/02\/statuetka-para-kocham-Cie-1.jpg","contentUrl":"https:\/\/www.drewnianamagia.pl\/wp-content\/uploads\/2025\/02\/statuetka-para-kocham-Cie-1.jpg","width":1300,"height":1300,"caption":"Statuetka dla zakochanych grawerowana Kocham Ci\u0119 z personalizowanym tekstem. prezent na walentynki"},{"@type":"BreadcrumbList","@id":"https:\/\/www.drewnianamagia.pl\/index.php\/produkt\/tabliczka-kocham-cie-personalizowany-grawer\/#breadcrumb","itemListElement":[{"@type":"ListItem","position":1,"name":"Strona g\u0142\u00f3wna","item":"https:\/\/www.drewnianamagia.pl\/"},{"@type":"ListItem","position":2,"name":"Sklep","item":"https:\/\/www.drewnianamagia.pl\/index.php\/sklep-internetowy-drewnianamagia\/"},{"@type":"ListItem","position":3,"name":"Tabliczka Kocham Ci\u0119 &#8211; personalizowany grawer"}]},{"@type":"WebSite","@id":"https:\/\/www.drewnianamagia.pl\/#website","url":"https:\/\/www.drewnianamagia.pl\/","name":"Drewniana Magia","description":"Personalizowane prezenty i dekoracje z drewna i druku 3D, na ka\u017cd\u0105 okazj\u0119 i okoliczno\u015b\u0107. Urodziny, Chrzest, Przyj\u0119cie, \u015awi\u0119ta, \u015alub","publisher":{"@id":"https:\/\/www.drewnianamagia.pl\/#organization"},"potentialAction":[{"@type":"SearchAction","target":{"@type":"EntryPoint","urlTemplate":"https:\/\/www.drewnianamagia.pl\/?s={search_term_string}"},"query-input":{"@type":"PropertyValueSpecification","valueRequired":true,"valueName":"search_term_string"}}],"inLanguage":"pl-PL"},{"@type":"Organization","@id":"https:\/\/www.drewnianamagia.pl\/#organization","name":"Drewniana Magia","url":"https:\/\/www.drewnianamagia.pl\/","logo":{"@type":"ImageObject","inLanguage":"pl-PL","@id":"https:\/\/www.drewnianamagia.pl\/#\/schema\/logo\/image\/","url":"https:\/\/www.drewnianamagia.pl\/wp-content\/uploads\/2024\/02\/cropped-LOGO-DrewnianaMagia-375x188-1.png","contentUrl":"https:\/\/www.drewnianamagia.pl\/wp-content\/uploads\/2024\/02\/cropped-LOGO-DrewnianaMagia-375x188-1.png","width":374,"height":188,"caption":"Drewniana Magia"},"image":{"@id":"https:\/\/www.drewnianamagia.pl\/#\/schema\/logo\/image\/"},"sameAs":["https:\/\/facebook.com\/BelasDrewnianaMagia"]}]}},"_links":{"self":[{"href":"https:\/\/www.drewnianamagia.pl\/index.php\/wp-json\/wp\/v2\/product\/5887","targetHints":{"allow":["GET"]}}],"collection":[{"href":"https:\/\/www.drewnianamagia.pl\/index.php\/wp-json\/wp\/v2\/product"}],"about":[{"href":"https:\/\/www.drewnianamagia.pl\/index.php\/wp-json\/wp\/v2\/types\/product"}],"replies":[{"embeddable":true,"href":"https:\/\/www.drewnianamagia.pl\/index.php\/wp-json\/wp\/v2\/comments?post=5887"}],"wp:featuredmedia":[{"embeddable":true,"href":"https:\/\/www.drewnianamagia.pl\/index.php\/wp-json\/wp\/v2\/media\/5881"}],"wp:attachment":[{"href":"https:\/\/www.drewnianamagia.pl\/index.php\/wp-json\/wp\/v2\/media?parent=5887"}],"wp:term":[{"taxonomy":"product_brand","embeddable":true,"href":"https:\/\/www.drewnianamagia.pl\/index.php\/wp-json\/wp\/v2\/product_brand?post=5887"},{"taxonomy":"product_cat","embeddable":true,"href":"https:\/\/www.drewnianamagia.pl\/index.php\/wp-json\/wp\/v2\/product_cat?post=5887"},{"taxonomy":"product_tag","embeddable":true,"href":"https:\/\/www.drewnianamagia.pl\/index.php\/wp-json\/wp\/v2\/product_tag?post=5887"}],"curies":[{"name":"wp","href":"https:\/\/api.w.org\/{rel}","templated":true}]}}