{"id":5733,"date":"2025-01-20T16:54:52","date_gmt":"2025-01-20T15:54:52","guid":{"rendered":"https:\/\/www.drewnianamagia.pl\/?post_type=product&#038;p=5733"},"modified":"2025-09-16T13:51:19","modified_gmt":"2025-09-16T11:51:19","slug":"pudelko-ozdobne-kraftowe-poduszka-personalizowane","status":"publish","type":"product","link":"https:\/\/www.drewnianamagia.pl\/index.php\/produkt\/pudelko-ozdobne-kraftowe-poduszka-personalizowane\/","title":{"rendered":"Pude\u0142ko ozdobne kraftowe poduszka &#8211; personalizowane"},"content":{"rendered":"<h1 style=\"text-align: center;\"><strong>Pude\u0142ko ozdobne kraftowe poduszka &#8211; personalizowane z grawerem<\/strong><\/h1>\n<p>Ma\u0142e pude\u0142eczko z personalizowanym, wygrawerowanym jednostronnie dowolnym napisem &#8211; idealne do zapakowania drobnego upominku i przekazanie indywidualnej dedykacji.<\/p>\n<p>Wykonane z kraftowego papieru o gramaturze 260g\/m2. Sklejone, do samodzielnego z\u0142o\u017cenia (zagi\u0119cia bok\u00f3w). Napis jest grawerowany (trwa\u0142y i nie\u015bcieralny) &#8211; nie jest to nadruk<\/p>\n<p><strong>PERSONALIZACJA:<\/strong><\/p>\n<ul>\n<li><span style=\"color: #ff0000;\"><strong>podaj tre\u015b\u0107 graweru, jaki mamy umie\u015bci\u0107 na pude\u0142ku.<\/strong><\/span><\/li>\n<\/ul>\n<p><strong>Specyfikacja:<\/strong><\/p>\n<ul>\n<li>d\u0142ugo\u015b\u0107 ca\u0142kowita: 8 cm<\/li>\n<li>szeroko\u015b\u0107: 6 cm<\/li>\n<li>grubo\u015b\u0107 w najgrubszym miejscu: 2 cm<\/li>\n<\/ul>\n<p><img loading=\"lazy\" decoding=\"async\" class=\"aligncenter size-medium wp-image-5711\" src=\"https:\/\/www.drewnianamagia.pl\/wp-content\/uploads\/2025\/01\/wymiary-pudelko-poduszka-80x60x20-300x300.jpg\" alt=\"wymiary pude\u0142ka kraftowego poduszki\" width=\"300\" height=\"300\" srcset=\"https:\/\/www.drewnianamagia.pl\/wp-content\/uploads\/2025\/01\/wymiary-pudelko-poduszka-80x60x20-300x300.jpg 300w, https:\/\/www.drewnianamagia.pl\/wp-content\/uploads\/2025\/01\/wymiary-pudelko-poduszka-80x60x20-324x324.jpg 324w, https:\/\/www.drewnianamagia.pl\/wp-content\/uploads\/2025\/01\/wymiary-pudelko-poduszka-80x60x20-100x100.jpg 100w, https:\/\/www.drewnianamagia.pl\/wp-content\/uploads\/2025\/01\/wymiary-pudelko-poduszka-80x60x20-416x416.jpg 416w, https:\/\/www.drewnianamagia.pl\/wp-content\/uploads\/2025\/01\/wymiary-pudelko-poduszka-80x60x20-1024x1024.jpg 1024w, https:\/\/www.drewnianamagia.pl\/wp-content\/uploads\/2025\/01\/wymiary-pudelko-poduszka-80x60x20-150x150.jpg 150w, https:\/\/www.drewnianamagia.pl\/wp-content\/uploads\/2025\/01\/wymiary-pudelko-poduszka-80x60x20-768x768.jpg 768w, https:\/\/www.drewnianamagia.pl\/wp-content\/uploads\/2025\/01\/wymiary-pudelko-poduszka-80x60x20-1536x1536.jpg 1536w, https:\/\/www.drewnianamagia.pl\/wp-content\/uploads\/2025\/01\/wymiary-pudelko-poduszka-80x60x20.jpg 2000w\" sizes=\"auto, (max-width: 300px) 100vw, 300px\" \/><\/p>\n<p>&nbsp;<\/p>\n","protected":false},"excerpt":{"rendered":"<p>Pude\u0142ko ozdobne kraftowe poduszka &#8211; personalizowane z grawerem Ma\u0142e pude\u0142eczko z personalizowanym, wygrawerowanym jednostronnie dowolnym napisem &#8211; idealne do zapakowania drobnego upominku i przekazanie indywidualnej dedykacji. Wykonane z kraftowego papieru o gramaturze 260g\/m2. Sklejone, do samodzielnego z\u0142o\u017cenia (zagi\u0119cia bok\u00f3w). Napis jest grawerowany (trwa\u0142y i nie\u015bcieralny) &#8211; nie jest to nadruk PERSONALIZACJA: podaj tre\u015b\u0107 graweru, jaki [&hellip;]<\/p>\n","protected":false},"featured_media":5694,"comment_status":"open","ping_status":"closed","template":"","meta":{"_acf_changed":false},"product_brand":[],"product_cat":[30],"product_tag":[54],"class_list":{"0":"post-5733","1":"product","2":"type-product","3":"status-publish","4":"has-post-thumbnail","6":"product_cat-pudelka","7":"product_tag-personalizacja","9":"first","10":"outofstock","11":"taxable","12":"shipping-taxable","13":"purchasable","14":"product-type-simple"},"acf":[],"yoast_head":"<!-- This site is optimized with the Yoast SEO plugin v27.3 - https:\/\/yoast.com\/product\/yoast-seo-wordpress\/ -->\n<title>Pude\u0142ko ozdobne kraftowe poduszka - personalizowane - Drewniana Magia<\/title>\n<meta name=\"description\" content=\"Ozdobne pude\u0142ko kraftowe - personalizowane. Dowolny tekst wygrawerowany na pude\u0142ku jest trwa\u0142y i nie\u015bcieralny.\" \/>\n<meta name=\"robots\" content=\"index, follow, max-snippet:-1, max-image-preview:large, max-video-preview:-1\" \/>\n<link rel=\"canonical\" href=\"https:\/\/www.drewnianamagia.pl\/index.php\/produkt\/pudelko-ozdobne-kraftowe-poduszka-personalizowane\/\" \/>\n<meta property=\"og:locale\" content=\"pl_PL\" \/>\n<meta property=\"og:type\" content=\"article\" \/>\n<meta property=\"og:title\" content=\"Pude\u0142ko ozdobne kraftowe poduszka - personalizowane - Drewniana Magia\" \/>\n<meta property=\"og:description\" content=\"Ozdobne pude\u0142ko kraftowe - personalizowane. Dowolny tekst wygrawerowany na pude\u0142ku jest trwa\u0142y i nie\u015bcieralny.\" \/>\n<meta property=\"og:url\" content=\"https:\/\/www.drewnianamagia.pl\/index.php\/produkt\/pudelko-ozdobne-kraftowe-poduszka-personalizowane\/\" \/>\n<meta property=\"og:site_name\" content=\"Drewniana Magia\" \/>\n<meta property=\"article:publisher\" content=\"https:\/\/facebook.com\/BelasDrewnianaMagia\" \/>\n<meta property=\"article:modified_time\" content=\"2025-09-16T11:51:19+00:00\" \/>\n<meta property=\"og:image\" content=\"https:\/\/www.drewnianamagia.pl\/wp-content\/uploads\/2025\/01\/pudelko-poduszka-twoj-wlasny-tekst.jpg\" \/>\n\t<meta property=\"og:image:width\" content=\"2000\" \/>\n\t<meta property=\"og:image:height\" content=\"2000\" \/>\n\t<meta property=\"og:image:type\" content=\"image\/jpeg\" \/>\n<meta name=\"twitter:card\" content=\"summary_large_image\" \/>\n<meta name=\"twitter:label1\" content=\"Szacowany czas czytania\" \/>\n\t<meta name=\"twitter:data1\" content=\"1 minuta\" \/>\n<script type=\"application\/ld+json\" class=\"yoast-schema-graph\">{\"@context\":\"https:\\\/\\\/schema.org\",\"@graph\":[{\"@type\":\"WebPage\",\"@id\":\"https:\\\/\\\/www.drewnianamagia.pl\\\/index.php\\\/produkt\\\/pudelko-ozdobne-kraftowe-poduszka-personalizowane\\\/\",\"url\":\"https:\\\/\\\/www.drewnianamagia.pl\\\/index.php\\\/produkt\\\/pudelko-ozdobne-kraftowe-poduszka-personalizowane\\\/\",\"name\":\"Pude\u0142ko ozdobne kraftowe poduszka - personalizowane - Drewniana Magia\",\"isPartOf\":{\"@id\":\"https:\\\/\\\/www.drewnianamagia.pl\\\/#website\"},\"primaryImageOfPage\":{\"@id\":\"https:\\\/\\\/www.drewnianamagia.pl\\\/index.php\\\/produkt\\\/pudelko-ozdobne-kraftowe-poduszka-personalizowane\\\/#primaryimage\"},\"image\":{\"@id\":\"https:\\\/\\\/www.drewnianamagia.pl\\\/index.php\\\/produkt\\\/pudelko-ozdobne-kraftowe-poduszka-personalizowane\\\/#primaryimage\"},\"thumbnailUrl\":\"https:\\\/\\\/www.drewnianamagia.pl\\\/wp-content\\\/uploads\\\/2025\\\/01\\\/pudelko-poduszka-twoj-wlasny-tekst.jpg\",\"datePublished\":\"2025-01-20T15:54:52+00:00\",\"dateModified\":\"2025-09-16T11:51:19+00:00\",\"description\":\"Ozdobne pude\u0142ko kraftowe - personalizowane. Dowolny tekst wygrawerowany na pude\u0142ku jest trwa\u0142y i nie\u015bcieralny.\",\"breadcrumb\":{\"@id\":\"https:\\\/\\\/www.drewnianamagia.pl\\\/index.php\\\/produkt\\\/pudelko-ozdobne-kraftowe-poduszka-personalizowane\\\/#breadcrumb\"},\"inLanguage\":\"pl-PL\",\"potentialAction\":[{\"@type\":\"ReadAction\",\"target\":[\"https:\\\/\\\/www.drewnianamagia.pl\\\/index.php\\\/produkt\\\/pudelko-ozdobne-kraftowe-poduszka-personalizowane\\\/\"]}]},{\"@type\":\"ImageObject\",\"inLanguage\":\"pl-PL\",\"@id\":\"https:\\\/\\\/www.drewnianamagia.pl\\\/index.php\\\/produkt\\\/pudelko-ozdobne-kraftowe-poduszka-personalizowane\\\/#primaryimage\",\"url\":\"https:\\\/\\\/www.drewnianamagia.pl\\\/wp-content\\\/uploads\\\/2025\\\/01\\\/pudelko-poduszka-twoj-wlasny-tekst.jpg\",\"contentUrl\":\"https:\\\/\\\/www.drewnianamagia.pl\\\/wp-content\\\/uploads\\\/2025\\\/01\\\/pudelko-poduszka-twoj-wlasny-tekst.jpg\",\"width\":2000,\"height\":2000,\"caption\":\"pude\u0142ko poduszka kraftowe z w\u0142asnym grawerowanym tekstem\"},{\"@type\":\"BreadcrumbList\",\"@id\":\"https:\\\/\\\/www.drewnianamagia.pl\\\/index.php\\\/produkt\\\/pudelko-ozdobne-kraftowe-poduszka-personalizowane\\\/#breadcrumb\",\"itemListElement\":[{\"@type\":\"ListItem\",\"position\":1,\"name\":\"Strona g\u0142\u00f3wna\",\"item\":\"https:\\\/\\\/www.drewnianamagia.pl\\\/\"},{\"@type\":\"ListItem\",\"position\":2,\"name\":\"Sklep\",\"item\":\"https:\\\/\\\/www.drewnianamagia.pl\\\/index.php\\\/sklep-internetowy-drewnianamagia\\\/\"},{\"@type\":\"ListItem\",\"position\":3,\"name\":\"Pude\u0142ko ozdobne kraftowe poduszka &#8211; personalizowane\"}]},{\"@type\":\"WebSite\",\"@id\":\"https:\\\/\\\/www.drewnianamagia.pl\\\/#website\",\"url\":\"https:\\\/\\\/www.drewnianamagia.pl\\\/\",\"name\":\"Drewniana Magia\",\"description\":\"Personalizowane prezenty i dekoracje z drewna i druku 3D, na ka\u017cd\u0105 okazj\u0119 i okoliczno\u015b\u0107. Urodziny, Chrzest, Przyj\u0119cie, \u015awi\u0119ta, \u015alub\",\"publisher\":{\"@id\":\"https:\\\/\\\/www.drewnianamagia.pl\\\/#organization\"},\"potentialAction\":[{\"@type\":\"SearchAction\",\"target\":{\"@type\":\"EntryPoint\",\"urlTemplate\":\"https:\\\/\\\/www.drewnianamagia.pl\\\/?s={search_term_string}\"},\"query-input\":{\"@type\":\"PropertyValueSpecification\",\"valueRequired\":true,\"valueName\":\"search_term_string\"}}],\"inLanguage\":\"pl-PL\"},{\"@type\":\"Organization\",\"@id\":\"https:\\\/\\\/www.drewnianamagia.pl\\\/#organization\",\"name\":\"Drewniana Magia\",\"url\":\"https:\\\/\\\/www.drewnianamagia.pl\\\/\",\"logo\":{\"@type\":\"ImageObject\",\"inLanguage\":\"pl-PL\",\"@id\":\"https:\\\/\\\/www.drewnianamagia.pl\\\/#\\\/schema\\\/logo\\\/image\\\/\",\"url\":\"https:\\\/\\\/www.drewnianamagia.pl\\\/wp-content\\\/uploads\\\/2024\\\/02\\\/cropped-LOGO-DrewnianaMagia-375x188-1.png\",\"contentUrl\":\"https:\\\/\\\/www.drewnianamagia.pl\\\/wp-content\\\/uploads\\\/2024\\\/02\\\/cropped-LOGO-DrewnianaMagia-375x188-1.png\",\"width\":374,\"height\":188,\"caption\":\"Drewniana Magia\"},\"image\":{\"@id\":\"https:\\\/\\\/www.drewnianamagia.pl\\\/#\\\/schema\\\/logo\\\/image\\\/\"},\"sameAs\":[\"https:\\\/\\\/facebook.com\\\/BelasDrewnianaMagia\"]}]}<\/script>\n<!-- \/ Yoast SEO plugin. -->","yoast_head_json":{"title":"Pude\u0142ko ozdobne kraftowe poduszka - personalizowane - Drewniana Magia","description":"Ozdobne pude\u0142ko kraftowe - personalizowane. Dowolny tekst wygrawerowany na pude\u0142ku jest trwa\u0142y i nie\u015bcieralny.","robots":{"index":"index","follow":"follow","max-snippet":"max-snippet:-1","max-image-preview":"max-image-preview:large","max-video-preview":"max-video-preview:-1"},"canonical":"https:\/\/www.drewnianamagia.pl\/index.php\/produkt\/pudelko-ozdobne-kraftowe-poduszka-personalizowane\/","og_locale":"pl_PL","og_type":"article","og_title":"Pude\u0142ko ozdobne kraftowe poduszka - personalizowane - Drewniana Magia","og_description":"Ozdobne pude\u0142ko kraftowe - personalizowane. Dowolny tekst wygrawerowany na pude\u0142ku jest trwa\u0142y i nie\u015bcieralny.","og_url":"https:\/\/www.drewnianamagia.pl\/index.php\/produkt\/pudelko-ozdobne-kraftowe-poduszka-personalizowane\/","og_site_name":"Drewniana Magia","article_publisher":"https:\/\/facebook.com\/BelasDrewnianaMagia","article_modified_time":"2025-09-16T11:51:19+00:00","og_image":[{"width":2000,"height":2000,"url":"https:\/\/www.drewnianamagia.pl\/wp-content\/uploads\/2025\/01\/pudelko-poduszka-twoj-wlasny-tekst.jpg","type":"image\/jpeg"}],"twitter_card":"summary_large_image","twitter_misc":{"Szacowany czas czytania":"1 minuta"},"schema":{"@context":"https:\/\/schema.org","@graph":[{"@type":"WebPage","@id":"https:\/\/www.drewnianamagia.pl\/index.php\/produkt\/pudelko-ozdobne-kraftowe-poduszka-personalizowane\/","url":"https:\/\/www.drewnianamagia.pl\/index.php\/produkt\/pudelko-ozdobne-kraftowe-poduszka-personalizowane\/","name":"Pude\u0142ko ozdobne kraftowe poduszka - personalizowane - Drewniana Magia","isPartOf":{"@id":"https:\/\/www.drewnianamagia.pl\/#website"},"primaryImageOfPage":{"@id":"https:\/\/www.drewnianamagia.pl\/index.php\/produkt\/pudelko-ozdobne-kraftowe-poduszka-personalizowane\/#primaryimage"},"image":{"@id":"https:\/\/www.drewnianamagia.pl\/index.php\/produkt\/pudelko-ozdobne-kraftowe-poduszka-personalizowane\/#primaryimage"},"thumbnailUrl":"https:\/\/www.drewnianamagia.pl\/wp-content\/uploads\/2025\/01\/pudelko-poduszka-twoj-wlasny-tekst.jpg","datePublished":"2025-01-20T15:54:52+00:00","dateModified":"2025-09-16T11:51:19+00:00","description":"Ozdobne pude\u0142ko kraftowe - personalizowane. Dowolny tekst wygrawerowany na pude\u0142ku jest trwa\u0142y i nie\u015bcieralny.","breadcrumb":{"@id":"https:\/\/www.drewnianamagia.pl\/index.php\/produkt\/pudelko-ozdobne-kraftowe-poduszka-personalizowane\/#breadcrumb"},"inLanguage":"pl-PL","potentialAction":[{"@type":"ReadAction","target":["https:\/\/www.drewnianamagia.pl\/index.php\/produkt\/pudelko-ozdobne-kraftowe-poduszka-personalizowane\/"]}]},{"@type":"ImageObject","inLanguage":"pl-PL","@id":"https:\/\/www.drewnianamagia.pl\/index.php\/produkt\/pudelko-ozdobne-kraftowe-poduszka-personalizowane\/#primaryimage","url":"https:\/\/www.drewnianamagia.pl\/wp-content\/uploads\/2025\/01\/pudelko-poduszka-twoj-wlasny-tekst.jpg","contentUrl":"https:\/\/www.drewnianamagia.pl\/wp-content\/uploads\/2025\/01\/pudelko-poduszka-twoj-wlasny-tekst.jpg","width":2000,"height":2000,"caption":"pude\u0142ko poduszka kraftowe z w\u0142asnym grawerowanym tekstem"},{"@type":"BreadcrumbList","@id":"https:\/\/www.drewnianamagia.pl\/index.php\/produkt\/pudelko-ozdobne-kraftowe-poduszka-personalizowane\/#breadcrumb","itemListElement":[{"@type":"ListItem","position":1,"name":"Strona g\u0142\u00f3wna","item":"https:\/\/www.drewnianamagia.pl\/"},{"@type":"ListItem","position":2,"name":"Sklep","item":"https:\/\/www.drewnianamagia.pl\/index.php\/sklep-internetowy-drewnianamagia\/"},{"@type":"ListItem","position":3,"name":"Pude\u0142ko ozdobne kraftowe poduszka &#8211; personalizowane"}]},{"@type":"WebSite","@id":"https:\/\/www.drewnianamagia.pl\/#website","url":"https:\/\/www.drewnianamagia.pl\/","name":"Drewniana Magia","description":"Personalizowane prezenty i dekoracje z drewna i druku 3D, na ka\u017cd\u0105 okazj\u0119 i okoliczno\u015b\u0107. Urodziny, Chrzest, Przyj\u0119cie, \u015awi\u0119ta, \u015alub","publisher":{"@id":"https:\/\/www.drewnianamagia.pl\/#organization"},"potentialAction":[{"@type":"SearchAction","target":{"@type":"EntryPoint","urlTemplate":"https:\/\/www.drewnianamagia.pl\/?s={search_term_string}"},"query-input":{"@type":"PropertyValueSpecification","valueRequired":true,"valueName":"search_term_string"}}],"inLanguage":"pl-PL"},{"@type":"Organization","@id":"https:\/\/www.drewnianamagia.pl\/#organization","name":"Drewniana Magia","url":"https:\/\/www.drewnianamagia.pl\/","logo":{"@type":"ImageObject","inLanguage":"pl-PL","@id":"https:\/\/www.drewnianamagia.pl\/#\/schema\/logo\/image\/","url":"https:\/\/www.drewnianamagia.pl\/wp-content\/uploads\/2024\/02\/cropped-LOGO-DrewnianaMagia-375x188-1.png","contentUrl":"https:\/\/www.drewnianamagia.pl\/wp-content\/uploads\/2024\/02\/cropped-LOGO-DrewnianaMagia-375x188-1.png","width":374,"height":188,"caption":"Drewniana Magia"},"image":{"@id":"https:\/\/www.drewnianamagia.pl\/#\/schema\/logo\/image\/"},"sameAs":["https:\/\/facebook.com\/BelasDrewnianaMagia"]}]}},"_links":{"self":[{"href":"https:\/\/www.drewnianamagia.pl\/index.php\/wp-json\/wp\/v2\/product\/5733","targetHints":{"allow":["GET"]}}],"collection":[{"href":"https:\/\/www.drewnianamagia.pl\/index.php\/wp-json\/wp\/v2\/product"}],"about":[{"href":"https:\/\/www.drewnianamagia.pl\/index.php\/wp-json\/wp\/v2\/types\/product"}],"replies":[{"embeddable":true,"href":"https:\/\/www.drewnianamagia.pl\/index.php\/wp-json\/wp\/v2\/comments?post=5733"}],"wp:featuredmedia":[{"embeddable":true,"href":"https:\/\/www.drewnianamagia.pl\/index.php\/wp-json\/wp\/v2\/media\/5694"}],"wp:attachment":[{"href":"https:\/\/www.drewnianamagia.pl\/index.php\/wp-json\/wp\/v2\/media?parent=5733"}],"wp:term":[{"taxonomy":"product_brand","embeddable":true,"href":"https:\/\/www.drewnianamagia.pl\/index.php\/wp-json\/wp\/v2\/product_brand?post=5733"},{"taxonomy":"product_cat","embeddable":true,"href":"https:\/\/www.drewnianamagia.pl\/index.php\/wp-json\/wp\/v2\/product_cat?post=5733"},{"taxonomy":"product_tag","embeddable":true,"href":"https:\/\/www.drewnianamagia.pl\/index.php\/wp-json\/wp\/v2\/product_tag?post=5733"}],"curies":[{"name":"wp","href":"https:\/\/api.w.org\/{rel}","templated":true}]}}