{"id":5640,"date":"2025-01-15T15:30:37","date_gmt":"2025-01-15T14:30:37","guid":{"rendered":"https:\/\/www.drewnianamagia.pl\/?post_type=product&#038;p=5640"},"modified":"2026-04-01T18:26:36","modified_gmt":"2026-04-01T16:26:36","slug":"brelok-w-ksztalcie-serca-z-napisem-kocham-cie-mamo","status":"publish","type":"product","link":"https:\/\/www.drewnianamagia.pl\/index.php\/produkt\/brelok-w-ksztalcie-serca-z-napisem-kocham-cie-mamo\/","title":{"rendered":"Brelok w kszta\u0142cie serca z napisem Kocham Ci\u0119 Mamo"},"content":{"rendered":"<h1 style=\"text-align: center;\"><strong>Brelok w kszta\u0142cie serca z napisem Kocham Ci\u0119 Mamo<\/strong><\/h1>\n<p>Uniwersalny prezent dla Mamy z okazji urodzin, imienin lub na Dzie\u0144 Matki. Brelok w kszta\u0142cie serduszka zawiera napis &#8222;Kocham Ci\u0119 Mamo&#8221; &#8211; grawer jednostronny wykonany laserowo. R\u0119cznie szlifowany. W zestawie z zamocowanym k\u00f3\u0142kiem do kluczy na \u0142a\u0144cuszku.<\/p>\n<p>&nbsp;<\/p>\n<p><strong>SPECYFIKACJA:<\/strong><\/p>\n<ul>\n<li>wysoko\u015b\u0107: 4,5 cm<\/li>\n<li>szeroko\u015b\u0107: 5 cm<\/li>\n<li>grubo\u015b\u0107: ok 3mm<\/li>\n<li>Materia\u0142: sklejka drewniana, r\u0119cznie szlifowana nielakierowana , jednostronny grawer laserowy<\/li>\n<\/ul>\n<p>&nbsp;<\/p>\n","protected":false},"excerpt":{"rendered":"<p>Brelok w kszta\u0142cie serca z napisem Kocham Ci\u0119 Mamo Uniwersalny prezent dla Mamy z okazji urodzin, imienin lub na Dzie\u0144 Matki. Brelok w kszta\u0142cie serduszka zawiera napis &#8222;Kocham Ci\u0119 Mamo&#8221; &#8211; grawer jednostronny wykonany laserowo. R\u0119cznie szlifowany. W zestawie z zamocowanym k\u00f3\u0142kiem do kluczy na \u0142a\u0144cuszku. &nbsp; SPECYFIKACJA: wysoko\u015b\u0107: 4,5 cm szeroko\u015b\u0107: 5 cm grubo\u015b\u0107: [&hellip;]<\/p>\n","protected":false},"featured_media":5611,"comment_status":"open","ping_status":"closed","template":"","meta":{"_acf_changed":false},"product_brand":[],"product_cat":[32,100,96],"product_tag":[],"class_list":{"0":"post-5640","1":"product","2":"type-product","3":"status-publish","4":"has-post-thumbnail","6":"product_cat-breloki","7":"product_cat-dzien-matki-dzien-ojca","8":"product_cat-urodziny-imieniny","10":"first","11":"instock","12":"sale","13":"taxable","14":"shipping-taxable","15":"purchasable","16":"product-type-simple"},"acf":[],"yoast_head":"<!-- This site is optimized with the Yoast SEO plugin v27.5 - https:\/\/yoast.com\/product\/yoast-seo-wordpress\/ -->\n<title>Brelok w kszta\u0142cie serca z napisem Kocham Ci\u0119 Mamo - Drewniana Magia<\/title>\n<meta name=\"description\" content=\"Brelok dla Mamy w kszta\u0142cie serduszka z zamocowan\u0105 metalow\u0105 zawieszk\u0105. Wyra\u017a swoj\u0105 mi\u0142o\u015b\u0107 do ukochanej osoby. Idealny upominek od serca.\" \/>\n<meta name=\"robots\" content=\"index, follow, max-snippet:-1, max-image-preview:large, max-video-preview:-1\" \/>\n<link rel=\"canonical\" href=\"https:\/\/www.drewnianamagia.pl\/index.php\/produkt\/brelok-w-ksztalcie-serca-z-napisem-kocham-cie-mamo\/\" \/>\n<meta property=\"og:locale\" content=\"pl_PL\" \/>\n<meta property=\"og:type\" content=\"article\" \/>\n<meta property=\"og:title\" content=\"Brelok w kszta\u0142cie serca z napisem Kocham Ci\u0119 Mamo - Drewniana Magia\" \/>\n<meta property=\"og:description\" content=\"Brelok dla Mamy w kszta\u0142cie serduszka z zamocowan\u0105 metalow\u0105 zawieszk\u0105. Wyra\u017a swoj\u0105 mi\u0142o\u015b\u0107 do ukochanej osoby. Idealny upominek od serca.\" \/>\n<meta property=\"og:url\" content=\"https:\/\/www.drewnianamagia.pl\/index.php\/produkt\/brelok-w-ksztalcie-serca-z-napisem-kocham-cie-mamo\/\" \/>\n<meta property=\"og:site_name\" content=\"Drewniana Magia\" \/>\n<meta property=\"article:publisher\" content=\"https:\/\/facebook.com\/BelasDrewnianaMagia\" \/>\n<meta property=\"article:modified_time\" content=\"2026-04-01T16:26:36+00:00\" \/>\n<meta property=\"og:image\" content=\"https:\/\/www.drewnianamagia.pl\/wp-content\/uploads\/2025\/01\/brelok-serce-kocham-cie-mamo.jpg\" \/>\n\t<meta property=\"og:image:width\" content=\"2000\" \/>\n\t<meta property=\"og:image:height\" content=\"2000\" \/>\n\t<meta property=\"og:image:type\" content=\"image\/jpeg\" \/>\n<meta name=\"twitter:card\" content=\"summary_large_image\" \/>\n<meta name=\"twitter:label1\" content=\"Szacowany czas czytania\" \/>\n\t<meta name=\"twitter:data1\" content=\"1 minuta\" \/>\n<script type=\"application\/ld+json\" class=\"yoast-schema-graph\">{\"@context\":\"https:\\\/\\\/schema.org\",\"@graph\":[{\"@type\":\"WebPage\",\"@id\":\"https:\\\/\\\/www.drewnianamagia.pl\\\/index.php\\\/produkt\\\/brelok-w-ksztalcie-serca-z-napisem-kocham-cie-mamo\\\/\",\"url\":\"https:\\\/\\\/www.drewnianamagia.pl\\\/index.php\\\/produkt\\\/brelok-w-ksztalcie-serca-z-napisem-kocham-cie-mamo\\\/\",\"name\":\"Brelok w kszta\u0142cie serca z napisem Kocham Ci\u0119 Mamo - Drewniana Magia\",\"isPartOf\":{\"@id\":\"https:\\\/\\\/www.drewnianamagia.pl\\\/#website\"},\"primaryImageOfPage\":{\"@id\":\"https:\\\/\\\/www.drewnianamagia.pl\\\/index.php\\\/produkt\\\/brelok-w-ksztalcie-serca-z-napisem-kocham-cie-mamo\\\/#primaryimage\"},\"image\":{\"@id\":\"https:\\\/\\\/www.drewnianamagia.pl\\\/index.php\\\/produkt\\\/brelok-w-ksztalcie-serca-z-napisem-kocham-cie-mamo\\\/#primaryimage\"},\"thumbnailUrl\":\"https:\\\/\\\/www.drewnianamagia.pl\\\/wp-content\\\/uploads\\\/2025\\\/01\\\/brelok-serce-kocham-cie-mamo.jpg\",\"datePublished\":\"2025-01-15T14:30:37+00:00\",\"dateModified\":\"2026-04-01T16:26:36+00:00\",\"description\":\"Brelok dla Mamy w kszta\u0142cie serduszka z zamocowan\u0105 metalow\u0105 zawieszk\u0105. Wyra\u017a swoj\u0105 mi\u0142o\u015b\u0107 do ukochanej osoby. Idealny upominek od serca.\",\"breadcrumb\":{\"@id\":\"https:\\\/\\\/www.drewnianamagia.pl\\\/index.php\\\/produkt\\\/brelok-w-ksztalcie-serca-z-napisem-kocham-cie-mamo\\\/#breadcrumb\"},\"inLanguage\":\"pl-PL\",\"potentialAction\":[{\"@type\":\"ReadAction\",\"target\":[\"https:\\\/\\\/www.drewnianamagia.pl\\\/index.php\\\/produkt\\\/brelok-w-ksztalcie-serca-z-napisem-kocham-cie-mamo\\\/\"]}]},{\"@type\":\"ImageObject\",\"inLanguage\":\"pl-PL\",\"@id\":\"https:\\\/\\\/www.drewnianamagia.pl\\\/index.php\\\/produkt\\\/brelok-w-ksztalcie-serca-z-napisem-kocham-cie-mamo\\\/#primaryimage\",\"url\":\"https:\\\/\\\/www.drewnianamagia.pl\\\/wp-content\\\/uploads\\\/2025\\\/01\\\/brelok-serce-kocham-cie-mamo.jpg\",\"contentUrl\":\"https:\\\/\\\/www.drewnianamagia.pl\\\/wp-content\\\/uploads\\\/2025\\\/01\\\/brelok-serce-kocham-cie-mamo.jpg\",\"width\":2000,\"height\":2000,\"caption\":\"brelok serce Kocham Ci\u0119 Mamo\"},{\"@type\":\"BreadcrumbList\",\"@id\":\"https:\\\/\\\/www.drewnianamagia.pl\\\/index.php\\\/produkt\\\/brelok-w-ksztalcie-serca-z-napisem-kocham-cie-mamo\\\/#breadcrumb\",\"itemListElement\":[{\"@type\":\"ListItem\",\"position\":1,\"name\":\"Strona g\u0142\u00f3wna\",\"item\":\"https:\\\/\\\/www.drewnianamagia.pl\\\/\"},{\"@type\":\"ListItem\",\"position\":2,\"name\":\"Sklep\",\"item\":\"https:\\\/\\\/www.drewnianamagia.pl\\\/index.php\\\/sklep-internetowy-drewnianamagia\\\/\"},{\"@type\":\"ListItem\",\"position\":3,\"name\":\"Brelok w kszta\u0142cie serca z napisem Kocham Ci\u0119 Mamo\"}]},{\"@type\":\"WebSite\",\"@id\":\"https:\\\/\\\/www.drewnianamagia.pl\\\/#website\",\"url\":\"https:\\\/\\\/www.drewnianamagia.pl\\\/\",\"name\":\"Drewniana Magia\",\"description\":\"Personalizowane prezenty i dekoracje z drewna i druku 3D, na ka\u017cd\u0105 okazj\u0119 i okoliczno\u015b\u0107. Urodziny, Chrzest, Przyj\u0119cie, \u015awi\u0119ta, \u015alub\",\"publisher\":{\"@id\":\"https:\\\/\\\/www.drewnianamagia.pl\\\/#organization\"},\"potentialAction\":[{\"@type\":\"SearchAction\",\"target\":{\"@type\":\"EntryPoint\",\"urlTemplate\":\"https:\\\/\\\/www.drewnianamagia.pl\\\/?s={search_term_string}\"},\"query-input\":{\"@type\":\"PropertyValueSpecification\",\"valueRequired\":true,\"valueName\":\"search_term_string\"}}],\"inLanguage\":\"pl-PL\"},{\"@type\":\"Organization\",\"@id\":\"https:\\\/\\\/www.drewnianamagia.pl\\\/#organization\",\"name\":\"Drewniana Magia\",\"url\":\"https:\\\/\\\/www.drewnianamagia.pl\\\/\",\"logo\":{\"@type\":\"ImageObject\",\"inLanguage\":\"pl-PL\",\"@id\":\"https:\\\/\\\/www.drewnianamagia.pl\\\/#\\\/schema\\\/logo\\\/image\\\/\",\"url\":\"https:\\\/\\\/www.drewnianamagia.pl\\\/wp-content\\\/uploads\\\/2024\\\/02\\\/cropped-LOGO-DrewnianaMagia-375x188-1.png\",\"contentUrl\":\"https:\\\/\\\/www.drewnianamagia.pl\\\/wp-content\\\/uploads\\\/2024\\\/02\\\/cropped-LOGO-DrewnianaMagia-375x188-1.png\",\"width\":374,\"height\":188,\"caption\":\"Drewniana Magia\"},\"image\":{\"@id\":\"https:\\\/\\\/www.drewnianamagia.pl\\\/#\\\/schema\\\/logo\\\/image\\\/\"},\"sameAs\":[\"https:\\\/\\\/facebook.com\\\/BelasDrewnianaMagia\"]}]}<\/script>\n<!-- \/ Yoast SEO plugin. -->","yoast_head_json":{"title":"Brelok w kszta\u0142cie serca z napisem Kocham Ci\u0119 Mamo - Drewniana Magia","description":"Brelok dla Mamy w kszta\u0142cie serduszka z zamocowan\u0105 metalow\u0105 zawieszk\u0105. Wyra\u017a swoj\u0105 mi\u0142o\u015b\u0107 do ukochanej osoby. Idealny upominek od serca.","robots":{"index":"index","follow":"follow","max-snippet":"max-snippet:-1","max-image-preview":"max-image-preview:large","max-video-preview":"max-video-preview:-1"},"canonical":"https:\/\/www.drewnianamagia.pl\/index.php\/produkt\/brelok-w-ksztalcie-serca-z-napisem-kocham-cie-mamo\/","og_locale":"pl_PL","og_type":"article","og_title":"Brelok w kszta\u0142cie serca z napisem Kocham Ci\u0119 Mamo - Drewniana Magia","og_description":"Brelok dla Mamy w kszta\u0142cie serduszka z zamocowan\u0105 metalow\u0105 zawieszk\u0105. Wyra\u017a swoj\u0105 mi\u0142o\u015b\u0107 do ukochanej osoby. Idealny upominek od serca.","og_url":"https:\/\/www.drewnianamagia.pl\/index.php\/produkt\/brelok-w-ksztalcie-serca-z-napisem-kocham-cie-mamo\/","og_site_name":"Drewniana Magia","article_publisher":"https:\/\/facebook.com\/BelasDrewnianaMagia","article_modified_time":"2026-04-01T16:26:36+00:00","og_image":[{"width":2000,"height":2000,"url":"https:\/\/www.drewnianamagia.pl\/wp-content\/uploads\/2025\/01\/brelok-serce-kocham-cie-mamo.jpg","type":"image\/jpeg"}],"twitter_card":"summary_large_image","twitter_misc":{"Szacowany czas czytania":"1 minuta"},"schema":{"@context":"https:\/\/schema.org","@graph":[{"@type":"WebPage","@id":"https:\/\/www.drewnianamagia.pl\/index.php\/produkt\/brelok-w-ksztalcie-serca-z-napisem-kocham-cie-mamo\/","url":"https:\/\/www.drewnianamagia.pl\/index.php\/produkt\/brelok-w-ksztalcie-serca-z-napisem-kocham-cie-mamo\/","name":"Brelok w kszta\u0142cie serca z napisem Kocham Ci\u0119 Mamo - Drewniana Magia","isPartOf":{"@id":"https:\/\/www.drewnianamagia.pl\/#website"},"primaryImageOfPage":{"@id":"https:\/\/www.drewnianamagia.pl\/index.php\/produkt\/brelok-w-ksztalcie-serca-z-napisem-kocham-cie-mamo\/#primaryimage"},"image":{"@id":"https:\/\/www.drewnianamagia.pl\/index.php\/produkt\/brelok-w-ksztalcie-serca-z-napisem-kocham-cie-mamo\/#primaryimage"},"thumbnailUrl":"https:\/\/www.drewnianamagia.pl\/wp-content\/uploads\/2025\/01\/brelok-serce-kocham-cie-mamo.jpg","datePublished":"2025-01-15T14:30:37+00:00","dateModified":"2026-04-01T16:26:36+00:00","description":"Brelok dla Mamy w kszta\u0142cie serduszka z zamocowan\u0105 metalow\u0105 zawieszk\u0105. Wyra\u017a swoj\u0105 mi\u0142o\u015b\u0107 do ukochanej osoby. Idealny upominek od serca.","breadcrumb":{"@id":"https:\/\/www.drewnianamagia.pl\/index.php\/produkt\/brelok-w-ksztalcie-serca-z-napisem-kocham-cie-mamo\/#breadcrumb"},"inLanguage":"pl-PL","potentialAction":[{"@type":"ReadAction","target":["https:\/\/www.drewnianamagia.pl\/index.php\/produkt\/brelok-w-ksztalcie-serca-z-napisem-kocham-cie-mamo\/"]}]},{"@type":"ImageObject","inLanguage":"pl-PL","@id":"https:\/\/www.drewnianamagia.pl\/index.php\/produkt\/brelok-w-ksztalcie-serca-z-napisem-kocham-cie-mamo\/#primaryimage","url":"https:\/\/www.drewnianamagia.pl\/wp-content\/uploads\/2025\/01\/brelok-serce-kocham-cie-mamo.jpg","contentUrl":"https:\/\/www.drewnianamagia.pl\/wp-content\/uploads\/2025\/01\/brelok-serce-kocham-cie-mamo.jpg","width":2000,"height":2000,"caption":"brelok serce Kocham Ci\u0119 Mamo"},{"@type":"BreadcrumbList","@id":"https:\/\/www.drewnianamagia.pl\/index.php\/produkt\/brelok-w-ksztalcie-serca-z-napisem-kocham-cie-mamo\/#breadcrumb","itemListElement":[{"@type":"ListItem","position":1,"name":"Strona g\u0142\u00f3wna","item":"https:\/\/www.drewnianamagia.pl\/"},{"@type":"ListItem","position":2,"name":"Sklep","item":"https:\/\/www.drewnianamagia.pl\/index.php\/sklep-internetowy-drewnianamagia\/"},{"@type":"ListItem","position":3,"name":"Brelok w kszta\u0142cie serca z napisem Kocham Ci\u0119 Mamo"}]},{"@type":"WebSite","@id":"https:\/\/www.drewnianamagia.pl\/#website","url":"https:\/\/www.drewnianamagia.pl\/","name":"Drewniana Magia","description":"Personalizowane prezenty i dekoracje z drewna i druku 3D, na ka\u017cd\u0105 okazj\u0119 i okoliczno\u015b\u0107. Urodziny, Chrzest, Przyj\u0119cie, \u015awi\u0119ta, \u015alub","publisher":{"@id":"https:\/\/www.drewnianamagia.pl\/#organization"},"potentialAction":[{"@type":"SearchAction","target":{"@type":"EntryPoint","urlTemplate":"https:\/\/www.drewnianamagia.pl\/?s={search_term_string}"},"query-input":{"@type":"PropertyValueSpecification","valueRequired":true,"valueName":"search_term_string"}}],"inLanguage":"pl-PL"},{"@type":"Organization","@id":"https:\/\/www.drewnianamagia.pl\/#organization","name":"Drewniana Magia","url":"https:\/\/www.drewnianamagia.pl\/","logo":{"@type":"ImageObject","inLanguage":"pl-PL","@id":"https:\/\/www.drewnianamagia.pl\/#\/schema\/logo\/image\/","url":"https:\/\/www.drewnianamagia.pl\/wp-content\/uploads\/2024\/02\/cropped-LOGO-DrewnianaMagia-375x188-1.png","contentUrl":"https:\/\/www.drewnianamagia.pl\/wp-content\/uploads\/2024\/02\/cropped-LOGO-DrewnianaMagia-375x188-1.png","width":374,"height":188,"caption":"Drewniana Magia"},"image":{"@id":"https:\/\/www.drewnianamagia.pl\/#\/schema\/logo\/image\/"},"sameAs":["https:\/\/facebook.com\/BelasDrewnianaMagia"]}]}},"_links":{"self":[{"href":"https:\/\/www.drewnianamagia.pl\/index.php\/wp-json\/wp\/v2\/product\/5640","targetHints":{"allow":["GET"]}}],"collection":[{"href":"https:\/\/www.drewnianamagia.pl\/index.php\/wp-json\/wp\/v2\/product"}],"about":[{"href":"https:\/\/www.drewnianamagia.pl\/index.php\/wp-json\/wp\/v2\/types\/product"}],"replies":[{"embeddable":true,"href":"https:\/\/www.drewnianamagia.pl\/index.php\/wp-json\/wp\/v2\/comments?post=5640"}],"wp:featuredmedia":[{"embeddable":true,"href":"https:\/\/www.drewnianamagia.pl\/index.php\/wp-json\/wp\/v2\/media\/5611"}],"wp:attachment":[{"href":"https:\/\/www.drewnianamagia.pl\/index.php\/wp-json\/wp\/v2\/media?parent=5640"}],"wp:term":[{"taxonomy":"product_brand","embeddable":true,"href":"https:\/\/www.drewnianamagia.pl\/index.php\/wp-json\/wp\/v2\/product_brand?post=5640"},{"taxonomy":"product_cat","embeddable":true,"href":"https:\/\/www.drewnianamagia.pl\/index.php\/wp-json\/wp\/v2\/product_cat?post=5640"},{"taxonomy":"product_tag","embeddable":true,"href":"https:\/\/www.drewnianamagia.pl\/index.php\/wp-json\/wp\/v2\/product_tag?post=5640"}],"curies":[{"name":"wp","href":"https:\/\/api.w.org\/{rel}","templated":true}]}}