{"id":554,"date":"2023-09-14T15:26:47","date_gmt":"2023-09-14T13:26:47","guid":{"rendered":"https:\/\/www.drewnianamagia.pl\/?post_type=product&#038;p=554"},"modified":"2026-02-23T16:34:54","modified_gmt":"2026-02-23T15:34:54","slug":"drzewko-3d-personalizowane-wlasne-zyczenia","status":"publish","type":"product","link":"https:\/\/www.drewnianamagia.pl\/index.php\/produkt\/drzewko-3d-personalizowane-wlasne-zyczenia\/","title":{"rendered":"Drzewko 3D personalizowane + w\u0142asne \u017cyczenia &#8211; urodziny, jubileusze, rocznice"},"content":{"rendered":"<h4><strong>Personalizowane drzewko 3d<\/strong> &#8211; wyj\u0105tkowy prezent &#8211; <strong>Jubileusz, urodziny, rocznica<\/strong>.<\/h4>\n<p>Szukasz wyj\u0105tkowego i niezapomnianego prezentu dla solenizanta? Nasze Personalizowane Drzewko 3D to idealny wyb\u00f3r! To niezwyk\u0142e drzewko wykonujemy z wysokiej jako\u015bci sklejki. Pozwala na wygrawerowanie imienia solenizanta, os\u00f3b sk\u0142adaj\u0105cych \u017cyczenia, zmiany sugerowanych \u017cycze\u0144 na dowolnej liczbie serduszek oraz umieszczenia liczb dotycz\u0105cych wieku solenizanta, co sprawia, \u017ce staje si\u0119 ono nie tylko upominkiem, ale r\u00f3wnie\u017c pami\u0105tk\u0105 na lata.<\/p>\n<p><span style=\"color: #000000;\"><strong>Idealny prezent na <span style=\"color: #ff0000;\">ka\u017cde urodziny<\/span> oraz wszelkiego rodzaju <span style=\"color: #ff0000;\">Jubileusze<\/span>.<\/strong><\/span><br \/>\n<span style=\"color: #000000;\">Oryginalny i nieszablonowy.<\/span><br \/>\n<span style=\"color: #000000;\">Sprawdzi si\u0119 zw\u0142aszcza jako prezent z okazji:<\/span><\/p>\n<ul>\n<li><span style=\"color: #ff0000;\">18. urodzin,<\/span><\/li>\n<li><span style=\"color: #ff0000;\">20,30,40,50,60,70,80,90,100 urodzin,<\/span><\/li>\n<li><span style=\"color: #ff0000;\">ka\u017cdych urodzin &#8211; bo przecie\u017c wszystkie mog\u0105 by\u0107 wyj\u0105tkowe \ud83d\ude42<\/span><\/li>\n<li><span style=\"color: #ff0000;\">10,20,30 (itd.).. lecia ma\u0142\u017ce\u0144stwa<\/span><\/li>\n<li><span style=\"color: #ff0000;\">Jubileuszu sta\u017cu pracy<\/span><\/li>\n<\/ul>\n<p><span style=\"color: #000000;\">i wielu innych, do kt\u00f3rych mo\u017cemy dopasowa\u0107 personalizacj\u0119 zgodnie z oczekiwaniem klienta.<\/span><\/p>\n<h5><\/h5>\n<h5><\/h5>\n<h5><\/h5>\n<h5>Wykonanie:<\/h5>\n<p>Do wykonania tej niesamowitej pami\u0105tki u\u017cywamy specjalnego lasera i wysokiej jako\u015bci materia\u0142\u00f3w. Ka\u017cdy produkt wyka\u0144czamy z dba\u0142o\u015bci\u0105 o szczeg\u00f3\u0142y oraz dodatkowo r\u0119cznie szlifujemy ju\u017c po wykonaniu graweru.<\/p>\n<p><strong>G\u0142\u00f3wne cechy produktu:<\/strong><\/p>\n<ol>\n<li><strong>Personalizacja:<\/strong> Nasze drzewko 3D jest pe\u0142ne mo\u017cliwo\u015bci personalizacji. Mo\u017cesz wygrawerowa\u0107 imi\u0119 solenizanta, wygrawerowa\u0107 dowoln\u0105 tre\u015b\u0107 na tablicy, zmieni\u0107 sugerowane \u017cyczenia na serduszkach oraz wybra\u0107 liczby tworz\u0105ce wiek solenizanta, co sprawia, \u017ce staje si\u0119 to niepowtarzalnym prezentem, kt\u00f3ry doceni ka\u017cdy jubilat.<\/li>\n<li><strong>Efekt 3D:<\/strong> To nie tylko p\u0142aski wycinek sklejki. Nasze drzewko tworzy efekt tr\u00f3jwymiarowy, kt\u00f3ry zachwyca swoj\u0105 g\u0142\u0119bi\u0105 i detalem. Na jego koronie umieszczone s\u0105 serduszka z \u017cyczeniami, co dodaje mu uroku i wyj\u0105tkowo\u015bci.<\/li>\n<li><strong>Tablica z Podpisem:<\/strong> Przed drzewkiem znajduje si\u0119 specjalna tablica, na kt\u00f3rej mo\u017cesz umie\u015bci\u0107 dowolny tekst, np. informacj\u0119 o osobie sk\u0142adaj\u0105cej \u017cyczenia. To doskona\u0142y spos\u00f3b, aby zostawi\u0107 sw\u00f3j \u015blad na tej wyj\u0105tkowej pami\u0105tce.<\/li>\n<li><strong>Pole z Imieniem Solenizanta:<\/strong> mo\u017cesz wygrawerowa\u0107 imi\u0119 solenizanta na dedykowanej &#8222;k\u0142odzie&#8221; znajduj\u0105cej si\u0119 przed drzewkiem, co nadaje mu osobisty charakter.<\/li>\n<li><strong>Przestrzenne Cyfry z Wiekiem:<\/strong> Liczba lat solenizanta jest wyra\u017cona za pomoc\u0105 przestrzennych cyfr, kt\u00f3re nadaj\u0105 drzewku unikalny wygl\u0105d.<\/li>\n<li><strong>W\u0142asne \u017cyczenia \/ wpisy:\u00a0<\/strong>Mo\u017cesz zmodyfikowa\u0107 dowolne wpisy na serduszkach, aby Tw\u00f3j prezent by\u0142 jeszcze bardziej indywidualny i wyj\u0105tkowy.<\/li>\n<li><strong>Wielko\u015b\u0107 drzewka:<\/strong> Nasze drzewko jest wi\u0119ksze ni\u017c podobne produkty dost\u0119pne w Internecie. Jego wysoko\u015b\u0107 to a\u017c 28 cm. Dzi\u0119ki czemu ka\u017cdy element jest bardzo czytelny<\/li>\n<\/ol>\n<p>&nbsp;<\/p>\n<p>&nbsp;<\/p>\n<p><img loading=\"lazy\" decoding=\"async\" class=\"aligncenter size-medium wp-image-1904\" src=\"https:\/\/www.drewnianamagia.pl\/wp-content\/uploads\/2024\/02\/drzewko-personalizacja-2-300x300.png\" alt=\"drzewko personalizacja pelna\" width=\"300\" height=\"300\" srcset=\"https:\/\/www.drewnianamagia.pl\/wp-content\/uploads\/2024\/02\/drzewko-personalizacja-2-300x300.png 300w, https:\/\/www.drewnianamagia.pl\/wp-content\/uploads\/2024\/02\/drzewko-personalizacja-2-324x324.png 324w, https:\/\/www.drewnianamagia.pl\/wp-content\/uploads\/2024\/02\/drzewko-personalizacja-2-100x100.png 100w, https:\/\/www.drewnianamagia.pl\/wp-content\/uploads\/2024\/02\/drzewko-personalizacja-2-416x416.png 416w, https:\/\/www.drewnianamagia.pl\/wp-content\/uploads\/2024\/02\/drzewko-personalizacja-2-1024x1024.png 1024w, https:\/\/www.drewnianamagia.pl\/wp-content\/uploads\/2024\/02\/drzewko-personalizacja-2-150x150.png 150w, https:\/\/www.drewnianamagia.pl\/wp-content\/uploads\/2024\/02\/drzewko-personalizacja-2-768x768.png 768w, https:\/\/www.drewnianamagia.pl\/wp-content\/uploads\/2024\/02\/drzewko-personalizacja-2.png 1500w\" sizes=\"auto, (max-width: 300px) 100vw, 300px\" \/><\/p>\n<p>&nbsp;<\/p>\n<p><strong>Dlaczego warto wybra\u0107 nasze Personalizowane Drzewko 3D:<\/strong><\/p>\n<p>To nie tylko prezent, to pami\u0105tka na ca\u0142e \u017cycie. Nasze drzewko 3D to doskona\u0142y spos\u00f3b na wyra\u017cenie swojej mi\u0142o\u015bci i \u017cycze\u0144 solenizantowi w wyj\u0105tkowy spos\u00f3b. To r\u00f3wnie\u017c pi\u0119kna ozdoba, kt\u00f3ra b\u0119dzie ozdabia\u0142a wn\u0119trze przez wiele lat.<\/p>\n<p>Nie czekaj d\u0142u\u017cej! Zam\u00f3w ju\u017c teraz nasze Personalizowane Drzewko 3D i spraw solenizantowi niezapomniane chwile rado\u015bci i wzruszenia. To prezent, kt\u00f3ry doceni ka\u017cdy obdarowany!<\/p>\n<h5><strong>Informacje dodatkowe<\/strong><\/h5>\n<p>Produkt posiada odpowiedni\u0105 konstrukcj\u0119, aby umo\u017cliwi\u0107 jego z\u0142o\u017cenie bez u\u017cycia kleju. Elementy takie jak podstawa, drzewko, tablica, przestrzenne cyfry, plansza z imieniem dostarczane s\u0105 w postaci nie z\u0142o\u017conej w celu unikni\u0119cia uszkodze\u0144 w transporcie. Na wyra\u017ane \u017cyczenie kupuj\u0105cego mo\u017cemy wys\u0142a\u0107 produkt z\u0142o\u017cony (wzmocnimy go w\u00f3wczas dodatkowo klejem &#8211; co nie jest wymagane w przypadku samodzielnego monta\u017cu) &#8211; prosimy umie\u015bci\u0107 tak\u0105 informacj\u0119 w dodatkowej wiadomo\u015bci do sprzedawcy.<\/p>\n<p>Czas realizacji zam\u00f3wienia wynosi 2 &#8211; 3 dni robocze.<\/p>\n<p>&nbsp;<\/p>\n","protected":false},"excerpt":{"rendered":"<p>Spersonalizuj ten wyj\u0105tkowy prezent dodaj\u0105c imi\u0119 solenizanta, notatk\u0119 na tablicy i wybierz liczby symbolizuj\u0105ce wiek jubilata. Wr\u0119cz ten wyj\u0105tkowy przedmiot zamiast zwyk\u0142ej kartki z \u017cyczeniami.<\/p>\n","protected":false},"featured_media":1897,"comment_status":"open","ping_status":"closed","template":"","meta":{"_acf_changed":false},"product_brand":[],"product_cat":[49,92,105,148,96],"product_tag":[54,55,59,64],"class_list":{"0":"post-554","1":"product","2":"type-product","3":"status-publish","4":"has-post-thumbnail","6":"product_cat-dekoracje","7":"product_cat-gadzety","8":"product_cat-rocznice","9":"product_cat-statuetki","10":"product_cat-urodziny-imieniny","11":"product_tag-personalizacja","12":"product_tag-prezent","13":"product_tag-urodziny","14":"product_tag-zyczenia","16":"first","17":"instock","18":"taxable","19":"shipping-taxable","20":"purchasable","21":"product-type-simple"},"acf":[],"yoast_head":"<!-- This site is optimized with the Yoast SEO plugin v27.5 - https:\/\/yoast.com\/product\/yoast-seo-wordpress\/ -->\n<title>Drzewko 3D personalizowane + w\u0142asne \u017cyczenia - urodziny, jubileusze, rocznice - Drewniana Magia<\/title>\n<meta name=\"description\" content=\"Personalizowane drzewko 3d to idealny prezent na urodziny, jubileusz lub rocznic\u0119. Jest wyj\u0105tkowym zamiennikiem kartki z \u017cyczeniami i pi\u0119kn\u0105 ozdob\u0105.\" \/>\n<meta name=\"robots\" content=\"index, follow, max-snippet:-1, max-image-preview:large, max-video-preview:-1\" \/>\n<link rel=\"canonical\" href=\"https:\/\/www.drewnianamagia.pl\/index.php\/produkt\/drzewko-3d-personalizowane-wlasne-zyczenia\/\" \/>\n<meta property=\"og:locale\" content=\"pl_PL\" \/>\n<meta property=\"og:type\" content=\"article\" \/>\n<meta property=\"og:title\" content=\"Drzewko 3D personalizowane + w\u0142asne \u017cyczenia - urodziny, jubileusze, rocznice - Drewniana Magia\" \/>\n<meta property=\"og:description\" content=\"Personalizowane drzewko 3d to idealny prezent na urodziny, jubileusz lub rocznic\u0119. Jest wyj\u0105tkowym zamiennikiem kartki z \u017cyczeniami i pi\u0119kn\u0105 ozdob\u0105.\" \/>\n<meta property=\"og:url\" content=\"https:\/\/www.drewnianamagia.pl\/index.php\/produkt\/drzewko-3d-personalizowane-wlasne-zyczenia\/\" \/>\n<meta property=\"og:site_name\" content=\"Drewniana Magia\" \/>\n<meta property=\"article:publisher\" content=\"https:\/\/facebook.com\/BelasDrewnianaMagia\" \/>\n<meta property=\"article:modified_time\" content=\"2026-02-23T15:34:54+00:00\" \/>\n<meta property=\"og:image\" content=\"https:\/\/www.drewnianamagia.pl\/wp-content\/uploads\/2024\/02\/drzewko-przod-upscale.png\" \/>\n\t<meta property=\"og:image:width\" content=\"1500\" \/>\n\t<meta property=\"og:image:height\" content=\"1500\" \/>\n\t<meta property=\"og:image:type\" content=\"image\/png\" \/>\n<meta name=\"twitter:card\" content=\"summary_large_image\" \/>\n<meta name=\"twitter:label1\" content=\"Szacowany czas czytania\" \/>\n\t<meta name=\"twitter:data1\" content=\"4 minuty\" \/>\n<script type=\"application\/ld+json\" class=\"yoast-schema-graph\">{\"@context\":\"https:\\\/\\\/schema.org\",\"@graph\":[{\"@type\":\"WebPage\",\"@id\":\"https:\\\/\\\/www.drewnianamagia.pl\\\/index.php\\\/produkt\\\/drzewko-3d-personalizowane-wlasne-zyczenia\\\/\",\"url\":\"https:\\\/\\\/www.drewnianamagia.pl\\\/index.php\\\/produkt\\\/drzewko-3d-personalizowane-wlasne-zyczenia\\\/\",\"name\":\"Drzewko 3D personalizowane + w\u0142asne \u017cyczenia - urodziny, jubileusze, rocznice - Drewniana Magia\",\"isPartOf\":{\"@id\":\"https:\\\/\\\/www.drewnianamagia.pl\\\/#website\"},\"primaryImageOfPage\":{\"@id\":\"https:\\\/\\\/www.drewnianamagia.pl\\\/index.php\\\/produkt\\\/drzewko-3d-personalizowane-wlasne-zyczenia\\\/#primaryimage\"},\"image\":{\"@id\":\"https:\\\/\\\/www.drewnianamagia.pl\\\/index.php\\\/produkt\\\/drzewko-3d-personalizowane-wlasne-zyczenia\\\/#primaryimage\"},\"thumbnailUrl\":\"https:\\\/\\\/www.drewnianamagia.pl\\\/wp-content\\\/uploads\\\/2024\\\/02\\\/drzewko-przod-upscale.png\",\"datePublished\":\"2023-09-14T13:26:47+00:00\",\"dateModified\":\"2026-02-23T15:34:54+00:00\",\"description\":\"Personalizowane drzewko 3d to idealny prezent na urodziny, jubileusz lub rocznic\u0119. Jest wyj\u0105tkowym zamiennikiem kartki z \u017cyczeniami i pi\u0119kn\u0105 ozdob\u0105.\",\"breadcrumb\":{\"@id\":\"https:\\\/\\\/www.drewnianamagia.pl\\\/index.php\\\/produkt\\\/drzewko-3d-personalizowane-wlasne-zyczenia\\\/#breadcrumb\"},\"inLanguage\":\"pl-PL\",\"potentialAction\":[{\"@type\":\"ReadAction\",\"target\":[\"https:\\\/\\\/www.drewnianamagia.pl\\\/index.php\\\/produkt\\\/drzewko-3d-personalizowane-wlasne-zyczenia\\\/\"]}]},{\"@type\":\"ImageObject\",\"inLanguage\":\"pl-PL\",\"@id\":\"https:\\\/\\\/www.drewnianamagia.pl\\\/index.php\\\/produkt\\\/drzewko-3d-personalizowane-wlasne-zyczenia\\\/#primaryimage\",\"url\":\"https:\\\/\\\/www.drewnianamagia.pl\\\/wp-content\\\/uploads\\\/2024\\\/02\\\/drzewko-przod-upscale.png\",\"contentUrl\":\"https:\\\/\\\/www.drewnianamagia.pl\\\/wp-content\\\/uploads\\\/2024\\\/02\\\/drzewko-przod-upscale.png\",\"width\":1500,\"height\":1500,\"caption\":\"drzewko urodzinowe\"},{\"@type\":\"BreadcrumbList\",\"@id\":\"https:\\\/\\\/www.drewnianamagia.pl\\\/index.php\\\/produkt\\\/drzewko-3d-personalizowane-wlasne-zyczenia\\\/#breadcrumb\",\"itemListElement\":[{\"@type\":\"ListItem\",\"position\":1,\"name\":\"Strona g\u0142\u00f3wna\",\"item\":\"https:\\\/\\\/www.drewnianamagia.pl\\\/\"},{\"@type\":\"ListItem\",\"position\":2,\"name\":\"Sklep\",\"item\":\"https:\\\/\\\/www.drewnianamagia.pl\\\/index.php\\\/sklep-internetowy-drewnianamagia\\\/\"},{\"@type\":\"ListItem\",\"position\":3,\"name\":\"Drzewko 3D personalizowane + w\u0142asne \u017cyczenia &#8211; urodziny, jubileusze, rocznice\"}]},{\"@type\":\"WebSite\",\"@id\":\"https:\\\/\\\/www.drewnianamagia.pl\\\/#website\",\"url\":\"https:\\\/\\\/www.drewnianamagia.pl\\\/\",\"name\":\"Drewniana Magia\",\"description\":\"Personalizowane prezenty i dekoracje z drewna i druku 3D, na ka\u017cd\u0105 okazj\u0119 i okoliczno\u015b\u0107. Urodziny, Chrzest, Przyj\u0119cie, \u015awi\u0119ta, \u015alub\",\"publisher\":{\"@id\":\"https:\\\/\\\/www.drewnianamagia.pl\\\/#organization\"},\"potentialAction\":[{\"@type\":\"SearchAction\",\"target\":{\"@type\":\"EntryPoint\",\"urlTemplate\":\"https:\\\/\\\/www.drewnianamagia.pl\\\/?s={search_term_string}\"},\"query-input\":{\"@type\":\"PropertyValueSpecification\",\"valueRequired\":true,\"valueName\":\"search_term_string\"}}],\"inLanguage\":\"pl-PL\"},{\"@type\":\"Organization\",\"@id\":\"https:\\\/\\\/www.drewnianamagia.pl\\\/#organization\",\"name\":\"Drewniana Magia\",\"url\":\"https:\\\/\\\/www.drewnianamagia.pl\\\/\",\"logo\":{\"@type\":\"ImageObject\",\"inLanguage\":\"pl-PL\",\"@id\":\"https:\\\/\\\/www.drewnianamagia.pl\\\/#\\\/schema\\\/logo\\\/image\\\/\",\"url\":\"https:\\\/\\\/www.drewnianamagia.pl\\\/wp-content\\\/uploads\\\/2024\\\/02\\\/cropped-LOGO-DrewnianaMagia-375x188-1.png\",\"contentUrl\":\"https:\\\/\\\/www.drewnianamagia.pl\\\/wp-content\\\/uploads\\\/2024\\\/02\\\/cropped-LOGO-DrewnianaMagia-375x188-1.png\",\"width\":374,\"height\":188,\"caption\":\"Drewniana Magia\"},\"image\":{\"@id\":\"https:\\\/\\\/www.drewnianamagia.pl\\\/#\\\/schema\\\/logo\\\/image\\\/\"},\"sameAs\":[\"https:\\\/\\\/facebook.com\\\/BelasDrewnianaMagia\"]}]}<\/script>\n<!-- \/ Yoast SEO plugin. -->","yoast_head_json":{"title":"Drzewko 3D personalizowane + w\u0142asne \u017cyczenia - urodziny, jubileusze, rocznice - Drewniana Magia","description":"Personalizowane drzewko 3d to idealny prezent na urodziny, jubileusz lub rocznic\u0119. Jest wyj\u0105tkowym zamiennikiem kartki z \u017cyczeniami i pi\u0119kn\u0105 ozdob\u0105.","robots":{"index":"index","follow":"follow","max-snippet":"max-snippet:-1","max-image-preview":"max-image-preview:large","max-video-preview":"max-video-preview:-1"},"canonical":"https:\/\/www.drewnianamagia.pl\/index.php\/produkt\/drzewko-3d-personalizowane-wlasne-zyczenia\/","og_locale":"pl_PL","og_type":"article","og_title":"Drzewko 3D personalizowane + w\u0142asne \u017cyczenia - urodziny, jubileusze, rocznice - Drewniana Magia","og_description":"Personalizowane drzewko 3d to idealny prezent na urodziny, jubileusz lub rocznic\u0119. Jest wyj\u0105tkowym zamiennikiem kartki z \u017cyczeniami i pi\u0119kn\u0105 ozdob\u0105.","og_url":"https:\/\/www.drewnianamagia.pl\/index.php\/produkt\/drzewko-3d-personalizowane-wlasne-zyczenia\/","og_site_name":"Drewniana Magia","article_publisher":"https:\/\/facebook.com\/BelasDrewnianaMagia","article_modified_time":"2026-02-23T15:34:54+00:00","og_image":[{"width":1500,"height":1500,"url":"https:\/\/www.drewnianamagia.pl\/wp-content\/uploads\/2024\/02\/drzewko-przod-upscale.png","type":"image\/png"}],"twitter_card":"summary_large_image","twitter_misc":{"Szacowany czas czytania":"4 minuty"},"schema":{"@context":"https:\/\/schema.org","@graph":[{"@type":"WebPage","@id":"https:\/\/www.drewnianamagia.pl\/index.php\/produkt\/drzewko-3d-personalizowane-wlasne-zyczenia\/","url":"https:\/\/www.drewnianamagia.pl\/index.php\/produkt\/drzewko-3d-personalizowane-wlasne-zyczenia\/","name":"Drzewko 3D personalizowane + w\u0142asne \u017cyczenia - urodziny, jubileusze, rocznice - Drewniana Magia","isPartOf":{"@id":"https:\/\/www.drewnianamagia.pl\/#website"},"primaryImageOfPage":{"@id":"https:\/\/www.drewnianamagia.pl\/index.php\/produkt\/drzewko-3d-personalizowane-wlasne-zyczenia\/#primaryimage"},"image":{"@id":"https:\/\/www.drewnianamagia.pl\/index.php\/produkt\/drzewko-3d-personalizowane-wlasne-zyczenia\/#primaryimage"},"thumbnailUrl":"https:\/\/www.drewnianamagia.pl\/wp-content\/uploads\/2024\/02\/drzewko-przod-upscale.png","datePublished":"2023-09-14T13:26:47+00:00","dateModified":"2026-02-23T15:34:54+00:00","description":"Personalizowane drzewko 3d to idealny prezent na urodziny, jubileusz lub rocznic\u0119. Jest wyj\u0105tkowym zamiennikiem kartki z \u017cyczeniami i pi\u0119kn\u0105 ozdob\u0105.","breadcrumb":{"@id":"https:\/\/www.drewnianamagia.pl\/index.php\/produkt\/drzewko-3d-personalizowane-wlasne-zyczenia\/#breadcrumb"},"inLanguage":"pl-PL","potentialAction":[{"@type":"ReadAction","target":["https:\/\/www.drewnianamagia.pl\/index.php\/produkt\/drzewko-3d-personalizowane-wlasne-zyczenia\/"]}]},{"@type":"ImageObject","inLanguage":"pl-PL","@id":"https:\/\/www.drewnianamagia.pl\/index.php\/produkt\/drzewko-3d-personalizowane-wlasne-zyczenia\/#primaryimage","url":"https:\/\/www.drewnianamagia.pl\/wp-content\/uploads\/2024\/02\/drzewko-przod-upscale.png","contentUrl":"https:\/\/www.drewnianamagia.pl\/wp-content\/uploads\/2024\/02\/drzewko-przod-upscale.png","width":1500,"height":1500,"caption":"drzewko urodzinowe"},{"@type":"BreadcrumbList","@id":"https:\/\/www.drewnianamagia.pl\/index.php\/produkt\/drzewko-3d-personalizowane-wlasne-zyczenia\/#breadcrumb","itemListElement":[{"@type":"ListItem","position":1,"name":"Strona g\u0142\u00f3wna","item":"https:\/\/www.drewnianamagia.pl\/"},{"@type":"ListItem","position":2,"name":"Sklep","item":"https:\/\/www.drewnianamagia.pl\/index.php\/sklep-internetowy-drewnianamagia\/"},{"@type":"ListItem","position":3,"name":"Drzewko 3D personalizowane + w\u0142asne \u017cyczenia &#8211; urodziny, jubileusze, rocznice"}]},{"@type":"WebSite","@id":"https:\/\/www.drewnianamagia.pl\/#website","url":"https:\/\/www.drewnianamagia.pl\/","name":"Drewniana Magia","description":"Personalizowane prezenty i dekoracje z drewna i druku 3D, na ka\u017cd\u0105 okazj\u0119 i okoliczno\u015b\u0107. Urodziny, Chrzest, Przyj\u0119cie, \u015awi\u0119ta, \u015alub","publisher":{"@id":"https:\/\/www.drewnianamagia.pl\/#organization"},"potentialAction":[{"@type":"SearchAction","target":{"@type":"EntryPoint","urlTemplate":"https:\/\/www.drewnianamagia.pl\/?s={search_term_string}"},"query-input":{"@type":"PropertyValueSpecification","valueRequired":true,"valueName":"search_term_string"}}],"inLanguage":"pl-PL"},{"@type":"Organization","@id":"https:\/\/www.drewnianamagia.pl\/#organization","name":"Drewniana Magia","url":"https:\/\/www.drewnianamagia.pl\/","logo":{"@type":"ImageObject","inLanguage":"pl-PL","@id":"https:\/\/www.drewnianamagia.pl\/#\/schema\/logo\/image\/","url":"https:\/\/www.drewnianamagia.pl\/wp-content\/uploads\/2024\/02\/cropped-LOGO-DrewnianaMagia-375x188-1.png","contentUrl":"https:\/\/www.drewnianamagia.pl\/wp-content\/uploads\/2024\/02\/cropped-LOGO-DrewnianaMagia-375x188-1.png","width":374,"height":188,"caption":"Drewniana Magia"},"image":{"@id":"https:\/\/www.drewnianamagia.pl\/#\/schema\/logo\/image\/"},"sameAs":["https:\/\/facebook.com\/BelasDrewnianaMagia"]}]}},"_links":{"self":[{"href":"https:\/\/www.drewnianamagia.pl\/index.php\/wp-json\/wp\/v2\/product\/554","targetHints":{"allow":["GET"]}}],"collection":[{"href":"https:\/\/www.drewnianamagia.pl\/index.php\/wp-json\/wp\/v2\/product"}],"about":[{"href":"https:\/\/www.drewnianamagia.pl\/index.php\/wp-json\/wp\/v2\/types\/product"}],"replies":[{"embeddable":true,"href":"https:\/\/www.drewnianamagia.pl\/index.php\/wp-json\/wp\/v2\/comments?post=554"}],"wp:featuredmedia":[{"embeddable":true,"href":"https:\/\/www.drewnianamagia.pl\/index.php\/wp-json\/wp\/v2\/media\/1897"}],"wp:attachment":[{"href":"https:\/\/www.drewnianamagia.pl\/index.php\/wp-json\/wp\/v2\/media?parent=554"}],"wp:term":[{"taxonomy":"product_brand","embeddable":true,"href":"https:\/\/www.drewnianamagia.pl\/index.php\/wp-json\/wp\/v2\/product_brand?post=554"},{"taxonomy":"product_cat","embeddable":true,"href":"https:\/\/www.drewnianamagia.pl\/index.php\/wp-json\/wp\/v2\/product_cat?post=554"},{"taxonomy":"product_tag","embeddable":true,"href":"https:\/\/www.drewnianamagia.pl\/index.php\/wp-json\/wp\/v2\/product_tag?post=554"}],"curies":[{"name":"wp","href":"https:\/\/api.w.org\/{rel}","templated":true}]}}