{"id":5505,"date":"2025-01-09T11:32:28","date_gmt":"2025-01-09T10:32:28","guid":{"rendered":"https:\/\/www.drewnianamagia.pl\/?post_type=product&#038;p=5505"},"modified":"2025-11-25T21:26:27","modified_gmt":"2025-11-25T20:26:27","slug":"krzyz-ojcze-nasz-do-powieszenia","status":"publish","type":"product","link":"https:\/\/www.drewnianamagia.pl\/index.php\/produkt\/krzyz-ojcze-nasz-do-powieszenia\/","title":{"rendered":"Krzy\u017c \u201eOjcze Nasz\u201d do powieszenia"},"content":{"rendered":"<h1 style=\"text-align: center;\"><strong>Krzy\u017c z modlitw\u0105&#8221;Ojcze Nasz&#8221; &#8211; do powieszenia<\/strong><\/h1>\n<p><strong>S\u0142owa modlitwy \u201eOjcze Nasz\u201d, <\/strong>kt\u00f3re tworz\u0105 kszta\u0142t krzy\u017ca s\u0105 wycinane laserowo w sklejce drewnianej o grubo\u015bci ok. 3mm.<\/p>\n<p><strong>R\u0119czne Szlifowanie:<\/strong>\u00a0Ka\u017cdy krzy\u017c starannie r\u0119cznie szlifujemy, co nadaje mu wyj\u0105tkowy, g\u0142adki wygl\u0105d. Kolor naturalnego drewna dodaje ciep\u0142a i harmonii, tworz\u0105c unikalny produkt, kt\u00f3ry mo\u017ce by\u0107 zar\u00f3wno wyrazem wiary, jak i eleganckim elementem dekoracyjnym.<\/p>\n<p><strong>Doskona\u0142y Prezent:<\/strong>\u00a0Drewniany krzy\u017c z modlitw\u0105 \u201eOjcze Nasz\u201d to tak\u017ce doskona\u0142y prezent dla bliskich, b\u0119d\u0105cy wyrazem troski i wsparcia duchowego. Niech stanie si\u0119 inspiracj\u0105 i \u017ar\u00f3d\u0142em si\u0142y dla tych, kt\u00f3rzy go otrzymaj\u0105.<\/p>\n<p><strong>Specyfikacja produktu:<\/strong><\/p>\n<ul>\n<li>wysoko\u015b\u0107: 15,5 cm<\/li>\n<li>szeroko\u015b\u0107: 11 cm<\/li>\n<li>\u015brednica oczka do zawieszenia: 4 mm<\/li>\n<li>r\u0119cznie szlifowany<\/li>\n<li>kolor naturalnego jasnego drewna<\/li>\n<li>nie lakierowany<\/li>\n<\/ul>\n","protected":false},"excerpt":{"rendered":"<p>Krzy\u017c z modlitw\u0105&#8221;Ojcze Nasz&#8221; &#8211; do powieszenia S\u0142owa modlitwy \u201eOjcze Nasz\u201d, kt\u00f3re tworz\u0105 kszta\u0142t krzy\u017ca s\u0105 wycinane laserowo w sklejce drewnianej o grubo\u015bci ok. 3mm. R\u0119czne Szlifowanie:\u00a0Ka\u017cdy krzy\u017c starannie r\u0119cznie szlifujemy, co nadaje mu wyj\u0105tkowy, g\u0142adki wygl\u0105d. Kolor naturalnego drewna dodaje ciep\u0142a i harmonii, tworz\u0105c unikalny produkt, kt\u00f3ry mo\u017ce by\u0107 zar\u00f3wno wyrazem wiary, jak i [&hellip;]<\/p>\n","protected":false},"featured_media":5504,"comment_status":"open","ping_status":"closed","template":"","meta":{"_acf_changed":false},"product_brand":[],"product_cat":[97,49,110],"product_tag":[],"class_list":{"0":"post-5505","1":"product","2":"type-product","3":"status-publish","4":"has-post-thumbnail","6":"product_cat-chrzest-komunia","7":"product_cat-dekoracje","8":"product_cat-dewocjonalia","10":"first","11":"instock","12":"taxable","13":"shipping-taxable","14":"purchasable","15":"product-type-simple"},"acf":[],"yoast_head":"<!-- This site is optimized with the Yoast SEO plugin v27.6 - https:\/\/yoast.com\/product\/yoast-seo-wordpress\/ -->\n<title>Krzy\u017c \u201eOjcze Nasz\u201d do powieszenia - Drewniana Magia<\/title>\n<meta name=\"description\" content=\"Drewniany krzy\u017c z modlitw\u0105 &quot;Ojcze Nasz&quot; w wersji do powieszenia to idealny zamiennik standardowych krzy\u017cy wisz\u0105cych. R\u0119cznie szlifowany.\" \/>\n<meta name=\"robots\" content=\"index, follow, max-snippet:-1, max-image-preview:large, max-video-preview:-1\" \/>\n<link rel=\"canonical\" href=\"https:\/\/www.drewnianamagia.pl\/index.php\/produkt\/krzyz-ojcze-nasz-do-powieszenia\/\" \/>\n<meta property=\"og:locale\" content=\"pl_PL\" \/>\n<meta property=\"og:type\" content=\"article\" \/>\n<meta property=\"og:title\" content=\"Krzy\u017c \u201eOjcze Nasz\u201d do powieszenia - Drewniana Magia\" \/>\n<meta property=\"og:description\" content=\"Drewniany krzy\u017c z modlitw\u0105 &quot;Ojcze Nasz&quot; w wersji do powieszenia to idealny zamiennik standardowych krzy\u017cy wisz\u0105cych. R\u0119cznie szlifowany.\" \/>\n<meta property=\"og:url\" content=\"https:\/\/www.drewnianamagia.pl\/index.php\/produkt\/krzyz-ojcze-nasz-do-powieszenia\/\" \/>\n<meta property=\"og:site_name\" content=\"Drewniana Magia\" \/>\n<meta property=\"article:publisher\" content=\"https:\/\/facebook.com\/BelasDrewnianaMagia\" \/>\n<meta property=\"article:modified_time\" content=\"2025-11-25T20:26:27+00:00\" \/>\n<meta property=\"og:image\" content=\"https:\/\/www.drewnianamagia.pl\/wp-content\/uploads\/2025\/01\/wiszacy-krzyz-Ojcze-Nasz.jpg\" \/>\n\t<meta property=\"og:image:width\" content=\"1181\" \/>\n\t<meta property=\"og:image:height\" content=\"1181\" \/>\n\t<meta property=\"og:image:type\" content=\"image\/jpeg\" \/>\n<meta name=\"twitter:card\" content=\"summary_large_image\" \/>\n<meta name=\"twitter:label1\" content=\"Szacowany czas czytania\" \/>\n\t<meta name=\"twitter:data1\" content=\"1 minuta\" \/>\n<script type=\"application\/ld+json\" class=\"yoast-schema-graph\">{\"@context\":\"https:\\\/\\\/schema.org\",\"@graph\":[{\"@type\":\"WebPage\",\"@id\":\"https:\\\/\\\/www.drewnianamagia.pl\\\/index.php\\\/produkt\\\/krzyz-ojcze-nasz-do-powieszenia\\\/\",\"url\":\"https:\\\/\\\/www.drewnianamagia.pl\\\/index.php\\\/produkt\\\/krzyz-ojcze-nasz-do-powieszenia\\\/\",\"name\":\"Krzy\u017c \u201eOjcze Nasz\u201d do powieszenia - Drewniana Magia\",\"isPartOf\":{\"@id\":\"https:\\\/\\\/www.drewnianamagia.pl\\\/#website\"},\"primaryImageOfPage\":{\"@id\":\"https:\\\/\\\/www.drewnianamagia.pl\\\/index.php\\\/produkt\\\/krzyz-ojcze-nasz-do-powieszenia\\\/#primaryimage\"},\"image\":{\"@id\":\"https:\\\/\\\/www.drewnianamagia.pl\\\/index.php\\\/produkt\\\/krzyz-ojcze-nasz-do-powieszenia\\\/#primaryimage\"},\"thumbnailUrl\":\"https:\\\/\\\/www.drewnianamagia.pl\\\/wp-content\\\/uploads\\\/2025\\\/01\\\/wiszacy-krzyz-Ojcze-Nasz.jpg\",\"datePublished\":\"2025-01-09T10:32:28+00:00\",\"dateModified\":\"2025-11-25T20:26:27+00:00\",\"description\":\"Drewniany krzy\u017c z modlitw\u0105 \\\"Ojcze Nasz\\\" w wersji do powieszenia to idealny zamiennik standardowych krzy\u017cy wisz\u0105cych. R\u0119cznie szlifowany.\",\"breadcrumb\":{\"@id\":\"https:\\\/\\\/www.drewnianamagia.pl\\\/index.php\\\/produkt\\\/krzyz-ojcze-nasz-do-powieszenia\\\/#breadcrumb\"},\"inLanguage\":\"pl-PL\",\"potentialAction\":[{\"@type\":\"ReadAction\",\"target\":[\"https:\\\/\\\/www.drewnianamagia.pl\\\/index.php\\\/produkt\\\/krzyz-ojcze-nasz-do-powieszenia\\\/\"]}]},{\"@type\":\"ImageObject\",\"inLanguage\":\"pl-PL\",\"@id\":\"https:\\\/\\\/www.drewnianamagia.pl\\\/index.php\\\/produkt\\\/krzyz-ojcze-nasz-do-powieszenia\\\/#primaryimage\",\"url\":\"https:\\\/\\\/www.drewnianamagia.pl\\\/wp-content\\\/uploads\\\/2025\\\/01\\\/wiszacy-krzyz-Ojcze-Nasz.jpg\",\"contentUrl\":\"https:\\\/\\\/www.drewnianamagia.pl\\\/wp-content\\\/uploads\\\/2025\\\/01\\\/wiszacy-krzyz-Ojcze-Nasz.jpg\",\"width\":1181,\"height\":1181,\"caption\":\"Krzy\u017c Ojcze Nasz - wisz\u0105cy\"},{\"@type\":\"BreadcrumbList\",\"@id\":\"https:\\\/\\\/www.drewnianamagia.pl\\\/index.php\\\/produkt\\\/krzyz-ojcze-nasz-do-powieszenia\\\/#breadcrumb\",\"itemListElement\":[{\"@type\":\"ListItem\",\"position\":1,\"name\":\"Strona g\u0142\u00f3wna\",\"item\":\"https:\\\/\\\/www.drewnianamagia.pl\\\/\"},{\"@type\":\"ListItem\",\"position\":2,\"name\":\"Sklep\",\"item\":\"https:\\\/\\\/www.drewnianamagia.pl\\\/index.php\\\/sklep-internetowy-drewnianamagia\\\/\"},{\"@type\":\"ListItem\",\"position\":3,\"name\":\"Krzy\u017c \u201eOjcze Nasz\u201d do powieszenia\"}]},{\"@type\":\"WebSite\",\"@id\":\"https:\\\/\\\/www.drewnianamagia.pl\\\/#website\",\"url\":\"https:\\\/\\\/www.drewnianamagia.pl\\\/\",\"name\":\"Drewniana Magia\",\"description\":\"Personalizowane prezenty i dekoracje z drewna i druku 3D, na ka\u017cd\u0105 okazj\u0119 i okoliczno\u015b\u0107. Urodziny, Chrzest, Przyj\u0119cie, \u015awi\u0119ta, \u015alub\",\"publisher\":{\"@id\":\"https:\\\/\\\/www.drewnianamagia.pl\\\/#organization\"},\"potentialAction\":[{\"@type\":\"SearchAction\",\"target\":{\"@type\":\"EntryPoint\",\"urlTemplate\":\"https:\\\/\\\/www.drewnianamagia.pl\\\/?s={search_term_string}\"},\"query-input\":{\"@type\":\"PropertyValueSpecification\",\"valueRequired\":true,\"valueName\":\"search_term_string\"}}],\"inLanguage\":\"pl-PL\"},{\"@type\":\"Organization\",\"@id\":\"https:\\\/\\\/www.drewnianamagia.pl\\\/#organization\",\"name\":\"Drewniana Magia\",\"url\":\"https:\\\/\\\/www.drewnianamagia.pl\\\/\",\"logo\":{\"@type\":\"ImageObject\",\"inLanguage\":\"pl-PL\",\"@id\":\"https:\\\/\\\/www.drewnianamagia.pl\\\/#\\\/schema\\\/logo\\\/image\\\/\",\"url\":\"https:\\\/\\\/www.drewnianamagia.pl\\\/wp-content\\\/uploads\\\/2024\\\/02\\\/cropped-LOGO-DrewnianaMagia-375x188-1.png\",\"contentUrl\":\"https:\\\/\\\/www.drewnianamagia.pl\\\/wp-content\\\/uploads\\\/2024\\\/02\\\/cropped-LOGO-DrewnianaMagia-375x188-1.png\",\"width\":374,\"height\":188,\"caption\":\"Drewniana Magia\"},\"image\":{\"@id\":\"https:\\\/\\\/www.drewnianamagia.pl\\\/#\\\/schema\\\/logo\\\/image\\\/\"},\"sameAs\":[\"https:\\\/\\\/facebook.com\\\/BelasDrewnianaMagia\"]}]}<\/script>\n<!-- \/ Yoast SEO plugin. -->","yoast_head_json":{"title":"Krzy\u017c \u201eOjcze Nasz\u201d do powieszenia - Drewniana Magia","description":"Drewniany krzy\u017c z modlitw\u0105 \"Ojcze Nasz\" w wersji do powieszenia to idealny zamiennik standardowych krzy\u017cy wisz\u0105cych. R\u0119cznie szlifowany.","robots":{"index":"index","follow":"follow","max-snippet":"max-snippet:-1","max-image-preview":"max-image-preview:large","max-video-preview":"max-video-preview:-1"},"canonical":"https:\/\/www.drewnianamagia.pl\/index.php\/produkt\/krzyz-ojcze-nasz-do-powieszenia\/","og_locale":"pl_PL","og_type":"article","og_title":"Krzy\u017c \u201eOjcze Nasz\u201d do powieszenia - Drewniana Magia","og_description":"Drewniany krzy\u017c z modlitw\u0105 \"Ojcze Nasz\" w wersji do powieszenia to idealny zamiennik standardowych krzy\u017cy wisz\u0105cych. R\u0119cznie szlifowany.","og_url":"https:\/\/www.drewnianamagia.pl\/index.php\/produkt\/krzyz-ojcze-nasz-do-powieszenia\/","og_site_name":"Drewniana Magia","article_publisher":"https:\/\/facebook.com\/BelasDrewnianaMagia","article_modified_time":"2025-11-25T20:26:27+00:00","og_image":[{"width":1181,"height":1181,"url":"https:\/\/www.drewnianamagia.pl\/wp-content\/uploads\/2025\/01\/wiszacy-krzyz-Ojcze-Nasz.jpg","type":"image\/jpeg"}],"twitter_card":"summary_large_image","twitter_misc":{"Szacowany czas czytania":"1 minuta"},"schema":{"@context":"https:\/\/schema.org","@graph":[{"@type":"WebPage","@id":"https:\/\/www.drewnianamagia.pl\/index.php\/produkt\/krzyz-ojcze-nasz-do-powieszenia\/","url":"https:\/\/www.drewnianamagia.pl\/index.php\/produkt\/krzyz-ojcze-nasz-do-powieszenia\/","name":"Krzy\u017c \u201eOjcze Nasz\u201d do powieszenia - Drewniana Magia","isPartOf":{"@id":"https:\/\/www.drewnianamagia.pl\/#website"},"primaryImageOfPage":{"@id":"https:\/\/www.drewnianamagia.pl\/index.php\/produkt\/krzyz-ojcze-nasz-do-powieszenia\/#primaryimage"},"image":{"@id":"https:\/\/www.drewnianamagia.pl\/index.php\/produkt\/krzyz-ojcze-nasz-do-powieszenia\/#primaryimage"},"thumbnailUrl":"https:\/\/www.drewnianamagia.pl\/wp-content\/uploads\/2025\/01\/wiszacy-krzyz-Ojcze-Nasz.jpg","datePublished":"2025-01-09T10:32:28+00:00","dateModified":"2025-11-25T20:26:27+00:00","description":"Drewniany krzy\u017c z modlitw\u0105 \"Ojcze Nasz\" w wersji do powieszenia to idealny zamiennik standardowych krzy\u017cy wisz\u0105cych. R\u0119cznie szlifowany.","breadcrumb":{"@id":"https:\/\/www.drewnianamagia.pl\/index.php\/produkt\/krzyz-ojcze-nasz-do-powieszenia\/#breadcrumb"},"inLanguage":"pl-PL","potentialAction":[{"@type":"ReadAction","target":["https:\/\/www.drewnianamagia.pl\/index.php\/produkt\/krzyz-ojcze-nasz-do-powieszenia\/"]}]},{"@type":"ImageObject","inLanguage":"pl-PL","@id":"https:\/\/www.drewnianamagia.pl\/index.php\/produkt\/krzyz-ojcze-nasz-do-powieszenia\/#primaryimage","url":"https:\/\/www.drewnianamagia.pl\/wp-content\/uploads\/2025\/01\/wiszacy-krzyz-Ojcze-Nasz.jpg","contentUrl":"https:\/\/www.drewnianamagia.pl\/wp-content\/uploads\/2025\/01\/wiszacy-krzyz-Ojcze-Nasz.jpg","width":1181,"height":1181,"caption":"Krzy\u017c Ojcze Nasz - wisz\u0105cy"},{"@type":"BreadcrumbList","@id":"https:\/\/www.drewnianamagia.pl\/index.php\/produkt\/krzyz-ojcze-nasz-do-powieszenia\/#breadcrumb","itemListElement":[{"@type":"ListItem","position":1,"name":"Strona g\u0142\u00f3wna","item":"https:\/\/www.drewnianamagia.pl\/"},{"@type":"ListItem","position":2,"name":"Sklep","item":"https:\/\/www.drewnianamagia.pl\/index.php\/sklep-internetowy-drewnianamagia\/"},{"@type":"ListItem","position":3,"name":"Krzy\u017c \u201eOjcze Nasz\u201d do powieszenia"}]},{"@type":"WebSite","@id":"https:\/\/www.drewnianamagia.pl\/#website","url":"https:\/\/www.drewnianamagia.pl\/","name":"Drewniana Magia","description":"Personalizowane prezenty i dekoracje z drewna i druku 3D, na ka\u017cd\u0105 okazj\u0119 i okoliczno\u015b\u0107. Urodziny, Chrzest, Przyj\u0119cie, \u015awi\u0119ta, \u015alub","publisher":{"@id":"https:\/\/www.drewnianamagia.pl\/#organization"},"potentialAction":[{"@type":"SearchAction","target":{"@type":"EntryPoint","urlTemplate":"https:\/\/www.drewnianamagia.pl\/?s={search_term_string}"},"query-input":{"@type":"PropertyValueSpecification","valueRequired":true,"valueName":"search_term_string"}}],"inLanguage":"pl-PL"},{"@type":"Organization","@id":"https:\/\/www.drewnianamagia.pl\/#organization","name":"Drewniana Magia","url":"https:\/\/www.drewnianamagia.pl\/","logo":{"@type":"ImageObject","inLanguage":"pl-PL","@id":"https:\/\/www.drewnianamagia.pl\/#\/schema\/logo\/image\/","url":"https:\/\/www.drewnianamagia.pl\/wp-content\/uploads\/2024\/02\/cropped-LOGO-DrewnianaMagia-375x188-1.png","contentUrl":"https:\/\/www.drewnianamagia.pl\/wp-content\/uploads\/2024\/02\/cropped-LOGO-DrewnianaMagia-375x188-1.png","width":374,"height":188,"caption":"Drewniana Magia"},"image":{"@id":"https:\/\/www.drewnianamagia.pl\/#\/schema\/logo\/image\/"},"sameAs":["https:\/\/facebook.com\/BelasDrewnianaMagia"]}]}},"_links":{"self":[{"href":"https:\/\/www.drewnianamagia.pl\/index.php\/wp-json\/wp\/v2\/product\/5505","targetHints":{"allow":["GET"]}}],"collection":[{"href":"https:\/\/www.drewnianamagia.pl\/index.php\/wp-json\/wp\/v2\/product"}],"about":[{"href":"https:\/\/www.drewnianamagia.pl\/index.php\/wp-json\/wp\/v2\/types\/product"}],"replies":[{"embeddable":true,"href":"https:\/\/www.drewnianamagia.pl\/index.php\/wp-json\/wp\/v2\/comments?post=5505"}],"wp:featuredmedia":[{"embeddable":true,"href":"https:\/\/www.drewnianamagia.pl\/index.php\/wp-json\/wp\/v2\/media\/5504"}],"wp:attachment":[{"href":"https:\/\/www.drewnianamagia.pl\/index.php\/wp-json\/wp\/v2\/media?parent=5505"}],"wp:term":[{"taxonomy":"product_brand","embeddable":true,"href":"https:\/\/www.drewnianamagia.pl\/index.php\/wp-json\/wp\/v2\/product_brand?post=5505"},{"taxonomy":"product_cat","embeddable":true,"href":"https:\/\/www.drewnianamagia.pl\/index.php\/wp-json\/wp\/v2\/product_cat?post=5505"},{"taxonomy":"product_tag","embeddable":true,"href":"https:\/\/www.drewnianamagia.pl\/index.php\/wp-json\/wp\/v2\/product_tag?post=5505"}],"curies":[{"name":"wp","href":"https:\/\/api.w.org\/{rel}","templated":true}]}}