{"id":5487,"date":"2025-01-08T11:51:57","date_gmt":"2025-01-08T10:51:57","guid":{"rendered":"https:\/\/www.drewnianamagia.pl\/?post_type=product&#038;p=5487"},"modified":"2025-01-08T12:08:32","modified_gmt":"2025-01-08T11:08:32","slug":"drewniane-tabliczki-karty-do-zdjec-pierwszy-rok-zycia-dziecka-w2","status":"publish","type":"product","link":"https:\/\/www.drewnianamagia.pl\/index.php\/produkt\/drewniane-tabliczki-karty-do-zdjec-pierwszy-rok-zycia-dziecka-w2\/","title":{"rendered":"Drewniane tabliczki &#8211; karty do zdj\u0119\u0107 &#8211; pierwszy rok \u017cycia dziecka w2"},"content":{"rendered":"<h1 style=\"text-align: center;\"><strong>Drewniane tabliczki &#8211; karty do zdj\u0119\u0107 &#8211; pierwszy rok \u017cycia dziecka.<\/strong><\/h1>\n<p>Odkryj wyj\u0105tkowy spos\u00f3b na uwiecznienie pierwszego roku \u017cycia Twojego dziecka z naszym zestawem 15 Drewnianych Tabliczek do Zdj\u0119\u0107!<\/p>\n<p><strong>Personalizacja:<\/strong><\/p>\n<ul>\n<li><strong>Podaj teksty dla 3 dodatkowych tabliczek<\/strong> (np. Gabry\u015b \/ Witaj na \u015bwiecie \/ Czekamy na Ciebie).<\/li>\n<\/ul>\n<p>Nasz zestaw zawiera 15 pi\u0119knie wykonanych tabliczek (w tym 3 personalizowane), kt\u00f3re towarzyszy\u0107 b\u0119d\u0105 Ci w dokumentowaniu magicznych chwil w \u017cyciu maluszka. W zestawie znajdziesz tabliczki z miesi\u0105cami od 1 do 11, a tak\u017ce wyj\u0105tkow\u0105 tabliczk\u0119 z napisem &#8222;Mam ju\u017c roczek&#8221;. Ponadto, <strong>oferujemy 3 tabliczki, na kt\u00f3rych mo\u017cesz umie\u015bci\u0107 w\u0142asny, spersonalizowany napis<\/strong> &#8211; to doskona\u0142y spos\u00f3b, aby uwieczni\u0107 jeszcze wi\u0119cej wyj\u0105tkowych moment\u00f3w.<\/p>\n<p>Ka\u017cd\u0105 tabliczk\u0119 wykonujemy z wysokiej jako\u015bci sklejki o grubo\u015bci ok 3 mm.\u00a0 \u015arednica ka\u017cdej tabliczki wynosi 9 cm, co sprawia, \u017ce s\u0105 one idealnym rozmiarem do umieszczenia obok swojego male\u0144stwa.<\/p>\n<p>Nasze tabliczki s\u0105 nie tylko funkcjonalne, ale tak\u017ce estetyczne. Po wykonaniu graweru ka\u017cda z nich jest r\u0119cznie szlifowana, aby zapewni\u0107 g\u0142adko\u015b\u0107 powierzchni oraz precyzyjne wyko\u0144czenie.<\/p>\n<p>Uwiecznij magiczne chwile pierwszego roku \u017cycia swojego dziecka dzi\u0119ki naszym Drewnianym Tabliczkom do Zdj\u0119\u0107. To nie tylko praktyczna, ale r\u00f3wnie\u017c emocjonalna pami\u0105tka, kt\u00f3ra b\u0119dzie towarzyszy\u0107 Wam przez lata.<\/p>\n<p>&nbsp;<\/p>\n<p>Zdj\u0119cie g\u0142\u00f3wne jest wizualizacj\u0105. Ka\u017cdy produkt z uwagi na naturalny charakter drewna mo\u017ce mie\u0107 inny odcie\u0144\u00a0 &#8211; dotyczy to drewna jak i samego graweru.<\/p>\n<p>Przyk\u0142ady wykonania graweru w sklejce mo\u017cna zobaczy\u0107<strong> <a href=\"https:\/\/www.drewnianamagia.pl\/index.php\/grawer-przyklady\/\" target=\"_blank\" rel=\"noopener\">TUTAJ<\/a><\/strong><\/p>\n","protected":false},"excerpt":{"rendered":"<p>Drewniane tabliczki &#8211; karty do zdj\u0119\u0107 &#8211; pierwszy rok \u017cycia dziecka. Odkryj wyj\u0105tkowy spos\u00f3b na uwiecznienie pierwszego roku \u017cycia Twojego dziecka z naszym zestawem 15 Drewnianych Tabliczek do Zdj\u0119\u0107! Personalizacja: Podaj teksty dla 3 dodatkowych tabliczek (np. Gabry\u015b \/ Witaj na \u015bwiecie \/ Czekamy na Ciebie). Nasz zestaw zawiera 15 pi\u0119knie wykonanych tabliczek (w tym [&hellip;]<\/p>\n","protected":false},"featured_media":5485,"comment_status":"open","ping_status":"closed","template":"","meta":{"_acf_changed":false},"product_brand":[],"product_cat":[49,92,106],"product_tag":[69,73,54,55],"class_list":{"0":"post-5487","1":"product","2":"type-product","3":"status-publish","4":"has-post-thumbnail","6":"product_cat-dekoracje","7":"product_cat-gadzety","8":"product_cat-narodziny-dziecka","9":"product_tag-dziecko","10":"product_tag-narodziny","11":"product_tag-personalizacja","12":"product_tag-prezent","14":"first","15":"instock","16":"taxable","17":"shipping-taxable","18":"purchasable","19":"product-type-simple"},"acf":[],"yoast_head":"<!-- This site is optimized with the Yoast SEO plugin v27.5 - https:\/\/yoast.com\/product\/yoast-seo-wordpress\/ -->\n<title>Drewniane tabliczki - karty do zdj\u0119\u0107 - pierwszy rok \u017cycia dziecka w2 - Drewniana Magia<\/title>\n<meta name=\"description\" content=\"Tabliczki do zdj\u0119\u0107 - pierwszy rok \u017cycia dziecka. Wyj\u0105tkowy spos\u00f3b na uwiecznienie pierwszego roczku maluszka. Personalizacja.\" \/>\n<meta name=\"robots\" content=\"index, follow, max-snippet:-1, max-image-preview:large, max-video-preview:-1\" \/>\n<link rel=\"canonical\" href=\"https:\/\/www.drewnianamagia.pl\/index.php\/produkt\/drewniane-tabliczki-karty-do-zdjec-pierwszy-rok-zycia-dziecka-w2\/\" \/>\n<meta property=\"og:locale\" content=\"pl_PL\" \/>\n<meta property=\"og:type\" content=\"article\" \/>\n<meta property=\"og:title\" content=\"Drewniane tabliczki - karty do zdj\u0119\u0107 - pierwszy rok \u017cycia dziecka w2 - Drewniana Magia\" \/>\n<meta property=\"og:description\" content=\"Tabliczki do zdj\u0119\u0107 - pierwszy rok \u017cycia dziecka. Wyj\u0105tkowy spos\u00f3b na uwiecznienie pierwszego roczku maluszka. Personalizacja.\" \/>\n<meta property=\"og:url\" content=\"https:\/\/www.drewnianamagia.pl\/index.php\/produkt\/drewniane-tabliczki-karty-do-zdjec-pierwszy-rok-zycia-dziecka-w2\/\" \/>\n<meta property=\"og:site_name\" content=\"Drewniana Magia\" \/>\n<meta property=\"article:publisher\" content=\"https:\/\/facebook.com\/BelasDrewnianaMagia\" \/>\n<meta property=\"article:modified_time\" content=\"2025-01-08T11:08:32+00:00\" \/>\n<meta property=\"og:image\" content=\"https:\/\/www.drewnianamagia.pl\/wp-content\/uploads\/2025\/01\/tabliczki-okragle-do-zdjec-dziecka-pierwszy-roczek.jpg\" \/>\n\t<meta property=\"og:image:width\" content=\"1181\" \/>\n\t<meta property=\"og:image:height\" content=\"1181\" \/>\n\t<meta property=\"og:image:type\" content=\"image\/jpeg\" \/>\n<meta name=\"twitter:card\" content=\"summary_large_image\" \/>\n<meta name=\"twitter:label1\" content=\"Szacowany czas czytania\" \/>\n\t<meta name=\"twitter:data1\" content=\"2 minuty\" \/>\n<script type=\"application\/ld+json\" class=\"yoast-schema-graph\">{\"@context\":\"https:\\\/\\\/schema.org\",\"@graph\":[{\"@type\":\"WebPage\",\"@id\":\"https:\\\/\\\/www.drewnianamagia.pl\\\/index.php\\\/produkt\\\/drewniane-tabliczki-karty-do-zdjec-pierwszy-rok-zycia-dziecka-w2\\\/\",\"url\":\"https:\\\/\\\/www.drewnianamagia.pl\\\/index.php\\\/produkt\\\/drewniane-tabliczki-karty-do-zdjec-pierwszy-rok-zycia-dziecka-w2\\\/\",\"name\":\"Drewniane tabliczki - karty do zdj\u0119\u0107 - pierwszy rok \u017cycia dziecka w2 - Drewniana Magia\",\"isPartOf\":{\"@id\":\"https:\\\/\\\/www.drewnianamagia.pl\\\/#website\"},\"primaryImageOfPage\":{\"@id\":\"https:\\\/\\\/www.drewnianamagia.pl\\\/index.php\\\/produkt\\\/drewniane-tabliczki-karty-do-zdjec-pierwszy-rok-zycia-dziecka-w2\\\/#primaryimage\"},\"image\":{\"@id\":\"https:\\\/\\\/www.drewnianamagia.pl\\\/index.php\\\/produkt\\\/drewniane-tabliczki-karty-do-zdjec-pierwszy-rok-zycia-dziecka-w2\\\/#primaryimage\"},\"thumbnailUrl\":\"https:\\\/\\\/www.drewnianamagia.pl\\\/wp-content\\\/uploads\\\/2025\\\/01\\\/tabliczki-okragle-do-zdjec-dziecka-pierwszy-roczek.jpg\",\"datePublished\":\"2025-01-08T10:51:57+00:00\",\"dateModified\":\"2025-01-08T11:08:32+00:00\",\"description\":\"Tabliczki do zdj\u0119\u0107 - pierwszy rok \u017cycia dziecka. Wyj\u0105tkowy spos\u00f3b na uwiecznienie pierwszego roczku maluszka. Personalizacja.\",\"breadcrumb\":{\"@id\":\"https:\\\/\\\/www.drewnianamagia.pl\\\/index.php\\\/produkt\\\/drewniane-tabliczki-karty-do-zdjec-pierwszy-rok-zycia-dziecka-w2\\\/#breadcrumb\"},\"inLanguage\":\"pl-PL\",\"potentialAction\":[{\"@type\":\"ReadAction\",\"target\":[\"https:\\\/\\\/www.drewnianamagia.pl\\\/index.php\\\/produkt\\\/drewniane-tabliczki-karty-do-zdjec-pierwszy-rok-zycia-dziecka-w2\\\/\"]}]},{\"@type\":\"ImageObject\",\"inLanguage\":\"pl-PL\",\"@id\":\"https:\\\/\\\/www.drewnianamagia.pl\\\/index.php\\\/produkt\\\/drewniane-tabliczki-karty-do-zdjec-pierwszy-rok-zycia-dziecka-w2\\\/#primaryimage\",\"url\":\"https:\\\/\\\/www.drewnianamagia.pl\\\/wp-content\\\/uploads\\\/2025\\\/01\\\/tabliczki-okragle-do-zdjec-dziecka-pierwszy-roczek.jpg\",\"contentUrl\":\"https:\\\/\\\/www.drewnianamagia.pl\\\/wp-content\\\/uploads\\\/2025\\\/01\\\/tabliczki-okragle-do-zdjec-dziecka-pierwszy-roczek.jpg\",\"width\":1181,\"height\":1181,\"caption\":\"drewniane tabliczki do zdj\u0119\u0107 dziecka - pierwszy rok \u017cycia\"},{\"@type\":\"BreadcrumbList\",\"@id\":\"https:\\\/\\\/www.drewnianamagia.pl\\\/index.php\\\/produkt\\\/drewniane-tabliczki-karty-do-zdjec-pierwszy-rok-zycia-dziecka-w2\\\/#breadcrumb\",\"itemListElement\":[{\"@type\":\"ListItem\",\"position\":1,\"name\":\"Strona g\u0142\u00f3wna\",\"item\":\"https:\\\/\\\/www.drewnianamagia.pl\\\/\"},{\"@type\":\"ListItem\",\"position\":2,\"name\":\"Sklep\",\"item\":\"https:\\\/\\\/www.drewnianamagia.pl\\\/index.php\\\/sklep-internetowy-drewnianamagia\\\/\"},{\"@type\":\"ListItem\",\"position\":3,\"name\":\"Drewniane tabliczki &#8211; karty do zdj\u0119\u0107 &#8211; pierwszy rok \u017cycia dziecka w2\"}]},{\"@type\":\"WebSite\",\"@id\":\"https:\\\/\\\/www.drewnianamagia.pl\\\/#website\",\"url\":\"https:\\\/\\\/www.drewnianamagia.pl\\\/\",\"name\":\"Drewniana Magia\",\"description\":\"Personalizowane prezenty i dekoracje z drewna i druku 3D, na ka\u017cd\u0105 okazj\u0119 i okoliczno\u015b\u0107. Urodziny, Chrzest, Przyj\u0119cie, \u015awi\u0119ta, \u015alub\",\"publisher\":{\"@id\":\"https:\\\/\\\/www.drewnianamagia.pl\\\/#organization\"},\"potentialAction\":[{\"@type\":\"SearchAction\",\"target\":{\"@type\":\"EntryPoint\",\"urlTemplate\":\"https:\\\/\\\/www.drewnianamagia.pl\\\/?s={search_term_string}\"},\"query-input\":{\"@type\":\"PropertyValueSpecification\",\"valueRequired\":true,\"valueName\":\"search_term_string\"}}],\"inLanguage\":\"pl-PL\"},{\"@type\":\"Organization\",\"@id\":\"https:\\\/\\\/www.drewnianamagia.pl\\\/#organization\",\"name\":\"Drewniana Magia\",\"url\":\"https:\\\/\\\/www.drewnianamagia.pl\\\/\",\"logo\":{\"@type\":\"ImageObject\",\"inLanguage\":\"pl-PL\",\"@id\":\"https:\\\/\\\/www.drewnianamagia.pl\\\/#\\\/schema\\\/logo\\\/image\\\/\",\"url\":\"https:\\\/\\\/www.drewnianamagia.pl\\\/wp-content\\\/uploads\\\/2024\\\/02\\\/cropped-LOGO-DrewnianaMagia-375x188-1.png\",\"contentUrl\":\"https:\\\/\\\/www.drewnianamagia.pl\\\/wp-content\\\/uploads\\\/2024\\\/02\\\/cropped-LOGO-DrewnianaMagia-375x188-1.png\",\"width\":374,\"height\":188,\"caption\":\"Drewniana Magia\"},\"image\":{\"@id\":\"https:\\\/\\\/www.drewnianamagia.pl\\\/#\\\/schema\\\/logo\\\/image\\\/\"},\"sameAs\":[\"https:\\\/\\\/facebook.com\\\/BelasDrewnianaMagia\"]}]}<\/script>\n<!-- \/ Yoast SEO plugin. -->","yoast_head_json":{"title":"Drewniane tabliczki - karty do zdj\u0119\u0107 - pierwszy rok \u017cycia dziecka w2 - Drewniana Magia","description":"Tabliczki do zdj\u0119\u0107 - pierwszy rok \u017cycia dziecka. Wyj\u0105tkowy spos\u00f3b na uwiecznienie pierwszego roczku maluszka. Personalizacja.","robots":{"index":"index","follow":"follow","max-snippet":"max-snippet:-1","max-image-preview":"max-image-preview:large","max-video-preview":"max-video-preview:-1"},"canonical":"https:\/\/www.drewnianamagia.pl\/index.php\/produkt\/drewniane-tabliczki-karty-do-zdjec-pierwszy-rok-zycia-dziecka-w2\/","og_locale":"pl_PL","og_type":"article","og_title":"Drewniane tabliczki - karty do zdj\u0119\u0107 - pierwszy rok \u017cycia dziecka w2 - Drewniana Magia","og_description":"Tabliczki do zdj\u0119\u0107 - pierwszy rok \u017cycia dziecka. Wyj\u0105tkowy spos\u00f3b na uwiecznienie pierwszego roczku maluszka. Personalizacja.","og_url":"https:\/\/www.drewnianamagia.pl\/index.php\/produkt\/drewniane-tabliczki-karty-do-zdjec-pierwszy-rok-zycia-dziecka-w2\/","og_site_name":"Drewniana Magia","article_publisher":"https:\/\/facebook.com\/BelasDrewnianaMagia","article_modified_time":"2025-01-08T11:08:32+00:00","og_image":[{"width":1181,"height":1181,"url":"https:\/\/www.drewnianamagia.pl\/wp-content\/uploads\/2025\/01\/tabliczki-okragle-do-zdjec-dziecka-pierwszy-roczek.jpg","type":"image\/jpeg"}],"twitter_card":"summary_large_image","twitter_misc":{"Szacowany czas czytania":"2 minuty"},"schema":{"@context":"https:\/\/schema.org","@graph":[{"@type":"WebPage","@id":"https:\/\/www.drewnianamagia.pl\/index.php\/produkt\/drewniane-tabliczki-karty-do-zdjec-pierwszy-rok-zycia-dziecka-w2\/","url":"https:\/\/www.drewnianamagia.pl\/index.php\/produkt\/drewniane-tabliczki-karty-do-zdjec-pierwszy-rok-zycia-dziecka-w2\/","name":"Drewniane tabliczki - karty do zdj\u0119\u0107 - pierwszy rok \u017cycia dziecka w2 - Drewniana Magia","isPartOf":{"@id":"https:\/\/www.drewnianamagia.pl\/#website"},"primaryImageOfPage":{"@id":"https:\/\/www.drewnianamagia.pl\/index.php\/produkt\/drewniane-tabliczki-karty-do-zdjec-pierwszy-rok-zycia-dziecka-w2\/#primaryimage"},"image":{"@id":"https:\/\/www.drewnianamagia.pl\/index.php\/produkt\/drewniane-tabliczki-karty-do-zdjec-pierwszy-rok-zycia-dziecka-w2\/#primaryimage"},"thumbnailUrl":"https:\/\/www.drewnianamagia.pl\/wp-content\/uploads\/2025\/01\/tabliczki-okragle-do-zdjec-dziecka-pierwszy-roczek.jpg","datePublished":"2025-01-08T10:51:57+00:00","dateModified":"2025-01-08T11:08:32+00:00","description":"Tabliczki do zdj\u0119\u0107 - pierwszy rok \u017cycia dziecka. Wyj\u0105tkowy spos\u00f3b na uwiecznienie pierwszego roczku maluszka. Personalizacja.","breadcrumb":{"@id":"https:\/\/www.drewnianamagia.pl\/index.php\/produkt\/drewniane-tabliczki-karty-do-zdjec-pierwszy-rok-zycia-dziecka-w2\/#breadcrumb"},"inLanguage":"pl-PL","potentialAction":[{"@type":"ReadAction","target":["https:\/\/www.drewnianamagia.pl\/index.php\/produkt\/drewniane-tabliczki-karty-do-zdjec-pierwszy-rok-zycia-dziecka-w2\/"]}]},{"@type":"ImageObject","inLanguage":"pl-PL","@id":"https:\/\/www.drewnianamagia.pl\/index.php\/produkt\/drewniane-tabliczki-karty-do-zdjec-pierwszy-rok-zycia-dziecka-w2\/#primaryimage","url":"https:\/\/www.drewnianamagia.pl\/wp-content\/uploads\/2025\/01\/tabliczki-okragle-do-zdjec-dziecka-pierwszy-roczek.jpg","contentUrl":"https:\/\/www.drewnianamagia.pl\/wp-content\/uploads\/2025\/01\/tabliczki-okragle-do-zdjec-dziecka-pierwszy-roczek.jpg","width":1181,"height":1181,"caption":"drewniane tabliczki do zdj\u0119\u0107 dziecka - pierwszy rok \u017cycia"},{"@type":"BreadcrumbList","@id":"https:\/\/www.drewnianamagia.pl\/index.php\/produkt\/drewniane-tabliczki-karty-do-zdjec-pierwszy-rok-zycia-dziecka-w2\/#breadcrumb","itemListElement":[{"@type":"ListItem","position":1,"name":"Strona g\u0142\u00f3wna","item":"https:\/\/www.drewnianamagia.pl\/"},{"@type":"ListItem","position":2,"name":"Sklep","item":"https:\/\/www.drewnianamagia.pl\/index.php\/sklep-internetowy-drewnianamagia\/"},{"@type":"ListItem","position":3,"name":"Drewniane tabliczki &#8211; karty do zdj\u0119\u0107 &#8211; pierwszy rok \u017cycia dziecka w2"}]},{"@type":"WebSite","@id":"https:\/\/www.drewnianamagia.pl\/#website","url":"https:\/\/www.drewnianamagia.pl\/","name":"Drewniana Magia","description":"Personalizowane prezenty i dekoracje z drewna i druku 3D, na ka\u017cd\u0105 okazj\u0119 i okoliczno\u015b\u0107. Urodziny, Chrzest, Przyj\u0119cie, \u015awi\u0119ta, \u015alub","publisher":{"@id":"https:\/\/www.drewnianamagia.pl\/#organization"},"potentialAction":[{"@type":"SearchAction","target":{"@type":"EntryPoint","urlTemplate":"https:\/\/www.drewnianamagia.pl\/?s={search_term_string}"},"query-input":{"@type":"PropertyValueSpecification","valueRequired":true,"valueName":"search_term_string"}}],"inLanguage":"pl-PL"},{"@type":"Organization","@id":"https:\/\/www.drewnianamagia.pl\/#organization","name":"Drewniana Magia","url":"https:\/\/www.drewnianamagia.pl\/","logo":{"@type":"ImageObject","inLanguage":"pl-PL","@id":"https:\/\/www.drewnianamagia.pl\/#\/schema\/logo\/image\/","url":"https:\/\/www.drewnianamagia.pl\/wp-content\/uploads\/2024\/02\/cropped-LOGO-DrewnianaMagia-375x188-1.png","contentUrl":"https:\/\/www.drewnianamagia.pl\/wp-content\/uploads\/2024\/02\/cropped-LOGO-DrewnianaMagia-375x188-1.png","width":374,"height":188,"caption":"Drewniana Magia"},"image":{"@id":"https:\/\/www.drewnianamagia.pl\/#\/schema\/logo\/image\/"},"sameAs":["https:\/\/facebook.com\/BelasDrewnianaMagia"]}]}},"_links":{"self":[{"href":"https:\/\/www.drewnianamagia.pl\/index.php\/wp-json\/wp\/v2\/product\/5487","targetHints":{"allow":["GET"]}}],"collection":[{"href":"https:\/\/www.drewnianamagia.pl\/index.php\/wp-json\/wp\/v2\/product"}],"about":[{"href":"https:\/\/www.drewnianamagia.pl\/index.php\/wp-json\/wp\/v2\/types\/product"}],"replies":[{"embeddable":true,"href":"https:\/\/www.drewnianamagia.pl\/index.php\/wp-json\/wp\/v2\/comments?post=5487"}],"wp:featuredmedia":[{"embeddable":true,"href":"https:\/\/www.drewnianamagia.pl\/index.php\/wp-json\/wp\/v2\/media\/5485"}],"wp:attachment":[{"href":"https:\/\/www.drewnianamagia.pl\/index.php\/wp-json\/wp\/v2\/media?parent=5487"}],"wp:term":[{"taxonomy":"product_brand","embeddable":true,"href":"https:\/\/www.drewnianamagia.pl\/index.php\/wp-json\/wp\/v2\/product_brand?post=5487"},{"taxonomy":"product_cat","embeddable":true,"href":"https:\/\/www.drewnianamagia.pl\/index.php\/wp-json\/wp\/v2\/product_cat?post=5487"},{"taxonomy":"product_tag","embeddable":true,"href":"https:\/\/www.drewnianamagia.pl\/index.php\/wp-json\/wp\/v2\/product_tag?post=5487"}],"curies":[{"name":"wp","href":"https:\/\/api.w.org\/{rel}","templated":true}]}}