{"id":5006,"date":"2024-11-27T12:07:16","date_gmt":"2024-11-27T11:07:16","guid":{"rendered":"https:\/\/www.drewnianamagia.pl\/?post_type=product&#038;p=5006"},"modified":"2025-12-21T13:07:08","modified_gmt":"2025-12-21T12:07:08","slug":"bombka-z-imionami-w-ksztalcie-choinki-v3","status":"publish","type":"product","link":"https:\/\/www.drewnianamagia.pl\/index.php\/produkt\/bombka-z-imionami-w-ksztalcie-choinki-v3\/","title":{"rendered":"Bombka z imionami w kszta\u0142cie choinki v3"},"content":{"rendered":"<h1 class=\"section\" style=\"text-align: center;\"><b>Personalizowana Bombka z imionami w kszta\u0142cie Choinki <\/b><\/h1>\n<h3 class=\"section\" style=\"text-align: center;\"><span style=\"color: #ff0000;\"><b>do 4 imion.<\/b><\/span><\/h3>\n<section class=\"section\">Szukasz wyj\u0105tkowego i spersonalizowanego prezentu na \u015bwi\u0119ta lub inny wyj\u0105tkowy moment w \u017cyciu? Nasza personalizowana bombka z imionami w kszta\u0142cie choinki to idealny wyb\u00f3r.<\/section>\n<section class=\"section\"><strong>Dedykowana specjalnie dla niewielkiej ilo\u015bci imion.<\/strong> Wykonana z wysokiej jako\u015bci sklejki, ta urocza ozdoba nie tylko doda uroku Twoim dekoracjom \u015bwi\u0105tecznym, ale tak\u017ce sprawi, \u017ce Tw\u00f3j prezent b\u0119dzie wyj\u0105tkowy i pe\u0142en znaczenia.\u00a0<\/section>\n<section><\/section>\n<h3 class=\"section\"><b>Personalizacja:<\/b><\/h3>\n<section class=\"section\">\n<div class=\"item item-6\">\n<ul>\n<li>W wiadomo\u015bci do sprzedawcy <strong>podaj s\u0142owa (imiona)<\/strong> z kt\u00f3rych mamy u\u0142o\u017cy\u0107 bombk\u0119.<\/li>\n<li>Rok na dole bombki pod imionami jest opcjonalny &#8211; podaj go r\u00f3wnie\u017c w personalizacji je\u015bli ma zosta\u0107 umieszczony na bombce pod imionami.<\/li>\n<li>Mo\u017cesz poda\u0107 <strong>od 2 do 4 imion<\/strong> (w innych ofertach prezentujemy warianty a\u017c do 15 imion)<\/li>\n<li>Imiona, kt\u00f3re podasz zostan\u0105 przez nas u\u0142o\u017cone w takiej kolejno\u015bci i powi\u0119kszone w taki spos\u00f3b aby tworzy\u0142y jak najbardziej zbli\u017cony kszta\u0142t przypominaj\u0105cy choink\u0119.<\/li>\n<\/ul>\n<p><b style=\"font-size: 1.618em;\">G\u0142\u00f3wne cechy produktu:<\/b><\/p>\n<\/div>\n<\/section>\n<section class=\"section\">\n<div class=\"item item-6\">\n<section class=\"text-item\">\n<ul>\n<li><b>Kszta\u0142t choinki:<\/b>\u00a0Nasza drewniana bombka ma kszta\u0142t choinki, co nadaje jej \u015bwi\u0105teczny urok. Jest to doskona\u0142a ozdoba do zawieszenia na choince lub w innym miejscu, kt\u00f3re chcesz udekorowa\u0107.<\/li>\n<li><strong>Wysoko\u015b\u0107 bombki<\/strong> niezale\u017cnie od ilo\u015bci imion wynosi 9 cm.<\/li>\n<li><b>Personalizacja imion:<\/b> Mo\u017cesz doda\u0107 do niej imiona swoich najbli\u017cszych, tworz\u0105c unikalny element dekoracji. Zaprojektowali\u015bmy bombk\u0119 z my\u015bl\u0105 o osobach, kt\u00f3re chc\u0105 umie\u015bci\u0107 2,3 lub 4 imiona, pomi\u0119dzy kt\u00f3rymi umieszczone s\u0105 kszta\u0142ty \u015bwi\u0105tecznych motyw\u00f3w.<\/li>\n<li><b>Wykonanie najwy\u017cszej jako\u015bci:<\/b> Zawieszk\u0119 wykonujemy z wysokiej jako\u015bci sklejki, co gwarantuje trwa\u0142o\u015b\u0107 i elegancj\u0119. Wycinamy j\u0105 precyzyjnie za pomoc\u0105 lasera, r\u0119cznie wyka\u0144czamy i szlifujemy, dzi\u0119ki czemu ka\u017cdy egzemplarz jest unikatowy.<\/li>\n<li><b>Praktyczna zawieszka:<\/b> Do bombki do\u0142\u0105czamy 20 cm sznurka jutowego, kt\u00f3ry umo\u017cliwia \u0142atwe zawieszenie ozdoby, bez potrzeby stosowania dodatkowych element\u00f3w.<\/li>\n<li><b>Gwiazdka na szczycie:<\/b>\u00a0Nasza drewniana choinka ma umieszczon\u0105 urocz\u0105 gwiazdk\u0105 na szczycie, co dodaje jej wyj\u0105tkowego uroku.<\/li>\n<li><b>Idealny prezent:<\/b>\u00a0Ta personalizowana bombka to doskona\u0142y prezent na \u015bwi\u0119ta, urodziny, rocznice czy inne okazje. To wyj\u0105tkowy spos\u00f3b na wyra\u017cenie swojej mi\u0142o\u015bci i troski o najbli\u017cszych.<\/li>\n<\/ul>\n<p>Nasza drewniana bombka w kszta\u0142cie choinki z imionami to nie tylko ozdoba, ale tak\u017ce wyj\u0105tkowy element, kt\u00f3ry stworzony jest z my\u015bl\u0105 o innych. Wyra\u017a swoje uczucia w wyj\u0105tkowy spos\u00f3b. Zam\u00f3w teraz i podaruj prezent pe\u0142en mi\u0142o\u015bci i magii \u015bwi\u0105t!<\/p>\n<\/section>\n<\/div>\n<\/section>\n<section class=\"section\">\n<div class=\"item item-6\">\n<section class=\"text-item\">Wysoko\u015b\u0107 bombki wynosi 9 cm. Szeroko\u015b\u0107 zale\u017cna jest od d\u0142ugo\u015bci podanych imion i wynika z proporcji tekstu.<\/section>\n<\/div>\n<\/section>\n","protected":false},"excerpt":{"rendered":"<p>Personalizowana Bombka z imionami w kszta\u0142cie Choinki do 4 imion. Szukasz wyj\u0105tkowego i spersonalizowanego prezentu na \u015bwi\u0119ta lub inny wyj\u0105tkowy moment w \u017cyciu? Nasza personalizowana bombka z imionami w kszta\u0142cie choinki to idealny wyb\u00f3r. Dedykowana specjalnie dla niewielkiej ilo\u015bci imion. Wykonana z wysokiej jako\u015bci sklejki, ta urocza ozdoba nie tylko doda uroku Twoim dekoracjom \u015bwi\u0105tecznym, [&hellip;]<\/p>\n","protected":false},"featured_media":5004,"comment_status":"open","ping_status":"closed","template":"","meta":{"_acf_changed":false},"product_brand":[],"product_cat":[151,95,49],"product_tag":[54,55,80,77],"class_list":{"0":"post-5006","1":"product","2":"type-product","3":"status-publish","4":"has-post-thumbnail","6":"product_cat-bombki","7":"product_cat-boze-narodzenie","8":"product_cat-dekoracje","9":"product_tag-personalizacja","10":"product_tag-prezent","11":"product_tag-rodzina","12":"product_tag-swieta","14":"first","15":"instock","16":"taxable","17":"shipping-taxable","18":"purchasable","19":"product-type-simple"},"acf":[],"yoast_head":"<!-- This site is optimized with the Yoast SEO plugin v27.5 - https:\/\/yoast.com\/product\/yoast-seo-wordpress\/ -->\n<title>Bombka z imionami w kszta\u0142cie choinki v3 - Drewniana Magia<\/title>\n<meta name=\"description\" content=\"Bombka z imionami w kszta\u0142cie choinki - do 4 imion, kt\u00f3r\u0105 mo\u017cesz spersonalizowa\u0107 o dowolne 2 - 4 imiona. Wyj\u0105tkowa ozdoba \u015bwi\u0105tecznego drzewka.\" \/>\n<meta name=\"robots\" content=\"index, follow, max-snippet:-1, max-image-preview:large, max-video-preview:-1\" \/>\n<link rel=\"canonical\" href=\"https:\/\/www.drewnianamagia.pl\/index.php\/produkt\/bombka-z-imionami-w-ksztalcie-choinki-v3\/\" \/>\n<meta property=\"og:locale\" content=\"pl_PL\" \/>\n<meta property=\"og:type\" content=\"article\" \/>\n<meta property=\"og:title\" content=\"Bombka z imionami w kszta\u0142cie choinki v3 - Drewniana Magia\" \/>\n<meta property=\"og:description\" content=\"Bombka z imionami w kszta\u0142cie choinki - do 4 imion, kt\u00f3r\u0105 mo\u017cesz spersonalizowa\u0107 o dowolne 2 - 4 imiona. Wyj\u0105tkowa ozdoba \u015bwi\u0105tecznego drzewka.\" \/>\n<meta property=\"og:url\" content=\"https:\/\/www.drewnianamagia.pl\/index.php\/produkt\/bombka-z-imionami-w-ksztalcie-choinki-v3\/\" \/>\n<meta property=\"og:site_name\" content=\"Drewniana Magia\" \/>\n<meta property=\"article:publisher\" content=\"https:\/\/facebook.com\/BelasDrewnianaMagia\" \/>\n<meta property=\"article:modified_time\" content=\"2025-12-21T12:07:08+00:00\" \/>\n<meta property=\"og:image\" content=\"https:\/\/www.drewnianamagia.pl\/wp-content\/uploads\/2024\/11\/bombka-choinka-z-3-4-imionami.png\" \/>\n\t<meta property=\"og:image:width\" content=\"1000\" \/>\n\t<meta property=\"og:image:height\" content=\"1000\" \/>\n\t<meta property=\"og:image:type\" content=\"image\/png\" \/>\n<meta name=\"twitter:card\" content=\"summary_large_image\" \/>\n<meta name=\"twitter:label1\" content=\"Szacowany czas czytania\" \/>\n\t<meta name=\"twitter:data1\" content=\"3 minuty\" \/>\n<script type=\"application\/ld+json\" class=\"yoast-schema-graph\">{\"@context\":\"https:\\\/\\\/schema.org\",\"@graph\":[{\"@type\":\"WebPage\",\"@id\":\"https:\\\/\\\/www.drewnianamagia.pl\\\/index.php\\\/produkt\\\/bombka-z-imionami-w-ksztalcie-choinki-v3\\\/\",\"url\":\"https:\\\/\\\/www.drewnianamagia.pl\\\/index.php\\\/produkt\\\/bombka-z-imionami-w-ksztalcie-choinki-v3\\\/\",\"name\":\"Bombka z imionami w kszta\u0142cie choinki v3 - Drewniana Magia\",\"isPartOf\":{\"@id\":\"https:\\\/\\\/www.drewnianamagia.pl\\\/#website\"},\"primaryImageOfPage\":{\"@id\":\"https:\\\/\\\/www.drewnianamagia.pl\\\/index.php\\\/produkt\\\/bombka-z-imionami-w-ksztalcie-choinki-v3\\\/#primaryimage\"},\"image\":{\"@id\":\"https:\\\/\\\/www.drewnianamagia.pl\\\/index.php\\\/produkt\\\/bombka-z-imionami-w-ksztalcie-choinki-v3\\\/#primaryimage\"},\"thumbnailUrl\":\"https:\\\/\\\/www.drewnianamagia.pl\\\/wp-content\\\/uploads\\\/2024\\\/11\\\/bombka-choinka-z-3-4-imionami.png\",\"datePublished\":\"2024-11-27T11:07:16+00:00\",\"dateModified\":\"2025-12-21T12:07:08+00:00\",\"description\":\"Bombka z imionami w kszta\u0142cie choinki - do 4 imion, kt\u00f3r\u0105 mo\u017cesz spersonalizowa\u0107 o dowolne 2 - 4 imiona. Wyj\u0105tkowa ozdoba \u015bwi\u0105tecznego drzewka.\",\"breadcrumb\":{\"@id\":\"https:\\\/\\\/www.drewnianamagia.pl\\\/index.php\\\/produkt\\\/bombka-z-imionami-w-ksztalcie-choinki-v3\\\/#breadcrumb\"},\"inLanguage\":\"pl-PL\",\"potentialAction\":[{\"@type\":\"ReadAction\",\"target\":[\"https:\\\/\\\/www.drewnianamagia.pl\\\/index.php\\\/produkt\\\/bombka-z-imionami-w-ksztalcie-choinki-v3\\\/\"]}]},{\"@type\":\"ImageObject\",\"inLanguage\":\"pl-PL\",\"@id\":\"https:\\\/\\\/www.drewnianamagia.pl\\\/index.php\\\/produkt\\\/bombka-z-imionami-w-ksztalcie-choinki-v3\\\/#primaryimage\",\"url\":\"https:\\\/\\\/www.drewnianamagia.pl\\\/wp-content\\\/uploads\\\/2024\\\/11\\\/bombka-choinka-z-3-4-imionami.png\",\"contentUrl\":\"https:\\\/\\\/www.drewnianamagia.pl\\\/wp-content\\\/uploads\\\/2024\\\/11\\\/bombka-choinka-z-3-4-imionami.png\",\"width\":1000,\"height\":1000,\"caption\":\"bombka z imionami - choinka\"},{\"@type\":\"BreadcrumbList\",\"@id\":\"https:\\\/\\\/www.drewnianamagia.pl\\\/index.php\\\/produkt\\\/bombka-z-imionami-w-ksztalcie-choinki-v3\\\/#breadcrumb\",\"itemListElement\":[{\"@type\":\"ListItem\",\"position\":1,\"name\":\"Strona g\u0142\u00f3wna\",\"item\":\"https:\\\/\\\/www.drewnianamagia.pl\\\/\"},{\"@type\":\"ListItem\",\"position\":2,\"name\":\"Sklep\",\"item\":\"https:\\\/\\\/www.drewnianamagia.pl\\\/index.php\\\/sklep-internetowy-drewnianamagia\\\/\"},{\"@type\":\"ListItem\",\"position\":3,\"name\":\"Bombka z imionami w kszta\u0142cie choinki v3\"}]},{\"@type\":\"WebSite\",\"@id\":\"https:\\\/\\\/www.drewnianamagia.pl\\\/#website\",\"url\":\"https:\\\/\\\/www.drewnianamagia.pl\\\/\",\"name\":\"Drewniana Magia\",\"description\":\"Personalizowane prezenty i dekoracje z drewna i druku 3D, na ka\u017cd\u0105 okazj\u0119 i okoliczno\u015b\u0107. Urodziny, Chrzest, Przyj\u0119cie, \u015awi\u0119ta, \u015alub\",\"publisher\":{\"@id\":\"https:\\\/\\\/www.drewnianamagia.pl\\\/#organization\"},\"potentialAction\":[{\"@type\":\"SearchAction\",\"target\":{\"@type\":\"EntryPoint\",\"urlTemplate\":\"https:\\\/\\\/www.drewnianamagia.pl\\\/?s={search_term_string}\"},\"query-input\":{\"@type\":\"PropertyValueSpecification\",\"valueRequired\":true,\"valueName\":\"search_term_string\"}}],\"inLanguage\":\"pl-PL\"},{\"@type\":\"Organization\",\"@id\":\"https:\\\/\\\/www.drewnianamagia.pl\\\/#organization\",\"name\":\"Drewniana Magia\",\"url\":\"https:\\\/\\\/www.drewnianamagia.pl\\\/\",\"logo\":{\"@type\":\"ImageObject\",\"inLanguage\":\"pl-PL\",\"@id\":\"https:\\\/\\\/www.drewnianamagia.pl\\\/#\\\/schema\\\/logo\\\/image\\\/\",\"url\":\"https:\\\/\\\/www.drewnianamagia.pl\\\/wp-content\\\/uploads\\\/2024\\\/02\\\/cropped-LOGO-DrewnianaMagia-375x188-1.png\",\"contentUrl\":\"https:\\\/\\\/www.drewnianamagia.pl\\\/wp-content\\\/uploads\\\/2024\\\/02\\\/cropped-LOGO-DrewnianaMagia-375x188-1.png\",\"width\":374,\"height\":188,\"caption\":\"Drewniana Magia\"},\"image\":{\"@id\":\"https:\\\/\\\/www.drewnianamagia.pl\\\/#\\\/schema\\\/logo\\\/image\\\/\"},\"sameAs\":[\"https:\\\/\\\/facebook.com\\\/BelasDrewnianaMagia\"]}]}<\/script>\n<!-- \/ Yoast SEO plugin. -->","yoast_head_json":{"title":"Bombka z imionami w kszta\u0142cie choinki v3 - Drewniana Magia","description":"Bombka z imionami w kszta\u0142cie choinki - do 4 imion, kt\u00f3r\u0105 mo\u017cesz spersonalizowa\u0107 o dowolne 2 - 4 imiona. Wyj\u0105tkowa ozdoba \u015bwi\u0105tecznego drzewka.","robots":{"index":"index","follow":"follow","max-snippet":"max-snippet:-1","max-image-preview":"max-image-preview:large","max-video-preview":"max-video-preview:-1"},"canonical":"https:\/\/www.drewnianamagia.pl\/index.php\/produkt\/bombka-z-imionami-w-ksztalcie-choinki-v3\/","og_locale":"pl_PL","og_type":"article","og_title":"Bombka z imionami w kszta\u0142cie choinki v3 - Drewniana Magia","og_description":"Bombka z imionami w kszta\u0142cie choinki - do 4 imion, kt\u00f3r\u0105 mo\u017cesz spersonalizowa\u0107 o dowolne 2 - 4 imiona. Wyj\u0105tkowa ozdoba \u015bwi\u0105tecznego drzewka.","og_url":"https:\/\/www.drewnianamagia.pl\/index.php\/produkt\/bombka-z-imionami-w-ksztalcie-choinki-v3\/","og_site_name":"Drewniana Magia","article_publisher":"https:\/\/facebook.com\/BelasDrewnianaMagia","article_modified_time":"2025-12-21T12:07:08+00:00","og_image":[{"width":1000,"height":1000,"url":"https:\/\/www.drewnianamagia.pl\/wp-content\/uploads\/2024\/11\/bombka-choinka-z-3-4-imionami.png","type":"image\/png"}],"twitter_card":"summary_large_image","twitter_misc":{"Szacowany czas czytania":"3 minuty"},"schema":{"@context":"https:\/\/schema.org","@graph":[{"@type":"WebPage","@id":"https:\/\/www.drewnianamagia.pl\/index.php\/produkt\/bombka-z-imionami-w-ksztalcie-choinki-v3\/","url":"https:\/\/www.drewnianamagia.pl\/index.php\/produkt\/bombka-z-imionami-w-ksztalcie-choinki-v3\/","name":"Bombka z imionami w kszta\u0142cie choinki v3 - Drewniana Magia","isPartOf":{"@id":"https:\/\/www.drewnianamagia.pl\/#website"},"primaryImageOfPage":{"@id":"https:\/\/www.drewnianamagia.pl\/index.php\/produkt\/bombka-z-imionami-w-ksztalcie-choinki-v3\/#primaryimage"},"image":{"@id":"https:\/\/www.drewnianamagia.pl\/index.php\/produkt\/bombka-z-imionami-w-ksztalcie-choinki-v3\/#primaryimage"},"thumbnailUrl":"https:\/\/www.drewnianamagia.pl\/wp-content\/uploads\/2024\/11\/bombka-choinka-z-3-4-imionami.png","datePublished":"2024-11-27T11:07:16+00:00","dateModified":"2025-12-21T12:07:08+00:00","description":"Bombka z imionami w kszta\u0142cie choinki - do 4 imion, kt\u00f3r\u0105 mo\u017cesz spersonalizowa\u0107 o dowolne 2 - 4 imiona. Wyj\u0105tkowa ozdoba \u015bwi\u0105tecznego drzewka.","breadcrumb":{"@id":"https:\/\/www.drewnianamagia.pl\/index.php\/produkt\/bombka-z-imionami-w-ksztalcie-choinki-v3\/#breadcrumb"},"inLanguage":"pl-PL","potentialAction":[{"@type":"ReadAction","target":["https:\/\/www.drewnianamagia.pl\/index.php\/produkt\/bombka-z-imionami-w-ksztalcie-choinki-v3\/"]}]},{"@type":"ImageObject","inLanguage":"pl-PL","@id":"https:\/\/www.drewnianamagia.pl\/index.php\/produkt\/bombka-z-imionami-w-ksztalcie-choinki-v3\/#primaryimage","url":"https:\/\/www.drewnianamagia.pl\/wp-content\/uploads\/2024\/11\/bombka-choinka-z-3-4-imionami.png","contentUrl":"https:\/\/www.drewnianamagia.pl\/wp-content\/uploads\/2024\/11\/bombka-choinka-z-3-4-imionami.png","width":1000,"height":1000,"caption":"bombka z imionami - choinka"},{"@type":"BreadcrumbList","@id":"https:\/\/www.drewnianamagia.pl\/index.php\/produkt\/bombka-z-imionami-w-ksztalcie-choinki-v3\/#breadcrumb","itemListElement":[{"@type":"ListItem","position":1,"name":"Strona g\u0142\u00f3wna","item":"https:\/\/www.drewnianamagia.pl\/"},{"@type":"ListItem","position":2,"name":"Sklep","item":"https:\/\/www.drewnianamagia.pl\/index.php\/sklep-internetowy-drewnianamagia\/"},{"@type":"ListItem","position":3,"name":"Bombka z imionami w kszta\u0142cie choinki v3"}]},{"@type":"WebSite","@id":"https:\/\/www.drewnianamagia.pl\/#website","url":"https:\/\/www.drewnianamagia.pl\/","name":"Drewniana Magia","description":"Personalizowane prezenty i dekoracje z drewna i druku 3D, na ka\u017cd\u0105 okazj\u0119 i okoliczno\u015b\u0107. Urodziny, Chrzest, Przyj\u0119cie, \u015awi\u0119ta, \u015alub","publisher":{"@id":"https:\/\/www.drewnianamagia.pl\/#organization"},"potentialAction":[{"@type":"SearchAction","target":{"@type":"EntryPoint","urlTemplate":"https:\/\/www.drewnianamagia.pl\/?s={search_term_string}"},"query-input":{"@type":"PropertyValueSpecification","valueRequired":true,"valueName":"search_term_string"}}],"inLanguage":"pl-PL"},{"@type":"Organization","@id":"https:\/\/www.drewnianamagia.pl\/#organization","name":"Drewniana Magia","url":"https:\/\/www.drewnianamagia.pl\/","logo":{"@type":"ImageObject","inLanguage":"pl-PL","@id":"https:\/\/www.drewnianamagia.pl\/#\/schema\/logo\/image\/","url":"https:\/\/www.drewnianamagia.pl\/wp-content\/uploads\/2024\/02\/cropped-LOGO-DrewnianaMagia-375x188-1.png","contentUrl":"https:\/\/www.drewnianamagia.pl\/wp-content\/uploads\/2024\/02\/cropped-LOGO-DrewnianaMagia-375x188-1.png","width":374,"height":188,"caption":"Drewniana Magia"},"image":{"@id":"https:\/\/www.drewnianamagia.pl\/#\/schema\/logo\/image\/"},"sameAs":["https:\/\/facebook.com\/BelasDrewnianaMagia"]}]}},"_links":{"self":[{"href":"https:\/\/www.drewnianamagia.pl\/index.php\/wp-json\/wp\/v2\/product\/5006","targetHints":{"allow":["GET"]}}],"collection":[{"href":"https:\/\/www.drewnianamagia.pl\/index.php\/wp-json\/wp\/v2\/product"}],"about":[{"href":"https:\/\/www.drewnianamagia.pl\/index.php\/wp-json\/wp\/v2\/types\/product"}],"replies":[{"embeddable":true,"href":"https:\/\/www.drewnianamagia.pl\/index.php\/wp-json\/wp\/v2\/comments?post=5006"}],"wp:featuredmedia":[{"embeddable":true,"href":"https:\/\/www.drewnianamagia.pl\/index.php\/wp-json\/wp\/v2\/media\/5004"}],"wp:attachment":[{"href":"https:\/\/www.drewnianamagia.pl\/index.php\/wp-json\/wp\/v2\/media?parent=5006"}],"wp:term":[{"taxonomy":"product_brand","embeddable":true,"href":"https:\/\/www.drewnianamagia.pl\/index.php\/wp-json\/wp\/v2\/product_brand?post=5006"},{"taxonomy":"product_cat","embeddable":true,"href":"https:\/\/www.drewnianamagia.pl\/index.php\/wp-json\/wp\/v2\/product_cat?post=5006"},{"taxonomy":"product_tag","embeddable":true,"href":"https:\/\/www.drewnianamagia.pl\/index.php\/wp-json\/wp\/v2\/product_tag?post=5006"}],"curies":[{"name":"wp","href":"https:\/\/api.w.org\/{rel}","templated":true}]}}