{"id":4937,"date":"2024-11-20T15:02:38","date_gmt":"2024-11-20T14:02:38","guid":{"rendered":"https:\/\/www.drewnianamagia.pl\/?post_type=product&#038;p=4937"},"modified":"2025-12-16T21:37:50","modified_gmt":"2025-12-16T20:37:50","slug":"list-powitalny-personalizowany-akcesoria-elf-psotnik","status":"publish","type":"product","link":"https:\/\/www.drewnianamagia.pl\/index.php\/produkt\/list-powitalny-personalizowany-akcesoria-elf-psotnik\/","title":{"rendered":"List powitalny personalizowany &#8211; akcesoria Elfa"},"content":{"rendered":"<p style=\"text-align: center;\"><strong>Powitalny list od Elfa Psotnika &#8211; personalizowany<\/strong><\/p>\n<p>Pojawienie si\u0119 Elfa to wa\u017cne wydarzenie. List od Elfa pozwoli nakre\u015bli\u0107 jego zamiary i personalnie zwr\u00f3ci\u0107 si\u0119 do osoby lub os\u00f3b, na kt\u00f3re Psotnik b\u0119dzie bacznie spogl\u0105da\u0142.<\/p>\n<p><strong>List podlega pe\u0142nej personalizacji<\/strong>. Daj nam zna\u0107 do kogo ma by\u0107 adresowany. Mo\u017cesz te\u017c poda\u0107 w\u0142asn\u0105 tre\u015b\u0107 je\u015bli chcesz.<\/p>\n<p>Oferta dotyczy samego listu bez Elfa widocznego na kolejnych zdj\u0119ciach.<\/p>\n<p>parametry produktu:<\/p>\n<ul>\n<li>materia\u0142 &#8211; wysokiej jako\u015bci sklejka<\/li>\n<li>grawer laserowy<\/li>\n<li>szeroko\u015b\u0107: 25 cm<\/li>\n<li>wysoko\u015b\u0107: 14 cm<\/li>\n<li>grubo\u015b\u0107: ok. 3mm<\/li>\n<li>produkt r\u0119cznie szlifowany<\/li>\n<\/ul>\n<p><strong>Figurka Elfa Psotnika widoczna na zdj\u0119ciach <span style=\"color: #ff0000;\">nie znajduje si\u0119<\/span> w zestawie<\/strong><\/p>\n","protected":false},"excerpt":{"rendered":"<p>Powitalny list od Elfa Psotnika &#8211; personalizowany Pojawienie si\u0119 Elfa to wa\u017cne wydarzenie. List od Elfa pozwoli nakre\u015bli\u0107 jego zamiary i personalnie zwr\u00f3ci\u0107 si\u0119 do osoby lub os\u00f3b, na kt\u00f3re Psotnik b\u0119dzie bacznie spogl\u0105da\u0142. List podlega pe\u0142nej personalizacji. Daj nam zna\u0107 do kogo ma by\u0107 adresowany. Mo\u017cesz te\u017c poda\u0107 w\u0142asn\u0105 tre\u015b\u0107 je\u015bli chcesz. Oferta dotyczy [&hellip;]<\/p>\n","protected":false},"featured_media":4916,"comment_status":"open","ping_status":"closed","template":"","meta":{"_acf_changed":false},"product_brand":[],"product_cat":[152],"product_tag":[156,154,155],"class_list":{"0":"post-4937","1":"product","2":"type-product","3":"status-publish","4":"has-post-thumbnail","6":"product_cat-elf-psotnik","7":"product_tag-boze-narodzenie","8":"product_tag-elf-on-the-shelf","9":"product_tag-elf-psotnik","11":"first","12":"instock","13":"taxable","14":"shipping-taxable","15":"purchasable","16":"product-type-simple"},"acf":[],"yoast_head":"<!-- This site is optimized with the Yoast SEO plugin v27.5 - https:\/\/yoast.com\/product\/yoast-seo-wordpress\/ -->\n<title>List powitalny personalizowany - akcesoria Elfa - Drewniana Magia<\/title>\n<meta name=\"description\" content=\"Powitalny list od Elfa psotnika to doskona\u0142y spos\u00f3b na wyja\u015bnienie zamiar\u00f3w jego wizyty w domu oraz personalne zwr\u00f3cenie si\u0119 do jego mieszka\u0144c\u00f3w.\" \/>\n<meta name=\"robots\" content=\"index, follow, max-snippet:-1, max-image-preview:large, max-video-preview:-1\" \/>\n<link rel=\"canonical\" href=\"https:\/\/www.drewnianamagia.pl\/index.php\/produkt\/list-powitalny-personalizowany-akcesoria-elf-psotnik\/\" \/>\n<meta property=\"og:locale\" content=\"pl_PL\" \/>\n<meta property=\"og:type\" content=\"article\" \/>\n<meta property=\"og:title\" content=\"List powitalny personalizowany - akcesoria Elfa - Drewniana Magia\" \/>\n<meta property=\"og:description\" content=\"Powitalny list od Elfa psotnika to doskona\u0142y spos\u00f3b na wyja\u015bnienie zamiar\u00f3w jego wizyty w domu oraz personalne zwr\u00f3cenie si\u0119 do jego mieszka\u0144c\u00f3w.\" \/>\n<meta property=\"og:url\" content=\"https:\/\/www.drewnianamagia.pl\/index.php\/produkt\/list-powitalny-personalizowany-akcesoria-elf-psotnik\/\" \/>\n<meta property=\"og:site_name\" content=\"Drewniana Magia\" \/>\n<meta property=\"article:publisher\" content=\"https:\/\/facebook.com\/BelasDrewnianaMagia\" \/>\n<meta property=\"article:modified_time\" content=\"2025-12-16T20:37:50+00:00\" \/>\n<meta property=\"og:image\" content=\"https:\/\/www.drewnianamagia.pl\/wp-content\/uploads\/2024\/11\/List-Elfa-1-1024x1024.png\" \/>\n\t<meta property=\"og:image:width\" content=\"1024\" \/>\n\t<meta property=\"og:image:height\" content=\"1024\" \/>\n\t<meta property=\"og:image:type\" content=\"image\/png\" \/>\n<meta name=\"twitter:card\" content=\"summary_large_image\" \/>\n<meta name=\"twitter:label1\" content=\"Szacowany czas czytania\" \/>\n\t<meta name=\"twitter:data1\" content=\"1 minuta\" \/>\n<script type=\"application\/ld+json\" class=\"yoast-schema-graph\">{\"@context\":\"https:\\\/\\\/schema.org\",\"@graph\":[{\"@type\":\"WebPage\",\"@id\":\"https:\\\/\\\/www.drewnianamagia.pl\\\/index.php\\\/produkt\\\/list-powitalny-personalizowany-akcesoria-elf-psotnik\\\/\",\"url\":\"https:\\\/\\\/www.drewnianamagia.pl\\\/index.php\\\/produkt\\\/list-powitalny-personalizowany-akcesoria-elf-psotnik\\\/\",\"name\":\"List powitalny personalizowany - akcesoria Elfa - Drewniana Magia\",\"isPartOf\":{\"@id\":\"https:\\\/\\\/www.drewnianamagia.pl\\\/#website\"},\"primaryImageOfPage\":{\"@id\":\"https:\\\/\\\/www.drewnianamagia.pl\\\/index.php\\\/produkt\\\/list-powitalny-personalizowany-akcesoria-elf-psotnik\\\/#primaryimage\"},\"image\":{\"@id\":\"https:\\\/\\\/www.drewnianamagia.pl\\\/index.php\\\/produkt\\\/list-powitalny-personalizowany-akcesoria-elf-psotnik\\\/#primaryimage\"},\"thumbnailUrl\":\"https:\\\/\\\/www.drewnianamagia.pl\\\/wp-content\\\/uploads\\\/2024\\\/11\\\/List-Elfa-1.png\",\"datePublished\":\"2024-11-20T14:02:38+00:00\",\"dateModified\":\"2025-12-16T20:37:50+00:00\",\"description\":\"Powitalny list od Elfa psotnika to doskona\u0142y spos\u00f3b na wyja\u015bnienie zamiar\u00f3w jego wizyty w domu oraz personalne zwr\u00f3cenie si\u0119 do jego mieszka\u0144c\u00f3w.\",\"breadcrumb\":{\"@id\":\"https:\\\/\\\/www.drewnianamagia.pl\\\/index.php\\\/produkt\\\/list-powitalny-personalizowany-akcesoria-elf-psotnik\\\/#breadcrumb\"},\"inLanguage\":\"pl-PL\",\"potentialAction\":[{\"@type\":\"ReadAction\",\"target\":[\"https:\\\/\\\/www.drewnianamagia.pl\\\/index.php\\\/produkt\\\/list-powitalny-personalizowany-akcesoria-elf-psotnik\\\/\"]}]},{\"@type\":\"ImageObject\",\"inLanguage\":\"pl-PL\",\"@id\":\"https:\\\/\\\/www.drewnianamagia.pl\\\/index.php\\\/produkt\\\/list-powitalny-personalizowany-akcesoria-elf-psotnik\\\/#primaryimage\",\"url\":\"https:\\\/\\\/www.drewnianamagia.pl\\\/wp-content\\\/uploads\\\/2024\\\/11\\\/List-Elfa-1.png\",\"contentUrl\":\"https:\\\/\\\/www.drewnianamagia.pl\\\/wp-content\\\/uploads\\\/2024\\\/11\\\/List-Elfa-1.png\",\"width\":2000,\"height\":2000,\"caption\":\"list powitalny od elfa\"},{\"@type\":\"BreadcrumbList\",\"@id\":\"https:\\\/\\\/www.drewnianamagia.pl\\\/index.php\\\/produkt\\\/list-powitalny-personalizowany-akcesoria-elf-psotnik\\\/#breadcrumb\",\"itemListElement\":[{\"@type\":\"ListItem\",\"position\":1,\"name\":\"Strona g\u0142\u00f3wna\",\"item\":\"https:\\\/\\\/www.drewnianamagia.pl\\\/\"},{\"@type\":\"ListItem\",\"position\":2,\"name\":\"Sklep\",\"item\":\"https:\\\/\\\/www.drewnianamagia.pl\\\/index.php\\\/sklep-internetowy-drewnianamagia\\\/\"},{\"@type\":\"ListItem\",\"position\":3,\"name\":\"List powitalny personalizowany &#8211; akcesoria Elfa\"}]},{\"@type\":\"WebSite\",\"@id\":\"https:\\\/\\\/www.drewnianamagia.pl\\\/#website\",\"url\":\"https:\\\/\\\/www.drewnianamagia.pl\\\/\",\"name\":\"Drewniana Magia\",\"description\":\"Personalizowane prezenty i dekoracje z drewna i druku 3D, na ka\u017cd\u0105 okazj\u0119 i okoliczno\u015b\u0107. Urodziny, Chrzest, Przyj\u0119cie, \u015awi\u0119ta, \u015alub\",\"publisher\":{\"@id\":\"https:\\\/\\\/www.drewnianamagia.pl\\\/#organization\"},\"potentialAction\":[{\"@type\":\"SearchAction\",\"target\":{\"@type\":\"EntryPoint\",\"urlTemplate\":\"https:\\\/\\\/www.drewnianamagia.pl\\\/?s={search_term_string}\"},\"query-input\":{\"@type\":\"PropertyValueSpecification\",\"valueRequired\":true,\"valueName\":\"search_term_string\"}}],\"inLanguage\":\"pl-PL\"},{\"@type\":\"Organization\",\"@id\":\"https:\\\/\\\/www.drewnianamagia.pl\\\/#organization\",\"name\":\"Drewniana Magia\",\"url\":\"https:\\\/\\\/www.drewnianamagia.pl\\\/\",\"logo\":{\"@type\":\"ImageObject\",\"inLanguage\":\"pl-PL\",\"@id\":\"https:\\\/\\\/www.drewnianamagia.pl\\\/#\\\/schema\\\/logo\\\/image\\\/\",\"url\":\"https:\\\/\\\/www.drewnianamagia.pl\\\/wp-content\\\/uploads\\\/2024\\\/02\\\/cropped-LOGO-DrewnianaMagia-375x188-1.png\",\"contentUrl\":\"https:\\\/\\\/www.drewnianamagia.pl\\\/wp-content\\\/uploads\\\/2024\\\/02\\\/cropped-LOGO-DrewnianaMagia-375x188-1.png\",\"width\":374,\"height\":188,\"caption\":\"Drewniana Magia\"},\"image\":{\"@id\":\"https:\\\/\\\/www.drewnianamagia.pl\\\/#\\\/schema\\\/logo\\\/image\\\/\"},\"sameAs\":[\"https:\\\/\\\/facebook.com\\\/BelasDrewnianaMagia\"]}]}<\/script>\n<!-- \/ Yoast SEO plugin. -->","yoast_head_json":{"title":"List powitalny personalizowany - akcesoria Elfa - Drewniana Magia","description":"Powitalny list od Elfa psotnika to doskona\u0142y spos\u00f3b na wyja\u015bnienie zamiar\u00f3w jego wizyty w domu oraz personalne zwr\u00f3cenie si\u0119 do jego mieszka\u0144c\u00f3w.","robots":{"index":"index","follow":"follow","max-snippet":"max-snippet:-1","max-image-preview":"max-image-preview:large","max-video-preview":"max-video-preview:-1"},"canonical":"https:\/\/www.drewnianamagia.pl\/index.php\/produkt\/list-powitalny-personalizowany-akcesoria-elf-psotnik\/","og_locale":"pl_PL","og_type":"article","og_title":"List powitalny personalizowany - akcesoria Elfa - Drewniana Magia","og_description":"Powitalny list od Elfa psotnika to doskona\u0142y spos\u00f3b na wyja\u015bnienie zamiar\u00f3w jego wizyty w domu oraz personalne zwr\u00f3cenie si\u0119 do jego mieszka\u0144c\u00f3w.","og_url":"https:\/\/www.drewnianamagia.pl\/index.php\/produkt\/list-powitalny-personalizowany-akcesoria-elf-psotnik\/","og_site_name":"Drewniana Magia","article_publisher":"https:\/\/facebook.com\/BelasDrewnianaMagia","article_modified_time":"2025-12-16T20:37:50+00:00","og_image":[{"width":1024,"height":1024,"url":"https:\/\/www.drewnianamagia.pl\/wp-content\/uploads\/2024\/11\/List-Elfa-1-1024x1024.png","type":"image\/png"}],"twitter_card":"summary_large_image","twitter_misc":{"Szacowany czas czytania":"1 minuta"},"schema":{"@context":"https:\/\/schema.org","@graph":[{"@type":"WebPage","@id":"https:\/\/www.drewnianamagia.pl\/index.php\/produkt\/list-powitalny-personalizowany-akcesoria-elf-psotnik\/","url":"https:\/\/www.drewnianamagia.pl\/index.php\/produkt\/list-powitalny-personalizowany-akcesoria-elf-psotnik\/","name":"List powitalny personalizowany - akcesoria Elfa - Drewniana Magia","isPartOf":{"@id":"https:\/\/www.drewnianamagia.pl\/#website"},"primaryImageOfPage":{"@id":"https:\/\/www.drewnianamagia.pl\/index.php\/produkt\/list-powitalny-personalizowany-akcesoria-elf-psotnik\/#primaryimage"},"image":{"@id":"https:\/\/www.drewnianamagia.pl\/index.php\/produkt\/list-powitalny-personalizowany-akcesoria-elf-psotnik\/#primaryimage"},"thumbnailUrl":"https:\/\/www.drewnianamagia.pl\/wp-content\/uploads\/2024\/11\/List-Elfa-1.png","datePublished":"2024-11-20T14:02:38+00:00","dateModified":"2025-12-16T20:37:50+00:00","description":"Powitalny list od Elfa psotnika to doskona\u0142y spos\u00f3b na wyja\u015bnienie zamiar\u00f3w jego wizyty w domu oraz personalne zwr\u00f3cenie si\u0119 do jego mieszka\u0144c\u00f3w.","breadcrumb":{"@id":"https:\/\/www.drewnianamagia.pl\/index.php\/produkt\/list-powitalny-personalizowany-akcesoria-elf-psotnik\/#breadcrumb"},"inLanguage":"pl-PL","potentialAction":[{"@type":"ReadAction","target":["https:\/\/www.drewnianamagia.pl\/index.php\/produkt\/list-powitalny-personalizowany-akcesoria-elf-psotnik\/"]}]},{"@type":"ImageObject","inLanguage":"pl-PL","@id":"https:\/\/www.drewnianamagia.pl\/index.php\/produkt\/list-powitalny-personalizowany-akcesoria-elf-psotnik\/#primaryimage","url":"https:\/\/www.drewnianamagia.pl\/wp-content\/uploads\/2024\/11\/List-Elfa-1.png","contentUrl":"https:\/\/www.drewnianamagia.pl\/wp-content\/uploads\/2024\/11\/List-Elfa-1.png","width":2000,"height":2000,"caption":"list powitalny od elfa"},{"@type":"BreadcrumbList","@id":"https:\/\/www.drewnianamagia.pl\/index.php\/produkt\/list-powitalny-personalizowany-akcesoria-elf-psotnik\/#breadcrumb","itemListElement":[{"@type":"ListItem","position":1,"name":"Strona g\u0142\u00f3wna","item":"https:\/\/www.drewnianamagia.pl\/"},{"@type":"ListItem","position":2,"name":"Sklep","item":"https:\/\/www.drewnianamagia.pl\/index.php\/sklep-internetowy-drewnianamagia\/"},{"@type":"ListItem","position":3,"name":"List powitalny personalizowany &#8211; akcesoria Elfa"}]},{"@type":"WebSite","@id":"https:\/\/www.drewnianamagia.pl\/#website","url":"https:\/\/www.drewnianamagia.pl\/","name":"Drewniana Magia","description":"Personalizowane prezenty i dekoracje z drewna i druku 3D, na ka\u017cd\u0105 okazj\u0119 i okoliczno\u015b\u0107. Urodziny, Chrzest, Przyj\u0119cie, \u015awi\u0119ta, \u015alub","publisher":{"@id":"https:\/\/www.drewnianamagia.pl\/#organization"},"potentialAction":[{"@type":"SearchAction","target":{"@type":"EntryPoint","urlTemplate":"https:\/\/www.drewnianamagia.pl\/?s={search_term_string}"},"query-input":{"@type":"PropertyValueSpecification","valueRequired":true,"valueName":"search_term_string"}}],"inLanguage":"pl-PL"},{"@type":"Organization","@id":"https:\/\/www.drewnianamagia.pl\/#organization","name":"Drewniana Magia","url":"https:\/\/www.drewnianamagia.pl\/","logo":{"@type":"ImageObject","inLanguage":"pl-PL","@id":"https:\/\/www.drewnianamagia.pl\/#\/schema\/logo\/image\/","url":"https:\/\/www.drewnianamagia.pl\/wp-content\/uploads\/2024\/02\/cropped-LOGO-DrewnianaMagia-375x188-1.png","contentUrl":"https:\/\/www.drewnianamagia.pl\/wp-content\/uploads\/2024\/02\/cropped-LOGO-DrewnianaMagia-375x188-1.png","width":374,"height":188,"caption":"Drewniana Magia"},"image":{"@id":"https:\/\/www.drewnianamagia.pl\/#\/schema\/logo\/image\/"},"sameAs":["https:\/\/facebook.com\/BelasDrewnianaMagia"]}]}},"_links":{"self":[{"href":"https:\/\/www.drewnianamagia.pl\/index.php\/wp-json\/wp\/v2\/product\/4937","targetHints":{"allow":["GET"]}}],"collection":[{"href":"https:\/\/www.drewnianamagia.pl\/index.php\/wp-json\/wp\/v2\/product"}],"about":[{"href":"https:\/\/www.drewnianamagia.pl\/index.php\/wp-json\/wp\/v2\/types\/product"}],"replies":[{"embeddable":true,"href":"https:\/\/www.drewnianamagia.pl\/index.php\/wp-json\/wp\/v2\/comments?post=4937"}],"wp:featuredmedia":[{"embeddable":true,"href":"https:\/\/www.drewnianamagia.pl\/index.php\/wp-json\/wp\/v2\/media\/4916"}],"wp:attachment":[{"href":"https:\/\/www.drewnianamagia.pl\/index.php\/wp-json\/wp\/v2\/media?parent=4937"}],"wp:term":[{"taxonomy":"product_brand","embeddable":true,"href":"https:\/\/www.drewnianamagia.pl\/index.php\/wp-json\/wp\/v2\/product_brand?post=4937"},{"taxonomy":"product_cat","embeddable":true,"href":"https:\/\/www.drewnianamagia.pl\/index.php\/wp-json\/wp\/v2\/product_cat?post=4937"},{"taxonomy":"product_tag","embeddable":true,"href":"https:\/\/www.drewnianamagia.pl\/index.php\/wp-json\/wp\/v2\/product_tag?post=4937"}],"curies":[{"name":"wp","href":"https:\/\/api.w.org\/{rel}","templated":true}]}}