{"id":4511,"date":"2024-10-23T09:45:52","date_gmt":"2024-10-23T07:45:52","guid":{"rendered":"https:\/\/www.drewnianamagia.pl\/?post_type=product&#038;p=4511"},"modified":"2025-09-16T13:59:40","modified_gmt":"2025-09-16T11:59:40","slug":"skarbonka-wykreslanka-wyzwanie-365-dni","status":"publish","type":"product","link":"https:\/\/www.drewnianamagia.pl\/index.php\/produkt\/skarbonka-wykreslanka-wyzwanie-365-dni\/","title":{"rendered":"Skarbonka wykre\u015blana &#8211; wyzwanie 365 dni"},"content":{"rendered":"<h1 style=\"text-align: center;\"><strong>Skarbonka wykre\u015blana &#8211; wyzwanie 365 dni<\/strong><\/h1>\n<p>Personalizowana skarbonka wykre\u015blana z dowoln\u0105 kwot\u0105 rozpisan\u0105 na 365 dni oszcz\u0119dzania. Wielorazowego u\u017cytku.<\/p>\n<p><strong>Produkt otrzymasz gotowy do u\u017cytku &#8211; z\u0142o\u017cony i sklejony z zamontowan\u0105 wk\u0142adk\u0105 oraz ramk\u0105.<\/strong><\/p>\n<p>Nasza personalizowana <strong>skarbonka wykre\u015blana &#8211; wyzwanie 365 dni<\/strong>\u00a0 to doskona\u0142e narz\u0119dzie do od\u0142o\u017cenia ustalonej kwoty przez rok. Niezale\u017cnie od tego, czy marzysz o nowej sukience, samochodzie, czy rodzinnych wakacjach, systematyczne odk\u0142adanie pieni\u0119dzy do tej skarbonki pozwoli Ci si\u0119 zmobilizowa\u0107 i osi\u0105gn\u0105\u0107 wyznaczony cel w ci\u0105gu 365 dni.<\/p>\n<p>Skarbonka wykre\u015blana to tak\u017ce \u015bwietny spos\u00f3b na nauk\u0119 oszcz\u0119dzania dla dzieci. Wsp\u00f3lne wyznaczanie cel\u00f3w, takich jak nowa zabawka czy wyj\u015bcie do kina, pomo\u017ce najm\u0142odszym zrozumie\u0107, jak wa\u017cne jest odk\u0142adanie pieni\u0119dzy. Mo\u017cliwo\u015b\u0107 posiadania kilku skarbonek i oznaczenia ich r\u00f3\u017cnymi celami czyni oszcz\u0119dzanie bardziej anga\u017cuj\u0105cym i motywuj\u0105cym.<\/p>\n<p>Z nasz\u0105 <strong>skarbonk\u0105-wykre\u015blank\u0105<\/strong> nie tylko zbli\u017cysz si\u0119 do realizacji swoich finansowych zamierze\u0144, ale tak\u017ce wprowadzisz element zabawy i edukacji do codziennego \u017cycia. To idealny prezent dla ka\u017cdego, kto chce skutecznie zarz\u0105dza\u0107 swoimi oszcz\u0119dno\u015bciami i czerpa\u0107 satysfakcj\u0119 z osi\u0105gania wyznaczonych cel\u00f3w.<\/p>\n<p>Po osi\u0105gni\u0119ciu celu, zdemontuj ramk\u0119, kt\u00f3ra trzyma tekturow\u0105 wk\u0142adk\u0119 &#8211; wykre\u015blank\u0119 a nast\u0119pnie z ukrytego za ni\u0105 otworu wysyp uzbierane pieni\u0105dze. Zamontuj now\u0105 wk\u0142adk\u0119 i rozpocznij od pocz\u0105tku przygod\u0119 oszcz\u0119dzania na kolejny cel.<\/p>\n<p>Skarbonka zosta\u0142a przez Nas zaprojektowana w taki spos\u00f3b aby by\u0142a uniwersalna i odpowiada\u0142a na potrzeby wi\u0119kszo\u015bci u\u017cytkownik\u00f3w. B\u0119dzie odpowiednia dla tych, kt\u00f3rzy chc\u0105 odk\u0142ada\u0107 wi\u0119ksze kwoty oraz dla tych, kt\u00f3rych celem b\u0119d\u0105 niewielkie sumy. Nada si\u0119 do zbierania pieni\u0119dzy przez doros\u0142ych jak i przez dzieci. Dzi\u0119ki mo\u017cliwo\u015bci wymiany wk\u0142adki &#8211; wykre\u015blanki zbieranie na drobne cele staje si\u0119 przyjemno\u015bci\u0105 i nie wymaga kolejnego zakupu ca\u0142ej skarbonki.<\/p>\n<p><strong>Zestaw zawiera:<\/strong><\/p>\n<ul>\n<li>drewnian\u0105 skarbonk\u0119 wykonan\u0105 z wysokiej jako\u015bci sklejki<\/li>\n<li>wk\u0142adk\u0119 wykre\u015blank\u0119 &#8211; w pe\u0142ni personalizowan\u0105 &#8211;\u00a0 wykonan\u0105 z grubego (300g\/m2) papieru satynowego. Zaprojektowan\u0105 specjalnie pod wybran\u0105 sum\u0119. Zawiera 365 p\u00f3l, kt\u00f3re po zsumowaniu tworz\u0105 ca\u0142\u0105 kwot\u0119. Im wy\u017csza kwota tym wi\u0119ksze nomina\u0142y znajd\u0105 si\u0119 na wykre\u015blance.<\/li>\n<li>Ramk\u0119 trzymaj\u0105c\u0105 wk\u0142adk\u0119 w wybranym przez siebie kolorze &#8211; zaprojektowan\u0105 specjalnie dla tej skarbonki i wykonan\u0105 przez nas z biodegradowalnego tworzywa PLA.<\/li>\n<\/ul>\n<p><strong>Ca\u0142o\u015b\u0107 wysy\u0142amy sklejone i z\u0142o\u017cone.<\/strong><\/p>\n<p>&nbsp;<\/p>\n<h4><strong>PERSONALIZACJA:<\/strong><\/h4>\n<p>Pami\u0119taj aby w opisie personalizacji uwzgl\u0119dni\u0107 nast\u0119puj\u0105ce informacje:<\/p>\n<ul>\n<li>[Personalizacja wk\u0142adki] <strong>Kwota<\/strong>, np. 8000 z\u0142 &#8211;\u00a0 (mo\u017cesz poda\u0107 dowoln\u0105 &#8211; zaprojektujemy dla Ciebie tabel\u0119 w taki spos\u00f3b aby suma kwot wynios\u0142a warto\u015b\u0107 celu oraz wpiszemy t\u0119 warto\u015b\u0107 pod tabel\u0105 z prawej strony) W przypadku braku tej informacji otrzymasz skarbonk\u0119 z kwot\u0105 8000 z\u0142<\/li>\n<li>[Personalizacja wk\u0142adki] <strong>Tekst nad tabel\u0105,<\/strong> np. Zbieram na Wakacje &#8211; (Na wykre\u015blance &#8211; nad tabelk\u0105 nadrukujemy wybrany przez Ciebie tekst). W przypadku braku tej informacji otrzymasz skarbonk\u0119 z tekstem &#8222;Na Marzenia do spe\u0142nienia&#8221;<\/li>\n<li>[Personalizacja ramki] <strong>Kolor ramki<\/strong> &#8211; do wyboru: czarna, czerwona, niebieska, bia\u0142a. W przypadku braku tej informacji otrzymasz ramk\u0119 w kolorze czarnym.<\/li>\n<\/ul>\n<p>Skarbonka ma wymiary 20cm x 14cm x 10cm<\/p>\n<p>Istnieje mo\u017cliwo\u015b\u0107 dokupienia samych wk\u0142adek &#8211; dost\u0119pnych w oddzielnej ofercie.<\/p>\n<p>Przedstawione na zdj\u0119ciach pieni\u0105dze oraz marker nie wchodzi w sk\u0142ad zestawu.<\/p>\n","protected":false},"excerpt":{"rendered":"<p>Skarbonka wykre\u015blana &#8211; wyzwanie 365 dni Personalizowana skarbonka wykre\u015blana z dowoln\u0105 kwot\u0105 rozpisan\u0105 na 365 dni oszcz\u0119dzania. Wielorazowego u\u017cytku. Produkt otrzymasz gotowy do u\u017cytku &#8211; z\u0142o\u017cony i sklejony z zamontowan\u0105 wk\u0142adk\u0105 oraz ramk\u0105. Nasza personalizowana skarbonka wykre\u015blana &#8211; wyzwanie 365 dni\u00a0 to doskona\u0142e narz\u0119dzie do od\u0142o\u017cenia ustalonej kwoty przez rok. Niezale\u017cnie od tego, czy marzysz [&hellip;]<\/p>\n","protected":false},"featured_media":4507,"comment_status":"open","ping_status":"closed","template":"","meta":{"_acf_changed":false},"product_brand":[],"product_cat":[109,101,92,145,96],"product_tag":[138,54,139,58],"class_list":{"0":"post-4511","1":"product","2":"type-product","3":"status-publish","4":"has-post-thumbnail","6":"product_cat-dzien-chlopaka","7":"product_cat-dzien-dziecka","8":"product_cat-gadzety","9":"product_cat-skarbonki","10":"product_cat-urodziny-imieniny","11":"product_tag-oszczedzanie","12":"product_tag-personalizacja","13":"product_tag-pieniadze","14":"product_tag-skarbonka","16":"first","17":"outofstock","18":"taxable","19":"shipping-taxable","20":"purchasable","21":"product-type-simple"},"acf":[],"yoast_head":"<!-- This site is optimized with the Yoast SEO plugin v27.3 - https:\/\/yoast.com\/product\/yoast-seo-wordpress\/ -->\n<title>Skarbonka wykre\u015blana - wyzwanie 365 dni - Drewniana Magia<\/title>\n<meta name=\"description\" content=\"Personalizowana skarbonka wykre\u015blana - wyzwanie 365 dni. Roz\u0142\u00f3\u017c swoj cel oszcz\u0119dzania na 365 dni. Uzbieraj wyznaczon\u0105 kwot\u0119 w rok!\" \/>\n<meta name=\"robots\" content=\"index, follow, max-snippet:-1, max-image-preview:large, max-video-preview:-1\" \/>\n<link rel=\"canonical\" href=\"https:\/\/www.drewnianamagia.pl\/index.php\/produkt\/skarbonka-wykreslanka-wyzwanie-365-dni\/\" \/>\n<meta property=\"og:locale\" content=\"pl_PL\" \/>\n<meta property=\"og:type\" content=\"article\" \/>\n<meta property=\"og:title\" content=\"Skarbonka wykre\u015blana - wyzwanie 365 dni - Drewniana Magia\" \/>\n<meta property=\"og:description\" content=\"Personalizowana skarbonka wykre\u015blana - wyzwanie 365 dni. Roz\u0142\u00f3\u017c swoj cel oszcz\u0119dzania na 365 dni. Uzbieraj wyznaczon\u0105 kwot\u0119 w rok!\" \/>\n<meta property=\"og:url\" content=\"https:\/\/www.drewnianamagia.pl\/index.php\/produkt\/skarbonka-wykreslanka-wyzwanie-365-dni\/\" \/>\n<meta property=\"og:site_name\" content=\"Drewniana Magia\" \/>\n<meta property=\"article:publisher\" content=\"https:\/\/facebook.com\/BelasDrewnianaMagia\" \/>\n<meta property=\"article:modified_time\" content=\"2025-09-16T11:59:40+00:00\" \/>\n<meta property=\"og:image\" content=\"https:\/\/www.drewnianamagia.pl\/wp-content\/uploads\/2024\/10\/skarbonka-wykreslanka-365-dni-1.png\" \/>\n\t<meta property=\"og:image:width\" content=\"1500\" \/>\n\t<meta property=\"og:image:height\" content=\"1500\" \/>\n\t<meta property=\"og:image:type\" content=\"image\/png\" \/>\n<meta name=\"twitter:card\" content=\"summary_large_image\" \/>\n<meta name=\"twitter:label1\" content=\"Szacowany czas czytania\" \/>\n\t<meta name=\"twitter:data1\" content=\"3 minuty\" \/>\n<script type=\"application\/ld+json\" class=\"yoast-schema-graph\">{\"@context\":\"https:\\\/\\\/schema.org\",\"@graph\":[{\"@type\":\"WebPage\",\"@id\":\"https:\\\/\\\/www.drewnianamagia.pl\\\/index.php\\\/produkt\\\/skarbonka-wykreslanka-wyzwanie-365-dni\\\/\",\"url\":\"https:\\\/\\\/www.drewnianamagia.pl\\\/index.php\\\/produkt\\\/skarbonka-wykreslanka-wyzwanie-365-dni\\\/\",\"name\":\"Skarbonka wykre\u015blana - wyzwanie 365 dni - Drewniana Magia\",\"isPartOf\":{\"@id\":\"https:\\\/\\\/www.drewnianamagia.pl\\\/#website\"},\"primaryImageOfPage\":{\"@id\":\"https:\\\/\\\/www.drewnianamagia.pl\\\/index.php\\\/produkt\\\/skarbonka-wykreslanka-wyzwanie-365-dni\\\/#primaryimage\"},\"image\":{\"@id\":\"https:\\\/\\\/www.drewnianamagia.pl\\\/index.php\\\/produkt\\\/skarbonka-wykreslanka-wyzwanie-365-dni\\\/#primaryimage\"},\"thumbnailUrl\":\"https:\\\/\\\/www.drewnianamagia.pl\\\/wp-content\\\/uploads\\\/2024\\\/10\\\/skarbonka-wykreslanka-365-dni-1.png\",\"datePublished\":\"2024-10-23T07:45:52+00:00\",\"dateModified\":\"2025-09-16T11:59:40+00:00\",\"description\":\"Personalizowana skarbonka wykre\u015blana - wyzwanie 365 dni. Roz\u0142\u00f3\u017c swoj cel oszcz\u0119dzania na 365 dni. Uzbieraj wyznaczon\u0105 kwot\u0119 w rok!\",\"breadcrumb\":{\"@id\":\"https:\\\/\\\/www.drewnianamagia.pl\\\/index.php\\\/produkt\\\/skarbonka-wykreslanka-wyzwanie-365-dni\\\/#breadcrumb\"},\"inLanguage\":\"pl-PL\",\"potentialAction\":[{\"@type\":\"ReadAction\",\"target\":[\"https:\\\/\\\/www.drewnianamagia.pl\\\/index.php\\\/produkt\\\/skarbonka-wykreslanka-wyzwanie-365-dni\\\/\"]}]},{\"@type\":\"ImageObject\",\"inLanguage\":\"pl-PL\",\"@id\":\"https:\\\/\\\/www.drewnianamagia.pl\\\/index.php\\\/produkt\\\/skarbonka-wykreslanka-wyzwanie-365-dni\\\/#primaryimage\",\"url\":\"https:\\\/\\\/www.drewnianamagia.pl\\\/wp-content\\\/uploads\\\/2024\\\/10\\\/skarbonka-wykreslanka-365-dni-1.png\",\"contentUrl\":\"https:\\\/\\\/www.drewnianamagia.pl\\\/wp-content\\\/uploads\\\/2024\\\/10\\\/skarbonka-wykreslanka-365-dni-1.png\",\"width\":1500,\"height\":1500,\"caption\":\"skarbonka wykre\u015blanka - 365 dni wyzwanie\"},{\"@type\":\"BreadcrumbList\",\"@id\":\"https:\\\/\\\/www.drewnianamagia.pl\\\/index.php\\\/produkt\\\/skarbonka-wykreslanka-wyzwanie-365-dni\\\/#breadcrumb\",\"itemListElement\":[{\"@type\":\"ListItem\",\"position\":1,\"name\":\"Strona g\u0142\u00f3wna\",\"item\":\"https:\\\/\\\/www.drewnianamagia.pl\\\/\"},{\"@type\":\"ListItem\",\"position\":2,\"name\":\"Sklep\",\"item\":\"https:\\\/\\\/www.drewnianamagia.pl\\\/index.php\\\/sklep-internetowy-drewnianamagia\\\/\"},{\"@type\":\"ListItem\",\"position\":3,\"name\":\"Skarbonka wykre\u015blana &#8211; wyzwanie 365 dni\"}]},{\"@type\":\"WebSite\",\"@id\":\"https:\\\/\\\/www.drewnianamagia.pl\\\/#website\",\"url\":\"https:\\\/\\\/www.drewnianamagia.pl\\\/\",\"name\":\"Drewniana Magia\",\"description\":\"Personalizowane prezenty i dekoracje z drewna i druku 3D, na ka\u017cd\u0105 okazj\u0119 i okoliczno\u015b\u0107. Urodziny, Chrzest, Przyj\u0119cie, \u015awi\u0119ta, \u015alub\",\"publisher\":{\"@id\":\"https:\\\/\\\/www.drewnianamagia.pl\\\/#organization\"},\"potentialAction\":[{\"@type\":\"SearchAction\",\"target\":{\"@type\":\"EntryPoint\",\"urlTemplate\":\"https:\\\/\\\/www.drewnianamagia.pl\\\/?s={search_term_string}\"},\"query-input\":{\"@type\":\"PropertyValueSpecification\",\"valueRequired\":true,\"valueName\":\"search_term_string\"}}],\"inLanguage\":\"pl-PL\"},{\"@type\":\"Organization\",\"@id\":\"https:\\\/\\\/www.drewnianamagia.pl\\\/#organization\",\"name\":\"Drewniana Magia\",\"url\":\"https:\\\/\\\/www.drewnianamagia.pl\\\/\",\"logo\":{\"@type\":\"ImageObject\",\"inLanguage\":\"pl-PL\",\"@id\":\"https:\\\/\\\/www.drewnianamagia.pl\\\/#\\\/schema\\\/logo\\\/image\\\/\",\"url\":\"https:\\\/\\\/www.drewnianamagia.pl\\\/wp-content\\\/uploads\\\/2024\\\/02\\\/cropped-LOGO-DrewnianaMagia-375x188-1.png\",\"contentUrl\":\"https:\\\/\\\/www.drewnianamagia.pl\\\/wp-content\\\/uploads\\\/2024\\\/02\\\/cropped-LOGO-DrewnianaMagia-375x188-1.png\",\"width\":374,\"height\":188,\"caption\":\"Drewniana Magia\"},\"image\":{\"@id\":\"https:\\\/\\\/www.drewnianamagia.pl\\\/#\\\/schema\\\/logo\\\/image\\\/\"},\"sameAs\":[\"https:\\\/\\\/facebook.com\\\/BelasDrewnianaMagia\"]}]}<\/script>\n<!-- \/ Yoast SEO plugin. -->","yoast_head_json":{"title":"Skarbonka wykre\u015blana - wyzwanie 365 dni - Drewniana Magia","description":"Personalizowana skarbonka wykre\u015blana - wyzwanie 365 dni. Roz\u0142\u00f3\u017c swoj cel oszcz\u0119dzania na 365 dni. Uzbieraj wyznaczon\u0105 kwot\u0119 w rok!","robots":{"index":"index","follow":"follow","max-snippet":"max-snippet:-1","max-image-preview":"max-image-preview:large","max-video-preview":"max-video-preview:-1"},"canonical":"https:\/\/www.drewnianamagia.pl\/index.php\/produkt\/skarbonka-wykreslanka-wyzwanie-365-dni\/","og_locale":"pl_PL","og_type":"article","og_title":"Skarbonka wykre\u015blana - wyzwanie 365 dni - Drewniana Magia","og_description":"Personalizowana skarbonka wykre\u015blana - wyzwanie 365 dni. Roz\u0142\u00f3\u017c swoj cel oszcz\u0119dzania na 365 dni. Uzbieraj wyznaczon\u0105 kwot\u0119 w rok!","og_url":"https:\/\/www.drewnianamagia.pl\/index.php\/produkt\/skarbonka-wykreslanka-wyzwanie-365-dni\/","og_site_name":"Drewniana Magia","article_publisher":"https:\/\/facebook.com\/BelasDrewnianaMagia","article_modified_time":"2025-09-16T11:59:40+00:00","og_image":[{"width":1500,"height":1500,"url":"https:\/\/www.drewnianamagia.pl\/wp-content\/uploads\/2024\/10\/skarbonka-wykreslanka-365-dni-1.png","type":"image\/png"}],"twitter_card":"summary_large_image","twitter_misc":{"Szacowany czas czytania":"3 minuty"},"schema":{"@context":"https:\/\/schema.org","@graph":[{"@type":"WebPage","@id":"https:\/\/www.drewnianamagia.pl\/index.php\/produkt\/skarbonka-wykreslanka-wyzwanie-365-dni\/","url":"https:\/\/www.drewnianamagia.pl\/index.php\/produkt\/skarbonka-wykreslanka-wyzwanie-365-dni\/","name":"Skarbonka wykre\u015blana - wyzwanie 365 dni - Drewniana Magia","isPartOf":{"@id":"https:\/\/www.drewnianamagia.pl\/#website"},"primaryImageOfPage":{"@id":"https:\/\/www.drewnianamagia.pl\/index.php\/produkt\/skarbonka-wykreslanka-wyzwanie-365-dni\/#primaryimage"},"image":{"@id":"https:\/\/www.drewnianamagia.pl\/index.php\/produkt\/skarbonka-wykreslanka-wyzwanie-365-dni\/#primaryimage"},"thumbnailUrl":"https:\/\/www.drewnianamagia.pl\/wp-content\/uploads\/2024\/10\/skarbonka-wykreslanka-365-dni-1.png","datePublished":"2024-10-23T07:45:52+00:00","dateModified":"2025-09-16T11:59:40+00:00","description":"Personalizowana skarbonka wykre\u015blana - wyzwanie 365 dni. Roz\u0142\u00f3\u017c swoj cel oszcz\u0119dzania na 365 dni. Uzbieraj wyznaczon\u0105 kwot\u0119 w rok!","breadcrumb":{"@id":"https:\/\/www.drewnianamagia.pl\/index.php\/produkt\/skarbonka-wykreslanka-wyzwanie-365-dni\/#breadcrumb"},"inLanguage":"pl-PL","potentialAction":[{"@type":"ReadAction","target":["https:\/\/www.drewnianamagia.pl\/index.php\/produkt\/skarbonka-wykreslanka-wyzwanie-365-dni\/"]}]},{"@type":"ImageObject","inLanguage":"pl-PL","@id":"https:\/\/www.drewnianamagia.pl\/index.php\/produkt\/skarbonka-wykreslanka-wyzwanie-365-dni\/#primaryimage","url":"https:\/\/www.drewnianamagia.pl\/wp-content\/uploads\/2024\/10\/skarbonka-wykreslanka-365-dni-1.png","contentUrl":"https:\/\/www.drewnianamagia.pl\/wp-content\/uploads\/2024\/10\/skarbonka-wykreslanka-365-dni-1.png","width":1500,"height":1500,"caption":"skarbonka wykre\u015blanka - 365 dni wyzwanie"},{"@type":"BreadcrumbList","@id":"https:\/\/www.drewnianamagia.pl\/index.php\/produkt\/skarbonka-wykreslanka-wyzwanie-365-dni\/#breadcrumb","itemListElement":[{"@type":"ListItem","position":1,"name":"Strona g\u0142\u00f3wna","item":"https:\/\/www.drewnianamagia.pl\/"},{"@type":"ListItem","position":2,"name":"Sklep","item":"https:\/\/www.drewnianamagia.pl\/index.php\/sklep-internetowy-drewnianamagia\/"},{"@type":"ListItem","position":3,"name":"Skarbonka wykre\u015blana &#8211; wyzwanie 365 dni"}]},{"@type":"WebSite","@id":"https:\/\/www.drewnianamagia.pl\/#website","url":"https:\/\/www.drewnianamagia.pl\/","name":"Drewniana Magia","description":"Personalizowane prezenty i dekoracje z drewna i druku 3D, na ka\u017cd\u0105 okazj\u0119 i okoliczno\u015b\u0107. Urodziny, Chrzest, Przyj\u0119cie, \u015awi\u0119ta, \u015alub","publisher":{"@id":"https:\/\/www.drewnianamagia.pl\/#organization"},"potentialAction":[{"@type":"SearchAction","target":{"@type":"EntryPoint","urlTemplate":"https:\/\/www.drewnianamagia.pl\/?s={search_term_string}"},"query-input":{"@type":"PropertyValueSpecification","valueRequired":true,"valueName":"search_term_string"}}],"inLanguage":"pl-PL"},{"@type":"Organization","@id":"https:\/\/www.drewnianamagia.pl\/#organization","name":"Drewniana Magia","url":"https:\/\/www.drewnianamagia.pl\/","logo":{"@type":"ImageObject","inLanguage":"pl-PL","@id":"https:\/\/www.drewnianamagia.pl\/#\/schema\/logo\/image\/","url":"https:\/\/www.drewnianamagia.pl\/wp-content\/uploads\/2024\/02\/cropped-LOGO-DrewnianaMagia-375x188-1.png","contentUrl":"https:\/\/www.drewnianamagia.pl\/wp-content\/uploads\/2024\/02\/cropped-LOGO-DrewnianaMagia-375x188-1.png","width":374,"height":188,"caption":"Drewniana Magia"},"image":{"@id":"https:\/\/www.drewnianamagia.pl\/#\/schema\/logo\/image\/"},"sameAs":["https:\/\/facebook.com\/BelasDrewnianaMagia"]}]}},"_links":{"self":[{"href":"https:\/\/www.drewnianamagia.pl\/index.php\/wp-json\/wp\/v2\/product\/4511","targetHints":{"allow":["GET"]}}],"collection":[{"href":"https:\/\/www.drewnianamagia.pl\/index.php\/wp-json\/wp\/v2\/product"}],"about":[{"href":"https:\/\/www.drewnianamagia.pl\/index.php\/wp-json\/wp\/v2\/types\/product"}],"replies":[{"embeddable":true,"href":"https:\/\/www.drewnianamagia.pl\/index.php\/wp-json\/wp\/v2\/comments?post=4511"}],"wp:featuredmedia":[{"embeddable":true,"href":"https:\/\/www.drewnianamagia.pl\/index.php\/wp-json\/wp\/v2\/media\/4507"}],"wp:attachment":[{"href":"https:\/\/www.drewnianamagia.pl\/index.php\/wp-json\/wp\/v2\/media?parent=4511"}],"wp:term":[{"taxonomy":"product_brand","embeddable":true,"href":"https:\/\/www.drewnianamagia.pl\/index.php\/wp-json\/wp\/v2\/product_brand?post=4511"},{"taxonomy":"product_cat","embeddable":true,"href":"https:\/\/www.drewnianamagia.pl\/index.php\/wp-json\/wp\/v2\/product_cat?post=4511"},{"taxonomy":"product_tag","embeddable":true,"href":"https:\/\/www.drewnianamagia.pl\/index.php\/wp-json\/wp\/v2\/product_tag?post=4511"}],"curies":[{"name":"wp","href":"https:\/\/api.w.org\/{rel}","templated":true}]}}