{"id":4377,"date":"2024-10-02T13:55:55","date_gmt":"2024-10-02T11:55:55","guid":{"rendered":"https:\/\/www.drewnianamagia.pl\/?post_type=product&#038;p=4377"},"modified":"2026-04-28T13:19:09","modified_gmt":"2026-04-28T11:19:09","slug":"zawieszka-do-auta-mis-jedz-ostroznie-grawer","status":"publish","type":"product","link":"https:\/\/www.drewnianamagia.pl\/index.php\/produkt\/zawieszka-do-auta-mis-jedz-ostroznie-grawer\/","title":{"rendered":"Zawieszka do auta MI\u015a &#8211; Jed\u017a ostro\u017cnie &#8211; grawer"},"content":{"rendered":"<h1 style=\"text-align: center;\">Zawieszka do auta &#8211; serce &#8222;<strong>Jed\u017a Ostro\u017cnie<\/strong>&#8221; z motywem misia<\/h1>\n<p>Personalizowana drewniana zawieszka do auta w kszta\u0142cie serca z grawerowanym napisem &#8222;Jed\u017a ostro\u017cnie! Jest kto\u015b, kto czeka, t\u0119skni i bardzo Ci\u0119 kocha!&#8221;. Podaruj ukochanej osobie aby zawsze mia\u0142a Ci\u0119 w pami\u0119ci.<\/p>\n<p><img loading=\"lazy\" decoding=\"async\" class=\"aligncenter size-medium wp-image-4386\" src=\"https:\/\/www.drewnianamagia.pl\/wp-content\/uploads\/2024\/10\/zawieszka-do-auta-misiu-jedz-ostroznie-2-300x300.jpg\" alt=\"zawieszka do auta - Misiu jed\u017a ostro\u017cnie\" width=\"300\" height=\"300\" srcset=\"https:\/\/www.drewnianamagia.pl\/wp-content\/uploads\/2024\/10\/zawieszka-do-auta-misiu-jedz-ostroznie-2-300x300.jpg 300w, https:\/\/www.drewnianamagia.pl\/wp-content\/uploads\/2024\/10\/zawieszka-do-auta-misiu-jedz-ostroznie-2-324x324.jpg 324w, https:\/\/www.drewnianamagia.pl\/wp-content\/uploads\/2024\/10\/zawieszka-do-auta-misiu-jedz-ostroznie-2-100x100.jpg 100w, https:\/\/www.drewnianamagia.pl\/wp-content\/uploads\/2024\/10\/zawieszka-do-auta-misiu-jedz-ostroznie-2-416x416.jpg 416w, https:\/\/www.drewnianamagia.pl\/wp-content\/uploads\/2024\/10\/zawieszka-do-auta-misiu-jedz-ostroznie-2-1024x1024.jpg 1024w, https:\/\/www.drewnianamagia.pl\/wp-content\/uploads\/2024\/10\/zawieszka-do-auta-misiu-jedz-ostroznie-2-150x150.jpg 150w, https:\/\/www.drewnianamagia.pl\/wp-content\/uploads\/2024\/10\/zawieszka-do-auta-misiu-jedz-ostroznie-2-768x768.jpg 768w, https:\/\/www.drewnianamagia.pl\/wp-content\/uploads\/2024\/10\/zawieszka-do-auta-misiu-jedz-ostroznie-2-1536x1536.jpg 1536w, https:\/\/www.drewnianamagia.pl\/wp-content\/uploads\/2024\/10\/zawieszka-do-auta-misiu-jedz-ostroznie-2.jpg 2000w\" sizes=\"auto, (max-width: 300px) 100vw, 300px\" \/><\/p>\n<p>&nbsp;<\/p>\n<hr \/>\n<p><strong><span style=\"color: #ff0000;\">PERSONALIZACJA:<\/span><\/strong><\/p>\n<p>W opisie personalizacji poinformuj nas jak ma by\u0107 podpisana Twoja zawieszka np. &#8222;Twoja Misia&#8221;. Mo\u017cesz r\u00f3wnie\u017c zmieni\u0107 s\u0142owo &#8222;Misiu&#8221; na g\u00f3rze na dowolne inne (np. imi\u0119).<\/p>\n<hr \/>\n<p><strong><span style=\"color: #ff0000;\">SECYFIKACJA:<\/span><\/strong><\/p>\n<ul>\n<li>Wymiary produktu:\u00a0 9,5 cm x 8cm.<\/li>\n<li>Jednostronny grawer laserowy.<\/li>\n<li>Wykonana z wysokiej jako\u015bci sklejki o grubo\u015bci ok. 3mm.<\/li>\n<li>Produkt r\u0119cznie szlifowany.<\/li>\n<li>Do\u0142\u0105czony sznurek jutowy.<\/li>\n<\/ul>\n<hr \/>\n<p><strong><span style=\"color: #ff0000;\">POZOSTA\u0141E INFORMACJE:<\/span><\/strong><\/p>\n<p>Zdj\u0119cie g\u0142\u00f3wne produktu jest wizualizacj\u0105. Kolory mog\u0105 si\u0119 nieznacznie r\u00f3\u017cni\u0107 od tych widocznych na ekranie \u2013 wynika to z ustawie\u0144 konkretnego ekranu a tak\u017ce ze specyfikacji materia\u0142u z kt\u00f3rego produkt zostanie wykonany. Drewno to naturalny surowiec i r\u00f3\u017cni si\u0119 struktur\u0105, barw\u0105 czy u\u0142o\u017ceniem s\u0142oj\u00f3w.<\/p>\n","protected":false},"excerpt":{"rendered":"<p>Zawieszka do auta &#8211; serce &#8222;Jed\u017a Ostro\u017cnie&#8221; z motywem misia Personalizowana drewniana zawieszka do auta w kszta\u0142cie serca z grawerowanym napisem &#8222;Jed\u017a ostro\u017cnie! Jest kto\u015b, kto czeka, t\u0119skni i bardzo Ci\u0119 kocha!&#8221;. Podaruj ukochanej osobie aby zawsze mia\u0142a Ci\u0119 w pami\u0119ci. &nbsp; PERSONALIZACJA: W opisie personalizacji poinformuj nas jak ma by\u0107 podpisana Twoja zawieszka np. [&hellip;]<\/p>\n","protected":false},"featured_media":4373,"comment_status":"open","ping_status":"closed","template":"","meta":{"_acf_changed":false},"product_brand":[180],"product_cat":[109,108,92,105,96,99,144],"product_tag":[54,203],"class_list":{"0":"post-4377","1":"product","2":"type-product","3":"status-publish","4":"has-post-thumbnail","6":"product_brand-drewniana-magia","7":"product_cat-dzien-chlopaka","8":"product_cat-dzien-kobiet","9":"product_cat-gadzety","10":"product_cat-rocznice","11":"product_cat-urodziny-imieniny","12":"product_cat-walentynki","13":"product_cat-zawieszki","14":"product_tag-personalizacja","15":"product_tag-pnp","17":"first","18":"instock","19":"featured","20":"taxable","21":"shipping-taxable","22":"purchasable","23":"product-type-simple"},"acf":[],"yoast_head":"<!-- This site is optimized with the Yoast SEO plugin v27.5 - https:\/\/yoast.com\/product\/yoast-seo-wordpress\/ -->\n<title>Zawieszka do auta MI\u015a - Jed\u017a ostro\u017cnie - grawer - Drewniana Magia<\/title>\n<meta name=\"description\" content=\"Drewniana zawieszka do auta z grawerem. Spersonalizuj zawieszk\u0119 dodaj\u0105c sw\u00f3j podpis oraz imi\u0119 ukochanej osoby. Przeka\u017c swoje uczucia w wyj\u0105tkowym stylu.\" \/>\n<meta name=\"robots\" content=\"index, follow, max-snippet:-1, max-image-preview:large, max-video-preview:-1\" \/>\n<link rel=\"canonical\" href=\"https:\/\/www.drewnianamagia.pl\/index.php\/produkt\/zawieszka-do-auta-mis-jedz-ostroznie-grawer\/\" \/>\n<meta property=\"og:locale\" content=\"pl_PL\" \/>\n<meta property=\"og:type\" content=\"article\" \/>\n<meta property=\"og:title\" content=\"Zawieszka do auta MI\u015a - Jed\u017a ostro\u017cnie - grawer - Drewniana Magia\" \/>\n<meta property=\"og:description\" content=\"Drewniana zawieszka do auta z grawerem. Spersonalizuj zawieszk\u0119 dodaj\u0105c sw\u00f3j podpis oraz imi\u0119 ukochanej osoby. Przeka\u017c swoje uczucia w wyj\u0105tkowym stylu.\" \/>\n<meta property=\"og:url\" content=\"https:\/\/www.drewnianamagia.pl\/index.php\/produkt\/zawieszka-do-auta-mis-jedz-ostroznie-grawer\/\" \/>\n<meta property=\"og:site_name\" content=\"Drewniana Magia\" \/>\n<meta property=\"article:publisher\" content=\"https:\/\/facebook.com\/BelasDrewnianaMagia\" \/>\n<meta property=\"article:modified_time\" content=\"2026-04-28T11:19:09+00:00\" \/>\n<meta property=\"og:image\" content=\"https:\/\/www.drewnianamagia.pl\/wp-content\/uploads\/2024\/10\/zawieszka-Misiu-jedz-ostroznie.jpg\" \/>\n\t<meta property=\"og:image:width\" content=\"2000\" \/>\n\t<meta property=\"og:image:height\" content=\"2000\" \/>\n\t<meta property=\"og:image:type\" content=\"image\/jpeg\" \/>\n<meta name=\"twitter:card\" content=\"summary_large_image\" \/>\n<meta name=\"twitter:label1\" content=\"Szacowany czas czytania\" \/>\n\t<meta name=\"twitter:data1\" content=\"2 minuty\" \/>\n<script type=\"application\/ld+json\" class=\"yoast-schema-graph\">{\"@context\":\"https:\\\/\\\/schema.org\",\"@graph\":[{\"@type\":\"WebPage\",\"@id\":\"https:\\\/\\\/www.drewnianamagia.pl\\\/index.php\\\/produkt\\\/zawieszka-do-auta-mis-jedz-ostroznie-grawer\\\/\",\"url\":\"https:\\\/\\\/www.drewnianamagia.pl\\\/index.php\\\/produkt\\\/zawieszka-do-auta-mis-jedz-ostroznie-grawer\\\/\",\"name\":\"Zawieszka do auta MI\u015a - Jed\u017a ostro\u017cnie - grawer - Drewniana Magia\",\"isPartOf\":{\"@id\":\"https:\\\/\\\/www.drewnianamagia.pl\\\/#website\"},\"primaryImageOfPage\":{\"@id\":\"https:\\\/\\\/www.drewnianamagia.pl\\\/index.php\\\/produkt\\\/zawieszka-do-auta-mis-jedz-ostroznie-grawer\\\/#primaryimage\"},\"image\":{\"@id\":\"https:\\\/\\\/www.drewnianamagia.pl\\\/index.php\\\/produkt\\\/zawieszka-do-auta-mis-jedz-ostroznie-grawer\\\/#primaryimage\"},\"thumbnailUrl\":\"https:\\\/\\\/www.drewnianamagia.pl\\\/wp-content\\\/uploads\\\/2024\\\/10\\\/zawieszka-Misiu-jedz-ostroznie.jpg\",\"datePublished\":\"2024-10-02T11:55:55+00:00\",\"dateModified\":\"2026-04-28T11:19:09+00:00\",\"description\":\"Drewniana zawieszka do auta z grawerem. Spersonalizuj zawieszk\u0119 dodaj\u0105c sw\u00f3j podpis oraz imi\u0119 ukochanej osoby. Przeka\u017c swoje uczucia w wyj\u0105tkowym stylu.\",\"breadcrumb\":{\"@id\":\"https:\\\/\\\/www.drewnianamagia.pl\\\/index.php\\\/produkt\\\/zawieszka-do-auta-mis-jedz-ostroznie-grawer\\\/#breadcrumb\"},\"inLanguage\":\"pl-PL\",\"potentialAction\":[{\"@type\":\"ReadAction\",\"target\":[\"https:\\\/\\\/www.drewnianamagia.pl\\\/index.php\\\/produkt\\\/zawieszka-do-auta-mis-jedz-ostroznie-grawer\\\/\"]}]},{\"@type\":\"ImageObject\",\"inLanguage\":\"pl-PL\",\"@id\":\"https:\\\/\\\/www.drewnianamagia.pl\\\/index.php\\\/produkt\\\/zawieszka-do-auta-mis-jedz-ostroznie-grawer\\\/#primaryimage\",\"url\":\"https:\\\/\\\/www.drewnianamagia.pl\\\/wp-content\\\/uploads\\\/2024\\\/10\\\/zawieszka-Misiu-jedz-ostroznie.jpg\",\"contentUrl\":\"https:\\\/\\\/www.drewnianamagia.pl\\\/wp-content\\\/uploads\\\/2024\\\/10\\\/zawieszka-Misiu-jedz-ostroznie.jpg\",\"width\":2000,\"height\":2000,\"caption\":\"zawieszka do auta Misiu jed\u017a ostro\u017cnie\"},{\"@type\":\"BreadcrumbList\",\"@id\":\"https:\\\/\\\/www.drewnianamagia.pl\\\/index.php\\\/produkt\\\/zawieszka-do-auta-mis-jedz-ostroznie-grawer\\\/#breadcrumb\",\"itemListElement\":[{\"@type\":\"ListItem\",\"position\":1,\"name\":\"Strona g\u0142\u00f3wna\",\"item\":\"https:\\\/\\\/www.drewnianamagia.pl\\\/\"},{\"@type\":\"ListItem\",\"position\":2,\"name\":\"Sklep\",\"item\":\"https:\\\/\\\/www.drewnianamagia.pl\\\/index.php\\\/sklep-internetowy-drewnianamagia\\\/\"},{\"@type\":\"ListItem\",\"position\":3,\"name\":\"Zawieszka do auta MI\u015a &#8211; Jed\u017a ostro\u017cnie &#8211; grawer\"}]},{\"@type\":\"WebSite\",\"@id\":\"https:\\\/\\\/www.drewnianamagia.pl\\\/#website\",\"url\":\"https:\\\/\\\/www.drewnianamagia.pl\\\/\",\"name\":\"Drewniana Magia\",\"description\":\"Personalizowane prezenty i dekoracje z drewna i druku 3D, na ka\u017cd\u0105 okazj\u0119 i okoliczno\u015b\u0107. Urodziny, Chrzest, Przyj\u0119cie, \u015awi\u0119ta, \u015alub\",\"publisher\":{\"@id\":\"https:\\\/\\\/www.drewnianamagia.pl\\\/#organization\"},\"potentialAction\":[{\"@type\":\"SearchAction\",\"target\":{\"@type\":\"EntryPoint\",\"urlTemplate\":\"https:\\\/\\\/www.drewnianamagia.pl\\\/?s={search_term_string}\"},\"query-input\":{\"@type\":\"PropertyValueSpecification\",\"valueRequired\":true,\"valueName\":\"search_term_string\"}}],\"inLanguage\":\"pl-PL\"},{\"@type\":\"Organization\",\"@id\":\"https:\\\/\\\/www.drewnianamagia.pl\\\/#organization\",\"name\":\"Drewniana Magia\",\"url\":\"https:\\\/\\\/www.drewnianamagia.pl\\\/\",\"logo\":{\"@type\":\"ImageObject\",\"inLanguage\":\"pl-PL\",\"@id\":\"https:\\\/\\\/www.drewnianamagia.pl\\\/#\\\/schema\\\/logo\\\/image\\\/\",\"url\":\"https:\\\/\\\/www.drewnianamagia.pl\\\/wp-content\\\/uploads\\\/2024\\\/02\\\/cropped-LOGO-DrewnianaMagia-375x188-1.png\",\"contentUrl\":\"https:\\\/\\\/www.drewnianamagia.pl\\\/wp-content\\\/uploads\\\/2024\\\/02\\\/cropped-LOGO-DrewnianaMagia-375x188-1.png\",\"width\":374,\"height\":188,\"caption\":\"Drewniana Magia\"},\"image\":{\"@id\":\"https:\\\/\\\/www.drewnianamagia.pl\\\/#\\\/schema\\\/logo\\\/image\\\/\"},\"sameAs\":[\"https:\\\/\\\/facebook.com\\\/BelasDrewnianaMagia\"]}]}<\/script>\n<!-- \/ Yoast SEO plugin. -->","yoast_head_json":{"title":"Zawieszka do auta MI\u015a - Jed\u017a ostro\u017cnie - grawer - Drewniana Magia","description":"Drewniana zawieszka do auta z grawerem. Spersonalizuj zawieszk\u0119 dodaj\u0105c sw\u00f3j podpis oraz imi\u0119 ukochanej osoby. Przeka\u017c swoje uczucia w wyj\u0105tkowym stylu.","robots":{"index":"index","follow":"follow","max-snippet":"max-snippet:-1","max-image-preview":"max-image-preview:large","max-video-preview":"max-video-preview:-1"},"canonical":"https:\/\/www.drewnianamagia.pl\/index.php\/produkt\/zawieszka-do-auta-mis-jedz-ostroznie-grawer\/","og_locale":"pl_PL","og_type":"article","og_title":"Zawieszka do auta MI\u015a - Jed\u017a ostro\u017cnie - grawer - Drewniana Magia","og_description":"Drewniana zawieszka do auta z grawerem. Spersonalizuj zawieszk\u0119 dodaj\u0105c sw\u00f3j podpis oraz imi\u0119 ukochanej osoby. Przeka\u017c swoje uczucia w wyj\u0105tkowym stylu.","og_url":"https:\/\/www.drewnianamagia.pl\/index.php\/produkt\/zawieszka-do-auta-mis-jedz-ostroznie-grawer\/","og_site_name":"Drewniana Magia","article_publisher":"https:\/\/facebook.com\/BelasDrewnianaMagia","article_modified_time":"2026-04-28T11:19:09+00:00","og_image":[{"width":2000,"height":2000,"url":"https:\/\/www.drewnianamagia.pl\/wp-content\/uploads\/2024\/10\/zawieszka-Misiu-jedz-ostroznie.jpg","type":"image\/jpeg"}],"twitter_card":"summary_large_image","twitter_misc":{"Szacowany czas czytania":"2 minuty"},"schema":{"@context":"https:\/\/schema.org","@graph":[{"@type":"WebPage","@id":"https:\/\/www.drewnianamagia.pl\/index.php\/produkt\/zawieszka-do-auta-mis-jedz-ostroznie-grawer\/","url":"https:\/\/www.drewnianamagia.pl\/index.php\/produkt\/zawieszka-do-auta-mis-jedz-ostroznie-grawer\/","name":"Zawieszka do auta MI\u015a - Jed\u017a ostro\u017cnie - grawer - Drewniana Magia","isPartOf":{"@id":"https:\/\/www.drewnianamagia.pl\/#website"},"primaryImageOfPage":{"@id":"https:\/\/www.drewnianamagia.pl\/index.php\/produkt\/zawieszka-do-auta-mis-jedz-ostroznie-grawer\/#primaryimage"},"image":{"@id":"https:\/\/www.drewnianamagia.pl\/index.php\/produkt\/zawieszka-do-auta-mis-jedz-ostroznie-grawer\/#primaryimage"},"thumbnailUrl":"https:\/\/www.drewnianamagia.pl\/wp-content\/uploads\/2024\/10\/zawieszka-Misiu-jedz-ostroznie.jpg","datePublished":"2024-10-02T11:55:55+00:00","dateModified":"2026-04-28T11:19:09+00:00","description":"Drewniana zawieszka do auta z grawerem. Spersonalizuj zawieszk\u0119 dodaj\u0105c sw\u00f3j podpis oraz imi\u0119 ukochanej osoby. Przeka\u017c swoje uczucia w wyj\u0105tkowym stylu.","breadcrumb":{"@id":"https:\/\/www.drewnianamagia.pl\/index.php\/produkt\/zawieszka-do-auta-mis-jedz-ostroznie-grawer\/#breadcrumb"},"inLanguage":"pl-PL","potentialAction":[{"@type":"ReadAction","target":["https:\/\/www.drewnianamagia.pl\/index.php\/produkt\/zawieszka-do-auta-mis-jedz-ostroznie-grawer\/"]}]},{"@type":"ImageObject","inLanguage":"pl-PL","@id":"https:\/\/www.drewnianamagia.pl\/index.php\/produkt\/zawieszka-do-auta-mis-jedz-ostroznie-grawer\/#primaryimage","url":"https:\/\/www.drewnianamagia.pl\/wp-content\/uploads\/2024\/10\/zawieszka-Misiu-jedz-ostroznie.jpg","contentUrl":"https:\/\/www.drewnianamagia.pl\/wp-content\/uploads\/2024\/10\/zawieszka-Misiu-jedz-ostroznie.jpg","width":2000,"height":2000,"caption":"zawieszka do auta Misiu jed\u017a ostro\u017cnie"},{"@type":"BreadcrumbList","@id":"https:\/\/www.drewnianamagia.pl\/index.php\/produkt\/zawieszka-do-auta-mis-jedz-ostroznie-grawer\/#breadcrumb","itemListElement":[{"@type":"ListItem","position":1,"name":"Strona g\u0142\u00f3wna","item":"https:\/\/www.drewnianamagia.pl\/"},{"@type":"ListItem","position":2,"name":"Sklep","item":"https:\/\/www.drewnianamagia.pl\/index.php\/sklep-internetowy-drewnianamagia\/"},{"@type":"ListItem","position":3,"name":"Zawieszka do auta MI\u015a &#8211; Jed\u017a ostro\u017cnie &#8211; grawer"}]},{"@type":"WebSite","@id":"https:\/\/www.drewnianamagia.pl\/#website","url":"https:\/\/www.drewnianamagia.pl\/","name":"Drewniana Magia","description":"Personalizowane prezenty i dekoracje z drewna i druku 3D, na ka\u017cd\u0105 okazj\u0119 i okoliczno\u015b\u0107. Urodziny, Chrzest, Przyj\u0119cie, \u015awi\u0119ta, \u015alub","publisher":{"@id":"https:\/\/www.drewnianamagia.pl\/#organization"},"potentialAction":[{"@type":"SearchAction","target":{"@type":"EntryPoint","urlTemplate":"https:\/\/www.drewnianamagia.pl\/?s={search_term_string}"},"query-input":{"@type":"PropertyValueSpecification","valueRequired":true,"valueName":"search_term_string"}}],"inLanguage":"pl-PL"},{"@type":"Organization","@id":"https:\/\/www.drewnianamagia.pl\/#organization","name":"Drewniana Magia","url":"https:\/\/www.drewnianamagia.pl\/","logo":{"@type":"ImageObject","inLanguage":"pl-PL","@id":"https:\/\/www.drewnianamagia.pl\/#\/schema\/logo\/image\/","url":"https:\/\/www.drewnianamagia.pl\/wp-content\/uploads\/2024\/02\/cropped-LOGO-DrewnianaMagia-375x188-1.png","contentUrl":"https:\/\/www.drewnianamagia.pl\/wp-content\/uploads\/2024\/02\/cropped-LOGO-DrewnianaMagia-375x188-1.png","width":374,"height":188,"caption":"Drewniana Magia"},"image":{"@id":"https:\/\/www.drewnianamagia.pl\/#\/schema\/logo\/image\/"},"sameAs":["https:\/\/facebook.com\/BelasDrewnianaMagia"]}]}},"_links":{"self":[{"href":"https:\/\/www.drewnianamagia.pl\/index.php\/wp-json\/wp\/v2\/product\/4377","targetHints":{"allow":["GET"]}}],"collection":[{"href":"https:\/\/www.drewnianamagia.pl\/index.php\/wp-json\/wp\/v2\/product"}],"about":[{"href":"https:\/\/www.drewnianamagia.pl\/index.php\/wp-json\/wp\/v2\/types\/product"}],"replies":[{"embeddable":true,"href":"https:\/\/www.drewnianamagia.pl\/index.php\/wp-json\/wp\/v2\/comments?post=4377"}],"wp:featuredmedia":[{"embeddable":true,"href":"https:\/\/www.drewnianamagia.pl\/index.php\/wp-json\/wp\/v2\/media\/4373"}],"wp:attachment":[{"href":"https:\/\/www.drewnianamagia.pl\/index.php\/wp-json\/wp\/v2\/media?parent=4377"}],"wp:term":[{"taxonomy":"product_brand","embeddable":true,"href":"https:\/\/www.drewnianamagia.pl\/index.php\/wp-json\/wp\/v2\/product_brand?post=4377"},{"taxonomy":"product_cat","embeddable":true,"href":"https:\/\/www.drewnianamagia.pl\/index.php\/wp-json\/wp\/v2\/product_cat?post=4377"},{"taxonomy":"product_tag","embeddable":true,"href":"https:\/\/www.drewnianamagia.pl\/index.php\/wp-json\/wp\/v2\/product_tag?post=4377"}],"curies":[{"name":"wp","href":"https:\/\/api.w.org\/{rel}","templated":true}]}}