{"id":4375,"date":"2024-10-02T13:36:25","date_gmt":"2024-10-02T11:36:25","guid":{"rendered":"https:\/\/www.drewnianamagia.pl\/?post_type=product&#038;p=4375"},"modified":"2026-01-03T09:45:49","modified_gmt":"2026-01-03T08:45:49","slug":"zawieszka-do-auta-kochanie-nie-jedz-jak-wariat-grawer","status":"publish","type":"product","link":"https:\/\/www.drewnianamagia.pl\/index.php\/produkt\/zawieszka-do-auta-kochanie-nie-jedz-jak-wariat-grawer\/","title":{"rendered":"Zawieszka do auta Kochanie nie jed\u017a jak WARIAT &#8211; grawer"},"content":{"rendered":"<p style=\"text-align: center;\">Zawieszka do auta &#8211; serce &#8222;<strong>Kochanie nie jed\u017a jak WARIAT! Jak wariat mnie kochaj<\/strong>&#8222;<\/p>\n<p>Personalizowana drewniana zawieszka do auta w kszta\u0142cie serca z grawerowanym napisem &#8222;Kochanie nie jed\u017a jak WARIAT! Jak wariat mnie KOCHAJ&#8221;<\/p>\n<p>W opisie personalizacji poinformuj nas jak ma by\u0107 podpisana Twoja zawieszka np. &#8222;Kinga&#8221;.<\/p>\n<p>Wymiary produktu:\u00a0 9,5 cm x 8cm.<\/p>\n<p>Jednostronny grawer laserowy.<\/p>\n<p>Wykonana z wysokiej jako\u015bci sklejki o grubo\u015bci ok. 3mm. R\u0119cznie szlifowana.<\/p>\n<p>Do\u0142\u0105czony sznurek jutowy.<\/p>\n<p style=\"text-align: center;\"><img loading=\"lazy\" decoding=\"async\" class=\"aligncenter size-medium wp-image-4388\" src=\"https:\/\/www.drewnianamagia.pl\/wp-content\/uploads\/2024\/10\/zawieszka-do-auta-nie-jedz-jak-wariat-2-300x300.jpg\" alt=\"Zawieszka do auta - Kochanie nie jed\u017a jak Wariat\" width=\"300\" height=\"300\" srcset=\"https:\/\/www.drewnianamagia.pl\/wp-content\/uploads\/2024\/10\/zawieszka-do-auta-nie-jedz-jak-wariat-2-300x300.jpg 300w, https:\/\/www.drewnianamagia.pl\/wp-content\/uploads\/2024\/10\/zawieszka-do-auta-nie-jedz-jak-wariat-2-324x324.jpg 324w, https:\/\/www.drewnianamagia.pl\/wp-content\/uploads\/2024\/10\/zawieszka-do-auta-nie-jedz-jak-wariat-2-100x100.jpg 100w, https:\/\/www.drewnianamagia.pl\/wp-content\/uploads\/2024\/10\/zawieszka-do-auta-nie-jedz-jak-wariat-2-416x416.jpg 416w, https:\/\/www.drewnianamagia.pl\/wp-content\/uploads\/2024\/10\/zawieszka-do-auta-nie-jedz-jak-wariat-2-1024x1024.jpg 1024w, https:\/\/www.drewnianamagia.pl\/wp-content\/uploads\/2024\/10\/zawieszka-do-auta-nie-jedz-jak-wariat-2-150x150.jpg 150w, https:\/\/www.drewnianamagia.pl\/wp-content\/uploads\/2024\/10\/zawieszka-do-auta-nie-jedz-jak-wariat-2-768x768.jpg 768w, https:\/\/www.drewnianamagia.pl\/wp-content\/uploads\/2024\/10\/zawieszka-do-auta-nie-jedz-jak-wariat-2-1536x1536.jpg 1536w, https:\/\/www.drewnianamagia.pl\/wp-content\/uploads\/2024\/10\/zawieszka-do-auta-nie-jedz-jak-wariat-2.jpg 2000w\" sizes=\"auto, (max-width: 300px) 100vw, 300px\" \/><\/p>\n<p>Z powodu naturalnych w\u0142a\u015bciwo\u015bci produktu\u00a0 struktura i odcie\u0144 samego drewna oraz graweru nigdy nie s\u0105 identyczne.\u00a0 Zdj\u0119cie g\u0142\u00f3wne przedstawia wizualizacj\u0119 finalnego produktu.<\/p>\n<p>&nbsp;<\/p>\n<p>&nbsp;<\/p>\n","protected":false},"excerpt":{"rendered":"<p>Zawieszka do auta &#8211; serce &#8222;Kochanie nie jed\u017a jak WARIAT! Jak wariat mnie kochaj&#8222; Personalizowana drewniana zawieszka do auta w kszta\u0142cie serca z grawerowanym napisem &#8222;Kochanie nie jed\u017a jak WARIAT! Jak wariat mnie KOCHAJ&#8221; W opisie personalizacji poinformuj nas jak ma by\u0107 podpisana Twoja zawieszka np. &#8222;Kinga&#8221;. Wymiary produktu:\u00a0 9,5 cm x 8cm. Jednostronny grawer [&hellip;]<\/p>\n","protected":false},"featured_media":4374,"comment_status":"open","ping_status":"closed","template":"","meta":{"_acf_changed":false},"product_brand":[],"product_cat":[49,109,108,92,105,96,99,144],"product_tag":[54,203],"class_list":{"0":"post-4375","1":"product","2":"type-product","3":"status-publish","4":"has-post-thumbnail","6":"product_cat-dekoracje","7":"product_cat-dzien-chlopaka","8":"product_cat-dzien-kobiet","9":"product_cat-gadzety","10":"product_cat-rocznice","11":"product_cat-urodziny-imieniny","12":"product_cat-walentynki","13":"product_cat-zawieszki","14":"product_tag-personalizacja","15":"product_tag-pnp","17":"first","18":"instock","19":"featured","20":"taxable","21":"shipping-taxable","22":"purchasable","23":"product-type-simple"},"acf":[],"yoast_head":"<!-- This site is optimized with the Yoast SEO plugin v27.5 - https:\/\/yoast.com\/product\/yoast-seo-wordpress\/ -->\n<title>Zawieszka do auta Kochanie nie jed\u017a jak WARIAT - grawer - Drewniana Magia<\/title>\n<meta name=\"description\" content=\"Drewniana zawieszka do auta z grawerem. Spersonalizuj zawieszk\u0119 dodaj\u0105c sw\u00f3j podpis. Przeka\u017c swoje uczucia w wyj\u0105tkowym stylu.\" \/>\n<meta name=\"robots\" content=\"index, follow, max-snippet:-1, max-image-preview:large, max-video-preview:-1\" \/>\n<link rel=\"canonical\" href=\"https:\/\/www.drewnianamagia.pl\/index.php\/produkt\/zawieszka-do-auta-kochanie-nie-jedz-jak-wariat-grawer\/\" \/>\n<meta property=\"og:locale\" content=\"pl_PL\" \/>\n<meta property=\"og:type\" content=\"article\" \/>\n<meta property=\"og:title\" content=\"Zawieszka do auta Kochanie nie jed\u017a jak WARIAT - grawer - Drewniana Magia\" \/>\n<meta property=\"og:description\" content=\"Drewniana zawieszka do auta z grawerem. Spersonalizuj zawieszk\u0119 dodaj\u0105c sw\u00f3j podpis. Przeka\u017c swoje uczucia w wyj\u0105tkowym stylu.\" \/>\n<meta property=\"og:url\" content=\"https:\/\/www.drewnianamagia.pl\/index.php\/produkt\/zawieszka-do-auta-kochanie-nie-jedz-jak-wariat-grawer\/\" \/>\n<meta property=\"og:site_name\" content=\"Drewniana Magia\" \/>\n<meta property=\"article:publisher\" content=\"https:\/\/facebook.com\/BelasDrewnianaMagia\" \/>\n<meta property=\"article:modified_time\" content=\"2026-01-03T08:45:49+00:00\" \/>\n<meta property=\"og:image\" content=\"https:\/\/www.drewnianamagia.pl\/wp-content\/uploads\/2024\/10\/Zawieszka-nie-jedz-jak-wariat.jpg\" \/>\n\t<meta property=\"og:image:width\" content=\"2000\" \/>\n\t<meta property=\"og:image:height\" content=\"2000\" \/>\n\t<meta property=\"og:image:type\" content=\"image\/jpeg\" \/>\n<meta name=\"twitter:card\" content=\"summary_large_image\" \/>\n<meta name=\"twitter:label1\" content=\"Szacowany czas czytania\" \/>\n\t<meta name=\"twitter:data1\" content=\"1 minuta\" \/>\n<script type=\"application\/ld+json\" class=\"yoast-schema-graph\">{\"@context\":\"https:\\\/\\\/schema.org\",\"@graph\":[{\"@type\":\"WebPage\",\"@id\":\"https:\\\/\\\/www.drewnianamagia.pl\\\/index.php\\\/produkt\\\/zawieszka-do-auta-kochanie-nie-jedz-jak-wariat-grawer\\\/\",\"url\":\"https:\\\/\\\/www.drewnianamagia.pl\\\/index.php\\\/produkt\\\/zawieszka-do-auta-kochanie-nie-jedz-jak-wariat-grawer\\\/\",\"name\":\"Zawieszka do auta Kochanie nie jed\u017a jak WARIAT - grawer - Drewniana Magia\",\"isPartOf\":{\"@id\":\"https:\\\/\\\/www.drewnianamagia.pl\\\/#website\"},\"primaryImageOfPage\":{\"@id\":\"https:\\\/\\\/www.drewnianamagia.pl\\\/index.php\\\/produkt\\\/zawieszka-do-auta-kochanie-nie-jedz-jak-wariat-grawer\\\/#primaryimage\"},\"image\":{\"@id\":\"https:\\\/\\\/www.drewnianamagia.pl\\\/index.php\\\/produkt\\\/zawieszka-do-auta-kochanie-nie-jedz-jak-wariat-grawer\\\/#primaryimage\"},\"thumbnailUrl\":\"https:\\\/\\\/www.drewnianamagia.pl\\\/wp-content\\\/uploads\\\/2024\\\/10\\\/Zawieszka-nie-jedz-jak-wariat.jpg\",\"datePublished\":\"2024-10-02T11:36:25+00:00\",\"dateModified\":\"2026-01-03T08:45:49+00:00\",\"description\":\"Drewniana zawieszka do auta z grawerem. Spersonalizuj zawieszk\u0119 dodaj\u0105c sw\u00f3j podpis. Przeka\u017c swoje uczucia w wyj\u0105tkowym stylu.\",\"breadcrumb\":{\"@id\":\"https:\\\/\\\/www.drewnianamagia.pl\\\/index.php\\\/produkt\\\/zawieszka-do-auta-kochanie-nie-jedz-jak-wariat-grawer\\\/#breadcrumb\"},\"inLanguage\":\"pl-PL\",\"potentialAction\":[{\"@type\":\"ReadAction\",\"target\":[\"https:\\\/\\\/www.drewnianamagia.pl\\\/index.php\\\/produkt\\\/zawieszka-do-auta-kochanie-nie-jedz-jak-wariat-grawer\\\/\"]}]},{\"@type\":\"ImageObject\",\"inLanguage\":\"pl-PL\",\"@id\":\"https:\\\/\\\/www.drewnianamagia.pl\\\/index.php\\\/produkt\\\/zawieszka-do-auta-kochanie-nie-jedz-jak-wariat-grawer\\\/#primaryimage\",\"url\":\"https:\\\/\\\/www.drewnianamagia.pl\\\/wp-content\\\/uploads\\\/2024\\\/10\\\/Zawieszka-nie-jedz-jak-wariat.jpg\",\"contentUrl\":\"https:\\\/\\\/www.drewnianamagia.pl\\\/wp-content\\\/uploads\\\/2024\\\/10\\\/Zawieszka-nie-jedz-jak-wariat.jpg\",\"width\":2000,\"height\":2000,\"caption\":\"Zawieszka do auta Nie jed\u017a jak wariat\"},{\"@type\":\"BreadcrumbList\",\"@id\":\"https:\\\/\\\/www.drewnianamagia.pl\\\/index.php\\\/produkt\\\/zawieszka-do-auta-kochanie-nie-jedz-jak-wariat-grawer\\\/#breadcrumb\",\"itemListElement\":[{\"@type\":\"ListItem\",\"position\":1,\"name\":\"Strona g\u0142\u00f3wna\",\"item\":\"https:\\\/\\\/www.drewnianamagia.pl\\\/\"},{\"@type\":\"ListItem\",\"position\":2,\"name\":\"Sklep\",\"item\":\"https:\\\/\\\/www.drewnianamagia.pl\\\/index.php\\\/sklep-internetowy-drewnianamagia\\\/\"},{\"@type\":\"ListItem\",\"position\":3,\"name\":\"Zawieszka do auta Kochanie nie jed\u017a jak WARIAT &#8211; grawer\"}]},{\"@type\":\"WebSite\",\"@id\":\"https:\\\/\\\/www.drewnianamagia.pl\\\/#website\",\"url\":\"https:\\\/\\\/www.drewnianamagia.pl\\\/\",\"name\":\"Drewniana Magia\",\"description\":\"Personalizowane prezenty i dekoracje z drewna i druku 3D, na ka\u017cd\u0105 okazj\u0119 i okoliczno\u015b\u0107. Urodziny, Chrzest, Przyj\u0119cie, \u015awi\u0119ta, \u015alub\",\"publisher\":{\"@id\":\"https:\\\/\\\/www.drewnianamagia.pl\\\/#organization\"},\"potentialAction\":[{\"@type\":\"SearchAction\",\"target\":{\"@type\":\"EntryPoint\",\"urlTemplate\":\"https:\\\/\\\/www.drewnianamagia.pl\\\/?s={search_term_string}\"},\"query-input\":{\"@type\":\"PropertyValueSpecification\",\"valueRequired\":true,\"valueName\":\"search_term_string\"}}],\"inLanguage\":\"pl-PL\"},{\"@type\":\"Organization\",\"@id\":\"https:\\\/\\\/www.drewnianamagia.pl\\\/#organization\",\"name\":\"Drewniana Magia\",\"url\":\"https:\\\/\\\/www.drewnianamagia.pl\\\/\",\"logo\":{\"@type\":\"ImageObject\",\"inLanguage\":\"pl-PL\",\"@id\":\"https:\\\/\\\/www.drewnianamagia.pl\\\/#\\\/schema\\\/logo\\\/image\\\/\",\"url\":\"https:\\\/\\\/www.drewnianamagia.pl\\\/wp-content\\\/uploads\\\/2024\\\/02\\\/cropped-LOGO-DrewnianaMagia-375x188-1.png\",\"contentUrl\":\"https:\\\/\\\/www.drewnianamagia.pl\\\/wp-content\\\/uploads\\\/2024\\\/02\\\/cropped-LOGO-DrewnianaMagia-375x188-1.png\",\"width\":374,\"height\":188,\"caption\":\"Drewniana Magia\"},\"image\":{\"@id\":\"https:\\\/\\\/www.drewnianamagia.pl\\\/#\\\/schema\\\/logo\\\/image\\\/\"},\"sameAs\":[\"https:\\\/\\\/facebook.com\\\/BelasDrewnianaMagia\"]}]}<\/script>\n<!-- \/ Yoast SEO plugin. -->","yoast_head_json":{"title":"Zawieszka do auta Kochanie nie jed\u017a jak WARIAT - grawer - Drewniana Magia","description":"Drewniana zawieszka do auta z grawerem. Spersonalizuj zawieszk\u0119 dodaj\u0105c sw\u00f3j podpis. Przeka\u017c swoje uczucia w wyj\u0105tkowym stylu.","robots":{"index":"index","follow":"follow","max-snippet":"max-snippet:-1","max-image-preview":"max-image-preview:large","max-video-preview":"max-video-preview:-1"},"canonical":"https:\/\/www.drewnianamagia.pl\/index.php\/produkt\/zawieszka-do-auta-kochanie-nie-jedz-jak-wariat-grawer\/","og_locale":"pl_PL","og_type":"article","og_title":"Zawieszka do auta Kochanie nie jed\u017a jak WARIAT - grawer - Drewniana Magia","og_description":"Drewniana zawieszka do auta z grawerem. Spersonalizuj zawieszk\u0119 dodaj\u0105c sw\u00f3j podpis. Przeka\u017c swoje uczucia w wyj\u0105tkowym stylu.","og_url":"https:\/\/www.drewnianamagia.pl\/index.php\/produkt\/zawieszka-do-auta-kochanie-nie-jedz-jak-wariat-grawer\/","og_site_name":"Drewniana Magia","article_publisher":"https:\/\/facebook.com\/BelasDrewnianaMagia","article_modified_time":"2026-01-03T08:45:49+00:00","og_image":[{"width":2000,"height":2000,"url":"https:\/\/www.drewnianamagia.pl\/wp-content\/uploads\/2024\/10\/Zawieszka-nie-jedz-jak-wariat.jpg","type":"image\/jpeg"}],"twitter_card":"summary_large_image","twitter_misc":{"Szacowany czas czytania":"1 minuta"},"schema":{"@context":"https:\/\/schema.org","@graph":[{"@type":"WebPage","@id":"https:\/\/www.drewnianamagia.pl\/index.php\/produkt\/zawieszka-do-auta-kochanie-nie-jedz-jak-wariat-grawer\/","url":"https:\/\/www.drewnianamagia.pl\/index.php\/produkt\/zawieszka-do-auta-kochanie-nie-jedz-jak-wariat-grawer\/","name":"Zawieszka do auta Kochanie nie jed\u017a jak WARIAT - grawer - Drewniana Magia","isPartOf":{"@id":"https:\/\/www.drewnianamagia.pl\/#website"},"primaryImageOfPage":{"@id":"https:\/\/www.drewnianamagia.pl\/index.php\/produkt\/zawieszka-do-auta-kochanie-nie-jedz-jak-wariat-grawer\/#primaryimage"},"image":{"@id":"https:\/\/www.drewnianamagia.pl\/index.php\/produkt\/zawieszka-do-auta-kochanie-nie-jedz-jak-wariat-grawer\/#primaryimage"},"thumbnailUrl":"https:\/\/www.drewnianamagia.pl\/wp-content\/uploads\/2024\/10\/Zawieszka-nie-jedz-jak-wariat.jpg","datePublished":"2024-10-02T11:36:25+00:00","dateModified":"2026-01-03T08:45:49+00:00","description":"Drewniana zawieszka do auta z grawerem. Spersonalizuj zawieszk\u0119 dodaj\u0105c sw\u00f3j podpis. Przeka\u017c swoje uczucia w wyj\u0105tkowym stylu.","breadcrumb":{"@id":"https:\/\/www.drewnianamagia.pl\/index.php\/produkt\/zawieszka-do-auta-kochanie-nie-jedz-jak-wariat-grawer\/#breadcrumb"},"inLanguage":"pl-PL","potentialAction":[{"@type":"ReadAction","target":["https:\/\/www.drewnianamagia.pl\/index.php\/produkt\/zawieszka-do-auta-kochanie-nie-jedz-jak-wariat-grawer\/"]}]},{"@type":"ImageObject","inLanguage":"pl-PL","@id":"https:\/\/www.drewnianamagia.pl\/index.php\/produkt\/zawieszka-do-auta-kochanie-nie-jedz-jak-wariat-grawer\/#primaryimage","url":"https:\/\/www.drewnianamagia.pl\/wp-content\/uploads\/2024\/10\/Zawieszka-nie-jedz-jak-wariat.jpg","contentUrl":"https:\/\/www.drewnianamagia.pl\/wp-content\/uploads\/2024\/10\/Zawieszka-nie-jedz-jak-wariat.jpg","width":2000,"height":2000,"caption":"Zawieszka do auta Nie jed\u017a jak wariat"},{"@type":"BreadcrumbList","@id":"https:\/\/www.drewnianamagia.pl\/index.php\/produkt\/zawieszka-do-auta-kochanie-nie-jedz-jak-wariat-grawer\/#breadcrumb","itemListElement":[{"@type":"ListItem","position":1,"name":"Strona g\u0142\u00f3wna","item":"https:\/\/www.drewnianamagia.pl\/"},{"@type":"ListItem","position":2,"name":"Sklep","item":"https:\/\/www.drewnianamagia.pl\/index.php\/sklep-internetowy-drewnianamagia\/"},{"@type":"ListItem","position":3,"name":"Zawieszka do auta Kochanie nie jed\u017a jak WARIAT &#8211; grawer"}]},{"@type":"WebSite","@id":"https:\/\/www.drewnianamagia.pl\/#website","url":"https:\/\/www.drewnianamagia.pl\/","name":"Drewniana Magia","description":"Personalizowane prezenty i dekoracje z drewna i druku 3D, na ka\u017cd\u0105 okazj\u0119 i okoliczno\u015b\u0107. Urodziny, Chrzest, Przyj\u0119cie, \u015awi\u0119ta, \u015alub","publisher":{"@id":"https:\/\/www.drewnianamagia.pl\/#organization"},"potentialAction":[{"@type":"SearchAction","target":{"@type":"EntryPoint","urlTemplate":"https:\/\/www.drewnianamagia.pl\/?s={search_term_string}"},"query-input":{"@type":"PropertyValueSpecification","valueRequired":true,"valueName":"search_term_string"}}],"inLanguage":"pl-PL"},{"@type":"Organization","@id":"https:\/\/www.drewnianamagia.pl\/#organization","name":"Drewniana Magia","url":"https:\/\/www.drewnianamagia.pl\/","logo":{"@type":"ImageObject","inLanguage":"pl-PL","@id":"https:\/\/www.drewnianamagia.pl\/#\/schema\/logo\/image\/","url":"https:\/\/www.drewnianamagia.pl\/wp-content\/uploads\/2024\/02\/cropped-LOGO-DrewnianaMagia-375x188-1.png","contentUrl":"https:\/\/www.drewnianamagia.pl\/wp-content\/uploads\/2024\/02\/cropped-LOGO-DrewnianaMagia-375x188-1.png","width":374,"height":188,"caption":"Drewniana Magia"},"image":{"@id":"https:\/\/www.drewnianamagia.pl\/#\/schema\/logo\/image\/"},"sameAs":["https:\/\/facebook.com\/BelasDrewnianaMagia"]}]}},"_links":{"self":[{"href":"https:\/\/www.drewnianamagia.pl\/index.php\/wp-json\/wp\/v2\/product\/4375","targetHints":{"allow":["GET"]}}],"collection":[{"href":"https:\/\/www.drewnianamagia.pl\/index.php\/wp-json\/wp\/v2\/product"}],"about":[{"href":"https:\/\/www.drewnianamagia.pl\/index.php\/wp-json\/wp\/v2\/types\/product"}],"replies":[{"embeddable":true,"href":"https:\/\/www.drewnianamagia.pl\/index.php\/wp-json\/wp\/v2\/comments?post=4375"}],"wp:featuredmedia":[{"embeddable":true,"href":"https:\/\/www.drewnianamagia.pl\/index.php\/wp-json\/wp\/v2\/media\/4374"}],"wp:attachment":[{"href":"https:\/\/www.drewnianamagia.pl\/index.php\/wp-json\/wp\/v2\/media?parent=4375"}],"wp:term":[{"taxonomy":"product_brand","embeddable":true,"href":"https:\/\/www.drewnianamagia.pl\/index.php\/wp-json\/wp\/v2\/product_brand?post=4375"},{"taxonomy":"product_cat","embeddable":true,"href":"https:\/\/www.drewnianamagia.pl\/index.php\/wp-json\/wp\/v2\/product_cat?post=4375"},{"taxonomy":"product_tag","embeddable":true,"href":"https:\/\/www.drewnianamagia.pl\/index.php\/wp-json\/wp\/v2\/product_tag?post=4375"}],"curies":[{"name":"wp","href":"https:\/\/api.w.org\/{rel}","templated":true}]}}