{"id":4323,"date":"2024-09-26T11:24:49","date_gmt":"2024-09-26T09:24:49","guid":{"rendered":"https:\/\/www.drewnianamagia.pl\/?post_type=product&#038;p=4323"},"modified":"2024-12-13T12:28:18","modified_gmt":"2024-12-13T11:28:18","slug":"podkladka-pod-kubek-moje-pierwsze-urodziny-dla-gosci-personalizowana","status":"publish","type":"product","link":"https:\/\/www.drewnianamagia.pl\/index.php\/produkt\/podkladka-pod-kubek-moje-pierwsze-urodziny-dla-gosci-personalizowana\/","title":{"rendered":"Podk\u0142adka pod kubek \u201emoje pierwsze urodziny&#8221; dla go\u015bci &#8211; personalizowana"},"content":{"rendered":"\r\n<p style=\"text-align: center;\"><strong>Drewniana Podk\u0142adka pod Kubek &#8222;moje pierwsze urodziny&#8221; &#8211; dla go\u015bci<\/strong><\/p>\r\n\r\n\r\n\r\n<p>Je\u015bli chcesz w wyj\u0105tkowy spos\u00f3b przywita\u0107 go\u015bci na pierwszych urodzinach swojego dziecka &#8211; przeka\u017c im personalizowane podk\u0142adki pod kubek, kt\u00f3re wykorzystaj\u0105 podczas imprezy urodzinowej a po jej zako\u0144czeniu zabior\u0105 je ze sob\u0105. B\u0119dzie to dla nich praktyczna pami\u0105tka po tym wa\u017cnym dla Was dniu.<\/p>\r\n<p>Podk\u0142adka podlega pe\u0142nej personalizacji.<\/p>\r\n<p><strong>Podaj nam niezb\u0119dne informacje:<\/strong><\/p>\r\n<ul>\r\n<li>Imi\u0119 dziecka<\/li>\r\n<li>wag\u0119 dziecka<\/li>\r\n<li>wzrost dziecka<\/li>\r\n<li>ilo\u015b\u0107 z\u0105bk\u00f3w, kt\u00f3re ju\u017c si\u0119 pojawi\u0142y<\/li>\r\n<li>sekcja UMIEM (podaj do 5 istotnych dla Was czynno\u015bci)<\/li>\r\n<li>sekcja UWIELBIAM (podaj do 5 czynno\u015bci \/ przedmiot\u00f3w kt\u00f3re s\u0105 w najwi\u0119kszym zainteresowaniu dziecka)<\/li>\r\n<\/ul>\r\n\r\n\r\n\r\n<p><strong>Specyfikacje:<\/strong><\/p>\r\n\r\n\r\n\r\n<ul class=\"wp-block-list\">\r\n<li>Materia\u0142: Wysokiej jako\u015bci sklejka<\/li>\r\n\r\n\r\n\r\n<li>Grubo\u015b\u0107: ok 3mm<\/li>\r\n\r\n\r\n\r\n<li>\u015arednica: 9 cm<\/li>\r\n<li>grawer laserowy<\/li>\r\n<li>ilo\u015b\u0107 1szt.<\/li>\r\n<li>produkt r\u0119cznie szlifowany<\/li>\r\n<\/ul>\r\n<p>Przedstawione zdj\u0119cie g\u0142\u00f3wne produktu jest wizualizacj\u0105. Struktura i odcie\u0144 drewna oraz graweru mog\u0105 si\u0119 od siebie r\u00f3\u017cni\u0107.<\/p>\r\n\r\n\r\n\r\n\r\n\r\n\r\n\r\n<p id=\"block-7bb2b95a-8ab6-4d1a-a0c5-19030e722143\">\u00a0<\/p>\r\n","protected":false},"excerpt":{"rendered":"<p>Drewniana Podk\u0142adka pod Kubek &#8222;moje pierwsze urodziny&#8221; &#8211; dla go\u015bci Je\u015bli chcesz w wyj\u0105tkowy spos\u00f3b przywita\u0107 go\u015bci na pierwszych urodzinach swojego dziecka &#8211; przeka\u017c im personalizowane podk\u0142adki pod kubek, kt\u00f3re wykorzystaj\u0105 podczas imprezy urodzinowej a po jej zako\u0144czeniu zabior\u0105 je ze sob\u0105. B\u0119dzie to dla nich praktyczna pami\u0105tka po tym wa\u017cnym dla Was dniu. Podk\u0142adka [&hellip;]<\/p>\n","protected":false},"featured_media":4322,"comment_status":"open","ping_status":"closed","template":"","meta":{"_acf_changed":false},"product_brand":[],"product_cat":[106,38,96],"product_tag":[54,55],"class_list":{"0":"post-4323","1":"product","2":"type-product","3":"status-publish","4":"has-post-thumbnail","6":"product_cat-narodziny-dziecka","7":"product_cat-podkladki-pod-kubki","8":"product_cat-urodziny-imieniny","9":"product_tag-personalizacja","10":"product_tag-prezent","12":"first","13":"instock","14":"taxable","15":"shipping-taxable","16":"purchasable","17":"product-type-simple"},"acf":[],"yoast_head":"<!-- This site is optimized with the Yoast SEO plugin v27.5 - https:\/\/yoast.com\/product\/yoast-seo-wordpress\/ -->\n<title>Podk\u0142adka pod kubek \u201emoje pierwsze urodziny&quot; dla go\u015bci - personalizowana - Drewniana Magia<\/title>\n<meta name=\"description\" content=\"Personalizowana podk\u0142adka pod kubek dla go\u015bci z okazji pierwszych urodzin dziecka. Wykorzystaj podczas przyj\u0119cia urodzinowego i wr\u0119cz jako pami\u0105tk\u0119.\" \/>\n<meta name=\"robots\" content=\"index, follow, max-snippet:-1, max-image-preview:large, max-video-preview:-1\" \/>\n<link rel=\"canonical\" href=\"https:\/\/www.drewnianamagia.pl\/index.php\/produkt\/podkladka-pod-kubek-moje-pierwsze-urodziny-dla-gosci-personalizowana\/\" \/>\n<meta property=\"og:locale\" content=\"pl_PL\" \/>\n<meta property=\"og:type\" content=\"article\" \/>\n<meta property=\"og:title\" content=\"Podk\u0142adka pod kubek \u201emoje pierwsze urodziny&quot; dla go\u015bci - personalizowana - Drewniana Magia\" \/>\n<meta property=\"og:description\" content=\"Personalizowana podk\u0142adka pod kubek dla go\u015bci z okazji pierwszych urodzin dziecka. Wykorzystaj podczas przyj\u0119cia urodzinowego i wr\u0119cz jako pami\u0105tk\u0119.\" \/>\n<meta property=\"og:url\" content=\"https:\/\/www.drewnianamagia.pl\/index.php\/produkt\/podkladka-pod-kubek-moje-pierwsze-urodziny-dla-gosci-personalizowana\/\" \/>\n<meta property=\"og:site_name\" content=\"Drewniana Magia\" \/>\n<meta property=\"article:publisher\" content=\"https:\/\/facebook.com\/BelasDrewnianaMagia\" \/>\n<meta property=\"article:modified_time\" content=\"2024-12-13T11:28:18+00:00\" \/>\n<meta property=\"og:image\" content=\"https:\/\/www.drewnianamagia.pl\/wp-content\/uploads\/2024\/09\/projekt-wizualizacja-podkladka-Moje-Pierwsze-urodziny.jpg\" \/>\n\t<meta property=\"og:image:width\" content=\"1181\" \/>\n\t<meta property=\"og:image:height\" content=\"1181\" \/>\n\t<meta property=\"og:image:type\" content=\"image\/jpeg\" \/>\n<meta name=\"twitter:card\" content=\"summary_large_image\" \/>\n<meta name=\"twitter:label1\" content=\"Szacowany czas czytania\" \/>\n\t<meta name=\"twitter:data1\" content=\"1 minuta\" \/>\n<script type=\"application\/ld+json\" class=\"yoast-schema-graph\">{\"@context\":\"https:\\\/\\\/schema.org\",\"@graph\":[{\"@type\":\"WebPage\",\"@id\":\"https:\\\/\\\/www.drewnianamagia.pl\\\/index.php\\\/produkt\\\/podkladka-pod-kubek-moje-pierwsze-urodziny-dla-gosci-personalizowana\\\/\",\"url\":\"https:\\\/\\\/www.drewnianamagia.pl\\\/index.php\\\/produkt\\\/podkladka-pod-kubek-moje-pierwsze-urodziny-dla-gosci-personalizowana\\\/\",\"name\":\"Podk\u0142adka pod kubek \u201emoje pierwsze urodziny\\\" dla go\u015bci - personalizowana - Drewniana Magia\",\"isPartOf\":{\"@id\":\"https:\\\/\\\/www.drewnianamagia.pl\\\/#website\"},\"primaryImageOfPage\":{\"@id\":\"https:\\\/\\\/www.drewnianamagia.pl\\\/index.php\\\/produkt\\\/podkladka-pod-kubek-moje-pierwsze-urodziny-dla-gosci-personalizowana\\\/#primaryimage\"},\"image\":{\"@id\":\"https:\\\/\\\/www.drewnianamagia.pl\\\/index.php\\\/produkt\\\/podkladka-pod-kubek-moje-pierwsze-urodziny-dla-gosci-personalizowana\\\/#primaryimage\"},\"thumbnailUrl\":\"https:\\\/\\\/www.drewnianamagia.pl\\\/wp-content\\\/uploads\\\/2024\\\/09\\\/projekt-wizualizacja-podkladka-Moje-Pierwsze-urodziny.jpg\",\"datePublished\":\"2024-09-26T09:24:49+00:00\",\"dateModified\":\"2024-12-13T11:28:18+00:00\",\"description\":\"Personalizowana podk\u0142adka pod kubek dla go\u015bci z okazji pierwszych urodzin dziecka. Wykorzystaj podczas przyj\u0119cia urodzinowego i wr\u0119cz jako pami\u0105tk\u0119.\",\"breadcrumb\":{\"@id\":\"https:\\\/\\\/www.drewnianamagia.pl\\\/index.php\\\/produkt\\\/podkladka-pod-kubek-moje-pierwsze-urodziny-dla-gosci-personalizowana\\\/#breadcrumb\"},\"inLanguage\":\"pl-PL\",\"potentialAction\":[{\"@type\":\"ReadAction\",\"target\":[\"https:\\\/\\\/www.drewnianamagia.pl\\\/index.php\\\/produkt\\\/podkladka-pod-kubek-moje-pierwsze-urodziny-dla-gosci-personalizowana\\\/\"]}]},{\"@type\":\"ImageObject\",\"inLanguage\":\"pl-PL\",\"@id\":\"https:\\\/\\\/www.drewnianamagia.pl\\\/index.php\\\/produkt\\\/podkladka-pod-kubek-moje-pierwsze-urodziny-dla-gosci-personalizowana\\\/#primaryimage\",\"url\":\"https:\\\/\\\/www.drewnianamagia.pl\\\/wp-content\\\/uploads\\\/2024\\\/09\\\/projekt-wizualizacja-podkladka-Moje-Pierwsze-urodziny.jpg\",\"contentUrl\":\"https:\\\/\\\/www.drewnianamagia.pl\\\/wp-content\\\/uploads\\\/2024\\\/09\\\/projekt-wizualizacja-podkladka-Moje-Pierwsze-urodziny.jpg\",\"width\":1181,\"height\":1181,\"caption\":\"podk\u0142adka pod kubek Moje pierwsze urodziny\"},{\"@type\":\"BreadcrumbList\",\"@id\":\"https:\\\/\\\/www.drewnianamagia.pl\\\/index.php\\\/produkt\\\/podkladka-pod-kubek-moje-pierwsze-urodziny-dla-gosci-personalizowana\\\/#breadcrumb\",\"itemListElement\":[{\"@type\":\"ListItem\",\"position\":1,\"name\":\"Strona g\u0142\u00f3wna\",\"item\":\"https:\\\/\\\/www.drewnianamagia.pl\\\/\"},{\"@type\":\"ListItem\",\"position\":2,\"name\":\"Sklep\",\"item\":\"https:\\\/\\\/www.drewnianamagia.pl\\\/index.php\\\/sklep-internetowy-drewnianamagia\\\/\"},{\"@type\":\"ListItem\",\"position\":3,\"name\":\"Podk\u0142adka pod kubek \u201emoje pierwsze urodziny&#8221; dla go\u015bci &#8211; personalizowana\"}]},{\"@type\":\"WebSite\",\"@id\":\"https:\\\/\\\/www.drewnianamagia.pl\\\/#website\",\"url\":\"https:\\\/\\\/www.drewnianamagia.pl\\\/\",\"name\":\"Drewniana Magia\",\"description\":\"Personalizowane prezenty i dekoracje z drewna i druku 3D, na ka\u017cd\u0105 okazj\u0119 i okoliczno\u015b\u0107. Urodziny, Chrzest, Przyj\u0119cie, \u015awi\u0119ta, \u015alub\",\"publisher\":{\"@id\":\"https:\\\/\\\/www.drewnianamagia.pl\\\/#organization\"},\"potentialAction\":[{\"@type\":\"SearchAction\",\"target\":{\"@type\":\"EntryPoint\",\"urlTemplate\":\"https:\\\/\\\/www.drewnianamagia.pl\\\/?s={search_term_string}\"},\"query-input\":{\"@type\":\"PropertyValueSpecification\",\"valueRequired\":true,\"valueName\":\"search_term_string\"}}],\"inLanguage\":\"pl-PL\"},{\"@type\":\"Organization\",\"@id\":\"https:\\\/\\\/www.drewnianamagia.pl\\\/#organization\",\"name\":\"Drewniana Magia\",\"url\":\"https:\\\/\\\/www.drewnianamagia.pl\\\/\",\"logo\":{\"@type\":\"ImageObject\",\"inLanguage\":\"pl-PL\",\"@id\":\"https:\\\/\\\/www.drewnianamagia.pl\\\/#\\\/schema\\\/logo\\\/image\\\/\",\"url\":\"https:\\\/\\\/www.drewnianamagia.pl\\\/wp-content\\\/uploads\\\/2024\\\/02\\\/cropped-LOGO-DrewnianaMagia-375x188-1.png\",\"contentUrl\":\"https:\\\/\\\/www.drewnianamagia.pl\\\/wp-content\\\/uploads\\\/2024\\\/02\\\/cropped-LOGO-DrewnianaMagia-375x188-1.png\",\"width\":374,\"height\":188,\"caption\":\"Drewniana Magia\"},\"image\":{\"@id\":\"https:\\\/\\\/www.drewnianamagia.pl\\\/#\\\/schema\\\/logo\\\/image\\\/\"},\"sameAs\":[\"https:\\\/\\\/facebook.com\\\/BelasDrewnianaMagia\"]}]}<\/script>\n<!-- \/ Yoast SEO plugin. -->","yoast_head_json":{"title":"Podk\u0142adka pod kubek \u201emoje pierwsze urodziny\" dla go\u015bci - personalizowana - Drewniana Magia","description":"Personalizowana podk\u0142adka pod kubek dla go\u015bci z okazji pierwszych urodzin dziecka. Wykorzystaj podczas przyj\u0119cia urodzinowego i wr\u0119cz jako pami\u0105tk\u0119.","robots":{"index":"index","follow":"follow","max-snippet":"max-snippet:-1","max-image-preview":"max-image-preview:large","max-video-preview":"max-video-preview:-1"},"canonical":"https:\/\/www.drewnianamagia.pl\/index.php\/produkt\/podkladka-pod-kubek-moje-pierwsze-urodziny-dla-gosci-personalizowana\/","og_locale":"pl_PL","og_type":"article","og_title":"Podk\u0142adka pod kubek \u201emoje pierwsze urodziny\" dla go\u015bci - personalizowana - Drewniana Magia","og_description":"Personalizowana podk\u0142adka pod kubek dla go\u015bci z okazji pierwszych urodzin dziecka. Wykorzystaj podczas przyj\u0119cia urodzinowego i wr\u0119cz jako pami\u0105tk\u0119.","og_url":"https:\/\/www.drewnianamagia.pl\/index.php\/produkt\/podkladka-pod-kubek-moje-pierwsze-urodziny-dla-gosci-personalizowana\/","og_site_name":"Drewniana Magia","article_publisher":"https:\/\/facebook.com\/BelasDrewnianaMagia","article_modified_time":"2024-12-13T11:28:18+00:00","og_image":[{"width":1181,"height":1181,"url":"https:\/\/www.drewnianamagia.pl\/wp-content\/uploads\/2024\/09\/projekt-wizualizacja-podkladka-Moje-Pierwsze-urodziny.jpg","type":"image\/jpeg"}],"twitter_card":"summary_large_image","twitter_misc":{"Szacowany czas czytania":"1 minuta"},"schema":{"@context":"https:\/\/schema.org","@graph":[{"@type":"WebPage","@id":"https:\/\/www.drewnianamagia.pl\/index.php\/produkt\/podkladka-pod-kubek-moje-pierwsze-urodziny-dla-gosci-personalizowana\/","url":"https:\/\/www.drewnianamagia.pl\/index.php\/produkt\/podkladka-pod-kubek-moje-pierwsze-urodziny-dla-gosci-personalizowana\/","name":"Podk\u0142adka pod kubek \u201emoje pierwsze urodziny\" dla go\u015bci - personalizowana - Drewniana Magia","isPartOf":{"@id":"https:\/\/www.drewnianamagia.pl\/#website"},"primaryImageOfPage":{"@id":"https:\/\/www.drewnianamagia.pl\/index.php\/produkt\/podkladka-pod-kubek-moje-pierwsze-urodziny-dla-gosci-personalizowana\/#primaryimage"},"image":{"@id":"https:\/\/www.drewnianamagia.pl\/index.php\/produkt\/podkladka-pod-kubek-moje-pierwsze-urodziny-dla-gosci-personalizowana\/#primaryimage"},"thumbnailUrl":"https:\/\/www.drewnianamagia.pl\/wp-content\/uploads\/2024\/09\/projekt-wizualizacja-podkladka-Moje-Pierwsze-urodziny.jpg","datePublished":"2024-09-26T09:24:49+00:00","dateModified":"2024-12-13T11:28:18+00:00","description":"Personalizowana podk\u0142adka pod kubek dla go\u015bci z okazji pierwszych urodzin dziecka. Wykorzystaj podczas przyj\u0119cia urodzinowego i wr\u0119cz jako pami\u0105tk\u0119.","breadcrumb":{"@id":"https:\/\/www.drewnianamagia.pl\/index.php\/produkt\/podkladka-pod-kubek-moje-pierwsze-urodziny-dla-gosci-personalizowana\/#breadcrumb"},"inLanguage":"pl-PL","potentialAction":[{"@type":"ReadAction","target":["https:\/\/www.drewnianamagia.pl\/index.php\/produkt\/podkladka-pod-kubek-moje-pierwsze-urodziny-dla-gosci-personalizowana\/"]}]},{"@type":"ImageObject","inLanguage":"pl-PL","@id":"https:\/\/www.drewnianamagia.pl\/index.php\/produkt\/podkladka-pod-kubek-moje-pierwsze-urodziny-dla-gosci-personalizowana\/#primaryimage","url":"https:\/\/www.drewnianamagia.pl\/wp-content\/uploads\/2024\/09\/projekt-wizualizacja-podkladka-Moje-Pierwsze-urodziny.jpg","contentUrl":"https:\/\/www.drewnianamagia.pl\/wp-content\/uploads\/2024\/09\/projekt-wizualizacja-podkladka-Moje-Pierwsze-urodziny.jpg","width":1181,"height":1181,"caption":"podk\u0142adka pod kubek Moje pierwsze urodziny"},{"@type":"BreadcrumbList","@id":"https:\/\/www.drewnianamagia.pl\/index.php\/produkt\/podkladka-pod-kubek-moje-pierwsze-urodziny-dla-gosci-personalizowana\/#breadcrumb","itemListElement":[{"@type":"ListItem","position":1,"name":"Strona g\u0142\u00f3wna","item":"https:\/\/www.drewnianamagia.pl\/"},{"@type":"ListItem","position":2,"name":"Sklep","item":"https:\/\/www.drewnianamagia.pl\/index.php\/sklep-internetowy-drewnianamagia\/"},{"@type":"ListItem","position":3,"name":"Podk\u0142adka pod kubek \u201emoje pierwsze urodziny&#8221; dla go\u015bci &#8211; personalizowana"}]},{"@type":"WebSite","@id":"https:\/\/www.drewnianamagia.pl\/#website","url":"https:\/\/www.drewnianamagia.pl\/","name":"Drewniana Magia","description":"Personalizowane prezenty i dekoracje z drewna i druku 3D, na ka\u017cd\u0105 okazj\u0119 i okoliczno\u015b\u0107. Urodziny, Chrzest, Przyj\u0119cie, \u015awi\u0119ta, \u015alub","publisher":{"@id":"https:\/\/www.drewnianamagia.pl\/#organization"},"potentialAction":[{"@type":"SearchAction","target":{"@type":"EntryPoint","urlTemplate":"https:\/\/www.drewnianamagia.pl\/?s={search_term_string}"},"query-input":{"@type":"PropertyValueSpecification","valueRequired":true,"valueName":"search_term_string"}}],"inLanguage":"pl-PL"},{"@type":"Organization","@id":"https:\/\/www.drewnianamagia.pl\/#organization","name":"Drewniana Magia","url":"https:\/\/www.drewnianamagia.pl\/","logo":{"@type":"ImageObject","inLanguage":"pl-PL","@id":"https:\/\/www.drewnianamagia.pl\/#\/schema\/logo\/image\/","url":"https:\/\/www.drewnianamagia.pl\/wp-content\/uploads\/2024\/02\/cropped-LOGO-DrewnianaMagia-375x188-1.png","contentUrl":"https:\/\/www.drewnianamagia.pl\/wp-content\/uploads\/2024\/02\/cropped-LOGO-DrewnianaMagia-375x188-1.png","width":374,"height":188,"caption":"Drewniana Magia"},"image":{"@id":"https:\/\/www.drewnianamagia.pl\/#\/schema\/logo\/image\/"},"sameAs":["https:\/\/facebook.com\/BelasDrewnianaMagia"]}]}},"_links":{"self":[{"href":"https:\/\/www.drewnianamagia.pl\/index.php\/wp-json\/wp\/v2\/product\/4323","targetHints":{"allow":["GET"]}}],"collection":[{"href":"https:\/\/www.drewnianamagia.pl\/index.php\/wp-json\/wp\/v2\/product"}],"about":[{"href":"https:\/\/www.drewnianamagia.pl\/index.php\/wp-json\/wp\/v2\/types\/product"}],"replies":[{"embeddable":true,"href":"https:\/\/www.drewnianamagia.pl\/index.php\/wp-json\/wp\/v2\/comments?post=4323"}],"wp:featuredmedia":[{"embeddable":true,"href":"https:\/\/www.drewnianamagia.pl\/index.php\/wp-json\/wp\/v2\/media\/4322"}],"wp:attachment":[{"href":"https:\/\/www.drewnianamagia.pl\/index.php\/wp-json\/wp\/v2\/media?parent=4323"}],"wp:term":[{"taxonomy":"product_brand","embeddable":true,"href":"https:\/\/www.drewnianamagia.pl\/index.php\/wp-json\/wp\/v2\/product_brand?post=4323"},{"taxonomy":"product_cat","embeddable":true,"href":"https:\/\/www.drewnianamagia.pl\/index.php\/wp-json\/wp\/v2\/product_cat?post=4323"},{"taxonomy":"product_tag","embeddable":true,"href":"https:\/\/www.drewnianamagia.pl\/index.php\/wp-json\/wp\/v2\/product_tag?post=4323"}],"curies":[{"name":"wp","href":"https:\/\/api.w.org\/{rel}","templated":true}]}}