{"id":4313,"date":"2024-09-25T16:25:33","date_gmt":"2024-09-25T14:25:33","guid":{"rendered":"https:\/\/www.drewnianamagia.pl\/?post_type=product&#038;p=4313"},"modified":"2025-07-14T15:18:15","modified_gmt":"2025-07-14T13:18:15","slug":"medal-dla-chlopaka-super-chlopak-personalizowany","status":"publish","type":"product","link":"https:\/\/www.drewnianamagia.pl\/index.php\/produkt\/medal-dla-chlopaka-super-chlopak-personalizowany\/","title":{"rendered":"Medal dla Ch\u0142opaka &#8211; SUPER CH\u0141OPAK &#8211; personalizowany"},"content":{"rendered":"<p style=\"text-align: center;\"><strong>Medal dla Ch\u0142opaka &#8222;Super Ch\u0142opak&#8221;<\/strong><\/p>\n<p>Drewniany medal personalizowany z napisem &#8222;Super Ch\u0142opak&#8221; oraz wygrawerowanym imieniem.<\/p>\n<p>Sprawdzi si\u0119 jako dodatek do prezentu na ka\u017cd\u0105 okazj\u0119 lub upominek wr\u0119czany z okazji Dnia Ch\u0142opaka.<\/p>\n<p>Wykonany z wysokiej jako\u015bci sklejki, grawerowany laserowo.<\/p>\n<p><strong>Personalizacja<\/strong>: podaj imi\u0119 jakie ma zosta\u0107 wygrawerowane na medalu<\/p>\n<p><strong>Specyfikacja:<\/strong><\/p>\n<ul>\n<li>\u015brednica:\u00a0 6cm<\/li>\n<li>grubo\u015b\u0107: ok. 3mm<\/li>\n<li>materia\u0142: sklejka drewniana<\/li>\n<li>szeroko\u015b\u0107 otworu na wst\u0105\u017ck\u0119: 2cm<\/li>\n<li>ilo\u015b\u0107: 1szt.<\/li>\n<\/ul>\n<p>*W zestawie brak wst\u0105\u017cki<\/p>\n","protected":false},"excerpt":{"rendered":"<p>Medal dla Ch\u0142opaka &#8222;Super Ch\u0142opak&#8221; Drewniany medal personalizowany z napisem &#8222;Super Ch\u0142opak&#8221; oraz wygrawerowanym imieniem. Sprawdzi si\u0119 jako dodatek do prezentu na ka\u017cd\u0105 okazj\u0119 lub upominek wr\u0119czany z okazji Dnia Ch\u0142opaka. Wykonany z wysokiej jako\u015bci sklejki, grawerowany laserowo. Personalizacja: podaj imi\u0119 jakie ma zosta\u0107 wygrawerowane na medalu Specyfikacja: \u015brednica:\u00a0 6cm grubo\u015b\u0107: ok. 3mm materia\u0142: sklejka [&hellip;]<\/p>\n","protected":false},"featured_media":4301,"comment_status":"open","ping_status":"closed","template":"","meta":{"_acf_changed":false},"product_brand":[],"product_cat":[109,101,92,96],"product_tag":[142,54],"class_list":{"0":"post-4313","1":"product","2":"type-product","3":"status-publish","4":"has-post-thumbnail","6":"product_cat-dzien-chlopaka","7":"product_cat-dzien-dziecka","8":"product_cat-gadzety","9":"product_cat-urodziny-imieniny","10":"product_tag-dzien-chlopaka","11":"product_tag-personalizacja","13":"first","14":"instock","15":"taxable","16":"shipping-taxable","17":"purchasable","18":"product-type-simple"},"acf":[],"yoast_head":"<!-- This site is optimized with the Yoast SEO plugin v27.5 - https:\/\/yoast.com\/product\/yoast-seo-wordpress\/ -->\n<title>Medal dla Ch\u0142opaka - SUPER CH\u0141OPAK - personalizowany - Drewniana Magia<\/title>\n<meta name=\"description\" content=\"Medal - Super Ch\u0142opak - idealny dodatek do prezentu dla ch\u0142opaka lub upominek z okazji Dnia Ch\u0142opaka. Personalizowany z imieniem.\" \/>\n<meta name=\"robots\" content=\"index, follow, max-snippet:-1, max-image-preview:large, max-video-preview:-1\" \/>\n<link rel=\"canonical\" href=\"https:\/\/www.drewnianamagia.pl\/index.php\/produkt\/medal-dla-chlopaka-super-chlopak-personalizowany\/\" \/>\n<meta property=\"og:locale\" content=\"pl_PL\" \/>\n<meta property=\"og:type\" content=\"article\" \/>\n<meta property=\"og:title\" content=\"Medal dla Ch\u0142opaka - SUPER CH\u0141OPAK - personalizowany - Drewniana Magia\" \/>\n<meta property=\"og:description\" content=\"Medal - Super Ch\u0142opak - idealny dodatek do prezentu dla ch\u0142opaka lub upominek z okazji Dnia Ch\u0142opaka. Personalizowany z imieniem.\" \/>\n<meta property=\"og:url\" content=\"https:\/\/www.drewnianamagia.pl\/index.php\/produkt\/medal-dla-chlopaka-super-chlopak-personalizowany\/\" \/>\n<meta property=\"og:site_name\" content=\"Drewniana Magia\" \/>\n<meta property=\"article:publisher\" content=\"https:\/\/facebook.com\/BelasDrewnianaMagia\" \/>\n<meta property=\"article:modified_time\" content=\"2025-07-14T13:18:15+00:00\" \/>\n<meta property=\"og:image\" content=\"https:\/\/www.drewnianamagia.pl\/wp-content\/uploads\/2024\/09\/medal-01.jpg\" \/>\n\t<meta property=\"og:image:width\" content=\"2000\" \/>\n\t<meta property=\"og:image:height\" content=\"2000\" \/>\n\t<meta property=\"og:image:type\" content=\"image\/jpeg\" \/>\n<meta name=\"twitter:card\" content=\"summary_large_image\" \/>\n<meta name=\"twitter:label1\" content=\"Szacowany czas czytania\" \/>\n\t<meta name=\"twitter:data1\" content=\"1 minuta\" \/>\n<script type=\"application\/ld+json\" class=\"yoast-schema-graph\">{\"@context\":\"https:\\\/\\\/schema.org\",\"@graph\":[{\"@type\":\"WebPage\",\"@id\":\"https:\\\/\\\/www.drewnianamagia.pl\\\/index.php\\\/produkt\\\/medal-dla-chlopaka-super-chlopak-personalizowany\\\/\",\"url\":\"https:\\\/\\\/www.drewnianamagia.pl\\\/index.php\\\/produkt\\\/medal-dla-chlopaka-super-chlopak-personalizowany\\\/\",\"name\":\"Medal dla Ch\u0142opaka - SUPER CH\u0141OPAK - personalizowany - Drewniana Magia\",\"isPartOf\":{\"@id\":\"https:\\\/\\\/www.drewnianamagia.pl\\\/#website\"},\"primaryImageOfPage\":{\"@id\":\"https:\\\/\\\/www.drewnianamagia.pl\\\/index.php\\\/produkt\\\/medal-dla-chlopaka-super-chlopak-personalizowany\\\/#primaryimage\"},\"image\":{\"@id\":\"https:\\\/\\\/www.drewnianamagia.pl\\\/index.php\\\/produkt\\\/medal-dla-chlopaka-super-chlopak-personalizowany\\\/#primaryimage\"},\"thumbnailUrl\":\"https:\\\/\\\/www.drewnianamagia.pl\\\/wp-content\\\/uploads\\\/2024\\\/09\\\/medal-01.jpg\",\"datePublished\":\"2024-09-25T14:25:33+00:00\",\"dateModified\":\"2025-07-14T13:18:15+00:00\",\"description\":\"Medal - Super Ch\u0142opak - idealny dodatek do prezentu dla ch\u0142opaka lub upominek z okazji Dnia Ch\u0142opaka. Personalizowany z imieniem.\",\"breadcrumb\":{\"@id\":\"https:\\\/\\\/www.drewnianamagia.pl\\\/index.php\\\/produkt\\\/medal-dla-chlopaka-super-chlopak-personalizowany\\\/#breadcrumb\"},\"inLanguage\":\"pl-PL\",\"potentialAction\":[{\"@type\":\"ReadAction\",\"target\":[\"https:\\\/\\\/www.drewnianamagia.pl\\\/index.php\\\/produkt\\\/medal-dla-chlopaka-super-chlopak-personalizowany\\\/\"]}]},{\"@type\":\"ImageObject\",\"inLanguage\":\"pl-PL\",\"@id\":\"https:\\\/\\\/www.drewnianamagia.pl\\\/index.php\\\/produkt\\\/medal-dla-chlopaka-super-chlopak-personalizowany\\\/#primaryimage\",\"url\":\"https:\\\/\\\/www.drewnianamagia.pl\\\/wp-content\\\/uploads\\\/2024\\\/09\\\/medal-01.jpg\",\"contentUrl\":\"https:\\\/\\\/www.drewnianamagia.pl\\\/wp-content\\\/uploads\\\/2024\\\/09\\\/medal-01.jpg\",\"width\":2000,\"height\":2000,\"caption\":\"Medal - super ch\u0142opak\"},{\"@type\":\"BreadcrumbList\",\"@id\":\"https:\\\/\\\/www.drewnianamagia.pl\\\/index.php\\\/produkt\\\/medal-dla-chlopaka-super-chlopak-personalizowany\\\/#breadcrumb\",\"itemListElement\":[{\"@type\":\"ListItem\",\"position\":1,\"name\":\"Strona g\u0142\u00f3wna\",\"item\":\"https:\\\/\\\/www.drewnianamagia.pl\\\/\"},{\"@type\":\"ListItem\",\"position\":2,\"name\":\"Sklep\",\"item\":\"https:\\\/\\\/www.drewnianamagia.pl\\\/index.php\\\/sklep-internetowy-drewnianamagia\\\/\"},{\"@type\":\"ListItem\",\"position\":3,\"name\":\"Medal dla Ch\u0142opaka &#8211; SUPER CH\u0141OPAK &#8211; personalizowany\"}]},{\"@type\":\"WebSite\",\"@id\":\"https:\\\/\\\/www.drewnianamagia.pl\\\/#website\",\"url\":\"https:\\\/\\\/www.drewnianamagia.pl\\\/\",\"name\":\"Drewniana Magia\",\"description\":\"Personalizowane prezenty i dekoracje z drewna i druku 3D, na ka\u017cd\u0105 okazj\u0119 i okoliczno\u015b\u0107. Urodziny, Chrzest, Przyj\u0119cie, \u015awi\u0119ta, \u015alub\",\"publisher\":{\"@id\":\"https:\\\/\\\/www.drewnianamagia.pl\\\/#organization\"},\"potentialAction\":[{\"@type\":\"SearchAction\",\"target\":{\"@type\":\"EntryPoint\",\"urlTemplate\":\"https:\\\/\\\/www.drewnianamagia.pl\\\/?s={search_term_string}\"},\"query-input\":{\"@type\":\"PropertyValueSpecification\",\"valueRequired\":true,\"valueName\":\"search_term_string\"}}],\"inLanguage\":\"pl-PL\"},{\"@type\":\"Organization\",\"@id\":\"https:\\\/\\\/www.drewnianamagia.pl\\\/#organization\",\"name\":\"Drewniana Magia\",\"url\":\"https:\\\/\\\/www.drewnianamagia.pl\\\/\",\"logo\":{\"@type\":\"ImageObject\",\"inLanguage\":\"pl-PL\",\"@id\":\"https:\\\/\\\/www.drewnianamagia.pl\\\/#\\\/schema\\\/logo\\\/image\\\/\",\"url\":\"https:\\\/\\\/www.drewnianamagia.pl\\\/wp-content\\\/uploads\\\/2024\\\/02\\\/cropped-LOGO-DrewnianaMagia-375x188-1.png\",\"contentUrl\":\"https:\\\/\\\/www.drewnianamagia.pl\\\/wp-content\\\/uploads\\\/2024\\\/02\\\/cropped-LOGO-DrewnianaMagia-375x188-1.png\",\"width\":374,\"height\":188,\"caption\":\"Drewniana Magia\"},\"image\":{\"@id\":\"https:\\\/\\\/www.drewnianamagia.pl\\\/#\\\/schema\\\/logo\\\/image\\\/\"},\"sameAs\":[\"https:\\\/\\\/facebook.com\\\/BelasDrewnianaMagia\"]}]}<\/script>\n<!-- \/ Yoast SEO plugin. -->","yoast_head_json":{"title":"Medal dla Ch\u0142opaka - SUPER CH\u0141OPAK - personalizowany - Drewniana Magia","description":"Medal - Super Ch\u0142opak - idealny dodatek do prezentu dla ch\u0142opaka lub upominek z okazji Dnia Ch\u0142opaka. Personalizowany z imieniem.","robots":{"index":"index","follow":"follow","max-snippet":"max-snippet:-1","max-image-preview":"max-image-preview:large","max-video-preview":"max-video-preview:-1"},"canonical":"https:\/\/www.drewnianamagia.pl\/index.php\/produkt\/medal-dla-chlopaka-super-chlopak-personalizowany\/","og_locale":"pl_PL","og_type":"article","og_title":"Medal dla Ch\u0142opaka - SUPER CH\u0141OPAK - personalizowany - Drewniana Magia","og_description":"Medal - Super Ch\u0142opak - idealny dodatek do prezentu dla ch\u0142opaka lub upominek z okazji Dnia Ch\u0142opaka. Personalizowany z imieniem.","og_url":"https:\/\/www.drewnianamagia.pl\/index.php\/produkt\/medal-dla-chlopaka-super-chlopak-personalizowany\/","og_site_name":"Drewniana Magia","article_publisher":"https:\/\/facebook.com\/BelasDrewnianaMagia","article_modified_time":"2025-07-14T13:18:15+00:00","og_image":[{"width":2000,"height":2000,"url":"https:\/\/www.drewnianamagia.pl\/wp-content\/uploads\/2024\/09\/medal-01.jpg","type":"image\/jpeg"}],"twitter_card":"summary_large_image","twitter_misc":{"Szacowany czas czytania":"1 minuta"},"schema":{"@context":"https:\/\/schema.org","@graph":[{"@type":"WebPage","@id":"https:\/\/www.drewnianamagia.pl\/index.php\/produkt\/medal-dla-chlopaka-super-chlopak-personalizowany\/","url":"https:\/\/www.drewnianamagia.pl\/index.php\/produkt\/medal-dla-chlopaka-super-chlopak-personalizowany\/","name":"Medal dla Ch\u0142opaka - SUPER CH\u0141OPAK - personalizowany - Drewniana Magia","isPartOf":{"@id":"https:\/\/www.drewnianamagia.pl\/#website"},"primaryImageOfPage":{"@id":"https:\/\/www.drewnianamagia.pl\/index.php\/produkt\/medal-dla-chlopaka-super-chlopak-personalizowany\/#primaryimage"},"image":{"@id":"https:\/\/www.drewnianamagia.pl\/index.php\/produkt\/medal-dla-chlopaka-super-chlopak-personalizowany\/#primaryimage"},"thumbnailUrl":"https:\/\/www.drewnianamagia.pl\/wp-content\/uploads\/2024\/09\/medal-01.jpg","datePublished":"2024-09-25T14:25:33+00:00","dateModified":"2025-07-14T13:18:15+00:00","description":"Medal - Super Ch\u0142opak - idealny dodatek do prezentu dla ch\u0142opaka lub upominek z okazji Dnia Ch\u0142opaka. Personalizowany z imieniem.","breadcrumb":{"@id":"https:\/\/www.drewnianamagia.pl\/index.php\/produkt\/medal-dla-chlopaka-super-chlopak-personalizowany\/#breadcrumb"},"inLanguage":"pl-PL","potentialAction":[{"@type":"ReadAction","target":["https:\/\/www.drewnianamagia.pl\/index.php\/produkt\/medal-dla-chlopaka-super-chlopak-personalizowany\/"]}]},{"@type":"ImageObject","inLanguage":"pl-PL","@id":"https:\/\/www.drewnianamagia.pl\/index.php\/produkt\/medal-dla-chlopaka-super-chlopak-personalizowany\/#primaryimage","url":"https:\/\/www.drewnianamagia.pl\/wp-content\/uploads\/2024\/09\/medal-01.jpg","contentUrl":"https:\/\/www.drewnianamagia.pl\/wp-content\/uploads\/2024\/09\/medal-01.jpg","width":2000,"height":2000,"caption":"Medal - super ch\u0142opak"},{"@type":"BreadcrumbList","@id":"https:\/\/www.drewnianamagia.pl\/index.php\/produkt\/medal-dla-chlopaka-super-chlopak-personalizowany\/#breadcrumb","itemListElement":[{"@type":"ListItem","position":1,"name":"Strona g\u0142\u00f3wna","item":"https:\/\/www.drewnianamagia.pl\/"},{"@type":"ListItem","position":2,"name":"Sklep","item":"https:\/\/www.drewnianamagia.pl\/index.php\/sklep-internetowy-drewnianamagia\/"},{"@type":"ListItem","position":3,"name":"Medal dla Ch\u0142opaka &#8211; SUPER CH\u0141OPAK &#8211; personalizowany"}]},{"@type":"WebSite","@id":"https:\/\/www.drewnianamagia.pl\/#website","url":"https:\/\/www.drewnianamagia.pl\/","name":"Drewniana Magia","description":"Personalizowane prezenty i dekoracje z drewna i druku 3D, na ka\u017cd\u0105 okazj\u0119 i okoliczno\u015b\u0107. Urodziny, Chrzest, Przyj\u0119cie, \u015awi\u0119ta, \u015alub","publisher":{"@id":"https:\/\/www.drewnianamagia.pl\/#organization"},"potentialAction":[{"@type":"SearchAction","target":{"@type":"EntryPoint","urlTemplate":"https:\/\/www.drewnianamagia.pl\/?s={search_term_string}"},"query-input":{"@type":"PropertyValueSpecification","valueRequired":true,"valueName":"search_term_string"}}],"inLanguage":"pl-PL"},{"@type":"Organization","@id":"https:\/\/www.drewnianamagia.pl\/#organization","name":"Drewniana Magia","url":"https:\/\/www.drewnianamagia.pl\/","logo":{"@type":"ImageObject","inLanguage":"pl-PL","@id":"https:\/\/www.drewnianamagia.pl\/#\/schema\/logo\/image\/","url":"https:\/\/www.drewnianamagia.pl\/wp-content\/uploads\/2024\/02\/cropped-LOGO-DrewnianaMagia-375x188-1.png","contentUrl":"https:\/\/www.drewnianamagia.pl\/wp-content\/uploads\/2024\/02\/cropped-LOGO-DrewnianaMagia-375x188-1.png","width":374,"height":188,"caption":"Drewniana Magia"},"image":{"@id":"https:\/\/www.drewnianamagia.pl\/#\/schema\/logo\/image\/"},"sameAs":["https:\/\/facebook.com\/BelasDrewnianaMagia"]}]}},"_links":{"self":[{"href":"https:\/\/www.drewnianamagia.pl\/index.php\/wp-json\/wp\/v2\/product\/4313","targetHints":{"allow":["GET"]}}],"collection":[{"href":"https:\/\/www.drewnianamagia.pl\/index.php\/wp-json\/wp\/v2\/product"}],"about":[{"href":"https:\/\/www.drewnianamagia.pl\/index.php\/wp-json\/wp\/v2\/types\/product"}],"replies":[{"embeddable":true,"href":"https:\/\/www.drewnianamagia.pl\/index.php\/wp-json\/wp\/v2\/comments?post=4313"}],"wp:featuredmedia":[{"embeddable":true,"href":"https:\/\/www.drewnianamagia.pl\/index.php\/wp-json\/wp\/v2\/media\/4301"}],"wp:attachment":[{"href":"https:\/\/www.drewnianamagia.pl\/index.php\/wp-json\/wp\/v2\/media?parent=4313"}],"wp:term":[{"taxonomy":"product_brand","embeddable":true,"href":"https:\/\/www.drewnianamagia.pl\/index.php\/wp-json\/wp\/v2\/product_brand?post=4313"},{"taxonomy":"product_cat","embeddable":true,"href":"https:\/\/www.drewnianamagia.pl\/index.php\/wp-json\/wp\/v2\/product_cat?post=4313"},{"taxonomy":"product_tag","embeddable":true,"href":"https:\/\/www.drewnianamagia.pl\/index.php\/wp-json\/wp\/v2\/product_tag?post=4313"}],"curies":[{"name":"wp","href":"https:\/\/api.w.org\/{rel}","templated":true}]}}