{"id":4235,"date":"2024-09-13T09:55:19","date_gmt":"2024-09-13T07:55:19","guid":{"rendered":"https:\/\/www.drewnianamagia.pl\/?post_type=product&#038;p=4235"},"modified":"2025-09-16T14:00:12","modified_gmt":"2025-09-16T12:00:12","slug":"skarbonka-wykreslanka-od-180-do-5-000-zl-personalizowana","status":"publish","type":"product","link":"https:\/\/www.drewnianamagia.pl\/index.php\/produkt\/skarbonka-wykreslanka-od-180-do-5-000-zl-personalizowana\/","title":{"rendered":"Skarbonka wykre\u015blanka od 180 do 5.000 z\u0142 &#8211; personalizowana"},"content":{"rendered":"<h1 style=\"text-align: center;\"><strong>Skarbonka wykre\u015blanka<\/strong><\/h1>\n<p>Personalizowana skarbonka wykre\u015blanka z wymiennymi celami. Wielorazowego u\u017cytku.<\/p>\n<p><strong>Produkt otrzymasz gotowy do u\u017cytku &#8211; z\u0142o\u017cony i sklejony z zamontowan\u0105 wk\u0142adk\u0105 oraz ramk\u0105.<\/strong><\/p>\n<p>Nasza personalizowana <strong>skarbonka wykre\u015blanka<\/strong> z wymiennymi celami to doskona\u0142e narz\u0119dzie do oszcz\u0119dzania i planowania wydatk\u00f3w. Niezale\u017cnie od tego, czy marzysz o nowej sukience, samochodzie, czy rodzinnych wakacjach, odk\u0142adanie pieni\u0119dzy do tej skarbonki pozwoli Ci wizualnie \u015bledzi\u0107 post\u0119py w realizacji swoich plan\u00f3w.<\/p>\n<p>Skarbonka wykre\u015blanka to tak\u017ce \u015bwietny spos\u00f3b na nauk\u0119 oszcz\u0119dzania dla dzieci. Wsp\u00f3lne wyznaczanie cel\u00f3w, takich jak nowa zabawka czy wyj\u015bcie do kina, pomo\u017ce najm\u0142odszym zrozumie\u0107, jak wa\u017cne jest odk\u0142adanie pieni\u0119dzy. Mo\u017cliwo\u015b\u0107 posiadania kilku skarbonek i oznaczenia ich r\u00f3\u017cnymi celami czyni oszcz\u0119dzanie bardziej anga\u017cuj\u0105cym i motywuj\u0105cym.<\/p>\n<p>Z nasz\u0105 <strong>skarbonk\u0105-wykre\u015blank\u0105<\/strong> nie tylko zbli\u017cysz si\u0119 do realizacji swoich finansowych zamierze\u0144, ale tak\u017ce wprowadzisz element zabawy i edukacji do codziennego \u017cycia. To idealny prezent dla ka\u017cdego, kto chce skutecznie zarz\u0105dza\u0107 swoimi oszcz\u0119dno\u015bciami i czerpa\u0107 satysfakcj\u0119 z osi\u0105gania wyznaczonych cel\u00f3w.<\/p>\n<p>Po osi\u0105gni\u0119ciu celu, zdemontuj kolorow\u0105 ramk\u0119, kt\u00f3ra trzyma tekturow\u0105 wk\u0142adk\u0119 &#8211; wykre\u015blank\u0119 a nast\u0119pnie z ukrytego za ni\u0105 otworu wysyp uzbierane pieni\u0105dze. Zamontuj now\u0105 wk\u0142adk\u0119 i rozpocznij od pocz\u0105tku przygod\u0119 oszcz\u0119dzania na kolejny cel.<\/p>\n<p>Skarbonka zosta\u0142a przez Nas zaprojektowana w taki spos\u00f3b aby by\u0142a uniwersalna i odpowiada\u0142a na potrzeby wi\u0119kszo\u015bci u\u017cytkownik\u00f3w. B\u0119dzie odpowiednia dla tych, kt\u00f3rzy chc\u0105 odk\u0142ada\u0107 wi\u0119ksze kwoty oraz dla tych, kt\u00f3rych celem b\u0119d\u0105 niewielkie sumy. Nada si\u0119 do zbierania pieni\u0119dzy przez doros\u0142ych jak i przez dzieci. Dzi\u0119ki mo\u017cliwo\u015bci wymiany wk\u0142adki &#8211; wykre\u015blanki zbieranie na drobne cele staje si\u0119 przyjemno\u015bci\u0105 i nie wymaga kolejnego zakupu ca\u0142ej skarbonki.<\/p>\n<p><strong>Zestaw zawiera:<\/strong><\/p>\n<ul>\n<li>drewnian\u0105 skarbonk\u0119 wykonan\u0105 z wysokiej jako\u015bci sklejki<\/li>\n<li>wk\u0142adk\u0119 wykre\u015blank\u0119 &#8211; w pe\u0142ni personalizowan\u0105 &#8211;\u00a0 wykonan\u0105 z grubego (300g\/m2) papieru satynowego. Zaprojektowan\u0105 specjalnie pod wybran\u0105 sum\u0119. Zawiera 180 p\u00f3l, kt\u00f3re po zsumowaniu tworz\u0105 ca\u0142\u0105 kwot\u0119. Im wy\u017csza kwota tym wi\u0119ksze nomina\u0142y znajd\u0105 si\u0119 na wykre\u015blance.<\/li>\n<li>Ramk\u0119 trzymaj\u0105c\u0105 wk\u0142adk\u0119 w wybranym przez siebie kolorze &#8211; zaprojektowan\u0105 specjalnie dla tej skarbonki i wykonan\u0105 przez nas z biodegradowalnego tworzywa PLA.<\/li>\n<\/ul>\n<p><strong>Ca\u0142o\u015b\u0107 wysy\u0142amy sklejone i z\u0142o\u017cone.<\/strong><\/p>\n<p style=\"text-align: center;\"><img loading=\"lazy\" decoding=\"async\" class=\"aligncenter size-medium wp-image-4236\" src=\"https:\/\/www.drewnianamagia.pl\/wp-content\/uploads\/2024\/09\/ramka-skarbonka-personalizacja-3-300x300.jpg\" alt=\"personalizacja\" width=\"300\" height=\"300\" srcset=\"https:\/\/www.drewnianamagia.pl\/wp-content\/uploads\/2024\/09\/ramka-skarbonka-personalizacja-3-300x300.jpg 300w, https:\/\/www.drewnianamagia.pl\/wp-content\/uploads\/2024\/09\/ramka-skarbonka-personalizacja-3-324x324.jpg 324w, https:\/\/www.drewnianamagia.pl\/wp-content\/uploads\/2024\/09\/ramka-skarbonka-personalizacja-3-100x100.jpg 100w, https:\/\/www.drewnianamagia.pl\/wp-content\/uploads\/2024\/09\/ramka-skarbonka-personalizacja-3-416x416.jpg 416w, https:\/\/www.drewnianamagia.pl\/wp-content\/uploads\/2024\/09\/ramka-skarbonka-personalizacja-3-150x150.jpg 150w, https:\/\/www.drewnianamagia.pl\/wp-content\/uploads\/2024\/09\/ramka-skarbonka-personalizacja-3-768x768.jpg 768w, https:\/\/www.drewnianamagia.pl\/wp-content\/uploads\/2024\/09\/ramka-skarbonka-personalizacja-3.jpg 1000w\" sizes=\"auto, (max-width: 300px) 100vw, 300px\" \/><\/p>\n<p>&nbsp;<\/p>\n<h4><strong>PERSONALIZACJA:<\/strong><\/h4>\n<p>Pami\u0119taj aby w opisie personalizacji uwzgl\u0119dni\u0107 nast\u0119puj\u0105ce informacje:<\/p>\n<ul>\n<li>[Personalizacja wk\u0142adki] <strong>Kwota<\/strong>, np. 1000 z\u0142 &#8211;\u00a0 (mo\u017cesz poda\u0107 dowoln\u0105 w przedziale od 180 z\u0142 do 5.000 z\u0142 &#8211; zaprojektujemy dla Ciebie tabel\u0119 w taki spos\u00f3b aby suma liczb wynios\u0142a warto\u015b\u0107 celu oraz wpiszemy t\u0119 warto\u015b\u0107 pod tabel\u0105 z prawej strony) W przypadku braku tej informacji otrzymasz skarbonk\u0119 z kwot\u0105 5000 z\u0142<\/li>\n<li>[Personalizacja wk\u0142adki] <strong>Tekst nad tabel\u0105,<\/strong> np. Zbieram na Wakacje &#8211; (Na wykre\u015blance &#8211; nad tabelk\u0105 nadrukujemy wybrany przez Ciebie tekst). W przypadku braku tej informacji otrzymasz skarbonk\u0119 z tekstem &#8222;Na marzenia do spe\u0142nienia&#8221;<\/li>\n<li>[Personalizacja wk\u0142adki] <strong>Tekst na dole pod tabelk\u0105<\/strong>, np. Wyzwanie &#8211; (Mo\u017cemy wpisa\u0107 cokolwiek. Najpopularniejsze to Wyzwanie oraz Cel, jednak mo\u017cemy wpisa\u0107 tam cokolwiek zechcesz). W przypadku braku tej informacji otrzymasz skarbonk\u0119 z tekstem &#8222;Wyzwanie&#8221;<\/li>\n<li>[Personalizacja wk\u0142adki] <strong>Wariant wk\u0142adki<\/strong> &#8211; do wyboru z grafik\u0105 niebieskiej \u015bwinki lub worka z pieni\u0119dzmi tworz\u0105ca t\u0142o tabeli. W przypadku braku tej informacji otrzymasz wariant z niebiesk\u0105 \u015bwink\u0105.<\/li>\n<li>[Personalizacja ramki] <strong>Kolor ramki<\/strong> &#8211; do wyboru: czarna, czerwona, niebieska, bia\u0142a. W przypadku braku tej informacji otrzymasz ramk\u0119 w kolorze czerwonym.<\/li>\n<\/ul>\n<p>Skarbonka ma wymiary 20cm x 14cm x 5cm<\/p>\n<p>Istnieje mo\u017cliwo\u015b\u0107 dokupienia samych wk\u0142adek &#8211; dost\u0119pnych w oddzielnej ofercie.<\/p>\n<p>Je\u015bli potrzebujesz wi\u0119kszej skarbonki &#8211; zajrzyj do pozosta\u0142ych ofert.<\/p>\n<p>Przedstawione na zdj\u0119ciach pieni\u0105dze oraz marker nie wchodzi w sk\u0142ad zestawu.<\/p>\n","protected":false},"excerpt":{"rendered":"<p>Skarbonka wykre\u015blanka Personalizowana skarbonka wykre\u015blanka z wymiennymi celami. Wielorazowego u\u017cytku. Produkt otrzymasz gotowy do u\u017cytku &#8211; z\u0142o\u017cony i sklejony z zamontowan\u0105 wk\u0142adk\u0105 oraz ramk\u0105. Nasza personalizowana skarbonka wykre\u015blanka z wymiennymi celami to doskona\u0142e narz\u0119dzie do oszcz\u0119dzania i planowania wydatk\u00f3w. Niezale\u017cnie od tego, czy marzysz o nowej sukience, samochodzie, czy rodzinnych wakacjach, odk\u0142adanie pieni\u0119dzy do tej [&hellip;]<\/p>\n","protected":false},"featured_media":4178,"comment_status":"open","ping_status":"closed","template":"","meta":{"_acf_changed":false},"product_brand":[],"product_cat":[109,101,92,145,96],"product_tag":[138,54,139,58,141],"class_list":{"0":"post-4235","1":"product","2":"type-product","3":"status-publish","4":"has-post-thumbnail","6":"product_cat-dzien-chlopaka","7":"product_cat-dzien-dziecka","8":"product_cat-gadzety","9":"product_cat-skarbonki","10":"product_cat-urodziny-imieniny","11":"product_tag-oszczedzanie","12":"product_tag-personalizacja","13":"product_tag-pieniadze","14":"product_tag-skarbonka","15":"product_tag-wykreslanka","17":"first","18":"outofstock","19":"taxable","20":"shipping-taxable","21":"purchasable","22":"product-type-simple"},"acf":[],"yoast_head":"<!-- This site is optimized with the Yoast SEO plugin v27.3 - https:\/\/yoast.com\/product\/yoast-seo-wordpress\/ -->\n<title>Skarbonka wykre\u015blanka od 180 do 5.000 z\u0142 - personalizowana - Drewniana Magia<\/title>\n<meta name=\"description\" content=\"Personalizowana skarbonka wykre\u015blanka z wymiennymi wk\u0142adkami, wielorazowego u\u017cytku. Idealny spos\u00f3b na rozpocz\u0119cie przygody z oszcz\u0119dzaniem na konkretny cel.\" \/>\n<meta name=\"robots\" content=\"index, follow, max-snippet:-1, max-image-preview:large, max-video-preview:-1\" \/>\n<link rel=\"canonical\" href=\"https:\/\/www.drewnianamagia.pl\/index.php\/produkt\/skarbonka-wykreslanka-od-180-do-5-000-zl-personalizowana\/\" \/>\n<meta property=\"og:locale\" content=\"pl_PL\" \/>\n<meta property=\"og:type\" content=\"article\" \/>\n<meta property=\"og:title\" content=\"Skarbonka wykre\u015blanka od 180 do 5.000 z\u0142 - personalizowana - Drewniana Magia\" \/>\n<meta property=\"og:description\" content=\"Personalizowana skarbonka wykre\u015blanka z wymiennymi wk\u0142adkami, wielorazowego u\u017cytku. Idealny spos\u00f3b na rozpocz\u0119cie przygody z oszcz\u0119dzaniem na konkretny cel.\" \/>\n<meta property=\"og:url\" content=\"https:\/\/www.drewnianamagia.pl\/index.php\/produkt\/skarbonka-wykreslanka-od-180-do-5-000-zl-personalizowana\/\" \/>\n<meta property=\"og:site_name\" content=\"Drewniana Magia\" \/>\n<meta property=\"article:publisher\" content=\"https:\/\/facebook.com\/BelasDrewnianaMagia\" \/>\n<meta property=\"article:modified_time\" content=\"2025-09-16T12:00:12+00:00\" \/>\n<meta property=\"og:image\" content=\"https:\/\/www.drewnianamagia.pl\/wp-content\/uploads\/2024\/09\/skarbonka-wykreslanka-4.jpg\" \/>\n\t<meta property=\"og:image:width\" content=\"1000\" \/>\n\t<meta property=\"og:image:height\" content=\"1000\" \/>\n\t<meta property=\"og:image:type\" content=\"image\/jpeg\" \/>\n<meta name=\"twitter:card\" content=\"summary_large_image\" \/>\n<meta name=\"twitter:label1\" content=\"Szacowany czas czytania\" \/>\n\t<meta name=\"twitter:data1\" content=\"4 minuty\" \/>\n<script type=\"application\/ld+json\" class=\"yoast-schema-graph\">{\"@context\":\"https:\\\/\\\/schema.org\",\"@graph\":[{\"@type\":\"WebPage\",\"@id\":\"https:\\\/\\\/www.drewnianamagia.pl\\\/index.php\\\/produkt\\\/skarbonka-wykreslanka-od-180-do-5-000-zl-personalizowana\\\/\",\"url\":\"https:\\\/\\\/www.drewnianamagia.pl\\\/index.php\\\/produkt\\\/skarbonka-wykreslanka-od-180-do-5-000-zl-personalizowana\\\/\",\"name\":\"Skarbonka wykre\u015blanka od 180 do 5.000 z\u0142 - personalizowana - Drewniana Magia\",\"isPartOf\":{\"@id\":\"https:\\\/\\\/www.drewnianamagia.pl\\\/#website\"},\"primaryImageOfPage\":{\"@id\":\"https:\\\/\\\/www.drewnianamagia.pl\\\/index.php\\\/produkt\\\/skarbonka-wykreslanka-od-180-do-5-000-zl-personalizowana\\\/#primaryimage\"},\"image\":{\"@id\":\"https:\\\/\\\/www.drewnianamagia.pl\\\/index.php\\\/produkt\\\/skarbonka-wykreslanka-od-180-do-5-000-zl-personalizowana\\\/#primaryimage\"},\"thumbnailUrl\":\"https:\\\/\\\/www.drewnianamagia.pl\\\/wp-content\\\/uploads\\\/2024\\\/09\\\/skarbonka-wykreslanka-4.jpg\",\"datePublished\":\"2024-09-13T07:55:19+00:00\",\"dateModified\":\"2025-09-16T12:00:12+00:00\",\"description\":\"Personalizowana skarbonka wykre\u015blanka z wymiennymi wk\u0142adkami, wielorazowego u\u017cytku. Idealny spos\u00f3b na rozpocz\u0119cie przygody z oszcz\u0119dzaniem na konkretny cel.\",\"breadcrumb\":{\"@id\":\"https:\\\/\\\/www.drewnianamagia.pl\\\/index.php\\\/produkt\\\/skarbonka-wykreslanka-od-180-do-5-000-zl-personalizowana\\\/#breadcrumb\"},\"inLanguage\":\"pl-PL\",\"potentialAction\":[{\"@type\":\"ReadAction\",\"target\":[\"https:\\\/\\\/www.drewnianamagia.pl\\\/index.php\\\/produkt\\\/skarbonka-wykreslanka-od-180-do-5-000-zl-personalizowana\\\/\"]}]},{\"@type\":\"ImageObject\",\"inLanguage\":\"pl-PL\",\"@id\":\"https:\\\/\\\/www.drewnianamagia.pl\\\/index.php\\\/produkt\\\/skarbonka-wykreslanka-od-180-do-5-000-zl-personalizowana\\\/#primaryimage\",\"url\":\"https:\\\/\\\/www.drewnianamagia.pl\\\/wp-content\\\/uploads\\\/2024\\\/09\\\/skarbonka-wykreslanka-4.jpg\",\"contentUrl\":\"https:\\\/\\\/www.drewnianamagia.pl\\\/wp-content\\\/uploads\\\/2024\\\/09\\\/skarbonka-wykreslanka-4.jpg\",\"width\":1000,\"height\":1000,\"caption\":\"skarbonka wykre\u015blanka\"},{\"@type\":\"BreadcrumbList\",\"@id\":\"https:\\\/\\\/www.drewnianamagia.pl\\\/index.php\\\/produkt\\\/skarbonka-wykreslanka-od-180-do-5-000-zl-personalizowana\\\/#breadcrumb\",\"itemListElement\":[{\"@type\":\"ListItem\",\"position\":1,\"name\":\"Strona g\u0142\u00f3wna\",\"item\":\"https:\\\/\\\/www.drewnianamagia.pl\\\/\"},{\"@type\":\"ListItem\",\"position\":2,\"name\":\"Sklep\",\"item\":\"https:\\\/\\\/www.drewnianamagia.pl\\\/index.php\\\/sklep-internetowy-drewnianamagia\\\/\"},{\"@type\":\"ListItem\",\"position\":3,\"name\":\"Skarbonka wykre\u015blanka od 180 do 5.000 z\u0142 &#8211; personalizowana\"}]},{\"@type\":\"WebSite\",\"@id\":\"https:\\\/\\\/www.drewnianamagia.pl\\\/#website\",\"url\":\"https:\\\/\\\/www.drewnianamagia.pl\\\/\",\"name\":\"Drewniana Magia\",\"description\":\"Personalizowane prezenty i dekoracje z drewna i druku 3D, na ka\u017cd\u0105 okazj\u0119 i okoliczno\u015b\u0107. Urodziny, Chrzest, Przyj\u0119cie, \u015awi\u0119ta, \u015alub\",\"publisher\":{\"@id\":\"https:\\\/\\\/www.drewnianamagia.pl\\\/#organization\"},\"potentialAction\":[{\"@type\":\"SearchAction\",\"target\":{\"@type\":\"EntryPoint\",\"urlTemplate\":\"https:\\\/\\\/www.drewnianamagia.pl\\\/?s={search_term_string}\"},\"query-input\":{\"@type\":\"PropertyValueSpecification\",\"valueRequired\":true,\"valueName\":\"search_term_string\"}}],\"inLanguage\":\"pl-PL\"},{\"@type\":\"Organization\",\"@id\":\"https:\\\/\\\/www.drewnianamagia.pl\\\/#organization\",\"name\":\"Drewniana Magia\",\"url\":\"https:\\\/\\\/www.drewnianamagia.pl\\\/\",\"logo\":{\"@type\":\"ImageObject\",\"inLanguage\":\"pl-PL\",\"@id\":\"https:\\\/\\\/www.drewnianamagia.pl\\\/#\\\/schema\\\/logo\\\/image\\\/\",\"url\":\"https:\\\/\\\/www.drewnianamagia.pl\\\/wp-content\\\/uploads\\\/2024\\\/02\\\/cropped-LOGO-DrewnianaMagia-375x188-1.png\",\"contentUrl\":\"https:\\\/\\\/www.drewnianamagia.pl\\\/wp-content\\\/uploads\\\/2024\\\/02\\\/cropped-LOGO-DrewnianaMagia-375x188-1.png\",\"width\":374,\"height\":188,\"caption\":\"Drewniana Magia\"},\"image\":{\"@id\":\"https:\\\/\\\/www.drewnianamagia.pl\\\/#\\\/schema\\\/logo\\\/image\\\/\"},\"sameAs\":[\"https:\\\/\\\/facebook.com\\\/BelasDrewnianaMagia\"]}]}<\/script>\n<!-- \/ Yoast SEO plugin. -->","yoast_head_json":{"title":"Skarbonka wykre\u015blanka od 180 do 5.000 z\u0142 - personalizowana - Drewniana Magia","description":"Personalizowana skarbonka wykre\u015blanka z wymiennymi wk\u0142adkami, wielorazowego u\u017cytku. Idealny spos\u00f3b na rozpocz\u0119cie przygody z oszcz\u0119dzaniem na konkretny cel.","robots":{"index":"index","follow":"follow","max-snippet":"max-snippet:-1","max-image-preview":"max-image-preview:large","max-video-preview":"max-video-preview:-1"},"canonical":"https:\/\/www.drewnianamagia.pl\/index.php\/produkt\/skarbonka-wykreslanka-od-180-do-5-000-zl-personalizowana\/","og_locale":"pl_PL","og_type":"article","og_title":"Skarbonka wykre\u015blanka od 180 do 5.000 z\u0142 - personalizowana - Drewniana Magia","og_description":"Personalizowana skarbonka wykre\u015blanka z wymiennymi wk\u0142adkami, wielorazowego u\u017cytku. Idealny spos\u00f3b na rozpocz\u0119cie przygody z oszcz\u0119dzaniem na konkretny cel.","og_url":"https:\/\/www.drewnianamagia.pl\/index.php\/produkt\/skarbonka-wykreslanka-od-180-do-5-000-zl-personalizowana\/","og_site_name":"Drewniana Magia","article_publisher":"https:\/\/facebook.com\/BelasDrewnianaMagia","article_modified_time":"2025-09-16T12:00:12+00:00","og_image":[{"width":1000,"height":1000,"url":"https:\/\/www.drewnianamagia.pl\/wp-content\/uploads\/2024\/09\/skarbonka-wykreslanka-4.jpg","type":"image\/jpeg"}],"twitter_card":"summary_large_image","twitter_misc":{"Szacowany czas czytania":"4 minuty"},"schema":{"@context":"https:\/\/schema.org","@graph":[{"@type":"WebPage","@id":"https:\/\/www.drewnianamagia.pl\/index.php\/produkt\/skarbonka-wykreslanka-od-180-do-5-000-zl-personalizowana\/","url":"https:\/\/www.drewnianamagia.pl\/index.php\/produkt\/skarbonka-wykreslanka-od-180-do-5-000-zl-personalizowana\/","name":"Skarbonka wykre\u015blanka od 180 do 5.000 z\u0142 - personalizowana - Drewniana Magia","isPartOf":{"@id":"https:\/\/www.drewnianamagia.pl\/#website"},"primaryImageOfPage":{"@id":"https:\/\/www.drewnianamagia.pl\/index.php\/produkt\/skarbonka-wykreslanka-od-180-do-5-000-zl-personalizowana\/#primaryimage"},"image":{"@id":"https:\/\/www.drewnianamagia.pl\/index.php\/produkt\/skarbonka-wykreslanka-od-180-do-5-000-zl-personalizowana\/#primaryimage"},"thumbnailUrl":"https:\/\/www.drewnianamagia.pl\/wp-content\/uploads\/2024\/09\/skarbonka-wykreslanka-4.jpg","datePublished":"2024-09-13T07:55:19+00:00","dateModified":"2025-09-16T12:00:12+00:00","description":"Personalizowana skarbonka wykre\u015blanka z wymiennymi wk\u0142adkami, wielorazowego u\u017cytku. Idealny spos\u00f3b na rozpocz\u0119cie przygody z oszcz\u0119dzaniem na konkretny cel.","breadcrumb":{"@id":"https:\/\/www.drewnianamagia.pl\/index.php\/produkt\/skarbonka-wykreslanka-od-180-do-5-000-zl-personalizowana\/#breadcrumb"},"inLanguage":"pl-PL","potentialAction":[{"@type":"ReadAction","target":["https:\/\/www.drewnianamagia.pl\/index.php\/produkt\/skarbonka-wykreslanka-od-180-do-5-000-zl-personalizowana\/"]}]},{"@type":"ImageObject","inLanguage":"pl-PL","@id":"https:\/\/www.drewnianamagia.pl\/index.php\/produkt\/skarbonka-wykreslanka-od-180-do-5-000-zl-personalizowana\/#primaryimage","url":"https:\/\/www.drewnianamagia.pl\/wp-content\/uploads\/2024\/09\/skarbonka-wykreslanka-4.jpg","contentUrl":"https:\/\/www.drewnianamagia.pl\/wp-content\/uploads\/2024\/09\/skarbonka-wykreslanka-4.jpg","width":1000,"height":1000,"caption":"skarbonka wykre\u015blanka"},{"@type":"BreadcrumbList","@id":"https:\/\/www.drewnianamagia.pl\/index.php\/produkt\/skarbonka-wykreslanka-od-180-do-5-000-zl-personalizowana\/#breadcrumb","itemListElement":[{"@type":"ListItem","position":1,"name":"Strona g\u0142\u00f3wna","item":"https:\/\/www.drewnianamagia.pl\/"},{"@type":"ListItem","position":2,"name":"Sklep","item":"https:\/\/www.drewnianamagia.pl\/index.php\/sklep-internetowy-drewnianamagia\/"},{"@type":"ListItem","position":3,"name":"Skarbonka wykre\u015blanka od 180 do 5.000 z\u0142 &#8211; personalizowana"}]},{"@type":"WebSite","@id":"https:\/\/www.drewnianamagia.pl\/#website","url":"https:\/\/www.drewnianamagia.pl\/","name":"Drewniana Magia","description":"Personalizowane prezenty i dekoracje z drewna i druku 3D, na ka\u017cd\u0105 okazj\u0119 i okoliczno\u015b\u0107. Urodziny, Chrzest, Przyj\u0119cie, \u015awi\u0119ta, \u015alub","publisher":{"@id":"https:\/\/www.drewnianamagia.pl\/#organization"},"potentialAction":[{"@type":"SearchAction","target":{"@type":"EntryPoint","urlTemplate":"https:\/\/www.drewnianamagia.pl\/?s={search_term_string}"},"query-input":{"@type":"PropertyValueSpecification","valueRequired":true,"valueName":"search_term_string"}}],"inLanguage":"pl-PL"},{"@type":"Organization","@id":"https:\/\/www.drewnianamagia.pl\/#organization","name":"Drewniana Magia","url":"https:\/\/www.drewnianamagia.pl\/","logo":{"@type":"ImageObject","inLanguage":"pl-PL","@id":"https:\/\/www.drewnianamagia.pl\/#\/schema\/logo\/image\/","url":"https:\/\/www.drewnianamagia.pl\/wp-content\/uploads\/2024\/02\/cropped-LOGO-DrewnianaMagia-375x188-1.png","contentUrl":"https:\/\/www.drewnianamagia.pl\/wp-content\/uploads\/2024\/02\/cropped-LOGO-DrewnianaMagia-375x188-1.png","width":374,"height":188,"caption":"Drewniana Magia"},"image":{"@id":"https:\/\/www.drewnianamagia.pl\/#\/schema\/logo\/image\/"},"sameAs":["https:\/\/facebook.com\/BelasDrewnianaMagia"]}]}},"_links":{"self":[{"href":"https:\/\/www.drewnianamagia.pl\/index.php\/wp-json\/wp\/v2\/product\/4235","targetHints":{"allow":["GET"]}}],"collection":[{"href":"https:\/\/www.drewnianamagia.pl\/index.php\/wp-json\/wp\/v2\/product"}],"about":[{"href":"https:\/\/www.drewnianamagia.pl\/index.php\/wp-json\/wp\/v2\/types\/product"}],"replies":[{"embeddable":true,"href":"https:\/\/www.drewnianamagia.pl\/index.php\/wp-json\/wp\/v2\/comments?post=4235"}],"wp:featuredmedia":[{"embeddable":true,"href":"https:\/\/www.drewnianamagia.pl\/index.php\/wp-json\/wp\/v2\/media\/4178"}],"wp:attachment":[{"href":"https:\/\/www.drewnianamagia.pl\/index.php\/wp-json\/wp\/v2\/media?parent=4235"}],"wp:term":[{"taxonomy":"product_brand","embeddable":true,"href":"https:\/\/www.drewnianamagia.pl\/index.php\/wp-json\/wp\/v2\/product_brand?post=4235"},{"taxonomy":"product_cat","embeddable":true,"href":"https:\/\/www.drewnianamagia.pl\/index.php\/wp-json\/wp\/v2\/product_cat?post=4235"},{"taxonomy":"product_tag","embeddable":true,"href":"https:\/\/www.drewnianamagia.pl\/index.php\/wp-json\/wp\/v2\/product_tag?post=4235"}],"curies":[{"name":"wp","href":"https:\/\/api.w.org\/{rel}","templated":true}]}}