{"id":4220,"date":"2024-09-12T11:16:11","date_gmt":"2024-09-12T09:16:11","guid":{"rendered":"https:\/\/www.drewnianamagia.pl\/?post_type=product&#038;p=4220"},"modified":"2026-02-04T01:03:46","modified_gmt":"2026-02-04T00:03:46","slug":"urodzinowa-kartka-na-pieniadze-walizka-z-grawerem-w2","status":"publish","type":"product","link":"https:\/\/www.drewnianamagia.pl\/index.php\/produkt\/urodzinowa-kartka-na-pieniadze-walizka-z-grawerem-w2\/","title":{"rendered":"Urodzinowa kartka na pieni\u0105dze &#8222;walizka&#8221; z grawerem w2"},"content":{"rendered":"<h2 style=\"text-align: center;\"><strong>Urodzinowa personalizowana Kartka na pieni\u0105dze &#8222;walizka&#8221; z grawerem<\/strong><\/h2>\n<p>&nbsp;<\/p>\n<p>Wyj\u0105tkowa drewniana kartka na Urodziny z przymocowan\u0105 kopert\u0105 na pieni\u0105dze oraz zawieszk\u0105 z imieniem to idealny spos\u00f3b na:<\/p>\n<ol>\n<li>Praktyczne wr\u0119czenie prezentu w postaci got\u00f3wki, kuponu, zdrapki lub vouchera.<\/li>\n<li>Stworzenie trwa\u0142ej pami\u0105tki na wiele lat dla solenizanta.<\/li>\n<li>Przekazanie pi\u0119knych, spersonalizowanych \u017cycze\u0144.<\/li>\n<\/ol>\n<p>Kartka w kszta\u0142cie walizki wykonana jest z drewna, z grawerowan\u0105 ok\u0142adk\u0105 i wyci\u0119tym globem.\u00a0 Ok\u0142adka zawiera tekst &#8222;Ca\u0142y \u015awiat le\u017cy u twych st\u00f3p&#8221; grawerowany pod kszta\u0142tem wyci\u0119tego globu oraz tekst na g\u00f3rze &#8222;W DNIU &#8230;. URODZIN&#8221;, w kt\u00f3rym umie\u015bcimy dowolny podany przez Ciebie wiek solenizanta. Kolor pustej przestrzeni globu zale\u017cny od wybranego koloru koperty. Zawiera r\u00f3wnie\u017c personalizowan\u0105 zawieszk\u0119 z imieniem solenizanta i sznurek jutowy do jej przymocowania oraz zwi\u0105zania &#8222;walizki&#8221;. Wewn\u0105trz kartki znajduje si\u0119 przymocowana koperta, w kt\u00f3rej mo\u017cna bezpiecznie umie\u015bci\u0107 got\u00f3wk\u0119 lub inny prezent, zapewniaj\u0105c jego bezpieczne przechowanie. Dodatkowo, wn\u0119trze kartki zawiera wygrawerowane \u017cyczenia, kt\u00f3re mo\u017cna dostosowa\u0107 do w\u0142asnych potrzeb.<\/p>\n<p>Nasze kartki s\u0105 zaprojektowane i wykonane przez nas z dba\u0142o\u015bci\u0105 o ka\u017cdy detal. Staramy si\u0119 zachowa\u0107 najwy\u017csz\u0105 jako\u015b\u0107 produktu aby finalnie by\u0142 taki jak w ofercie, cho\u0107 kolory mog\u0105 nieznacznie r\u00f3\u017cni\u0107 si\u0119 od tych przedstawionych na zdj\u0119ciach.<\/p>\n<p>Ka\u017cdy produkt jest przed wysy\u0142k\u0105 r\u0119cznie szlifowany aby usun\u0105\u0107 wszelkie okopcenia powstaj\u0105ce w czasie produkcji.<\/p>\n<p>&nbsp;<\/p>\n<h4><strong>Nie zapomnij poda\u0107 istotnych danych dotycz\u0105cych personalizacji tego produktu:<\/strong><\/h4>\n<ol>\n<li>Imienia solenizanta\u00a0 &#8211; na zawieszce<\/li>\n<li>Informacji o tym kt\u00f3re s\u0105 to urodziny &#8211; g\u00f3rna cz\u0119\u015b\u0107 kartki<\/li>\n<li>Dla kogo &#8211; zwrot grawerowany czcionk\u0105 ozdobn\u0105 na g\u00f3rze wewn\u0105trz kartki (pami\u0119taj aby odmieni\u0107 zwrot tak jak ma zosta\u0107 wygrawerowane)<\/li>\n<li>Tre\u015b\u0107 \u017cycze\u0144 &#8211; je\u015bli chcesz zmieni\u0107 te kt\u00f3re prezentujemy na zdj\u0119ciu produktu (je\u015bli maj\u0105 pozosta\u0107 bez zmian &#8211; nie uzupe\u0142niaj tego pola)<\/li>\n<li>Podpis pod \u017cyczeniami &#8211; czcionka ozdobna<\/li>\n<li>Wybierz kolor koperty (niebieska, czerwona, zielona lub r\u00f3\u017cowa)<\/li>\n<\/ol>\n<p style=\"text-align: center;\"><img loading=\"lazy\" decoding=\"async\" class=\"aligncenter size-medium wp-image-4208\" src=\"https:\/\/www.drewnianamagia.pl\/wp-content\/uploads\/2024\/09\/walizka-urodziny-v2-personalizacja-300x300.jpg\" alt=\"walizka w2 - personalizacja\" width=\"300\" height=\"300\" srcset=\"https:\/\/www.drewnianamagia.pl\/wp-content\/uploads\/2024\/09\/walizka-urodziny-v2-personalizacja-300x300.jpg 300w, https:\/\/www.drewnianamagia.pl\/wp-content\/uploads\/2024\/09\/walizka-urodziny-v2-personalizacja-324x324.jpg 324w, https:\/\/www.drewnianamagia.pl\/wp-content\/uploads\/2024\/09\/walizka-urodziny-v2-personalizacja-100x100.jpg 100w, https:\/\/www.drewnianamagia.pl\/wp-content\/uploads\/2024\/09\/walizka-urodziny-v2-personalizacja-416x416.jpg 416w, https:\/\/www.drewnianamagia.pl\/wp-content\/uploads\/2024\/09\/walizka-urodziny-v2-personalizacja-150x150.jpg 150w, https:\/\/www.drewnianamagia.pl\/wp-content\/uploads\/2024\/09\/walizka-urodziny-v2-personalizacja-768x768.jpg 768w, https:\/\/www.drewnianamagia.pl\/wp-content\/uploads\/2024\/09\/walizka-urodziny-v2-personalizacja.jpg 1000w\" sizes=\"auto, (max-width: 300px) 100vw, 300px\" \/><\/p>\n<p><strong>Przyk\u0142ad poprawnie uzupe\u0142nionych p\u00f3l personalizacji do zam\u00f3wienia (bez zmiany tre\u015bci \u017cycze\u0144):<\/strong><\/p>\n<ol>\n<li>Regina<\/li>\n<li>35<\/li>\n<li>Kochana Reginko<\/li>\n<li><\/li>\n<li>Mama<\/li>\n<li>Koperta niebieska<\/li>\n<\/ol>\n<p>&nbsp;<\/p>\n<h5><strong>SPECYFIKACJA:<\/strong><\/h5>\n<ul>\n<li>Materia\u0142: wysokiej jako\u015bci sklejka o grubo\u015bci ok 3mm<\/li>\n<li>Kolor: naturalny drewna<\/li>\n<li>Technika: grawer laserowy<\/li>\n<li>Wymiary: 14,5 x 17 cm<\/li>\n<li>\u017byczenia: zgodnie ze zdj\u0119ciem lub w\u0142asne<\/li>\n<li>Przymocowana koperta w wybranym kolorze (rozmiar C6)<\/li>\n<\/ul>\n<p>Dodatkowe informacje:<\/p>\n<ul>\n<li>Czcionka ozdobna nie mo\u017ce by\u0107 grawerowana z samych wielkich liter.<\/li>\n<li>W przes\u0142anym tek\u015bcie nie powinno by\u0107 umieszczonych emotikon<\/li>\n<\/ul>\n","protected":false},"excerpt":{"rendered":"<p>Urodzinowa personalizowana Kartka na pieni\u0105dze &#8222;walizka&#8221; z grawerem &nbsp; Wyj\u0105tkowa drewniana kartka na Urodziny z przymocowan\u0105 kopert\u0105 na pieni\u0105dze oraz zawieszk\u0105 z imieniem to idealny spos\u00f3b na: Praktyczne wr\u0119czenie prezentu w postaci got\u00f3wki, kuponu, zdrapki lub vouchera. Stworzenie trwa\u0142ej pami\u0105tki na wiele lat dla solenizanta. Przekazanie pi\u0119knych, spersonalizowanych \u017cycze\u0144. Kartka w kszta\u0142cie walizki wykonana jest [&hellip;]<\/p>\n","protected":false},"featured_media":4209,"comment_status":"open","ping_status":"closed","template":"","meta":{"_acf_changed":false},"product_brand":[],"product_cat":[147,105,96],"product_tag":[119,54,59,64],"class_list":{"0":"post-4220","1":"product","2":"type-product","3":"status-publish","4":"has-post-thumbnail","6":"product_cat-kartki-okolicznosciowe","7":"product_cat-rocznice","8":"product_cat-urodziny-imieniny","9":"product_tag-kartka-na-pieniadze","10":"product_tag-personalizacja","11":"product_tag-urodziny","12":"product_tag-zyczenia","14":"first","15":"instock","16":"taxable","17":"shipping-taxable","18":"purchasable","19":"product-type-simple"},"acf":[],"yoast_head":"<!-- This site is optimized with the Yoast SEO plugin v27.5 - https:\/\/yoast.com\/product\/yoast-seo-wordpress\/ -->\n<title>Urodzinowa kartka na pieni\u0105dze &quot;walizka&quot; z grawerem w2 - Drewniana Magia<\/title>\n<meta name=\"description\" content=\"Przeka\u017c \u017cyczenia urodzinowe w wyj\u0105tkowy spos\u00f3b i spersonalizuj dowolnie drewnian\u0105 kartk\u0119 na pieni\u0105dze w kszta\u0142cie walizki.\" \/>\n<meta name=\"robots\" content=\"index, follow, max-snippet:-1, max-image-preview:large, max-video-preview:-1\" \/>\n<link rel=\"canonical\" href=\"https:\/\/www.drewnianamagia.pl\/index.php\/produkt\/urodzinowa-kartka-na-pieniadze-walizka-z-grawerem-w2\/\" \/>\n<meta property=\"og:locale\" content=\"pl_PL\" \/>\n<meta property=\"og:type\" content=\"article\" \/>\n<meta property=\"og:title\" content=\"Urodzinowa kartka na pieni\u0105dze &quot;walizka&quot; z grawerem w2 - Drewniana Magia\" \/>\n<meta property=\"og:description\" content=\"Przeka\u017c \u017cyczenia urodzinowe w wyj\u0105tkowy spos\u00f3b i spersonalizuj dowolnie drewnian\u0105 kartk\u0119 na pieni\u0105dze w kszta\u0142cie walizki.\" \/>\n<meta property=\"og:url\" content=\"https:\/\/www.drewnianamagia.pl\/index.php\/produkt\/urodzinowa-kartka-na-pieniadze-walizka-z-grawerem-w2\/\" \/>\n<meta property=\"og:site_name\" content=\"Drewniana Magia\" \/>\n<meta property=\"article:publisher\" content=\"https:\/\/facebook.com\/BelasDrewnianaMagia\" \/>\n<meta property=\"article:modified_time\" content=\"2026-02-04T00:03:46+00:00\" \/>\n<meta property=\"og:image\" content=\"https:\/\/www.drewnianamagia.pl\/wp-content\/uploads\/2024\/09\/walizka-urodziny-v2-01.jpg\" \/>\n\t<meta property=\"og:image:width\" content=\"1000\" \/>\n\t<meta property=\"og:image:height\" content=\"1000\" \/>\n\t<meta property=\"og:image:type\" content=\"image\/jpeg\" \/>\n<meta name=\"twitter:card\" content=\"summary_large_image\" \/>\n<meta name=\"twitter:label1\" content=\"Szacowany czas czytania\" \/>\n\t<meta name=\"twitter:data1\" content=\"3 minuty\" \/>\n<script type=\"application\/ld+json\" class=\"yoast-schema-graph\">{\"@context\":\"https:\\\/\\\/schema.org\",\"@graph\":[{\"@type\":\"WebPage\",\"@id\":\"https:\\\/\\\/www.drewnianamagia.pl\\\/index.php\\\/produkt\\\/urodzinowa-kartka-na-pieniadze-walizka-z-grawerem-w2\\\/\",\"url\":\"https:\\\/\\\/www.drewnianamagia.pl\\\/index.php\\\/produkt\\\/urodzinowa-kartka-na-pieniadze-walizka-z-grawerem-w2\\\/\",\"name\":\"Urodzinowa kartka na pieni\u0105dze \\\"walizka\\\" z grawerem w2 - Drewniana Magia\",\"isPartOf\":{\"@id\":\"https:\\\/\\\/www.drewnianamagia.pl\\\/#website\"},\"primaryImageOfPage\":{\"@id\":\"https:\\\/\\\/www.drewnianamagia.pl\\\/index.php\\\/produkt\\\/urodzinowa-kartka-na-pieniadze-walizka-z-grawerem-w2\\\/#primaryimage\"},\"image\":{\"@id\":\"https:\\\/\\\/www.drewnianamagia.pl\\\/index.php\\\/produkt\\\/urodzinowa-kartka-na-pieniadze-walizka-z-grawerem-w2\\\/#primaryimage\"},\"thumbnailUrl\":\"https:\\\/\\\/www.drewnianamagia.pl\\\/wp-content\\\/uploads\\\/2024\\\/09\\\/walizka-urodziny-v2-01.jpg\",\"datePublished\":\"2024-09-12T09:16:11+00:00\",\"dateModified\":\"2026-02-04T00:03:46+00:00\",\"description\":\"Przeka\u017c \u017cyczenia urodzinowe w wyj\u0105tkowy spos\u00f3b i spersonalizuj dowolnie drewnian\u0105 kartk\u0119 na pieni\u0105dze w kszta\u0142cie walizki.\",\"breadcrumb\":{\"@id\":\"https:\\\/\\\/www.drewnianamagia.pl\\\/index.php\\\/produkt\\\/urodzinowa-kartka-na-pieniadze-walizka-z-grawerem-w2\\\/#breadcrumb\"},\"inLanguage\":\"pl-PL\",\"potentialAction\":[{\"@type\":\"ReadAction\",\"target\":[\"https:\\\/\\\/www.drewnianamagia.pl\\\/index.php\\\/produkt\\\/urodzinowa-kartka-na-pieniadze-walizka-z-grawerem-w2\\\/\"]}]},{\"@type\":\"ImageObject\",\"inLanguage\":\"pl-PL\",\"@id\":\"https:\\\/\\\/www.drewnianamagia.pl\\\/index.php\\\/produkt\\\/urodzinowa-kartka-na-pieniadze-walizka-z-grawerem-w2\\\/#primaryimage\",\"url\":\"https:\\\/\\\/www.drewnianamagia.pl\\\/wp-content\\\/uploads\\\/2024\\\/09\\\/walizka-urodziny-v2-01.jpg\",\"contentUrl\":\"https:\\\/\\\/www.drewnianamagia.pl\\\/wp-content\\\/uploads\\\/2024\\\/09\\\/walizka-urodziny-v2-01.jpg\",\"width\":1000,\"height\":1000,\"caption\":\"kartka urodzinowa - walizka w2\"},{\"@type\":\"BreadcrumbList\",\"@id\":\"https:\\\/\\\/www.drewnianamagia.pl\\\/index.php\\\/produkt\\\/urodzinowa-kartka-na-pieniadze-walizka-z-grawerem-w2\\\/#breadcrumb\",\"itemListElement\":[{\"@type\":\"ListItem\",\"position\":1,\"name\":\"Strona g\u0142\u00f3wna\",\"item\":\"https:\\\/\\\/www.drewnianamagia.pl\\\/\"},{\"@type\":\"ListItem\",\"position\":2,\"name\":\"Sklep\",\"item\":\"https:\\\/\\\/www.drewnianamagia.pl\\\/index.php\\\/sklep-internetowy-drewnianamagia\\\/\"},{\"@type\":\"ListItem\",\"position\":3,\"name\":\"Urodzinowa kartka na pieni\u0105dze &#8222;walizka&#8221; z grawerem w2\"}]},{\"@type\":\"WebSite\",\"@id\":\"https:\\\/\\\/www.drewnianamagia.pl\\\/#website\",\"url\":\"https:\\\/\\\/www.drewnianamagia.pl\\\/\",\"name\":\"Drewniana Magia\",\"description\":\"Personalizowane prezenty i dekoracje z drewna i druku 3D, na ka\u017cd\u0105 okazj\u0119 i okoliczno\u015b\u0107. Urodziny, Chrzest, Przyj\u0119cie, \u015awi\u0119ta, \u015alub\",\"publisher\":{\"@id\":\"https:\\\/\\\/www.drewnianamagia.pl\\\/#organization\"},\"potentialAction\":[{\"@type\":\"SearchAction\",\"target\":{\"@type\":\"EntryPoint\",\"urlTemplate\":\"https:\\\/\\\/www.drewnianamagia.pl\\\/?s={search_term_string}\"},\"query-input\":{\"@type\":\"PropertyValueSpecification\",\"valueRequired\":true,\"valueName\":\"search_term_string\"}}],\"inLanguage\":\"pl-PL\"},{\"@type\":\"Organization\",\"@id\":\"https:\\\/\\\/www.drewnianamagia.pl\\\/#organization\",\"name\":\"Drewniana Magia\",\"url\":\"https:\\\/\\\/www.drewnianamagia.pl\\\/\",\"logo\":{\"@type\":\"ImageObject\",\"inLanguage\":\"pl-PL\",\"@id\":\"https:\\\/\\\/www.drewnianamagia.pl\\\/#\\\/schema\\\/logo\\\/image\\\/\",\"url\":\"https:\\\/\\\/www.drewnianamagia.pl\\\/wp-content\\\/uploads\\\/2024\\\/02\\\/cropped-LOGO-DrewnianaMagia-375x188-1.png\",\"contentUrl\":\"https:\\\/\\\/www.drewnianamagia.pl\\\/wp-content\\\/uploads\\\/2024\\\/02\\\/cropped-LOGO-DrewnianaMagia-375x188-1.png\",\"width\":374,\"height\":188,\"caption\":\"Drewniana Magia\"},\"image\":{\"@id\":\"https:\\\/\\\/www.drewnianamagia.pl\\\/#\\\/schema\\\/logo\\\/image\\\/\"},\"sameAs\":[\"https:\\\/\\\/facebook.com\\\/BelasDrewnianaMagia\"]}]}<\/script>\n<!-- \/ Yoast SEO plugin. -->","yoast_head_json":{"title":"Urodzinowa kartka na pieni\u0105dze \"walizka\" z grawerem w2 - Drewniana Magia","description":"Przeka\u017c \u017cyczenia urodzinowe w wyj\u0105tkowy spos\u00f3b i spersonalizuj dowolnie drewnian\u0105 kartk\u0119 na pieni\u0105dze w kszta\u0142cie walizki.","robots":{"index":"index","follow":"follow","max-snippet":"max-snippet:-1","max-image-preview":"max-image-preview:large","max-video-preview":"max-video-preview:-1"},"canonical":"https:\/\/www.drewnianamagia.pl\/index.php\/produkt\/urodzinowa-kartka-na-pieniadze-walizka-z-grawerem-w2\/","og_locale":"pl_PL","og_type":"article","og_title":"Urodzinowa kartka na pieni\u0105dze \"walizka\" z grawerem w2 - Drewniana Magia","og_description":"Przeka\u017c \u017cyczenia urodzinowe w wyj\u0105tkowy spos\u00f3b i spersonalizuj dowolnie drewnian\u0105 kartk\u0119 na pieni\u0105dze w kszta\u0142cie walizki.","og_url":"https:\/\/www.drewnianamagia.pl\/index.php\/produkt\/urodzinowa-kartka-na-pieniadze-walizka-z-grawerem-w2\/","og_site_name":"Drewniana Magia","article_publisher":"https:\/\/facebook.com\/BelasDrewnianaMagia","article_modified_time":"2026-02-04T00:03:46+00:00","og_image":[{"width":1000,"height":1000,"url":"https:\/\/www.drewnianamagia.pl\/wp-content\/uploads\/2024\/09\/walizka-urodziny-v2-01.jpg","type":"image\/jpeg"}],"twitter_card":"summary_large_image","twitter_misc":{"Szacowany czas czytania":"3 minuty"},"schema":{"@context":"https:\/\/schema.org","@graph":[{"@type":"WebPage","@id":"https:\/\/www.drewnianamagia.pl\/index.php\/produkt\/urodzinowa-kartka-na-pieniadze-walizka-z-grawerem-w2\/","url":"https:\/\/www.drewnianamagia.pl\/index.php\/produkt\/urodzinowa-kartka-na-pieniadze-walizka-z-grawerem-w2\/","name":"Urodzinowa kartka na pieni\u0105dze \"walizka\" z grawerem w2 - Drewniana Magia","isPartOf":{"@id":"https:\/\/www.drewnianamagia.pl\/#website"},"primaryImageOfPage":{"@id":"https:\/\/www.drewnianamagia.pl\/index.php\/produkt\/urodzinowa-kartka-na-pieniadze-walizka-z-grawerem-w2\/#primaryimage"},"image":{"@id":"https:\/\/www.drewnianamagia.pl\/index.php\/produkt\/urodzinowa-kartka-na-pieniadze-walizka-z-grawerem-w2\/#primaryimage"},"thumbnailUrl":"https:\/\/www.drewnianamagia.pl\/wp-content\/uploads\/2024\/09\/walizka-urodziny-v2-01.jpg","datePublished":"2024-09-12T09:16:11+00:00","dateModified":"2026-02-04T00:03:46+00:00","description":"Przeka\u017c \u017cyczenia urodzinowe w wyj\u0105tkowy spos\u00f3b i spersonalizuj dowolnie drewnian\u0105 kartk\u0119 na pieni\u0105dze w kszta\u0142cie walizki.","breadcrumb":{"@id":"https:\/\/www.drewnianamagia.pl\/index.php\/produkt\/urodzinowa-kartka-na-pieniadze-walizka-z-grawerem-w2\/#breadcrumb"},"inLanguage":"pl-PL","potentialAction":[{"@type":"ReadAction","target":["https:\/\/www.drewnianamagia.pl\/index.php\/produkt\/urodzinowa-kartka-na-pieniadze-walizka-z-grawerem-w2\/"]}]},{"@type":"ImageObject","inLanguage":"pl-PL","@id":"https:\/\/www.drewnianamagia.pl\/index.php\/produkt\/urodzinowa-kartka-na-pieniadze-walizka-z-grawerem-w2\/#primaryimage","url":"https:\/\/www.drewnianamagia.pl\/wp-content\/uploads\/2024\/09\/walizka-urodziny-v2-01.jpg","contentUrl":"https:\/\/www.drewnianamagia.pl\/wp-content\/uploads\/2024\/09\/walizka-urodziny-v2-01.jpg","width":1000,"height":1000,"caption":"kartka urodzinowa - walizka w2"},{"@type":"BreadcrumbList","@id":"https:\/\/www.drewnianamagia.pl\/index.php\/produkt\/urodzinowa-kartka-na-pieniadze-walizka-z-grawerem-w2\/#breadcrumb","itemListElement":[{"@type":"ListItem","position":1,"name":"Strona g\u0142\u00f3wna","item":"https:\/\/www.drewnianamagia.pl\/"},{"@type":"ListItem","position":2,"name":"Sklep","item":"https:\/\/www.drewnianamagia.pl\/index.php\/sklep-internetowy-drewnianamagia\/"},{"@type":"ListItem","position":3,"name":"Urodzinowa kartka na pieni\u0105dze &#8222;walizka&#8221; z grawerem w2"}]},{"@type":"WebSite","@id":"https:\/\/www.drewnianamagia.pl\/#website","url":"https:\/\/www.drewnianamagia.pl\/","name":"Drewniana Magia","description":"Personalizowane prezenty i dekoracje z drewna i druku 3D, na ka\u017cd\u0105 okazj\u0119 i okoliczno\u015b\u0107. Urodziny, Chrzest, Przyj\u0119cie, \u015awi\u0119ta, \u015alub","publisher":{"@id":"https:\/\/www.drewnianamagia.pl\/#organization"},"potentialAction":[{"@type":"SearchAction","target":{"@type":"EntryPoint","urlTemplate":"https:\/\/www.drewnianamagia.pl\/?s={search_term_string}"},"query-input":{"@type":"PropertyValueSpecification","valueRequired":true,"valueName":"search_term_string"}}],"inLanguage":"pl-PL"},{"@type":"Organization","@id":"https:\/\/www.drewnianamagia.pl\/#organization","name":"Drewniana Magia","url":"https:\/\/www.drewnianamagia.pl\/","logo":{"@type":"ImageObject","inLanguage":"pl-PL","@id":"https:\/\/www.drewnianamagia.pl\/#\/schema\/logo\/image\/","url":"https:\/\/www.drewnianamagia.pl\/wp-content\/uploads\/2024\/02\/cropped-LOGO-DrewnianaMagia-375x188-1.png","contentUrl":"https:\/\/www.drewnianamagia.pl\/wp-content\/uploads\/2024\/02\/cropped-LOGO-DrewnianaMagia-375x188-1.png","width":374,"height":188,"caption":"Drewniana Magia"},"image":{"@id":"https:\/\/www.drewnianamagia.pl\/#\/schema\/logo\/image\/"},"sameAs":["https:\/\/facebook.com\/BelasDrewnianaMagia"]}]}},"_links":{"self":[{"href":"https:\/\/www.drewnianamagia.pl\/index.php\/wp-json\/wp\/v2\/product\/4220","targetHints":{"allow":["GET"]}}],"collection":[{"href":"https:\/\/www.drewnianamagia.pl\/index.php\/wp-json\/wp\/v2\/product"}],"about":[{"href":"https:\/\/www.drewnianamagia.pl\/index.php\/wp-json\/wp\/v2\/types\/product"}],"replies":[{"embeddable":true,"href":"https:\/\/www.drewnianamagia.pl\/index.php\/wp-json\/wp\/v2\/comments?post=4220"}],"wp:featuredmedia":[{"embeddable":true,"href":"https:\/\/www.drewnianamagia.pl\/index.php\/wp-json\/wp\/v2\/media\/4209"}],"wp:attachment":[{"href":"https:\/\/www.drewnianamagia.pl\/index.php\/wp-json\/wp\/v2\/media?parent=4220"}],"wp:term":[{"taxonomy":"product_brand","embeddable":true,"href":"https:\/\/www.drewnianamagia.pl\/index.php\/wp-json\/wp\/v2\/product_brand?post=4220"},{"taxonomy":"product_cat","embeddable":true,"href":"https:\/\/www.drewnianamagia.pl\/index.php\/wp-json\/wp\/v2\/product_cat?post=4220"},{"taxonomy":"product_tag","embeddable":true,"href":"https:\/\/www.drewnianamagia.pl\/index.php\/wp-json\/wp\/v2\/product_tag?post=4220"}],"curies":[{"name":"wp","href":"https:\/\/api.w.org\/{rel}","templated":true}]}}