{"id":4195,"date":"2024-09-10T11:38:56","date_gmt":"2024-09-10T09:38:56","guid":{"rendered":"https:\/\/www.drewnianamagia.pl\/?post_type=product&#038;p=4195"},"modified":"2025-10-10T10:47:51","modified_gmt":"2025-10-10T08:47:51","slug":"wkladki-wykreslanki-do-skarbonki","status":"publish","type":"product","link":"https:\/\/www.drewnianamagia.pl\/index.php\/produkt\/wkladki-wykreslanki-do-skarbonki\/","title":{"rendered":"Wk\u0142adki wykre\u015blanki do skarbonki"},"content":{"rendered":"<p style=\"text-align: center;\">Wk\u0142adki wykre\u015blanki &#8211; do skarbonki wykre\u015blanej<\/p>\n<p>&nbsp;<\/p>\n<p>Zestaw 2 personalizowanych wk\u0142adek wykre\u015blanek do skarbonki.<\/p>\n<p>Wydrukowane na wysokiej jako\u015bci grubym (300g\/m2), satynowym papierze.\u00a0 Otrzymasz 1 arkusz A4 z nadrukowanymi wk\u0142adkami (2 szt. na arkuszu) do samodzielnego wyci\u0119cia i wymiany w Twojej skarbonce.<\/p>\n<p>Nie zapomnij poda\u0107 tre\u015bci personalizacji dla ka\u017cdej wk\u0142adki:<\/p>\n<ul>\n<li><strong>Kwota<\/strong>, np. 1000 z\u0142 \u2013\u00a0 (mo\u017cesz poda\u0107 dowoln\u0105 w przedziale od 180 z\u0142 do 90.000 z\u0142 \u2013 zaprojektujemy dla Ciebie tabel\u0119 w taki spos\u00f3b aby suma liczb wynios\u0142a warto\u015b\u0107 celu oraz wpiszemy t\u0119 warto\u015b\u0107 pod tabel\u0105 z prawej strony)<\/li>\n<li><strong>Tekst nad tabel\u0105,<\/strong> np. Zbieram na Wakacje \u2013 (Na wykre\u015blance \u2013 nad tabelk\u0105 nadrukujemy wybrany przez Ciebie tekst).<\/li>\n<li><strong>Tekst na dole pod tabelk\u0105<\/strong>, np. Wyzwanie \u2013 (Mo\u017cemy wpisa\u0107 cokolwiek. Najpopularniejsze to Wyzwanie oraz Cel, jednak mo\u017cemy wpisa\u0107 tam cokolwiek zechcesz).<\/li>\n<li><strong>Wariant wk\u0142adki<\/strong> \u2013 do wyboru z grafik\u0105 niebieskiej \u015bwinki lub worka z pieni\u0119dzmi tworz\u0105ca t\u0142o tabeli.<\/li>\n<\/ul>\n<p style=\"text-align: center;\">Wymiana wk\u0142adki w skarbonce jest bardzo prosta:<\/p>\n<p style=\"text-align: center;\"><img loading=\"lazy\" decoding=\"async\" class=\"aligncenter size-medium wp-image-4196\" src=\"https:\/\/www.drewnianamagia.pl\/wp-content\/uploads\/2024\/09\/wymiana-wkladki-wykreslanki-300x300.jpg\" alt=\"wymiana wk\u0142adki instrukcja\" width=\"300\" height=\"300\" srcset=\"https:\/\/www.drewnianamagia.pl\/wp-content\/uploads\/2024\/09\/wymiana-wkladki-wykreslanki-300x300.jpg 300w, https:\/\/www.drewnianamagia.pl\/wp-content\/uploads\/2024\/09\/wymiana-wkladki-wykreslanki-324x324.jpg 324w, https:\/\/www.drewnianamagia.pl\/wp-content\/uploads\/2024\/09\/wymiana-wkladki-wykreslanki-100x100.jpg 100w, https:\/\/www.drewnianamagia.pl\/wp-content\/uploads\/2024\/09\/wymiana-wkladki-wykreslanki-416x416.jpg 416w, https:\/\/www.drewnianamagia.pl\/wp-content\/uploads\/2024\/09\/wymiana-wkladki-wykreslanki-150x150.jpg 150w, https:\/\/www.drewnianamagia.pl\/wp-content\/uploads\/2024\/09\/wymiana-wkladki-wykreslanki-768x768.jpg 768w, https:\/\/www.drewnianamagia.pl\/wp-content\/uploads\/2024\/09\/wymiana-wkladki-wykreslanki.jpg 1000w\" sizes=\"auto, (max-width: 300px) 100vw, 300px\" \/><\/p>\n<p style=\"text-align: center;\">odczep kolorow\u0105 ramk\u0119, u\u0142\u00f3\u017c r\u00f3wno now\u0105 wk\u0142adk\u0119 na skarbonce i za\u0142\u00f3\u017c ramk\u0119.<\/p>\n<p>&nbsp;<\/p>\n<p>W przypadku braku kt\u00f3rej\u015b z informacji dotycz\u0105cej personalizacji wk\u0142adek, zast\u0105pimy brakuj\u0105ce dane wed\u0142ug poni\u017cszego schematu:<\/p>\n<ul>\n<li><b>kwota:<\/b>\u00a05000z\u0142<\/li>\n<li><b>tekst nad tabel\u0105:<\/b>\u00a0Na marzenia do spe\u0142nienia<\/li>\n<li><b>tekst pod tabel\u0105:<\/b>\u00a0Wyzwanie<\/li>\n<li><b>wariant t\u0142a tabeli:<\/b>\u00a0mieszany (na ka\u017cdym arkuszu jedna tabela ze \u015bwink\u0105 i jedna z workiem pieni\u0119dzy)<\/li>\n<\/ul>\n","protected":false},"excerpt":{"rendered":"<p>Wk\u0142adki wykre\u015blanki &#8211; do skarbonki wykre\u015blanej &nbsp; Zestaw 2 personalizowanych wk\u0142adek wykre\u015blanek do skarbonki. Wydrukowane na wysokiej jako\u015bci grubym (300g\/m2), satynowym papierze.\u00a0 Otrzymasz 1 arkusz A4 z nadrukowanymi wk\u0142adkami (2 szt. na arkuszu) do samodzielnego wyci\u0119cia i wymiany w Twojej skarbonce. Nie zapomnij poda\u0107 tre\u015bci personalizacji dla ka\u017cdej wk\u0142adki: Kwota, np. 1000 z\u0142 \u2013\u00a0 (mo\u017cesz [&hellip;]<\/p>\n","protected":false},"featured_media":4451,"comment_status":"open","ping_status":"closed","template":"","meta":{"_acf_changed":false},"product_brand":[],"product_cat":[92,145],"product_tag":[54],"class_list":{"0":"post-4195","1":"product","2":"type-product","3":"status-publish","4":"has-post-thumbnail","6":"product_cat-gadzety","7":"product_cat-skarbonki","8":"product_tag-personalizacja","10":"first","11":"instock","12":"taxable","13":"shipping-taxable","14":"purchasable","15":"product-type-simple"},"acf":[],"yoast_head":"<!-- This site is optimized with the Yoast SEO plugin v27.5 - https:\/\/yoast.com\/product\/yoast-seo-wordpress\/ -->\n<title>Wk\u0142adki wykre\u015blanki do skarbonki - Drewniana Magia<\/title>\n<meta name=\"description\" content=\"Wymienne wk\u0142adki do drewnianej skarbonki wykre\u015blanki. W pe\u0142ni personalizowane - podaj sw\u00f3j tekst, ustal kwoty a my zajmiemy si\u0119 reszt\u0105.\" \/>\n<meta name=\"robots\" content=\"index, follow, max-snippet:-1, max-image-preview:large, max-video-preview:-1\" \/>\n<link rel=\"canonical\" href=\"https:\/\/www.drewnianamagia.pl\/index.php\/produkt\/wkladki-wykreslanki-do-skarbonki\/\" \/>\n<meta property=\"og:locale\" content=\"pl_PL\" \/>\n<meta property=\"og:type\" content=\"article\" \/>\n<meta property=\"og:title\" content=\"Wk\u0142adki wykre\u015blanki do skarbonki - Drewniana Magia\" \/>\n<meta property=\"og:description\" content=\"Wymienne wk\u0142adki do drewnianej skarbonki wykre\u015blanki. W pe\u0142ni personalizowane - podaj sw\u00f3j tekst, ustal kwoty a my zajmiemy si\u0119 reszt\u0105.\" \/>\n<meta property=\"og:url\" content=\"https:\/\/www.drewnianamagia.pl\/index.php\/produkt\/wkladki-wykreslanki-do-skarbonki\/\" \/>\n<meta property=\"og:site_name\" content=\"Drewniana Magia\" \/>\n<meta property=\"article:publisher\" content=\"https:\/\/facebook.com\/BelasDrewnianaMagia\" \/>\n<meta property=\"article:modified_time\" content=\"2025-10-10T08:47:51+00:00\" \/>\n<meta property=\"og:image\" content=\"https:\/\/www.drewnianamagia.pl\/wp-content\/uploads\/2024\/09\/wkladki-wykreslanki-0.png\" \/>\n\t<meta property=\"og:image:width\" content=\"1000\" \/>\n\t<meta property=\"og:image:height\" content=\"1000\" \/>\n\t<meta property=\"og:image:type\" content=\"image\/png\" \/>\n<meta name=\"twitter:card\" content=\"summary_large_image\" \/>\n<meta name=\"twitter:label1\" content=\"Szacowany czas czytania\" \/>\n\t<meta name=\"twitter:data1\" content=\"2 minuty\" \/>\n<script type=\"application\/ld+json\" class=\"yoast-schema-graph\">{\"@context\":\"https:\\\/\\\/schema.org\",\"@graph\":[{\"@type\":\"WebPage\",\"@id\":\"https:\\\/\\\/www.drewnianamagia.pl\\\/index.php\\\/produkt\\\/wkladki-wykreslanki-do-skarbonki\\\/\",\"url\":\"https:\\\/\\\/www.drewnianamagia.pl\\\/index.php\\\/produkt\\\/wkladki-wykreslanki-do-skarbonki\\\/\",\"name\":\"Wk\u0142adki wykre\u015blanki do skarbonki - Drewniana Magia\",\"isPartOf\":{\"@id\":\"https:\\\/\\\/www.drewnianamagia.pl\\\/#website\"},\"primaryImageOfPage\":{\"@id\":\"https:\\\/\\\/www.drewnianamagia.pl\\\/index.php\\\/produkt\\\/wkladki-wykreslanki-do-skarbonki\\\/#primaryimage\"},\"image\":{\"@id\":\"https:\\\/\\\/www.drewnianamagia.pl\\\/index.php\\\/produkt\\\/wkladki-wykreslanki-do-skarbonki\\\/#primaryimage\"},\"thumbnailUrl\":\"https:\\\/\\\/www.drewnianamagia.pl\\\/wp-content\\\/uploads\\\/2024\\\/09\\\/wkladki-wykreslanki-0.png\",\"datePublished\":\"2024-09-10T09:38:56+00:00\",\"dateModified\":\"2025-10-10T08:47:51+00:00\",\"description\":\"Wymienne wk\u0142adki do drewnianej skarbonki wykre\u015blanki. W pe\u0142ni personalizowane - podaj sw\u00f3j tekst, ustal kwoty a my zajmiemy si\u0119 reszt\u0105.\",\"breadcrumb\":{\"@id\":\"https:\\\/\\\/www.drewnianamagia.pl\\\/index.php\\\/produkt\\\/wkladki-wykreslanki-do-skarbonki\\\/#breadcrumb\"},\"inLanguage\":\"pl-PL\",\"potentialAction\":[{\"@type\":\"ReadAction\",\"target\":[\"https:\\\/\\\/www.drewnianamagia.pl\\\/index.php\\\/produkt\\\/wkladki-wykreslanki-do-skarbonki\\\/\"]}]},{\"@type\":\"ImageObject\",\"inLanguage\":\"pl-PL\",\"@id\":\"https:\\\/\\\/www.drewnianamagia.pl\\\/index.php\\\/produkt\\\/wkladki-wykreslanki-do-skarbonki\\\/#primaryimage\",\"url\":\"https:\\\/\\\/www.drewnianamagia.pl\\\/wp-content\\\/uploads\\\/2024\\\/09\\\/wkladki-wykreslanki-0.png\",\"contentUrl\":\"https:\\\/\\\/www.drewnianamagia.pl\\\/wp-content\\\/uploads\\\/2024\\\/09\\\/wkladki-wykreslanki-0.png\",\"width\":1000,\"height\":1000,\"caption\":\"wk\u0142adki do skarbonki wykre\u015blanej\"},{\"@type\":\"BreadcrumbList\",\"@id\":\"https:\\\/\\\/www.drewnianamagia.pl\\\/index.php\\\/produkt\\\/wkladki-wykreslanki-do-skarbonki\\\/#breadcrumb\",\"itemListElement\":[{\"@type\":\"ListItem\",\"position\":1,\"name\":\"Strona g\u0142\u00f3wna\",\"item\":\"https:\\\/\\\/www.drewnianamagia.pl\\\/\"},{\"@type\":\"ListItem\",\"position\":2,\"name\":\"Sklep\",\"item\":\"https:\\\/\\\/www.drewnianamagia.pl\\\/index.php\\\/sklep-internetowy-drewnianamagia\\\/\"},{\"@type\":\"ListItem\",\"position\":3,\"name\":\"Wk\u0142adki wykre\u015blanki do skarbonki\"}]},{\"@type\":\"WebSite\",\"@id\":\"https:\\\/\\\/www.drewnianamagia.pl\\\/#website\",\"url\":\"https:\\\/\\\/www.drewnianamagia.pl\\\/\",\"name\":\"Drewniana Magia\",\"description\":\"Personalizowane prezenty i dekoracje z drewna i druku 3D, na ka\u017cd\u0105 okazj\u0119 i okoliczno\u015b\u0107. Urodziny, Chrzest, Przyj\u0119cie, \u015awi\u0119ta, \u015alub\",\"publisher\":{\"@id\":\"https:\\\/\\\/www.drewnianamagia.pl\\\/#organization\"},\"potentialAction\":[{\"@type\":\"SearchAction\",\"target\":{\"@type\":\"EntryPoint\",\"urlTemplate\":\"https:\\\/\\\/www.drewnianamagia.pl\\\/?s={search_term_string}\"},\"query-input\":{\"@type\":\"PropertyValueSpecification\",\"valueRequired\":true,\"valueName\":\"search_term_string\"}}],\"inLanguage\":\"pl-PL\"},{\"@type\":\"Organization\",\"@id\":\"https:\\\/\\\/www.drewnianamagia.pl\\\/#organization\",\"name\":\"Drewniana Magia\",\"url\":\"https:\\\/\\\/www.drewnianamagia.pl\\\/\",\"logo\":{\"@type\":\"ImageObject\",\"inLanguage\":\"pl-PL\",\"@id\":\"https:\\\/\\\/www.drewnianamagia.pl\\\/#\\\/schema\\\/logo\\\/image\\\/\",\"url\":\"https:\\\/\\\/www.drewnianamagia.pl\\\/wp-content\\\/uploads\\\/2024\\\/02\\\/cropped-LOGO-DrewnianaMagia-375x188-1.png\",\"contentUrl\":\"https:\\\/\\\/www.drewnianamagia.pl\\\/wp-content\\\/uploads\\\/2024\\\/02\\\/cropped-LOGO-DrewnianaMagia-375x188-1.png\",\"width\":374,\"height\":188,\"caption\":\"Drewniana Magia\"},\"image\":{\"@id\":\"https:\\\/\\\/www.drewnianamagia.pl\\\/#\\\/schema\\\/logo\\\/image\\\/\"},\"sameAs\":[\"https:\\\/\\\/facebook.com\\\/BelasDrewnianaMagia\"]}]}<\/script>\n<!-- \/ Yoast SEO plugin. -->","yoast_head_json":{"title":"Wk\u0142adki wykre\u015blanki do skarbonki - Drewniana Magia","description":"Wymienne wk\u0142adki do drewnianej skarbonki wykre\u015blanki. W pe\u0142ni personalizowane - podaj sw\u00f3j tekst, ustal kwoty a my zajmiemy si\u0119 reszt\u0105.","robots":{"index":"index","follow":"follow","max-snippet":"max-snippet:-1","max-image-preview":"max-image-preview:large","max-video-preview":"max-video-preview:-1"},"canonical":"https:\/\/www.drewnianamagia.pl\/index.php\/produkt\/wkladki-wykreslanki-do-skarbonki\/","og_locale":"pl_PL","og_type":"article","og_title":"Wk\u0142adki wykre\u015blanki do skarbonki - Drewniana Magia","og_description":"Wymienne wk\u0142adki do drewnianej skarbonki wykre\u015blanki. W pe\u0142ni personalizowane - podaj sw\u00f3j tekst, ustal kwoty a my zajmiemy si\u0119 reszt\u0105.","og_url":"https:\/\/www.drewnianamagia.pl\/index.php\/produkt\/wkladki-wykreslanki-do-skarbonki\/","og_site_name":"Drewniana Magia","article_publisher":"https:\/\/facebook.com\/BelasDrewnianaMagia","article_modified_time":"2025-10-10T08:47:51+00:00","og_image":[{"width":1000,"height":1000,"url":"https:\/\/www.drewnianamagia.pl\/wp-content\/uploads\/2024\/09\/wkladki-wykreslanki-0.png","type":"image\/png"}],"twitter_card":"summary_large_image","twitter_misc":{"Szacowany czas czytania":"2 minuty"},"schema":{"@context":"https:\/\/schema.org","@graph":[{"@type":"WebPage","@id":"https:\/\/www.drewnianamagia.pl\/index.php\/produkt\/wkladki-wykreslanki-do-skarbonki\/","url":"https:\/\/www.drewnianamagia.pl\/index.php\/produkt\/wkladki-wykreslanki-do-skarbonki\/","name":"Wk\u0142adki wykre\u015blanki do skarbonki - Drewniana Magia","isPartOf":{"@id":"https:\/\/www.drewnianamagia.pl\/#website"},"primaryImageOfPage":{"@id":"https:\/\/www.drewnianamagia.pl\/index.php\/produkt\/wkladki-wykreslanki-do-skarbonki\/#primaryimage"},"image":{"@id":"https:\/\/www.drewnianamagia.pl\/index.php\/produkt\/wkladki-wykreslanki-do-skarbonki\/#primaryimage"},"thumbnailUrl":"https:\/\/www.drewnianamagia.pl\/wp-content\/uploads\/2024\/09\/wkladki-wykreslanki-0.png","datePublished":"2024-09-10T09:38:56+00:00","dateModified":"2025-10-10T08:47:51+00:00","description":"Wymienne wk\u0142adki do drewnianej skarbonki wykre\u015blanki. W pe\u0142ni personalizowane - podaj sw\u00f3j tekst, ustal kwoty a my zajmiemy si\u0119 reszt\u0105.","breadcrumb":{"@id":"https:\/\/www.drewnianamagia.pl\/index.php\/produkt\/wkladki-wykreslanki-do-skarbonki\/#breadcrumb"},"inLanguage":"pl-PL","potentialAction":[{"@type":"ReadAction","target":["https:\/\/www.drewnianamagia.pl\/index.php\/produkt\/wkladki-wykreslanki-do-skarbonki\/"]}]},{"@type":"ImageObject","inLanguage":"pl-PL","@id":"https:\/\/www.drewnianamagia.pl\/index.php\/produkt\/wkladki-wykreslanki-do-skarbonki\/#primaryimage","url":"https:\/\/www.drewnianamagia.pl\/wp-content\/uploads\/2024\/09\/wkladki-wykreslanki-0.png","contentUrl":"https:\/\/www.drewnianamagia.pl\/wp-content\/uploads\/2024\/09\/wkladki-wykreslanki-0.png","width":1000,"height":1000,"caption":"wk\u0142adki do skarbonki wykre\u015blanej"},{"@type":"BreadcrumbList","@id":"https:\/\/www.drewnianamagia.pl\/index.php\/produkt\/wkladki-wykreslanki-do-skarbonki\/#breadcrumb","itemListElement":[{"@type":"ListItem","position":1,"name":"Strona g\u0142\u00f3wna","item":"https:\/\/www.drewnianamagia.pl\/"},{"@type":"ListItem","position":2,"name":"Sklep","item":"https:\/\/www.drewnianamagia.pl\/index.php\/sklep-internetowy-drewnianamagia\/"},{"@type":"ListItem","position":3,"name":"Wk\u0142adki wykre\u015blanki do skarbonki"}]},{"@type":"WebSite","@id":"https:\/\/www.drewnianamagia.pl\/#website","url":"https:\/\/www.drewnianamagia.pl\/","name":"Drewniana Magia","description":"Personalizowane prezenty i dekoracje z drewna i druku 3D, na ka\u017cd\u0105 okazj\u0119 i okoliczno\u015b\u0107. Urodziny, Chrzest, Przyj\u0119cie, \u015awi\u0119ta, \u015alub","publisher":{"@id":"https:\/\/www.drewnianamagia.pl\/#organization"},"potentialAction":[{"@type":"SearchAction","target":{"@type":"EntryPoint","urlTemplate":"https:\/\/www.drewnianamagia.pl\/?s={search_term_string}"},"query-input":{"@type":"PropertyValueSpecification","valueRequired":true,"valueName":"search_term_string"}}],"inLanguage":"pl-PL"},{"@type":"Organization","@id":"https:\/\/www.drewnianamagia.pl\/#organization","name":"Drewniana Magia","url":"https:\/\/www.drewnianamagia.pl\/","logo":{"@type":"ImageObject","inLanguage":"pl-PL","@id":"https:\/\/www.drewnianamagia.pl\/#\/schema\/logo\/image\/","url":"https:\/\/www.drewnianamagia.pl\/wp-content\/uploads\/2024\/02\/cropped-LOGO-DrewnianaMagia-375x188-1.png","contentUrl":"https:\/\/www.drewnianamagia.pl\/wp-content\/uploads\/2024\/02\/cropped-LOGO-DrewnianaMagia-375x188-1.png","width":374,"height":188,"caption":"Drewniana Magia"},"image":{"@id":"https:\/\/www.drewnianamagia.pl\/#\/schema\/logo\/image\/"},"sameAs":["https:\/\/facebook.com\/BelasDrewnianaMagia"]}]}},"_links":{"self":[{"href":"https:\/\/www.drewnianamagia.pl\/index.php\/wp-json\/wp\/v2\/product\/4195","targetHints":{"allow":["GET"]}}],"collection":[{"href":"https:\/\/www.drewnianamagia.pl\/index.php\/wp-json\/wp\/v2\/product"}],"about":[{"href":"https:\/\/www.drewnianamagia.pl\/index.php\/wp-json\/wp\/v2\/types\/product"}],"replies":[{"embeddable":true,"href":"https:\/\/www.drewnianamagia.pl\/index.php\/wp-json\/wp\/v2\/comments?post=4195"}],"wp:featuredmedia":[{"embeddable":true,"href":"https:\/\/www.drewnianamagia.pl\/index.php\/wp-json\/wp\/v2\/media\/4451"}],"wp:attachment":[{"href":"https:\/\/www.drewnianamagia.pl\/index.php\/wp-json\/wp\/v2\/media?parent=4195"}],"wp:term":[{"taxonomy":"product_brand","embeddable":true,"href":"https:\/\/www.drewnianamagia.pl\/index.php\/wp-json\/wp\/v2\/product_brand?post=4195"},{"taxonomy":"product_cat","embeddable":true,"href":"https:\/\/www.drewnianamagia.pl\/index.php\/wp-json\/wp\/v2\/product_cat?post=4195"},{"taxonomy":"product_tag","embeddable":true,"href":"https:\/\/www.drewnianamagia.pl\/index.php\/wp-json\/wp\/v2\/product_tag?post=4195"}],"curies":[{"name":"wp","href":"https:\/\/api.w.org\/{rel}","templated":true}]}}