{"id":4108,"date":"2024-08-31T09:55:21","date_gmt":"2024-08-31T07:55:21","guid":{"rendered":"https:\/\/www.drewnianamagia.pl\/?post_type=product&#038;p=4108"},"modified":"2026-01-22T10:27:34","modified_gmt":"2026-01-22T09:27:34","slug":"swiadectwo-najlepszej-cioci-personalizacja","status":"publish","type":"product","link":"https:\/\/www.drewnianamagia.pl\/index.php\/produkt\/swiadectwo-najlepszej-cioci-personalizacja\/","title":{"rendered":"\u015awiadectwo Najlepszej Cioci &#8211; personalizacja"},"content":{"rendered":"<p style=\"text-align: center;\">\u015awiadectwo Najlepszej Cioci<\/p>\n<p>Prezent dla CIOCI &#8211; \u015awiadectwo Najlepszej Cioci. Idealny prezent na Urodziny lub inn\u0105 okoliczno\u015b\u0107.<\/p>\n<p>Wystaw \u015awiadectwo ukochanej osobie, niech wie, \u017ce zas\u0142uguje na &#8222;czerwony pasek&#8221;!<\/p>\n<p>Podaj w wiadomo\u015bci do sprzedawcy tre\u015b\u0107 personalizacji:<\/p>\n<ul>\n<li>Imi\u0119 i Nazwisko<\/li>\n<li>Rok<\/li>\n<li>Dat\u0119 wystawienia<\/li>\n<li>Tre\u015b\u0107 podpisu<\/li>\n<\/ul>\n<p>W przypadku braku podania tre\u015bci personalizacji &#8211; wysy\u0142amy produkt bez uzupe\u0142nionych p\u00f3l.<\/p>\n<p>Wysokiej jako\u015bci g\u0142adki i gruby papier satynowy o gramaturze 300g\/m2<\/p>\n<p>Druk jednostronny.<\/p>\n<p>Format A4<\/p>\n<p>Produkt nie jest \u015bwiadectwem szkolnym. Nie drukujemy oraz nie sprzedajemy \u015bwiadectw szkolnych.<\/p>\n<p>&nbsp;<\/p>\n<p>&nbsp;<\/p>\n<p>&nbsp;<\/p>\n","protected":false},"excerpt":{"rendered":"<p>\u015awiadectwo Najlepszej Cioci Prezent dla CIOCI &#8211; \u015awiadectwo Najlepszej Cioci. Idealny prezent na Urodziny lub inn\u0105 okoliczno\u015b\u0107. Wystaw \u015awiadectwo ukochanej osobie, niech wie, \u017ce zas\u0142uguje na &#8222;czerwony pasek&#8221;! Podaj w wiadomo\u015bci do sprzedawcy tre\u015b\u0107 personalizacji: Imi\u0119 i Nazwisko Rok Dat\u0119 wystawienia Tre\u015b\u0107 podpisu W przypadku braku podania tre\u015bci personalizacji &#8211; wysy\u0142amy produkt bez uzupe\u0142nionych p\u00f3l. [&hellip;]<\/p>\n","protected":false},"featured_media":4037,"comment_status":"open","ping_status":"closed","template":"","meta":{"_acf_changed":false},"product_brand":[],"product_cat":[136,108,92,96],"product_tag":[54],"class_list":{"0":"post-4108","1":"product","2":"type-product","3":"status-publish","4":"has-post-thumbnail","6":"product_cat-dyplomy-certyfikaty","7":"product_cat-dzien-kobiet","8":"product_cat-gadzety","9":"product_cat-urodziny-imieniny","10":"product_tag-personalizacja","12":"first","13":"instock","14":"taxable","15":"shipping-taxable","16":"purchasable","17":"product-type-simple"},"acf":[],"yoast_head":"<!-- This site is optimized with the Yoast SEO plugin v27.5 - https:\/\/yoast.com\/product\/yoast-seo-wordpress\/ -->\n<title>\u015awiadectwo Najlepszej Cioci - personalizacja - Drewniana Magia<\/title>\n<meta name=\"description\" content=\"\u015awiadectwo najlepszej Cioci - personalizowane. Wysokiej jako\u015bci papier satynowy - g\u0142adki i gruby w formacie A4. Idealny prezent na Urodziny.\" \/>\n<meta name=\"robots\" content=\"index, follow, max-snippet:-1, max-image-preview:large, max-video-preview:-1\" \/>\n<link rel=\"canonical\" href=\"https:\/\/www.drewnianamagia.pl\/index.php\/produkt\/swiadectwo-najlepszej-cioci-personalizacja\/\" \/>\n<meta property=\"og:locale\" content=\"pl_PL\" \/>\n<meta property=\"og:type\" content=\"article\" \/>\n<meta property=\"og:title\" content=\"\u015awiadectwo Najlepszej Cioci - personalizacja - Drewniana Magia\" \/>\n<meta property=\"og:description\" content=\"\u015awiadectwo najlepszej Cioci - personalizowane. Wysokiej jako\u015bci papier satynowy - g\u0142adki i gruby w formacie A4. Idealny prezent na Urodziny.\" \/>\n<meta property=\"og:url\" content=\"https:\/\/www.drewnianamagia.pl\/index.php\/produkt\/swiadectwo-najlepszej-cioci-personalizacja\/\" \/>\n<meta property=\"og:site_name\" content=\"Drewniana Magia\" \/>\n<meta property=\"article:publisher\" content=\"https:\/\/facebook.com\/BelasDrewnianaMagia\" \/>\n<meta property=\"article:modified_time\" content=\"2026-01-22T09:27:34+00:00\" \/>\n<meta property=\"og:image\" content=\"https:\/\/www.drewnianamagia.pl\/wp-content\/uploads\/2024\/08\/swiadectwo-ciocia-wypelnione.jpg\" \/>\n\t<meta property=\"og:image:width\" content=\"1000\" \/>\n\t<meta property=\"og:image:height\" content=\"1000\" \/>\n\t<meta property=\"og:image:type\" content=\"image\/jpeg\" \/>\n<meta name=\"twitter:card\" content=\"summary_large_image\" \/>\n<meta name=\"twitter:label1\" content=\"Szacowany czas czytania\" \/>\n\t<meta name=\"twitter:data1\" content=\"1 minuta\" \/>\n<script type=\"application\/ld+json\" class=\"yoast-schema-graph\">{\"@context\":\"https:\\\/\\\/schema.org\",\"@graph\":[{\"@type\":\"WebPage\",\"@id\":\"https:\\\/\\\/www.drewnianamagia.pl\\\/index.php\\\/produkt\\\/swiadectwo-najlepszej-cioci-personalizacja\\\/\",\"url\":\"https:\\\/\\\/www.drewnianamagia.pl\\\/index.php\\\/produkt\\\/swiadectwo-najlepszej-cioci-personalizacja\\\/\",\"name\":\"\u015awiadectwo Najlepszej Cioci - personalizacja - Drewniana Magia\",\"isPartOf\":{\"@id\":\"https:\\\/\\\/www.drewnianamagia.pl\\\/#website\"},\"primaryImageOfPage\":{\"@id\":\"https:\\\/\\\/www.drewnianamagia.pl\\\/index.php\\\/produkt\\\/swiadectwo-najlepszej-cioci-personalizacja\\\/#primaryimage\"},\"image\":{\"@id\":\"https:\\\/\\\/www.drewnianamagia.pl\\\/index.php\\\/produkt\\\/swiadectwo-najlepszej-cioci-personalizacja\\\/#primaryimage\"},\"thumbnailUrl\":\"https:\\\/\\\/www.drewnianamagia.pl\\\/wp-content\\\/uploads\\\/2024\\\/08\\\/swiadectwo-ciocia-wypelnione.jpg\",\"datePublished\":\"2024-08-31T07:55:21+00:00\",\"dateModified\":\"2026-01-22T09:27:34+00:00\",\"description\":\"\u015awiadectwo najlepszej Cioci - personalizowane. Wysokiej jako\u015bci papier satynowy - g\u0142adki i gruby w formacie A4. Idealny prezent na Urodziny.\",\"breadcrumb\":{\"@id\":\"https:\\\/\\\/www.drewnianamagia.pl\\\/index.php\\\/produkt\\\/swiadectwo-najlepszej-cioci-personalizacja\\\/#breadcrumb\"},\"inLanguage\":\"pl-PL\",\"potentialAction\":[{\"@type\":\"ReadAction\",\"target\":[\"https:\\\/\\\/www.drewnianamagia.pl\\\/index.php\\\/produkt\\\/swiadectwo-najlepszej-cioci-personalizacja\\\/\"]}]},{\"@type\":\"ImageObject\",\"inLanguage\":\"pl-PL\",\"@id\":\"https:\\\/\\\/www.drewnianamagia.pl\\\/index.php\\\/produkt\\\/swiadectwo-najlepszej-cioci-personalizacja\\\/#primaryimage\",\"url\":\"https:\\\/\\\/www.drewnianamagia.pl\\\/wp-content\\\/uploads\\\/2024\\\/08\\\/swiadectwo-ciocia-wypelnione.jpg\",\"contentUrl\":\"https:\\\/\\\/www.drewnianamagia.pl\\\/wp-content\\\/uploads\\\/2024\\\/08\\\/swiadectwo-ciocia-wypelnione.jpg\",\"width\":1000,\"height\":1000,\"caption\":\"\u015awiadectwo - najlepsza Ciocia\"},{\"@type\":\"BreadcrumbList\",\"@id\":\"https:\\\/\\\/www.drewnianamagia.pl\\\/index.php\\\/produkt\\\/swiadectwo-najlepszej-cioci-personalizacja\\\/#breadcrumb\",\"itemListElement\":[{\"@type\":\"ListItem\",\"position\":1,\"name\":\"Strona g\u0142\u00f3wna\",\"item\":\"https:\\\/\\\/www.drewnianamagia.pl\\\/\"},{\"@type\":\"ListItem\",\"position\":2,\"name\":\"Sklep\",\"item\":\"https:\\\/\\\/www.drewnianamagia.pl\\\/index.php\\\/sklep-internetowy-drewnianamagia\\\/\"},{\"@type\":\"ListItem\",\"position\":3,\"name\":\"\u015awiadectwo Najlepszej Cioci &#8211; personalizacja\"}]},{\"@type\":\"WebSite\",\"@id\":\"https:\\\/\\\/www.drewnianamagia.pl\\\/#website\",\"url\":\"https:\\\/\\\/www.drewnianamagia.pl\\\/\",\"name\":\"Drewniana Magia\",\"description\":\"Personalizowane prezenty i dekoracje z drewna i druku 3D, na ka\u017cd\u0105 okazj\u0119 i okoliczno\u015b\u0107. Urodziny, Chrzest, Przyj\u0119cie, \u015awi\u0119ta, \u015alub\",\"publisher\":{\"@id\":\"https:\\\/\\\/www.drewnianamagia.pl\\\/#organization\"},\"potentialAction\":[{\"@type\":\"SearchAction\",\"target\":{\"@type\":\"EntryPoint\",\"urlTemplate\":\"https:\\\/\\\/www.drewnianamagia.pl\\\/?s={search_term_string}\"},\"query-input\":{\"@type\":\"PropertyValueSpecification\",\"valueRequired\":true,\"valueName\":\"search_term_string\"}}],\"inLanguage\":\"pl-PL\"},{\"@type\":\"Organization\",\"@id\":\"https:\\\/\\\/www.drewnianamagia.pl\\\/#organization\",\"name\":\"Drewniana Magia\",\"url\":\"https:\\\/\\\/www.drewnianamagia.pl\\\/\",\"logo\":{\"@type\":\"ImageObject\",\"inLanguage\":\"pl-PL\",\"@id\":\"https:\\\/\\\/www.drewnianamagia.pl\\\/#\\\/schema\\\/logo\\\/image\\\/\",\"url\":\"https:\\\/\\\/www.drewnianamagia.pl\\\/wp-content\\\/uploads\\\/2024\\\/02\\\/cropped-LOGO-DrewnianaMagia-375x188-1.png\",\"contentUrl\":\"https:\\\/\\\/www.drewnianamagia.pl\\\/wp-content\\\/uploads\\\/2024\\\/02\\\/cropped-LOGO-DrewnianaMagia-375x188-1.png\",\"width\":374,\"height\":188,\"caption\":\"Drewniana Magia\"},\"image\":{\"@id\":\"https:\\\/\\\/www.drewnianamagia.pl\\\/#\\\/schema\\\/logo\\\/image\\\/\"},\"sameAs\":[\"https:\\\/\\\/facebook.com\\\/BelasDrewnianaMagia\"]}]}<\/script>\n<!-- \/ Yoast SEO plugin. -->","yoast_head_json":{"title":"\u015awiadectwo Najlepszej Cioci - personalizacja - Drewniana Magia","description":"\u015awiadectwo najlepszej Cioci - personalizowane. Wysokiej jako\u015bci papier satynowy - g\u0142adki i gruby w formacie A4. Idealny prezent na Urodziny.","robots":{"index":"index","follow":"follow","max-snippet":"max-snippet:-1","max-image-preview":"max-image-preview:large","max-video-preview":"max-video-preview:-1"},"canonical":"https:\/\/www.drewnianamagia.pl\/index.php\/produkt\/swiadectwo-najlepszej-cioci-personalizacja\/","og_locale":"pl_PL","og_type":"article","og_title":"\u015awiadectwo Najlepszej Cioci - personalizacja - Drewniana Magia","og_description":"\u015awiadectwo najlepszej Cioci - personalizowane. Wysokiej jako\u015bci papier satynowy - g\u0142adki i gruby w formacie A4. Idealny prezent na Urodziny.","og_url":"https:\/\/www.drewnianamagia.pl\/index.php\/produkt\/swiadectwo-najlepszej-cioci-personalizacja\/","og_site_name":"Drewniana Magia","article_publisher":"https:\/\/facebook.com\/BelasDrewnianaMagia","article_modified_time":"2026-01-22T09:27:34+00:00","og_image":[{"width":1000,"height":1000,"url":"https:\/\/www.drewnianamagia.pl\/wp-content\/uploads\/2024\/08\/swiadectwo-ciocia-wypelnione.jpg","type":"image\/jpeg"}],"twitter_card":"summary_large_image","twitter_misc":{"Szacowany czas czytania":"1 minuta"},"schema":{"@context":"https:\/\/schema.org","@graph":[{"@type":"WebPage","@id":"https:\/\/www.drewnianamagia.pl\/index.php\/produkt\/swiadectwo-najlepszej-cioci-personalizacja\/","url":"https:\/\/www.drewnianamagia.pl\/index.php\/produkt\/swiadectwo-najlepszej-cioci-personalizacja\/","name":"\u015awiadectwo Najlepszej Cioci - personalizacja - Drewniana Magia","isPartOf":{"@id":"https:\/\/www.drewnianamagia.pl\/#website"},"primaryImageOfPage":{"@id":"https:\/\/www.drewnianamagia.pl\/index.php\/produkt\/swiadectwo-najlepszej-cioci-personalizacja\/#primaryimage"},"image":{"@id":"https:\/\/www.drewnianamagia.pl\/index.php\/produkt\/swiadectwo-najlepszej-cioci-personalizacja\/#primaryimage"},"thumbnailUrl":"https:\/\/www.drewnianamagia.pl\/wp-content\/uploads\/2024\/08\/swiadectwo-ciocia-wypelnione.jpg","datePublished":"2024-08-31T07:55:21+00:00","dateModified":"2026-01-22T09:27:34+00:00","description":"\u015awiadectwo najlepszej Cioci - personalizowane. Wysokiej jako\u015bci papier satynowy - g\u0142adki i gruby w formacie A4. Idealny prezent na Urodziny.","breadcrumb":{"@id":"https:\/\/www.drewnianamagia.pl\/index.php\/produkt\/swiadectwo-najlepszej-cioci-personalizacja\/#breadcrumb"},"inLanguage":"pl-PL","potentialAction":[{"@type":"ReadAction","target":["https:\/\/www.drewnianamagia.pl\/index.php\/produkt\/swiadectwo-najlepszej-cioci-personalizacja\/"]}]},{"@type":"ImageObject","inLanguage":"pl-PL","@id":"https:\/\/www.drewnianamagia.pl\/index.php\/produkt\/swiadectwo-najlepszej-cioci-personalizacja\/#primaryimage","url":"https:\/\/www.drewnianamagia.pl\/wp-content\/uploads\/2024\/08\/swiadectwo-ciocia-wypelnione.jpg","contentUrl":"https:\/\/www.drewnianamagia.pl\/wp-content\/uploads\/2024\/08\/swiadectwo-ciocia-wypelnione.jpg","width":1000,"height":1000,"caption":"\u015awiadectwo - najlepsza Ciocia"},{"@type":"BreadcrumbList","@id":"https:\/\/www.drewnianamagia.pl\/index.php\/produkt\/swiadectwo-najlepszej-cioci-personalizacja\/#breadcrumb","itemListElement":[{"@type":"ListItem","position":1,"name":"Strona g\u0142\u00f3wna","item":"https:\/\/www.drewnianamagia.pl\/"},{"@type":"ListItem","position":2,"name":"Sklep","item":"https:\/\/www.drewnianamagia.pl\/index.php\/sklep-internetowy-drewnianamagia\/"},{"@type":"ListItem","position":3,"name":"\u015awiadectwo Najlepszej Cioci &#8211; personalizacja"}]},{"@type":"WebSite","@id":"https:\/\/www.drewnianamagia.pl\/#website","url":"https:\/\/www.drewnianamagia.pl\/","name":"Drewniana Magia","description":"Personalizowane prezenty i dekoracje z drewna i druku 3D, na ka\u017cd\u0105 okazj\u0119 i okoliczno\u015b\u0107. Urodziny, Chrzest, Przyj\u0119cie, \u015awi\u0119ta, \u015alub","publisher":{"@id":"https:\/\/www.drewnianamagia.pl\/#organization"},"potentialAction":[{"@type":"SearchAction","target":{"@type":"EntryPoint","urlTemplate":"https:\/\/www.drewnianamagia.pl\/?s={search_term_string}"},"query-input":{"@type":"PropertyValueSpecification","valueRequired":true,"valueName":"search_term_string"}}],"inLanguage":"pl-PL"},{"@type":"Organization","@id":"https:\/\/www.drewnianamagia.pl\/#organization","name":"Drewniana Magia","url":"https:\/\/www.drewnianamagia.pl\/","logo":{"@type":"ImageObject","inLanguage":"pl-PL","@id":"https:\/\/www.drewnianamagia.pl\/#\/schema\/logo\/image\/","url":"https:\/\/www.drewnianamagia.pl\/wp-content\/uploads\/2024\/02\/cropped-LOGO-DrewnianaMagia-375x188-1.png","contentUrl":"https:\/\/www.drewnianamagia.pl\/wp-content\/uploads\/2024\/02\/cropped-LOGO-DrewnianaMagia-375x188-1.png","width":374,"height":188,"caption":"Drewniana Magia"},"image":{"@id":"https:\/\/www.drewnianamagia.pl\/#\/schema\/logo\/image\/"},"sameAs":["https:\/\/facebook.com\/BelasDrewnianaMagia"]}]}},"_links":{"self":[{"href":"https:\/\/www.drewnianamagia.pl\/index.php\/wp-json\/wp\/v2\/product\/4108","targetHints":{"allow":["GET"]}}],"collection":[{"href":"https:\/\/www.drewnianamagia.pl\/index.php\/wp-json\/wp\/v2\/product"}],"about":[{"href":"https:\/\/www.drewnianamagia.pl\/index.php\/wp-json\/wp\/v2\/types\/product"}],"replies":[{"embeddable":true,"href":"https:\/\/www.drewnianamagia.pl\/index.php\/wp-json\/wp\/v2\/comments?post=4108"}],"wp:featuredmedia":[{"embeddable":true,"href":"https:\/\/www.drewnianamagia.pl\/index.php\/wp-json\/wp\/v2\/media\/4037"}],"wp:attachment":[{"href":"https:\/\/www.drewnianamagia.pl\/index.php\/wp-json\/wp\/v2\/media?parent=4108"}],"wp:term":[{"taxonomy":"product_brand","embeddable":true,"href":"https:\/\/www.drewnianamagia.pl\/index.php\/wp-json\/wp\/v2\/product_brand?post=4108"},{"taxonomy":"product_cat","embeddable":true,"href":"https:\/\/www.drewnianamagia.pl\/index.php\/wp-json\/wp\/v2\/product_cat?post=4108"},{"taxonomy":"product_tag","embeddable":true,"href":"https:\/\/www.drewnianamagia.pl\/index.php\/wp-json\/wp\/v2\/product_tag?post=4108"}],"curies":[{"name":"wp","href":"https:\/\/api.w.org\/{rel}","templated":true}]}}