{"id":4080,"date":"2024-08-30T14:51:18","date_gmt":"2024-08-30T12:51:18","guid":{"rendered":"https:\/\/www.drewnianamagia.pl\/?post_type=product&#038;p=4080"},"modified":"2026-04-29T12:12:55","modified_gmt":"2026-04-29T10:12:55","slug":"certyfikat-prezent-na-wieczor-kawalerski-v2","status":"publish","type":"product","link":"https:\/\/www.drewnianamagia.pl\/index.php\/produkt\/certyfikat-prezent-na-wieczor-kawalerski-v2\/","title":{"rendered":"Certyfikat &#8211; prezent na Wiecz\u00f3r Kawalerski v2"},"content":{"rendered":"<p style=\"text-align: center;\">Certyfikat, dyplom &#8211; prezent na Wiecz\u00f3r Kawalerski<\/p>\n<p>Do r\u0119cznego wype\u0142nienia<\/p>\n<p>Wysokiej jako\u015bci g\u0142adki i gruby papier satynowy o gramaturze 300g\/m2<\/p>\n<p>Druk jednostronny.<\/p>\n<p>Format A4<\/p>\n<p>&nbsp;<\/p>\n<p>&nbsp;<\/p>\n<p>&nbsp;<\/p>\n<p>&nbsp;<\/p>\n","protected":false},"excerpt":{"rendered":"<p>Certyfikat, dyplom &#8211; prezent na Wiecz\u00f3r Kawalerski Do r\u0119cznego wype\u0142nienia Wysokiej jako\u015bci g\u0142adki i gruby papier satynowy o gramaturze 300g\/m2 Druk jednostronny. Format A4 &nbsp; &nbsp; &nbsp; &nbsp;<\/p>\n","protected":false},"featured_media":4023,"comment_status":"open","ping_status":"closed","template":"","meta":{"_acf_changed":false},"product_brand":[],"product_cat":[136,92,98],"product_tag":[],"class_list":{"0":"post-4080","1":"product","2":"type-product","3":"status-publish","4":"has-post-thumbnail","6":"product_cat-dyplomy-certyfikaty","7":"product_cat-gadzety","8":"product_cat-slub-wesele","10":"first","11":"instock","12":"taxable","13":"shipping-taxable","14":"purchasable","15":"product-type-simple"},"acf":[],"yoast_head":"<!-- This site is optimized with the Yoast SEO plugin v27.5 - https:\/\/yoast.com\/product\/yoast-seo-wordpress\/ -->\n<title>Certyfikat - prezent na Wiecz\u00f3r Kawalerski v2 - Drewniana Magia<\/title>\n<meta name=\"description\" content=\"Certyfikat, dyplom - prezent na Wiecz\u00f3r Kawalerski. Format A4 Wysokiej jako\u015bci satynowy gruby i g\u0142adki papier\" \/>\n<meta name=\"robots\" content=\"index, follow, max-snippet:-1, max-image-preview:large, max-video-preview:-1\" \/>\n<link rel=\"canonical\" href=\"https:\/\/www.drewnianamagia.pl\/index.php\/produkt\/certyfikat-prezent-na-wieczor-kawalerski-v2\/\" \/>\n<meta property=\"og:locale\" content=\"pl_PL\" \/>\n<meta property=\"og:type\" content=\"article\" \/>\n<meta property=\"og:title\" content=\"Certyfikat - prezent na Wiecz\u00f3r Kawalerski v2 - Drewniana Magia\" \/>\n<meta property=\"og:description\" content=\"Certyfikat, dyplom - prezent na Wiecz\u00f3r Kawalerski. Format A4 Wysokiej jako\u015bci satynowy gruby i g\u0142adki papier\" \/>\n<meta property=\"og:url\" content=\"https:\/\/www.drewnianamagia.pl\/index.php\/produkt\/certyfikat-prezent-na-wieczor-kawalerski-v2\/\" \/>\n<meta property=\"og:site_name\" content=\"Drewniana Magia\" \/>\n<meta property=\"article:publisher\" content=\"https:\/\/facebook.com\/BelasDrewnianaMagia\" \/>\n<meta property=\"article:modified_time\" content=\"2026-04-29T10:12:55+00:00\" \/>\n<meta property=\"og:image\" content=\"https:\/\/www.drewnianamagia.pl\/wp-content\/uploads\/2024\/08\/certyfikat-kawalerski-pusty.jpg\" \/>\n\t<meta property=\"og:image:width\" content=\"1000\" \/>\n\t<meta property=\"og:image:height\" content=\"1000\" \/>\n\t<meta property=\"og:image:type\" content=\"image\/jpeg\" \/>\n<meta name=\"twitter:card\" content=\"summary_large_image\" \/>\n<meta name=\"twitter:label1\" content=\"Szacowany czas czytania\" \/>\n\t<meta name=\"twitter:data1\" content=\"1 minuta\" \/>\n<script type=\"application\/ld+json\" class=\"yoast-schema-graph\">{\"@context\":\"https:\\\/\\\/schema.org\",\"@graph\":[{\"@type\":\"WebPage\",\"@id\":\"https:\\\/\\\/www.drewnianamagia.pl\\\/index.php\\\/produkt\\\/certyfikat-prezent-na-wieczor-kawalerski-v2\\\/\",\"url\":\"https:\\\/\\\/www.drewnianamagia.pl\\\/index.php\\\/produkt\\\/certyfikat-prezent-na-wieczor-kawalerski-v2\\\/\",\"name\":\"Certyfikat - prezent na Wiecz\u00f3r Kawalerski v2 - Drewniana Magia\",\"isPartOf\":{\"@id\":\"https:\\\/\\\/www.drewnianamagia.pl\\\/#website\"},\"primaryImageOfPage\":{\"@id\":\"https:\\\/\\\/www.drewnianamagia.pl\\\/index.php\\\/produkt\\\/certyfikat-prezent-na-wieczor-kawalerski-v2\\\/#primaryimage\"},\"image\":{\"@id\":\"https:\\\/\\\/www.drewnianamagia.pl\\\/index.php\\\/produkt\\\/certyfikat-prezent-na-wieczor-kawalerski-v2\\\/#primaryimage\"},\"thumbnailUrl\":\"https:\\\/\\\/www.drewnianamagia.pl\\\/wp-content\\\/uploads\\\/2024\\\/08\\\/certyfikat-kawalerski-pusty.jpg\",\"datePublished\":\"2024-08-30T12:51:18+00:00\",\"dateModified\":\"2026-04-29T10:12:55+00:00\",\"description\":\"Certyfikat, dyplom - prezent na Wiecz\u00f3r Kawalerski. Format A4 Wysokiej jako\u015bci satynowy gruby i g\u0142adki papier\",\"breadcrumb\":{\"@id\":\"https:\\\/\\\/www.drewnianamagia.pl\\\/index.php\\\/produkt\\\/certyfikat-prezent-na-wieczor-kawalerski-v2\\\/#breadcrumb\"},\"inLanguage\":\"pl-PL\",\"potentialAction\":[{\"@type\":\"ReadAction\",\"target\":[\"https:\\\/\\\/www.drewnianamagia.pl\\\/index.php\\\/produkt\\\/certyfikat-prezent-na-wieczor-kawalerski-v2\\\/\"]}]},{\"@type\":\"ImageObject\",\"inLanguage\":\"pl-PL\",\"@id\":\"https:\\\/\\\/www.drewnianamagia.pl\\\/index.php\\\/produkt\\\/certyfikat-prezent-na-wieczor-kawalerski-v2\\\/#primaryimage\",\"url\":\"https:\\\/\\\/www.drewnianamagia.pl\\\/wp-content\\\/uploads\\\/2024\\\/08\\\/certyfikat-kawalerski-pusty.jpg\",\"contentUrl\":\"https:\\\/\\\/www.drewnianamagia.pl\\\/wp-content\\\/uploads\\\/2024\\\/08\\\/certyfikat-kawalerski-pusty.jpg\",\"width\":1000,\"height\":1000,\"caption\":\"Certyfikat Wiecz\u00f3r kawalerski\"},{\"@type\":\"BreadcrumbList\",\"@id\":\"https:\\\/\\\/www.drewnianamagia.pl\\\/index.php\\\/produkt\\\/certyfikat-prezent-na-wieczor-kawalerski-v2\\\/#breadcrumb\",\"itemListElement\":[{\"@type\":\"ListItem\",\"position\":1,\"name\":\"Strona g\u0142\u00f3wna\",\"item\":\"https:\\\/\\\/www.drewnianamagia.pl\\\/\"},{\"@type\":\"ListItem\",\"position\":2,\"name\":\"Sklep\",\"item\":\"https:\\\/\\\/www.drewnianamagia.pl\\\/index.php\\\/sklep-internetowy-drewnianamagia\\\/\"},{\"@type\":\"ListItem\",\"position\":3,\"name\":\"Certyfikat &#8211; prezent na Wiecz\u00f3r Kawalerski v2\"}]},{\"@type\":\"WebSite\",\"@id\":\"https:\\\/\\\/www.drewnianamagia.pl\\\/#website\",\"url\":\"https:\\\/\\\/www.drewnianamagia.pl\\\/\",\"name\":\"Drewniana Magia\",\"description\":\"Personalizowane prezenty i dekoracje z drewna i druku 3D, na ka\u017cd\u0105 okazj\u0119 i okoliczno\u015b\u0107. Urodziny, Chrzest, Przyj\u0119cie, \u015awi\u0119ta, \u015alub\",\"publisher\":{\"@id\":\"https:\\\/\\\/www.drewnianamagia.pl\\\/#organization\"},\"potentialAction\":[{\"@type\":\"SearchAction\",\"target\":{\"@type\":\"EntryPoint\",\"urlTemplate\":\"https:\\\/\\\/www.drewnianamagia.pl\\\/?s={search_term_string}\"},\"query-input\":{\"@type\":\"PropertyValueSpecification\",\"valueRequired\":true,\"valueName\":\"search_term_string\"}}],\"inLanguage\":\"pl-PL\"},{\"@type\":\"Organization\",\"@id\":\"https:\\\/\\\/www.drewnianamagia.pl\\\/#organization\",\"name\":\"Drewniana Magia\",\"url\":\"https:\\\/\\\/www.drewnianamagia.pl\\\/\",\"logo\":{\"@type\":\"ImageObject\",\"inLanguage\":\"pl-PL\",\"@id\":\"https:\\\/\\\/www.drewnianamagia.pl\\\/#\\\/schema\\\/logo\\\/image\\\/\",\"url\":\"https:\\\/\\\/www.drewnianamagia.pl\\\/wp-content\\\/uploads\\\/2024\\\/02\\\/cropped-LOGO-DrewnianaMagia-375x188-1.png\",\"contentUrl\":\"https:\\\/\\\/www.drewnianamagia.pl\\\/wp-content\\\/uploads\\\/2024\\\/02\\\/cropped-LOGO-DrewnianaMagia-375x188-1.png\",\"width\":374,\"height\":188,\"caption\":\"Drewniana Magia\"},\"image\":{\"@id\":\"https:\\\/\\\/www.drewnianamagia.pl\\\/#\\\/schema\\\/logo\\\/image\\\/\"},\"sameAs\":[\"https:\\\/\\\/facebook.com\\\/BelasDrewnianaMagia\"]}]}<\/script>\n<!-- \/ Yoast SEO plugin. -->","yoast_head_json":{"title":"Certyfikat - prezent na Wiecz\u00f3r Kawalerski v2 - Drewniana Magia","description":"Certyfikat, dyplom - prezent na Wiecz\u00f3r Kawalerski. Format A4 Wysokiej jako\u015bci satynowy gruby i g\u0142adki papier","robots":{"index":"index","follow":"follow","max-snippet":"max-snippet:-1","max-image-preview":"max-image-preview:large","max-video-preview":"max-video-preview:-1"},"canonical":"https:\/\/www.drewnianamagia.pl\/index.php\/produkt\/certyfikat-prezent-na-wieczor-kawalerski-v2\/","og_locale":"pl_PL","og_type":"article","og_title":"Certyfikat - prezent na Wiecz\u00f3r Kawalerski v2 - Drewniana Magia","og_description":"Certyfikat, dyplom - prezent na Wiecz\u00f3r Kawalerski. Format A4 Wysokiej jako\u015bci satynowy gruby i g\u0142adki papier","og_url":"https:\/\/www.drewnianamagia.pl\/index.php\/produkt\/certyfikat-prezent-na-wieczor-kawalerski-v2\/","og_site_name":"Drewniana Magia","article_publisher":"https:\/\/facebook.com\/BelasDrewnianaMagia","article_modified_time":"2026-04-29T10:12:55+00:00","og_image":[{"width":1000,"height":1000,"url":"https:\/\/www.drewnianamagia.pl\/wp-content\/uploads\/2024\/08\/certyfikat-kawalerski-pusty.jpg","type":"image\/jpeg"}],"twitter_card":"summary_large_image","twitter_misc":{"Szacowany czas czytania":"1 minuta"},"schema":{"@context":"https:\/\/schema.org","@graph":[{"@type":"WebPage","@id":"https:\/\/www.drewnianamagia.pl\/index.php\/produkt\/certyfikat-prezent-na-wieczor-kawalerski-v2\/","url":"https:\/\/www.drewnianamagia.pl\/index.php\/produkt\/certyfikat-prezent-na-wieczor-kawalerski-v2\/","name":"Certyfikat - prezent na Wiecz\u00f3r Kawalerski v2 - Drewniana Magia","isPartOf":{"@id":"https:\/\/www.drewnianamagia.pl\/#website"},"primaryImageOfPage":{"@id":"https:\/\/www.drewnianamagia.pl\/index.php\/produkt\/certyfikat-prezent-na-wieczor-kawalerski-v2\/#primaryimage"},"image":{"@id":"https:\/\/www.drewnianamagia.pl\/index.php\/produkt\/certyfikat-prezent-na-wieczor-kawalerski-v2\/#primaryimage"},"thumbnailUrl":"https:\/\/www.drewnianamagia.pl\/wp-content\/uploads\/2024\/08\/certyfikat-kawalerski-pusty.jpg","datePublished":"2024-08-30T12:51:18+00:00","dateModified":"2026-04-29T10:12:55+00:00","description":"Certyfikat, dyplom - prezent na Wiecz\u00f3r Kawalerski. Format A4 Wysokiej jako\u015bci satynowy gruby i g\u0142adki papier","breadcrumb":{"@id":"https:\/\/www.drewnianamagia.pl\/index.php\/produkt\/certyfikat-prezent-na-wieczor-kawalerski-v2\/#breadcrumb"},"inLanguage":"pl-PL","potentialAction":[{"@type":"ReadAction","target":["https:\/\/www.drewnianamagia.pl\/index.php\/produkt\/certyfikat-prezent-na-wieczor-kawalerski-v2\/"]}]},{"@type":"ImageObject","inLanguage":"pl-PL","@id":"https:\/\/www.drewnianamagia.pl\/index.php\/produkt\/certyfikat-prezent-na-wieczor-kawalerski-v2\/#primaryimage","url":"https:\/\/www.drewnianamagia.pl\/wp-content\/uploads\/2024\/08\/certyfikat-kawalerski-pusty.jpg","contentUrl":"https:\/\/www.drewnianamagia.pl\/wp-content\/uploads\/2024\/08\/certyfikat-kawalerski-pusty.jpg","width":1000,"height":1000,"caption":"Certyfikat Wiecz\u00f3r kawalerski"},{"@type":"BreadcrumbList","@id":"https:\/\/www.drewnianamagia.pl\/index.php\/produkt\/certyfikat-prezent-na-wieczor-kawalerski-v2\/#breadcrumb","itemListElement":[{"@type":"ListItem","position":1,"name":"Strona g\u0142\u00f3wna","item":"https:\/\/www.drewnianamagia.pl\/"},{"@type":"ListItem","position":2,"name":"Sklep","item":"https:\/\/www.drewnianamagia.pl\/index.php\/sklep-internetowy-drewnianamagia\/"},{"@type":"ListItem","position":3,"name":"Certyfikat &#8211; prezent na Wiecz\u00f3r Kawalerski v2"}]},{"@type":"WebSite","@id":"https:\/\/www.drewnianamagia.pl\/#website","url":"https:\/\/www.drewnianamagia.pl\/","name":"Drewniana Magia","description":"Personalizowane prezenty i dekoracje z drewna i druku 3D, na ka\u017cd\u0105 okazj\u0119 i okoliczno\u015b\u0107. Urodziny, Chrzest, Przyj\u0119cie, \u015awi\u0119ta, \u015alub","publisher":{"@id":"https:\/\/www.drewnianamagia.pl\/#organization"},"potentialAction":[{"@type":"SearchAction","target":{"@type":"EntryPoint","urlTemplate":"https:\/\/www.drewnianamagia.pl\/?s={search_term_string}"},"query-input":{"@type":"PropertyValueSpecification","valueRequired":true,"valueName":"search_term_string"}}],"inLanguage":"pl-PL"},{"@type":"Organization","@id":"https:\/\/www.drewnianamagia.pl\/#organization","name":"Drewniana Magia","url":"https:\/\/www.drewnianamagia.pl\/","logo":{"@type":"ImageObject","inLanguage":"pl-PL","@id":"https:\/\/www.drewnianamagia.pl\/#\/schema\/logo\/image\/","url":"https:\/\/www.drewnianamagia.pl\/wp-content\/uploads\/2024\/02\/cropped-LOGO-DrewnianaMagia-375x188-1.png","contentUrl":"https:\/\/www.drewnianamagia.pl\/wp-content\/uploads\/2024\/02\/cropped-LOGO-DrewnianaMagia-375x188-1.png","width":374,"height":188,"caption":"Drewniana Magia"},"image":{"@id":"https:\/\/www.drewnianamagia.pl\/#\/schema\/logo\/image\/"},"sameAs":["https:\/\/facebook.com\/BelasDrewnianaMagia"]}]}},"_links":{"self":[{"href":"https:\/\/www.drewnianamagia.pl\/index.php\/wp-json\/wp\/v2\/product\/4080","targetHints":{"allow":["GET"]}}],"collection":[{"href":"https:\/\/www.drewnianamagia.pl\/index.php\/wp-json\/wp\/v2\/product"}],"about":[{"href":"https:\/\/www.drewnianamagia.pl\/index.php\/wp-json\/wp\/v2\/types\/product"}],"replies":[{"embeddable":true,"href":"https:\/\/www.drewnianamagia.pl\/index.php\/wp-json\/wp\/v2\/comments?post=4080"}],"wp:featuredmedia":[{"embeddable":true,"href":"https:\/\/www.drewnianamagia.pl\/index.php\/wp-json\/wp\/v2\/media\/4023"}],"wp:attachment":[{"href":"https:\/\/www.drewnianamagia.pl\/index.php\/wp-json\/wp\/v2\/media?parent=4080"}],"wp:term":[{"taxonomy":"product_brand","embeddable":true,"href":"https:\/\/www.drewnianamagia.pl\/index.php\/wp-json\/wp\/v2\/product_brand?post=4080"},{"taxonomy":"product_cat","embeddable":true,"href":"https:\/\/www.drewnianamagia.pl\/index.php\/wp-json\/wp\/v2\/product_cat?post=4080"},{"taxonomy":"product_tag","embeddable":true,"href":"https:\/\/www.drewnianamagia.pl\/index.php\/wp-json\/wp\/v2\/product_tag?post=4080"}],"curies":[{"name":"wp","href":"https:\/\/api.w.org\/{rel}","templated":true}]}}