{"id":3722,"date":"2024-08-01T16:47:13","date_gmt":"2024-08-01T14:47:13","guid":{"rendered":"https:\/\/www.drewnianamagia.pl\/?post_type=product&#038;p=3722"},"modified":"2025-01-10T13:03:52","modified_gmt":"2025-01-10T12:03:52","slug":"priorytet-wykonanie-w-24h","status":"publish","type":"product","link":"https:\/\/www.drewnianamagia.pl\/index.php\/produkt\/priorytet-wykonanie-w-24h\/","title":{"rendered":"Priorytet &#8211; wykonanie w 24h"},"content":{"rendered":"<p style=\"text-align: center;\"><strong>PRIORYTET &#8211; zam\u00f3wienie wykonane w 24h<\/strong><\/p>\n<p style=\"text-align: center;\"><strong>Dodaj ten produkt do koszyka wraz ze swoim zam\u00f3wieniem i ciesz si\u0119 szybsz\u0105 dostaw\u0105!<\/strong><\/p>\n<p>Czasami zdarza si\u0119, \u017ce standardowy czas wykonania personalizowanego prezentu jest za d\u0142ugi.<\/p>\n<p>Gdy potrzebujesz szybciej prezentu ni\u017c przewidywany czas dostawy, gdy chcesz mie\u0107 pewno\u015b\u0107, \u017ce Twoje zam\u00f3wienie dotrze najszybciej jak to mo\u017cliwe &#8211; teraz mo\u017cesz wykupi\u0107 us\u0142ug\u0119 priorytetowego wykonania personalizowanego produktu, kt\u00f3ry zostanie wykonany w ci\u0105gu 24h od z\u0142o\u017cenia zam\u00f3wienia.<\/p>\n<p>Standardowy czas jaki przewidujemy na wykonanie personalizowanego produktu wynosi oko\u0142o 3 dni roboczych, co sprawia, \u017ce finalnie (po uwzgl\u0119dnieniu czasu wysy\u0142ki i dostawy) przesy\u0142ka dociera do klienta nawet po tygodniu od z\u0142o\u017cenia zam\u00f3wienia . Wybieraj\u0105c opcj\u0119 priorytetu, twoje zam\u00f3wienie zostanie wykonane w ci\u0105gu 24h od jego z\u0142o\u017cenia i przekazane do wysy\u0142ki w najbli\u017cszym dniu roboczym.<\/p>\n<p><img loading=\"lazy\" decoding=\"async\" class=\"aligncenter size-medium wp-image-3723\" src=\"https:\/\/www.drewnianamagia.pl\/wp-content\/uploads\/2024\/08\/porownanie-priorytet-300x300.jpg\" alt=\"porownanie priorytet\" width=\"300\" height=\"300\" srcset=\"https:\/\/www.drewnianamagia.pl\/wp-content\/uploads\/2024\/08\/porownanie-priorytet-300x300.jpg 300w, https:\/\/www.drewnianamagia.pl\/wp-content\/uploads\/2024\/08\/porownanie-priorytet-324x324.jpg 324w, https:\/\/www.drewnianamagia.pl\/wp-content\/uploads\/2024\/08\/porownanie-priorytet-100x100.jpg 100w, https:\/\/www.drewnianamagia.pl\/wp-content\/uploads\/2024\/08\/porownanie-priorytet-416x416.jpg 416w, https:\/\/www.drewnianamagia.pl\/wp-content\/uploads\/2024\/08\/porownanie-priorytet-150x150.jpg 150w, https:\/\/www.drewnianamagia.pl\/wp-content\/uploads\/2024\/08\/porownanie-priorytet-768x768.jpg 768w, https:\/\/www.drewnianamagia.pl\/wp-content\/uploads\/2024\/08\/porownanie-priorytet.jpg 1000w\" sizes=\"auto, (max-width: 300px) 100vw, 300px\" \/><\/p>\n<p><strong>Zam\u00f3wienia z us\u0142ug\u0105 PRIORYTET wykonujemy r\u00f3wnie\u017c w weekendy<\/strong>, co oznacza, \u017ce je\u015bli z\u0142o\u017cysz zam\u00f3wienie mi\u0119dzy czwartkiem po godz. 14:00 a niedziel\u0105 do godz. 14:00 &#8211; to zostanie ono wys\u0142ane w poniedzia\u0142ek.<\/p>\n<p>Z us\u0142ug\u0105 priorytetu, je\u015bli z\u0142o\u017cysz zam\u00f3wienie do godz. 14:00 &#8211; zostanie ono wykonane jeszcze tego samego dnia i nadane w najbli\u017cszym dniu roboczym. Je\u015bli zam\u00f3wienie zostanie z\u0142o\u017cone w godzinach popo\u0142udniowych, wykonamy je dnia nast\u0119pnego i wy\u015blemy dniu kolejnym.<\/p>\n<p>&nbsp;<\/p>\n<p>&nbsp;<\/p>\n<p>&nbsp;<\/p>\n<p style=\"padding-left: 40px;\">Czas 24h dotyczy procesu wykonania i przygotowania produktu do wysy\u0142ki &#8211; mierzymy go od momentu zaksi\u0119gowania p\u0142atno\u015bci za zam\u00f3wienie.<\/p>\n<p style=\"padding-left: 40px;\">Wysy\u0142ka produktu nast\u0119puje zawsze w najbli\u017cszym dniu roboczym po wykonaniu produktu.<\/p>\n<p style=\"padding-left: 40px;\">Dostawa przesy\u0142ki zale\u017cna jest od wybranego przewo\u017anika &#8211; w wi\u0119kszo\u015bci przypadk\u00f3w nast\u0119puje w ci\u0105gu 1 dnia roboczego od momentu odebrania przesy\u0142ki.<\/p>\n","protected":false},"excerpt":{"rendered":"<p>PRIORYTET &#8211; zam\u00f3wienie wykonane w 24h Dodaj ten produkt do koszyka wraz ze swoim zam\u00f3wieniem i ciesz si\u0119 szybsz\u0105 dostaw\u0105! Czasami zdarza si\u0119, \u017ce standardowy czas wykonania personalizowanego prezentu jest za d\u0142ugi. Gdy potrzebujesz szybciej prezentu ni\u017c przewidywany czas dostawy, gdy chcesz mie\u0107 pewno\u015b\u0107, \u017ce Twoje zam\u00f3wienie dotrze najszybciej jak to mo\u017cliwe &#8211; teraz mo\u017cesz [&hellip;]<\/p>\n","protected":false},"featured_media":3721,"comment_status":"closed","ping_status":"closed","template":"","meta":{"_acf_changed":false},"product_brand":[],"product_cat":[29],"product_tag":[126],"class_list":{"0":"post-3722","1":"product","2":"type-product","3":"status-publish","4":"has-post-thumbnail","6":"product_cat-pozostale","7":"product_tag-priorytet","9":"first","10":"instock","11":"virtual","12":"sold-individually","13":"taxable","14":"purchasable","15":"product-type-simple"},"acf":[],"yoast_head":"<!-- This site is optimized with the Yoast SEO plugin v27.5 - https:\/\/yoast.com\/product\/yoast-seo-wordpress\/ -->\n<title>Priorytet - wykonanie w 24h - Drewniana Magia<\/title>\n<meta name=\"robots\" content=\"index, follow, max-snippet:-1, max-image-preview:large, max-video-preview:-1\" \/>\n<link rel=\"canonical\" href=\"https:\/\/www.drewnianamagia.pl\/index.php\/produkt\/priorytet-wykonanie-w-24h\/\" \/>\n<meta property=\"og:locale\" content=\"pl_PL\" \/>\n<meta property=\"og:type\" content=\"article\" \/>\n<meta property=\"og:title\" content=\"Priorytet - wykonanie w 24h - Drewniana Magia\" \/>\n<meta property=\"og:description\" content=\"PRIORYTET &#8211; zam\u00f3wienie wykonane w 24h Dodaj ten produkt do koszyka wraz ze swoim zam\u00f3wieniem i ciesz si\u0119 szybsz\u0105 dostaw\u0105! Czasami zdarza si\u0119, \u017ce standardowy czas wykonania personalizowanego prezentu jest za d\u0142ugi. Gdy potrzebujesz szybciej prezentu ni\u017c przewidywany czas dostawy, gdy chcesz mie\u0107 pewno\u015b\u0107, \u017ce Twoje zam\u00f3wienie dotrze najszybciej jak to mo\u017cliwe &#8211; teraz mo\u017cesz [&hellip;]\" \/>\n<meta property=\"og:url\" content=\"https:\/\/www.drewnianamagia.pl\/index.php\/produkt\/priorytet-wykonanie-w-24h\/\" \/>\n<meta property=\"og:site_name\" content=\"Drewniana Magia\" \/>\n<meta property=\"article:publisher\" content=\"https:\/\/facebook.com\/BelasDrewnianaMagia\" \/>\n<meta property=\"article:modified_time\" content=\"2025-01-10T12:03:52+00:00\" \/>\n<meta property=\"og:image\" content=\"https:\/\/www.drewnianamagia.pl\/wp-content\/uploads\/2024\/08\/wykonanie-w-24h.jpg\" \/>\n\t<meta property=\"og:image:width\" content=\"1000\" \/>\n\t<meta property=\"og:image:height\" content=\"1000\" \/>\n\t<meta property=\"og:image:type\" content=\"image\/jpeg\" \/>\n<meta name=\"twitter:card\" content=\"summary_large_image\" \/>\n<meta name=\"twitter:label1\" content=\"Szacowany czas czytania\" \/>\n\t<meta name=\"twitter:data1\" content=\"2 minuty\" \/>\n<script type=\"application\/ld+json\" class=\"yoast-schema-graph\">{\"@context\":\"https:\\\/\\\/schema.org\",\"@graph\":[{\"@type\":\"WebPage\",\"@id\":\"https:\\\/\\\/www.drewnianamagia.pl\\\/index.php\\\/produkt\\\/priorytet-wykonanie-w-24h\\\/\",\"url\":\"https:\\\/\\\/www.drewnianamagia.pl\\\/index.php\\\/produkt\\\/priorytet-wykonanie-w-24h\\\/\",\"name\":\"Priorytet - wykonanie w 24h - Drewniana Magia\",\"isPartOf\":{\"@id\":\"https:\\\/\\\/www.drewnianamagia.pl\\\/#website\"},\"primaryImageOfPage\":{\"@id\":\"https:\\\/\\\/www.drewnianamagia.pl\\\/index.php\\\/produkt\\\/priorytet-wykonanie-w-24h\\\/#primaryimage\"},\"image\":{\"@id\":\"https:\\\/\\\/www.drewnianamagia.pl\\\/index.php\\\/produkt\\\/priorytet-wykonanie-w-24h\\\/#primaryimage\"},\"thumbnailUrl\":\"https:\\\/\\\/www.drewnianamagia.pl\\\/wp-content\\\/uploads\\\/2024\\\/08\\\/wykonanie-w-24h.jpg\",\"datePublished\":\"2024-08-01T14:47:13+00:00\",\"dateModified\":\"2025-01-10T12:03:52+00:00\",\"breadcrumb\":{\"@id\":\"https:\\\/\\\/www.drewnianamagia.pl\\\/index.php\\\/produkt\\\/priorytet-wykonanie-w-24h\\\/#breadcrumb\"},\"inLanguage\":\"pl-PL\",\"potentialAction\":[{\"@type\":\"ReadAction\",\"target\":[\"https:\\\/\\\/www.drewnianamagia.pl\\\/index.php\\\/produkt\\\/priorytet-wykonanie-w-24h\\\/\"]}]},{\"@type\":\"ImageObject\",\"inLanguage\":\"pl-PL\",\"@id\":\"https:\\\/\\\/www.drewnianamagia.pl\\\/index.php\\\/produkt\\\/priorytet-wykonanie-w-24h\\\/#primaryimage\",\"url\":\"https:\\\/\\\/www.drewnianamagia.pl\\\/wp-content\\\/uploads\\\/2024\\\/08\\\/wykonanie-w-24h.jpg\",\"contentUrl\":\"https:\\\/\\\/www.drewnianamagia.pl\\\/wp-content\\\/uploads\\\/2024\\\/08\\\/wykonanie-w-24h.jpg\",\"width\":1000,\"height\":1000,\"caption\":\"priorytet\"},{\"@type\":\"BreadcrumbList\",\"@id\":\"https:\\\/\\\/www.drewnianamagia.pl\\\/index.php\\\/produkt\\\/priorytet-wykonanie-w-24h\\\/#breadcrumb\",\"itemListElement\":[{\"@type\":\"ListItem\",\"position\":1,\"name\":\"Strona g\u0142\u00f3wna\",\"item\":\"https:\\\/\\\/www.drewnianamagia.pl\\\/\"},{\"@type\":\"ListItem\",\"position\":2,\"name\":\"Sklep\",\"item\":\"https:\\\/\\\/www.drewnianamagia.pl\\\/index.php\\\/sklep-internetowy-drewnianamagia\\\/\"},{\"@type\":\"ListItem\",\"position\":3,\"name\":\"Priorytet &#8211; wykonanie w 24h\"}]},{\"@type\":\"WebSite\",\"@id\":\"https:\\\/\\\/www.drewnianamagia.pl\\\/#website\",\"url\":\"https:\\\/\\\/www.drewnianamagia.pl\\\/\",\"name\":\"Drewniana Magia\",\"description\":\"Personalizowane prezenty i dekoracje z drewna i druku 3D, na ka\u017cd\u0105 okazj\u0119 i okoliczno\u015b\u0107. Urodziny, Chrzest, Przyj\u0119cie, \u015awi\u0119ta, \u015alub\",\"publisher\":{\"@id\":\"https:\\\/\\\/www.drewnianamagia.pl\\\/#organization\"},\"potentialAction\":[{\"@type\":\"SearchAction\",\"target\":{\"@type\":\"EntryPoint\",\"urlTemplate\":\"https:\\\/\\\/www.drewnianamagia.pl\\\/?s={search_term_string}\"},\"query-input\":{\"@type\":\"PropertyValueSpecification\",\"valueRequired\":true,\"valueName\":\"search_term_string\"}}],\"inLanguage\":\"pl-PL\"},{\"@type\":\"Organization\",\"@id\":\"https:\\\/\\\/www.drewnianamagia.pl\\\/#organization\",\"name\":\"Drewniana Magia\",\"url\":\"https:\\\/\\\/www.drewnianamagia.pl\\\/\",\"logo\":{\"@type\":\"ImageObject\",\"inLanguage\":\"pl-PL\",\"@id\":\"https:\\\/\\\/www.drewnianamagia.pl\\\/#\\\/schema\\\/logo\\\/image\\\/\",\"url\":\"https:\\\/\\\/www.drewnianamagia.pl\\\/wp-content\\\/uploads\\\/2024\\\/02\\\/cropped-LOGO-DrewnianaMagia-375x188-1.png\",\"contentUrl\":\"https:\\\/\\\/www.drewnianamagia.pl\\\/wp-content\\\/uploads\\\/2024\\\/02\\\/cropped-LOGO-DrewnianaMagia-375x188-1.png\",\"width\":374,\"height\":188,\"caption\":\"Drewniana Magia\"},\"image\":{\"@id\":\"https:\\\/\\\/www.drewnianamagia.pl\\\/#\\\/schema\\\/logo\\\/image\\\/\"},\"sameAs\":[\"https:\\\/\\\/facebook.com\\\/BelasDrewnianaMagia\"]}]}<\/script>\n<!-- \/ Yoast SEO plugin. -->","yoast_head_json":{"title":"Priorytet - wykonanie w 24h - Drewniana Magia","robots":{"index":"index","follow":"follow","max-snippet":"max-snippet:-1","max-image-preview":"max-image-preview:large","max-video-preview":"max-video-preview:-1"},"canonical":"https:\/\/www.drewnianamagia.pl\/index.php\/produkt\/priorytet-wykonanie-w-24h\/","og_locale":"pl_PL","og_type":"article","og_title":"Priorytet - wykonanie w 24h - Drewniana Magia","og_description":"PRIORYTET &#8211; zam\u00f3wienie wykonane w 24h Dodaj ten produkt do koszyka wraz ze swoim zam\u00f3wieniem i ciesz si\u0119 szybsz\u0105 dostaw\u0105! Czasami zdarza si\u0119, \u017ce standardowy czas wykonania personalizowanego prezentu jest za d\u0142ugi. Gdy potrzebujesz szybciej prezentu ni\u017c przewidywany czas dostawy, gdy chcesz mie\u0107 pewno\u015b\u0107, \u017ce Twoje zam\u00f3wienie dotrze najszybciej jak to mo\u017cliwe &#8211; teraz mo\u017cesz [&hellip;]","og_url":"https:\/\/www.drewnianamagia.pl\/index.php\/produkt\/priorytet-wykonanie-w-24h\/","og_site_name":"Drewniana Magia","article_publisher":"https:\/\/facebook.com\/BelasDrewnianaMagia","article_modified_time":"2025-01-10T12:03:52+00:00","og_image":[{"width":1000,"height":1000,"url":"https:\/\/www.drewnianamagia.pl\/wp-content\/uploads\/2024\/08\/wykonanie-w-24h.jpg","type":"image\/jpeg"}],"twitter_card":"summary_large_image","twitter_misc":{"Szacowany czas czytania":"2 minuty"},"schema":{"@context":"https:\/\/schema.org","@graph":[{"@type":"WebPage","@id":"https:\/\/www.drewnianamagia.pl\/index.php\/produkt\/priorytet-wykonanie-w-24h\/","url":"https:\/\/www.drewnianamagia.pl\/index.php\/produkt\/priorytet-wykonanie-w-24h\/","name":"Priorytet - wykonanie w 24h - Drewniana Magia","isPartOf":{"@id":"https:\/\/www.drewnianamagia.pl\/#website"},"primaryImageOfPage":{"@id":"https:\/\/www.drewnianamagia.pl\/index.php\/produkt\/priorytet-wykonanie-w-24h\/#primaryimage"},"image":{"@id":"https:\/\/www.drewnianamagia.pl\/index.php\/produkt\/priorytet-wykonanie-w-24h\/#primaryimage"},"thumbnailUrl":"https:\/\/www.drewnianamagia.pl\/wp-content\/uploads\/2024\/08\/wykonanie-w-24h.jpg","datePublished":"2024-08-01T14:47:13+00:00","dateModified":"2025-01-10T12:03:52+00:00","breadcrumb":{"@id":"https:\/\/www.drewnianamagia.pl\/index.php\/produkt\/priorytet-wykonanie-w-24h\/#breadcrumb"},"inLanguage":"pl-PL","potentialAction":[{"@type":"ReadAction","target":["https:\/\/www.drewnianamagia.pl\/index.php\/produkt\/priorytet-wykonanie-w-24h\/"]}]},{"@type":"ImageObject","inLanguage":"pl-PL","@id":"https:\/\/www.drewnianamagia.pl\/index.php\/produkt\/priorytet-wykonanie-w-24h\/#primaryimage","url":"https:\/\/www.drewnianamagia.pl\/wp-content\/uploads\/2024\/08\/wykonanie-w-24h.jpg","contentUrl":"https:\/\/www.drewnianamagia.pl\/wp-content\/uploads\/2024\/08\/wykonanie-w-24h.jpg","width":1000,"height":1000,"caption":"priorytet"},{"@type":"BreadcrumbList","@id":"https:\/\/www.drewnianamagia.pl\/index.php\/produkt\/priorytet-wykonanie-w-24h\/#breadcrumb","itemListElement":[{"@type":"ListItem","position":1,"name":"Strona g\u0142\u00f3wna","item":"https:\/\/www.drewnianamagia.pl\/"},{"@type":"ListItem","position":2,"name":"Sklep","item":"https:\/\/www.drewnianamagia.pl\/index.php\/sklep-internetowy-drewnianamagia\/"},{"@type":"ListItem","position":3,"name":"Priorytet &#8211; wykonanie w 24h"}]},{"@type":"WebSite","@id":"https:\/\/www.drewnianamagia.pl\/#website","url":"https:\/\/www.drewnianamagia.pl\/","name":"Drewniana Magia","description":"Personalizowane prezenty i dekoracje z drewna i druku 3D, na ka\u017cd\u0105 okazj\u0119 i okoliczno\u015b\u0107. Urodziny, Chrzest, Przyj\u0119cie, \u015awi\u0119ta, \u015alub","publisher":{"@id":"https:\/\/www.drewnianamagia.pl\/#organization"},"potentialAction":[{"@type":"SearchAction","target":{"@type":"EntryPoint","urlTemplate":"https:\/\/www.drewnianamagia.pl\/?s={search_term_string}"},"query-input":{"@type":"PropertyValueSpecification","valueRequired":true,"valueName":"search_term_string"}}],"inLanguage":"pl-PL"},{"@type":"Organization","@id":"https:\/\/www.drewnianamagia.pl\/#organization","name":"Drewniana Magia","url":"https:\/\/www.drewnianamagia.pl\/","logo":{"@type":"ImageObject","inLanguage":"pl-PL","@id":"https:\/\/www.drewnianamagia.pl\/#\/schema\/logo\/image\/","url":"https:\/\/www.drewnianamagia.pl\/wp-content\/uploads\/2024\/02\/cropped-LOGO-DrewnianaMagia-375x188-1.png","contentUrl":"https:\/\/www.drewnianamagia.pl\/wp-content\/uploads\/2024\/02\/cropped-LOGO-DrewnianaMagia-375x188-1.png","width":374,"height":188,"caption":"Drewniana Magia"},"image":{"@id":"https:\/\/www.drewnianamagia.pl\/#\/schema\/logo\/image\/"},"sameAs":["https:\/\/facebook.com\/BelasDrewnianaMagia"]}]}},"_links":{"self":[{"href":"https:\/\/www.drewnianamagia.pl\/index.php\/wp-json\/wp\/v2\/product\/3722","targetHints":{"allow":["GET"]}}],"collection":[{"href":"https:\/\/www.drewnianamagia.pl\/index.php\/wp-json\/wp\/v2\/product"}],"about":[{"href":"https:\/\/www.drewnianamagia.pl\/index.php\/wp-json\/wp\/v2\/types\/product"}],"replies":[{"embeddable":true,"href":"https:\/\/www.drewnianamagia.pl\/index.php\/wp-json\/wp\/v2\/comments?post=3722"}],"wp:featuredmedia":[{"embeddable":true,"href":"https:\/\/www.drewnianamagia.pl\/index.php\/wp-json\/wp\/v2\/media\/3721"}],"wp:attachment":[{"href":"https:\/\/www.drewnianamagia.pl\/index.php\/wp-json\/wp\/v2\/media?parent=3722"}],"wp:term":[{"taxonomy":"product_brand","embeddable":true,"href":"https:\/\/www.drewnianamagia.pl\/index.php\/wp-json\/wp\/v2\/product_brand?post=3722"},{"taxonomy":"product_cat","embeddable":true,"href":"https:\/\/www.drewnianamagia.pl\/index.php\/wp-json\/wp\/v2\/product_cat?post=3722"},{"taxonomy":"product_tag","embeddable":true,"href":"https:\/\/www.drewnianamagia.pl\/index.php\/wp-json\/wp\/v2\/product_tag?post=3722"}],"curies":[{"name":"wp","href":"https:\/\/api.w.org\/{rel}","templated":true}]}}