{"id":3412,"date":"2024-06-29T12:31:10","date_gmt":"2024-06-29T10:31:10","guid":{"rendered":"https:\/\/www.drewnianamagia.pl\/?post_type=product&#038;p=3412"},"modified":"2024-12-13T12:28:11","modified_gmt":"2024-12-13T11:28:11","slug":"statuetka-personalizowana-auto-z-balonikiem-urodziny","status":"publish","type":"product","link":"https:\/\/www.drewnianamagia.pl\/index.php\/produkt\/statuetka-personalizowana-auto-z-balonikiem-urodziny\/","title":{"rendered":"Statuetka personalizowana &#8211; Auto z balonikiem &#8211; urodziny"},"content":{"rendered":"<p style=\"text-align: center;\">Statuetka &#8211; drewniane Autko z balonikiem<\/p>\n<p>Statuetka w kszta\u0142cie auta z balonikiem, z wygrawerowan\u0105 dowoln\u0105 liczb\u0105 i w\u0142asnym tekstem.<\/p>\n<p>Sprawdzi si\u0119 jako dodatek do prezentu i pami\u0105tka.<\/p>\n<p>Produkt wykonany z wysokiej jako\u015bci sklejki o grubo\u015bci ok. 3mm.<\/p>\n<ul>\n<li>szeroko\u015bc: 24 cm<\/li>\n<li>wysoko\u015b\u0107: 15 cm<\/li>\n<li>wymiar podstawy: ok: 17&#215;5 cm<\/li>\n<\/ul>\n<p>&nbsp;<\/p>\n<p><strong>Podczas zamawiania produktu podaj liczb\u0119 jaka ma by\u0107 umieszczona na baloniku oraz tre\u015b\u0107 graweru na autku.<\/strong><\/p>\n<p>Cyfra oraz grawer tekstu mo\u017cna modyfikowa\u0107 lub z nich ca\u0142kowicie zrezygnowa\u0107 &#8211; daj nam zna\u0107 jak chcesz aby wygl\u0105da\u0142a twoja statuetka..<\/p>\n<p>&nbsp;<\/p>\n","protected":false},"excerpt":{"rendered":"<p>Statuetka &#8211; drewniane Autko z balonikiem Statuetka w kszta\u0142cie auta z balonikiem, z wygrawerowan\u0105 dowoln\u0105 liczb\u0105 i w\u0142asnym tekstem. Sprawdzi si\u0119 jako dodatek do prezentu i pami\u0105tka. Produkt wykonany z wysokiej jako\u015bci sklejki o grubo\u015bci ok. 3mm. szeroko\u015bc: 24 cm wysoko\u015b\u0107: 15 cm wymiar podstawy: ok: 17&#215;5 cm &nbsp; Podczas zamawiania produktu podaj liczb\u0119 jaka [&hellip;]<\/p>\n","protected":false},"featured_media":3411,"comment_status":"open","ping_status":"closed","template":"","meta":{"_acf_changed":false},"product_brand":[],"product_cat":[49,148,96],"product_tag":[121,122,123,54],"class_list":{"0":"post-3412","1":"product","2":"type-product","3":"status-publish","4":"has-post-thumbnail","6":"product_cat-dekoracje","7":"product_cat-statuetki","8":"product_cat-urodziny-imieniny","9":"product_tag-auto","10":"product_tag-balonik","11":"product_tag-grawer","12":"product_tag-personalizacja","14":"first","15":"instock","16":"taxable","17":"shipping-taxable","18":"purchasable","19":"product-type-simple"},"acf":[],"yoast_head":"<!-- This site is optimized with the Yoast SEO plugin v27.5 - https:\/\/yoast.com\/product\/yoast-seo-wordpress\/ -->\n<title>Statuetka personalizowana - Auto z balonikiem - urodziny - Drewniana Magia<\/title>\n<meta name=\"description\" content=\"Drewniana, personalizowana statuetka - auto z balonikiem. Dodaj do prezentu i podaruj u\u015bmiech t\u0105 personalizowan\u0105 pami\u0105tk\u0105.\" \/>\n<meta name=\"robots\" content=\"index, follow, max-snippet:-1, max-image-preview:large, max-video-preview:-1\" \/>\n<link rel=\"canonical\" href=\"https:\/\/www.drewnianamagia.pl\/index.php\/produkt\/statuetka-personalizowana-auto-z-balonikiem-urodziny\/\" \/>\n<meta property=\"og:locale\" content=\"pl_PL\" \/>\n<meta property=\"og:type\" content=\"article\" \/>\n<meta property=\"og:title\" content=\"Statuetka personalizowana - Auto z balonikiem - urodziny - Drewniana Magia\" \/>\n<meta property=\"og:description\" content=\"Drewniana, personalizowana statuetka - auto z balonikiem. Dodaj do prezentu i podaruj u\u015bmiech t\u0105 personalizowan\u0105 pami\u0105tk\u0105.\" \/>\n<meta property=\"og:url\" content=\"https:\/\/www.drewnianamagia.pl\/index.php\/produkt\/statuetka-personalizowana-auto-z-balonikiem-urodziny\/\" \/>\n<meta property=\"og:site_name\" content=\"Drewniana Magia\" \/>\n<meta property=\"article:publisher\" content=\"https:\/\/facebook.com\/BelasDrewnianaMagia\" \/>\n<meta property=\"article:modified_time\" content=\"2024-12-13T11:28:11+00:00\" \/>\n<meta property=\"og:image\" content=\"https:\/\/www.drewnianamagia.pl\/wp-content\/uploads\/2024\/06\/autko-z-balonikiem.jpg\" \/>\n\t<meta property=\"og:image:width\" content=\"1000\" \/>\n\t<meta property=\"og:image:height\" content=\"1000\" \/>\n\t<meta property=\"og:image:type\" content=\"image\/jpeg\" \/>\n<meta name=\"twitter:card\" content=\"summary_large_image\" \/>\n<meta name=\"twitter:label1\" content=\"Szacowany czas czytania\" \/>\n\t<meta name=\"twitter:data1\" content=\"1 minuta\" \/>\n<script type=\"application\/ld+json\" class=\"yoast-schema-graph\">{\"@context\":\"https:\\\/\\\/schema.org\",\"@graph\":[{\"@type\":\"WebPage\",\"@id\":\"https:\\\/\\\/www.drewnianamagia.pl\\\/index.php\\\/produkt\\\/statuetka-personalizowana-auto-z-balonikiem-urodziny\\\/\",\"url\":\"https:\\\/\\\/www.drewnianamagia.pl\\\/index.php\\\/produkt\\\/statuetka-personalizowana-auto-z-balonikiem-urodziny\\\/\",\"name\":\"Statuetka personalizowana - Auto z balonikiem - urodziny - Drewniana Magia\",\"isPartOf\":{\"@id\":\"https:\\\/\\\/www.drewnianamagia.pl\\\/#website\"},\"primaryImageOfPage\":{\"@id\":\"https:\\\/\\\/www.drewnianamagia.pl\\\/index.php\\\/produkt\\\/statuetka-personalizowana-auto-z-balonikiem-urodziny\\\/#primaryimage\"},\"image\":{\"@id\":\"https:\\\/\\\/www.drewnianamagia.pl\\\/index.php\\\/produkt\\\/statuetka-personalizowana-auto-z-balonikiem-urodziny\\\/#primaryimage\"},\"thumbnailUrl\":\"https:\\\/\\\/www.drewnianamagia.pl\\\/wp-content\\\/uploads\\\/2024\\\/06\\\/autko-z-balonikiem.jpg\",\"datePublished\":\"2024-06-29T10:31:10+00:00\",\"dateModified\":\"2024-12-13T11:28:11+00:00\",\"description\":\"Drewniana, personalizowana statuetka - auto z balonikiem. Dodaj do prezentu i podaruj u\u015bmiech t\u0105 personalizowan\u0105 pami\u0105tk\u0105.\",\"breadcrumb\":{\"@id\":\"https:\\\/\\\/www.drewnianamagia.pl\\\/index.php\\\/produkt\\\/statuetka-personalizowana-auto-z-balonikiem-urodziny\\\/#breadcrumb\"},\"inLanguage\":\"pl-PL\",\"potentialAction\":[{\"@type\":\"ReadAction\",\"target\":[\"https:\\\/\\\/www.drewnianamagia.pl\\\/index.php\\\/produkt\\\/statuetka-personalizowana-auto-z-balonikiem-urodziny\\\/\"]}]},{\"@type\":\"ImageObject\",\"inLanguage\":\"pl-PL\",\"@id\":\"https:\\\/\\\/www.drewnianamagia.pl\\\/index.php\\\/produkt\\\/statuetka-personalizowana-auto-z-balonikiem-urodziny\\\/#primaryimage\",\"url\":\"https:\\\/\\\/www.drewnianamagia.pl\\\/wp-content\\\/uploads\\\/2024\\\/06\\\/autko-z-balonikiem.jpg\",\"contentUrl\":\"https:\\\/\\\/www.drewnianamagia.pl\\\/wp-content\\\/uploads\\\/2024\\\/06\\\/autko-z-balonikiem.jpg\",\"width\":1000,\"height\":1000,\"caption\":\"auto z balonikiem\"},{\"@type\":\"BreadcrumbList\",\"@id\":\"https:\\\/\\\/www.drewnianamagia.pl\\\/index.php\\\/produkt\\\/statuetka-personalizowana-auto-z-balonikiem-urodziny\\\/#breadcrumb\",\"itemListElement\":[{\"@type\":\"ListItem\",\"position\":1,\"name\":\"Strona g\u0142\u00f3wna\",\"item\":\"https:\\\/\\\/www.drewnianamagia.pl\\\/\"},{\"@type\":\"ListItem\",\"position\":2,\"name\":\"Sklep\",\"item\":\"https:\\\/\\\/www.drewnianamagia.pl\\\/index.php\\\/sklep-internetowy-drewnianamagia\\\/\"},{\"@type\":\"ListItem\",\"position\":3,\"name\":\"Statuetka personalizowana &#8211; Auto z balonikiem &#8211; urodziny\"}]},{\"@type\":\"WebSite\",\"@id\":\"https:\\\/\\\/www.drewnianamagia.pl\\\/#website\",\"url\":\"https:\\\/\\\/www.drewnianamagia.pl\\\/\",\"name\":\"Drewniana Magia\",\"description\":\"Personalizowane prezenty i dekoracje z drewna i druku 3D, na ka\u017cd\u0105 okazj\u0119 i okoliczno\u015b\u0107. Urodziny, Chrzest, Przyj\u0119cie, \u015awi\u0119ta, \u015alub\",\"publisher\":{\"@id\":\"https:\\\/\\\/www.drewnianamagia.pl\\\/#organization\"},\"potentialAction\":[{\"@type\":\"SearchAction\",\"target\":{\"@type\":\"EntryPoint\",\"urlTemplate\":\"https:\\\/\\\/www.drewnianamagia.pl\\\/?s={search_term_string}\"},\"query-input\":{\"@type\":\"PropertyValueSpecification\",\"valueRequired\":true,\"valueName\":\"search_term_string\"}}],\"inLanguage\":\"pl-PL\"},{\"@type\":\"Organization\",\"@id\":\"https:\\\/\\\/www.drewnianamagia.pl\\\/#organization\",\"name\":\"Drewniana Magia\",\"url\":\"https:\\\/\\\/www.drewnianamagia.pl\\\/\",\"logo\":{\"@type\":\"ImageObject\",\"inLanguage\":\"pl-PL\",\"@id\":\"https:\\\/\\\/www.drewnianamagia.pl\\\/#\\\/schema\\\/logo\\\/image\\\/\",\"url\":\"https:\\\/\\\/www.drewnianamagia.pl\\\/wp-content\\\/uploads\\\/2024\\\/02\\\/cropped-LOGO-DrewnianaMagia-375x188-1.png\",\"contentUrl\":\"https:\\\/\\\/www.drewnianamagia.pl\\\/wp-content\\\/uploads\\\/2024\\\/02\\\/cropped-LOGO-DrewnianaMagia-375x188-1.png\",\"width\":374,\"height\":188,\"caption\":\"Drewniana Magia\"},\"image\":{\"@id\":\"https:\\\/\\\/www.drewnianamagia.pl\\\/#\\\/schema\\\/logo\\\/image\\\/\"},\"sameAs\":[\"https:\\\/\\\/facebook.com\\\/BelasDrewnianaMagia\"]}]}<\/script>\n<!-- \/ Yoast SEO plugin. -->","yoast_head_json":{"title":"Statuetka personalizowana - Auto z balonikiem - urodziny - Drewniana Magia","description":"Drewniana, personalizowana statuetka - auto z balonikiem. Dodaj do prezentu i podaruj u\u015bmiech t\u0105 personalizowan\u0105 pami\u0105tk\u0105.","robots":{"index":"index","follow":"follow","max-snippet":"max-snippet:-1","max-image-preview":"max-image-preview:large","max-video-preview":"max-video-preview:-1"},"canonical":"https:\/\/www.drewnianamagia.pl\/index.php\/produkt\/statuetka-personalizowana-auto-z-balonikiem-urodziny\/","og_locale":"pl_PL","og_type":"article","og_title":"Statuetka personalizowana - Auto z balonikiem - urodziny - Drewniana Magia","og_description":"Drewniana, personalizowana statuetka - auto z balonikiem. Dodaj do prezentu i podaruj u\u015bmiech t\u0105 personalizowan\u0105 pami\u0105tk\u0105.","og_url":"https:\/\/www.drewnianamagia.pl\/index.php\/produkt\/statuetka-personalizowana-auto-z-balonikiem-urodziny\/","og_site_name":"Drewniana Magia","article_publisher":"https:\/\/facebook.com\/BelasDrewnianaMagia","article_modified_time":"2024-12-13T11:28:11+00:00","og_image":[{"width":1000,"height":1000,"url":"https:\/\/www.drewnianamagia.pl\/wp-content\/uploads\/2024\/06\/autko-z-balonikiem.jpg","type":"image\/jpeg"}],"twitter_card":"summary_large_image","twitter_misc":{"Szacowany czas czytania":"1 minuta"},"schema":{"@context":"https:\/\/schema.org","@graph":[{"@type":"WebPage","@id":"https:\/\/www.drewnianamagia.pl\/index.php\/produkt\/statuetka-personalizowana-auto-z-balonikiem-urodziny\/","url":"https:\/\/www.drewnianamagia.pl\/index.php\/produkt\/statuetka-personalizowana-auto-z-balonikiem-urodziny\/","name":"Statuetka personalizowana - Auto z balonikiem - urodziny - Drewniana Magia","isPartOf":{"@id":"https:\/\/www.drewnianamagia.pl\/#website"},"primaryImageOfPage":{"@id":"https:\/\/www.drewnianamagia.pl\/index.php\/produkt\/statuetka-personalizowana-auto-z-balonikiem-urodziny\/#primaryimage"},"image":{"@id":"https:\/\/www.drewnianamagia.pl\/index.php\/produkt\/statuetka-personalizowana-auto-z-balonikiem-urodziny\/#primaryimage"},"thumbnailUrl":"https:\/\/www.drewnianamagia.pl\/wp-content\/uploads\/2024\/06\/autko-z-balonikiem.jpg","datePublished":"2024-06-29T10:31:10+00:00","dateModified":"2024-12-13T11:28:11+00:00","description":"Drewniana, personalizowana statuetka - auto z balonikiem. Dodaj do prezentu i podaruj u\u015bmiech t\u0105 personalizowan\u0105 pami\u0105tk\u0105.","breadcrumb":{"@id":"https:\/\/www.drewnianamagia.pl\/index.php\/produkt\/statuetka-personalizowana-auto-z-balonikiem-urodziny\/#breadcrumb"},"inLanguage":"pl-PL","potentialAction":[{"@type":"ReadAction","target":["https:\/\/www.drewnianamagia.pl\/index.php\/produkt\/statuetka-personalizowana-auto-z-balonikiem-urodziny\/"]}]},{"@type":"ImageObject","inLanguage":"pl-PL","@id":"https:\/\/www.drewnianamagia.pl\/index.php\/produkt\/statuetka-personalizowana-auto-z-balonikiem-urodziny\/#primaryimage","url":"https:\/\/www.drewnianamagia.pl\/wp-content\/uploads\/2024\/06\/autko-z-balonikiem.jpg","contentUrl":"https:\/\/www.drewnianamagia.pl\/wp-content\/uploads\/2024\/06\/autko-z-balonikiem.jpg","width":1000,"height":1000,"caption":"auto z balonikiem"},{"@type":"BreadcrumbList","@id":"https:\/\/www.drewnianamagia.pl\/index.php\/produkt\/statuetka-personalizowana-auto-z-balonikiem-urodziny\/#breadcrumb","itemListElement":[{"@type":"ListItem","position":1,"name":"Strona g\u0142\u00f3wna","item":"https:\/\/www.drewnianamagia.pl\/"},{"@type":"ListItem","position":2,"name":"Sklep","item":"https:\/\/www.drewnianamagia.pl\/index.php\/sklep-internetowy-drewnianamagia\/"},{"@type":"ListItem","position":3,"name":"Statuetka personalizowana &#8211; Auto z balonikiem &#8211; urodziny"}]},{"@type":"WebSite","@id":"https:\/\/www.drewnianamagia.pl\/#website","url":"https:\/\/www.drewnianamagia.pl\/","name":"Drewniana Magia","description":"Personalizowane prezenty i dekoracje z drewna i druku 3D, na ka\u017cd\u0105 okazj\u0119 i okoliczno\u015b\u0107. Urodziny, Chrzest, Przyj\u0119cie, \u015awi\u0119ta, \u015alub","publisher":{"@id":"https:\/\/www.drewnianamagia.pl\/#organization"},"potentialAction":[{"@type":"SearchAction","target":{"@type":"EntryPoint","urlTemplate":"https:\/\/www.drewnianamagia.pl\/?s={search_term_string}"},"query-input":{"@type":"PropertyValueSpecification","valueRequired":true,"valueName":"search_term_string"}}],"inLanguage":"pl-PL"},{"@type":"Organization","@id":"https:\/\/www.drewnianamagia.pl\/#organization","name":"Drewniana Magia","url":"https:\/\/www.drewnianamagia.pl\/","logo":{"@type":"ImageObject","inLanguage":"pl-PL","@id":"https:\/\/www.drewnianamagia.pl\/#\/schema\/logo\/image\/","url":"https:\/\/www.drewnianamagia.pl\/wp-content\/uploads\/2024\/02\/cropped-LOGO-DrewnianaMagia-375x188-1.png","contentUrl":"https:\/\/www.drewnianamagia.pl\/wp-content\/uploads\/2024\/02\/cropped-LOGO-DrewnianaMagia-375x188-1.png","width":374,"height":188,"caption":"Drewniana Magia"},"image":{"@id":"https:\/\/www.drewnianamagia.pl\/#\/schema\/logo\/image\/"},"sameAs":["https:\/\/facebook.com\/BelasDrewnianaMagia"]}]}},"_links":{"self":[{"href":"https:\/\/www.drewnianamagia.pl\/index.php\/wp-json\/wp\/v2\/product\/3412","targetHints":{"allow":["GET"]}}],"collection":[{"href":"https:\/\/www.drewnianamagia.pl\/index.php\/wp-json\/wp\/v2\/product"}],"about":[{"href":"https:\/\/www.drewnianamagia.pl\/index.php\/wp-json\/wp\/v2\/types\/product"}],"replies":[{"embeddable":true,"href":"https:\/\/www.drewnianamagia.pl\/index.php\/wp-json\/wp\/v2\/comments?post=3412"}],"wp:featuredmedia":[{"embeddable":true,"href":"https:\/\/www.drewnianamagia.pl\/index.php\/wp-json\/wp\/v2\/media\/3411"}],"wp:attachment":[{"href":"https:\/\/www.drewnianamagia.pl\/index.php\/wp-json\/wp\/v2\/media?parent=3412"}],"wp:term":[{"taxonomy":"product_brand","embeddable":true,"href":"https:\/\/www.drewnianamagia.pl\/index.php\/wp-json\/wp\/v2\/product_brand?post=3412"},{"taxonomy":"product_cat","embeddable":true,"href":"https:\/\/www.drewnianamagia.pl\/index.php\/wp-json\/wp\/v2\/product_cat?post=3412"},{"taxonomy":"product_tag","embeddable":true,"href":"https:\/\/www.drewnianamagia.pl\/index.php\/wp-json\/wp\/v2\/product_tag?post=3412"}],"curies":[{"name":"wp","href":"https:\/\/api.w.org\/{rel}","templated":true}]}}