{"id":3352,"date":"2024-06-21T13:14:15","date_gmt":"2024-06-21T11:14:15","guid":{"rendered":"https:\/\/www.drewnianamagia.pl\/?post_type=product&#038;p=3352"},"modified":"2025-12-16T21:45:30","modified_gmt":"2025-12-16T20:45:30","slug":"tabliczka-to-wcale-nie-tak-duzo-prezent-na-18-20-30-40-50-60-70-urodziny","status":"publish","type":"product","link":"https:\/\/www.drewnianamagia.pl\/index.php\/produkt\/tabliczka-to-wcale-nie-tak-duzo-prezent-na-18-20-30-40-50-60-70-urodziny\/","title":{"rendered":"Tabliczka &#8222;to wcale nie tak du\u017co&#8221; Prezent na 18 20 30 40 50 60 70 urodziny"},"content":{"rendered":"<p style=\"text-align: center;\"><strong>Drewniana tabliczka &#8222;to wcale nie tak du\u017co&#8221; &#8211; zabawny i oryginalny prezent na urodziny.<\/strong><\/p>\n<p>Prezentujemy nasz\u0105 unikaln\u0105 drewnian\u0105 tabliczk\u0119 jako idealny i pe\u0142en humoru prezent na urodziny dla bliskiej osoby. Je\u015bli zastanawiasz si\u0119 nad oryginalnym pomys\u0142em na prezent, nasza propozycja zapewni u\u015bmiech na twarzy solenizanta i pozostanie w jego pami\u0119ci na d\u0142ugo.<\/p>\n<p>Wyra\u017a za jej pomoc\u0105 swoj\u0105 trosk\u0119 i poka\u017c, \u017ce wiek to tylko liczba.<\/p>\n<p>&nbsp;<\/p>\n<p><strong>Cechy produktu:<\/strong><\/p>\n<ul>\n<li>Produkt personalizowany, co oznacza \u017ce wszelkie modyfikacje zawarte s\u0105 w cenie produktu!<\/li>\n<li>W\u0142asne \u017cyczenia w dolnej cz\u0119\u015bci tabliczki.<\/li>\n<li>Wysoko\u015b\u0107: 18 cm.<\/li>\n<li>Szeroko\u015b\u0107: 24 cm.<\/li>\n<li>Kolor: naturalne drewno.<\/li>\n<li>Materia\u0142: sklejka, sznurek jutowy, drewno(klamerki).<\/li>\n<li>Dodatkowe akcesoria: sznurek jutowy, klamerki (do 4 szt. &#8211; w zale\u017cno\u015bci od personalizacji).<\/li>\n<li>Mo\u017cliwo\u015b\u0107 zawieszenia (sznurek z ty\u0142u jest zwi\u0105zany &#8211; mo\u017cna za niego powiesi\u0107 produkt na \u015bcianie).<\/li>\n<li>Wyra\u017any, dok\u0142adny i g\u0142\u0119boki grawer wykonany technologi\u0105 laserow\u0105. Napisy nie znikn\u0105 z up\u0142ywem czasu jak w przypadku druku, kt\u00f3ry blaknie i si\u0119 \u015bciera.<\/li>\n<li>Produkt r\u0119cznie szlifujemy co nadaje mu g\u0142adk\u0105 i pozbawion\u0105 przypale\u0144 powierzchni\u0119.<\/li>\n<li>Zestaw wysy\u0142amy z\u0142o\u017cony (tak jak na zdj\u0119ciach), zawiera:\n<ul>\n<li>grawerowana tabliczka,<\/li>\n<li>sznurek jutowy,<\/li>\n<li>klamerki (do 4szt.)<\/li>\n<\/ul>\n<\/li>\n<\/ul>\n<p><em>Zestaw nie zawiera banknot\u00f3w widocznych na prezentowanych zdj\u0119ciach. Ilo\u015b\u0107 klamerek mocowanych do sznurka zale\u017cy od Ciebie i tego jakie dane podasz do personalizacji (stanowi\u0105 one przyk\u0142ad gotowego produktu)<\/em><\/p>\n<p><strong>Personalizacja (Podczas zakupu przeka\u017c nam poni\u017csze informacje):<\/strong><\/p>\n<ul>\n<li>Podaj ilo\u015b\u0107 klamerek od 1 do 4 szt. (w zale\u017cno\u015bci od personalizacji i tego jakie nomina\u0142y zechcesz umie\u015bci\u0107 &#8211; Ty decydujesz!)<\/li>\n<li>Podaj wiek, jaki mamy wygrawerowa\u0107 (mo\u017ce by\u0107 to dowolna liczba)<\/li>\n<li>Podaj imi\u0119 solenizanta<\/li>\n<li>Napisz jakie \u017cyczenia (lub inny dowolny napis) maj\u0105 si\u0119 znale\u017a\u0107 na dole (pod tekstem &#8222;To wcale nie tak du\u017co&#8230;&#8221;)<\/li>\n<\/ul>\n<p>&nbsp;<\/p>\n","protected":false},"excerpt":{"rendered":"<p>Drewniana tabliczka &#8222;to wcale nie tak du\u017co&#8221; &#8211; zabawny i oryginalny prezent na urodziny. Prezentujemy nasz\u0105 unikaln\u0105 drewnian\u0105 tabliczk\u0119 jako idealny i pe\u0142en humoru prezent na urodziny dla bliskiej osoby. Je\u015bli zastanawiasz si\u0119 nad oryginalnym pomys\u0142em na prezent, nasza propozycja zapewni u\u015bmiech na twarzy solenizanta i pozostanie w jego pami\u0119ci na d\u0142ugo. Wyra\u017a za jej [&hellip;]<\/p>\n","protected":false},"featured_media":3336,"comment_status":"open","ping_status":"closed","template":"","meta":{"_acf_changed":false},"product_brand":[],"product_cat":[49,92,105,96],"product_tag":[54,118,207,112,59],"class_list":{"0":"post-3352","1":"product","2":"type-product","3":"status-publish","4":"has-post-thumbnail","6":"product_cat-dekoracje","7":"product_cat-gadzety","8":"product_cat-rocznice","9":"product_cat-urodziny-imieniny","10":"product_tag-personalizacja","11":"product_tag-pomysl-na-prezent","12":"product_tag-stj","13":"product_tag-to-wcale-nie-tak-duzo","14":"product_tag-urodziny","16":"first","17":"instock","18":"taxable","19":"shipping-taxable","20":"purchasable","21":"product-type-simple"},"acf":[],"yoast_head":"<!-- This site is optimized with the Yoast SEO plugin v27.5 - https:\/\/yoast.com\/product\/yoast-seo-wordpress\/ -->\n<title>Tabliczka &quot;to wcale nie tak du\u017co&quot; Prezent na 18 20 30 40 50 60 70 urodziny - Drewniana Magia<\/title>\n<meta name=\"description\" content=\"Personalizowany prezent urodzinowy z humorem i Twoimi \u017cyczeniami! Drewniana tabliczka &quot;To wcale nie tak du\u017co&quot; wywo\u0142a u\u015bmiech u ka\u017cdego solenizanta!\" \/>\n<meta name=\"robots\" content=\"index, follow, max-snippet:-1, max-image-preview:large, max-video-preview:-1\" \/>\n<link rel=\"canonical\" href=\"https:\/\/www.drewnianamagia.pl\/index.php\/produkt\/tabliczka-to-wcale-nie-tak-duzo-prezent-na-18-20-30-40-50-60-70-urodziny\/\" \/>\n<meta property=\"og:locale\" content=\"pl_PL\" \/>\n<meta property=\"og:type\" content=\"article\" \/>\n<meta property=\"og:title\" content=\"Tabliczka &quot;to wcale nie tak du\u017co&quot; Prezent na 18 20 30 40 50 60 70 urodziny - Drewniana Magia\" \/>\n<meta property=\"og:description\" content=\"Personalizowany prezent urodzinowy z humorem i Twoimi \u017cyczeniami! Drewniana tabliczka &quot;To wcale nie tak du\u017co&quot; wywo\u0142a u\u015bmiech u ka\u017cdego solenizanta!\" \/>\n<meta property=\"og:url\" content=\"https:\/\/www.drewnianamagia.pl\/index.php\/produkt\/tabliczka-to-wcale-nie-tak-duzo-prezent-na-18-20-30-40-50-60-70-urodziny\/\" \/>\n<meta property=\"og:site_name\" content=\"Drewniana Magia\" \/>\n<meta property=\"article:publisher\" content=\"https:\/\/facebook.com\/BelasDrewnianaMagia\" \/>\n<meta property=\"article:modified_time\" content=\"2025-12-16T20:45:30+00:00\" \/>\n<meta property=\"og:image\" content=\"https:\/\/www.drewnianamagia.pl\/wp-content\/uploads\/2024\/06\/ramka-to-wcale-nie-tak-duzo-v2-z1.jpg\" \/>\n\t<meta property=\"og:image:width\" content=\"1000\" \/>\n\t<meta property=\"og:image:height\" content=\"1000\" \/>\n\t<meta property=\"og:image:type\" content=\"image\/jpeg\" \/>\n<meta name=\"twitter:card\" content=\"summary_large_image\" \/>\n<meta name=\"twitter:label1\" content=\"Szacowany czas czytania\" \/>\n\t<meta name=\"twitter:data1\" content=\"2 minuty\" \/>\n<script type=\"application\/ld+json\" class=\"yoast-schema-graph\">{\"@context\":\"https:\\\/\\\/schema.org\",\"@graph\":[{\"@type\":\"WebPage\",\"@id\":\"https:\\\/\\\/www.drewnianamagia.pl\\\/index.php\\\/produkt\\\/tabliczka-to-wcale-nie-tak-duzo-prezent-na-18-20-30-40-50-60-70-urodziny\\\/\",\"url\":\"https:\\\/\\\/www.drewnianamagia.pl\\\/index.php\\\/produkt\\\/tabliczka-to-wcale-nie-tak-duzo-prezent-na-18-20-30-40-50-60-70-urodziny\\\/\",\"name\":\"Tabliczka \\\"to wcale nie tak du\u017co\\\" Prezent na 18 20 30 40 50 60 70 urodziny - Drewniana Magia\",\"isPartOf\":{\"@id\":\"https:\\\/\\\/www.drewnianamagia.pl\\\/#website\"},\"primaryImageOfPage\":{\"@id\":\"https:\\\/\\\/www.drewnianamagia.pl\\\/index.php\\\/produkt\\\/tabliczka-to-wcale-nie-tak-duzo-prezent-na-18-20-30-40-50-60-70-urodziny\\\/#primaryimage\"},\"image\":{\"@id\":\"https:\\\/\\\/www.drewnianamagia.pl\\\/index.php\\\/produkt\\\/tabliczka-to-wcale-nie-tak-duzo-prezent-na-18-20-30-40-50-60-70-urodziny\\\/#primaryimage\"},\"thumbnailUrl\":\"https:\\\/\\\/www.drewnianamagia.pl\\\/wp-content\\\/uploads\\\/2024\\\/06\\\/ramka-to-wcale-nie-tak-duzo-v2-z1.jpg\",\"datePublished\":\"2024-06-21T11:14:15+00:00\",\"dateModified\":\"2025-12-16T20:45:30+00:00\",\"description\":\"Personalizowany prezent urodzinowy z humorem i Twoimi \u017cyczeniami! Drewniana tabliczka \\\"To wcale nie tak du\u017co\\\" wywo\u0142a u\u015bmiech u ka\u017cdego solenizanta!\",\"breadcrumb\":{\"@id\":\"https:\\\/\\\/www.drewnianamagia.pl\\\/index.php\\\/produkt\\\/tabliczka-to-wcale-nie-tak-duzo-prezent-na-18-20-30-40-50-60-70-urodziny\\\/#breadcrumb\"},\"inLanguage\":\"pl-PL\",\"potentialAction\":[{\"@type\":\"ReadAction\",\"target\":[\"https:\\\/\\\/www.drewnianamagia.pl\\\/index.php\\\/produkt\\\/tabliczka-to-wcale-nie-tak-duzo-prezent-na-18-20-30-40-50-60-70-urodziny\\\/\"]}]},{\"@type\":\"ImageObject\",\"inLanguage\":\"pl-PL\",\"@id\":\"https:\\\/\\\/www.drewnianamagia.pl\\\/index.php\\\/produkt\\\/tabliczka-to-wcale-nie-tak-duzo-prezent-na-18-20-30-40-50-60-70-urodziny\\\/#primaryimage\",\"url\":\"https:\\\/\\\/www.drewnianamagia.pl\\\/wp-content\\\/uploads\\\/2024\\\/06\\\/ramka-to-wcale-nie-tak-duzo-v2-z1.jpg\",\"contentUrl\":\"https:\\\/\\\/www.drewnianamagia.pl\\\/wp-content\\\/uploads\\\/2024\\\/06\\\/ramka-to-wcale-nie-tak-duzo-v2-z1.jpg\",\"width\":1000,\"height\":1000,\"caption\":\"Gad\u017cety - ramki\"},{\"@type\":\"BreadcrumbList\",\"@id\":\"https:\\\/\\\/www.drewnianamagia.pl\\\/index.php\\\/produkt\\\/tabliczka-to-wcale-nie-tak-duzo-prezent-na-18-20-30-40-50-60-70-urodziny\\\/#breadcrumb\",\"itemListElement\":[{\"@type\":\"ListItem\",\"position\":1,\"name\":\"Strona g\u0142\u00f3wna\",\"item\":\"https:\\\/\\\/www.drewnianamagia.pl\\\/\"},{\"@type\":\"ListItem\",\"position\":2,\"name\":\"Sklep\",\"item\":\"https:\\\/\\\/www.drewnianamagia.pl\\\/index.php\\\/sklep-internetowy-drewnianamagia\\\/\"},{\"@type\":\"ListItem\",\"position\":3,\"name\":\"Tabliczka &#8222;to wcale nie tak du\u017co&#8221; Prezent na 18 20 30 40 50 60 70 urodziny\"}]},{\"@type\":\"WebSite\",\"@id\":\"https:\\\/\\\/www.drewnianamagia.pl\\\/#website\",\"url\":\"https:\\\/\\\/www.drewnianamagia.pl\\\/\",\"name\":\"Drewniana Magia\",\"description\":\"Personalizowane prezenty i dekoracje z drewna i druku 3D, na ka\u017cd\u0105 okazj\u0119 i okoliczno\u015b\u0107. Urodziny, Chrzest, Przyj\u0119cie, \u015awi\u0119ta, \u015alub\",\"publisher\":{\"@id\":\"https:\\\/\\\/www.drewnianamagia.pl\\\/#organization\"},\"potentialAction\":[{\"@type\":\"SearchAction\",\"target\":{\"@type\":\"EntryPoint\",\"urlTemplate\":\"https:\\\/\\\/www.drewnianamagia.pl\\\/?s={search_term_string}\"},\"query-input\":{\"@type\":\"PropertyValueSpecification\",\"valueRequired\":true,\"valueName\":\"search_term_string\"}}],\"inLanguage\":\"pl-PL\"},{\"@type\":\"Organization\",\"@id\":\"https:\\\/\\\/www.drewnianamagia.pl\\\/#organization\",\"name\":\"Drewniana Magia\",\"url\":\"https:\\\/\\\/www.drewnianamagia.pl\\\/\",\"logo\":{\"@type\":\"ImageObject\",\"inLanguage\":\"pl-PL\",\"@id\":\"https:\\\/\\\/www.drewnianamagia.pl\\\/#\\\/schema\\\/logo\\\/image\\\/\",\"url\":\"https:\\\/\\\/www.drewnianamagia.pl\\\/wp-content\\\/uploads\\\/2024\\\/02\\\/cropped-LOGO-DrewnianaMagia-375x188-1.png\",\"contentUrl\":\"https:\\\/\\\/www.drewnianamagia.pl\\\/wp-content\\\/uploads\\\/2024\\\/02\\\/cropped-LOGO-DrewnianaMagia-375x188-1.png\",\"width\":374,\"height\":188,\"caption\":\"Drewniana Magia\"},\"image\":{\"@id\":\"https:\\\/\\\/www.drewnianamagia.pl\\\/#\\\/schema\\\/logo\\\/image\\\/\"},\"sameAs\":[\"https:\\\/\\\/facebook.com\\\/BelasDrewnianaMagia\"]}]}<\/script>\n<!-- \/ Yoast SEO plugin. -->","yoast_head_json":{"title":"Tabliczka \"to wcale nie tak du\u017co\" Prezent na 18 20 30 40 50 60 70 urodziny - Drewniana Magia","description":"Personalizowany prezent urodzinowy z humorem i Twoimi \u017cyczeniami! Drewniana tabliczka \"To wcale nie tak du\u017co\" wywo\u0142a u\u015bmiech u ka\u017cdego solenizanta!","robots":{"index":"index","follow":"follow","max-snippet":"max-snippet:-1","max-image-preview":"max-image-preview:large","max-video-preview":"max-video-preview:-1"},"canonical":"https:\/\/www.drewnianamagia.pl\/index.php\/produkt\/tabliczka-to-wcale-nie-tak-duzo-prezent-na-18-20-30-40-50-60-70-urodziny\/","og_locale":"pl_PL","og_type":"article","og_title":"Tabliczka \"to wcale nie tak du\u017co\" Prezent na 18 20 30 40 50 60 70 urodziny - Drewniana Magia","og_description":"Personalizowany prezent urodzinowy z humorem i Twoimi \u017cyczeniami! Drewniana tabliczka \"To wcale nie tak du\u017co\" wywo\u0142a u\u015bmiech u ka\u017cdego solenizanta!","og_url":"https:\/\/www.drewnianamagia.pl\/index.php\/produkt\/tabliczka-to-wcale-nie-tak-duzo-prezent-na-18-20-30-40-50-60-70-urodziny\/","og_site_name":"Drewniana Magia","article_publisher":"https:\/\/facebook.com\/BelasDrewnianaMagia","article_modified_time":"2025-12-16T20:45:30+00:00","og_image":[{"width":1000,"height":1000,"url":"https:\/\/www.drewnianamagia.pl\/wp-content\/uploads\/2024\/06\/ramka-to-wcale-nie-tak-duzo-v2-z1.jpg","type":"image\/jpeg"}],"twitter_card":"summary_large_image","twitter_misc":{"Szacowany czas czytania":"2 minuty"},"schema":{"@context":"https:\/\/schema.org","@graph":[{"@type":"WebPage","@id":"https:\/\/www.drewnianamagia.pl\/index.php\/produkt\/tabliczka-to-wcale-nie-tak-duzo-prezent-na-18-20-30-40-50-60-70-urodziny\/","url":"https:\/\/www.drewnianamagia.pl\/index.php\/produkt\/tabliczka-to-wcale-nie-tak-duzo-prezent-na-18-20-30-40-50-60-70-urodziny\/","name":"Tabliczka \"to wcale nie tak du\u017co\" Prezent na 18 20 30 40 50 60 70 urodziny - Drewniana Magia","isPartOf":{"@id":"https:\/\/www.drewnianamagia.pl\/#website"},"primaryImageOfPage":{"@id":"https:\/\/www.drewnianamagia.pl\/index.php\/produkt\/tabliczka-to-wcale-nie-tak-duzo-prezent-na-18-20-30-40-50-60-70-urodziny\/#primaryimage"},"image":{"@id":"https:\/\/www.drewnianamagia.pl\/index.php\/produkt\/tabliczka-to-wcale-nie-tak-duzo-prezent-na-18-20-30-40-50-60-70-urodziny\/#primaryimage"},"thumbnailUrl":"https:\/\/www.drewnianamagia.pl\/wp-content\/uploads\/2024\/06\/ramka-to-wcale-nie-tak-duzo-v2-z1.jpg","datePublished":"2024-06-21T11:14:15+00:00","dateModified":"2025-12-16T20:45:30+00:00","description":"Personalizowany prezent urodzinowy z humorem i Twoimi \u017cyczeniami! Drewniana tabliczka \"To wcale nie tak du\u017co\" wywo\u0142a u\u015bmiech u ka\u017cdego solenizanta!","breadcrumb":{"@id":"https:\/\/www.drewnianamagia.pl\/index.php\/produkt\/tabliczka-to-wcale-nie-tak-duzo-prezent-na-18-20-30-40-50-60-70-urodziny\/#breadcrumb"},"inLanguage":"pl-PL","potentialAction":[{"@type":"ReadAction","target":["https:\/\/www.drewnianamagia.pl\/index.php\/produkt\/tabliczka-to-wcale-nie-tak-duzo-prezent-na-18-20-30-40-50-60-70-urodziny\/"]}]},{"@type":"ImageObject","inLanguage":"pl-PL","@id":"https:\/\/www.drewnianamagia.pl\/index.php\/produkt\/tabliczka-to-wcale-nie-tak-duzo-prezent-na-18-20-30-40-50-60-70-urodziny\/#primaryimage","url":"https:\/\/www.drewnianamagia.pl\/wp-content\/uploads\/2024\/06\/ramka-to-wcale-nie-tak-duzo-v2-z1.jpg","contentUrl":"https:\/\/www.drewnianamagia.pl\/wp-content\/uploads\/2024\/06\/ramka-to-wcale-nie-tak-duzo-v2-z1.jpg","width":1000,"height":1000,"caption":"Gad\u017cety - ramki"},{"@type":"BreadcrumbList","@id":"https:\/\/www.drewnianamagia.pl\/index.php\/produkt\/tabliczka-to-wcale-nie-tak-duzo-prezent-na-18-20-30-40-50-60-70-urodziny\/#breadcrumb","itemListElement":[{"@type":"ListItem","position":1,"name":"Strona g\u0142\u00f3wna","item":"https:\/\/www.drewnianamagia.pl\/"},{"@type":"ListItem","position":2,"name":"Sklep","item":"https:\/\/www.drewnianamagia.pl\/index.php\/sklep-internetowy-drewnianamagia\/"},{"@type":"ListItem","position":3,"name":"Tabliczka &#8222;to wcale nie tak du\u017co&#8221; Prezent na 18 20 30 40 50 60 70 urodziny"}]},{"@type":"WebSite","@id":"https:\/\/www.drewnianamagia.pl\/#website","url":"https:\/\/www.drewnianamagia.pl\/","name":"Drewniana Magia","description":"Personalizowane prezenty i dekoracje z drewna i druku 3D, na ka\u017cd\u0105 okazj\u0119 i okoliczno\u015b\u0107. Urodziny, Chrzest, Przyj\u0119cie, \u015awi\u0119ta, \u015alub","publisher":{"@id":"https:\/\/www.drewnianamagia.pl\/#organization"},"potentialAction":[{"@type":"SearchAction","target":{"@type":"EntryPoint","urlTemplate":"https:\/\/www.drewnianamagia.pl\/?s={search_term_string}"},"query-input":{"@type":"PropertyValueSpecification","valueRequired":true,"valueName":"search_term_string"}}],"inLanguage":"pl-PL"},{"@type":"Organization","@id":"https:\/\/www.drewnianamagia.pl\/#organization","name":"Drewniana Magia","url":"https:\/\/www.drewnianamagia.pl\/","logo":{"@type":"ImageObject","inLanguage":"pl-PL","@id":"https:\/\/www.drewnianamagia.pl\/#\/schema\/logo\/image\/","url":"https:\/\/www.drewnianamagia.pl\/wp-content\/uploads\/2024\/02\/cropped-LOGO-DrewnianaMagia-375x188-1.png","contentUrl":"https:\/\/www.drewnianamagia.pl\/wp-content\/uploads\/2024\/02\/cropped-LOGO-DrewnianaMagia-375x188-1.png","width":374,"height":188,"caption":"Drewniana Magia"},"image":{"@id":"https:\/\/www.drewnianamagia.pl\/#\/schema\/logo\/image\/"},"sameAs":["https:\/\/facebook.com\/BelasDrewnianaMagia"]}]}},"_links":{"self":[{"href":"https:\/\/www.drewnianamagia.pl\/index.php\/wp-json\/wp\/v2\/product\/3352","targetHints":{"allow":["GET"]}}],"collection":[{"href":"https:\/\/www.drewnianamagia.pl\/index.php\/wp-json\/wp\/v2\/product"}],"about":[{"href":"https:\/\/www.drewnianamagia.pl\/index.php\/wp-json\/wp\/v2\/types\/product"}],"replies":[{"embeddable":true,"href":"https:\/\/www.drewnianamagia.pl\/index.php\/wp-json\/wp\/v2\/comments?post=3352"}],"wp:featuredmedia":[{"embeddable":true,"href":"https:\/\/www.drewnianamagia.pl\/index.php\/wp-json\/wp\/v2\/media\/3336"}],"wp:attachment":[{"href":"https:\/\/www.drewnianamagia.pl\/index.php\/wp-json\/wp\/v2\/media?parent=3352"}],"wp:term":[{"taxonomy":"product_brand","embeddable":true,"href":"https:\/\/www.drewnianamagia.pl\/index.php\/wp-json\/wp\/v2\/product_brand?post=3352"},{"taxonomy":"product_cat","embeddable":true,"href":"https:\/\/www.drewnianamagia.pl\/index.php\/wp-json\/wp\/v2\/product_cat?post=3352"},{"taxonomy":"product_tag","embeddable":true,"href":"https:\/\/www.drewnianamagia.pl\/index.php\/wp-json\/wp\/v2\/product_tag?post=3352"}],"curies":[{"name":"wp","href":"https:\/\/api.w.org\/{rel}","templated":true}]}}