{"id":3252,"date":"2024-06-12T12:27:42","date_gmt":"2024-06-12T10:27:42","guid":{"rendered":"https:\/\/www.drewnianamagia.pl\/?post_type=product&#038;p=3252"},"modified":"2025-11-17T18:35:24","modified_gmt":"2025-11-17T17:35:24","slug":"napis-grawerowany-wlasny-tekst","status":"publish","type":"product","link":"https:\/\/www.drewnianamagia.pl\/index.php\/produkt\/napis-grawerowany-wlasny-tekst\/","title":{"rendered":"Napis grawerowany &#8211; w\u0142asny tekst"},"content":{"rendered":"<h4 style=\"text-align: center;\"><strong>Dowolny napis grawerowany w sklejce drewnianej<\/strong><\/h4>\n<p>Dowolny wygrawerowany tekst, wykonany z wysokiej jako\u015bci sklejki o grubo\u015bci ok. 3mm. Wymiary produktu zale\u017c\u0105 od konkretnej personalizacji. Wysoko\u015b\u0107 produktu z tekstem mieszcz\u0105cym si\u0119 w jednej linii wynosi ok. 3 cm. Natomiast jego d\u0142ugo\u015b\u0107 zale\u017cy od liczby i d\u0142ugo\u015bci s\u0142\u00f3w (max 28 cm w jednej linii).<\/p>\n<p><strong>Cena zale\u017cna od ilo\u015bci s\u0142\u00f3w.<\/strong> Wybierz wariant zgodny z Twoj\u0105 personalizacj\u0105 (znaki interpunkcyjne oraz \u0142\u0105czniki jak np &#8222;i,z,w,-&#8221; nie s\u0105 wliczane).<\/p>\n<p>np.<\/p>\n<ul>\n<li>zamawiaj\u0105c 1 napis o tre\u015bci &#8222;Wszystkiego najlepszego&#8221; &#8211; wybierz wariant &#8222;2 s\u0142owa&#8221;.<\/li>\n<li>zamawiaj\u0105c 3 napisy o tre\u015bci &#8222;Kocham Ci\u0119&#8221; &#8211; kup 3 produkty i wybierz przy ka\u017cdym wariant &#8222;2 s\u0142owa&#8221;.<\/li>\n<li>zamawiaj\u0105c 1 napis o tre\u015bci &#8222;Kocham Ci\u0119&#8221; i 1 napis o tre\u015bci &#8222;Tato&#8221; &#8211; dodaj do koszyka wariant &#8222;2 s\u0142owa&#8221; oraz wariant &#8222;1 slowo&#8221;<\/li>\n<li>s\u0142owa sk\u0142adaj\u0105ce si\u0119 z 1 litery (np. i, u, w, z) nie s\u0105 liczone. czyli zamawiaj\u0105c tekst o tre\u015bci &#8221; Witaj w domu&#8221; &#8211; wybierz wariant 2 s\u0142owa<\/li>\n<\/ul>\n<p>Je\u017celi chcesz aby napis by\u0142 wyci\u0119ty w taki spos\u00f3b aby s\u0142owa by\u0142y pod sob\u0105 a nie w 1 linii &#8211; uwzgl\u0119dnij t\u0105 informacj\u0119 w komentarzu do personalizacji. (d\u0142ugie teksty, kt\u00f3rych szeroko\u015b\u0107 przekroczy 28 cm zostan\u0105 rozbite o kolejne linie i wy\u015brodkowane)<\/p>\n<hr \/>\n<h4><span style=\"color: #ff0000;\"><strong>Personalizacja:<\/strong><\/span><\/h4>\n<p>Aby sprawnie zrealizowa\u0107 Twoje zam\u00f3wienie potrzebujemy informacji <strong>jaki tekst<\/strong> lub teksty chcesz by\u015bmy dla Ciebie wygrawerowali i wyci\u0119li oraz czy ma on si\u0119 znajdowa\u0107 <strong>w 1 czy w kilku liniach<\/strong>. Poprawna informacja o personalizacji powinna wygl\u0105da\u0107 nast\u0119puj\u0105co:<\/p>\n<ul>\n<li>przyk\u0142ad 1: 1 linia: Kocham Ci\u0119<\/li>\n<li>przyk\u0142ad 2: Tato<\/li>\n<li>przyk\u0142ad 3: 1 linia: Wszystkiego 2 linia: najlepszego<\/li>\n<\/ul>\n<p>Powy\u017cszy przyk\u0142ad dotyczy 3 r\u00f3\u017cnych napis\u00f3w o tre\u015bci: &#8222;Kocham Ci\u0119&#8221;, &#8222;Tato&#8221; oraz &#8222;Wszystkiego najlepszego&#8221; (przy czym napis numer 3 zam\u00f3wiony z tekstem, w kt\u00f3rym s\u0142owa s\u0105 pod sob\u0105.<\/p>\n<p>W przypadku zam\u00f3wienia napis\u00f3w d\u0142u\u017cszych ni\u017c 28 cm i braku informacji o podziale na linie &#8211; pozosta\u0142e s\u0142owa zostan\u0105 przeniesione do drugiej linii.<\/p>\n<hr \/>\n<h4><span style=\"color: #ff0000;\"><strong>Specyfikacja:<\/strong><\/span><\/h4>\n<ul>\n<li>materia\u0142: wysokiej jako\u015bci sklejka drewniana<\/li>\n<li>produkt r\u0119cznie szlifowany<\/li>\n<li>grawer laserowy<\/li>\n<li>tekst wycinany w kszta\u0142t obrysu liter<\/li>\n<li>wymiary: zale\u017cne od personalizacji.\u00a0 Wysoko\u015b\u0107 produktu zawieraj\u0105cego tekst w 1 linii wynosi \u015brednio 3 cm (od 2,5 do 3,5 cm &#8211; zale\u017cy to obecno\u015bci w tek\u015bcie Wielkich liter oraz niekt\u00f3rych z ogonkami np. \u0105,\u0119,y,j,p)<\/li>\n<li>grubo\u015b\u0107: ok 3mm<\/li>\n<\/ul>\n","protected":false},"excerpt":{"rendered":"<p>Dowolny napis grawerowany w sklejce drewnianej Dowolny wygrawerowany tekst, wykonany z wysokiej jako\u015bci sklejki o grubo\u015bci ok. 3mm. Wymiary produktu zale\u017c\u0105 od konkretnej personalizacji. Wysoko\u015b\u0107 produktu z tekstem mieszcz\u0105cym si\u0119 w jednej linii wynosi ok. 3 cm. Natomiast jego d\u0142ugo\u015b\u0107 zale\u017cy od liczby i d\u0142ugo\u015bci s\u0142\u00f3w (max 28 cm w jednej linii). Cena zale\u017cna od [&hellip;]<\/p>\n","protected":false},"featured_media":3253,"comment_status":"open","ping_status":"closed","template":"","meta":{"_acf_changed":false},"product_brand":[],"product_cat":[43],"product_tag":[89,54,68],"class_list":{"0":"post-3252","1":"product","2":"type-product","3":"status-publish","4":"has-post-thumbnail","6":"product_cat-scrapki","7":"product_tag-napisy","8":"product_tag-personalizacja","9":"product_tag-scrapbooking","11":"first","12":"instock","13":"taxable","14":"shipping-taxable","15":"purchasable","16":"product-type-variable"},"acf":[],"yoast_head":"<!-- This site is optimized with the Yoast SEO plugin v27.5 - https:\/\/yoast.com\/product\/yoast-seo-wordpress\/ -->\n<title>Napis grawerowany - w\u0142asny tekst - Drewniana Magia<\/title>\n<meta name=\"description\" content=\"Napis o wybranej przez Ciebie tre\u015bci wykonany z wysokiej jako\u015bci sklejki o grubo\u015bci ok 3mm. Wyra\u017any grawer, produkt r\u0119cznie szlifowany.\" \/>\n<meta name=\"robots\" content=\"index, follow, max-snippet:-1, max-image-preview:large, max-video-preview:-1\" \/>\n<link rel=\"canonical\" href=\"https:\/\/www.drewnianamagia.pl\/index.php\/produkt\/napis-grawerowany-wlasny-tekst\/\" \/>\n<meta property=\"og:locale\" content=\"pl_PL\" \/>\n<meta property=\"og:type\" content=\"article\" \/>\n<meta property=\"og:title\" content=\"Napis grawerowany - w\u0142asny tekst - Drewniana Magia\" \/>\n<meta property=\"og:description\" content=\"Napis o wybranej przez Ciebie tre\u015bci wykonany z wysokiej jako\u015bci sklejki o grubo\u015bci ok 3mm. Wyra\u017any grawer, produkt r\u0119cznie szlifowany.\" \/>\n<meta property=\"og:url\" content=\"https:\/\/www.drewnianamagia.pl\/index.php\/produkt\/napis-grawerowany-wlasny-tekst\/\" \/>\n<meta property=\"og:site_name\" content=\"Drewniana Magia\" \/>\n<meta property=\"article:publisher\" content=\"https:\/\/facebook.com\/BelasDrewnianaMagia\" \/>\n<meta property=\"article:modified_time\" content=\"2025-11-17T17:35:24+00:00\" \/>\n<meta property=\"og:image\" content=\"https:\/\/www.drewnianamagia.pl\/wp-content\/uploads\/2024\/06\/wlasny-napis.jpg\" \/>\n\t<meta property=\"og:image:width\" content=\"1000\" \/>\n\t<meta property=\"og:image:height\" content=\"1000\" \/>\n\t<meta property=\"og:image:type\" content=\"image\/jpeg\" \/>\n<meta name=\"twitter:card\" content=\"summary_large_image\" \/>\n<meta name=\"twitter:label1\" content=\"Szacowany czas czytania\" \/>\n\t<meta name=\"twitter:data1\" content=\"3 minuty\" \/>\n<script type=\"application\/ld+json\" class=\"yoast-schema-graph\">{\"@context\":\"https:\\\/\\\/schema.org\",\"@graph\":[{\"@type\":\"WebPage\",\"@id\":\"https:\\\/\\\/www.drewnianamagia.pl\\\/index.php\\\/produkt\\\/napis-grawerowany-wlasny-tekst\\\/\",\"url\":\"https:\\\/\\\/www.drewnianamagia.pl\\\/index.php\\\/produkt\\\/napis-grawerowany-wlasny-tekst\\\/\",\"name\":\"Napis grawerowany - w\u0142asny tekst - Drewniana Magia\",\"isPartOf\":{\"@id\":\"https:\\\/\\\/www.drewnianamagia.pl\\\/#website\"},\"primaryImageOfPage\":{\"@id\":\"https:\\\/\\\/www.drewnianamagia.pl\\\/index.php\\\/produkt\\\/napis-grawerowany-wlasny-tekst\\\/#primaryimage\"},\"image\":{\"@id\":\"https:\\\/\\\/www.drewnianamagia.pl\\\/index.php\\\/produkt\\\/napis-grawerowany-wlasny-tekst\\\/#primaryimage\"},\"thumbnailUrl\":\"https:\\\/\\\/www.drewnianamagia.pl\\\/wp-content\\\/uploads\\\/2024\\\/06\\\/wlasny-napis.jpg\",\"datePublished\":\"2024-06-12T10:27:42+00:00\",\"dateModified\":\"2025-11-17T17:35:24+00:00\",\"description\":\"Napis o wybranej przez Ciebie tre\u015bci wykonany z wysokiej jako\u015bci sklejki o grubo\u015bci ok 3mm. Wyra\u017any grawer, produkt r\u0119cznie szlifowany.\",\"breadcrumb\":{\"@id\":\"https:\\\/\\\/www.drewnianamagia.pl\\\/index.php\\\/produkt\\\/napis-grawerowany-wlasny-tekst\\\/#breadcrumb\"},\"inLanguage\":\"pl-PL\",\"potentialAction\":[{\"@type\":\"ReadAction\",\"target\":[\"https:\\\/\\\/www.drewnianamagia.pl\\\/index.php\\\/produkt\\\/napis-grawerowany-wlasny-tekst\\\/\"]}]},{\"@type\":\"ImageObject\",\"inLanguage\":\"pl-PL\",\"@id\":\"https:\\\/\\\/www.drewnianamagia.pl\\\/index.php\\\/produkt\\\/napis-grawerowany-wlasny-tekst\\\/#primaryimage\",\"url\":\"https:\\\/\\\/www.drewnianamagia.pl\\\/wp-content\\\/uploads\\\/2024\\\/06\\\/wlasny-napis.jpg\",\"contentUrl\":\"https:\\\/\\\/www.drewnianamagia.pl\\\/wp-content\\\/uploads\\\/2024\\\/06\\\/wlasny-napis.jpg\",\"width\":1000,\"height\":1000,\"caption\":\"w\u0142asny napis\"},{\"@type\":\"BreadcrumbList\",\"@id\":\"https:\\\/\\\/www.drewnianamagia.pl\\\/index.php\\\/produkt\\\/napis-grawerowany-wlasny-tekst\\\/#breadcrumb\",\"itemListElement\":[{\"@type\":\"ListItem\",\"position\":1,\"name\":\"Strona g\u0142\u00f3wna\",\"item\":\"https:\\\/\\\/www.drewnianamagia.pl\\\/\"},{\"@type\":\"ListItem\",\"position\":2,\"name\":\"Sklep\",\"item\":\"https:\\\/\\\/www.drewnianamagia.pl\\\/index.php\\\/sklep-internetowy-drewnianamagia\\\/\"},{\"@type\":\"ListItem\",\"position\":3,\"name\":\"Napis grawerowany &#8211; w\u0142asny tekst\"}]},{\"@type\":\"WebSite\",\"@id\":\"https:\\\/\\\/www.drewnianamagia.pl\\\/#website\",\"url\":\"https:\\\/\\\/www.drewnianamagia.pl\\\/\",\"name\":\"Drewniana Magia\",\"description\":\"Personalizowane prezenty i dekoracje z drewna i druku 3D, na ka\u017cd\u0105 okazj\u0119 i okoliczno\u015b\u0107. Urodziny, Chrzest, Przyj\u0119cie, \u015awi\u0119ta, \u015alub\",\"publisher\":{\"@id\":\"https:\\\/\\\/www.drewnianamagia.pl\\\/#organization\"},\"potentialAction\":[{\"@type\":\"SearchAction\",\"target\":{\"@type\":\"EntryPoint\",\"urlTemplate\":\"https:\\\/\\\/www.drewnianamagia.pl\\\/?s={search_term_string}\"},\"query-input\":{\"@type\":\"PropertyValueSpecification\",\"valueRequired\":true,\"valueName\":\"search_term_string\"}}],\"inLanguage\":\"pl-PL\"},{\"@type\":\"Organization\",\"@id\":\"https:\\\/\\\/www.drewnianamagia.pl\\\/#organization\",\"name\":\"Drewniana Magia\",\"url\":\"https:\\\/\\\/www.drewnianamagia.pl\\\/\",\"logo\":{\"@type\":\"ImageObject\",\"inLanguage\":\"pl-PL\",\"@id\":\"https:\\\/\\\/www.drewnianamagia.pl\\\/#\\\/schema\\\/logo\\\/image\\\/\",\"url\":\"https:\\\/\\\/www.drewnianamagia.pl\\\/wp-content\\\/uploads\\\/2024\\\/02\\\/cropped-LOGO-DrewnianaMagia-375x188-1.png\",\"contentUrl\":\"https:\\\/\\\/www.drewnianamagia.pl\\\/wp-content\\\/uploads\\\/2024\\\/02\\\/cropped-LOGO-DrewnianaMagia-375x188-1.png\",\"width\":374,\"height\":188,\"caption\":\"Drewniana Magia\"},\"image\":{\"@id\":\"https:\\\/\\\/www.drewnianamagia.pl\\\/#\\\/schema\\\/logo\\\/image\\\/\"},\"sameAs\":[\"https:\\\/\\\/facebook.com\\\/BelasDrewnianaMagia\"]}]}<\/script>\n<!-- \/ Yoast SEO plugin. -->","yoast_head_json":{"title":"Napis grawerowany - w\u0142asny tekst - Drewniana Magia","description":"Napis o wybranej przez Ciebie tre\u015bci wykonany z wysokiej jako\u015bci sklejki o grubo\u015bci ok 3mm. Wyra\u017any grawer, produkt r\u0119cznie szlifowany.","robots":{"index":"index","follow":"follow","max-snippet":"max-snippet:-1","max-image-preview":"max-image-preview:large","max-video-preview":"max-video-preview:-1"},"canonical":"https:\/\/www.drewnianamagia.pl\/index.php\/produkt\/napis-grawerowany-wlasny-tekst\/","og_locale":"pl_PL","og_type":"article","og_title":"Napis grawerowany - w\u0142asny tekst - Drewniana Magia","og_description":"Napis o wybranej przez Ciebie tre\u015bci wykonany z wysokiej jako\u015bci sklejki o grubo\u015bci ok 3mm. Wyra\u017any grawer, produkt r\u0119cznie szlifowany.","og_url":"https:\/\/www.drewnianamagia.pl\/index.php\/produkt\/napis-grawerowany-wlasny-tekst\/","og_site_name":"Drewniana Magia","article_publisher":"https:\/\/facebook.com\/BelasDrewnianaMagia","article_modified_time":"2025-11-17T17:35:24+00:00","og_image":[{"width":1000,"height":1000,"url":"https:\/\/www.drewnianamagia.pl\/wp-content\/uploads\/2024\/06\/wlasny-napis.jpg","type":"image\/jpeg"}],"twitter_card":"summary_large_image","twitter_misc":{"Szacowany czas czytania":"3 minuty"},"schema":{"@context":"https:\/\/schema.org","@graph":[{"@type":"WebPage","@id":"https:\/\/www.drewnianamagia.pl\/index.php\/produkt\/napis-grawerowany-wlasny-tekst\/","url":"https:\/\/www.drewnianamagia.pl\/index.php\/produkt\/napis-grawerowany-wlasny-tekst\/","name":"Napis grawerowany - w\u0142asny tekst - Drewniana Magia","isPartOf":{"@id":"https:\/\/www.drewnianamagia.pl\/#website"},"primaryImageOfPage":{"@id":"https:\/\/www.drewnianamagia.pl\/index.php\/produkt\/napis-grawerowany-wlasny-tekst\/#primaryimage"},"image":{"@id":"https:\/\/www.drewnianamagia.pl\/index.php\/produkt\/napis-grawerowany-wlasny-tekst\/#primaryimage"},"thumbnailUrl":"https:\/\/www.drewnianamagia.pl\/wp-content\/uploads\/2024\/06\/wlasny-napis.jpg","datePublished":"2024-06-12T10:27:42+00:00","dateModified":"2025-11-17T17:35:24+00:00","description":"Napis o wybranej przez Ciebie tre\u015bci wykonany z wysokiej jako\u015bci sklejki o grubo\u015bci ok 3mm. Wyra\u017any grawer, produkt r\u0119cznie szlifowany.","breadcrumb":{"@id":"https:\/\/www.drewnianamagia.pl\/index.php\/produkt\/napis-grawerowany-wlasny-tekst\/#breadcrumb"},"inLanguage":"pl-PL","potentialAction":[{"@type":"ReadAction","target":["https:\/\/www.drewnianamagia.pl\/index.php\/produkt\/napis-grawerowany-wlasny-tekst\/"]}]},{"@type":"ImageObject","inLanguage":"pl-PL","@id":"https:\/\/www.drewnianamagia.pl\/index.php\/produkt\/napis-grawerowany-wlasny-tekst\/#primaryimage","url":"https:\/\/www.drewnianamagia.pl\/wp-content\/uploads\/2024\/06\/wlasny-napis.jpg","contentUrl":"https:\/\/www.drewnianamagia.pl\/wp-content\/uploads\/2024\/06\/wlasny-napis.jpg","width":1000,"height":1000,"caption":"w\u0142asny napis"},{"@type":"BreadcrumbList","@id":"https:\/\/www.drewnianamagia.pl\/index.php\/produkt\/napis-grawerowany-wlasny-tekst\/#breadcrumb","itemListElement":[{"@type":"ListItem","position":1,"name":"Strona g\u0142\u00f3wna","item":"https:\/\/www.drewnianamagia.pl\/"},{"@type":"ListItem","position":2,"name":"Sklep","item":"https:\/\/www.drewnianamagia.pl\/index.php\/sklep-internetowy-drewnianamagia\/"},{"@type":"ListItem","position":3,"name":"Napis grawerowany &#8211; w\u0142asny tekst"}]},{"@type":"WebSite","@id":"https:\/\/www.drewnianamagia.pl\/#website","url":"https:\/\/www.drewnianamagia.pl\/","name":"Drewniana Magia","description":"Personalizowane prezenty i dekoracje z drewna i druku 3D, na ka\u017cd\u0105 okazj\u0119 i okoliczno\u015b\u0107. Urodziny, Chrzest, Przyj\u0119cie, \u015awi\u0119ta, \u015alub","publisher":{"@id":"https:\/\/www.drewnianamagia.pl\/#organization"},"potentialAction":[{"@type":"SearchAction","target":{"@type":"EntryPoint","urlTemplate":"https:\/\/www.drewnianamagia.pl\/?s={search_term_string}"},"query-input":{"@type":"PropertyValueSpecification","valueRequired":true,"valueName":"search_term_string"}}],"inLanguage":"pl-PL"},{"@type":"Organization","@id":"https:\/\/www.drewnianamagia.pl\/#organization","name":"Drewniana Magia","url":"https:\/\/www.drewnianamagia.pl\/","logo":{"@type":"ImageObject","inLanguage":"pl-PL","@id":"https:\/\/www.drewnianamagia.pl\/#\/schema\/logo\/image\/","url":"https:\/\/www.drewnianamagia.pl\/wp-content\/uploads\/2024\/02\/cropped-LOGO-DrewnianaMagia-375x188-1.png","contentUrl":"https:\/\/www.drewnianamagia.pl\/wp-content\/uploads\/2024\/02\/cropped-LOGO-DrewnianaMagia-375x188-1.png","width":374,"height":188,"caption":"Drewniana Magia"},"image":{"@id":"https:\/\/www.drewnianamagia.pl\/#\/schema\/logo\/image\/"},"sameAs":["https:\/\/facebook.com\/BelasDrewnianaMagia"]}]}},"_links":{"self":[{"href":"https:\/\/www.drewnianamagia.pl\/index.php\/wp-json\/wp\/v2\/product\/3252","targetHints":{"allow":["GET"]}}],"collection":[{"href":"https:\/\/www.drewnianamagia.pl\/index.php\/wp-json\/wp\/v2\/product"}],"about":[{"href":"https:\/\/www.drewnianamagia.pl\/index.php\/wp-json\/wp\/v2\/types\/product"}],"replies":[{"embeddable":true,"href":"https:\/\/www.drewnianamagia.pl\/index.php\/wp-json\/wp\/v2\/comments?post=3252"}],"wp:featuredmedia":[{"embeddable":true,"href":"https:\/\/www.drewnianamagia.pl\/index.php\/wp-json\/wp\/v2\/media\/3253"}],"wp:attachment":[{"href":"https:\/\/www.drewnianamagia.pl\/index.php\/wp-json\/wp\/v2\/media?parent=3252"}],"wp:term":[{"taxonomy":"product_brand","embeddable":true,"href":"https:\/\/www.drewnianamagia.pl\/index.php\/wp-json\/wp\/v2\/product_brand?post=3252"},{"taxonomy":"product_cat","embeddable":true,"href":"https:\/\/www.drewnianamagia.pl\/index.php\/wp-json\/wp\/v2\/product_cat?post=3252"},{"taxonomy":"product_tag","embeddable":true,"href":"https:\/\/www.drewnianamagia.pl\/index.php\/wp-json\/wp\/v2\/product_tag?post=3252"}],"curies":[{"name":"wp","href":"https:\/\/api.w.org\/{rel}","templated":true}]}}