{"id":3183,"date":"2024-06-05T16:04:28","date_gmt":"2024-06-05T14:04:28","guid":{"rendered":"https:\/\/www.drewnianamagia.pl\/?post_type=product&#038;p=3183"},"modified":"2026-04-01T18:20:10","modified_gmt":"2026-04-01T16:20:10","slug":"drzewko-z-zyczeniami-urodziny-rocznica","status":"publish","type":"product","link":"https:\/\/www.drewnianamagia.pl\/index.php\/produkt\/drzewko-z-zyczeniami-urodziny-rocznica\/","title":{"rendered":"Drzewko z \u017cyczeniami &#8211; urodziny, rocznica"},"content":{"rendered":"<h4><strong>Personalizowane drzewko z \u017cyczeniami 3d<\/strong> &#8211; wyj\u0105tkowy prezent &#8211; <strong>urodziny, jubileusz, rocznica<\/strong>.<\/h4>\n<p>Szukasz wyj\u0105tkowego i niezapomnianego prezentu dla solenizanta? Nasze Personalizowane Drzewko 3D to idealny wyb\u00f3r! To niezwyk\u0142e drzewko wykonujemy z wysokiej jako\u015bci sklejki. Pozwala na wygrawerowanie imienia solenizanta, os\u00f3b sk\u0142adaj\u0105cych \u017cyczenia oraz umieszczenia liczby symbolizuj\u0105cej wiek solenizanta, co sprawia, \u017ce staje si\u0119 ono nie tylko upominkiem, ale r\u00f3wnie\u017c pami\u0105tk\u0105 na lata.<\/p>\n<p><span style=\"color: #000000;\"><strong>Idealny prezent na <span style=\"color: #ff0000;\">ka\u017cde urodziny<\/span> oraz wszelkiego rodzaju <span style=\"color: #ff0000;\">Jubileusze<\/span>.<\/strong><\/span><br \/>\n<span style=\"color: #000000;\">Oryginalny i nieszablonowy.<\/span><br \/>\n<span style=\"color: #000000;\">Sprawdzi si\u0119 zw\u0142aszcza jako prezent z okazji:<\/span><\/p>\n<ul>\n<li><span style=\"color: #ff0000;\">18. urodzin,<\/span><\/li>\n<li><span style=\"color: #ff0000;\">20,30,40,50,60,70,80,90,100 urodzin,<\/span><\/li>\n<li><span style=\"color: #ff0000;\">ka\u017cdych urodzin &#8211; bo przecie\u017c wszystkie mog\u0105 by\u0107 wyj\u0105tkowe \ud83d\ude42<\/span><\/li>\n<li><span style=\"color: #ff0000;\">10,20,30 (itd.).. lecia ma\u0142\u017ce\u0144stwa<\/span><\/li>\n<li><span style=\"color: #ff0000;\">Jubileuszu sta\u017cu pracy<\/span><\/li>\n<\/ul>\n<p><span style=\"color: #000000;\">i wielu innych, do kt\u00f3rych mo\u017cemy dopasowa\u0107 personalizacj\u0119 zgodnie z oczekiwaniem klienta.<\/span><\/p>\n<p>&nbsp;<\/p>\n<p>Do wykonania tej niesamowitej pami\u0105tki u\u017cywamy specjalnego lasera. Ka\u017cdy produkt wyka\u0144czamy z dba\u0142o\u015bci\u0105 o szczeg\u00f3\u0142y oraz dodatkowo r\u0119cznie szlifujemy ju\u017c po wykonaniu graweru.<\/p>\n<p>Produkt zosta\u0142 od podstaw zaprojektowany przez Nas &#8211; masz pewno\u015b\u0107, \u017ce kupujesz dopracowany pod ka\u017cdym wzgl\u0119dem produkt.<\/p>\n<h5><strong>G\u0142\u00f3wne cechy produktu:<\/strong><\/h5>\n<ol>\n<li><strong>Personalizacja:<\/strong> Nasze drzewko 3D jest pe\u0142ne mo\u017cliwo\u015bci personalizacji. Mo\u017cesz wygrawerowa\u0107 imi\u0119 solenizanta, wygrawerowa\u0107 dowoln\u0105 tre\u015b\u0107 na tablicy oraz wybra\u0107 liczby tworz\u0105ce wiek solenizanta lub symbolizujace konkretny Jubileusz, co sprawia, \u017ce staje si\u0119 to niepowtarzalnym prezentem, kt\u00f3ry doceni ka\u017cdy obdarowany. Nie zapomnij poda\u0107 niezb\u0119dnych danych do personalizacji podczas sk\u0142adania zam\u00f3wienia: <strong>wiek, imi\u0119, tekst na tablicy<\/strong><\/li>\n<li><strong>Efekt 3D:<\/strong> To nie tylko p\u0142aski wycinek sklejki. Nasze drzewko tworzy efekt tr\u00f3jwymiarowy, kt\u00f3ry zachwyca swoj\u0105 g\u0142\u0119bi\u0105 i detalem. Na jego koronie umieszczone s\u0105 serduszka z \u017cyczeniami, co dodaje mu uroku i wyj\u0105tkowo\u015bci.<\/li>\n<li><strong>Tablica z Podpisem:<\/strong> Przed drzewkiem znajduje si\u0119 specjalna tablica, na kt\u00f3rej mo\u017cesz umie\u015bci\u0107 dowolny tekst, np. informacj\u0119 o osobie sk\u0142adaj\u0105cej \u017cyczenia. To doskona\u0142y spos\u00f3b, aby zostawi\u0107 sw\u00f3j \u015blad na tej wyj\u0105tkowej pami\u0105tce.<\/li>\n<li><strong>Imi\u0119 Solenizanta:<\/strong> Wygrawerujemy imi\u0119 solenizanta na na dolnej cz\u0119\u015bci drzewka, co nadaje mu osobisty charakter.<\/li>\n<li><strong>Przestrzenne Cyfry z Wiekiem:<\/strong> Liczba lat solenizanta jest wyra\u017cona za pomoc\u0105 przestrzennych cyfr, kt\u00f3re nadaj\u0105 drzewku unikalny wygl\u0105d.<\/li>\n<li><strong>Wielko\u015b\u0107 drzewka:<\/strong> Nasze drzewko ma idealne wymiary aby \u017cyczenia by\u0142y czytelne i by swobodnie zmie\u015bci\u0142o si\u0119 na p\u00f3\u0142ce. Zgrabne i nieprzyt\u0142aczaj\u0105ce.<\/li>\n<\/ol>\n<p>&nbsp;<\/p>\n<p style=\"text-align: center;\"><img loading=\"lazy\" decoding=\"async\" class=\"aligncenter size-medium wp-image-3182\" src=\"https:\/\/www.drewnianamagia.pl\/wp-content\/uploads\/2024\/06\/personalizacja-drzewko-z1-300x300.jpg\" alt=\"drzewko - personalizacja\" width=\"300\" height=\"300\" srcset=\"https:\/\/www.drewnianamagia.pl\/wp-content\/uploads\/2024\/06\/personalizacja-drzewko-z1-300x300.jpg 300w, https:\/\/www.drewnianamagia.pl\/wp-content\/uploads\/2024\/06\/personalizacja-drzewko-z1-324x324.jpg 324w, https:\/\/www.drewnianamagia.pl\/wp-content\/uploads\/2024\/06\/personalizacja-drzewko-z1-100x100.jpg 100w, https:\/\/www.drewnianamagia.pl\/wp-content\/uploads\/2024\/06\/personalizacja-drzewko-z1-416x416.jpg 416w, https:\/\/www.drewnianamagia.pl\/wp-content\/uploads\/2024\/06\/personalizacja-drzewko-z1-150x150.jpg 150w, https:\/\/www.drewnianamagia.pl\/wp-content\/uploads\/2024\/06\/personalizacja-drzewko-z1-768x768.jpg 768w, https:\/\/www.drewnianamagia.pl\/wp-content\/uploads\/2024\/06\/personalizacja-drzewko-z1.jpg 1000w\" sizes=\"auto, (max-width: 300px) 100vw, 300px\" \/><\/p>\n<p>&nbsp;<\/p>\n<p><strong>Szczeg\u00f3\u0142owe wymiary produktu:<\/strong><\/p>\n<ul>\n<li>wysoko\u015b\u0107 ca\u0142kowita: ok. 20cm<\/li>\n<li>szeroko\u015b\u0107 ca\u0142kowita: ok. 21cm<\/li>\n<li>wielko\u015b\u0107 tablicy: 8&#215;5 cm<\/li>\n<li>wielko\u015b\u0107 elementu z cyframi: 5&#215;5,5 cm (wysoko\u015b\u0107 samych cyfr ok. 3,5cm)<\/li>\n<li>podstawa: szeroko\u015b\u0107- 18,5 cm, g\u0142\u0119boko\u015b\u0107 &#8211; 7cm<\/li>\n<\/ul>\n<p>&nbsp;<\/p>\n<p>&nbsp;<\/p>\n<p>&nbsp;<\/p>\n<p>&nbsp;<\/p>\n<h5><strong>Dlaczego warto wybra\u0107 nasze Personalizowane Drzewko 3D:<\/strong><\/h5>\n<p>To nie tylko prezent, to pami\u0105tka na ca\u0142e \u017cycie. Nasze drzewko 3D to doskona\u0142y spos\u00f3b na wyra\u017cenie swojej mi\u0142o\u015bci i \u017cycze\u0144 solenizantowi w wyj\u0105tkowy spos\u00f3b. To r\u00f3wnie\u017c pi\u0119kna ozdoba, kt\u00f3ra b\u0119dzie ozdabia\u0142a wn\u0119trze przez wiele lat.<\/p>\n<p>Nie czekaj d\u0142u\u017cej! Zam\u00f3w ju\u017c teraz nasze Personalizowane Drzewko 3D i spraw solenizantowi niezapomniane chwile rado\u015bci i wzruszenia. To prezent, kt\u00f3ry doceni ka\u017cdy obdarowany!<\/p>\n<h5><strong>Informacje dodatkowe<\/strong><\/h5>\n<p>Produkt posiada odpowiedni\u0105 konstrukcj\u0119, aby umo\u017cliwi\u0107 jego z\u0142o\u017cenie bez u\u017cycia kleju. Elementy takie jak podstawa, drzewko, tablica, przestrzenne cyfry, wysy\u0142amy w postaci nie z\u0142o\u017conej w celu unikni\u0119cia uszkodze\u0144 w transporcie.<\/p>\n<p>&nbsp;<\/p>\n","protected":false},"excerpt":{"rendered":"<p>Zgrabne drzewko urodzinowe &#8211; spersonalizuj podaj\u0105c wiek, imi\u0119 i dowoln\u0105 dedykacj\u0119 \/ podpis na tablicy.<\/p>\n","protected":false},"featured_media":3178,"comment_status":"open","ping_status":"closed","template":"","meta":{"_acf_changed":false},"product_brand":[],"product_cat":[49,92,105,148,96],"product_tag":[54,55,59,64],"class_list":{"0":"post-3183","1":"product","2":"type-product","3":"status-publish","4":"has-post-thumbnail","6":"product_cat-dekoracje","7":"product_cat-gadzety","8":"product_cat-rocznice","9":"product_cat-statuetki","10":"product_cat-urodziny-imieniny","11":"product_tag-personalizacja","12":"product_tag-prezent","13":"product_tag-urodziny","14":"product_tag-zyczenia","16":"first","17":"instock","18":"featured","19":"taxable","20":"shipping-taxable","21":"purchasable","22":"product-type-simple"},"acf":[],"yoast_head":"<!-- This site is optimized with the Yoast SEO plugin v27.5 - https:\/\/yoast.com\/product\/yoast-seo-wordpress\/ -->\n<title>Drzewko z \u017cyczeniami - urodziny, rocznica - Drewniana Magia<\/title>\n<meta name=\"description\" content=\"Personalizowane drzewko 3d to idealny prezent urodzinowy, kt\u00f3ry b\u0119dzie wyj\u0105tkowym zamiennikiem kartki z \u017cyczeniami oraz pi\u0119kn\u0105 ozdob\u0105.\" \/>\n<meta name=\"robots\" content=\"index, follow, max-snippet:-1, max-image-preview:large, max-video-preview:-1\" \/>\n<link rel=\"canonical\" href=\"https:\/\/www.drewnianamagia.pl\/index.php\/produkt\/drzewko-z-zyczeniami-urodziny-rocznica\/\" \/>\n<meta property=\"og:locale\" content=\"pl_PL\" \/>\n<meta property=\"og:type\" content=\"article\" \/>\n<meta property=\"og:title\" content=\"Drzewko z \u017cyczeniami - urodziny, rocznica - Drewniana Magia\" \/>\n<meta property=\"og:description\" content=\"Personalizowane drzewko 3d to idealny prezent urodzinowy, kt\u00f3ry b\u0119dzie wyj\u0105tkowym zamiennikiem kartki z \u017cyczeniami oraz pi\u0119kn\u0105 ozdob\u0105.\" \/>\n<meta property=\"og:url\" content=\"https:\/\/www.drewnianamagia.pl\/index.php\/produkt\/drzewko-z-zyczeniami-urodziny-rocznica\/\" \/>\n<meta property=\"og:site_name\" content=\"Drewniana Magia\" \/>\n<meta property=\"article:publisher\" content=\"https:\/\/facebook.com\/BelasDrewnianaMagia\" \/>\n<meta property=\"article:modified_time\" content=\"2026-04-01T16:20:10+00:00\" \/>\n<meta property=\"og:image\" content=\"https:\/\/www.drewnianamagia.pl\/wp-content\/uploads\/2024\/06\/drzewko-z1-1.jpg\" \/>\n\t<meta property=\"og:image:width\" content=\"1000\" \/>\n\t<meta property=\"og:image:height\" content=\"1000\" \/>\n\t<meta property=\"og:image:type\" content=\"image\/jpeg\" \/>\n<meta name=\"twitter:card\" content=\"summary_large_image\" \/>\n<meta name=\"twitter:label1\" content=\"Szacowany czas czytania\" \/>\n\t<meta name=\"twitter:data1\" content=\"4 minuty\" \/>\n<script type=\"application\/ld+json\" class=\"yoast-schema-graph\">{\"@context\":\"https:\\\/\\\/schema.org\",\"@graph\":[{\"@type\":\"WebPage\",\"@id\":\"https:\\\/\\\/www.drewnianamagia.pl\\\/index.php\\\/produkt\\\/drzewko-z-zyczeniami-urodziny-rocznica\\\/\",\"url\":\"https:\\\/\\\/www.drewnianamagia.pl\\\/index.php\\\/produkt\\\/drzewko-z-zyczeniami-urodziny-rocznica\\\/\",\"name\":\"Drzewko z \u017cyczeniami - urodziny, rocznica - Drewniana Magia\",\"isPartOf\":{\"@id\":\"https:\\\/\\\/www.drewnianamagia.pl\\\/#website\"},\"primaryImageOfPage\":{\"@id\":\"https:\\\/\\\/www.drewnianamagia.pl\\\/index.php\\\/produkt\\\/drzewko-z-zyczeniami-urodziny-rocznica\\\/#primaryimage\"},\"image\":{\"@id\":\"https:\\\/\\\/www.drewnianamagia.pl\\\/index.php\\\/produkt\\\/drzewko-z-zyczeniami-urodziny-rocznica\\\/#primaryimage\"},\"thumbnailUrl\":\"https:\\\/\\\/www.drewnianamagia.pl\\\/wp-content\\\/uploads\\\/2024\\\/06\\\/drzewko-z1-1.jpg\",\"datePublished\":\"2024-06-05T14:04:28+00:00\",\"dateModified\":\"2026-04-01T16:20:10+00:00\",\"description\":\"Personalizowane drzewko 3d to idealny prezent urodzinowy, kt\u00f3ry b\u0119dzie wyj\u0105tkowym zamiennikiem kartki z \u017cyczeniami oraz pi\u0119kn\u0105 ozdob\u0105.\",\"breadcrumb\":{\"@id\":\"https:\\\/\\\/www.drewnianamagia.pl\\\/index.php\\\/produkt\\\/drzewko-z-zyczeniami-urodziny-rocznica\\\/#breadcrumb\"},\"inLanguage\":\"pl-PL\",\"potentialAction\":[{\"@type\":\"ReadAction\",\"target\":[\"https:\\\/\\\/www.drewnianamagia.pl\\\/index.php\\\/produkt\\\/drzewko-z-zyczeniami-urodziny-rocznica\\\/\"]}]},{\"@type\":\"ImageObject\",\"inLanguage\":\"pl-PL\",\"@id\":\"https:\\\/\\\/www.drewnianamagia.pl\\\/index.php\\\/produkt\\\/drzewko-z-zyczeniami-urodziny-rocznica\\\/#primaryimage\",\"url\":\"https:\\\/\\\/www.drewnianamagia.pl\\\/wp-content\\\/uploads\\\/2024\\\/06\\\/drzewko-z1-1.jpg\",\"contentUrl\":\"https:\\\/\\\/www.drewnianamagia.pl\\\/wp-content\\\/uploads\\\/2024\\\/06\\\/drzewko-z1-1.jpg\",\"width\":1000,\"height\":1000,\"caption\":\"Drzewka z \u017cyczeniami\"},{\"@type\":\"BreadcrumbList\",\"@id\":\"https:\\\/\\\/www.drewnianamagia.pl\\\/index.php\\\/produkt\\\/drzewko-z-zyczeniami-urodziny-rocznica\\\/#breadcrumb\",\"itemListElement\":[{\"@type\":\"ListItem\",\"position\":1,\"name\":\"Strona g\u0142\u00f3wna\",\"item\":\"https:\\\/\\\/www.drewnianamagia.pl\\\/\"},{\"@type\":\"ListItem\",\"position\":2,\"name\":\"Sklep\",\"item\":\"https:\\\/\\\/www.drewnianamagia.pl\\\/index.php\\\/sklep-internetowy-drewnianamagia\\\/\"},{\"@type\":\"ListItem\",\"position\":3,\"name\":\"Drzewko z \u017cyczeniami &#8211; urodziny, rocznica\"}]},{\"@type\":\"WebSite\",\"@id\":\"https:\\\/\\\/www.drewnianamagia.pl\\\/#website\",\"url\":\"https:\\\/\\\/www.drewnianamagia.pl\\\/\",\"name\":\"Drewniana Magia\",\"description\":\"Personalizowane prezenty i dekoracje z drewna i druku 3D, na ka\u017cd\u0105 okazj\u0119 i okoliczno\u015b\u0107. Urodziny, Chrzest, Przyj\u0119cie, \u015awi\u0119ta, \u015alub\",\"publisher\":{\"@id\":\"https:\\\/\\\/www.drewnianamagia.pl\\\/#organization\"},\"potentialAction\":[{\"@type\":\"SearchAction\",\"target\":{\"@type\":\"EntryPoint\",\"urlTemplate\":\"https:\\\/\\\/www.drewnianamagia.pl\\\/?s={search_term_string}\"},\"query-input\":{\"@type\":\"PropertyValueSpecification\",\"valueRequired\":true,\"valueName\":\"search_term_string\"}}],\"inLanguage\":\"pl-PL\"},{\"@type\":\"Organization\",\"@id\":\"https:\\\/\\\/www.drewnianamagia.pl\\\/#organization\",\"name\":\"Drewniana Magia\",\"url\":\"https:\\\/\\\/www.drewnianamagia.pl\\\/\",\"logo\":{\"@type\":\"ImageObject\",\"inLanguage\":\"pl-PL\",\"@id\":\"https:\\\/\\\/www.drewnianamagia.pl\\\/#\\\/schema\\\/logo\\\/image\\\/\",\"url\":\"https:\\\/\\\/www.drewnianamagia.pl\\\/wp-content\\\/uploads\\\/2024\\\/02\\\/cropped-LOGO-DrewnianaMagia-375x188-1.png\",\"contentUrl\":\"https:\\\/\\\/www.drewnianamagia.pl\\\/wp-content\\\/uploads\\\/2024\\\/02\\\/cropped-LOGO-DrewnianaMagia-375x188-1.png\",\"width\":374,\"height\":188,\"caption\":\"Drewniana Magia\"},\"image\":{\"@id\":\"https:\\\/\\\/www.drewnianamagia.pl\\\/#\\\/schema\\\/logo\\\/image\\\/\"},\"sameAs\":[\"https:\\\/\\\/facebook.com\\\/BelasDrewnianaMagia\"]}]}<\/script>\n<!-- \/ Yoast SEO plugin. -->","yoast_head_json":{"title":"Drzewko z \u017cyczeniami - urodziny, rocznica - Drewniana Magia","description":"Personalizowane drzewko 3d to idealny prezent urodzinowy, kt\u00f3ry b\u0119dzie wyj\u0105tkowym zamiennikiem kartki z \u017cyczeniami oraz pi\u0119kn\u0105 ozdob\u0105.","robots":{"index":"index","follow":"follow","max-snippet":"max-snippet:-1","max-image-preview":"max-image-preview:large","max-video-preview":"max-video-preview:-1"},"canonical":"https:\/\/www.drewnianamagia.pl\/index.php\/produkt\/drzewko-z-zyczeniami-urodziny-rocznica\/","og_locale":"pl_PL","og_type":"article","og_title":"Drzewko z \u017cyczeniami - urodziny, rocznica - Drewniana Magia","og_description":"Personalizowane drzewko 3d to idealny prezent urodzinowy, kt\u00f3ry b\u0119dzie wyj\u0105tkowym zamiennikiem kartki z \u017cyczeniami oraz pi\u0119kn\u0105 ozdob\u0105.","og_url":"https:\/\/www.drewnianamagia.pl\/index.php\/produkt\/drzewko-z-zyczeniami-urodziny-rocznica\/","og_site_name":"Drewniana Magia","article_publisher":"https:\/\/facebook.com\/BelasDrewnianaMagia","article_modified_time":"2026-04-01T16:20:10+00:00","og_image":[{"width":1000,"height":1000,"url":"https:\/\/www.drewnianamagia.pl\/wp-content\/uploads\/2024\/06\/drzewko-z1-1.jpg","type":"image\/jpeg"}],"twitter_card":"summary_large_image","twitter_misc":{"Szacowany czas czytania":"4 minuty"},"schema":{"@context":"https:\/\/schema.org","@graph":[{"@type":"WebPage","@id":"https:\/\/www.drewnianamagia.pl\/index.php\/produkt\/drzewko-z-zyczeniami-urodziny-rocznica\/","url":"https:\/\/www.drewnianamagia.pl\/index.php\/produkt\/drzewko-z-zyczeniami-urodziny-rocznica\/","name":"Drzewko z \u017cyczeniami - urodziny, rocznica - Drewniana Magia","isPartOf":{"@id":"https:\/\/www.drewnianamagia.pl\/#website"},"primaryImageOfPage":{"@id":"https:\/\/www.drewnianamagia.pl\/index.php\/produkt\/drzewko-z-zyczeniami-urodziny-rocznica\/#primaryimage"},"image":{"@id":"https:\/\/www.drewnianamagia.pl\/index.php\/produkt\/drzewko-z-zyczeniami-urodziny-rocznica\/#primaryimage"},"thumbnailUrl":"https:\/\/www.drewnianamagia.pl\/wp-content\/uploads\/2024\/06\/drzewko-z1-1.jpg","datePublished":"2024-06-05T14:04:28+00:00","dateModified":"2026-04-01T16:20:10+00:00","description":"Personalizowane drzewko 3d to idealny prezent urodzinowy, kt\u00f3ry b\u0119dzie wyj\u0105tkowym zamiennikiem kartki z \u017cyczeniami oraz pi\u0119kn\u0105 ozdob\u0105.","breadcrumb":{"@id":"https:\/\/www.drewnianamagia.pl\/index.php\/produkt\/drzewko-z-zyczeniami-urodziny-rocznica\/#breadcrumb"},"inLanguage":"pl-PL","potentialAction":[{"@type":"ReadAction","target":["https:\/\/www.drewnianamagia.pl\/index.php\/produkt\/drzewko-z-zyczeniami-urodziny-rocznica\/"]}]},{"@type":"ImageObject","inLanguage":"pl-PL","@id":"https:\/\/www.drewnianamagia.pl\/index.php\/produkt\/drzewko-z-zyczeniami-urodziny-rocznica\/#primaryimage","url":"https:\/\/www.drewnianamagia.pl\/wp-content\/uploads\/2024\/06\/drzewko-z1-1.jpg","contentUrl":"https:\/\/www.drewnianamagia.pl\/wp-content\/uploads\/2024\/06\/drzewko-z1-1.jpg","width":1000,"height":1000,"caption":"Drzewka z \u017cyczeniami"},{"@type":"BreadcrumbList","@id":"https:\/\/www.drewnianamagia.pl\/index.php\/produkt\/drzewko-z-zyczeniami-urodziny-rocznica\/#breadcrumb","itemListElement":[{"@type":"ListItem","position":1,"name":"Strona g\u0142\u00f3wna","item":"https:\/\/www.drewnianamagia.pl\/"},{"@type":"ListItem","position":2,"name":"Sklep","item":"https:\/\/www.drewnianamagia.pl\/index.php\/sklep-internetowy-drewnianamagia\/"},{"@type":"ListItem","position":3,"name":"Drzewko z \u017cyczeniami &#8211; urodziny, rocznica"}]},{"@type":"WebSite","@id":"https:\/\/www.drewnianamagia.pl\/#website","url":"https:\/\/www.drewnianamagia.pl\/","name":"Drewniana Magia","description":"Personalizowane prezenty i dekoracje z drewna i druku 3D, na ka\u017cd\u0105 okazj\u0119 i okoliczno\u015b\u0107. Urodziny, Chrzest, Przyj\u0119cie, \u015awi\u0119ta, \u015alub","publisher":{"@id":"https:\/\/www.drewnianamagia.pl\/#organization"},"potentialAction":[{"@type":"SearchAction","target":{"@type":"EntryPoint","urlTemplate":"https:\/\/www.drewnianamagia.pl\/?s={search_term_string}"},"query-input":{"@type":"PropertyValueSpecification","valueRequired":true,"valueName":"search_term_string"}}],"inLanguage":"pl-PL"},{"@type":"Organization","@id":"https:\/\/www.drewnianamagia.pl\/#organization","name":"Drewniana Magia","url":"https:\/\/www.drewnianamagia.pl\/","logo":{"@type":"ImageObject","inLanguage":"pl-PL","@id":"https:\/\/www.drewnianamagia.pl\/#\/schema\/logo\/image\/","url":"https:\/\/www.drewnianamagia.pl\/wp-content\/uploads\/2024\/02\/cropped-LOGO-DrewnianaMagia-375x188-1.png","contentUrl":"https:\/\/www.drewnianamagia.pl\/wp-content\/uploads\/2024\/02\/cropped-LOGO-DrewnianaMagia-375x188-1.png","width":374,"height":188,"caption":"Drewniana Magia"},"image":{"@id":"https:\/\/www.drewnianamagia.pl\/#\/schema\/logo\/image\/"},"sameAs":["https:\/\/facebook.com\/BelasDrewnianaMagia"]}]}},"_links":{"self":[{"href":"https:\/\/www.drewnianamagia.pl\/index.php\/wp-json\/wp\/v2\/product\/3183","targetHints":{"allow":["GET"]}}],"collection":[{"href":"https:\/\/www.drewnianamagia.pl\/index.php\/wp-json\/wp\/v2\/product"}],"about":[{"href":"https:\/\/www.drewnianamagia.pl\/index.php\/wp-json\/wp\/v2\/types\/product"}],"replies":[{"embeddable":true,"href":"https:\/\/www.drewnianamagia.pl\/index.php\/wp-json\/wp\/v2\/comments?post=3183"}],"wp:featuredmedia":[{"embeddable":true,"href":"https:\/\/www.drewnianamagia.pl\/index.php\/wp-json\/wp\/v2\/media\/3178"}],"wp:attachment":[{"href":"https:\/\/www.drewnianamagia.pl\/index.php\/wp-json\/wp\/v2\/media?parent=3183"}],"wp:term":[{"taxonomy":"product_brand","embeddable":true,"href":"https:\/\/www.drewnianamagia.pl\/index.php\/wp-json\/wp\/v2\/product_brand?post=3183"},{"taxonomy":"product_cat","embeddable":true,"href":"https:\/\/www.drewnianamagia.pl\/index.php\/wp-json\/wp\/v2\/product_cat?post=3183"},{"taxonomy":"product_tag","embeddable":true,"href":"https:\/\/www.drewnianamagia.pl\/index.php\/wp-json\/wp\/v2\/product_tag?post=3183"}],"curies":[{"name":"wp","href":"https:\/\/api.w.org\/{rel}","templated":true}]}}