{"id":3041,"date":"2024-04-12T14:55:48","date_gmt":"2024-04-12T12:55:48","guid":{"rendered":"https:\/\/www.drewnianamagia.pl\/?post_type=product&#038;p=3041"},"modified":"2025-08-04T09:26:19","modified_gmt":"2025-08-04T07:26:19","slug":"ramka-to-wcale-nie-tak-duzo-prezent-na-20-30-40-50-60-70-urodziny","status":"publish","type":"product","link":"https:\/\/www.drewnianamagia.pl\/index.php\/produkt\/ramka-to-wcale-nie-tak-duzo-prezent-na-20-30-40-50-60-70-urodziny\/","title":{"rendered":"Ramka &#8222;to wcale nie tak du\u017co&#8221; Prezent na 20 30 40 50 60 70 urodziny"},"content":{"rendered":"<p style=\"text-align: center;\"><strong>Drewniana Ramka &#8222;to wcale nie tak du\u017co&#8221; &#8211; zabawny i oryginalny prezent na urodziny.<\/strong><\/p>\n<p>Prezentujemy nasz\u0105 unikaln\u0105 drewnian\u0105 ramk\u0119 jako idealny i pe\u0142en humoru prezent na urodziny dla bliskiej osoby. Je\u015bli zastanawiasz si\u0119 nad oryginalnym pomys\u0142em na prezent, nasza propozycja zapewni u\u015bmiech na twarzy solenizanta i pozostanie w jego pami\u0119ci na d\u0142ugo.<\/p>\n<p>Wyra\u017a za jej pomoc\u0105 swoj\u0105 trosk\u0119 i poka\u017c, \u017ce wiek to tylko liczba.<\/p>\n<p>&nbsp;<\/p>\n<p style=\"text-align: center;\"><b><img loading=\"lazy\" decoding=\"async\" class=\"aligncenter size-medium wp-image-3031\" src=\"https:\/\/www.drewnianamagia.pl\/wp-content\/uploads\/2024\/04\/ramka-ne-tak-duzo-6-wizualizacja-300x300.jpg\" alt=\"ramka to wcale nie tak du\u017co - wizualizacja\" width=\"300\" height=\"300\" srcset=\"https:\/\/www.drewnianamagia.pl\/wp-content\/uploads\/2024\/04\/ramka-ne-tak-duzo-6-wizualizacja-300x300.jpg 300w, https:\/\/www.drewnianamagia.pl\/wp-content\/uploads\/2024\/04\/ramka-ne-tak-duzo-6-wizualizacja-324x324.jpg 324w, https:\/\/www.drewnianamagia.pl\/wp-content\/uploads\/2024\/04\/ramka-ne-tak-duzo-6-wizualizacja-100x100.jpg 100w, https:\/\/www.drewnianamagia.pl\/wp-content\/uploads\/2024\/04\/ramka-ne-tak-duzo-6-wizualizacja-416x416.jpg 416w, https:\/\/www.drewnianamagia.pl\/wp-content\/uploads\/2024\/04\/ramka-ne-tak-duzo-6-wizualizacja-150x150.jpg 150w, https:\/\/www.drewnianamagia.pl\/wp-content\/uploads\/2024\/04\/ramka-ne-tak-duzo-6-wizualizacja-768x768.jpg 768w, https:\/\/www.drewnianamagia.pl\/wp-content\/uploads\/2024\/04\/ramka-ne-tak-duzo-6-wizualizacja.jpg 1000w\" sizes=\"auto, (max-width: 300px) 100vw, 300px\" \/><\/b><\/p>\n<p><strong>Cechy produktu:<\/strong><\/p>\n<ul>\n<li>produkt personalizowany, co oznacza \u017ce wszelkie modyfikacje zawarte s\u0105 w cenie produktu!)<\/li>\n<li>wysoko\u015b\u0107: 18 cm<\/li>\n<li>szeroko\u015b\u0107: 24 cm<\/li>\n<li>szeroko\u015b\u0107 ramy: 2 cm<\/li>\n<li>kolor: bia\u0142y z czarn\u0105 ram\u0105 (t\u0142o bia\u0142e, ramka czarna)<\/li>\n<li>materia\u0142: sklejka (chmurka z imieniem), sznurek jutowy, drewno(klamerki), lakierowany HDF (t\u0142o i rama)<\/li>\n<li>dodatkowe akcesoria: sznurek jutowy, klamerki (do 4 szt. &#8211; w zale\u017cno\u015bci od personalizacji)<\/li>\n<li>mo\u017cliwo\u015b\u0107 zawieszenia (sznurek z ty\u0142u jest zwi\u0105zany &#8211; mo\u017cna za niego powiesi\u0107 produkt na \u015bcianie)<\/li>\n<li>Wyra\u017any, dok\u0142adny i g\u0142\u0119boki grawer wykonany technologi\u0105 laserow\u0105. Napisy nie znikn\u0105 z up\u0142ywem czasu jak w przypadku druku, kt\u00f3ry blaknie i si\u0119 \u015bciera.<\/li>\n<li>Zestaw jest z\u0142o\u017cony (tak jak na zdj\u0119ciach) i zawiera:\n<ul>\n<li>grawerowana bia\u0142a tabliczka,<\/li>\n<li>rama,<\/li>\n<li>sznurek jutowy,<\/li>\n<li>chmurka z grawerowanym imieniem,<\/li>\n<li>klamerki (do 4szt.),<\/li>\n<li>foliowe opakowanie.<\/li>\n<\/ul>\n<\/li>\n<\/ul>\n<p><em>Zestaw nie zawiera banknot\u00f3w widocznych na prezentowanych zdj\u0119ciach. Ilo\u015b\u0107 klamerek mocowanych do sznurka zale\u017cy od Ciebie i tego jakie dane podasz do personalizacji (stanowi\u0105 one przyk\u0142ad gotowego produktu)<\/em><\/p>\n<p><strong>Personalizacja (pami\u0119taj aby podczas zakupu przekaza\u0107 nam poni\u017csze informacje):<\/strong><\/p>\n<ul>\n<li>Podaj ilo\u015b\u0107 klamerek od 1 do 4 szt. (w zale\u017cno\u015bci od personalizacji i tego jakie nomina\u0142y zechcesz umie\u015bci\u0107 &#8211; Ty decydujesz!)<\/li>\n<li>Podaj wiek, jaki mamy wygrawerowa\u0107 (mo\u017ce by\u0107 to dowolna liczba)<\/li>\n<li>Podaj imi\u0119 solenizanta<\/li>\n<\/ul>\n<p style=\"text-align: center;\"><img loading=\"lazy\" decoding=\"async\" class=\"aligncenter size-medium wp-image-3038\" src=\"https:\/\/www.drewnianamagia.pl\/wp-content\/uploads\/2024\/04\/ramka-nie-tak-duzo-PERSONALIZACJA-300x300.jpg\" alt=\"personalizacja - ramka to wcale nie tak du\u017co\" width=\"300\" height=\"300\" srcset=\"https:\/\/www.drewnianamagia.pl\/wp-content\/uploads\/2024\/04\/ramka-nie-tak-duzo-PERSONALIZACJA-300x300.jpg 300w, https:\/\/www.drewnianamagia.pl\/wp-content\/uploads\/2024\/04\/ramka-nie-tak-duzo-PERSONALIZACJA-324x324.jpg 324w, https:\/\/www.drewnianamagia.pl\/wp-content\/uploads\/2024\/04\/ramka-nie-tak-duzo-PERSONALIZACJA-100x100.jpg 100w, https:\/\/www.drewnianamagia.pl\/wp-content\/uploads\/2024\/04\/ramka-nie-tak-duzo-PERSONALIZACJA-416x416.jpg 416w, https:\/\/www.drewnianamagia.pl\/wp-content\/uploads\/2024\/04\/ramka-nie-tak-duzo-PERSONALIZACJA-150x150.jpg 150w, https:\/\/www.drewnianamagia.pl\/wp-content\/uploads\/2024\/04\/ramka-nie-tak-duzo-PERSONALIZACJA-768x768.jpg 768w, https:\/\/www.drewnianamagia.pl\/wp-content\/uploads\/2024\/04\/ramka-nie-tak-duzo-PERSONALIZACJA.jpg 1000w\" sizes=\"auto, (max-width: 300px) 100vw, 300px\" \/><\/p>\n<p><em>Je\u017celi masz inny pomys\u0142 na personalizacj\u0119 tego produktu i powy\u017csze mo\u017cliwo\u015bci s\u0105 dla Ciebie niewystarczaj\u0105ce, napisz do nas, a wypracujemy takie rozwi\u0105zanie, kt\u00f3re spe\u0142ni Twoje oczekiwania.<\/em><\/p>\n","protected":false},"excerpt":{"rendered":"<p>Drewniana Ramka &#8222;to wcale nie tak du\u017co&#8221; &#8211; zabawny i oryginalny prezent na urodziny. Prezentujemy nasz\u0105 unikaln\u0105 drewnian\u0105 ramk\u0119 jako idealny i pe\u0142en humoru prezent na urodziny dla bliskiej osoby. Je\u015bli zastanawiasz si\u0119 nad oryginalnym pomys\u0142em na prezent, nasza propozycja zapewni u\u015bmiech na twarzy solenizanta i pozostanie w jego pami\u0119ci na d\u0142ugo. Wyra\u017a za jej [&hellip;]<\/p>\n","protected":false},"featured_media":3032,"comment_status":"open","ping_status":"closed","template":"","meta":{"_acf_changed":false},"product_brand":[],"product_cat":[92,96],"product_tag":[54,118,207,59],"class_list":{"0":"post-3041","1":"product","2":"type-product","3":"status-publish","4":"has-post-thumbnail","6":"product_cat-gadzety","7":"product_cat-urodziny-imieniny","8":"product_tag-personalizacja","9":"product_tag-pomysl-na-prezent","10":"product_tag-stj","11":"product_tag-urodziny","13":"first","14":"instock","15":"taxable","16":"shipping-taxable","17":"purchasable","18":"product-type-simple"},"acf":[],"yoast_head":"<!-- This site is optimized with the Yoast SEO plugin v27.5 - https:\/\/yoast.com\/product\/yoast-seo-wordpress\/ -->\n<title>Ramka &quot;to wcale nie tak du\u017co&quot; Prezent na 20 30 40 50 60 70 urodziny - Drewniana Magia<\/title>\n<meta name=\"description\" content=\"Personalizowany prezent urodzinowy z humorem! Drewniana ramka &quot;To wcale nie tak du\u017co&quot; wywo\u0142a u\u015bmiech u ka\u017cdego solenizanta!\" \/>\n<meta name=\"robots\" content=\"index, follow, max-snippet:-1, max-image-preview:large, max-video-preview:-1\" \/>\n<link rel=\"canonical\" href=\"https:\/\/www.drewnianamagia.pl\/index.php\/produkt\/ramka-to-wcale-nie-tak-duzo-prezent-na-20-30-40-50-60-70-urodziny\/\" \/>\n<meta property=\"og:locale\" content=\"pl_PL\" \/>\n<meta property=\"og:type\" content=\"article\" \/>\n<meta property=\"og:title\" content=\"Ramka &quot;to wcale nie tak du\u017co&quot; Prezent na 20 30 40 50 60 70 urodziny - Drewniana Magia\" \/>\n<meta property=\"og:description\" content=\"Personalizowany prezent urodzinowy z humorem! Drewniana ramka &quot;To wcale nie tak du\u017co&quot; wywo\u0142a u\u015bmiech u ka\u017cdego solenizanta!\" \/>\n<meta property=\"og:url\" content=\"https:\/\/www.drewnianamagia.pl\/index.php\/produkt\/ramka-to-wcale-nie-tak-duzo-prezent-na-20-30-40-50-60-70-urodziny\/\" \/>\n<meta property=\"og:site_name\" content=\"Drewniana Magia\" \/>\n<meta property=\"article:publisher\" content=\"https:\/\/facebook.com\/BelasDrewnianaMagia\" \/>\n<meta property=\"article:modified_time\" content=\"2025-08-04T07:26:19+00:00\" \/>\n<meta property=\"og:image\" content=\"https:\/\/www.drewnianamagia.pl\/wp-content\/uploads\/2024\/04\/ramka-nie-tak-duzo-1.jpg\" \/>\n\t<meta property=\"og:image:width\" content=\"1000\" \/>\n\t<meta property=\"og:image:height\" content=\"1000\" \/>\n\t<meta property=\"og:image:type\" content=\"image\/jpeg\" \/>\n<meta name=\"twitter:card\" content=\"summary_large_image\" \/>\n<meta name=\"twitter:label1\" content=\"Szacowany czas czytania\" \/>\n\t<meta name=\"twitter:data1\" content=\"3 minuty\" \/>\n<script type=\"application\/ld+json\" class=\"yoast-schema-graph\">{\"@context\":\"https:\\\/\\\/schema.org\",\"@graph\":[{\"@type\":\"WebPage\",\"@id\":\"https:\\\/\\\/www.drewnianamagia.pl\\\/index.php\\\/produkt\\\/ramka-to-wcale-nie-tak-duzo-prezent-na-20-30-40-50-60-70-urodziny\\\/\",\"url\":\"https:\\\/\\\/www.drewnianamagia.pl\\\/index.php\\\/produkt\\\/ramka-to-wcale-nie-tak-duzo-prezent-na-20-30-40-50-60-70-urodziny\\\/\",\"name\":\"Ramka \\\"to wcale nie tak du\u017co\\\" Prezent na 20 30 40 50 60 70 urodziny - Drewniana Magia\",\"isPartOf\":{\"@id\":\"https:\\\/\\\/www.drewnianamagia.pl\\\/#website\"},\"primaryImageOfPage\":{\"@id\":\"https:\\\/\\\/www.drewnianamagia.pl\\\/index.php\\\/produkt\\\/ramka-to-wcale-nie-tak-duzo-prezent-na-20-30-40-50-60-70-urodziny\\\/#primaryimage\"},\"image\":{\"@id\":\"https:\\\/\\\/www.drewnianamagia.pl\\\/index.php\\\/produkt\\\/ramka-to-wcale-nie-tak-duzo-prezent-na-20-30-40-50-60-70-urodziny\\\/#primaryimage\"},\"thumbnailUrl\":\"https:\\\/\\\/www.drewnianamagia.pl\\\/wp-content\\\/uploads\\\/2024\\\/04\\\/ramka-nie-tak-duzo-1.jpg\",\"datePublished\":\"2024-04-12T12:55:48+00:00\",\"dateModified\":\"2025-08-04T07:26:19+00:00\",\"description\":\"Personalizowany prezent urodzinowy z humorem! Drewniana ramka \\\"To wcale nie tak du\u017co\\\" wywo\u0142a u\u015bmiech u ka\u017cdego solenizanta!\",\"breadcrumb\":{\"@id\":\"https:\\\/\\\/www.drewnianamagia.pl\\\/index.php\\\/produkt\\\/ramka-to-wcale-nie-tak-duzo-prezent-na-20-30-40-50-60-70-urodziny\\\/#breadcrumb\"},\"inLanguage\":\"pl-PL\",\"potentialAction\":[{\"@type\":\"ReadAction\",\"target\":[\"https:\\\/\\\/www.drewnianamagia.pl\\\/index.php\\\/produkt\\\/ramka-to-wcale-nie-tak-duzo-prezent-na-20-30-40-50-60-70-urodziny\\\/\"]}]},{\"@type\":\"ImageObject\",\"inLanguage\":\"pl-PL\",\"@id\":\"https:\\\/\\\/www.drewnianamagia.pl\\\/index.php\\\/produkt\\\/ramka-to-wcale-nie-tak-duzo-prezent-na-20-30-40-50-60-70-urodziny\\\/#primaryimage\",\"url\":\"https:\\\/\\\/www.drewnianamagia.pl\\\/wp-content\\\/uploads\\\/2024\\\/04\\\/ramka-nie-tak-duzo-1.jpg\",\"contentUrl\":\"https:\\\/\\\/www.drewnianamagia.pl\\\/wp-content\\\/uploads\\\/2024\\\/04\\\/ramka-nie-tak-duzo-1.jpg\",\"width\":1000,\"height\":1000,\"caption\":\"ramka - to wcale nie tak du\u017co\"},{\"@type\":\"BreadcrumbList\",\"@id\":\"https:\\\/\\\/www.drewnianamagia.pl\\\/index.php\\\/produkt\\\/ramka-to-wcale-nie-tak-duzo-prezent-na-20-30-40-50-60-70-urodziny\\\/#breadcrumb\",\"itemListElement\":[{\"@type\":\"ListItem\",\"position\":1,\"name\":\"Strona g\u0142\u00f3wna\",\"item\":\"https:\\\/\\\/www.drewnianamagia.pl\\\/\"},{\"@type\":\"ListItem\",\"position\":2,\"name\":\"Sklep\",\"item\":\"https:\\\/\\\/www.drewnianamagia.pl\\\/index.php\\\/sklep-internetowy-drewnianamagia\\\/\"},{\"@type\":\"ListItem\",\"position\":3,\"name\":\"Ramka &#8222;to wcale nie tak du\u017co&#8221; Prezent na 20 30 40 50 60 70 urodziny\"}]},{\"@type\":\"WebSite\",\"@id\":\"https:\\\/\\\/www.drewnianamagia.pl\\\/#website\",\"url\":\"https:\\\/\\\/www.drewnianamagia.pl\\\/\",\"name\":\"Drewniana Magia\",\"description\":\"Personalizowane prezenty i dekoracje z drewna i druku 3D, na ka\u017cd\u0105 okazj\u0119 i okoliczno\u015b\u0107. Urodziny, Chrzest, Przyj\u0119cie, \u015awi\u0119ta, \u015alub\",\"publisher\":{\"@id\":\"https:\\\/\\\/www.drewnianamagia.pl\\\/#organization\"},\"potentialAction\":[{\"@type\":\"SearchAction\",\"target\":{\"@type\":\"EntryPoint\",\"urlTemplate\":\"https:\\\/\\\/www.drewnianamagia.pl\\\/?s={search_term_string}\"},\"query-input\":{\"@type\":\"PropertyValueSpecification\",\"valueRequired\":true,\"valueName\":\"search_term_string\"}}],\"inLanguage\":\"pl-PL\"},{\"@type\":\"Organization\",\"@id\":\"https:\\\/\\\/www.drewnianamagia.pl\\\/#organization\",\"name\":\"Drewniana Magia\",\"url\":\"https:\\\/\\\/www.drewnianamagia.pl\\\/\",\"logo\":{\"@type\":\"ImageObject\",\"inLanguage\":\"pl-PL\",\"@id\":\"https:\\\/\\\/www.drewnianamagia.pl\\\/#\\\/schema\\\/logo\\\/image\\\/\",\"url\":\"https:\\\/\\\/www.drewnianamagia.pl\\\/wp-content\\\/uploads\\\/2024\\\/02\\\/cropped-LOGO-DrewnianaMagia-375x188-1.png\",\"contentUrl\":\"https:\\\/\\\/www.drewnianamagia.pl\\\/wp-content\\\/uploads\\\/2024\\\/02\\\/cropped-LOGO-DrewnianaMagia-375x188-1.png\",\"width\":374,\"height\":188,\"caption\":\"Drewniana Magia\"},\"image\":{\"@id\":\"https:\\\/\\\/www.drewnianamagia.pl\\\/#\\\/schema\\\/logo\\\/image\\\/\"},\"sameAs\":[\"https:\\\/\\\/facebook.com\\\/BelasDrewnianaMagia\"]}]}<\/script>\n<!-- \/ Yoast SEO plugin. -->","yoast_head_json":{"title":"Ramka \"to wcale nie tak du\u017co\" Prezent na 20 30 40 50 60 70 urodziny - Drewniana Magia","description":"Personalizowany prezent urodzinowy z humorem! Drewniana ramka \"To wcale nie tak du\u017co\" wywo\u0142a u\u015bmiech u ka\u017cdego solenizanta!","robots":{"index":"index","follow":"follow","max-snippet":"max-snippet:-1","max-image-preview":"max-image-preview:large","max-video-preview":"max-video-preview:-1"},"canonical":"https:\/\/www.drewnianamagia.pl\/index.php\/produkt\/ramka-to-wcale-nie-tak-duzo-prezent-na-20-30-40-50-60-70-urodziny\/","og_locale":"pl_PL","og_type":"article","og_title":"Ramka \"to wcale nie tak du\u017co\" Prezent na 20 30 40 50 60 70 urodziny - Drewniana Magia","og_description":"Personalizowany prezent urodzinowy z humorem! Drewniana ramka \"To wcale nie tak du\u017co\" wywo\u0142a u\u015bmiech u ka\u017cdego solenizanta!","og_url":"https:\/\/www.drewnianamagia.pl\/index.php\/produkt\/ramka-to-wcale-nie-tak-duzo-prezent-na-20-30-40-50-60-70-urodziny\/","og_site_name":"Drewniana Magia","article_publisher":"https:\/\/facebook.com\/BelasDrewnianaMagia","article_modified_time":"2025-08-04T07:26:19+00:00","og_image":[{"width":1000,"height":1000,"url":"https:\/\/www.drewnianamagia.pl\/wp-content\/uploads\/2024\/04\/ramka-nie-tak-duzo-1.jpg","type":"image\/jpeg"}],"twitter_card":"summary_large_image","twitter_misc":{"Szacowany czas czytania":"3 minuty"},"schema":{"@context":"https:\/\/schema.org","@graph":[{"@type":"WebPage","@id":"https:\/\/www.drewnianamagia.pl\/index.php\/produkt\/ramka-to-wcale-nie-tak-duzo-prezent-na-20-30-40-50-60-70-urodziny\/","url":"https:\/\/www.drewnianamagia.pl\/index.php\/produkt\/ramka-to-wcale-nie-tak-duzo-prezent-na-20-30-40-50-60-70-urodziny\/","name":"Ramka \"to wcale nie tak du\u017co\" Prezent na 20 30 40 50 60 70 urodziny - Drewniana Magia","isPartOf":{"@id":"https:\/\/www.drewnianamagia.pl\/#website"},"primaryImageOfPage":{"@id":"https:\/\/www.drewnianamagia.pl\/index.php\/produkt\/ramka-to-wcale-nie-tak-duzo-prezent-na-20-30-40-50-60-70-urodziny\/#primaryimage"},"image":{"@id":"https:\/\/www.drewnianamagia.pl\/index.php\/produkt\/ramka-to-wcale-nie-tak-duzo-prezent-na-20-30-40-50-60-70-urodziny\/#primaryimage"},"thumbnailUrl":"https:\/\/www.drewnianamagia.pl\/wp-content\/uploads\/2024\/04\/ramka-nie-tak-duzo-1.jpg","datePublished":"2024-04-12T12:55:48+00:00","dateModified":"2025-08-04T07:26:19+00:00","description":"Personalizowany prezent urodzinowy z humorem! Drewniana ramka \"To wcale nie tak du\u017co\" wywo\u0142a u\u015bmiech u ka\u017cdego solenizanta!","breadcrumb":{"@id":"https:\/\/www.drewnianamagia.pl\/index.php\/produkt\/ramka-to-wcale-nie-tak-duzo-prezent-na-20-30-40-50-60-70-urodziny\/#breadcrumb"},"inLanguage":"pl-PL","potentialAction":[{"@type":"ReadAction","target":["https:\/\/www.drewnianamagia.pl\/index.php\/produkt\/ramka-to-wcale-nie-tak-duzo-prezent-na-20-30-40-50-60-70-urodziny\/"]}]},{"@type":"ImageObject","inLanguage":"pl-PL","@id":"https:\/\/www.drewnianamagia.pl\/index.php\/produkt\/ramka-to-wcale-nie-tak-duzo-prezent-na-20-30-40-50-60-70-urodziny\/#primaryimage","url":"https:\/\/www.drewnianamagia.pl\/wp-content\/uploads\/2024\/04\/ramka-nie-tak-duzo-1.jpg","contentUrl":"https:\/\/www.drewnianamagia.pl\/wp-content\/uploads\/2024\/04\/ramka-nie-tak-duzo-1.jpg","width":1000,"height":1000,"caption":"ramka - to wcale nie tak du\u017co"},{"@type":"BreadcrumbList","@id":"https:\/\/www.drewnianamagia.pl\/index.php\/produkt\/ramka-to-wcale-nie-tak-duzo-prezent-na-20-30-40-50-60-70-urodziny\/#breadcrumb","itemListElement":[{"@type":"ListItem","position":1,"name":"Strona g\u0142\u00f3wna","item":"https:\/\/www.drewnianamagia.pl\/"},{"@type":"ListItem","position":2,"name":"Sklep","item":"https:\/\/www.drewnianamagia.pl\/index.php\/sklep-internetowy-drewnianamagia\/"},{"@type":"ListItem","position":3,"name":"Ramka &#8222;to wcale nie tak du\u017co&#8221; Prezent na 20 30 40 50 60 70 urodziny"}]},{"@type":"WebSite","@id":"https:\/\/www.drewnianamagia.pl\/#website","url":"https:\/\/www.drewnianamagia.pl\/","name":"Drewniana Magia","description":"Personalizowane prezenty i dekoracje z drewna i druku 3D, na ka\u017cd\u0105 okazj\u0119 i okoliczno\u015b\u0107. Urodziny, Chrzest, Przyj\u0119cie, \u015awi\u0119ta, \u015alub","publisher":{"@id":"https:\/\/www.drewnianamagia.pl\/#organization"},"potentialAction":[{"@type":"SearchAction","target":{"@type":"EntryPoint","urlTemplate":"https:\/\/www.drewnianamagia.pl\/?s={search_term_string}"},"query-input":{"@type":"PropertyValueSpecification","valueRequired":true,"valueName":"search_term_string"}}],"inLanguage":"pl-PL"},{"@type":"Organization","@id":"https:\/\/www.drewnianamagia.pl\/#organization","name":"Drewniana Magia","url":"https:\/\/www.drewnianamagia.pl\/","logo":{"@type":"ImageObject","inLanguage":"pl-PL","@id":"https:\/\/www.drewnianamagia.pl\/#\/schema\/logo\/image\/","url":"https:\/\/www.drewnianamagia.pl\/wp-content\/uploads\/2024\/02\/cropped-LOGO-DrewnianaMagia-375x188-1.png","contentUrl":"https:\/\/www.drewnianamagia.pl\/wp-content\/uploads\/2024\/02\/cropped-LOGO-DrewnianaMagia-375x188-1.png","width":374,"height":188,"caption":"Drewniana Magia"},"image":{"@id":"https:\/\/www.drewnianamagia.pl\/#\/schema\/logo\/image\/"},"sameAs":["https:\/\/facebook.com\/BelasDrewnianaMagia"]}]}},"_links":{"self":[{"href":"https:\/\/www.drewnianamagia.pl\/index.php\/wp-json\/wp\/v2\/product\/3041","targetHints":{"allow":["GET"]}}],"collection":[{"href":"https:\/\/www.drewnianamagia.pl\/index.php\/wp-json\/wp\/v2\/product"}],"about":[{"href":"https:\/\/www.drewnianamagia.pl\/index.php\/wp-json\/wp\/v2\/types\/product"}],"replies":[{"embeddable":true,"href":"https:\/\/www.drewnianamagia.pl\/index.php\/wp-json\/wp\/v2\/comments?post=3041"}],"wp:featuredmedia":[{"embeddable":true,"href":"https:\/\/www.drewnianamagia.pl\/index.php\/wp-json\/wp\/v2\/media\/3032"}],"wp:attachment":[{"href":"https:\/\/www.drewnianamagia.pl\/index.php\/wp-json\/wp\/v2\/media?parent=3041"}],"wp:term":[{"taxonomy":"product_brand","embeddable":true,"href":"https:\/\/www.drewnianamagia.pl\/index.php\/wp-json\/wp\/v2\/product_brand?post=3041"},{"taxonomy":"product_cat","embeddable":true,"href":"https:\/\/www.drewnianamagia.pl\/index.php\/wp-json\/wp\/v2\/product_cat?post=3041"},{"taxonomy":"product_tag","embeddable":true,"href":"https:\/\/www.drewnianamagia.pl\/index.php\/wp-json\/wp\/v2\/product_tag?post=3041"}],"curies":[{"name":"wp","href":"https:\/\/api.w.org\/{rel}","templated":true}]}}