{"id":3026,"date":"2024-04-11T13:17:50","date_gmt":"2024-04-11T11:17:50","guid":{"rendered":"https:\/\/www.drewnianamagia.pl\/?post_type=product&#038;p=3026"},"modified":"2024-12-13T12:28:07","modified_gmt":"2024-12-13T11:28:07","slug":"kartka-z-zyczeniami-na-i-komunie-swieta-drewniana-z-grawerem","status":"publish","type":"product","link":"https:\/\/www.drewnianamagia.pl\/index.php\/produkt\/kartka-z-zyczeniami-na-i-komunie-swieta-drewniana-z-grawerem\/","title":{"rendered":"Kartka z \u017cyczeniami na I Komuni\u0119 \u015awi\u0119t\u0105 &#8211; drewniana z grawerem"},"content":{"rendered":"<p style=\"text-align: center;\"><strong>Personalizowane \u017cyczenia na Pierwsz\u0105 Komuni\u0119 \u015awi\u0119t\u0105<\/strong><\/p>\n<p>Nasze personalizowane \u017byczenia na Pierwsz\u0105 Komuni\u0119 \u015awi\u0119t\u0105 to wyj\u0105tkowy i elegancki produkt wykonany z drewna, kt\u00f3ry zachwyci obdarowan\u0105 osob\u0119. Zostanie te\u017c pami\u0105tk\u0105 &#8211; znacznie trwalsz\u0105 od standardowych \u017cycze\u0144 papierowych.<\/p>\n<p style=\"text-align: center;\"><img loading=\"lazy\" decoding=\"async\" class=\"aligncenter size-medium wp-image-3025\" src=\"https:\/\/www.drewnianamagia.pl\/wp-content\/uploads\/2024\/04\/Zyczenia-komunia-1-300x300.jpg\" alt=\"Drewniana kartka z \u017cyczeniami - Pierwsza Komunia \u015awi\u0119ta\" width=\"300\" height=\"300\" srcset=\"https:\/\/www.drewnianamagia.pl\/wp-content\/uploads\/2024\/04\/Zyczenia-komunia-1-300x300.jpg 300w, https:\/\/www.drewnianamagia.pl\/wp-content\/uploads\/2024\/04\/Zyczenia-komunia-1-324x324.jpg 324w, https:\/\/www.drewnianamagia.pl\/wp-content\/uploads\/2024\/04\/Zyczenia-komunia-1-100x100.jpg 100w, https:\/\/www.drewnianamagia.pl\/wp-content\/uploads\/2024\/04\/Zyczenia-komunia-1-416x416.jpg 416w, https:\/\/www.drewnianamagia.pl\/wp-content\/uploads\/2024\/04\/Zyczenia-komunia-1-150x150.jpg 150w, https:\/\/www.drewnianamagia.pl\/wp-content\/uploads\/2024\/04\/Zyczenia-komunia-1-768x768.jpg 768w, https:\/\/www.drewnianamagia.pl\/wp-content\/uploads\/2024\/04\/Zyczenia-komunia-1.jpg 1000w\" sizes=\"auto, (max-width: 300px) 100vw, 300px\" \/><\/p>\n<p>&nbsp;<\/p>\n<h4><span style=\"color: #ff0000;\"><strong>Cechy produktu:<\/strong><\/span><\/h4>\n<ul>\n<li>wymiary: 13cm x 13cm,<\/li>\n<li>Personalizowane (mo\u017cliwo\u015b\u0107 edycji proponowanego tekstu oraz dodania dodatkowych),<\/li>\n<li>Wyra\u017any i g\u0142\u0119boki grawer,<\/li>\n<li>R\u0119cznie szlifowane,<\/li>\n<li>Wysoka jako\u015b\u0107 materia\u0142u &#8211; g\u0142adka i jasna sklejka.<\/li>\n<li>szeroko\u015b\u0107 otwor\u00f3w na wst\u0105\u017ck\u0119: 2cm (z mo\u017cliwo\u015bci\u0105 zmiany lub usuni\u0119cia) \/ produkt nie zawiera wst\u0105\u017cki.<\/li>\n<\/ul>\n<h4><span style=\"color: #ff0000;\"><strong>Personalizacja:<\/strong><\/span><\/h4>\n<p>Podczas zakupu podaj niezb\u0119dne dane do personalizacji produktu:<\/p>\n<ul>\n<li><span style=\"color: #ff0000;\">[1]<\/span> <strong>Imi\u0119<\/strong> (lub imi\u0119 i nazwisko) dziecka np.: &#8222;Lilianna&#8221; &#8211; grawerowane na pierwszej stronie.<\/li>\n<li><span style=\"color: #ff0000;\">[2]<\/span> <strong>Dat\u0119<\/strong> (data uroczysto\u015bci) np.: &#8222;12.05.2024&#8221;\u00a0 &#8211; grawerowan\u0105 pod imieniem.<\/li>\n<li><span style=\"color: #ff0000;\">[3]<\/span> <strong>\u017byczenia\u00a0<\/strong> kt\u00f3re mamy wygrawerowa\u0107 w \u015brodku &#8211; grawerowane wewn\u0105trz (nad miejscem na pieni\u0105dze)<\/li>\n<li><span style=\"color: #ff0000;\">[4]<\/span> <strong>Podpis pod \u017cyczeniami<\/strong> &#8211; tekst, kt\u00f3ry wygrawerujemy pod \u017cyczeniami\u00a0 &#8211; grawerowane wewn\u0105trz (pod miejscem na pieni\u0105dze)<\/li>\n<li><span style=\"color: #ff0000;\">[5]<\/span> <strong>Informacj\u0119<\/strong> je\u015bli mamy usun\u0105\u0107 lub zmieni\u0107 szeroko\u015b\u0107 wyci\u0119cia do przewi\u0105zania wst\u0105\u017cki.<\/li>\n<\/ul>\n<p style=\"text-align: center;\"><img loading=\"lazy\" decoding=\"async\" class=\"aligncenter wp-image-3017 size-medium\" src=\"https:\/\/www.drewnianamagia.pl\/wp-content\/uploads\/2024\/04\/zyczenia-komunia-Personalizacja-e1712835801192-300x217.jpg\" alt=\"kartka z \u017cyczeniami - personalizacja\" width=\"300\" height=\"217\" srcset=\"https:\/\/www.drewnianamagia.pl\/wp-content\/uploads\/2024\/04\/zyczenia-komunia-Personalizacja-e1712835801192-300x217.jpg 300w, https:\/\/www.drewnianamagia.pl\/wp-content\/uploads\/2024\/04\/zyczenia-komunia-Personalizacja-e1712835801192-324x234.jpg 324w, https:\/\/www.drewnianamagia.pl\/wp-content\/uploads\/2024\/04\/zyczenia-komunia-Personalizacja-e1712835801192-416x301.jpg 416w, https:\/\/www.drewnianamagia.pl\/wp-content\/uploads\/2024\/04\/zyczenia-komunia-Personalizacja-e1712835801192-768x555.jpg 768w, https:\/\/www.drewnianamagia.pl\/wp-content\/uploads\/2024\/04\/zyczenia-komunia-Personalizacja-e1712835801192.jpg 1000w\" sizes=\"auto, (max-width: 300px) 100vw, 300px\" \/><\/p>\n<p>Ta drewniana kartka z \u017cyczeniami na <strong>Pierwsz\u0105 Komuni\u0119 \u015awi\u0119t\u0105<\/strong> nie tylko przekazuje \u017cyczenia, ale tak\u017ce wzbudza uczucia i wspomnienia, czyni\u0105c t\u0119 uroczysto\u015b\u0107 jeszcze bardziej niezapomnian\u0105 i wyj\u0105tkow\u0105.<\/p>\n<p><strong>Oferta dotyczy 1 szt &#8211; drewniana kartka z \u017cyczeniami.<\/strong><\/p>\n<p>Banknoty i wst\u0105\u017cka widoczne na zdj\u0119ciach nie znajduj\u0105 si\u0119 w zestawie.<\/p>\n","protected":false},"excerpt":{"rendered":"<p>Personalizowane \u017cyczenia na Pierwsz\u0105 Komuni\u0119 \u015awi\u0119t\u0105 Nasze personalizowane \u017byczenia na Pierwsz\u0105 Komuni\u0119 \u015awi\u0119t\u0105 to wyj\u0105tkowy i elegancki produkt wykonany z drewna, kt\u00f3ry zachwyci obdarowan\u0105 osob\u0119. Zostanie te\u017c pami\u0105tk\u0105 &#8211; znacznie trwalsz\u0105 od standardowych \u017cycze\u0144 papierowych. &nbsp; Cechy produktu: wymiary: 13cm x 13cm, Personalizowane (mo\u017cliwo\u015b\u0107 edycji proponowanego tekstu oraz dodania dodatkowych), Wyra\u017any i g\u0142\u0119boki grawer, R\u0119cznie [&hellip;]<\/p>\n","protected":false},"featured_media":3025,"comment_status":"open","ping_status":"closed","template":"","meta":{"_acf_changed":false},"product_brand":[],"product_cat":[97],"product_tag":[36,54,64],"class_list":{"0":"post-3026","1":"product","2":"type-product","3":"status-publish","4":"has-post-thumbnail","6":"product_cat-chrzest-komunia","7":"product_tag-kartka-z-zyczeniami","8":"product_tag-personalizacja","9":"product_tag-zyczenia","11":"first","12":"instock","13":"taxable","14":"shipping-taxable","15":"purchasable","16":"product-type-simple"},"acf":[],"yoast_head":"<!-- This site is optimized with the Yoast SEO plugin v27.5 - https:\/\/yoast.com\/product\/yoast-seo-wordpress\/ -->\n<title>Kartka z \u017cyczeniami na I Komuni\u0119 \u015awi\u0119t\u0105 - drewniana z grawerem - Drewniana Magia<\/title>\n<meta name=\"description\" content=\"Personalizowana sk\u0142adana drewniana kartka z \u017cyczeniami na Pierwsz\u0105 Komunie \u015awi\u0119t\u0105. Z miejscem wewn\u0105trz na przewi\u0105zanie wst\u0105\u017cki i umieszczenie pieni\u0119dzy.\" \/>\n<meta name=\"robots\" content=\"index, follow, max-snippet:-1, max-image-preview:large, max-video-preview:-1\" \/>\n<link rel=\"canonical\" href=\"https:\/\/www.drewnianamagia.pl\/index.php\/produkt\/kartka-z-zyczeniami-na-i-komunie-swieta-drewniana-z-grawerem\/\" \/>\n<meta property=\"og:locale\" content=\"pl_PL\" \/>\n<meta property=\"og:type\" content=\"article\" \/>\n<meta property=\"og:title\" content=\"Kartka z \u017cyczeniami na I Komuni\u0119 \u015awi\u0119t\u0105 - drewniana z grawerem - Drewniana Magia\" \/>\n<meta property=\"og:description\" content=\"Personalizowana sk\u0142adana drewniana kartka z \u017cyczeniami na Pierwsz\u0105 Komunie \u015awi\u0119t\u0105. Z miejscem wewn\u0105trz na przewi\u0105zanie wst\u0105\u017cki i umieszczenie pieni\u0119dzy.\" \/>\n<meta property=\"og:url\" content=\"https:\/\/www.drewnianamagia.pl\/index.php\/produkt\/kartka-z-zyczeniami-na-i-komunie-swieta-drewniana-z-grawerem\/\" \/>\n<meta property=\"og:site_name\" content=\"Drewniana Magia\" \/>\n<meta property=\"article:publisher\" content=\"https:\/\/facebook.com\/BelasDrewnianaMagia\" \/>\n<meta property=\"article:modified_time\" content=\"2024-12-13T11:28:07+00:00\" \/>\n<meta property=\"og:image\" content=\"https:\/\/www.drewnianamagia.pl\/wp-content\/uploads\/2024\/04\/Zyczenia-komunia-1.jpg\" \/>\n\t<meta property=\"og:image:width\" content=\"1000\" \/>\n\t<meta property=\"og:image:height\" content=\"1000\" \/>\n\t<meta property=\"og:image:type\" content=\"image\/jpeg\" \/>\n<meta name=\"twitter:card\" content=\"summary_large_image\" \/>\n<meta name=\"twitter:label1\" content=\"Szacowany czas czytania\" \/>\n\t<meta name=\"twitter:data1\" content=\"2 minuty\" \/>\n<script type=\"application\/ld+json\" class=\"yoast-schema-graph\">{\"@context\":\"https:\\\/\\\/schema.org\",\"@graph\":[{\"@type\":\"WebPage\",\"@id\":\"https:\\\/\\\/www.drewnianamagia.pl\\\/index.php\\\/produkt\\\/kartka-z-zyczeniami-na-i-komunie-swieta-drewniana-z-grawerem\\\/\",\"url\":\"https:\\\/\\\/www.drewnianamagia.pl\\\/index.php\\\/produkt\\\/kartka-z-zyczeniami-na-i-komunie-swieta-drewniana-z-grawerem\\\/\",\"name\":\"Kartka z \u017cyczeniami na I Komuni\u0119 \u015awi\u0119t\u0105 - drewniana z grawerem - Drewniana Magia\",\"isPartOf\":{\"@id\":\"https:\\\/\\\/www.drewnianamagia.pl\\\/#website\"},\"primaryImageOfPage\":{\"@id\":\"https:\\\/\\\/www.drewnianamagia.pl\\\/index.php\\\/produkt\\\/kartka-z-zyczeniami-na-i-komunie-swieta-drewniana-z-grawerem\\\/#primaryimage\"},\"image\":{\"@id\":\"https:\\\/\\\/www.drewnianamagia.pl\\\/index.php\\\/produkt\\\/kartka-z-zyczeniami-na-i-komunie-swieta-drewniana-z-grawerem\\\/#primaryimage\"},\"thumbnailUrl\":\"https:\\\/\\\/www.drewnianamagia.pl\\\/wp-content\\\/uploads\\\/2024\\\/04\\\/Zyczenia-komunia-1.jpg\",\"datePublished\":\"2024-04-11T11:17:50+00:00\",\"dateModified\":\"2024-12-13T11:28:07+00:00\",\"description\":\"Personalizowana sk\u0142adana drewniana kartka z \u017cyczeniami na Pierwsz\u0105 Komunie \u015awi\u0119t\u0105. Z miejscem wewn\u0105trz na przewi\u0105zanie wst\u0105\u017cki i umieszczenie pieni\u0119dzy.\",\"breadcrumb\":{\"@id\":\"https:\\\/\\\/www.drewnianamagia.pl\\\/index.php\\\/produkt\\\/kartka-z-zyczeniami-na-i-komunie-swieta-drewniana-z-grawerem\\\/#breadcrumb\"},\"inLanguage\":\"pl-PL\",\"potentialAction\":[{\"@type\":\"ReadAction\",\"target\":[\"https:\\\/\\\/www.drewnianamagia.pl\\\/index.php\\\/produkt\\\/kartka-z-zyczeniami-na-i-komunie-swieta-drewniana-z-grawerem\\\/\"]}]},{\"@type\":\"ImageObject\",\"inLanguage\":\"pl-PL\",\"@id\":\"https:\\\/\\\/www.drewnianamagia.pl\\\/index.php\\\/produkt\\\/kartka-z-zyczeniami-na-i-komunie-swieta-drewniana-z-grawerem\\\/#primaryimage\",\"url\":\"https:\\\/\\\/www.drewnianamagia.pl\\\/wp-content\\\/uploads\\\/2024\\\/04\\\/Zyczenia-komunia-1.jpg\",\"contentUrl\":\"https:\\\/\\\/www.drewnianamagia.pl\\\/wp-content\\\/uploads\\\/2024\\\/04\\\/Zyczenia-komunia-1.jpg\",\"width\":1000,\"height\":1000,\"caption\":\"Drewniana kartka z \u017cyczeniami - Pierwsza Komunia \u015awi\u0119ta\"},{\"@type\":\"BreadcrumbList\",\"@id\":\"https:\\\/\\\/www.drewnianamagia.pl\\\/index.php\\\/produkt\\\/kartka-z-zyczeniami-na-i-komunie-swieta-drewniana-z-grawerem\\\/#breadcrumb\",\"itemListElement\":[{\"@type\":\"ListItem\",\"position\":1,\"name\":\"Strona g\u0142\u00f3wna\",\"item\":\"https:\\\/\\\/www.drewnianamagia.pl\\\/\"},{\"@type\":\"ListItem\",\"position\":2,\"name\":\"Sklep\",\"item\":\"https:\\\/\\\/www.drewnianamagia.pl\\\/index.php\\\/sklep-internetowy-drewnianamagia\\\/\"},{\"@type\":\"ListItem\",\"position\":3,\"name\":\"Kartka z \u017cyczeniami na I Komuni\u0119 \u015awi\u0119t\u0105 &#8211; drewniana z grawerem\"}]},{\"@type\":\"WebSite\",\"@id\":\"https:\\\/\\\/www.drewnianamagia.pl\\\/#website\",\"url\":\"https:\\\/\\\/www.drewnianamagia.pl\\\/\",\"name\":\"Drewniana Magia\",\"description\":\"Personalizowane prezenty i dekoracje z drewna i druku 3D, na ka\u017cd\u0105 okazj\u0119 i okoliczno\u015b\u0107. Urodziny, Chrzest, Przyj\u0119cie, \u015awi\u0119ta, \u015alub\",\"publisher\":{\"@id\":\"https:\\\/\\\/www.drewnianamagia.pl\\\/#organization\"},\"potentialAction\":[{\"@type\":\"SearchAction\",\"target\":{\"@type\":\"EntryPoint\",\"urlTemplate\":\"https:\\\/\\\/www.drewnianamagia.pl\\\/?s={search_term_string}\"},\"query-input\":{\"@type\":\"PropertyValueSpecification\",\"valueRequired\":true,\"valueName\":\"search_term_string\"}}],\"inLanguage\":\"pl-PL\"},{\"@type\":\"Organization\",\"@id\":\"https:\\\/\\\/www.drewnianamagia.pl\\\/#organization\",\"name\":\"Drewniana Magia\",\"url\":\"https:\\\/\\\/www.drewnianamagia.pl\\\/\",\"logo\":{\"@type\":\"ImageObject\",\"inLanguage\":\"pl-PL\",\"@id\":\"https:\\\/\\\/www.drewnianamagia.pl\\\/#\\\/schema\\\/logo\\\/image\\\/\",\"url\":\"https:\\\/\\\/www.drewnianamagia.pl\\\/wp-content\\\/uploads\\\/2024\\\/02\\\/cropped-LOGO-DrewnianaMagia-375x188-1.png\",\"contentUrl\":\"https:\\\/\\\/www.drewnianamagia.pl\\\/wp-content\\\/uploads\\\/2024\\\/02\\\/cropped-LOGO-DrewnianaMagia-375x188-1.png\",\"width\":374,\"height\":188,\"caption\":\"Drewniana Magia\"},\"image\":{\"@id\":\"https:\\\/\\\/www.drewnianamagia.pl\\\/#\\\/schema\\\/logo\\\/image\\\/\"},\"sameAs\":[\"https:\\\/\\\/facebook.com\\\/BelasDrewnianaMagia\"]}]}<\/script>\n<!-- \/ Yoast SEO plugin. -->","yoast_head_json":{"title":"Kartka z \u017cyczeniami na I Komuni\u0119 \u015awi\u0119t\u0105 - drewniana z grawerem - Drewniana Magia","description":"Personalizowana sk\u0142adana drewniana kartka z \u017cyczeniami na Pierwsz\u0105 Komunie \u015awi\u0119t\u0105. Z miejscem wewn\u0105trz na przewi\u0105zanie wst\u0105\u017cki i umieszczenie pieni\u0119dzy.","robots":{"index":"index","follow":"follow","max-snippet":"max-snippet:-1","max-image-preview":"max-image-preview:large","max-video-preview":"max-video-preview:-1"},"canonical":"https:\/\/www.drewnianamagia.pl\/index.php\/produkt\/kartka-z-zyczeniami-na-i-komunie-swieta-drewniana-z-grawerem\/","og_locale":"pl_PL","og_type":"article","og_title":"Kartka z \u017cyczeniami na I Komuni\u0119 \u015awi\u0119t\u0105 - drewniana z grawerem - Drewniana Magia","og_description":"Personalizowana sk\u0142adana drewniana kartka z \u017cyczeniami na Pierwsz\u0105 Komunie \u015awi\u0119t\u0105. Z miejscem wewn\u0105trz na przewi\u0105zanie wst\u0105\u017cki i umieszczenie pieni\u0119dzy.","og_url":"https:\/\/www.drewnianamagia.pl\/index.php\/produkt\/kartka-z-zyczeniami-na-i-komunie-swieta-drewniana-z-grawerem\/","og_site_name":"Drewniana Magia","article_publisher":"https:\/\/facebook.com\/BelasDrewnianaMagia","article_modified_time":"2024-12-13T11:28:07+00:00","og_image":[{"width":1000,"height":1000,"url":"https:\/\/www.drewnianamagia.pl\/wp-content\/uploads\/2024\/04\/Zyczenia-komunia-1.jpg","type":"image\/jpeg"}],"twitter_card":"summary_large_image","twitter_misc":{"Szacowany czas czytania":"2 minuty"},"schema":{"@context":"https:\/\/schema.org","@graph":[{"@type":"WebPage","@id":"https:\/\/www.drewnianamagia.pl\/index.php\/produkt\/kartka-z-zyczeniami-na-i-komunie-swieta-drewniana-z-grawerem\/","url":"https:\/\/www.drewnianamagia.pl\/index.php\/produkt\/kartka-z-zyczeniami-na-i-komunie-swieta-drewniana-z-grawerem\/","name":"Kartka z \u017cyczeniami na I Komuni\u0119 \u015awi\u0119t\u0105 - drewniana z grawerem - Drewniana Magia","isPartOf":{"@id":"https:\/\/www.drewnianamagia.pl\/#website"},"primaryImageOfPage":{"@id":"https:\/\/www.drewnianamagia.pl\/index.php\/produkt\/kartka-z-zyczeniami-na-i-komunie-swieta-drewniana-z-grawerem\/#primaryimage"},"image":{"@id":"https:\/\/www.drewnianamagia.pl\/index.php\/produkt\/kartka-z-zyczeniami-na-i-komunie-swieta-drewniana-z-grawerem\/#primaryimage"},"thumbnailUrl":"https:\/\/www.drewnianamagia.pl\/wp-content\/uploads\/2024\/04\/Zyczenia-komunia-1.jpg","datePublished":"2024-04-11T11:17:50+00:00","dateModified":"2024-12-13T11:28:07+00:00","description":"Personalizowana sk\u0142adana drewniana kartka z \u017cyczeniami na Pierwsz\u0105 Komunie \u015awi\u0119t\u0105. Z miejscem wewn\u0105trz na przewi\u0105zanie wst\u0105\u017cki i umieszczenie pieni\u0119dzy.","breadcrumb":{"@id":"https:\/\/www.drewnianamagia.pl\/index.php\/produkt\/kartka-z-zyczeniami-na-i-komunie-swieta-drewniana-z-grawerem\/#breadcrumb"},"inLanguage":"pl-PL","potentialAction":[{"@type":"ReadAction","target":["https:\/\/www.drewnianamagia.pl\/index.php\/produkt\/kartka-z-zyczeniami-na-i-komunie-swieta-drewniana-z-grawerem\/"]}]},{"@type":"ImageObject","inLanguage":"pl-PL","@id":"https:\/\/www.drewnianamagia.pl\/index.php\/produkt\/kartka-z-zyczeniami-na-i-komunie-swieta-drewniana-z-grawerem\/#primaryimage","url":"https:\/\/www.drewnianamagia.pl\/wp-content\/uploads\/2024\/04\/Zyczenia-komunia-1.jpg","contentUrl":"https:\/\/www.drewnianamagia.pl\/wp-content\/uploads\/2024\/04\/Zyczenia-komunia-1.jpg","width":1000,"height":1000,"caption":"Drewniana kartka z \u017cyczeniami - Pierwsza Komunia \u015awi\u0119ta"},{"@type":"BreadcrumbList","@id":"https:\/\/www.drewnianamagia.pl\/index.php\/produkt\/kartka-z-zyczeniami-na-i-komunie-swieta-drewniana-z-grawerem\/#breadcrumb","itemListElement":[{"@type":"ListItem","position":1,"name":"Strona g\u0142\u00f3wna","item":"https:\/\/www.drewnianamagia.pl\/"},{"@type":"ListItem","position":2,"name":"Sklep","item":"https:\/\/www.drewnianamagia.pl\/index.php\/sklep-internetowy-drewnianamagia\/"},{"@type":"ListItem","position":3,"name":"Kartka z \u017cyczeniami na I Komuni\u0119 \u015awi\u0119t\u0105 &#8211; drewniana z grawerem"}]},{"@type":"WebSite","@id":"https:\/\/www.drewnianamagia.pl\/#website","url":"https:\/\/www.drewnianamagia.pl\/","name":"Drewniana Magia","description":"Personalizowane prezenty i dekoracje z drewna i druku 3D, na ka\u017cd\u0105 okazj\u0119 i okoliczno\u015b\u0107. Urodziny, Chrzest, Przyj\u0119cie, \u015awi\u0119ta, \u015alub","publisher":{"@id":"https:\/\/www.drewnianamagia.pl\/#organization"},"potentialAction":[{"@type":"SearchAction","target":{"@type":"EntryPoint","urlTemplate":"https:\/\/www.drewnianamagia.pl\/?s={search_term_string}"},"query-input":{"@type":"PropertyValueSpecification","valueRequired":true,"valueName":"search_term_string"}}],"inLanguage":"pl-PL"},{"@type":"Organization","@id":"https:\/\/www.drewnianamagia.pl\/#organization","name":"Drewniana Magia","url":"https:\/\/www.drewnianamagia.pl\/","logo":{"@type":"ImageObject","inLanguage":"pl-PL","@id":"https:\/\/www.drewnianamagia.pl\/#\/schema\/logo\/image\/","url":"https:\/\/www.drewnianamagia.pl\/wp-content\/uploads\/2024\/02\/cropped-LOGO-DrewnianaMagia-375x188-1.png","contentUrl":"https:\/\/www.drewnianamagia.pl\/wp-content\/uploads\/2024\/02\/cropped-LOGO-DrewnianaMagia-375x188-1.png","width":374,"height":188,"caption":"Drewniana Magia"},"image":{"@id":"https:\/\/www.drewnianamagia.pl\/#\/schema\/logo\/image\/"},"sameAs":["https:\/\/facebook.com\/BelasDrewnianaMagia"]}]}},"_links":{"self":[{"href":"https:\/\/www.drewnianamagia.pl\/index.php\/wp-json\/wp\/v2\/product\/3026","targetHints":{"allow":["GET"]}}],"collection":[{"href":"https:\/\/www.drewnianamagia.pl\/index.php\/wp-json\/wp\/v2\/product"}],"about":[{"href":"https:\/\/www.drewnianamagia.pl\/index.php\/wp-json\/wp\/v2\/types\/product"}],"replies":[{"embeddable":true,"href":"https:\/\/www.drewnianamagia.pl\/index.php\/wp-json\/wp\/v2\/comments?post=3026"}],"wp:featuredmedia":[{"embeddable":true,"href":"https:\/\/www.drewnianamagia.pl\/index.php\/wp-json\/wp\/v2\/media\/3025"}],"wp:attachment":[{"href":"https:\/\/www.drewnianamagia.pl\/index.php\/wp-json\/wp\/v2\/media?parent=3026"}],"wp:term":[{"taxonomy":"product_brand","embeddable":true,"href":"https:\/\/www.drewnianamagia.pl\/index.php\/wp-json\/wp\/v2\/product_brand?post=3026"},{"taxonomy":"product_cat","embeddable":true,"href":"https:\/\/www.drewnianamagia.pl\/index.php\/wp-json\/wp\/v2\/product_cat?post=3026"},{"taxonomy":"product_tag","embeddable":true,"href":"https:\/\/www.drewnianamagia.pl\/index.php\/wp-json\/wp\/v2\/product_tag?post=3026"}],"curies":[{"name":"wp","href":"https:\/\/api.w.org\/{rel}","templated":true}]}}